{"id":4794,"date":"2022-02-20T16:06:08","date_gmt":"2022-02-20T16:06:08","guid":{"rendered":"https:\/\/medicinasinc.com\/da\/?post_type=product&#038;p=4794"},"modified":"2022-03-20T00:51:12","modified_gmt":"2022-03-20T00:51:12","slug":"kob-nyc-diesel-budder-overste-hylde","status":"publish","type":"product","link":"https:\/\/medicinasinc.com\/da\/product\/kob-nyc-diesel-budder-overste-hylde\/","title":{"rendered":"K\u00f8b NYC Diesel Budder \u2013 \u00f8verste hylde"},"content":{"rendered":"<p>K\u00f8b New York City Diesel Budder \u2013 \u00f8verste hylde<\/p>\n<p>NYC Diesel er en 60 % Sativa-stamme, der er en krydsning mellem mexicansk og afghansk landrace-genetik. Den dufter kraftigt af syrlige grapefrugter og syrlige citrusfrugter. NYC Diesel er en fremragende belastning i dagtimerne p\u00e5 grund af dens h\u00f8je cerebrale stimulering, som fremmer mental klarhed og \u00e5rv\u00e5genhed. Ud over dens energigivende effekter l\u00f8fter NYC Diesel hum\u00f8ret og stimulerer kreativiteten, hvilket g\u00f8r det til en effektiv behandling af depression. Over tid inducerer virkningerne af denne stamme en mild tilstand af afslapning i kroppen, som ikke resulterer i s\u00f8vnighed, men kan stimulere appetitten hos nogle brugere. Den mest effektive brug af NYC Diesel er til behandling af angst\/social angst, depression, kroniske smerter, tab af appetit og d\u00e5rligt hum\u00f8r.<\/p>\n","protected":false},"excerpt":{"rendered":"<p>K\u00f8b NYC Diesel Budderl &#8211; En krydsning mellem mexicanske og afghanske landracer, denne 60 procent Sativa-dominerende stamme er nu tilg\u00e6ngelig til den bedste pris.<\/p>\n<ul>\n<li>Verdensomsp\u00e6ndende forsendelse<\/li>\n<li><strong>Et koncentrat best\u00e5ende af 97 -99 % THC<\/strong><\/li>\n<li><strong>99 % ren THC-A<\/strong><\/li>\n<li><strong>Kontakt os<\/strong>\u00a0for st\u00f8rre ordrer<\/li>\n<\/ul>\n","protected":false},"featured_media":4807,"comment_status":"open","ping_status":"closed","template":"","meta":[],"product_brand":[],"product_cat":[702],"product_tag":[],"class_list":{"0":"post-4794","1":"product","2":"type-product","3":"status-publish","4":"has-post-thumbnail","6":"product_cat-kb-cannabis-voks","8":"first","9":"instock","10":"shipping-taxable","11":"purchasable","12":"product-type-variable","13":"has-default-attributes"},"yoast_head":"<!-- This site is optimized with the Yoast SEO plugin v27.3 - https:\/\/yoast.com\/product\/yoast-seo-wordpress\/ -->\n<title>K\u00f8b NYC Diesel Budder \u2013 \u00f8verste hylde \u2013 bedste bedste globale medicin<\/title>\n<meta name=\"description\" content=\"K\u00f8b NYC Diesel Budderl - En krydsning mellem mexicanske og afghanske landracer, er en 60% Sativa-dominerende stamme, nu tilg\u00e6ngelig til salg til den bedste pris.\" \/>\n<meta name=\"robots\" content=\"index, follow, max-snippet:-1, max-image-preview:large, max-video-preview:-1\" \/>\n<link rel=\"canonical\" href=\"https:\/\/medicinasinc.com\/da\/product\/kob-nyc-diesel-budder-overste-hylde\/\" \/>\n<meta property=\"og:locale\" content=\"en_US\" \/>\n<meta property=\"og:type\" content=\"article\" \/>\n<meta property=\"og:title\" content=\"K\u00f8b NYC Diesel Budder \u2013 \u00f8verste hylde \u2013 bedste bedste globale medicin\" \/>\n<meta property=\"og:description\" content=\"K\u00f8b NYC Diesel Budderl - En krydsning mellem mexicanske og afghanske landracer, er en 60% Sativa-dominerende stamme, nu tilg\u00e6ngelig til salg til den bedste pris.\" \/>\n<meta property=\"og:url\" content=\"https:\/\/medicinasinc.com\/da\/product\/kob-nyc-diesel-budder-overste-hylde\/\" \/>\n<meta property=\"og:site_name\" content=\"Medicinas Inc\" \/>\n<meta property=\"article:modified_time\" content=\"2022-03-20T00:51:12+00:00\" \/>\n<meta property=\"og:image\" content=\"https:\/\/medicinasinc.com\/da\/wp-content\/uploads\/sites\/8\/2022\/02\/Buy-NYC-Diesel-Budder..jpg\" \/>\n\t<meta property=\"og:image:width\" content=\"600\" \/>\n\t<meta property=\"og:image:height\" content=\"600\" \/>\n\t<meta property=\"og:image:type\" content=\"image\/jpeg\" \/>\n<meta name=\"twitter:card\" content=\"summary_large_image\" \/>\n<meta name=\"twitter:label1\" content=\"Est. reading time\" \/>\n\t<meta name=\"twitter:data1\" content=\"1 minute\" \/>\n<script type=\"application\/ld+json\" class=\"yoast-schema-graph\">{\"@context\":\"https:\\\/\\\/schema.org\",\"@graph\":[{\"@type\":\"WebPage\",\"@id\":\"https:\\\/\\\/medicinasinc.com\\\/da\\\/product\\\/kob-nyc-diesel-budder-overste-hylde\\\/\",\"url\":\"https:\\\/\\\/medicinasinc.com\\\/da\\\/product\\\/kob-nyc-diesel-budder-overste-hylde\\\/\",\"name\":\"K\u00f8b NYC Diesel Budder \u2013 \u00f8verste hylde \u2013 bedste bedste globale medicin\",\"isPartOf\":{\"@id\":\"https:\\\/\\\/medicinasinc.com\\\/da\\\/#website\"},\"primaryImageOfPage\":{\"@id\":\"https:\\\/\\\/medicinasinc.com\\\/da\\\/product\\\/kob-nyc-diesel-budder-overste-hylde\\\/#primaryimage\"},\"image\":{\"@id\":\"https:\\\/\\\/medicinasinc.com\\\/da\\\/product\\\/kob-nyc-diesel-budder-overste-hylde\\\/#primaryimage\"},\"thumbnailUrl\":\"https:\\\/\\\/medicinasinc.com\\\/da\\\/wp-content\\\/uploads\\\/sites\\\/8\\\/2022\\\/02\\\/Buy-NYC-Diesel-Budder..jpg\",\"datePublished\":\"2022-02-20T16:06:08+00:00\",\"dateModified\":\"2022-03-20T00:51:12+00:00\",\"description\":\"K\u00f8b NYC Diesel Budderl - En krydsning mellem mexicanske og afghanske landracer, er en 60% Sativa-dominerende stamme, nu tilg\u00e6ngelig til salg til den bedste pris.\",\"breadcrumb\":{\"@id\":\"https:\\\/\\\/medicinasinc.com\\\/da\\\/product\\\/kob-nyc-diesel-budder-overste-hylde\\\/#breadcrumb\"},\"inLanguage\":\"en-US\",\"potentialAction\":[{\"@type\":\"ReadAction\",\"target\":[\"https:\\\/\\\/medicinasinc.com\\\/da\\\/product\\\/kob-nyc-diesel-budder-overste-hylde\\\/\"]}]},{\"@type\":\"ImageObject\",\"inLanguage\":\"en-US\",\"@id\":\"https:\\\/\\\/medicinasinc.com\\\/da\\\/product\\\/kob-nyc-diesel-budder-overste-hylde\\\/#primaryimage\",\"url\":\"https:\\\/\\\/medicinasinc.com\\\/da\\\/wp-content\\\/uploads\\\/sites\\\/8\\\/2022\\\/02\\\/Buy-NYC-Diesel-Budder..jpg\",\"contentUrl\":\"https:\\\/\\\/medicinasinc.com\\\/da\\\/wp-content\\\/uploads\\\/sites\\\/8\\\/2022\\\/02\\\/Buy-NYC-Diesel-Budder..jpg\",\"width\":600,\"height\":600},{\"@type\":\"BreadcrumbList\",\"@id\":\"https:\\\/\\\/medicinasinc.com\\\/da\\\/product\\\/kob-nyc-diesel-budder-overste-hylde\\\/#breadcrumb\",\"itemListElement\":[{\"@type\":\"ListItem\",\"position\":1,\"name\":\"Butik\",\"item\":\"https:\\\/\\\/medicinasinc.com\\\/da\\\/butik\\\/\"},{\"@type\":\"ListItem\",\"position\":2,\"name\":\"K\u00f8b NYC Diesel Budder \u2013 \u00f8verste hylde\"}]},{\"@type\":\"WebSite\",\"@id\":\"https:\\\/\\\/medicinasinc.com\\\/da\\\/#website\",\"url\":\"https:\\\/\\\/medicinasinc.com\\\/da\\\/\",\"name\":\"Medicinas Inc\",\"description\":\"Health Medical Clinic\",\"potentialAction\":[{\"@type\":\"SearchAction\",\"target\":{\"@type\":\"EntryPoint\",\"urlTemplate\":\"https:\\\/\\\/medicinasinc.com\\\/da\\\/?s={search_term_string}\"},\"query-input\":{\"@type\":\"PropertyValueSpecification\",\"valueRequired\":true,\"valueName\":\"search_term_string\"}}],\"inLanguage\":\"en-US\"}]}<\/script>\n<!-- \/ Yoast SEO plugin. -->","yoast_head_json":{"title":"K\u00f8b NYC Diesel Budder \u2013 \u00f8verste hylde \u2013 bedste bedste globale medicin","description":"K\u00f8b NYC Diesel Budderl - En krydsning mellem mexicanske og afghanske landracer, er en 60% Sativa-dominerende stamme, nu tilg\u00e6ngelig til salg til den bedste pris.","robots":{"index":"index","follow":"follow","max-snippet":"max-snippet:-1","max-image-preview":"max-image-preview:large","max-video-preview":"max-video-preview:-1"},"canonical":"https:\/\/medicinasinc.com\/da\/product\/kob-nyc-diesel-budder-overste-hylde\/","og_locale":"en_US","og_type":"article","og_title":"K\u00f8b NYC Diesel Budder \u2013 \u00f8verste hylde \u2013 bedste bedste globale medicin","og_description":"K\u00f8b NYC Diesel Budderl - En krydsning mellem mexicanske og afghanske landracer, er en 60% Sativa-dominerende stamme, nu tilg\u00e6ngelig til salg til den bedste pris.","og_url":"https:\/\/medicinasinc.com\/da\/product\/kob-nyc-diesel-budder-overste-hylde\/","og_site_name":"Medicinas Inc","article_modified_time":"2022-03-20T00:51:12+00:00","og_image":[{"width":600,"height":600,"url":"https:\/\/medicinasinc.com\/da\/wp-content\/uploads\/sites\/8\/2022\/02\/Buy-NYC-Diesel-Budder..jpg","type":"image\/jpeg"}],"twitter_card":"summary_large_image","twitter_misc":{"Est. reading time":"1 minute"},"schema":{"@context":"https:\/\/schema.org","@graph":[{"@type":"WebPage","@id":"https:\/\/medicinasinc.com\/da\/product\/kob-nyc-diesel-budder-overste-hylde\/","url":"https:\/\/medicinasinc.com\/da\/product\/kob-nyc-diesel-budder-overste-hylde\/","name":"K\u00f8b NYC Diesel Budder \u2013 \u00f8verste hylde \u2013 bedste bedste globale medicin","isPartOf":{"@id":"https:\/\/medicinasinc.com\/da\/#website"},"primaryImageOfPage":{"@id":"https:\/\/medicinasinc.com\/da\/product\/kob-nyc-diesel-budder-overste-hylde\/#primaryimage"},"image":{"@id":"https:\/\/medicinasinc.com\/da\/product\/kob-nyc-diesel-budder-overste-hylde\/#primaryimage"},"thumbnailUrl":"https:\/\/medicinasinc.com\/da\/wp-content\/uploads\/sites\/8\/2022\/02\/Buy-NYC-Diesel-Budder..jpg","datePublished":"2022-02-20T16:06:08+00:00","dateModified":"2022-03-20T00:51:12+00:00","description":"K\u00f8b NYC Diesel Budderl - En krydsning mellem mexicanske og afghanske landracer, er en 60% Sativa-dominerende stamme, nu tilg\u00e6ngelig til salg til den bedste pris.","breadcrumb":{"@id":"https:\/\/medicinasinc.com\/da\/product\/kob-nyc-diesel-budder-overste-hylde\/#breadcrumb"},"inLanguage":"en-US","potentialAction":[{"@type":"ReadAction","target":["https:\/\/medicinasinc.com\/da\/product\/kob-nyc-diesel-budder-overste-hylde\/"]}]},{"@type":"ImageObject","inLanguage":"en-US","@id":"https:\/\/medicinasinc.com\/da\/product\/kob-nyc-diesel-budder-overste-hylde\/#primaryimage","url":"https:\/\/medicinasinc.com\/da\/wp-content\/uploads\/sites\/8\/2022\/02\/Buy-NYC-Diesel-Budder..jpg","contentUrl":"https:\/\/medicinasinc.com\/da\/wp-content\/uploads\/sites\/8\/2022\/02\/Buy-NYC-Diesel-Budder..jpg","width":600,"height":600},{"@type":"BreadcrumbList","@id":"https:\/\/medicinasinc.com\/da\/product\/kob-nyc-diesel-budder-overste-hylde\/#breadcrumb","itemListElement":[{"@type":"ListItem","position":1,"name":"Butik","item":"https:\/\/medicinasinc.com\/da\/butik\/"},{"@type":"ListItem","position":2,"name":"K\u00f8b NYC Diesel Budder \u2013 \u00f8verste hylde"}]},{"@type":"WebSite","@id":"https:\/\/medicinasinc.com\/da\/#website","url":"https:\/\/medicinasinc.com\/da\/","name":"Medicinas Inc","description":"Health Medical Clinic","potentialAction":[{"@type":"SearchAction","target":{"@type":"EntryPoint","urlTemplate":"https:\/\/medicinasinc.com\/da\/?s={search_term_string}"},"query-input":{"@type":"PropertyValueSpecification","valueRequired":true,"valueName":"search_term_string"}}],"inLanguage":"en-US"}]}},"_links":{"self":[{"href":"https:\/\/medicinasinc.com\/da\/wp-json\/wp\/v2\/product\/4794","targetHints":{"allow":["GET"]}}],"collection":[{"href":"https:\/\/medicinasinc.com\/da\/wp-json\/wp\/v2\/product"}],"about":[{"href":"https:\/\/medicinasinc.com\/da\/wp-json\/wp\/v2\/types\/product"}],"replies":[{"embeddable":true,"href":"https:\/\/medicinasinc.com\/da\/wp-json\/wp\/v2\/comments?post=4794"}],"wp:featuredmedia":[{"embeddable":true,"href":"https:\/\/medicinasinc.com\/da\/wp-json\/wp\/v2\/media\/4807"}],"wp:attachment":[{"href":"https:\/\/medicinasinc.com\/da\/wp-json\/wp\/v2\/media?parent=4794"}],"wp:term":[{"taxonomy":"product_brand","embeddable":true,"href":"https:\/\/medicinasinc.com\/da\/wp-json\/wp\/v2\/product_brand?post=4794"},{"taxonomy":"product_cat","embeddable":true,"href":"https:\/\/medicinasinc.com\/da\/wp-json\/wp\/v2\/product_cat?post=4794"},{"taxonomy":"product_tag","embeddable":true,"href":"https:\/\/medicinasinc.com\/da\/wp-json\/wp\/v2\/product_tag?post=4794"}],"curies":[{"name":"wp","href":"https:\/\/api.w.org\/{rel}","templated":true}]}}