{"id":4780,"date":"2022-02-20T15:56:42","date_gmt":"2022-02-20T15:56:42","guid":{"rendered":"https:\/\/medicinasinc.com\/da\/?post_type=product&#038;p=4780"},"modified":"2022-03-20T00:51:20","modified_gmt":"2022-03-20T00:51:20","slug":"kob-fedtet-pink-bubba-budder-overste-hylde","status":"publish","type":"product","link":"https:\/\/medicinasinc.com\/da\/product\/kob-fedtet-pink-bubba-budder-overste-hylde\/","title":{"rendered":"K\u00f8b Greasy Pink Bubba Budder \u2013 \u00f8verste hylde"},"content":{"rendered":"<p>K\u00f8b Greasy Pink Bubba Budder fra en forhandler p\u00e5 \u00f8verste hylde.<\/p>\n<p>&#8216;Greasy&#8217; Pink Bubba er prim\u00e6rt en Indica-stamme afledt af Pink Kush og Bubba Kush genetik. M\u00e5ske bedst nydes om aftenen, &#8216;Greasy&#8217; Pink Bubba leverer en kraftfuld dosis af fysisk afslapning, der \u00f8jeblikkeligt lindrer \u00f8mhed og smerter i kroppen. Denne rolige afslapning er ledsaget af en rolig eufori, der gradvist lusker brugeren ind i en tilstand af dr\u00f8mmende og fred. &#8216;Greasy&#8217; Pink Bubba&#8217;s effekter kryber gradvist op p\u00e5 brugeren og lokker blidt brugeren ind i disse saligt afslappende effekter. Denne stamme har en klassisk Kush-aroma, med jordagtige og lyser\u00f8de undertoner og blomsternoter, der bliver h\u00e6ngende i ganen. Pink Bubba &#8216;Greasy&#8217; kan bruges til at behandle en r\u00e6kke medicinske tilstande, herunder depression, angst, kronisk stress, kvalme, kronisk smerte og bet\u00e6ndelse, migr\u00e6ne\/hovedpine og s\u00f8vnl\u00f8shed.<\/p>\n","protected":false},"excerpt":{"rendered":"<p>K\u00f8b Greasy Pink Bubba Budder hos en forhandler p\u00e5 \u00f8verste hylde.<\/p>\n<p>&nbsp;<\/p>\n<ul>\n<li>Forsendelse til hele verden<\/li>\n<li>Den mindste ordrem\u00e6ngde er <strong> 3<\/strong><\/li>\n<li><strong>Kontakt os<\/strong>\u00a0for st\u00f8rre ordrer<\/li>\n<\/ul>\n","protected":false},"featured_media":4795,"comment_status":"open","ping_status":"closed","template":"","meta":[],"product_brand":[],"product_cat":[702],"product_tag":[],"class_list":{"0":"post-4780","1":"product","2":"type-product","3":"status-publish","4":"has-post-thumbnail","6":"product_cat-kb-cannabis-voks","8":"first","9":"instock","10":"shipping-taxable","11":"purchasable","12":"product-type-variable","13":"has-default-attributes"},"yoast_head":"<!-- This site is optimized with the Yoast SEO plugin v27.3 - https:\/\/yoast.com\/product\/yoast-seo-wordpress\/ -->\n<title>K\u00f8b Greasy Pink Bubba Budder \u2013 \u00f8verste hylde - Medicinas Inc<\/title>\n<meta name=\"description\" content=\"K\u00f8b Greasy Pink Bubba Budder fra en Top Shelf-forhandler.\" \/>\n<meta name=\"robots\" content=\"index, follow, max-snippet:-1, max-image-preview:large, max-video-preview:-1\" \/>\n<link rel=\"canonical\" href=\"https:\/\/medicinasinc.com\/da\/product\/kob-fedtet-pink-bubba-budder-overste-hylde\/\" \/>\n<meta property=\"og:locale\" content=\"en_US\" \/>\n<meta property=\"og:type\" content=\"article\" \/>\n<meta property=\"og:title\" content=\"K\u00f8b Greasy Pink Bubba Budder \u2013 \u00f8verste hylde - Medicinas Inc\" \/>\n<meta property=\"og:description\" content=\"K\u00f8b Greasy Pink Bubba Budder fra en Top Shelf-forhandler.\" \/>\n<meta property=\"og:url\" content=\"https:\/\/medicinasinc.com\/da\/product\/kob-fedtet-pink-bubba-budder-overste-hylde\/\" \/>\n<meta property=\"og:site_name\" content=\"Medicinas Inc\" \/>\n<meta property=\"article:modified_time\" content=\"2022-03-20T00:51:20+00:00\" \/>\n<meta property=\"og:image\" content=\"https:\/\/medicinasinc.com\/da\/wp-content\/uploads\/sites\/8\/2022\/02\/Buy-Greasy-Pink-Bubba-Budder.jpg\" \/>\n\t<meta property=\"og:image:width\" content=\"600\" \/>\n\t<meta property=\"og:image:height\" content=\"600\" \/>\n\t<meta property=\"og:image:type\" content=\"image\/jpeg\" \/>\n<meta name=\"twitter:card\" content=\"summary_large_image\" \/>\n<meta name=\"twitter:label1\" content=\"Est. reading time\" \/>\n\t<meta name=\"twitter:data1\" content=\"1 minute\" \/>\n<script type=\"application\/ld+json\" class=\"yoast-schema-graph\">{\"@context\":\"https:\\\/\\\/schema.org\",\"@graph\":[{\"@type\":\"WebPage\",\"@id\":\"https:\\\/\\\/medicinasinc.com\\\/da\\\/product\\\/kob-fedtet-pink-bubba-budder-overste-hylde\\\/\",\"url\":\"https:\\\/\\\/medicinasinc.com\\\/da\\\/product\\\/kob-fedtet-pink-bubba-budder-overste-hylde\\\/\",\"name\":\"K\u00f8b Greasy Pink Bubba Budder \u2013 \u00f8verste hylde - Medicinas Inc\",\"isPartOf\":{\"@id\":\"https:\\\/\\\/medicinasinc.com\\\/da\\\/#website\"},\"primaryImageOfPage\":{\"@id\":\"https:\\\/\\\/medicinasinc.com\\\/da\\\/product\\\/kob-fedtet-pink-bubba-budder-overste-hylde\\\/#primaryimage\"},\"image\":{\"@id\":\"https:\\\/\\\/medicinasinc.com\\\/da\\\/product\\\/kob-fedtet-pink-bubba-budder-overste-hylde\\\/#primaryimage\"},\"thumbnailUrl\":\"https:\\\/\\\/medicinasinc.com\\\/da\\\/wp-content\\\/uploads\\\/sites\\\/8\\\/2022\\\/02\\\/Buy-Greasy-Pink-Bubba-Budder.jpg\",\"datePublished\":\"2022-02-20T15:56:42+00:00\",\"dateModified\":\"2022-03-20T00:51:20+00:00\",\"description\":\"K\u00f8b Greasy Pink Bubba Budder fra en Top Shelf-forhandler.\",\"breadcrumb\":{\"@id\":\"https:\\\/\\\/medicinasinc.com\\\/da\\\/product\\\/kob-fedtet-pink-bubba-budder-overste-hylde\\\/#breadcrumb\"},\"inLanguage\":\"en-US\",\"potentialAction\":[{\"@type\":\"ReadAction\",\"target\":[\"https:\\\/\\\/medicinasinc.com\\\/da\\\/product\\\/kob-fedtet-pink-bubba-budder-overste-hylde\\\/\"]}]},{\"@type\":\"ImageObject\",\"inLanguage\":\"en-US\",\"@id\":\"https:\\\/\\\/medicinasinc.com\\\/da\\\/product\\\/kob-fedtet-pink-bubba-budder-overste-hylde\\\/#primaryimage\",\"url\":\"https:\\\/\\\/medicinasinc.com\\\/da\\\/wp-content\\\/uploads\\\/sites\\\/8\\\/2022\\\/02\\\/Buy-Greasy-Pink-Bubba-Budder.jpg\",\"contentUrl\":\"https:\\\/\\\/medicinasinc.com\\\/da\\\/wp-content\\\/uploads\\\/sites\\\/8\\\/2022\\\/02\\\/Buy-Greasy-Pink-Bubba-Budder.jpg\",\"width\":600,\"height\":600},{\"@type\":\"BreadcrumbList\",\"@id\":\"https:\\\/\\\/medicinasinc.com\\\/da\\\/product\\\/kob-fedtet-pink-bubba-budder-overste-hylde\\\/#breadcrumb\",\"itemListElement\":[{\"@type\":\"ListItem\",\"position\":1,\"name\":\"Butik\",\"item\":\"https:\\\/\\\/medicinasinc.com\\\/da\\\/butik\\\/\"},{\"@type\":\"ListItem\",\"position\":2,\"name\":\"K\u00f8b Greasy Pink Bubba Budder \u2013 \u00f8verste hylde\"}]},{\"@type\":\"WebSite\",\"@id\":\"https:\\\/\\\/medicinasinc.com\\\/da\\\/#website\",\"url\":\"https:\\\/\\\/medicinasinc.com\\\/da\\\/\",\"name\":\"Medicinas Inc\",\"description\":\"Health Medical Clinic\",\"potentialAction\":[{\"@type\":\"SearchAction\",\"target\":{\"@type\":\"EntryPoint\",\"urlTemplate\":\"https:\\\/\\\/medicinasinc.com\\\/da\\\/?s={search_term_string}\"},\"query-input\":{\"@type\":\"PropertyValueSpecification\",\"valueRequired\":true,\"valueName\":\"search_term_string\"}}],\"inLanguage\":\"en-US\"}]}<\/script>\n<!-- \/ Yoast SEO plugin. -->","yoast_head_json":{"title":"K\u00f8b Greasy Pink Bubba Budder \u2013 \u00f8verste hylde - Medicinas Inc","description":"K\u00f8b Greasy Pink Bubba Budder fra en Top Shelf-forhandler.","robots":{"index":"index","follow":"follow","max-snippet":"max-snippet:-1","max-image-preview":"max-image-preview:large","max-video-preview":"max-video-preview:-1"},"canonical":"https:\/\/medicinasinc.com\/da\/product\/kob-fedtet-pink-bubba-budder-overste-hylde\/","og_locale":"en_US","og_type":"article","og_title":"K\u00f8b Greasy Pink Bubba Budder \u2013 \u00f8verste hylde - Medicinas Inc","og_description":"K\u00f8b Greasy Pink Bubba Budder fra en Top Shelf-forhandler.","og_url":"https:\/\/medicinasinc.com\/da\/product\/kob-fedtet-pink-bubba-budder-overste-hylde\/","og_site_name":"Medicinas Inc","article_modified_time":"2022-03-20T00:51:20+00:00","og_image":[{"width":600,"height":600,"url":"https:\/\/medicinasinc.com\/da\/wp-content\/uploads\/sites\/8\/2022\/02\/Buy-Greasy-Pink-Bubba-Budder.jpg","type":"image\/jpeg"}],"twitter_card":"summary_large_image","twitter_misc":{"Est. reading time":"1 minute"},"schema":{"@context":"https:\/\/schema.org","@graph":[{"@type":"WebPage","@id":"https:\/\/medicinasinc.com\/da\/product\/kob-fedtet-pink-bubba-budder-overste-hylde\/","url":"https:\/\/medicinasinc.com\/da\/product\/kob-fedtet-pink-bubba-budder-overste-hylde\/","name":"K\u00f8b Greasy Pink Bubba Budder \u2013 \u00f8verste hylde - Medicinas Inc","isPartOf":{"@id":"https:\/\/medicinasinc.com\/da\/#website"},"primaryImageOfPage":{"@id":"https:\/\/medicinasinc.com\/da\/product\/kob-fedtet-pink-bubba-budder-overste-hylde\/#primaryimage"},"image":{"@id":"https:\/\/medicinasinc.com\/da\/product\/kob-fedtet-pink-bubba-budder-overste-hylde\/#primaryimage"},"thumbnailUrl":"https:\/\/medicinasinc.com\/da\/wp-content\/uploads\/sites\/8\/2022\/02\/Buy-Greasy-Pink-Bubba-Budder.jpg","datePublished":"2022-02-20T15:56:42+00:00","dateModified":"2022-03-20T00:51:20+00:00","description":"K\u00f8b Greasy Pink Bubba Budder fra en Top Shelf-forhandler.","breadcrumb":{"@id":"https:\/\/medicinasinc.com\/da\/product\/kob-fedtet-pink-bubba-budder-overste-hylde\/#breadcrumb"},"inLanguage":"en-US","potentialAction":[{"@type":"ReadAction","target":["https:\/\/medicinasinc.com\/da\/product\/kob-fedtet-pink-bubba-budder-overste-hylde\/"]}]},{"@type":"ImageObject","inLanguage":"en-US","@id":"https:\/\/medicinasinc.com\/da\/product\/kob-fedtet-pink-bubba-budder-overste-hylde\/#primaryimage","url":"https:\/\/medicinasinc.com\/da\/wp-content\/uploads\/sites\/8\/2022\/02\/Buy-Greasy-Pink-Bubba-Budder.jpg","contentUrl":"https:\/\/medicinasinc.com\/da\/wp-content\/uploads\/sites\/8\/2022\/02\/Buy-Greasy-Pink-Bubba-Budder.jpg","width":600,"height":600},{"@type":"BreadcrumbList","@id":"https:\/\/medicinasinc.com\/da\/product\/kob-fedtet-pink-bubba-budder-overste-hylde\/#breadcrumb","itemListElement":[{"@type":"ListItem","position":1,"name":"Butik","item":"https:\/\/medicinasinc.com\/da\/butik\/"},{"@type":"ListItem","position":2,"name":"K\u00f8b Greasy Pink Bubba Budder \u2013 \u00f8verste hylde"}]},{"@type":"WebSite","@id":"https:\/\/medicinasinc.com\/da\/#website","url":"https:\/\/medicinasinc.com\/da\/","name":"Medicinas Inc","description":"Health Medical Clinic","potentialAction":[{"@type":"SearchAction","target":{"@type":"EntryPoint","urlTemplate":"https:\/\/medicinasinc.com\/da\/?s={search_term_string}"},"query-input":{"@type":"PropertyValueSpecification","valueRequired":true,"valueName":"search_term_string"}}],"inLanguage":"en-US"}]}},"_links":{"self":[{"href":"https:\/\/medicinasinc.com\/da\/wp-json\/wp\/v2\/product\/4780","targetHints":{"allow":["GET"]}}],"collection":[{"href":"https:\/\/medicinasinc.com\/da\/wp-json\/wp\/v2\/product"}],"about":[{"href":"https:\/\/medicinasinc.com\/da\/wp-json\/wp\/v2\/types\/product"}],"replies":[{"embeddable":true,"href":"https:\/\/medicinasinc.com\/da\/wp-json\/wp\/v2\/comments?post=4780"}],"wp:featuredmedia":[{"embeddable":true,"href":"https:\/\/medicinasinc.com\/da\/wp-json\/wp\/v2\/media\/4795"}],"wp:attachment":[{"href":"https:\/\/medicinasinc.com\/da\/wp-json\/wp\/v2\/media?parent=4780"}],"wp:term":[{"taxonomy":"product_brand","embeddable":true,"href":"https:\/\/medicinasinc.com\/da\/wp-json\/wp\/v2\/product_brand?post=4780"},{"taxonomy":"product_cat","embeddable":true,"href":"https:\/\/medicinasinc.com\/da\/wp-json\/wp\/v2\/product_cat?post=4780"},{"taxonomy":"product_tag","embeddable":true,"href":"https:\/\/medicinasinc.com\/da\/wp-json\/wp\/v2\/product_tag?post=4780"}],"curies":[{"name":"wp","href":"https:\/\/api.w.org\/{rel}","templated":true}]}}