{"id":4768,"date":"2022-02-20T15:46:58","date_gmt":"2022-02-20T15:46:58","guid":{"rendered":"https:\/\/medicinasinc.com\/da\/?post_type=product&#038;p=4768"},"modified":"2022-03-20T00:51:36","modified_gmt":"2022-03-20T00:51:36","slug":"kob-k2-rogelsesspray","status":"publish","type":"product","link":"https:\/\/medicinasinc.com\/da\/product\/kob-k2-rogelsesspray\/","title":{"rendered":"K\u00f8b K2 R\u00f8gelsespray"},"content":{"rendered":"<p>Online k\u00f8b af K2 R\u00f8gelsespray<\/p>\n<p>Derudover s\u00e6lger vi K2 papir.<\/p>\n<p>K2 spray kan k\u00f8bes. Den er lugtfri og farvel\u00f8s.<\/p>\n<p>25 ml er tilstr\u00e6kkeligt til at spr\u00f8jte et helt A4 papirark.<\/p>\n<p>Smag og K2 er de to mest almindelige navne for syntetisk marihuana. De er konstrueret ved hj\u00e6lp af t\u00f8rret plantemateriale, der er blevet infunderet med en konstrueret cannabinoid. Designede cannabinoider er syntetiske forbindelser, der virker p\u00e5 hjernens cannabinoid-receptorer p\u00e5 samme m\u00e5de, som Delta9-tetrahydrocannabinol (THC) g\u00f8r. Personer, der bruger Spice, rapporterer, at de oplever lignende fornemmelser som dem, der er forbundet med marihuana. Marihuana er en plante, der indeholder cannabinoider, som er blandinger. Flavor og K2 er to udtryk, der refererer til en samling af recepter, der omtales som designede (konstruerede) cannabinoider. De er konstrueret af t\u00f8rrede plantematerialer, der er blevet spr\u00f8jtet med tanke\u00e6ndrende syntetiske kemikalier. Analytikere arrangerede oprindeligt disse fremstillede l\u00e6gemidler for at bruge dem i unders\u00f8gelsen.<\/p>\n<p>Derudover er K2 tilg\u00e6ngelig i en flydende form, der nedbrydes i e-cigaretter. Derudover er det r\u00f8get i piber, joints eller lavet til te. K2 drysses derefter p\u00e5 planter, papir og fibre i flydende tilstand. Selvom virkningerne af at ryge Spice kan ligne dem ved at ryge marihuana, er den prim\u00e6re \u00e5rsag til, at folk ryger Spice, fordi det er beskedent, og i betragtning af hvordan det er kendt for at v\u00e6re&#8230; Typisk s\u00e6lges dette stof som plantemateriale. Uanset det faktum, at vi s\u00e6lger enest\u00e5ende k2-smag, overholder aggregatet af vores konstruerede blandinger alle g\u00e6ldende regler. K\u00f8b urter\u00f8gelse online T\u00e6nd dine sanser med st\u00e6rk K2 urter\u00f8gelse! Mens andre s\u00e6lger d\u00f8de blandinger uden magtefterligning, n\u00e5r du k\u00f8ber K2 hos os, taler vores kvalitet for sig selv! Vi s\u00e6lger enest\u00e5ende urte-r\u00f8gelse og er unikke blandt urte-zing-handlere. Derudover kaldet K2, syntetisk marihuana og syntetisk ukrudt r\u00f8gelsespray, k2 spray til salg er en menneskeskabt gade beroligende middel, der indeholder konstruerede stoffer spr\u00f8jtet p\u00e5 smag. P\u00e5 papiret flydende k2. P\u00e5 nettet kan du k\u00f8be K2 Spray og flydende r\u00f8gelse. K\u00f8b K2 zing-papir af h\u00f8j kvalitet og f\u00e5 det leveret til din d\u00f8r. Du er kommet til det rigtige sted, hvis du leder efter de bedste K2 lokale r\u00f8gelsesv\u00e6sker og E-Liquids-drys p\u00e5 nettet. Vi s\u00e6lger st\u00f8rstedelen af \u200b\u200bK2 v\u00e6ske lokalt vred til de lavest mulige priser for at opfylde kravene fra alle kunder i USA og i hele verden. En anden bem\u00e6rkelsesv\u00e6rdig applikation er at skabe en K2-bruser, der vil blive p\u00e5f\u00f8rt topisk generelt. Det er absolut n\u00f8dvendigt. Producerede cannabinoider, almindeligvis omtalt som &#8220;Flavor&#8221; eller &#8220;K2&#8221;, blev lovlige i USA i begyndelsen af \u200b\u200b2000&#8217;erne. \u00c6gte K2 krydderipapir. Vi s\u00e6lger det bedste K2 blandede papir, der er tilg\u00e6ngeligt online. K\u00f8b det med det samme. Hvad er skabt Marihuana (ogs\u00e5 kendt som syntetiske cannabinoider, K2 eller Spice)? Vi har det bedste udvalg af lokal r\u00f8gelse p\u00e5 nettet.<\/p>\n","protected":false},"excerpt":{"rendered":"<div class=\"woocommerce-product-details__short-description\">\n<p>K\u00f8b K2 R\u00f8gelsespray, en lugtfri og farvel\u00f8s r\u00f8gelsesspray. 25 ml er nok til at spr\u00f8jte et helt A4-ark. Derudover s\u00e6lger vi K2 papir.<\/p>\n<p>k2 spice spray diablo amazon, k2 spray engros, st\u00e6rkeste k2 spray til salg, lovlig high k2 spray til salg, k2 spray til salg online dk, flydende spray r\u00f8gelse, k2 papir ingredienser, k2 krydderipapirark<\/p>\n<\/p><\/div>\n","protected":false},"featured_media":4783,"comment_status":"open","ping_status":"closed","template":"","meta":[],"product_brand":[],"product_cat":[690],"product_tag":[701,699,696,695,694,697,698,700],"class_list":{"0":"post-4768","1":"product","2":"type-product","3":"status-publish","4":"has-post-thumbnail","6":"product_cat-kob-k2-papir","7":"product_tag-engros-k2-spray","8":"product_tag-flydende-spray-rgelse","9":"product_tag-k2-krydderi-spray-diablo-amazon","10":"product_tag-k2-krydderi-papir-ark","11":"product_tag-k2-papir-ingredienser","12":"product_tag-k2-spray-til-salg-online-dk","13":"product_tag-lovlig-hj-krydderi-spray-til-salg","14":"product_tag-strkeste-k2-spray-til-salg","16":"first","17":"instock","18":"shipping-taxable","19":"purchasable","20":"product-type-variable","21":"has-default-attributes"},"yoast_head":"<!-- This site is optimized with the Yoast SEO plugin v27.3 - https:\/\/yoast.com\/product\/yoast-seo-wordpress\/ -->\n<title>K\u00f8b K2 r\u00f8gelsespray online - bedste bedste globale medicin<\/title>\n<meta name=\"description\" content=\"K\u00f8b K2 r\u00f8gelsespray, lugtfri og farvel\u00f8s K2 spray til salg. Du skal bruge 25 ml til at spr\u00f8jte et helt A4 papirark. Vi har ogs\u00e5 K2 papir til salg.\" \/>\n<meta name=\"robots\" content=\"index, follow, max-snippet:-1, max-image-preview:large, max-video-preview:-1\" \/>\n<link rel=\"canonical\" href=\"https:\/\/medicinasinc.com\/da\/product\/kob-k2-rogelsesspray\/\" \/>\n<meta property=\"og:locale\" content=\"en_US\" \/>\n<meta property=\"og:type\" content=\"article\" \/>\n<meta property=\"og:title\" content=\"K\u00f8b K2 r\u00f8gelsespray online - bedste bedste globale medicin\" \/>\n<meta property=\"og:description\" content=\"K\u00f8b K2 r\u00f8gelsespray, lugtfri og farvel\u00f8s K2 spray til salg. Du skal bruge 25 ml til at spr\u00f8jte et helt A4 papirark. Vi har ogs\u00e5 K2 papir til salg.\" \/>\n<meta property=\"og:url\" content=\"https:\/\/medicinasinc.com\/da\/product\/kob-k2-rogelsesspray\/\" \/>\n<meta property=\"og:site_name\" content=\"Medicinas Inc\" \/>\n<meta property=\"article:modified_time\" content=\"2022-03-20T00:51:36+00:00\" \/>\n<meta property=\"og:image\" content=\"https:\/\/medicinasinc.com\/da\/wp-content\/uploads\/sites\/8\/2022\/02\/Buy-K2-Incense-Spray.png\" \/>\n\t<meta property=\"og:image:width\" content=\"873\" \/>\n\t<meta property=\"og:image:height\" content=\"433\" \/>\n\t<meta property=\"og:image:type\" content=\"image\/png\" \/>\n<meta name=\"twitter:card\" content=\"summary_large_image\" \/>\n<meta name=\"twitter:label1\" content=\"Est. reading time\" \/>\n\t<meta name=\"twitter:data1\" content=\"3 minutes\" \/>\n<script type=\"application\/ld+json\" class=\"yoast-schema-graph\">{\"@context\":\"https:\\\/\\\/schema.org\",\"@graph\":[{\"@type\":\"WebPage\",\"@id\":\"https:\\\/\\\/medicinasinc.com\\\/da\\\/product\\\/kob-k2-rogelsesspray\\\/\",\"url\":\"https:\\\/\\\/medicinasinc.com\\\/da\\\/product\\\/kob-k2-rogelsesspray\\\/\",\"name\":\"K\u00f8b K2 r\u00f8gelsespray online - bedste bedste globale medicin\",\"isPartOf\":{\"@id\":\"https:\\\/\\\/medicinasinc.com\\\/da\\\/#website\"},\"primaryImageOfPage\":{\"@id\":\"https:\\\/\\\/medicinasinc.com\\\/da\\\/product\\\/kob-k2-rogelsesspray\\\/#primaryimage\"},\"image\":{\"@id\":\"https:\\\/\\\/medicinasinc.com\\\/da\\\/product\\\/kob-k2-rogelsesspray\\\/#primaryimage\"},\"thumbnailUrl\":\"https:\\\/\\\/medicinasinc.com\\\/da\\\/wp-content\\\/uploads\\\/sites\\\/8\\\/2022\\\/02\\\/Buy-K2-Incense-Spray.png\",\"datePublished\":\"2022-02-20T15:46:58+00:00\",\"dateModified\":\"2022-03-20T00:51:36+00:00\",\"description\":\"K\u00f8b K2 r\u00f8gelsespray, lugtfri og farvel\u00f8s K2 spray til salg. Du skal bruge 25 ml til at spr\u00f8jte et helt A4 papirark. Vi har ogs\u00e5 K2 papir til salg.\",\"breadcrumb\":{\"@id\":\"https:\\\/\\\/medicinasinc.com\\\/da\\\/product\\\/kob-k2-rogelsesspray\\\/#breadcrumb\"},\"inLanguage\":\"en-US\",\"potentialAction\":[{\"@type\":\"ReadAction\",\"target\":[\"https:\\\/\\\/medicinasinc.com\\\/da\\\/product\\\/kob-k2-rogelsesspray\\\/\"]}]},{\"@type\":\"ImageObject\",\"inLanguage\":\"en-US\",\"@id\":\"https:\\\/\\\/medicinasinc.com\\\/da\\\/product\\\/kob-k2-rogelsesspray\\\/#primaryimage\",\"url\":\"https:\\\/\\\/medicinasinc.com\\\/da\\\/wp-content\\\/uploads\\\/sites\\\/8\\\/2022\\\/02\\\/Buy-K2-Incense-Spray.png\",\"contentUrl\":\"https:\\\/\\\/medicinasinc.com\\\/da\\\/wp-content\\\/uploads\\\/sites\\\/8\\\/2022\\\/02\\\/Buy-K2-Incense-Spray.png\",\"width\":873,\"height\":433},{\"@type\":\"BreadcrumbList\",\"@id\":\"https:\\\/\\\/medicinasinc.com\\\/da\\\/product\\\/kob-k2-rogelsesspray\\\/#breadcrumb\",\"itemListElement\":[{\"@type\":\"ListItem\",\"position\":1,\"name\":\"Butik\",\"item\":\"https:\\\/\\\/medicinasinc.com\\\/da\\\/butik\\\/\"},{\"@type\":\"ListItem\",\"position\":2,\"name\":\"K\u00f8b K2 R\u00f8gelsespray\"}]},{\"@type\":\"WebSite\",\"@id\":\"https:\\\/\\\/medicinasinc.com\\\/da\\\/#website\",\"url\":\"https:\\\/\\\/medicinasinc.com\\\/da\\\/\",\"name\":\"Medicinas Inc\",\"description\":\"Health Medical Clinic\",\"potentialAction\":[{\"@type\":\"SearchAction\",\"target\":{\"@type\":\"EntryPoint\",\"urlTemplate\":\"https:\\\/\\\/medicinasinc.com\\\/da\\\/?s={search_term_string}\"},\"query-input\":{\"@type\":\"PropertyValueSpecification\",\"valueRequired\":true,\"valueName\":\"search_term_string\"}}],\"inLanguage\":\"en-US\"}]}<\/script>\n<!-- \/ Yoast SEO plugin. -->","yoast_head_json":{"title":"K\u00f8b K2 r\u00f8gelsespray online - bedste bedste globale medicin","description":"K\u00f8b K2 r\u00f8gelsespray, lugtfri og farvel\u00f8s K2 spray til salg. Du skal bruge 25 ml til at spr\u00f8jte et helt A4 papirark. Vi har ogs\u00e5 K2 papir til salg.","robots":{"index":"index","follow":"follow","max-snippet":"max-snippet:-1","max-image-preview":"max-image-preview:large","max-video-preview":"max-video-preview:-1"},"canonical":"https:\/\/medicinasinc.com\/da\/product\/kob-k2-rogelsesspray\/","og_locale":"en_US","og_type":"article","og_title":"K\u00f8b K2 r\u00f8gelsespray online - bedste bedste globale medicin","og_description":"K\u00f8b K2 r\u00f8gelsespray, lugtfri og farvel\u00f8s K2 spray til salg. Du skal bruge 25 ml til at spr\u00f8jte et helt A4 papirark. Vi har ogs\u00e5 K2 papir til salg.","og_url":"https:\/\/medicinasinc.com\/da\/product\/kob-k2-rogelsesspray\/","og_site_name":"Medicinas Inc","article_modified_time":"2022-03-20T00:51:36+00:00","og_image":[{"width":873,"height":433,"url":"https:\/\/medicinasinc.com\/da\/wp-content\/uploads\/sites\/8\/2022\/02\/Buy-K2-Incense-Spray.png","type":"image\/png"}],"twitter_card":"summary_large_image","twitter_misc":{"Est. reading time":"3 minutes"},"schema":{"@context":"https:\/\/schema.org","@graph":[{"@type":"WebPage","@id":"https:\/\/medicinasinc.com\/da\/product\/kob-k2-rogelsesspray\/","url":"https:\/\/medicinasinc.com\/da\/product\/kob-k2-rogelsesspray\/","name":"K\u00f8b K2 r\u00f8gelsespray online - bedste bedste globale medicin","isPartOf":{"@id":"https:\/\/medicinasinc.com\/da\/#website"},"primaryImageOfPage":{"@id":"https:\/\/medicinasinc.com\/da\/product\/kob-k2-rogelsesspray\/#primaryimage"},"image":{"@id":"https:\/\/medicinasinc.com\/da\/product\/kob-k2-rogelsesspray\/#primaryimage"},"thumbnailUrl":"https:\/\/medicinasinc.com\/da\/wp-content\/uploads\/sites\/8\/2022\/02\/Buy-K2-Incense-Spray.png","datePublished":"2022-02-20T15:46:58+00:00","dateModified":"2022-03-20T00:51:36+00:00","description":"K\u00f8b K2 r\u00f8gelsespray, lugtfri og farvel\u00f8s K2 spray til salg. Du skal bruge 25 ml til at spr\u00f8jte et helt A4 papirark. Vi har ogs\u00e5 K2 papir til salg.","breadcrumb":{"@id":"https:\/\/medicinasinc.com\/da\/product\/kob-k2-rogelsesspray\/#breadcrumb"},"inLanguage":"en-US","potentialAction":[{"@type":"ReadAction","target":["https:\/\/medicinasinc.com\/da\/product\/kob-k2-rogelsesspray\/"]}]},{"@type":"ImageObject","inLanguage":"en-US","@id":"https:\/\/medicinasinc.com\/da\/product\/kob-k2-rogelsesspray\/#primaryimage","url":"https:\/\/medicinasinc.com\/da\/wp-content\/uploads\/sites\/8\/2022\/02\/Buy-K2-Incense-Spray.png","contentUrl":"https:\/\/medicinasinc.com\/da\/wp-content\/uploads\/sites\/8\/2022\/02\/Buy-K2-Incense-Spray.png","width":873,"height":433},{"@type":"BreadcrumbList","@id":"https:\/\/medicinasinc.com\/da\/product\/kob-k2-rogelsesspray\/#breadcrumb","itemListElement":[{"@type":"ListItem","position":1,"name":"Butik","item":"https:\/\/medicinasinc.com\/da\/butik\/"},{"@type":"ListItem","position":2,"name":"K\u00f8b K2 R\u00f8gelsespray"}]},{"@type":"WebSite","@id":"https:\/\/medicinasinc.com\/da\/#website","url":"https:\/\/medicinasinc.com\/da\/","name":"Medicinas Inc","description":"Health Medical Clinic","potentialAction":[{"@type":"SearchAction","target":{"@type":"EntryPoint","urlTemplate":"https:\/\/medicinasinc.com\/da\/?s={search_term_string}"},"query-input":{"@type":"PropertyValueSpecification","valueRequired":true,"valueName":"search_term_string"}}],"inLanguage":"en-US"}]}},"_links":{"self":[{"href":"https:\/\/medicinasinc.com\/da\/wp-json\/wp\/v2\/product\/4768","targetHints":{"allow":["GET"]}}],"collection":[{"href":"https:\/\/medicinasinc.com\/da\/wp-json\/wp\/v2\/product"}],"about":[{"href":"https:\/\/medicinasinc.com\/da\/wp-json\/wp\/v2\/types\/product"}],"replies":[{"embeddable":true,"href":"https:\/\/medicinasinc.com\/da\/wp-json\/wp\/v2\/comments?post=4768"}],"wp:featuredmedia":[{"embeddable":true,"href":"https:\/\/medicinasinc.com\/da\/wp-json\/wp\/v2\/media\/4783"}],"wp:attachment":[{"href":"https:\/\/medicinasinc.com\/da\/wp-json\/wp\/v2\/media?parent=4768"}],"wp:term":[{"taxonomy":"product_brand","embeddable":true,"href":"https:\/\/medicinasinc.com\/da\/wp-json\/wp\/v2\/product_brand?post=4768"},{"taxonomy":"product_cat","embeddable":true,"href":"https:\/\/medicinasinc.com\/da\/wp-json\/wp\/v2\/product_cat?post=4768"},{"taxonomy":"product_tag","embeddable":true,"href":"https:\/\/medicinasinc.com\/da\/wp-json\/wp\/v2\/product_tag?post=4768"}],"curies":[{"name":"wp","href":"https:\/\/api.w.org\/{rel}","templated":true}]}}