{"id":4767,"date":"2022-02-20T15:46:01","date_gmt":"2022-02-20T15:46:01","guid":{"rendered":"https:\/\/medicinasinc.com\/da\/?post_type=product&#038;p=4767"},"modified":"2022-03-20T00:51:47","modified_gmt":"2022-03-20T00:51:47","slug":"kob-k2-papir","status":"publish","type":"product","link":"https:\/\/medicinasinc.com\/da\/product\/kob-k2-papir\/","title":{"rendered":"K\u00f8b K2 papir"},"content":{"rendered":"<p>F\u00e5 billige K2-papirark leveret direkte til din d\u00f8r.<\/p>\n<p>Syntetisk marihuana vinder hurtigt popularitet blandt marihuanaforbrugere. K2-infunderet papir er en blanding af strimlede plantematerialer og syntetiske kemikalier med psykedeliske egenskaber. If\u00f8lge forskning binder kemikalierne sig til de samme nervecellereceptorer i hjernen som THC, hvilket fremkalder f\u00f8lelser af velv\u00e6re, afslapning, \u00e6ndret opfattelse og psykose. Hvis du leder efter en velrenommeret onlinebutik til at k\u00f8be et produkt af h\u00f8j kvalitet, skal du ikke lede l\u00e6ngere end til vores velrenommerede onlinebutik. For at sikre vores kunders sikkerhed henter vi vores lager fra velrenommerede producenter. Giv os en chance; vi garanterer, at du ikke bliver skuffet.<\/p>\n<p>Cannabinoider er kemiske forbindelser, der findes naturligt i marihuanaplanter og tjener som grundlag for en r\u00e6kke syntetiske stoffer. Kemisk er det syntetiske ukrudtspapir K2 relateret til den aktive ingrediens i marihuana. Effekterne er mere intense, og ved afslutningen af \u200b\u200ben session kan man f\u00f8le sig afslappet og oph\u00f8jet. Efterh\u00e5nden som flere mennesker bliver opm\u00e6rksomme p\u00e5 marihuanas sande fordele, bliver dette produkt brugt som et sikkert alternativ til en r\u00e6kke medicinske og rekreative form\u00e5l. Du b\u00f8r dog udvise forsigtighed, da overdrevent forbrug kan resultere i u\u00f8nskede bivirkninger s\u00e5som angst, hallucinationer, hypertension, brystsmerter, \u00e5nden\u00f8d, kramper og opkastninger. Visse K2-krydderiprodukter p\u00e5 markedet kan ogs\u00e5 indeholde giftige ingredienser. Som et resultat er det afg\u00f8rende at k\u00f8be fra en velrenommeret leverand\u00f8r.<\/p>\n<p>\u00d8nsker du at k\u00f8be urteprodukter af h\u00f8jeste kvalitet? Med en global kundebase giver vi dig en fremragende mulighed for at k\u00f8be K2 papir online til konkurrencedygtige priser. Sammen med det st\u00f8rste udvalg tilbyder vi sikre betalingsmetoder og diskret forsendelse. Du er ikke forpligtet til at bes\u00f8ge n\u00e6rliggende dagligvarebutikker eller rastepladser. Virksomhedens m\u00e5l er l\u00f8bende at forbedre produktkvaliteten og kundeservicen for at v\u00e6re p\u00e5 forkant med konkurrenterne. Vores f\u00f8rste prioritet er din tilfredshed, og vi har et erfarent team klar til at h\u00e5ndtere eventuelle hikke. T\u00f8v ikke med at kontakte os, hvis du har sp\u00f8rgsm\u00e5l eller bekymringer.<\/p>\n","protected":false},"excerpt":{"rendered":"<div class=\"woocommerce-product-details__short-description\">\n<p>Hvert A4-ark er infunderet med\u00a0<em><strong>25 ml=0,845351 fluid oz<\/strong><\/em>\u00a0flydende K2. <strong>Lugt- og farvel\u00f8st<\/strong>\u00a0K2-papir til salg. <strong>Vi har ogs\u00e5 K2 Spray til salg<\/strong><\/p>\n<\/p><\/div>\n","protected":false},"featured_media":4781,"comment_status":"open","ping_status":"closed","template":"","meta":[],"product_brand":[],"product_cat":[690],"product_tag":[691,692,693],"class_list":{"0":"post-4767","1":"product","2":"type-product","3":"status-publish","4":"has-post-thumbnail","6":"product_cat-kob-k2-papir","7":"product_tag-kb-k2-papir-online-dk","8":"product_tag-kb-k2-papir","9":"product_tag-kb-k2-papir-ark","11":"first","12":"instock","13":"shipping-taxable","14":"purchasable","15":"product-type-variable","16":"has-default-attributes"},"yoast_head":"<!-- This site is optimized with the Yoast SEO plugin v27.3 - https:\/\/yoast.com\/product\/yoast-seo-wordpress\/ -->\n<title>K\u00f8b K2 papir online - Best Best Global Meds<\/title>\n<meta name=\"description\" content=\"K\u00f8b K2-papir online til billige priser. Hvert A4-ark er infunderet med 25 ml=0,845351 fluid oz flydende K2. Lugtfrit og farvel\u00f8st K2 papir s\u00e6lges. Vi har ogs\u00e5 K2 Spray til salg\" \/>\n<meta name=\"robots\" content=\"index, follow, max-snippet:-1, max-image-preview:large, max-video-preview:-1\" \/>\n<link rel=\"canonical\" href=\"https:\/\/medicinasinc.com\/da\/product\/kob-k2-papir\/\" \/>\n<meta property=\"og:locale\" content=\"en_US\" \/>\n<meta property=\"og:type\" content=\"article\" \/>\n<meta property=\"og:title\" content=\"K\u00f8b K2 papir online - Best Best Global Meds\" \/>\n<meta property=\"og:description\" content=\"K\u00f8b K2-papir online til billige priser. Hvert A4-ark er infunderet med 25 ml=0,845351 fluid oz flydende K2. Lugtfrit og farvel\u00f8st K2 papir s\u00e6lges. Vi har ogs\u00e5 K2 Spray til salg\" \/>\n<meta property=\"og:url\" content=\"https:\/\/medicinasinc.com\/da\/product\/kob-k2-papir\/\" \/>\n<meta property=\"og:site_name\" content=\"Medicinas Inc\" \/>\n<meta property=\"article:modified_time\" content=\"2022-03-20T00:51:47+00:00\" \/>\n<meta property=\"og:image\" content=\"https:\/\/medicinasinc.com\/da\/wp-content\/uploads\/sites\/8\/2022\/02\/Buy-K2-paper-online.jpg\" \/>\n\t<meta property=\"og:image:width\" content=\"600\" \/>\n\t<meta property=\"og:image:height\" content=\"600\" \/>\n\t<meta property=\"og:image:type\" content=\"image\/jpeg\" \/>\n<meta name=\"twitter:card\" content=\"summary_large_image\" \/>\n<meta name=\"twitter:label1\" content=\"Est. reading time\" \/>\n\t<meta name=\"twitter:data1\" content=\"2 minutes\" \/>\n<script type=\"application\/ld+json\" class=\"yoast-schema-graph\">{\"@context\":\"https:\\\/\\\/schema.org\",\"@graph\":[{\"@type\":\"WebPage\",\"@id\":\"https:\\\/\\\/medicinasinc.com\\\/da\\\/product\\\/kob-k2-papir\\\/\",\"url\":\"https:\\\/\\\/medicinasinc.com\\\/da\\\/product\\\/kob-k2-papir\\\/\",\"name\":\"K\u00f8b K2 papir online - Best Best Global Meds\",\"isPartOf\":{\"@id\":\"https:\\\/\\\/medicinasinc.com\\\/da\\\/#website\"},\"primaryImageOfPage\":{\"@id\":\"https:\\\/\\\/medicinasinc.com\\\/da\\\/product\\\/kob-k2-papir\\\/#primaryimage\"},\"image\":{\"@id\":\"https:\\\/\\\/medicinasinc.com\\\/da\\\/product\\\/kob-k2-papir\\\/#primaryimage\"},\"thumbnailUrl\":\"https:\\\/\\\/medicinasinc.com\\\/da\\\/wp-content\\\/uploads\\\/sites\\\/8\\\/2022\\\/02\\\/Buy-K2-paper-online.jpg\",\"datePublished\":\"2022-02-20T15:46:01+00:00\",\"dateModified\":\"2022-03-20T00:51:47+00:00\",\"description\":\"K\u00f8b K2-papir online til billige priser. Hvert A4-ark er infunderet med 25 ml=0,845351 fluid oz flydende K2. Lugtfrit og farvel\u00f8st K2 papir s\u00e6lges. Vi har ogs\u00e5 K2 Spray til salg\",\"breadcrumb\":{\"@id\":\"https:\\\/\\\/medicinasinc.com\\\/da\\\/product\\\/kob-k2-papir\\\/#breadcrumb\"},\"inLanguage\":\"en-US\",\"potentialAction\":[{\"@type\":\"ReadAction\",\"target\":[\"https:\\\/\\\/medicinasinc.com\\\/da\\\/product\\\/kob-k2-papir\\\/\"]}]},{\"@type\":\"ImageObject\",\"inLanguage\":\"en-US\",\"@id\":\"https:\\\/\\\/medicinasinc.com\\\/da\\\/product\\\/kob-k2-papir\\\/#primaryimage\",\"url\":\"https:\\\/\\\/medicinasinc.com\\\/da\\\/wp-content\\\/uploads\\\/sites\\\/8\\\/2022\\\/02\\\/Buy-K2-paper-online.jpg\",\"contentUrl\":\"https:\\\/\\\/medicinasinc.com\\\/da\\\/wp-content\\\/uploads\\\/sites\\\/8\\\/2022\\\/02\\\/Buy-K2-paper-online.jpg\",\"width\":600,\"height\":600},{\"@type\":\"BreadcrumbList\",\"@id\":\"https:\\\/\\\/medicinasinc.com\\\/da\\\/product\\\/kob-k2-papir\\\/#breadcrumb\",\"itemListElement\":[{\"@type\":\"ListItem\",\"position\":1,\"name\":\"Butik\",\"item\":\"https:\\\/\\\/medicinasinc.com\\\/da\\\/butik\\\/\"},{\"@type\":\"ListItem\",\"position\":2,\"name\":\"K\u00f8b K2 papir\"}]},{\"@type\":\"WebSite\",\"@id\":\"https:\\\/\\\/medicinasinc.com\\\/da\\\/#website\",\"url\":\"https:\\\/\\\/medicinasinc.com\\\/da\\\/\",\"name\":\"Medicinas Inc\",\"description\":\"Health Medical Clinic\",\"potentialAction\":[{\"@type\":\"SearchAction\",\"target\":{\"@type\":\"EntryPoint\",\"urlTemplate\":\"https:\\\/\\\/medicinasinc.com\\\/da\\\/?s={search_term_string}\"},\"query-input\":{\"@type\":\"PropertyValueSpecification\",\"valueRequired\":true,\"valueName\":\"search_term_string\"}}],\"inLanguage\":\"en-US\"}]}<\/script>\n<!-- \/ Yoast SEO plugin. -->","yoast_head_json":{"title":"K\u00f8b K2 papir online - Best Best Global Meds","description":"K\u00f8b K2-papir online til billige priser. Hvert A4-ark er infunderet med 25 ml=0,845351 fluid oz flydende K2. Lugtfrit og farvel\u00f8st K2 papir s\u00e6lges. Vi har ogs\u00e5 K2 Spray til salg","robots":{"index":"index","follow":"follow","max-snippet":"max-snippet:-1","max-image-preview":"max-image-preview:large","max-video-preview":"max-video-preview:-1"},"canonical":"https:\/\/medicinasinc.com\/da\/product\/kob-k2-papir\/","og_locale":"en_US","og_type":"article","og_title":"K\u00f8b K2 papir online - Best Best Global Meds","og_description":"K\u00f8b K2-papir online til billige priser. Hvert A4-ark er infunderet med 25 ml=0,845351 fluid oz flydende K2. Lugtfrit og farvel\u00f8st K2 papir s\u00e6lges. Vi har ogs\u00e5 K2 Spray til salg","og_url":"https:\/\/medicinasinc.com\/da\/product\/kob-k2-papir\/","og_site_name":"Medicinas Inc","article_modified_time":"2022-03-20T00:51:47+00:00","og_image":[{"width":600,"height":600,"url":"https:\/\/medicinasinc.com\/da\/wp-content\/uploads\/sites\/8\/2022\/02\/Buy-K2-paper-online.jpg","type":"image\/jpeg"}],"twitter_card":"summary_large_image","twitter_misc":{"Est. reading time":"2 minutes"},"schema":{"@context":"https:\/\/schema.org","@graph":[{"@type":"WebPage","@id":"https:\/\/medicinasinc.com\/da\/product\/kob-k2-papir\/","url":"https:\/\/medicinasinc.com\/da\/product\/kob-k2-papir\/","name":"K\u00f8b K2 papir online - Best Best Global Meds","isPartOf":{"@id":"https:\/\/medicinasinc.com\/da\/#website"},"primaryImageOfPage":{"@id":"https:\/\/medicinasinc.com\/da\/product\/kob-k2-papir\/#primaryimage"},"image":{"@id":"https:\/\/medicinasinc.com\/da\/product\/kob-k2-papir\/#primaryimage"},"thumbnailUrl":"https:\/\/medicinasinc.com\/da\/wp-content\/uploads\/sites\/8\/2022\/02\/Buy-K2-paper-online.jpg","datePublished":"2022-02-20T15:46:01+00:00","dateModified":"2022-03-20T00:51:47+00:00","description":"K\u00f8b K2-papir online til billige priser. Hvert A4-ark er infunderet med 25 ml=0,845351 fluid oz flydende K2. Lugtfrit og farvel\u00f8st K2 papir s\u00e6lges. Vi har ogs\u00e5 K2 Spray til salg","breadcrumb":{"@id":"https:\/\/medicinasinc.com\/da\/product\/kob-k2-papir\/#breadcrumb"},"inLanguage":"en-US","potentialAction":[{"@type":"ReadAction","target":["https:\/\/medicinasinc.com\/da\/product\/kob-k2-papir\/"]}]},{"@type":"ImageObject","inLanguage":"en-US","@id":"https:\/\/medicinasinc.com\/da\/product\/kob-k2-papir\/#primaryimage","url":"https:\/\/medicinasinc.com\/da\/wp-content\/uploads\/sites\/8\/2022\/02\/Buy-K2-paper-online.jpg","contentUrl":"https:\/\/medicinasinc.com\/da\/wp-content\/uploads\/sites\/8\/2022\/02\/Buy-K2-paper-online.jpg","width":600,"height":600},{"@type":"BreadcrumbList","@id":"https:\/\/medicinasinc.com\/da\/product\/kob-k2-papir\/#breadcrumb","itemListElement":[{"@type":"ListItem","position":1,"name":"Butik","item":"https:\/\/medicinasinc.com\/da\/butik\/"},{"@type":"ListItem","position":2,"name":"K\u00f8b K2 papir"}]},{"@type":"WebSite","@id":"https:\/\/medicinasinc.com\/da\/#website","url":"https:\/\/medicinasinc.com\/da\/","name":"Medicinas Inc","description":"Health Medical Clinic","potentialAction":[{"@type":"SearchAction","target":{"@type":"EntryPoint","urlTemplate":"https:\/\/medicinasinc.com\/da\/?s={search_term_string}"},"query-input":{"@type":"PropertyValueSpecification","valueRequired":true,"valueName":"search_term_string"}}],"inLanguage":"en-US"}]}},"_links":{"self":[{"href":"https:\/\/medicinasinc.com\/da\/wp-json\/wp\/v2\/product\/4767","targetHints":{"allow":["GET"]}}],"collection":[{"href":"https:\/\/medicinasinc.com\/da\/wp-json\/wp\/v2\/product"}],"about":[{"href":"https:\/\/medicinasinc.com\/da\/wp-json\/wp\/v2\/types\/product"}],"replies":[{"embeddable":true,"href":"https:\/\/medicinasinc.com\/da\/wp-json\/wp\/v2\/comments?post=4767"}],"wp:featuredmedia":[{"embeddable":true,"href":"https:\/\/medicinasinc.com\/da\/wp-json\/wp\/v2\/media\/4781"}],"wp:attachment":[{"href":"https:\/\/medicinasinc.com\/da\/wp-json\/wp\/v2\/media?parent=4767"}],"wp:term":[{"taxonomy":"product_brand","embeddable":true,"href":"https:\/\/medicinasinc.com\/da\/wp-json\/wp\/v2\/product_brand?post=4767"},{"taxonomy":"product_cat","embeddable":true,"href":"https:\/\/medicinasinc.com\/da\/wp-json\/wp\/v2\/product_cat?post=4767"},{"taxonomy":"product_tag","embeddable":true,"href":"https:\/\/medicinasinc.com\/da\/wp-json\/wp\/v2\/product_tag?post=4767"}],"curies":[{"name":"wp","href":"https:\/\/api.w.org\/{rel}","templated":true}]}}