{"id":4761,"date":"2022-02-20T15:41:01","date_gmt":"2022-02-20T15:41:01","guid":{"rendered":"https:\/\/medicinasinc.com\/da\/?post_type=product&#038;p=4761"},"modified":"2022-03-20T00:51:57","modified_gmt":"2022-03-20T00:51:57","slug":"kob-sur-diesel-cbd-hamp-blomst-online","status":"publish","type":"product","link":"https:\/\/medicinasinc.com\/da\/product\/kob-sur-diesel-cbd-hamp-blomst-online\/","title":{"rendered":"K\u00f8b Sour Diesel CBD Hamp Flower Online"},"content":{"rendered":"<div class=\"woocommerce-tabs wc-tabs-wrapper\">\n<div id=\"tab-description\" class=\"woocommerce-Tabs-panel woocommerce-Tabs-panel--description panel entry-content wc-tab\" role=\"tabpanel\" aria-labelledby=\"tab-title-description\">\n<p>Sour Diesel er en legendarisk kultivar, der stammer fra to klassikere. Den kombinerer benzinens overv\u00e6ldende bitterhed med den l\u00e6be-smagende prikken af \u200b\u200bsur citrus. Den ikoniske urt har produceret et v\u00e6ld af stammer p\u00e5 grund af dens overlegne genetik og distinkte effekter, som g\u00f8r den til en favorit blandt landm\u00e6nd, der \u00f8nsker at dyrke hampindustriens n\u00e6ste store ting.<\/p>\n<p>Sour Diesel-stammen er hurtigvirkende og yderst potent, der leverer effekter, der kan overv\u00e6lde dit system med de v\u00e6sentlige fordele ved en sativa-stamme. Det vil sige muligheden for en h\u00e5rdtsl\u00e5ende, show-stoppende, kropsl\u00f8ftende v\u00e5genhed, der kan fremme energi, produktivitet, motivation og kreativitet.<\/p>\n<p>&nbsp;<\/p>\n<p>Historien om Sour Diesel<\/p>\n<p>Sour Diesel betragtes ofte som en af \u200b\u200bde mest essentielle hampstammer, der findes. Enhver hamp-kender vil fort\u00e6lle dig, at Sour Diesel er et must-pr\u00f8ve for alle, der h\u00e6vder at v\u00e6rds\u00e6tte urtens fordele. For det meste stammer stammens popularitet fra for\u00e6ldrenes ry &#8211; Chemdog 91 og Super Skunk. Disse hamplegender h\u00e6vede Sour Diesel-stammens omd\u00f8mme til nye h\u00f8jder og forsynede den med uovertruffen genetik, der har resulteret i, at stammens afkom er blevet den hampesucces, den er i dag.<\/p>\n<p>Chemdog 91 er en g\u00e5defuld stamme, der menes at har f\u00e5et sin markedsdebut i 1991. Den uidentificerede kultivar udsender en skarp, skunky aroma fyldt med barske noter af benzin. Disse egenskaber er fremtr\u00e6dende i Sour Diesel-urten, med dens smagsprofil, der ligner den for Chemdog 91-stammen.<\/p>\n<p>P\u00e5 den anden side er Super Skunk en stamme, der er navngivet af indlysende \u00e5rsager. Den ultra-skunky kultivar producerer en duft (eller lugt, afh\u00e6ngigt af dit toleranceniveau), der vil sl\u00e5 dine lugtesanser ud af parken. P\u00e5 trods af stammens st\u00f8dende aroma, leverer den en dejlig overraskende, delikat s\u00f8dme, der d\u00e6kker tungen i prikkende honninglignende godhed.<\/p>\n<p>&nbsp;<\/p>\n<p>\u00c6stetik og aroma<\/p>\n<p>Dit f\u00f8rste indtryk af Sour Diesel-stammen kan v\u00e6re underv\u00e6ldende. N\u00e5r alt kommer til alt, er det kun en lille smule gr\u00f8nt, med andre gr\u00f8nlige nuancer, der l\u00f8ber rundt i interi\u00f8ret for at skabe en monokromatisk palet af gr\u00e6skl\u00e6dte nuancer. Jordb\u00e6rblonde h\u00e5r vikler bladene p\u00e5 ydersiden og skaber et netv\u00e6rk af gule ranker, der er st\u00f8vet med en frostbel\u00e6gning af sukkerholdige trichomer. Bortset fra det er der ikke meget andet at bem\u00e6rke om kultivaren. Men hvad den mangler i farve, kompenserer den for med sin duft.<\/p>\n<p>Med begge for\u00e6ldre, der udviser ekstremt skarpe dufte, er det ikke overraskende, at Sour Diesel har en s\u00e5 m\u00e6rkelig aroma. Den m\u00e6rkeligt duftende stamme angriber dine lugtereceptorer som et skunkgodstog. St\u00f8dende og overv\u00e6ldende h\u00e6vder nogle brugere, at de opdager skarpe ostenoter, der blander sig med benzin oven p\u00e5 den skunkede aroma for at skabe en hampoplevelse at huske.<\/p>\n<p>&nbsp;<\/p>\n<p>Oplevelser og konsekvenser<\/p>\n<p>Til at begynde med er Sour Diesel ikke en joke, n\u00e5r det kommer til smag. Stammens r\u00f8g indeholder en ekstremt potent smag, der nemt kan overv\u00e6lde nybegyndere og brugere med lav tolerance. Betragt derfor dette som en rimelig advarsel \u2013 Sour Diesel vil kneppe din shit, begyndende med den m\u00e5de, den smager p\u00e5. For at sige det enkelt, producerer stammen en smag, der er n\u00e6sten identisk med dens lugt. Det vil sige en stor m\u00e6ngde skunk kombineret med st\u00e6rke benzinstik.<\/p>\n<p>Mellem de uimodst\u00e5elige flodb\u00f8lger af skarp smag, bryder b\u00f8lger af sur citrus skunken. De sarte noter tilf\u00f8jer nok forn\u00f8jelse til oplevelsen og transformerer den til et virkelig dynamisk og interessant smagsoplevelse.<\/p>\n<p>Et andet aspekt, der bidrager til Sour Diesels tiltr\u00e6kningskraft, er dens umiddelbare effekt. Effekterne tr\u00e6der i kraft minutter efter ind\u00e5nding og leverer h\u00f8jtflyvende sativa-l\u00e6nde effekter, der stimulerer sanserne og v\u00e6kke din kraft igen. P\u00e5 mange m\u00e5der kan belastningen siges at hj\u00e6lpe dig med at overvinde dine h\u00e6mninger, s\u00e5 du f\u00f8ler dig mere modig, vovet og selvsikker.<\/p>\n<p>Sour Diesel-stammen er i stand til at lindre fysiske og kognitive gener og tilf\u00f8rer dit system ekstra energi, der giver dig styrke og motivation til at komme igennem en dags arbejde og ansvar. Dog en advarsel &#8211; Sour Diesel er ikke for sarte sj\u00e6le. F\u00f8r du tager en toke af denne monsterstamme, skal du sikre dig, at du har tolerancen for st\u00e6rke sativa-effekter og potent smag.<\/p>\n<p>&nbsp;<\/p>\n<p>Plantering og forarbejdning<\/p>\n<p> Selvom Sour Diesel-stammen er moderat vanskelig for nybegyndere, g\u00f8r dens unikke genetik den til et fremragende valg for dem, der s\u00f8ger st\u00e6rke effekter med minimal indsats. Stammer med mere specialiserede dyrkningskrav er typisk langt mere egnede til ekstraktion, hvilket giver mere potente fuldspektrumkoncentrater til hampprodukter af h\u00f8jere kvalitet. P\u00e5 trods af dens moderate sv\u00e6rhedsgrad betaler Sour Diesel sig s\u00e5ledes med suver\u00e6n hamp, der er ideel til en r\u00e6kke forskellige processer efter h\u00f8st.<\/p>\n<p>Om cirka 11 uger, giv eller tag en uge, Sour Diesel-blomster. Det moderate udbytte er begr\u00e6nset til 3 ounce per fod planteh\u00f8jde. H\u00f8jst vil din urt n\u00e5 en h\u00f8jde p\u00e5 over 7 fod, hvilket g\u00f8r den lidt h\u00f8jere end de fleste andre sorter.<\/p>\n<p>P\u00e5 grund af plantens pladsbehov kan det v\u00e6re ideelt at dyrke den udend\u00f8rs, is\u00e6r hvis du arbejder med begr\u00e6nset plads. Indend\u00f8rsforhold kan dog v\u00e6re gunstige for Sour Diesel, s\u00e5 l\u00e6nge der er tilstr\u00e6kkelig varme, lys og lav luftfugtighed. Ved at supplere med fosforrige n\u00e6ringsstoffer mod slutningen af \u200b\u200bplantens v\u00e6kstperiode og oph\u00f8re med at vande cirka tre dage f\u00f8r h\u00f8st, b\u00f8r du opn\u00e5 en tarmv\u00e6kst, skarp lugt og et t\u00e6t trichomelag for en fremragende tur.<\/p>\n<p>&nbsp;<\/p>\n<p>Hvem er den designet til?<\/p>\n<p>P\u00e5 grund af den intense smag og monstr\u00f8se virkninger af Sour Diesel vil ikke alle nyde den oplevelse, den giver. Brugere med lav tolerance og begyndere kan blive overv\u00e6ldet ikke kun af den utrolige smag, men ogs\u00e5 af de overv\u00e6ldende effekter, som kan for\u00e5rsage angst og uro hos nogle.<\/p>\n<p>Ikke desto mindre er Sour Diesel stadig en legendarisk stamme for veteraner og purister. der s\u00e6tter pris p\u00e5 potent hamp. For dem med mere erfaring kan den rumlende fornemmelse af et hidtil uset energiflow, der l\u00f8ber gennem deres system, give den styrke, motivation og tankegang, der er n\u00f8dvendig for at fuldf\u00f8re en dags ansvar \u2013 og mere.<\/p>\n<\/p><\/div><\/div>\n<section class=\"related products\">\n<h2><\/h2>\n<\/section>\n<div class=\"product-next-previous\">\n<div class=\"product-prev\"><\/div><\/div>\n","protected":false},"excerpt":{"rendered":"<div class=\"woocommerce-product-details__short-description\">\n<p>K\u00f8b Sour Diesel CBD-blomst til salg i Storbritannien, Europa er en energigivende Sativa-dominerende stamme, der vil hj\u00e6lpe dig med at forblive fokuseret, produktiv og afbalanceret gennem hele dag.<\/p>\n<\/p><\/div>\n","protected":false},"featured_media":4775,"comment_status":"open","ping_status":"closed","template":"","meta":[],"product_brand":[],"product_cat":[689],"product_tag":[],"class_list":{"0":"post-4761","1":"product","2":"type-product","3":"status-publish","4":"has-post-thumbnail","6":"product_cat-kob-hampeblomst","8":"first","9":"instock","10":"shipping-taxable","11":"purchasable","12":"product-type-variable","13":"has-default-attributes"},"yoast_head":"<!-- This site is optimized with the Yoast SEO plugin v27.3 - https:\/\/yoast.com\/product\/yoast-seo-wordpress\/ -->\n<title>K\u00f8b Sour Diesel CBD Hamp Flower Online - Bedste bedste globale medicin<\/title>\n<meta name=\"description\" content=\"K\u00f8b Sour Diesel CBD-blomst UK, Europa er en energigivende Sativa-dominerende stamme, der vil hj\u00e6lpe dig med at forblive fokuseret, produktiv og afbalanceret hele dagen.\" \/>\n<meta name=\"robots\" content=\"index, follow, max-snippet:-1, max-image-preview:large, max-video-preview:-1\" \/>\n<link rel=\"canonical\" href=\"https:\/\/medicinasinc.com\/da\/product\/kob-sur-diesel-cbd-hamp-blomst-online\/\" \/>\n<meta property=\"og:locale\" content=\"en_US\" \/>\n<meta property=\"og:type\" content=\"article\" \/>\n<meta property=\"og:title\" content=\"K\u00f8b Sour Diesel CBD Hamp Flower Online - Bedste bedste globale medicin\" \/>\n<meta property=\"og:description\" content=\"K\u00f8b Sour Diesel CBD-blomst UK, Europa er en energigivende Sativa-dominerende stamme, der vil hj\u00e6lpe dig med at forblive fokuseret, produktiv og afbalanceret hele dagen.\" \/>\n<meta property=\"og:url\" content=\"https:\/\/medicinasinc.com\/da\/product\/kob-sur-diesel-cbd-hamp-blomst-online\/\" \/>\n<meta property=\"og:site_name\" content=\"Medicinas Inc\" \/>\n<meta property=\"article:modified_time\" content=\"2022-03-20T00:51:57+00:00\" \/>\n<meta property=\"og:image\" content=\"https:\/\/medicinasinc.com\/da\/wp-content\/uploads\/sites\/8\/2022\/02\/Buy-Sour-Diesel-CBD-Hemp-Flower-Online.jpg\" \/>\n\t<meta property=\"og:image:width\" content=\"600\" \/>\n\t<meta property=\"og:image:height\" content=\"600\" \/>\n\t<meta property=\"og:image:type\" content=\"image\/jpeg\" \/>\n<meta name=\"twitter:card\" content=\"summary_large_image\" \/>\n<meta name=\"twitter:label1\" content=\"Est. reading time\" \/>\n\t<meta name=\"twitter:data1\" content=\"5 minutes\" \/>\n<script type=\"application\/ld+json\" class=\"yoast-schema-graph\">{\"@context\":\"https:\\\/\\\/schema.org\",\"@graph\":[{\"@type\":\"WebPage\",\"@id\":\"https:\\\/\\\/medicinasinc.com\\\/da\\\/product\\\/kob-sur-diesel-cbd-hamp-blomst-online\\\/\",\"url\":\"https:\\\/\\\/medicinasinc.com\\\/da\\\/product\\\/kob-sur-diesel-cbd-hamp-blomst-online\\\/\",\"name\":\"K\u00f8b Sour Diesel CBD Hamp Flower Online - Bedste bedste globale medicin\",\"isPartOf\":{\"@id\":\"https:\\\/\\\/medicinasinc.com\\\/da\\\/#website\"},\"primaryImageOfPage\":{\"@id\":\"https:\\\/\\\/medicinasinc.com\\\/da\\\/product\\\/kob-sur-diesel-cbd-hamp-blomst-online\\\/#primaryimage\"},\"image\":{\"@id\":\"https:\\\/\\\/medicinasinc.com\\\/da\\\/product\\\/kob-sur-diesel-cbd-hamp-blomst-online\\\/#primaryimage\"},\"thumbnailUrl\":\"https:\\\/\\\/medicinasinc.com\\\/da\\\/wp-content\\\/uploads\\\/sites\\\/8\\\/2022\\\/02\\\/Buy-Sour-Diesel-CBD-Hemp-Flower-Online.jpg\",\"datePublished\":\"2022-02-20T15:41:01+00:00\",\"dateModified\":\"2022-03-20T00:51:57+00:00\",\"description\":\"K\u00f8b Sour Diesel CBD-blomst UK, Europa er en energigivende Sativa-dominerende stamme, der vil hj\u00e6lpe dig med at forblive fokuseret, produktiv og afbalanceret hele dagen.\",\"breadcrumb\":{\"@id\":\"https:\\\/\\\/medicinasinc.com\\\/da\\\/product\\\/kob-sur-diesel-cbd-hamp-blomst-online\\\/#breadcrumb\"},\"inLanguage\":\"en-US\",\"potentialAction\":[{\"@type\":\"ReadAction\",\"target\":[\"https:\\\/\\\/medicinasinc.com\\\/da\\\/product\\\/kob-sur-diesel-cbd-hamp-blomst-online\\\/\"]}]},{\"@type\":\"ImageObject\",\"inLanguage\":\"en-US\",\"@id\":\"https:\\\/\\\/medicinasinc.com\\\/da\\\/product\\\/kob-sur-diesel-cbd-hamp-blomst-online\\\/#primaryimage\",\"url\":\"https:\\\/\\\/medicinasinc.com\\\/da\\\/wp-content\\\/uploads\\\/sites\\\/8\\\/2022\\\/02\\\/Buy-Sour-Diesel-CBD-Hemp-Flower-Online.jpg\",\"contentUrl\":\"https:\\\/\\\/medicinasinc.com\\\/da\\\/wp-content\\\/uploads\\\/sites\\\/8\\\/2022\\\/02\\\/Buy-Sour-Diesel-CBD-Hemp-Flower-Online.jpg\",\"width\":600,\"height\":600},{\"@type\":\"BreadcrumbList\",\"@id\":\"https:\\\/\\\/medicinasinc.com\\\/da\\\/product\\\/kob-sur-diesel-cbd-hamp-blomst-online\\\/#breadcrumb\",\"itemListElement\":[{\"@type\":\"ListItem\",\"position\":1,\"name\":\"Butik\",\"item\":\"https:\\\/\\\/medicinasinc.com\\\/da\\\/butik\\\/\"},{\"@type\":\"ListItem\",\"position\":2,\"name\":\"K\u00f8b Sour Diesel CBD Hamp Flower Online\"}]},{\"@type\":\"WebSite\",\"@id\":\"https:\\\/\\\/medicinasinc.com\\\/da\\\/#website\",\"url\":\"https:\\\/\\\/medicinasinc.com\\\/da\\\/\",\"name\":\"Medicinas Inc\",\"description\":\"Health Medical Clinic\",\"potentialAction\":[{\"@type\":\"SearchAction\",\"target\":{\"@type\":\"EntryPoint\",\"urlTemplate\":\"https:\\\/\\\/medicinasinc.com\\\/da\\\/?s={search_term_string}\"},\"query-input\":{\"@type\":\"PropertyValueSpecification\",\"valueRequired\":true,\"valueName\":\"search_term_string\"}}],\"inLanguage\":\"en-US\"}]}<\/script>\n<!-- \/ Yoast SEO plugin. -->","yoast_head_json":{"title":"K\u00f8b Sour Diesel CBD Hamp Flower Online - Bedste bedste globale medicin","description":"K\u00f8b Sour Diesel CBD-blomst UK, Europa er en energigivende Sativa-dominerende stamme, der vil hj\u00e6lpe dig med at forblive fokuseret, produktiv og afbalanceret hele dagen.","robots":{"index":"index","follow":"follow","max-snippet":"max-snippet:-1","max-image-preview":"max-image-preview:large","max-video-preview":"max-video-preview:-1"},"canonical":"https:\/\/medicinasinc.com\/da\/product\/kob-sur-diesel-cbd-hamp-blomst-online\/","og_locale":"en_US","og_type":"article","og_title":"K\u00f8b Sour Diesel CBD Hamp Flower Online - Bedste bedste globale medicin","og_description":"K\u00f8b Sour Diesel CBD-blomst UK, Europa er en energigivende Sativa-dominerende stamme, der vil hj\u00e6lpe dig med at forblive fokuseret, produktiv og afbalanceret hele dagen.","og_url":"https:\/\/medicinasinc.com\/da\/product\/kob-sur-diesel-cbd-hamp-blomst-online\/","og_site_name":"Medicinas Inc","article_modified_time":"2022-03-20T00:51:57+00:00","og_image":[{"width":600,"height":600,"url":"https:\/\/medicinasinc.com\/da\/wp-content\/uploads\/sites\/8\/2022\/02\/Buy-Sour-Diesel-CBD-Hemp-Flower-Online.jpg","type":"image\/jpeg"}],"twitter_card":"summary_large_image","twitter_misc":{"Est. reading time":"5 minutes"},"schema":{"@context":"https:\/\/schema.org","@graph":[{"@type":"WebPage","@id":"https:\/\/medicinasinc.com\/da\/product\/kob-sur-diesel-cbd-hamp-blomst-online\/","url":"https:\/\/medicinasinc.com\/da\/product\/kob-sur-diesel-cbd-hamp-blomst-online\/","name":"K\u00f8b Sour Diesel CBD Hamp Flower Online - Bedste bedste globale medicin","isPartOf":{"@id":"https:\/\/medicinasinc.com\/da\/#website"},"primaryImageOfPage":{"@id":"https:\/\/medicinasinc.com\/da\/product\/kob-sur-diesel-cbd-hamp-blomst-online\/#primaryimage"},"image":{"@id":"https:\/\/medicinasinc.com\/da\/product\/kob-sur-diesel-cbd-hamp-blomst-online\/#primaryimage"},"thumbnailUrl":"https:\/\/medicinasinc.com\/da\/wp-content\/uploads\/sites\/8\/2022\/02\/Buy-Sour-Diesel-CBD-Hemp-Flower-Online.jpg","datePublished":"2022-02-20T15:41:01+00:00","dateModified":"2022-03-20T00:51:57+00:00","description":"K\u00f8b Sour Diesel CBD-blomst UK, Europa er en energigivende Sativa-dominerende stamme, der vil hj\u00e6lpe dig med at forblive fokuseret, produktiv og afbalanceret hele dagen.","breadcrumb":{"@id":"https:\/\/medicinasinc.com\/da\/product\/kob-sur-diesel-cbd-hamp-blomst-online\/#breadcrumb"},"inLanguage":"en-US","potentialAction":[{"@type":"ReadAction","target":["https:\/\/medicinasinc.com\/da\/product\/kob-sur-diesel-cbd-hamp-blomst-online\/"]}]},{"@type":"ImageObject","inLanguage":"en-US","@id":"https:\/\/medicinasinc.com\/da\/product\/kob-sur-diesel-cbd-hamp-blomst-online\/#primaryimage","url":"https:\/\/medicinasinc.com\/da\/wp-content\/uploads\/sites\/8\/2022\/02\/Buy-Sour-Diesel-CBD-Hemp-Flower-Online.jpg","contentUrl":"https:\/\/medicinasinc.com\/da\/wp-content\/uploads\/sites\/8\/2022\/02\/Buy-Sour-Diesel-CBD-Hemp-Flower-Online.jpg","width":600,"height":600},{"@type":"BreadcrumbList","@id":"https:\/\/medicinasinc.com\/da\/product\/kob-sur-diesel-cbd-hamp-blomst-online\/#breadcrumb","itemListElement":[{"@type":"ListItem","position":1,"name":"Butik","item":"https:\/\/medicinasinc.com\/da\/butik\/"},{"@type":"ListItem","position":2,"name":"K\u00f8b Sour Diesel CBD Hamp Flower Online"}]},{"@type":"WebSite","@id":"https:\/\/medicinasinc.com\/da\/#website","url":"https:\/\/medicinasinc.com\/da\/","name":"Medicinas Inc","description":"Health Medical Clinic","potentialAction":[{"@type":"SearchAction","target":{"@type":"EntryPoint","urlTemplate":"https:\/\/medicinasinc.com\/da\/?s={search_term_string}"},"query-input":{"@type":"PropertyValueSpecification","valueRequired":true,"valueName":"search_term_string"}}],"inLanguage":"en-US"}]}},"_links":{"self":[{"href":"https:\/\/medicinasinc.com\/da\/wp-json\/wp\/v2\/product\/4761","targetHints":{"allow":["GET"]}}],"collection":[{"href":"https:\/\/medicinasinc.com\/da\/wp-json\/wp\/v2\/product"}],"about":[{"href":"https:\/\/medicinasinc.com\/da\/wp-json\/wp\/v2\/types\/product"}],"replies":[{"embeddable":true,"href":"https:\/\/medicinasinc.com\/da\/wp-json\/wp\/v2\/comments?post=4761"}],"wp:featuredmedia":[{"embeddable":true,"href":"https:\/\/medicinasinc.com\/da\/wp-json\/wp\/v2\/media\/4775"}],"wp:attachment":[{"href":"https:\/\/medicinasinc.com\/da\/wp-json\/wp\/v2\/media?parent=4761"}],"wp:term":[{"taxonomy":"product_brand","embeddable":true,"href":"https:\/\/medicinasinc.com\/da\/wp-json\/wp\/v2\/product_brand?post=4761"},{"taxonomy":"product_cat","embeddable":true,"href":"https:\/\/medicinasinc.com\/da\/wp-json\/wp\/v2\/product_cat?post=4761"},{"taxonomy":"product_tag","embeddable":true,"href":"https:\/\/medicinasinc.com\/da\/wp-json\/wp\/v2\/product_tag?post=4761"}],"curies":[{"name":"wp","href":"https:\/\/api.w.org\/{rel}","templated":true}]}}