{"id":4759,"date":"2022-02-20T15:39:59","date_gmt":"2022-02-20T15:39:59","guid":{"rendered":"https:\/\/medicinasinc.com\/da\/?post_type=product&#038;p=4759"},"modified":"2022-03-20T00:52:05","modified_gmt":"2022-03-20T00:52:05","slug":"kob-suzy-q-cbd-hamp-blomst","status":"publish","type":"product","link":"https:\/\/medicinasinc.com\/da\/product\/kob-suzy-q-cbd-hamp-blomst\/","title":{"rendered":"K\u00f8b Suzy Q CBD Hamp Flower"},"content":{"rendered":"<p>Suzy Q er en medium-t\u00e6t, olivengr\u00f8n stamme med m\u00f8rke ravfarvede h\u00e5r. Det anbefales til cannabis-entusiaster, der s\u00f8ger en klarhovedet, opl\u00f8ftende effekt. Den robuste smag af denne stamme er kendetegnet ved tr\u00e6agtige noter og et strejf af krydderi. Suzy Q er kendt for sin s\u00f8de, jordagtige aroma og terpenprofil af pinjeagtig, krydrede terpener.<\/p>\n<p>Den j\u00e6vnt afbalancerede hybrid indeholder 50 % sativa (en mere stimulerende stamme) og 50 % indica (en mere afslappende) stamme), hvilket resulterer i en synergistisk effekt. P\u00e5 grund af dets relativt h\u00f8je CBD-indhold er det et glimrende valg for dem, der s\u00f8ger en beroligende oplevelse. Det betragtes bredt som en af \u200b\u200bde mest beroligende stammer, der findes.<\/p>\n<p>Suzy Q indeholder en h\u00f8j koncentration af CBD og kun et spor af THC, et godt stykke under den lovlige gr\u00e6nse for hamp. Dette forhold indikerer, at du b\u00f8r forudse en mildt opl\u00f8ftende oplevelse.<\/p>\n<p>Sikring af kvaliteten af \u200b\u200bhampeblomster fra g\u00e5rd til salg<\/p>\n<p>Suzy Q hampblomster dyrkes p\u00e5 en malerisk 100 hektar stor g\u00e5rd i det nordlige Californien. Det idylliske klima i det nordlige Californien skaber illusionen af \u200b\u200ben endel\u00f8s sommer, og de t\u00f8rre, lyse dage resulterer i store afgr\u00f8der af smukke blomster fri for mug eller meldug.<\/p>\n<p>Vores g\u00e5rd er certificeret \u00f8kologisk, hvilket betyder, at ingen kemikalier der anvendes g\u00f8dning eller pesticider. Vi l\u00e6gger stor v\u00e6gt p\u00e5 at sikre ordentlig permakultur &#8211; dyrkning af et selvb\u00e6rende og selvforsynende landbrugs\u00f8kosystem. En m\u00e5de vi g\u00f8r dette p\u00e5 er gennem topdressing af foder, som tvinger r\u00f8dderne til at arbejde h\u00e5rdere for at fremme et sundt jordmilj\u00f8, der fremmer plantev\u00e6kst.<\/p>\n<p>N\u00e5r vores hampplanter n\u00e5r deres fulde potentiale, h\u00e6nges de p\u00e5 hovedet. ned til t\u00f8rre, derefter t\u00f8rh\u00e6rdet og h\u00e5ndtrimmet. Cannabis er en ekstremt delikat plante. Selv mindre fejl under dyrkning eller h\u00f8st kan hurtigt forringe knoppernes kvalitet. Vi kr\u00e6ver fuldst\u00e6ndig gennemsigtighed og kvalitetskontrol&#8230;og det skal du ogs\u00e5. Der kr\u00e6ves intet mindre af hampblomster.<\/p>\n<p>Vores CBD-hampeblomst har gennemg\u00e5et uafh\u00e6ngige tests<\/p>\n<p>Hver afgr\u00f8de er testet for renhed og styrke hos en DEA-registreret, ISO 17025-akkrediteret, AHCA -akkrediteret og CLIA-akkrediteret uafh\u00e6ngigt laboratorium. Hele paneltesten unders\u00f8ger for f\u00f8lgende:<\/p>\n<p>CBD, THC og andre cannabinoiders styrke.<br \/> Metaller lourdes (bly, kviks\u00f8lv, arsen, cadmium).<br \/> Bakterier som f.eks. E. coli, s\u00e5vel som andre patogener<br \/> Forurenende stoffer s\u00e5som mykotoksiner.<\/p>\n<p>Hver ordre kommer med et analysecertifikat, der sikrer, at du altid ved pr\u00e6cist, hvad du f\u00e5r, n\u00e5r du k\u00f8ber Crescent Flower .<\/p>\n","protected":false},"excerpt":{"rendered":"<p>Suzy Q CBD Hamp Flower Full Spectrum Hamp Flower &#8211; K\u00f8b Suzy Q CBD Hamp Flower Full Spectrum Hamp Flower. Suzy Q er en h\u00f8j-CBD, lav-THC-stamme med en piney-smag, der hj\u00e6lper med behandling af symptomer, mens den producerer lidt eller ingen eufori.<\/p>\n<p>Suzy Q er en h\u00f8j-CBD, lav-THC-stamme med en piney-smag, der hj\u00e6lper med behandling af symptomer med ringe eller ingen psykoaktiv effekt. Dette er en fremragende belastning at tilf\u00f8je til CBD-familien.<br \/> Cbd: 15%\u201317%<\/p>\n<p>0,2 procent thc<\/p>\n","protected":false},"featured_media":4773,"comment_status":"open","ping_status":"closed","template":"","meta":[],"product_brand":[],"product_cat":[689],"product_tag":[],"class_list":{"0":"post-4759","1":"product","2":"type-product","3":"status-publish","4":"has-post-thumbnail","6":"product_cat-kob-hampeblomst","8":"first","9":"instock","10":"shipping-taxable","11":"purchasable","12":"product-type-variable","13":"has-default-attributes"},"yoast_head":"<!-- This site is optimized with the Yoast SEO plugin v27.3 - https:\/\/yoast.com\/product\/yoast-seo-wordpress\/ -->\n<title>K\u00f8b Suzy Q CBD Hamp Flower - Bedste bedste globale medicin<\/title>\n<meta name=\"description\" content=\"K\u00f8b Suzy Q CBD Hamp Flower Full Spectrum Hamp Flower. Suzy Q er en h\u00f8j-CBD, lav-THC-stamme med en pinyagtig smag, der hj\u00e6lper med at behandle symptomer med lidt eller ingen euforisk h\u00f8j.\" \/>\n<meta name=\"robots\" content=\"index, follow, max-snippet:-1, max-image-preview:large, max-video-preview:-1\" \/>\n<link rel=\"canonical\" href=\"https:\/\/medicinasinc.com\/da\/product\/kob-suzy-q-cbd-hamp-blomst\/\" \/>\n<meta property=\"og:locale\" content=\"en_US\" \/>\n<meta property=\"og:type\" content=\"article\" \/>\n<meta property=\"og:title\" content=\"K\u00f8b Suzy Q CBD Hamp Flower - Bedste bedste globale medicin\" \/>\n<meta property=\"og:description\" content=\"K\u00f8b Suzy Q CBD Hamp Flower Full Spectrum Hamp Flower. Suzy Q er en h\u00f8j-CBD, lav-THC-stamme med en pinyagtig smag, der hj\u00e6lper med at behandle symptomer med lidt eller ingen euforisk h\u00f8j.\" \/>\n<meta property=\"og:url\" content=\"https:\/\/medicinasinc.com\/da\/product\/kob-suzy-q-cbd-hamp-blomst\/\" \/>\n<meta property=\"og:site_name\" content=\"Medicinas Inc\" \/>\n<meta property=\"article:modified_time\" content=\"2022-03-20T00:52:05+00:00\" \/>\n<meta property=\"og:image\" content=\"https:\/\/medicinasinc.com\/da\/wp-content\/uploads\/sites\/8\/2022\/02\/Buy-Suzy-Q-CBD-Hemp-Flower-Online.jpg\" \/>\n\t<meta property=\"og:image:width\" content=\"600\" \/>\n\t<meta property=\"og:image:height\" content=\"600\" \/>\n\t<meta property=\"og:image:type\" content=\"image\/jpeg\" \/>\n<meta name=\"twitter:card\" content=\"summary_large_image\" \/>\n<meta name=\"twitter:label1\" content=\"Est. reading time\" \/>\n\t<meta name=\"twitter:data1\" content=\"2 minutes\" \/>\n<script type=\"application\/ld+json\" class=\"yoast-schema-graph\">{\"@context\":\"https:\\\/\\\/schema.org\",\"@graph\":[{\"@type\":\"WebPage\",\"@id\":\"https:\\\/\\\/medicinasinc.com\\\/da\\\/product\\\/kob-suzy-q-cbd-hamp-blomst\\\/\",\"url\":\"https:\\\/\\\/medicinasinc.com\\\/da\\\/product\\\/kob-suzy-q-cbd-hamp-blomst\\\/\",\"name\":\"K\u00f8b Suzy Q CBD Hamp Flower - Bedste bedste globale medicin\",\"isPartOf\":{\"@id\":\"https:\\\/\\\/medicinasinc.com\\\/da\\\/#website\"},\"primaryImageOfPage\":{\"@id\":\"https:\\\/\\\/medicinasinc.com\\\/da\\\/product\\\/kob-suzy-q-cbd-hamp-blomst\\\/#primaryimage\"},\"image\":{\"@id\":\"https:\\\/\\\/medicinasinc.com\\\/da\\\/product\\\/kob-suzy-q-cbd-hamp-blomst\\\/#primaryimage\"},\"thumbnailUrl\":\"https:\\\/\\\/medicinasinc.com\\\/da\\\/wp-content\\\/uploads\\\/sites\\\/8\\\/2022\\\/02\\\/Buy-Suzy-Q-CBD-Hemp-Flower-Online.jpg\",\"datePublished\":\"2022-02-20T15:39:59+00:00\",\"dateModified\":\"2022-03-20T00:52:05+00:00\",\"description\":\"K\u00f8b Suzy Q CBD Hamp Flower Full Spectrum Hamp Flower. Suzy Q er en h\u00f8j-CBD, lav-THC-stamme med en pinyagtig smag, der hj\u00e6lper med at behandle symptomer med lidt eller ingen euforisk h\u00f8j.\",\"breadcrumb\":{\"@id\":\"https:\\\/\\\/medicinasinc.com\\\/da\\\/product\\\/kob-suzy-q-cbd-hamp-blomst\\\/#breadcrumb\"},\"inLanguage\":\"en-US\",\"potentialAction\":[{\"@type\":\"ReadAction\",\"target\":[\"https:\\\/\\\/medicinasinc.com\\\/da\\\/product\\\/kob-suzy-q-cbd-hamp-blomst\\\/\"]}]},{\"@type\":\"ImageObject\",\"inLanguage\":\"en-US\",\"@id\":\"https:\\\/\\\/medicinasinc.com\\\/da\\\/product\\\/kob-suzy-q-cbd-hamp-blomst\\\/#primaryimage\",\"url\":\"https:\\\/\\\/medicinasinc.com\\\/da\\\/wp-content\\\/uploads\\\/sites\\\/8\\\/2022\\\/02\\\/Buy-Suzy-Q-CBD-Hemp-Flower-Online.jpg\",\"contentUrl\":\"https:\\\/\\\/medicinasinc.com\\\/da\\\/wp-content\\\/uploads\\\/sites\\\/8\\\/2022\\\/02\\\/Buy-Suzy-Q-CBD-Hemp-Flower-Online.jpg\",\"width\":600,\"height\":600},{\"@type\":\"BreadcrumbList\",\"@id\":\"https:\\\/\\\/medicinasinc.com\\\/da\\\/product\\\/kob-suzy-q-cbd-hamp-blomst\\\/#breadcrumb\",\"itemListElement\":[{\"@type\":\"ListItem\",\"position\":1,\"name\":\"Butik\",\"item\":\"https:\\\/\\\/medicinasinc.com\\\/da\\\/butik\\\/\"},{\"@type\":\"ListItem\",\"position\":2,\"name\":\"K\u00f8b Suzy Q CBD Hamp Flower\"}]},{\"@type\":\"WebSite\",\"@id\":\"https:\\\/\\\/medicinasinc.com\\\/da\\\/#website\",\"url\":\"https:\\\/\\\/medicinasinc.com\\\/da\\\/\",\"name\":\"Medicinas Inc\",\"description\":\"Health Medical Clinic\",\"potentialAction\":[{\"@type\":\"SearchAction\",\"target\":{\"@type\":\"EntryPoint\",\"urlTemplate\":\"https:\\\/\\\/medicinasinc.com\\\/da\\\/?s={search_term_string}\"},\"query-input\":{\"@type\":\"PropertyValueSpecification\",\"valueRequired\":true,\"valueName\":\"search_term_string\"}}],\"inLanguage\":\"en-US\"}]}<\/script>\n<!-- \/ Yoast SEO plugin. -->","yoast_head_json":{"title":"K\u00f8b Suzy Q CBD Hamp Flower - Bedste bedste globale medicin","description":"K\u00f8b Suzy Q CBD Hamp Flower Full Spectrum Hamp Flower. Suzy Q er en h\u00f8j-CBD, lav-THC-stamme med en pinyagtig smag, der hj\u00e6lper med at behandle symptomer med lidt eller ingen euforisk h\u00f8j.","robots":{"index":"index","follow":"follow","max-snippet":"max-snippet:-1","max-image-preview":"max-image-preview:large","max-video-preview":"max-video-preview:-1"},"canonical":"https:\/\/medicinasinc.com\/da\/product\/kob-suzy-q-cbd-hamp-blomst\/","og_locale":"en_US","og_type":"article","og_title":"K\u00f8b Suzy Q CBD Hamp Flower - Bedste bedste globale medicin","og_description":"K\u00f8b Suzy Q CBD Hamp Flower Full Spectrum Hamp Flower. Suzy Q er en h\u00f8j-CBD, lav-THC-stamme med en pinyagtig smag, der hj\u00e6lper med at behandle symptomer med lidt eller ingen euforisk h\u00f8j.","og_url":"https:\/\/medicinasinc.com\/da\/product\/kob-suzy-q-cbd-hamp-blomst\/","og_site_name":"Medicinas Inc","article_modified_time":"2022-03-20T00:52:05+00:00","og_image":[{"width":600,"height":600,"url":"https:\/\/medicinasinc.com\/da\/wp-content\/uploads\/sites\/8\/2022\/02\/Buy-Suzy-Q-CBD-Hemp-Flower-Online.jpg","type":"image\/jpeg"}],"twitter_card":"summary_large_image","twitter_misc":{"Est. reading time":"2 minutes"},"schema":{"@context":"https:\/\/schema.org","@graph":[{"@type":"WebPage","@id":"https:\/\/medicinasinc.com\/da\/product\/kob-suzy-q-cbd-hamp-blomst\/","url":"https:\/\/medicinasinc.com\/da\/product\/kob-suzy-q-cbd-hamp-blomst\/","name":"K\u00f8b Suzy Q CBD Hamp Flower - Bedste bedste globale medicin","isPartOf":{"@id":"https:\/\/medicinasinc.com\/da\/#website"},"primaryImageOfPage":{"@id":"https:\/\/medicinasinc.com\/da\/product\/kob-suzy-q-cbd-hamp-blomst\/#primaryimage"},"image":{"@id":"https:\/\/medicinasinc.com\/da\/product\/kob-suzy-q-cbd-hamp-blomst\/#primaryimage"},"thumbnailUrl":"https:\/\/medicinasinc.com\/da\/wp-content\/uploads\/sites\/8\/2022\/02\/Buy-Suzy-Q-CBD-Hemp-Flower-Online.jpg","datePublished":"2022-02-20T15:39:59+00:00","dateModified":"2022-03-20T00:52:05+00:00","description":"K\u00f8b Suzy Q CBD Hamp Flower Full Spectrum Hamp Flower. Suzy Q er en h\u00f8j-CBD, lav-THC-stamme med en pinyagtig smag, der hj\u00e6lper med at behandle symptomer med lidt eller ingen euforisk h\u00f8j.","breadcrumb":{"@id":"https:\/\/medicinasinc.com\/da\/product\/kob-suzy-q-cbd-hamp-blomst\/#breadcrumb"},"inLanguage":"en-US","potentialAction":[{"@type":"ReadAction","target":["https:\/\/medicinasinc.com\/da\/product\/kob-suzy-q-cbd-hamp-blomst\/"]}]},{"@type":"ImageObject","inLanguage":"en-US","@id":"https:\/\/medicinasinc.com\/da\/product\/kob-suzy-q-cbd-hamp-blomst\/#primaryimage","url":"https:\/\/medicinasinc.com\/da\/wp-content\/uploads\/sites\/8\/2022\/02\/Buy-Suzy-Q-CBD-Hemp-Flower-Online.jpg","contentUrl":"https:\/\/medicinasinc.com\/da\/wp-content\/uploads\/sites\/8\/2022\/02\/Buy-Suzy-Q-CBD-Hemp-Flower-Online.jpg","width":600,"height":600},{"@type":"BreadcrumbList","@id":"https:\/\/medicinasinc.com\/da\/product\/kob-suzy-q-cbd-hamp-blomst\/#breadcrumb","itemListElement":[{"@type":"ListItem","position":1,"name":"Butik","item":"https:\/\/medicinasinc.com\/da\/butik\/"},{"@type":"ListItem","position":2,"name":"K\u00f8b Suzy Q CBD Hamp Flower"}]},{"@type":"WebSite","@id":"https:\/\/medicinasinc.com\/da\/#website","url":"https:\/\/medicinasinc.com\/da\/","name":"Medicinas Inc","description":"Health Medical Clinic","potentialAction":[{"@type":"SearchAction","target":{"@type":"EntryPoint","urlTemplate":"https:\/\/medicinasinc.com\/da\/?s={search_term_string}"},"query-input":{"@type":"PropertyValueSpecification","valueRequired":true,"valueName":"search_term_string"}}],"inLanguage":"en-US"}]}},"_links":{"self":[{"href":"https:\/\/medicinasinc.com\/da\/wp-json\/wp\/v2\/product\/4759","targetHints":{"allow":["GET"]}}],"collection":[{"href":"https:\/\/medicinasinc.com\/da\/wp-json\/wp\/v2\/product"}],"about":[{"href":"https:\/\/medicinasinc.com\/da\/wp-json\/wp\/v2\/types\/product"}],"replies":[{"embeddable":true,"href":"https:\/\/medicinasinc.com\/da\/wp-json\/wp\/v2\/comments?post=4759"}],"wp:featuredmedia":[{"embeddable":true,"href":"https:\/\/medicinasinc.com\/da\/wp-json\/wp\/v2\/media\/4773"}],"wp:attachment":[{"href":"https:\/\/medicinasinc.com\/da\/wp-json\/wp\/v2\/media?parent=4759"}],"wp:term":[{"taxonomy":"product_brand","embeddable":true,"href":"https:\/\/medicinasinc.com\/da\/wp-json\/wp\/v2\/product_brand?post=4759"},{"taxonomy":"product_cat","embeddable":true,"href":"https:\/\/medicinasinc.com\/da\/wp-json\/wp\/v2\/product_cat?post=4759"},{"taxonomy":"product_tag","embeddable":true,"href":"https:\/\/medicinasinc.com\/da\/wp-json\/wp\/v2\/product_tag?post=4759"}],"curies":[{"name":"wp","href":"https:\/\/api.w.org\/{rel}","templated":true}]}}