{"id":4733,"date":"2022-02-20T15:18:37","date_gmt":"2022-02-20T15:18:37","guid":{"rendered":"https:\/\/medicinasinc.com\/da\/?post_type=product&#038;p=4733"},"modified":"2022-03-20T00:52:42","modified_gmt":"2022-03-20T00:52:42","slug":"kob-pink-kush-hash","status":"publish","type":"product","link":"https:\/\/medicinasinc.com\/da\/product\/kob-pink-kush-hash\/","title":{"rendered":"K\u00f8b Pink Kush Hash"},"content":{"rendered":"<p>Online k\u00f8b af Pink Kush Hash<\/p>\n<p>F\u00f8r du k\u00f8ber lovlig hash online, er det vigtigt at forst\u00e5, hvad det er, hvordan det relaterer til cannabis, og hvad der adskiller det fra andre ukrudtsprodukter. Hash, en anden betegnelse for &#8220;hash&#8221;, er et cannabiskoncentrat, der formidles via banen p\u00e5 en marihuanaplante. Dette opn\u00e5s ved at adskille en cannabisplantes saftorganer, som tilsammen kaldes trichomes, fra dens blomster. Disse trichomer er kendt for at indeholde de h\u00f8jeste koncentrationer af cannabinoider og terpener, som er de kemiske forbindelser, der er ansvarlige for Maryjanes unikke egenskaber og egenskaber. P\u00e5 grund af den h\u00f8je koncentration af cannabinoider og terpener i hash, besidder den en ekstraordin\u00e6r kapacitet til at skabe forbl\u00f8ffende psykoaktive og medicinske m\u00f8der for cannabisklienter. Hasholie er en meget koncentreret form for cannabis, der kan ryges, fordampes, indtages eller skures p\u00e5 huden. Nogle gange omtales brugen af \u200b\u200bhasholie som &#8220;n\u00e5&#8221; eller &#8220;forbrugende&#8221;. Hasholie er afledt af cannabisplanter og indeholder THC (delta-9-tetrahydrocannabinol), den samme revolutionerende forbindelse som findes i andre Maryjane-produkter.<\/p>\n<p>Under alle omst\u00e6ndigheder er hasholie mere potent og indeholder op til 90 % ren THC. I andre dele af cannabisplanten er den typiske THC-koncentration naturligvis omkring 12%. P\u00e5lidelig<\/p>\n<p>CO2-udvinding er i \u00f8jeblikket den mest effektive metode til at udvinde THC-olie. Derudover er det den mest almindelige og sikre metode til fremstilling af cannabisolie, destillat og levende tyggegummibiler. Grunden til, at den er s\u00e5 udbredt i disse dage, er, at denne THC-olie er fri for yderligere opl\u00f8sningsmidler s\u00e5som spiritus eller butan.<\/p>\n<p>St\u00f8rstedelen af \u200b\u200bTHC-olier indeholder en form for aftagende beredskab. Dette er n\u00f8dvendigt for at sikre, at olien bevarer en ideel konsistens til dampning. De mest effektive reduktionsmidler er vegetabilsk glycerin og propylenglycol (VG og PG), som almindeligvis findes i konventionel e-v\u00e6ske. Nogle f\u00e5 indeholder forskellige fyldstoffer, s\u00e5som PEG, og v\u00e6sentligt p\u00e5 det seneste, TEC Temper, som er en anden tilstand afledt af konventionelle terpener. Hasholie kan k\u00f8bes.<\/p>\n","protected":false},"excerpt":{"rendered":"<p>K\u00f8b Pink Kush Hash til salg i Storbritannien, Europa online. Pink Kush, lige s\u00e5 eftertragtet som dens OG Kush-sl\u00e6gtning, er en indica-dominerende hybrid med kraftfulde kropsfokuserede effekter. Bestil online NU!<\/p>\n<ul>\n<li>Forsendelse til hele verden<\/li>\n<li>Kontakt os for st\u00f8rre ordrer<\/li>\n<\/ul>\n","protected":false},"featured_media":4745,"comment_status":"open","ping_status":"closed","template":"","meta":[],"product_brand":[],"product_cat":[610],"product_tag":[],"class_list":{"0":"post-4733","1":"product","2":"type-product","3":"status-publish","4":"has-post-thumbnail","6":"product_cat-kob-hash-hash","8":"first","9":"instock","10":"shipping-taxable","11":"purchasable","12":"product-type-variable","13":"has-default-attributes"},"yoast_head":"<!-- This site is optimized with the Yoast SEO plugin v27.3 - https:\/\/yoast.com\/product\/yoast-seo-wordpress\/ -->\n<title>K\u00f8b Pink Kush Hash Online - Bedste bedste globale medicin<\/title>\n<meta name=\"description\" content=\"K\u00f8b Pink Kush Hash til salg i Storbritannien, Europa online. Pink Kush, lige s\u00e5 eftertragtet som dens OG Kush-sl\u00e6gtning, er en indica-dominerende hybrid med kraftfulde kropsfokuserede effekter. Bestil online NU!\" \/>\n<meta name=\"robots\" content=\"index, follow, max-snippet:-1, max-image-preview:large, max-video-preview:-1\" \/>\n<link rel=\"canonical\" href=\"https:\/\/medicinasinc.com\/da\/product\/kob-pink-kush-hash\/\" \/>\n<meta property=\"og:locale\" content=\"en_US\" \/>\n<meta property=\"og:type\" content=\"article\" \/>\n<meta property=\"og:title\" content=\"K\u00f8b Pink Kush Hash Online - Bedste bedste globale medicin\" \/>\n<meta property=\"og:description\" content=\"K\u00f8b Pink Kush Hash til salg i Storbritannien, Europa online. Pink Kush, lige s\u00e5 eftertragtet som dens OG Kush-sl\u00e6gtning, er en indica-dominerende hybrid med kraftfulde kropsfokuserede effekter. Bestil online NU!\" \/>\n<meta property=\"og:url\" content=\"https:\/\/medicinasinc.com\/da\/product\/kob-pink-kush-hash\/\" \/>\n<meta property=\"og:site_name\" content=\"Medicinas Inc\" \/>\n<meta property=\"article:modified_time\" content=\"2022-03-20T00:52:42+00:00\" \/>\n<meta property=\"og:image\" content=\"https:\/\/medicinasinc.com\/da\/wp-content\/uploads\/sites\/8\/2022\/02\/buy-pink-kush-hash.jpg\" \/>\n\t<meta property=\"og:image:width\" content=\"600\" \/>\n\t<meta property=\"og:image:height\" content=\"600\" \/>\n\t<meta property=\"og:image:type\" content=\"image\/jpeg\" \/>\n<meta name=\"twitter:card\" content=\"summary_large_image\" \/>\n<meta name=\"twitter:label1\" content=\"Est. reading time\" \/>\n\t<meta name=\"twitter:data1\" content=\"2 minutes\" \/>\n<script type=\"application\/ld+json\" class=\"yoast-schema-graph\">{\"@context\":\"https:\\\/\\\/schema.org\",\"@graph\":[{\"@type\":\"WebPage\",\"@id\":\"https:\\\/\\\/medicinasinc.com\\\/da\\\/product\\\/kob-pink-kush-hash\\\/\",\"url\":\"https:\\\/\\\/medicinasinc.com\\\/da\\\/product\\\/kob-pink-kush-hash\\\/\",\"name\":\"K\u00f8b Pink Kush Hash Online - Bedste bedste globale medicin\",\"isPartOf\":{\"@id\":\"https:\\\/\\\/medicinasinc.com\\\/da\\\/#website\"},\"primaryImageOfPage\":{\"@id\":\"https:\\\/\\\/medicinasinc.com\\\/da\\\/product\\\/kob-pink-kush-hash\\\/#primaryimage\"},\"image\":{\"@id\":\"https:\\\/\\\/medicinasinc.com\\\/da\\\/product\\\/kob-pink-kush-hash\\\/#primaryimage\"},\"thumbnailUrl\":\"https:\\\/\\\/medicinasinc.com\\\/da\\\/wp-content\\\/uploads\\\/sites\\\/8\\\/2022\\\/02\\\/buy-pink-kush-hash.jpg\",\"datePublished\":\"2022-02-20T15:18:37+00:00\",\"dateModified\":\"2022-03-20T00:52:42+00:00\",\"description\":\"K\u00f8b Pink Kush Hash til salg i Storbritannien, Europa online. Pink Kush, lige s\u00e5 eftertragtet som dens OG Kush-sl\u00e6gtning, er en indica-dominerende hybrid med kraftfulde kropsfokuserede effekter. Bestil online NU!\",\"breadcrumb\":{\"@id\":\"https:\\\/\\\/medicinasinc.com\\\/da\\\/product\\\/kob-pink-kush-hash\\\/#breadcrumb\"},\"inLanguage\":\"en-US\",\"potentialAction\":[{\"@type\":\"ReadAction\",\"target\":[\"https:\\\/\\\/medicinasinc.com\\\/da\\\/product\\\/kob-pink-kush-hash\\\/\"]}]},{\"@type\":\"ImageObject\",\"inLanguage\":\"en-US\",\"@id\":\"https:\\\/\\\/medicinasinc.com\\\/da\\\/product\\\/kob-pink-kush-hash\\\/#primaryimage\",\"url\":\"https:\\\/\\\/medicinasinc.com\\\/da\\\/wp-content\\\/uploads\\\/sites\\\/8\\\/2022\\\/02\\\/buy-pink-kush-hash.jpg\",\"contentUrl\":\"https:\\\/\\\/medicinasinc.com\\\/da\\\/wp-content\\\/uploads\\\/sites\\\/8\\\/2022\\\/02\\\/buy-pink-kush-hash.jpg\",\"width\":600,\"height\":600},{\"@type\":\"BreadcrumbList\",\"@id\":\"https:\\\/\\\/medicinasinc.com\\\/da\\\/product\\\/kob-pink-kush-hash\\\/#breadcrumb\",\"itemListElement\":[{\"@type\":\"ListItem\",\"position\":1,\"name\":\"Butik\",\"item\":\"https:\\\/\\\/medicinasinc.com\\\/da\\\/butik\\\/\"},{\"@type\":\"ListItem\",\"position\":2,\"name\":\"K\u00f8b Pink Kush Hash\"}]},{\"@type\":\"WebSite\",\"@id\":\"https:\\\/\\\/medicinasinc.com\\\/da\\\/#website\",\"url\":\"https:\\\/\\\/medicinasinc.com\\\/da\\\/\",\"name\":\"Medicinas Inc\",\"description\":\"Health Medical Clinic\",\"potentialAction\":[{\"@type\":\"SearchAction\",\"target\":{\"@type\":\"EntryPoint\",\"urlTemplate\":\"https:\\\/\\\/medicinasinc.com\\\/da\\\/?s={search_term_string}\"},\"query-input\":{\"@type\":\"PropertyValueSpecification\",\"valueRequired\":true,\"valueName\":\"search_term_string\"}}],\"inLanguage\":\"en-US\"}]}<\/script>\n<!-- \/ Yoast SEO plugin. -->","yoast_head_json":{"title":"K\u00f8b Pink Kush Hash Online - Bedste bedste globale medicin","description":"K\u00f8b Pink Kush Hash til salg i Storbritannien, Europa online. Pink Kush, lige s\u00e5 eftertragtet som dens OG Kush-sl\u00e6gtning, er en indica-dominerende hybrid med kraftfulde kropsfokuserede effekter. Bestil online NU!","robots":{"index":"index","follow":"follow","max-snippet":"max-snippet:-1","max-image-preview":"max-image-preview:large","max-video-preview":"max-video-preview:-1"},"canonical":"https:\/\/medicinasinc.com\/da\/product\/kob-pink-kush-hash\/","og_locale":"en_US","og_type":"article","og_title":"K\u00f8b Pink Kush Hash Online - Bedste bedste globale medicin","og_description":"K\u00f8b Pink Kush Hash til salg i Storbritannien, Europa online. Pink Kush, lige s\u00e5 eftertragtet som dens OG Kush-sl\u00e6gtning, er en indica-dominerende hybrid med kraftfulde kropsfokuserede effekter. Bestil online NU!","og_url":"https:\/\/medicinasinc.com\/da\/product\/kob-pink-kush-hash\/","og_site_name":"Medicinas Inc","article_modified_time":"2022-03-20T00:52:42+00:00","og_image":[{"width":600,"height":600,"url":"https:\/\/medicinasinc.com\/da\/wp-content\/uploads\/sites\/8\/2022\/02\/buy-pink-kush-hash.jpg","type":"image\/jpeg"}],"twitter_card":"summary_large_image","twitter_misc":{"Est. reading time":"2 minutes"},"schema":{"@context":"https:\/\/schema.org","@graph":[{"@type":"WebPage","@id":"https:\/\/medicinasinc.com\/da\/product\/kob-pink-kush-hash\/","url":"https:\/\/medicinasinc.com\/da\/product\/kob-pink-kush-hash\/","name":"K\u00f8b Pink Kush Hash Online - Bedste bedste globale medicin","isPartOf":{"@id":"https:\/\/medicinasinc.com\/da\/#website"},"primaryImageOfPage":{"@id":"https:\/\/medicinasinc.com\/da\/product\/kob-pink-kush-hash\/#primaryimage"},"image":{"@id":"https:\/\/medicinasinc.com\/da\/product\/kob-pink-kush-hash\/#primaryimage"},"thumbnailUrl":"https:\/\/medicinasinc.com\/da\/wp-content\/uploads\/sites\/8\/2022\/02\/buy-pink-kush-hash.jpg","datePublished":"2022-02-20T15:18:37+00:00","dateModified":"2022-03-20T00:52:42+00:00","description":"K\u00f8b Pink Kush Hash til salg i Storbritannien, Europa online. Pink Kush, lige s\u00e5 eftertragtet som dens OG Kush-sl\u00e6gtning, er en indica-dominerende hybrid med kraftfulde kropsfokuserede effekter. Bestil online NU!","breadcrumb":{"@id":"https:\/\/medicinasinc.com\/da\/product\/kob-pink-kush-hash\/#breadcrumb"},"inLanguage":"en-US","potentialAction":[{"@type":"ReadAction","target":["https:\/\/medicinasinc.com\/da\/product\/kob-pink-kush-hash\/"]}]},{"@type":"ImageObject","inLanguage":"en-US","@id":"https:\/\/medicinasinc.com\/da\/product\/kob-pink-kush-hash\/#primaryimage","url":"https:\/\/medicinasinc.com\/da\/wp-content\/uploads\/sites\/8\/2022\/02\/buy-pink-kush-hash.jpg","contentUrl":"https:\/\/medicinasinc.com\/da\/wp-content\/uploads\/sites\/8\/2022\/02\/buy-pink-kush-hash.jpg","width":600,"height":600},{"@type":"BreadcrumbList","@id":"https:\/\/medicinasinc.com\/da\/product\/kob-pink-kush-hash\/#breadcrumb","itemListElement":[{"@type":"ListItem","position":1,"name":"Butik","item":"https:\/\/medicinasinc.com\/da\/butik\/"},{"@type":"ListItem","position":2,"name":"K\u00f8b Pink Kush Hash"}]},{"@type":"WebSite","@id":"https:\/\/medicinasinc.com\/da\/#website","url":"https:\/\/medicinasinc.com\/da\/","name":"Medicinas Inc","description":"Health Medical Clinic","potentialAction":[{"@type":"SearchAction","target":{"@type":"EntryPoint","urlTemplate":"https:\/\/medicinasinc.com\/da\/?s={search_term_string}"},"query-input":{"@type":"PropertyValueSpecification","valueRequired":true,"valueName":"search_term_string"}}],"inLanguage":"en-US"}]}},"_links":{"self":[{"href":"https:\/\/medicinasinc.com\/da\/wp-json\/wp\/v2\/product\/4733","targetHints":{"allow":["GET"]}}],"collection":[{"href":"https:\/\/medicinasinc.com\/da\/wp-json\/wp\/v2\/product"}],"about":[{"href":"https:\/\/medicinasinc.com\/da\/wp-json\/wp\/v2\/types\/product"}],"replies":[{"embeddable":true,"href":"https:\/\/medicinasinc.com\/da\/wp-json\/wp\/v2\/comments?post=4733"}],"wp:featuredmedia":[{"embeddable":true,"href":"https:\/\/medicinasinc.com\/da\/wp-json\/wp\/v2\/media\/4745"}],"wp:attachment":[{"href":"https:\/\/medicinasinc.com\/da\/wp-json\/wp\/v2\/media?parent=4733"}],"wp:term":[{"taxonomy":"product_brand","embeddable":true,"href":"https:\/\/medicinasinc.com\/da\/wp-json\/wp\/v2\/product_brand?post=4733"},{"taxonomy":"product_cat","embeddable":true,"href":"https:\/\/medicinasinc.com\/da\/wp-json\/wp\/v2\/product_cat?post=4733"},{"taxonomy":"product_tag","embeddable":true,"href":"https:\/\/medicinasinc.com\/da\/wp-json\/wp\/v2\/product_tag?post=4733"}],"curies":[{"name":"wp","href":"https:\/\/api.w.org\/{rel}","templated":true}]}}