{"id":4717,"date":"2022-02-20T15:05:15","date_gmt":"2022-02-20T15:05:15","guid":{"rendered":"https:\/\/medicinasinc.com\/da\/?post_type=product&#038;p=4717"},"modified":"2022-03-20T00:52:50","modified_gmt":"2022-03-20T00:52:50","slug":"kob-nepalesisk-stick-hash","status":"publish","type":"product","link":"https:\/\/medicinasinc.com\/da\/product\/kob-nepalesisk-stick-hash\/","title":{"rendered":"K\u00f8b nepalesisk Stick Hash"},"content":{"rendered":"<p>Online k\u00f8b af nepalesisk pindehash<\/p>\n<p>Nepalesisk pindehash tilberedes p\u00e5 samme m\u00e5de som tempelbolde. Cannabisplanter dyrker disse. Cannabisknopper eller -blomster bliver f\u00f8rst indsamlet og h\u00f8stet. Gnid disse knopper mellem dine h\u00e6nder for at udtr\u00e6kke harpiksen eller trikomerne. Tempelkugler er lavet af de opn\u00e5ede harpikser. Tindingskuglerne presses derefter mod en tyk, h\u00e5rd hylde eller plade.<\/p>\n<p>Nepalesisk pindehash er sort p\u00e5 ydersiden og brunlig p\u00e5 indersiden. De indeholder n\u00e6sten 15-20% THC. Disse er st\u00e6rkt koncentrerede og har en krydret eller s\u00f8det smag.<\/p>\n<p>Effekter:<\/p>\n<p>Stick Hashs virkninger er typisk afh\u00e6ngige af THC- og harpikskoncentrationerne. De har en tendens til at h\u00e6ve din kropstemperatur og h\u00e6ve dig til et farligt h\u00f8jt niveau, selv i sm\u00e5 m\u00e6ngder. Det er generelt sikkert at bruge og har en halveringstid p\u00e5 6-7 timer. Disse Hash sticks er ideelle til dem, der har brug for at holde sig h\u00f8jt i l\u00e6ngere tid.<\/p>\n<p>S\u00e5dan bruges:<\/p>\n<p>Nepalesisk Stick Hash er et produkt fra Nepal. De kan ryges, infunderes i en pibe, inkorporeres i spiselige varer eller duppes. N\u00e5r Stick Hash bruges i spiselige varer, tager det cirka 1-2 timer at sl\u00e5 ind og vise effekter.<\/p>\n<p>Hvor kan jeg k\u00f8be nepalesisk Stick Hash p\u00e5 internettet?<\/p>\n<p>Du kan k\u00f8be frisklavet nepalesisk Stick Hash p\u00e5 vores hjemmeside, Vi giver dig h\u00f8jkvalitets og ekstremt potente hashsticks. Disse er produceret p\u00e5 en naturlig m\u00e5de i Nepal. Du kan k\u00f8be dem til en rimelig pris og modtage dem hurtigt.<\/p>\n","protected":false},"excerpt":{"rendered":"<p>K\u00f8b nepalesisk Stick Hash Online Nepalesisk henviser til enhver stamme, der vokser naivt i Nepal-regionen. Bestil Weed Online, disse oprindelige sorter.<\/p>\n","protected":false},"featured_media":4730,"comment_status":"open","ping_status":"closed","template":"","meta":[],"product_brand":[],"product_cat":[610],"product_tag":[],"class_list":{"0":"post-4717","1":"product","2":"type-product","3":"status-publish","4":"has-post-thumbnail","6":"product_cat-kob-hash-hash","8":"first","9":"instock","10":"shipping-taxable","11":"purchasable","12":"product-type-variable","13":"has-default-attributes"},"yoast_head":"<!-- This site is optimized with the Yoast SEO plugin v27.3 - https:\/\/yoast.com\/product\/yoast-seo-wordpress\/ -->\n<title>K\u00f8b nepalesisk Stick Hash - Bedste bedste globale medicin<\/title>\n<meta name=\"description\" content=\"K\u00f8b nepalesisk Stick Hash Online Nepalesisk henviser til enhver stamme, der vokser naivt i Nepal-regionen. Bestil Weed Online, Disse oprindelige sorter.\" \/>\n<meta name=\"robots\" content=\"index, follow, max-snippet:-1, max-image-preview:large, max-video-preview:-1\" \/>\n<link rel=\"canonical\" href=\"https:\/\/medicinasinc.com\/da\/product\/kob-nepalesisk-stick-hash\/\" \/>\n<meta property=\"og:locale\" content=\"en_US\" \/>\n<meta property=\"og:type\" content=\"article\" \/>\n<meta property=\"og:title\" content=\"K\u00f8b nepalesisk Stick Hash - Bedste bedste globale medicin\" \/>\n<meta property=\"og:description\" content=\"K\u00f8b nepalesisk Stick Hash Online Nepalesisk henviser til enhver stamme, der vokser naivt i Nepal-regionen. Bestil Weed Online, Disse oprindelige sorter.\" \/>\n<meta property=\"og:url\" content=\"https:\/\/medicinasinc.com\/da\/product\/kob-nepalesisk-stick-hash\/\" \/>\n<meta property=\"og:site_name\" content=\"Medicinas Inc\" \/>\n<meta property=\"article:modified_time\" content=\"2022-03-20T00:52:50+00:00\" \/>\n<meta property=\"og:image\" content=\"https:\/\/medicinasinc.com\/da\/wp-content\/uploads\/sites\/8\/2022\/02\/Buy-Nepalese-Stick-Hash.jpg\" \/>\n\t<meta property=\"og:image:width\" content=\"600\" \/>\n\t<meta property=\"og:image:height\" content=\"600\" \/>\n\t<meta property=\"og:image:type\" content=\"image\/jpeg\" \/>\n<meta name=\"twitter:card\" content=\"summary_large_image\" \/>\n<meta name=\"twitter:label1\" content=\"Est. reading time\" \/>\n\t<meta name=\"twitter:data1\" content=\"2 minutes\" \/>\n<script type=\"application\/ld+json\" class=\"yoast-schema-graph\">{\"@context\":\"https:\\\/\\\/schema.org\",\"@graph\":[{\"@type\":\"WebPage\",\"@id\":\"https:\\\/\\\/medicinasinc.com\\\/da\\\/product\\\/kob-nepalesisk-stick-hash\\\/\",\"url\":\"https:\\\/\\\/medicinasinc.com\\\/da\\\/product\\\/kob-nepalesisk-stick-hash\\\/\",\"name\":\"K\u00f8b nepalesisk Stick Hash - Bedste bedste globale medicin\",\"isPartOf\":{\"@id\":\"https:\\\/\\\/medicinasinc.com\\\/da\\\/#website\"},\"primaryImageOfPage\":{\"@id\":\"https:\\\/\\\/medicinasinc.com\\\/da\\\/product\\\/kob-nepalesisk-stick-hash\\\/#primaryimage\"},\"image\":{\"@id\":\"https:\\\/\\\/medicinasinc.com\\\/da\\\/product\\\/kob-nepalesisk-stick-hash\\\/#primaryimage\"},\"thumbnailUrl\":\"https:\\\/\\\/medicinasinc.com\\\/da\\\/wp-content\\\/uploads\\\/sites\\\/8\\\/2022\\\/02\\\/Buy-Nepalese-Stick-Hash.jpg\",\"datePublished\":\"2022-02-20T15:05:15+00:00\",\"dateModified\":\"2022-03-20T00:52:50+00:00\",\"description\":\"K\u00f8b nepalesisk Stick Hash Online Nepalesisk henviser til enhver stamme, der vokser naivt i Nepal-regionen. Bestil Weed Online, Disse oprindelige sorter.\",\"breadcrumb\":{\"@id\":\"https:\\\/\\\/medicinasinc.com\\\/da\\\/product\\\/kob-nepalesisk-stick-hash\\\/#breadcrumb\"},\"inLanguage\":\"en-US\",\"potentialAction\":[{\"@type\":\"ReadAction\",\"target\":[\"https:\\\/\\\/medicinasinc.com\\\/da\\\/product\\\/kob-nepalesisk-stick-hash\\\/\"]}]},{\"@type\":\"ImageObject\",\"inLanguage\":\"en-US\",\"@id\":\"https:\\\/\\\/medicinasinc.com\\\/da\\\/product\\\/kob-nepalesisk-stick-hash\\\/#primaryimage\",\"url\":\"https:\\\/\\\/medicinasinc.com\\\/da\\\/wp-content\\\/uploads\\\/sites\\\/8\\\/2022\\\/02\\\/Buy-Nepalese-Stick-Hash.jpg\",\"contentUrl\":\"https:\\\/\\\/medicinasinc.com\\\/da\\\/wp-content\\\/uploads\\\/sites\\\/8\\\/2022\\\/02\\\/Buy-Nepalese-Stick-Hash.jpg\",\"width\":600,\"height\":600},{\"@type\":\"BreadcrumbList\",\"@id\":\"https:\\\/\\\/medicinasinc.com\\\/da\\\/product\\\/kob-nepalesisk-stick-hash\\\/#breadcrumb\",\"itemListElement\":[{\"@type\":\"ListItem\",\"position\":1,\"name\":\"Butik\",\"item\":\"https:\\\/\\\/medicinasinc.com\\\/da\\\/butik\\\/\"},{\"@type\":\"ListItem\",\"position\":2,\"name\":\"K\u00f8b nepalesisk Stick Hash\"}]},{\"@type\":\"WebSite\",\"@id\":\"https:\\\/\\\/medicinasinc.com\\\/da\\\/#website\",\"url\":\"https:\\\/\\\/medicinasinc.com\\\/da\\\/\",\"name\":\"Medicinas Inc\",\"description\":\"Health Medical Clinic\",\"potentialAction\":[{\"@type\":\"SearchAction\",\"target\":{\"@type\":\"EntryPoint\",\"urlTemplate\":\"https:\\\/\\\/medicinasinc.com\\\/da\\\/?s={search_term_string}\"},\"query-input\":{\"@type\":\"PropertyValueSpecification\",\"valueRequired\":true,\"valueName\":\"search_term_string\"}}],\"inLanguage\":\"en-US\"}]}<\/script>\n<!-- \/ Yoast SEO plugin. -->","yoast_head_json":{"title":"K\u00f8b nepalesisk Stick Hash - Bedste bedste globale medicin","description":"K\u00f8b nepalesisk Stick Hash Online Nepalesisk henviser til enhver stamme, der vokser naivt i Nepal-regionen. Bestil Weed Online, Disse oprindelige sorter.","robots":{"index":"index","follow":"follow","max-snippet":"max-snippet:-1","max-image-preview":"max-image-preview:large","max-video-preview":"max-video-preview:-1"},"canonical":"https:\/\/medicinasinc.com\/da\/product\/kob-nepalesisk-stick-hash\/","og_locale":"en_US","og_type":"article","og_title":"K\u00f8b nepalesisk Stick Hash - Bedste bedste globale medicin","og_description":"K\u00f8b nepalesisk Stick Hash Online Nepalesisk henviser til enhver stamme, der vokser naivt i Nepal-regionen. Bestil Weed Online, Disse oprindelige sorter.","og_url":"https:\/\/medicinasinc.com\/da\/product\/kob-nepalesisk-stick-hash\/","og_site_name":"Medicinas Inc","article_modified_time":"2022-03-20T00:52:50+00:00","og_image":[{"width":600,"height":600,"url":"https:\/\/medicinasinc.com\/da\/wp-content\/uploads\/sites\/8\/2022\/02\/Buy-Nepalese-Stick-Hash.jpg","type":"image\/jpeg"}],"twitter_card":"summary_large_image","twitter_misc":{"Est. reading time":"2 minutes"},"schema":{"@context":"https:\/\/schema.org","@graph":[{"@type":"WebPage","@id":"https:\/\/medicinasinc.com\/da\/product\/kob-nepalesisk-stick-hash\/","url":"https:\/\/medicinasinc.com\/da\/product\/kob-nepalesisk-stick-hash\/","name":"K\u00f8b nepalesisk Stick Hash - Bedste bedste globale medicin","isPartOf":{"@id":"https:\/\/medicinasinc.com\/da\/#website"},"primaryImageOfPage":{"@id":"https:\/\/medicinasinc.com\/da\/product\/kob-nepalesisk-stick-hash\/#primaryimage"},"image":{"@id":"https:\/\/medicinasinc.com\/da\/product\/kob-nepalesisk-stick-hash\/#primaryimage"},"thumbnailUrl":"https:\/\/medicinasinc.com\/da\/wp-content\/uploads\/sites\/8\/2022\/02\/Buy-Nepalese-Stick-Hash.jpg","datePublished":"2022-02-20T15:05:15+00:00","dateModified":"2022-03-20T00:52:50+00:00","description":"K\u00f8b nepalesisk Stick Hash Online Nepalesisk henviser til enhver stamme, der vokser naivt i Nepal-regionen. Bestil Weed Online, Disse oprindelige sorter.","breadcrumb":{"@id":"https:\/\/medicinasinc.com\/da\/product\/kob-nepalesisk-stick-hash\/#breadcrumb"},"inLanguage":"en-US","potentialAction":[{"@type":"ReadAction","target":["https:\/\/medicinasinc.com\/da\/product\/kob-nepalesisk-stick-hash\/"]}]},{"@type":"ImageObject","inLanguage":"en-US","@id":"https:\/\/medicinasinc.com\/da\/product\/kob-nepalesisk-stick-hash\/#primaryimage","url":"https:\/\/medicinasinc.com\/da\/wp-content\/uploads\/sites\/8\/2022\/02\/Buy-Nepalese-Stick-Hash.jpg","contentUrl":"https:\/\/medicinasinc.com\/da\/wp-content\/uploads\/sites\/8\/2022\/02\/Buy-Nepalese-Stick-Hash.jpg","width":600,"height":600},{"@type":"BreadcrumbList","@id":"https:\/\/medicinasinc.com\/da\/product\/kob-nepalesisk-stick-hash\/#breadcrumb","itemListElement":[{"@type":"ListItem","position":1,"name":"Butik","item":"https:\/\/medicinasinc.com\/da\/butik\/"},{"@type":"ListItem","position":2,"name":"K\u00f8b nepalesisk Stick Hash"}]},{"@type":"WebSite","@id":"https:\/\/medicinasinc.com\/da\/#website","url":"https:\/\/medicinasinc.com\/da\/","name":"Medicinas Inc","description":"Health Medical Clinic","potentialAction":[{"@type":"SearchAction","target":{"@type":"EntryPoint","urlTemplate":"https:\/\/medicinasinc.com\/da\/?s={search_term_string}"},"query-input":{"@type":"PropertyValueSpecification","valueRequired":true,"valueName":"search_term_string"}}],"inLanguage":"en-US"}]}},"_links":{"self":[{"href":"https:\/\/medicinasinc.com\/da\/wp-json\/wp\/v2\/product\/4717","targetHints":{"allow":["GET"]}}],"collection":[{"href":"https:\/\/medicinasinc.com\/da\/wp-json\/wp\/v2\/product"}],"about":[{"href":"https:\/\/medicinasinc.com\/da\/wp-json\/wp\/v2\/types\/product"}],"replies":[{"embeddable":true,"href":"https:\/\/medicinasinc.com\/da\/wp-json\/wp\/v2\/comments?post=4717"}],"wp:featuredmedia":[{"embeddable":true,"href":"https:\/\/medicinasinc.com\/da\/wp-json\/wp\/v2\/media\/4730"}],"wp:attachment":[{"href":"https:\/\/medicinasinc.com\/da\/wp-json\/wp\/v2\/media?parent=4717"}],"wp:term":[{"taxonomy":"product_brand","embeddable":true,"href":"https:\/\/medicinasinc.com\/da\/wp-json\/wp\/v2\/product_brand?post=4717"},{"taxonomy":"product_cat","embeddable":true,"href":"https:\/\/medicinasinc.com\/da\/wp-json\/wp\/v2\/product_cat?post=4717"},{"taxonomy":"product_tag","embeddable":true,"href":"https:\/\/medicinasinc.com\/da\/wp-json\/wp\/v2\/product_tag?post=4717"}],"curies":[{"name":"wp","href":"https:\/\/api.w.org\/{rel}","templated":true}]}}