{"id":4716,"date":"2022-02-20T15:05:01","date_gmt":"2022-02-20T15:05:01","guid":{"rendered":"https:\/\/medicinasinc.com\/da\/?post_type=product&#038;p=4716"},"modified":"2022-03-20T00:53:02","modified_gmt":"2022-03-20T00:53:02","slug":"kob-nederhash-hash","status":"publish","type":"product","link":"https:\/\/medicinasinc.com\/da\/product\/kob-nederhash-hash\/","title":{"rendered":"K\u00f8b Nederhash Hashish"},"content":{"rendered":"<p>Online k\u00f8b af Nederhash Hashish<\/p>\n<p>Hvad er en hash helt pr\u00e6cist? Hash er udvundet af cannabisplanter dyrket i Holland. Planter dyrkes typisk indend\u00f8rs, men der er ogs\u00e5 et par udend\u00f8rs og drivhusudviklinger. Generation: Samlingsteknikker varierer alt efter producenten. Mens st\u00f8rstedelen af \u200b\u200bHash leveres via screening, som det er tilf\u00e6ldet i Marokko, produceres en lille m\u00e6ngde h\u00e5ndskrabet Hash ogs\u00e5 ved hj\u00e6lp af den afghanske strategi (som naturligvis er v\u00e6sentligt forbedret). Under alle omst\u00e6ndigheder er kun en sporm\u00e6ngde af Ukrudtet \u00e6ndret i Hashish. Skygge: Generelt meget gr\u00f8n, men dette varierer afh\u00e6ngigt af den anvendte type ukrudt og producenten. Lugt: Typisk gr\u00e6skl\u00e6dt eller skunkagtig, men dette afh\u00e6nger af typen af \u200b\u200bukrudt. Smag: identisk med den tidligere n\u00e6vnte. Konsistens: En stor del af hollandsk hash bliver ikke presset pr\u00e6cist (dette er h\u00e5ndv\u00e6rk), og snuder adskilles typisk for effektivt. Under alle omst\u00e6ndigheder er konsistensen blevet forbedret for nylig, og de ser ud til at tilpasse sig hurtigt. Det foreg\u00e5ende refererer naturligvis ikke til h\u00e5ndskuret Hash, som er ekstremt delikat, ligesom afghansk. Typisk er hash sammensat af kvindehoveder, der er blevet smadret og klemt under enorme belastninger for at skabe en st\u00e6rk uregelm\u00e6ssighed, der pudres helt op. Typen af \u200b\u200bHigh varierer afh\u00e6ngigt af den anvendte stamme af Weed, men for det meste er high meget dynamisk og cerebral. Intensitet: Fra potent til kraftfuldt, dette materiale overg\u00e5r enhver anden type Hash, der er tilg\u00e6ngelig for den gennemsnitlige bruger. Det overg\u00e5r endda flertallet af nepalere og n\u00e6sten alle velvillige afghanere. (Indeholder op til 59 procent THC) Tilg\u00e6ngelighed: Ekstremt sj\u00e6lden uden for Holland og nabolandene. Jeg ville ikke holde vejret og vente p\u00e5, at dette skulle dukke op p\u00e5 det britiske marked. Generelt varierer kvaliteten, men prisen er altid h\u00f8j. Der er ingen standardklassifikation for den hollandske Hash. Sensi-Hash er navnet p\u00e5 det ekstraordin\u00e6re pulver, som i det v\u00e6sentlige er meget t\u00e6tpakkede THC \u00e6delstene.<\/p>\n<p>Hvordan skabes Hash?<\/p>\n<p>St\u00f8rstedelen af \u200b\u200bhashen produceres ved at gnide t\u00f8rrede planter mod et meget fint net. Derefter falder trikomerne gennem sigten og adskiller dem fra plantematerialet. Harpikskirtlerne opvarmes derefter og komprimeres for at danne en sammenh\u00e6ngende masse af hash.<\/p>\n<p>Hashish vs. Marihuana?<\/p>\n<p>Til at begynde med er den \u00e5benlyse forbindelse mellem marihuana og hash, at begge er afledt fra samme cannabisplante. Som du sikkert allerede ved, er potten blomsterknoppen af \u200b\u200bden kvindelige cannabisplante. Hash weed er sammensat af de samme knopper som marihuana, men det behandles anderledes. Mens en cannabisplante er i fuldt flor, h\u00f8stes blomsterknopperne, og en landmand vil s\u00e5 forts\u00e6tte i en af \u200b\u200bto retninger. I tilf\u00e6lde af hash vil blomsterne blive h\u00e6ngt til t\u00f8rre. Det resulterende produkt er den plante, som vi alle kender, efter at hvert fr\u00f8, for\u00e5r og overskydende blade er fjernet. Det er helt op til dig, om du foretr\u00e6kker marihuana eller hash, men den eneste m\u00e5de at f\u00e5 adgang til alle cannabis fordele er gennem personlig uddannelse. Udf\u00f8r research f\u00f8r rygning, og abonner som altid p\u00e5 vores nyhedsbrev for yderligere tips og tricks!<\/p>\n<p>Hvad er hash helt pr\u00e6cist?<\/p>\n<p>Hvad er et hashstof? Hash, alternativt omtalt som &#8216;hash&#8217;, er en type marihuanaknop, der er skabt ved at komprimere og behandle trichomer af cannabisplanten. Det ryges typisk i pibe, bong, vaporizer eller joint, men kan ogs\u00e5 indtages oralt. Hvordan produceres hash? Onlinek\u00f8b af Nederhash Hashish, Hash er fremstillet ved at adskille disse trichomer fra plantens knopper, blade og st\u00e6ngler og opvarme\/presse dem for at skabe et potent stof.<\/p>\n<p>Hvordan ruller man en joint med hash?<\/p>\n<p>Kombiner det med ukrudt og tobak i en splint. Hvis du har en t\u00f8r blok, kan du blot knuse den eller br\u00e6kke sm\u00e5 sm\u00e5sten af \u200b\u200bog inkorporere den i din fugerulning. Kombiner det med tobak eller marihuana. Den anden metode indeb\u00e6rer en mere intens high, som du sandsynligvis vil ops\u00f8ge hvis du er eventyrlysten. Den bedste m\u00e5de at rulle en hash joint p\u00e5 er at bryde hashen op og kombinere den med ukrudt. Dette er virkelig den bedste m\u00e5de at ryge hash p\u00e5, fordi det er nemt at dele, og hash-smagen forst\u00e6rker doobie. Er hash lovligt i USA? Selvom salg af hash var forbudt i 1989, h\u00e5ndh\u00e6ves love sj\u00e6ldent, og stoffet s\u00e6lges \u00e5benlyst i mange dele af landet. Barbados, lovligt til spirituel brug af registrerede religi\u00f8se organisationer<\/p>\n<p>Hvad er hasheffekterne?<\/p>\n<p>P\u00e5 kort sigt kan hashbrug resultere i vanskeligheder med hukommelse og indl\u00e6ring; forvr\u00e6nget opfattelse (syn, lyde, tid, ber\u00f8ring); vanskeligheder med at t\u00e6nke og probleml\u00f8sning; tab af koordination; og \u00f8get puls, angst og panikanfald. P\u00e5 grund af den h\u00f8je koncentration af THC i hash og andre koncentrater kan virkningerne v\u00e6re mere intense.<\/p>\n<p>Bubble hash er et cannabiskoncentrat, der best\u00e5r af tusindvis af trichomer, eller harpiksholdige kirtler, der er blevet ekstraheret fra plant ved hj\u00e6lp af isvand, omr\u00f8ring og en sigte. Udtrykket &#8220;boblehash&#8221; refererer til den m\u00e5de det bobler p\u00e5, n\u00e5r det uds\u00e6ttes for flammer. Derudover omtales poserne, der bruges til at lave den derhjemme, som &#8220;bobleposer.&#8221;<\/p>\n<p>Hash Plant, en Sensi Seeds-klassiker, forbliver kompakt i hele sin ultrakorte blomstringsperiode. Dette 90 % Indien-produkt er resultatet af omhyggelig genetisk udv\u00e6lgelse, som omfattede krydsning af den g\u00e5defulde hashplante fra USA med nordlys.<\/p>\n","protected":false},"excerpt":{"rendered":"<p>Online k\u00f8b af Nederhash Hashish,\u00a0 K\u00f8b medicinsk marihuana i Tyskland Hvor kan jeg k\u00f8be ulovlige stoffer online? Onlineapoteker i n\u00e6rheden af \u200b\u200bmig. Salg af l\u00e6gemidler fra Dark web.<\/p>\n<p>&nbsp;<\/p>\n","protected":false},"featured_media":4728,"comment_status":"open","ping_status":"closed","template":"","meta":[],"product_brand":[],"product_cat":[610],"product_tag":[],"class_list":{"0":"post-4716","1":"product","2":"type-product","3":"status-publish","4":"has-post-thumbnail","6":"product_cat-kob-hash-hash","8":"first","9":"instock","10":"shipping-taxable","11":"purchasable","12":"product-type-variable","13":"has-default-attributes"},"yoast_head":"<!-- This site is optimized with the Yoast SEO plugin v27.3 - https:\/\/yoast.com\/product\/yoast-seo-wordpress\/ -->\n<title>K\u00f8b Nederhash Hash - Bedste bedste globale medicin<\/title>\n<meta name=\"description\" content=\"K\u00f8b Nederhash Hashish Online K\u00f8b Medical Weed I Tyskland Hvor kan man k\u00f8be ulovlige stoffer online Narkotika til salg online i n\u00e6rheden af \u200b\u200bmig Narkotika fra Dark web-salg.\" \/>\n<meta name=\"robots\" content=\"index, follow, max-snippet:-1, max-image-preview:large, max-video-preview:-1\" \/>\n<link rel=\"canonical\" href=\"https:\/\/medicinasinc.com\/da\/product\/kob-nederhash-hash\/\" \/>\n<meta property=\"og:locale\" content=\"en_US\" \/>\n<meta property=\"og:type\" content=\"article\" \/>\n<meta property=\"og:title\" content=\"K\u00f8b Nederhash Hash - Bedste bedste globale medicin\" \/>\n<meta property=\"og:description\" content=\"K\u00f8b Nederhash Hashish Online K\u00f8b Medical Weed I Tyskland Hvor kan man k\u00f8be ulovlige stoffer online Narkotika til salg online i n\u00e6rheden af \u200b\u200bmig Narkotika fra Dark web-salg.\" \/>\n<meta property=\"og:url\" content=\"https:\/\/medicinasinc.com\/da\/product\/kob-nederhash-hash\/\" \/>\n<meta property=\"og:site_name\" content=\"Medicinas Inc\" \/>\n<meta property=\"article:modified_time\" content=\"2022-03-20T00:53:02+00:00\" \/>\n<meta property=\"og:image\" content=\"https:\/\/medicinasinc.com\/da\/wp-content\/uploads\/sites\/8\/2022\/02\/Buy-Nederhash-Hashish-Online.jpg\" \/>\n\t<meta property=\"og:image:width\" content=\"600\" \/>\n\t<meta property=\"og:image:height\" content=\"600\" \/>\n\t<meta property=\"og:image:type\" content=\"image\/jpeg\" \/>\n<meta name=\"twitter:card\" content=\"summary_large_image\" \/>\n<meta name=\"twitter:label1\" content=\"Est. reading time\" \/>\n\t<meta name=\"twitter:data1\" content=\"4 minutes\" \/>\n<script type=\"application\/ld+json\" class=\"yoast-schema-graph\">{\"@context\":\"https:\\\/\\\/schema.org\",\"@graph\":[{\"@type\":\"WebPage\",\"@id\":\"https:\\\/\\\/medicinasinc.com\\\/da\\\/product\\\/kob-nederhash-hash\\\/\",\"url\":\"https:\\\/\\\/medicinasinc.com\\\/da\\\/product\\\/kob-nederhash-hash\\\/\",\"name\":\"K\u00f8b Nederhash Hash - Bedste bedste globale medicin\",\"isPartOf\":{\"@id\":\"https:\\\/\\\/medicinasinc.com\\\/da\\\/#website\"},\"primaryImageOfPage\":{\"@id\":\"https:\\\/\\\/medicinasinc.com\\\/da\\\/product\\\/kob-nederhash-hash\\\/#primaryimage\"},\"image\":{\"@id\":\"https:\\\/\\\/medicinasinc.com\\\/da\\\/product\\\/kob-nederhash-hash\\\/#primaryimage\"},\"thumbnailUrl\":\"https:\\\/\\\/medicinasinc.com\\\/da\\\/wp-content\\\/uploads\\\/sites\\\/8\\\/2022\\\/02\\\/Buy-Nederhash-Hashish-Online.jpg\",\"datePublished\":\"2022-02-20T15:05:01+00:00\",\"dateModified\":\"2022-03-20T00:53:02+00:00\",\"description\":\"K\u00f8b Nederhash Hashish Online K\u00f8b Medical Weed I Tyskland Hvor kan man k\u00f8be ulovlige stoffer online Narkotika til salg online i n\u00e6rheden af \u200b\u200bmig Narkotika fra Dark web-salg.\",\"breadcrumb\":{\"@id\":\"https:\\\/\\\/medicinasinc.com\\\/da\\\/product\\\/kob-nederhash-hash\\\/#breadcrumb\"},\"inLanguage\":\"en-US\",\"potentialAction\":[{\"@type\":\"ReadAction\",\"target\":[\"https:\\\/\\\/medicinasinc.com\\\/da\\\/product\\\/kob-nederhash-hash\\\/\"]}]},{\"@type\":\"ImageObject\",\"inLanguage\":\"en-US\",\"@id\":\"https:\\\/\\\/medicinasinc.com\\\/da\\\/product\\\/kob-nederhash-hash\\\/#primaryimage\",\"url\":\"https:\\\/\\\/medicinasinc.com\\\/da\\\/wp-content\\\/uploads\\\/sites\\\/8\\\/2022\\\/02\\\/Buy-Nederhash-Hashish-Online.jpg\",\"contentUrl\":\"https:\\\/\\\/medicinasinc.com\\\/da\\\/wp-content\\\/uploads\\\/sites\\\/8\\\/2022\\\/02\\\/Buy-Nederhash-Hashish-Online.jpg\",\"width\":600,\"height\":600},{\"@type\":\"BreadcrumbList\",\"@id\":\"https:\\\/\\\/medicinasinc.com\\\/da\\\/product\\\/kob-nederhash-hash\\\/#breadcrumb\",\"itemListElement\":[{\"@type\":\"ListItem\",\"position\":1,\"name\":\"Butik\",\"item\":\"https:\\\/\\\/medicinasinc.com\\\/da\\\/butik\\\/\"},{\"@type\":\"ListItem\",\"position\":2,\"name\":\"K\u00f8b Nederhash Hashish\"}]},{\"@type\":\"WebSite\",\"@id\":\"https:\\\/\\\/medicinasinc.com\\\/da\\\/#website\",\"url\":\"https:\\\/\\\/medicinasinc.com\\\/da\\\/\",\"name\":\"Medicinas Inc\",\"description\":\"Health Medical Clinic\",\"potentialAction\":[{\"@type\":\"SearchAction\",\"target\":{\"@type\":\"EntryPoint\",\"urlTemplate\":\"https:\\\/\\\/medicinasinc.com\\\/da\\\/?s={search_term_string}\"},\"query-input\":{\"@type\":\"PropertyValueSpecification\",\"valueRequired\":true,\"valueName\":\"search_term_string\"}}],\"inLanguage\":\"en-US\"}]}<\/script>\n<!-- \/ Yoast SEO plugin. -->","yoast_head_json":{"title":"K\u00f8b Nederhash Hash - Bedste bedste globale medicin","description":"K\u00f8b Nederhash Hashish Online K\u00f8b Medical Weed I Tyskland Hvor kan man k\u00f8be ulovlige stoffer online Narkotika til salg online i n\u00e6rheden af \u200b\u200bmig Narkotika fra Dark web-salg.","robots":{"index":"index","follow":"follow","max-snippet":"max-snippet:-1","max-image-preview":"max-image-preview:large","max-video-preview":"max-video-preview:-1"},"canonical":"https:\/\/medicinasinc.com\/da\/product\/kob-nederhash-hash\/","og_locale":"en_US","og_type":"article","og_title":"K\u00f8b Nederhash Hash - Bedste bedste globale medicin","og_description":"K\u00f8b Nederhash Hashish Online K\u00f8b Medical Weed I Tyskland Hvor kan man k\u00f8be ulovlige stoffer online Narkotika til salg online i n\u00e6rheden af \u200b\u200bmig Narkotika fra Dark web-salg.","og_url":"https:\/\/medicinasinc.com\/da\/product\/kob-nederhash-hash\/","og_site_name":"Medicinas Inc","article_modified_time":"2022-03-20T00:53:02+00:00","og_image":[{"width":600,"height":600,"url":"https:\/\/medicinasinc.com\/da\/wp-content\/uploads\/sites\/8\/2022\/02\/Buy-Nederhash-Hashish-Online.jpg","type":"image\/jpeg"}],"twitter_card":"summary_large_image","twitter_misc":{"Est. reading time":"4 minutes"},"schema":{"@context":"https:\/\/schema.org","@graph":[{"@type":"WebPage","@id":"https:\/\/medicinasinc.com\/da\/product\/kob-nederhash-hash\/","url":"https:\/\/medicinasinc.com\/da\/product\/kob-nederhash-hash\/","name":"K\u00f8b Nederhash Hash - Bedste bedste globale medicin","isPartOf":{"@id":"https:\/\/medicinasinc.com\/da\/#website"},"primaryImageOfPage":{"@id":"https:\/\/medicinasinc.com\/da\/product\/kob-nederhash-hash\/#primaryimage"},"image":{"@id":"https:\/\/medicinasinc.com\/da\/product\/kob-nederhash-hash\/#primaryimage"},"thumbnailUrl":"https:\/\/medicinasinc.com\/da\/wp-content\/uploads\/sites\/8\/2022\/02\/Buy-Nederhash-Hashish-Online.jpg","datePublished":"2022-02-20T15:05:01+00:00","dateModified":"2022-03-20T00:53:02+00:00","description":"K\u00f8b Nederhash Hashish Online K\u00f8b Medical Weed I Tyskland Hvor kan man k\u00f8be ulovlige stoffer online Narkotika til salg online i n\u00e6rheden af \u200b\u200bmig Narkotika fra Dark web-salg.","breadcrumb":{"@id":"https:\/\/medicinasinc.com\/da\/product\/kob-nederhash-hash\/#breadcrumb"},"inLanguage":"en-US","potentialAction":[{"@type":"ReadAction","target":["https:\/\/medicinasinc.com\/da\/product\/kob-nederhash-hash\/"]}]},{"@type":"ImageObject","inLanguage":"en-US","@id":"https:\/\/medicinasinc.com\/da\/product\/kob-nederhash-hash\/#primaryimage","url":"https:\/\/medicinasinc.com\/da\/wp-content\/uploads\/sites\/8\/2022\/02\/Buy-Nederhash-Hashish-Online.jpg","contentUrl":"https:\/\/medicinasinc.com\/da\/wp-content\/uploads\/sites\/8\/2022\/02\/Buy-Nederhash-Hashish-Online.jpg","width":600,"height":600},{"@type":"BreadcrumbList","@id":"https:\/\/medicinasinc.com\/da\/product\/kob-nederhash-hash\/#breadcrumb","itemListElement":[{"@type":"ListItem","position":1,"name":"Butik","item":"https:\/\/medicinasinc.com\/da\/butik\/"},{"@type":"ListItem","position":2,"name":"K\u00f8b Nederhash Hashish"}]},{"@type":"WebSite","@id":"https:\/\/medicinasinc.com\/da\/#website","url":"https:\/\/medicinasinc.com\/da\/","name":"Medicinas Inc","description":"Health Medical Clinic","potentialAction":[{"@type":"SearchAction","target":{"@type":"EntryPoint","urlTemplate":"https:\/\/medicinasinc.com\/da\/?s={search_term_string}"},"query-input":{"@type":"PropertyValueSpecification","valueRequired":true,"valueName":"search_term_string"}}],"inLanguage":"en-US"}]}},"_links":{"self":[{"href":"https:\/\/medicinasinc.com\/da\/wp-json\/wp\/v2\/product\/4716","targetHints":{"allow":["GET"]}}],"collection":[{"href":"https:\/\/medicinasinc.com\/da\/wp-json\/wp\/v2\/product"}],"about":[{"href":"https:\/\/medicinasinc.com\/da\/wp-json\/wp\/v2\/types\/product"}],"replies":[{"embeddable":true,"href":"https:\/\/medicinasinc.com\/da\/wp-json\/wp\/v2\/comments?post=4716"}],"wp:featuredmedia":[{"embeddable":true,"href":"https:\/\/medicinasinc.com\/da\/wp-json\/wp\/v2\/media\/4728"}],"wp:attachment":[{"href":"https:\/\/medicinasinc.com\/da\/wp-json\/wp\/v2\/media?parent=4716"}],"wp:term":[{"taxonomy":"product_brand","embeddable":true,"href":"https:\/\/medicinasinc.com\/da\/wp-json\/wp\/v2\/product_brand?post=4716"},{"taxonomy":"product_cat","embeddable":true,"href":"https:\/\/medicinasinc.com\/da\/wp-json\/wp\/v2\/product_cat?post=4716"},{"taxonomy":"product_tag","embeddable":true,"href":"https:\/\/medicinasinc.com\/da\/wp-json\/wp\/v2\/product_tag?post=4716"}],"curies":[{"name":"wp","href":"https:\/\/api.w.org\/{rel}","templated":true}]}}