{"id":4684,"date":"2022-02-20T14:40:34","date_gmt":"2022-02-20T14:40:34","guid":{"rendered":"https:\/\/medicinasinc.com\/da\/?post_type=product&#038;p=4684"},"modified":"2022-03-20T00:53:42","modified_gmt":"2022-03-20T00:53:42","slug":"kob-mercedez-lebanon-hash","status":"publish","type":"product","link":"https:\/\/medicinasinc.com\/da\/product\/kob-mercedez-lebanon-hash\/","title":{"rendered":"K\u00f8b Mercedez Lebanon Hash"},"content":{"rendered":"<p>Hash er blevet brugt i tusinder af \u00e5r, lige siden mennesker opdagede cannabisplantens m\u00e6rkelige kl\u00e6brige biprodukt. Hash er ofte omkring 40% THC og kan ryges eller bruges i madlavning\/spiselige ting. For nogle cannabis-entusiaster g\u00f8r den rige aromatiske duft og smag af hash det til en enest\u00e5ende godbid. Det er praktisk at opbevare, transportere og bruge. I 1980&#8217;erne blev hash eksporteret fra flere store produktionsomr\u00e5der (Nepal, Indien, Pakistan og Afghanistan) med et unikt segl pr\u00e6get p\u00e5 hver blok, og det blev ofte pakket ind i r\u00f8d eller guld emballage f\u00f8r eksport.<\/p>\n","protected":false},"excerpt":{"rendered":"<p>Mercedes Libanese Hash til salg i Storbritannien og Europa er let aromatisk med krydderinoter og en jordagtig smagsprofil. Den har en meget formbar, bl\u00f8d konsistens.<\/p>\n<p>Sort Mercedes er en midterste hash importeret fra Libanon. Den har et m\u00f8rkebrunt ydre og et lysere brunt indre og en mildt aromatisk smagsprofil med krydderinoter og en jordagtig smagsprofil. Den har en bl\u00f8d, formbar konsistens, der g\u00f8r den ekstremt nem at arbejde med, endnu mere n\u00e5r den er opvarmet.<\/p>\n","protected":false},"featured_media":4696,"comment_status":"open","ping_status":"closed","template":"","meta":[],"product_brand":[],"product_cat":[610],"product_tag":[],"class_list":{"0":"post-4684","1":"product","2":"type-product","3":"status-publish","4":"has-post-thumbnail","6":"product_cat-kob-hash-hash","8":"first","9":"instock","10":"shipping-taxable","11":"purchasable","12":"product-type-variable","13":"has-default-attributes"},"yoast_head":"<!-- This site is optimized with the Yoast SEO plugin v27.3 - https:\/\/yoast.com\/product\/yoast-seo-wordpress\/ -->\n<title>K\u00f8b Mercedez Lebanon Hash - Bedste bedste globale medicin<\/title>\n<meta name=\"description\" content=\"K\u00f8b Mercedes Libanese Hash UK, Europa er let aromatisk, med krydderinoter og en jordagtig smagsprofil. Den har en ganske bl\u00f8d, formbar konsistens.\" \/>\n<meta name=\"robots\" content=\"index, follow, max-snippet:-1, max-image-preview:large, max-video-preview:-1\" \/>\n<link rel=\"canonical\" href=\"https:\/\/medicinasinc.com\/da\/product\/kob-mercedez-lebanon-hash\/\" \/>\n<meta property=\"og:locale\" content=\"en_US\" \/>\n<meta property=\"og:type\" content=\"article\" \/>\n<meta property=\"og:title\" content=\"K\u00f8b Mercedez Lebanon Hash - Bedste bedste globale medicin\" \/>\n<meta property=\"og:description\" content=\"K\u00f8b Mercedes Libanese Hash UK, Europa er let aromatisk, med krydderinoter og en jordagtig smagsprofil. Den har en ganske bl\u00f8d, formbar konsistens.\" \/>\n<meta property=\"og:url\" content=\"https:\/\/medicinasinc.com\/da\/product\/kob-mercedez-lebanon-hash\/\" \/>\n<meta property=\"og:site_name\" content=\"Medicinas Inc\" \/>\n<meta property=\"article:modified_time\" content=\"2022-03-20T00:53:42+00:00\" \/>\n<meta property=\"og:image\" content=\"https:\/\/medicinasinc.com\/da\/wp-content\/uploads\/sites\/8\/2022\/02\/Buy-Mercedez-Lebanon-Hash.jpg\" \/>\n\t<meta property=\"og:image:width\" content=\"600\" \/>\n\t<meta property=\"og:image:height\" content=\"600\" \/>\n\t<meta property=\"og:image:type\" content=\"image\/jpeg\" \/>\n<meta name=\"twitter:card\" content=\"summary_large_image\" \/>\n<meta name=\"twitter:label1\" content=\"Est. reading time\" \/>\n\t<meta name=\"twitter:data1\" content=\"1 minute\" \/>\n<script type=\"application\/ld+json\" class=\"yoast-schema-graph\">{\"@context\":\"https:\\\/\\\/schema.org\",\"@graph\":[{\"@type\":\"WebPage\",\"@id\":\"https:\\\/\\\/medicinasinc.com\\\/da\\\/product\\\/kob-mercedez-lebanon-hash\\\/\",\"url\":\"https:\\\/\\\/medicinasinc.com\\\/da\\\/product\\\/kob-mercedez-lebanon-hash\\\/\",\"name\":\"K\u00f8b Mercedez Lebanon Hash - Bedste bedste globale medicin\",\"isPartOf\":{\"@id\":\"https:\\\/\\\/medicinasinc.com\\\/da\\\/#website\"},\"primaryImageOfPage\":{\"@id\":\"https:\\\/\\\/medicinasinc.com\\\/da\\\/product\\\/kob-mercedez-lebanon-hash\\\/#primaryimage\"},\"image\":{\"@id\":\"https:\\\/\\\/medicinasinc.com\\\/da\\\/product\\\/kob-mercedez-lebanon-hash\\\/#primaryimage\"},\"thumbnailUrl\":\"https:\\\/\\\/medicinasinc.com\\\/da\\\/wp-content\\\/uploads\\\/sites\\\/8\\\/2022\\\/02\\\/Buy-Mercedez-Lebanon-Hash.jpg\",\"datePublished\":\"2022-02-20T14:40:34+00:00\",\"dateModified\":\"2022-03-20T00:53:42+00:00\",\"description\":\"K\u00f8b Mercedes Libanese Hash UK, Europa er let aromatisk, med krydderinoter og en jordagtig smagsprofil. Den har en ganske bl\u00f8d, formbar konsistens.\",\"breadcrumb\":{\"@id\":\"https:\\\/\\\/medicinasinc.com\\\/da\\\/product\\\/kob-mercedez-lebanon-hash\\\/#breadcrumb\"},\"inLanguage\":\"en-US\",\"potentialAction\":[{\"@type\":\"ReadAction\",\"target\":[\"https:\\\/\\\/medicinasinc.com\\\/da\\\/product\\\/kob-mercedez-lebanon-hash\\\/\"]}]},{\"@type\":\"ImageObject\",\"inLanguage\":\"en-US\",\"@id\":\"https:\\\/\\\/medicinasinc.com\\\/da\\\/product\\\/kob-mercedez-lebanon-hash\\\/#primaryimage\",\"url\":\"https:\\\/\\\/medicinasinc.com\\\/da\\\/wp-content\\\/uploads\\\/sites\\\/8\\\/2022\\\/02\\\/Buy-Mercedez-Lebanon-Hash.jpg\",\"contentUrl\":\"https:\\\/\\\/medicinasinc.com\\\/da\\\/wp-content\\\/uploads\\\/sites\\\/8\\\/2022\\\/02\\\/Buy-Mercedez-Lebanon-Hash.jpg\",\"width\":600,\"height\":600},{\"@type\":\"BreadcrumbList\",\"@id\":\"https:\\\/\\\/medicinasinc.com\\\/da\\\/product\\\/kob-mercedez-lebanon-hash\\\/#breadcrumb\",\"itemListElement\":[{\"@type\":\"ListItem\",\"position\":1,\"name\":\"Butik\",\"item\":\"https:\\\/\\\/medicinasinc.com\\\/da\\\/butik\\\/\"},{\"@type\":\"ListItem\",\"position\":2,\"name\":\"K\u00f8b Mercedez Lebanon Hash\"}]},{\"@type\":\"WebSite\",\"@id\":\"https:\\\/\\\/medicinasinc.com\\\/da\\\/#website\",\"url\":\"https:\\\/\\\/medicinasinc.com\\\/da\\\/\",\"name\":\"Medicinas Inc\",\"description\":\"Health Medical Clinic\",\"potentialAction\":[{\"@type\":\"SearchAction\",\"target\":{\"@type\":\"EntryPoint\",\"urlTemplate\":\"https:\\\/\\\/medicinasinc.com\\\/da\\\/?s={search_term_string}\"},\"query-input\":{\"@type\":\"PropertyValueSpecification\",\"valueRequired\":true,\"valueName\":\"search_term_string\"}}],\"inLanguage\":\"en-US\"}]}<\/script>\n<!-- \/ Yoast SEO plugin. -->","yoast_head_json":{"title":"K\u00f8b Mercedez Lebanon Hash - Bedste bedste globale medicin","description":"K\u00f8b Mercedes Libanese Hash UK, Europa er let aromatisk, med krydderinoter og en jordagtig smagsprofil. Den har en ganske bl\u00f8d, formbar konsistens.","robots":{"index":"index","follow":"follow","max-snippet":"max-snippet:-1","max-image-preview":"max-image-preview:large","max-video-preview":"max-video-preview:-1"},"canonical":"https:\/\/medicinasinc.com\/da\/product\/kob-mercedez-lebanon-hash\/","og_locale":"en_US","og_type":"article","og_title":"K\u00f8b Mercedez Lebanon Hash - Bedste bedste globale medicin","og_description":"K\u00f8b Mercedes Libanese Hash UK, Europa er let aromatisk, med krydderinoter og en jordagtig smagsprofil. Den har en ganske bl\u00f8d, formbar konsistens.","og_url":"https:\/\/medicinasinc.com\/da\/product\/kob-mercedez-lebanon-hash\/","og_site_name":"Medicinas Inc","article_modified_time":"2022-03-20T00:53:42+00:00","og_image":[{"width":600,"height":600,"url":"https:\/\/medicinasinc.com\/da\/wp-content\/uploads\/sites\/8\/2022\/02\/Buy-Mercedez-Lebanon-Hash.jpg","type":"image\/jpeg"}],"twitter_card":"summary_large_image","twitter_misc":{"Est. reading time":"1 minute"},"schema":{"@context":"https:\/\/schema.org","@graph":[{"@type":"WebPage","@id":"https:\/\/medicinasinc.com\/da\/product\/kob-mercedez-lebanon-hash\/","url":"https:\/\/medicinasinc.com\/da\/product\/kob-mercedez-lebanon-hash\/","name":"K\u00f8b Mercedez Lebanon Hash - Bedste bedste globale medicin","isPartOf":{"@id":"https:\/\/medicinasinc.com\/da\/#website"},"primaryImageOfPage":{"@id":"https:\/\/medicinasinc.com\/da\/product\/kob-mercedez-lebanon-hash\/#primaryimage"},"image":{"@id":"https:\/\/medicinasinc.com\/da\/product\/kob-mercedez-lebanon-hash\/#primaryimage"},"thumbnailUrl":"https:\/\/medicinasinc.com\/da\/wp-content\/uploads\/sites\/8\/2022\/02\/Buy-Mercedez-Lebanon-Hash.jpg","datePublished":"2022-02-20T14:40:34+00:00","dateModified":"2022-03-20T00:53:42+00:00","description":"K\u00f8b Mercedes Libanese Hash UK, Europa er let aromatisk, med krydderinoter og en jordagtig smagsprofil. Den har en ganske bl\u00f8d, formbar konsistens.","breadcrumb":{"@id":"https:\/\/medicinasinc.com\/da\/product\/kob-mercedez-lebanon-hash\/#breadcrumb"},"inLanguage":"en-US","potentialAction":[{"@type":"ReadAction","target":["https:\/\/medicinasinc.com\/da\/product\/kob-mercedez-lebanon-hash\/"]}]},{"@type":"ImageObject","inLanguage":"en-US","@id":"https:\/\/medicinasinc.com\/da\/product\/kob-mercedez-lebanon-hash\/#primaryimage","url":"https:\/\/medicinasinc.com\/da\/wp-content\/uploads\/sites\/8\/2022\/02\/Buy-Mercedez-Lebanon-Hash.jpg","contentUrl":"https:\/\/medicinasinc.com\/da\/wp-content\/uploads\/sites\/8\/2022\/02\/Buy-Mercedez-Lebanon-Hash.jpg","width":600,"height":600},{"@type":"BreadcrumbList","@id":"https:\/\/medicinasinc.com\/da\/product\/kob-mercedez-lebanon-hash\/#breadcrumb","itemListElement":[{"@type":"ListItem","position":1,"name":"Butik","item":"https:\/\/medicinasinc.com\/da\/butik\/"},{"@type":"ListItem","position":2,"name":"K\u00f8b Mercedez Lebanon Hash"}]},{"@type":"WebSite","@id":"https:\/\/medicinasinc.com\/da\/#website","url":"https:\/\/medicinasinc.com\/da\/","name":"Medicinas Inc","description":"Health Medical Clinic","potentialAction":[{"@type":"SearchAction","target":{"@type":"EntryPoint","urlTemplate":"https:\/\/medicinasinc.com\/da\/?s={search_term_string}"},"query-input":{"@type":"PropertyValueSpecification","valueRequired":true,"valueName":"search_term_string"}}],"inLanguage":"en-US"}]}},"_links":{"self":[{"href":"https:\/\/medicinasinc.com\/da\/wp-json\/wp\/v2\/product\/4684","targetHints":{"allow":["GET"]}}],"collection":[{"href":"https:\/\/medicinasinc.com\/da\/wp-json\/wp\/v2\/product"}],"about":[{"href":"https:\/\/medicinasinc.com\/da\/wp-json\/wp\/v2\/types\/product"}],"replies":[{"embeddable":true,"href":"https:\/\/medicinasinc.com\/da\/wp-json\/wp\/v2\/comments?post=4684"}],"wp:featuredmedia":[{"embeddable":true,"href":"https:\/\/medicinasinc.com\/da\/wp-json\/wp\/v2\/media\/4696"}],"wp:attachment":[{"href":"https:\/\/medicinasinc.com\/da\/wp-json\/wp\/v2\/media?parent=4684"}],"wp:term":[{"taxonomy":"product_brand","embeddable":true,"href":"https:\/\/medicinasinc.com\/da\/wp-json\/wp\/v2\/product_brand?post=4684"},{"taxonomy":"product_cat","embeddable":true,"href":"https:\/\/medicinasinc.com\/da\/wp-json\/wp\/v2\/product_cat?post=4684"},{"taxonomy":"product_tag","embeddable":true,"href":"https:\/\/medicinasinc.com\/da\/wp-json\/wp\/v2\/product_tag?post=4684"}],"curies":[{"name":"wp","href":"https:\/\/api.w.org\/{rel}","templated":true}]}}