{"id":4667,"date":"2022-02-20T14:27:35","date_gmt":"2022-02-20T14:27:35","guid":{"rendered":"https:\/\/medicinasinc.com\/da\/?post_type=product&#038;p=4667"},"modified":"2022-03-20T00:53:51","modified_gmt":"2022-03-20T00:53:51","slug":"kob-india-charas-sort-hash","status":"publish","type":"product","link":"https:\/\/medicinasinc.com\/da\/product\/kob-india-charas-sort-hash\/","title":{"rendered":"K\u00f8b India Charas Black Hash"},"content":{"rendered":"<p>Online k\u00f8b af India Charas Black Hash| Online k\u00f8b af India Charas Black Hash<\/p>\n<p>Online k\u00f8b af India Charas Black Hash. Den er nem at arbejde med, har en skarp, krydret aroma og giver brugerne en st\u00e6rk buzz overalt p\u00e5 kroppen. Dyrket og produceret i The Parvati Valley, som er ber\u00f8mt for en unik stamme af Charas kaldet Malana Cream, som er v\u00e6rdsat for sit h\u00f8je indhold af THC. Det er en fremragende ledsager i dagtimerne for erfarne rygere, der kan klare det st\u00e6rke high. Udtrykket &#8220;Indian Charas Black Hash&#8221; refererer til hash, der er blevet h\u00e5ndlavet i Indien, Pakistan eller Nepal. P\u00e5 ydersiden er hash en m\u00f8rkebrun farve. N\u00e5r hashen \u00e5bnes, afsl\u00f8rer den et m\u00f8rkegr\u00f8nligt\/brunt indre. Den distinkte aroma sp\u00e6nder fra krydret til ekstremt krydret. Det giver et ekstremt stenet og fysisk h\u00f8jdepunkt. India Charas Black Hash kan k\u00f8bes online.<\/p>\n<p>Fordele<\/p>\n<p>Det hj\u00e6lper med at lindre f\u00f8lgende:<\/p>\n<p>StressDepressionerSmerterHovedpine<br \/> S\u00f8vnl\u00f8shed<br \/> Hvor kan man k\u00f8be i Indien Online Charas Black Hash<\/p>\n<p>Vores m\u00e5l er at behage vores kunder og give dem den bedst mulige online shoppingoplevelse. Vi sikrer, at alle vores produkter er af h\u00f8jeste kvalitet for at sikre, at vores kunder kun modtager det bedste. Vi tilbyder autentisk India Charas Black Hash. Vores priser er de laveste tilg\u00e6ngelige online. K\u00f8b kvalitet og opdag, hvad alle taler om. Placer din ordre p\u00e5 India Charas Black Hash online hos os i dag og v\u00e6r sikker p\u00e5 sikkerhed og de bedste leveringstjenester. Du er kun et par klik v\u00e6k fra at k\u00f8be India Charas Black Hash Online.<\/p>\n","protected":false},"excerpt":{"rendered":"<p>K\u00f8b India Charas Black Hash online. Nem at arbejde med, har en skarp, krydret aroma og giver en potent kropslyd. Bestil sort hash her.<\/p>\n<ul>\n<li>Forsendelse til hele verden<\/li>\n<li><strong>Klasse: AAAAA<\/strong><\/li>\n<li>Kontakt os for st\u00f8rre ordrer<\/li>\n<\/ul>\n","protected":false},"featured_media":4681,"comment_status":"open","ping_status":"closed","template":"","meta":[],"product_brand":[],"product_cat":[610],"product_tag":[],"class_list":{"0":"post-4667","1":"product","2":"type-product","3":"status-publish","4":"has-post-thumbnail","6":"product_cat-kob-hash-hash","8":"first","9":"instock","10":"shipping-taxable","11":"purchasable","12":"product-type-variable","13":"has-default-attributes"},"yoast_head":"<!-- This site is optimized with the Yoast SEO plugin v27.3 - https:\/\/yoast.com\/product\/yoast-seo-wordpress\/ -->\n<title>K\u00f8b India Charas Black Hash - Bedste bedste globale medicin<\/title>\n<meta name=\"description\" content=\"K\u00f8b India Charas Black Hash online. Let at arbejde med, har en skarp, krydret aroma og giver en potent kropslyd. Bestil sort hash her.\" \/>\n<meta name=\"robots\" content=\"index, follow, max-snippet:-1, max-image-preview:large, max-video-preview:-1\" \/>\n<link rel=\"canonical\" href=\"https:\/\/medicinasinc.com\/da\/product\/kob-india-charas-sort-hash\/\" \/>\n<meta property=\"og:locale\" content=\"en_US\" \/>\n<meta property=\"og:type\" content=\"article\" \/>\n<meta property=\"og:title\" content=\"K\u00f8b India Charas Black Hash - Bedste bedste globale medicin\" \/>\n<meta property=\"og:description\" content=\"K\u00f8b India Charas Black Hash online. Let at arbejde med, har en skarp, krydret aroma og giver en potent kropslyd. Bestil sort hash her.\" \/>\n<meta property=\"og:url\" content=\"https:\/\/medicinasinc.com\/da\/product\/kob-india-charas-sort-hash\/\" \/>\n<meta property=\"og:site_name\" content=\"Medicinas Inc\" \/>\n<meta property=\"article:modified_time\" content=\"2022-03-20T00:53:51+00:00\" \/>\n<meta property=\"og:image\" content=\"https:\/\/medicinasinc.com\/da\/wp-content\/uploads\/sites\/8\/2022\/02\/Buy-India-Charas-Black-Hash.jpg\" \/>\n\t<meta property=\"og:image:width\" content=\"600\" \/>\n\t<meta property=\"og:image:height\" content=\"600\" \/>\n\t<meta property=\"og:image:type\" content=\"image\/jpeg\" \/>\n<meta name=\"twitter:card\" content=\"summary_large_image\" \/>\n<meta name=\"twitter:label1\" content=\"Est. reading time\" \/>\n\t<meta name=\"twitter:data1\" content=\"2 minutes\" \/>\n<script type=\"application\/ld+json\" class=\"yoast-schema-graph\">{\"@context\":\"https:\\\/\\\/schema.org\",\"@graph\":[{\"@type\":\"WebPage\",\"@id\":\"https:\\\/\\\/medicinasinc.com\\\/da\\\/product\\\/kob-india-charas-sort-hash\\\/\",\"url\":\"https:\\\/\\\/medicinasinc.com\\\/da\\\/product\\\/kob-india-charas-sort-hash\\\/\",\"name\":\"K\u00f8b India Charas Black Hash - Bedste bedste globale medicin\",\"isPartOf\":{\"@id\":\"https:\\\/\\\/medicinasinc.com\\\/da\\\/#website\"},\"primaryImageOfPage\":{\"@id\":\"https:\\\/\\\/medicinasinc.com\\\/da\\\/product\\\/kob-india-charas-sort-hash\\\/#primaryimage\"},\"image\":{\"@id\":\"https:\\\/\\\/medicinasinc.com\\\/da\\\/product\\\/kob-india-charas-sort-hash\\\/#primaryimage\"},\"thumbnailUrl\":\"https:\\\/\\\/medicinasinc.com\\\/da\\\/wp-content\\\/uploads\\\/sites\\\/8\\\/2022\\\/02\\\/Buy-India-Charas-Black-Hash.jpg\",\"datePublished\":\"2022-02-20T14:27:35+00:00\",\"dateModified\":\"2022-03-20T00:53:51+00:00\",\"description\":\"K\u00f8b India Charas Black Hash online. Let at arbejde med, har en skarp, krydret aroma og giver en potent kropslyd. Bestil sort hash her.\",\"breadcrumb\":{\"@id\":\"https:\\\/\\\/medicinasinc.com\\\/da\\\/product\\\/kob-india-charas-sort-hash\\\/#breadcrumb\"},\"inLanguage\":\"en-US\",\"potentialAction\":[{\"@type\":\"ReadAction\",\"target\":[\"https:\\\/\\\/medicinasinc.com\\\/da\\\/product\\\/kob-india-charas-sort-hash\\\/\"]}]},{\"@type\":\"ImageObject\",\"inLanguage\":\"en-US\",\"@id\":\"https:\\\/\\\/medicinasinc.com\\\/da\\\/product\\\/kob-india-charas-sort-hash\\\/#primaryimage\",\"url\":\"https:\\\/\\\/medicinasinc.com\\\/da\\\/wp-content\\\/uploads\\\/sites\\\/8\\\/2022\\\/02\\\/Buy-India-Charas-Black-Hash.jpg\",\"contentUrl\":\"https:\\\/\\\/medicinasinc.com\\\/da\\\/wp-content\\\/uploads\\\/sites\\\/8\\\/2022\\\/02\\\/Buy-India-Charas-Black-Hash.jpg\",\"width\":600,\"height\":600},{\"@type\":\"BreadcrumbList\",\"@id\":\"https:\\\/\\\/medicinasinc.com\\\/da\\\/product\\\/kob-india-charas-sort-hash\\\/#breadcrumb\",\"itemListElement\":[{\"@type\":\"ListItem\",\"position\":1,\"name\":\"Butik\",\"item\":\"https:\\\/\\\/medicinasinc.com\\\/da\\\/butik\\\/\"},{\"@type\":\"ListItem\",\"position\":2,\"name\":\"K\u00f8b India Charas Black Hash\"}]},{\"@type\":\"WebSite\",\"@id\":\"https:\\\/\\\/medicinasinc.com\\\/da\\\/#website\",\"url\":\"https:\\\/\\\/medicinasinc.com\\\/da\\\/\",\"name\":\"Medicinas Inc\",\"description\":\"Health Medical Clinic\",\"potentialAction\":[{\"@type\":\"SearchAction\",\"target\":{\"@type\":\"EntryPoint\",\"urlTemplate\":\"https:\\\/\\\/medicinasinc.com\\\/da\\\/?s={search_term_string}\"},\"query-input\":{\"@type\":\"PropertyValueSpecification\",\"valueRequired\":true,\"valueName\":\"search_term_string\"}}],\"inLanguage\":\"en-US\"}]}<\/script>\n<!-- \/ Yoast SEO plugin. -->","yoast_head_json":{"title":"K\u00f8b India Charas Black Hash - Bedste bedste globale medicin","description":"K\u00f8b India Charas Black Hash online. Let at arbejde med, har en skarp, krydret aroma og giver en potent kropslyd. Bestil sort hash her.","robots":{"index":"index","follow":"follow","max-snippet":"max-snippet:-1","max-image-preview":"max-image-preview:large","max-video-preview":"max-video-preview:-1"},"canonical":"https:\/\/medicinasinc.com\/da\/product\/kob-india-charas-sort-hash\/","og_locale":"en_US","og_type":"article","og_title":"K\u00f8b India Charas Black Hash - Bedste bedste globale medicin","og_description":"K\u00f8b India Charas Black Hash online. Let at arbejde med, har en skarp, krydret aroma og giver en potent kropslyd. Bestil sort hash her.","og_url":"https:\/\/medicinasinc.com\/da\/product\/kob-india-charas-sort-hash\/","og_site_name":"Medicinas Inc","article_modified_time":"2022-03-20T00:53:51+00:00","og_image":[{"width":600,"height":600,"url":"https:\/\/medicinasinc.com\/da\/wp-content\/uploads\/sites\/8\/2022\/02\/Buy-India-Charas-Black-Hash.jpg","type":"image\/jpeg"}],"twitter_card":"summary_large_image","twitter_misc":{"Est. reading time":"2 minutes"},"schema":{"@context":"https:\/\/schema.org","@graph":[{"@type":"WebPage","@id":"https:\/\/medicinasinc.com\/da\/product\/kob-india-charas-sort-hash\/","url":"https:\/\/medicinasinc.com\/da\/product\/kob-india-charas-sort-hash\/","name":"K\u00f8b India Charas Black Hash - Bedste bedste globale medicin","isPartOf":{"@id":"https:\/\/medicinasinc.com\/da\/#website"},"primaryImageOfPage":{"@id":"https:\/\/medicinasinc.com\/da\/product\/kob-india-charas-sort-hash\/#primaryimage"},"image":{"@id":"https:\/\/medicinasinc.com\/da\/product\/kob-india-charas-sort-hash\/#primaryimage"},"thumbnailUrl":"https:\/\/medicinasinc.com\/da\/wp-content\/uploads\/sites\/8\/2022\/02\/Buy-India-Charas-Black-Hash.jpg","datePublished":"2022-02-20T14:27:35+00:00","dateModified":"2022-03-20T00:53:51+00:00","description":"K\u00f8b India Charas Black Hash online. Let at arbejde med, har en skarp, krydret aroma og giver en potent kropslyd. Bestil sort hash her.","breadcrumb":{"@id":"https:\/\/medicinasinc.com\/da\/product\/kob-india-charas-sort-hash\/#breadcrumb"},"inLanguage":"en-US","potentialAction":[{"@type":"ReadAction","target":["https:\/\/medicinasinc.com\/da\/product\/kob-india-charas-sort-hash\/"]}]},{"@type":"ImageObject","inLanguage":"en-US","@id":"https:\/\/medicinasinc.com\/da\/product\/kob-india-charas-sort-hash\/#primaryimage","url":"https:\/\/medicinasinc.com\/da\/wp-content\/uploads\/sites\/8\/2022\/02\/Buy-India-Charas-Black-Hash.jpg","contentUrl":"https:\/\/medicinasinc.com\/da\/wp-content\/uploads\/sites\/8\/2022\/02\/Buy-India-Charas-Black-Hash.jpg","width":600,"height":600},{"@type":"BreadcrumbList","@id":"https:\/\/medicinasinc.com\/da\/product\/kob-india-charas-sort-hash\/#breadcrumb","itemListElement":[{"@type":"ListItem","position":1,"name":"Butik","item":"https:\/\/medicinasinc.com\/da\/butik\/"},{"@type":"ListItem","position":2,"name":"K\u00f8b India Charas Black Hash"}]},{"@type":"WebSite","@id":"https:\/\/medicinasinc.com\/da\/#website","url":"https:\/\/medicinasinc.com\/da\/","name":"Medicinas Inc","description":"Health Medical Clinic","potentialAction":[{"@type":"SearchAction","target":{"@type":"EntryPoint","urlTemplate":"https:\/\/medicinasinc.com\/da\/?s={search_term_string}"},"query-input":{"@type":"PropertyValueSpecification","valueRequired":true,"valueName":"search_term_string"}}],"inLanguage":"en-US"}]}},"_links":{"self":[{"href":"https:\/\/medicinasinc.com\/da\/wp-json\/wp\/v2\/product\/4667","targetHints":{"allow":["GET"]}}],"collection":[{"href":"https:\/\/medicinasinc.com\/da\/wp-json\/wp\/v2\/product"}],"about":[{"href":"https:\/\/medicinasinc.com\/da\/wp-json\/wp\/v2\/types\/product"}],"replies":[{"embeddable":true,"href":"https:\/\/medicinasinc.com\/da\/wp-json\/wp\/v2\/comments?post=4667"}],"wp:featuredmedia":[{"embeddable":true,"href":"https:\/\/medicinasinc.com\/da\/wp-json\/wp\/v2\/media\/4681"}],"wp:attachment":[{"href":"https:\/\/medicinasinc.com\/da\/wp-json\/wp\/v2\/media?parent=4667"}],"wp:term":[{"taxonomy":"product_brand","embeddable":true,"href":"https:\/\/medicinasinc.com\/da\/wp-json\/wp\/v2\/product_brand?post=4667"},{"taxonomy":"product_cat","embeddable":true,"href":"https:\/\/medicinasinc.com\/da\/wp-json\/wp\/v2\/product_cat?post=4667"},{"taxonomy":"product_tag","embeddable":true,"href":"https:\/\/medicinasinc.com\/da\/wp-json\/wp\/v2\/product_tag?post=4667"}],"curies":[{"name":"wp","href":"https:\/\/api.w.org\/{rel}","templated":true}]}}