{"id":4666,"date":"2022-02-20T14:26:53","date_gmt":"2022-02-20T14:26:53","guid":{"rendered":"https:\/\/medicinasinc.com\/da\/?post_type=product&#038;p=4666"},"modified":"2022-03-20T00:54:00","modified_gmt":"2022-03-20T00:54:00","slug":"kob-is-hash-pinde","status":"publish","type":"product","link":"https:\/\/medicinasinc.com\/da\/product\/kob-is-hash-pinde\/","title":{"rendered":"K\u00f8b Ice Hash Sticks"},"content":{"rendered":"<p>Ice Hash vinder hurtigt popularitet som en metode med lav vedligeholdelse til at producere hash af h\u00f8j kvalitet. Marihuana kombineres med vand og filtreres derefter gennem forskellige typer kl\u00e6der. Harpiksen, der resulterer, er utrolig. Hash Sticks lavet af is. Der er adskillige metoder til at skabe Ice Hash. Du kan k\u00f8be Ice-o-lators online for at skabe Ice Hash. K\u00f8b hashpinde lavet af is<\/p>\n<p>Hvordan defineres hash (hash)?<\/p>\n<p>&#8220;Hashish er et psykoaktivt stof, der stammer fra harpikskirtlerne fra den kvindelige cannabisplante (pistillat). [&#8230; ] M\u00e5let er at isolere (og dermed koncentrere) harpiksen indeholdende THC for at producere hash.&#8221; Hashsticks lavet af is<\/p>\n<p>K\u00f8b ishash sticks | K\u00f8b Ice Hash Sticks | K\u00f8b Ice Hash Sticks<\/p>\n<p>Simpelt sagt, hash (som vi nu vil referere til som hash) er cannabisplantens isolerede harpikskirtler. Endnu enklere, hash er, n\u00e5r de gode kl\u00e6brige ting fra din cannabis udvindes helt af sig selv. Hash er p\u00e5 en m\u00e5de destilleret cannabis! Hashsticks lavet af is<\/p>\n<p>At lave hash med t\u00f8ris er den enkleste, hurtigste og mest effektive metode til at udvinde harpiks fra cannabis. I en n\u00f8ddeskal er dette vores f\u00e6lles holdning. Dry Ice Hash er den optimale metode til hashproduktion. Hashsticks lavet af is<\/p>\n<p>&nbsp;<\/p>\n<p>Hvad g\u00f8r Dry Ice Hash unik?<\/p>\n<p>Selvom ikke alle hash er identiske, er mange ret ens.<\/p>\n<p>Vandhash \u2013 alternativt omtalt som ishash, boblehash, gravitationshash (Gumby) og t\u00f8rishash \u2013 alle producerer isolerede harpikskirtler.<\/p>\n<p>Hashsticks lavet af is<\/p>\n<p>Mens mange metoder producerer det samme eller et lignende produkt, har brug af t\u00f8ris en r\u00e6kke fordele i forhold til andre metoder til harpiksindsamling:<\/p>\n<p>Det er mere hensigtsm\u00e6ssigt end alternative metoder.<br \/> Du kan f\u00e6rdigg\u00f8r t\u00f8ris-hashen p\u00e5 omkring 1\/25 af den tid, det tager at fuldf\u00f8re gravitations-hash! Selvom det eksempel er ekstremt, tager det kun et par minutter at lave t\u00f8rishash og er betydeligt hurtigere end andre metoder. Hashsticks lavet af is<br \/> Det er latterligt enkelt, og den enkelhed oms\u00e6ttes til \u00f8jeblikkelig tilfredsstillelse. Du f\u00e5r premium hash i mindre end 15 minutter ved at ryste en spand og en pose.<br \/> Der er ingen fugt til stede!<br \/> Det betyder, at harpiksen er klar med det samme, n\u00e5r den rystes l\u00f8s!<\/p>\n","protected":false},"excerpt":{"rendered":"<div class=\"woocommerce-product-details__short-description\">\n<p>Ice Hash Sticks, ogs\u00e5 kendt som Thai Sticks, er en ren sativa landrace, der opstod i Thailand og kom til USA i 1970&#8217;erne.<\/p>\n<p>Ice Hash vinder hurtigt popularitet som en metode med lav vedligeholdelse til at producere hash af h\u00f8j kvalitet. Marihuana kombineres med vand og filtreres derefter gennem forskellige typer kl\u00e6der. Harpiksen, der resulterer, er utrolig. Hash Sticks lavet af is. Der er adskillige metoder til at skabe Ice Hash. Du kan k\u00f8be Ice-o-lators online for at skabe Ice Hash. K\u00f8b Hash Sticks Made of Ice<\/p>\n<\/p><\/div>\n","protected":false},"featured_media":4679,"comment_status":"open","ping_status":"closed","template":"","meta":[],"product_brand":[],"product_cat":[610],"product_tag":[],"class_list":{"0":"post-4666","1":"product","2":"type-product","3":"status-publish","4":"has-post-thumbnail","6":"product_cat-kob-hash-hash","8":"first","9":"instock","10":"shipping-taxable","11":"purchasable","12":"product-type-variable","13":"has-default-attributes"},"yoast_head":"<!-- This site is optimized with the Yoast SEO plugin v27.3 - https:\/\/yoast.com\/product\/yoast-seo-wordpress\/ -->\n<title>K\u00f8b Ice Hash Sticks - Bedste bedste globale medicin<\/title>\n<meta name=\"description\" content=\"K\u00f8b Ice Hash Sticks til salg UK, Europe Online ogs\u00e5 kendt som Thai Sticks er en ren sativa landrace, der startede i Thailand, f\u00f8rst p\u00e5 vej til USA i 70&#039;erne.\" \/>\n<meta name=\"robots\" content=\"index, follow, max-snippet:-1, max-image-preview:large, max-video-preview:-1\" \/>\n<link rel=\"canonical\" href=\"https:\/\/medicinasinc.com\/da\/product\/kob-is-hash-pinde\/\" \/>\n<meta property=\"og:locale\" content=\"en_US\" \/>\n<meta property=\"og:type\" content=\"article\" \/>\n<meta property=\"og:title\" content=\"K\u00f8b Ice Hash Sticks - Bedste bedste globale medicin\" \/>\n<meta property=\"og:description\" content=\"K\u00f8b Ice Hash Sticks til salg UK, Europe Online ogs\u00e5 kendt som Thai Sticks er en ren sativa landrace, der startede i Thailand, f\u00f8rst p\u00e5 vej til USA i 70&#039;erne.\" \/>\n<meta property=\"og:url\" content=\"https:\/\/medicinasinc.com\/da\/product\/kob-is-hash-pinde\/\" \/>\n<meta property=\"og:site_name\" content=\"Medicinas Inc\" \/>\n<meta property=\"article:modified_time\" content=\"2022-03-20T00:54:00+00:00\" \/>\n<meta property=\"og:image\" content=\"https:\/\/medicinasinc.com\/da\/wp-content\/uploads\/sites\/8\/2022\/02\/Buy-Ice-Hash-Sticks.jpg\" \/>\n\t<meta property=\"og:image:width\" content=\"600\" \/>\n\t<meta property=\"og:image:height\" content=\"600\" \/>\n\t<meta property=\"og:image:type\" content=\"image\/jpeg\" \/>\n<meta name=\"twitter:card\" content=\"summary_large_image\" \/>\n<meta name=\"twitter:label1\" content=\"Est. reading time\" \/>\n\t<meta name=\"twitter:data1\" content=\"2 minutes\" \/>\n<script type=\"application\/ld+json\" class=\"yoast-schema-graph\">{\"@context\":\"https:\\\/\\\/schema.org\",\"@graph\":[{\"@type\":\"WebPage\",\"@id\":\"https:\\\/\\\/medicinasinc.com\\\/da\\\/product\\\/kob-is-hash-pinde\\\/\",\"url\":\"https:\\\/\\\/medicinasinc.com\\\/da\\\/product\\\/kob-is-hash-pinde\\\/\",\"name\":\"K\u00f8b Ice Hash Sticks - Bedste bedste globale medicin\",\"isPartOf\":{\"@id\":\"https:\\\/\\\/medicinasinc.com\\\/da\\\/#website\"},\"primaryImageOfPage\":{\"@id\":\"https:\\\/\\\/medicinasinc.com\\\/da\\\/product\\\/kob-is-hash-pinde\\\/#primaryimage\"},\"image\":{\"@id\":\"https:\\\/\\\/medicinasinc.com\\\/da\\\/product\\\/kob-is-hash-pinde\\\/#primaryimage\"},\"thumbnailUrl\":\"https:\\\/\\\/medicinasinc.com\\\/da\\\/wp-content\\\/uploads\\\/sites\\\/8\\\/2022\\\/02\\\/Buy-Ice-Hash-Sticks.jpg\",\"datePublished\":\"2022-02-20T14:26:53+00:00\",\"dateModified\":\"2022-03-20T00:54:00+00:00\",\"description\":\"K\u00f8b Ice Hash Sticks til salg UK, Europe Online ogs\u00e5 kendt som Thai Sticks er en ren sativa landrace, der startede i Thailand, f\u00f8rst p\u00e5 vej til USA i 70'erne.\",\"breadcrumb\":{\"@id\":\"https:\\\/\\\/medicinasinc.com\\\/da\\\/product\\\/kob-is-hash-pinde\\\/#breadcrumb\"},\"inLanguage\":\"en-US\",\"potentialAction\":[{\"@type\":\"ReadAction\",\"target\":[\"https:\\\/\\\/medicinasinc.com\\\/da\\\/product\\\/kob-is-hash-pinde\\\/\"]}]},{\"@type\":\"ImageObject\",\"inLanguage\":\"en-US\",\"@id\":\"https:\\\/\\\/medicinasinc.com\\\/da\\\/product\\\/kob-is-hash-pinde\\\/#primaryimage\",\"url\":\"https:\\\/\\\/medicinasinc.com\\\/da\\\/wp-content\\\/uploads\\\/sites\\\/8\\\/2022\\\/02\\\/Buy-Ice-Hash-Sticks.jpg\",\"contentUrl\":\"https:\\\/\\\/medicinasinc.com\\\/da\\\/wp-content\\\/uploads\\\/sites\\\/8\\\/2022\\\/02\\\/Buy-Ice-Hash-Sticks.jpg\",\"width\":600,\"height\":600},{\"@type\":\"BreadcrumbList\",\"@id\":\"https:\\\/\\\/medicinasinc.com\\\/da\\\/product\\\/kob-is-hash-pinde\\\/#breadcrumb\",\"itemListElement\":[{\"@type\":\"ListItem\",\"position\":1,\"name\":\"Butik\",\"item\":\"https:\\\/\\\/medicinasinc.com\\\/da\\\/butik\\\/\"},{\"@type\":\"ListItem\",\"position\":2,\"name\":\"K\u00f8b Ice Hash Sticks\"}]},{\"@type\":\"WebSite\",\"@id\":\"https:\\\/\\\/medicinasinc.com\\\/da\\\/#website\",\"url\":\"https:\\\/\\\/medicinasinc.com\\\/da\\\/\",\"name\":\"Medicinas Inc\",\"description\":\"Health Medical Clinic\",\"potentialAction\":[{\"@type\":\"SearchAction\",\"target\":{\"@type\":\"EntryPoint\",\"urlTemplate\":\"https:\\\/\\\/medicinasinc.com\\\/da\\\/?s={search_term_string}\"},\"query-input\":{\"@type\":\"PropertyValueSpecification\",\"valueRequired\":true,\"valueName\":\"search_term_string\"}}],\"inLanguage\":\"en-US\"}]}<\/script>\n<!-- \/ Yoast SEO plugin. -->","yoast_head_json":{"title":"K\u00f8b Ice Hash Sticks - Bedste bedste globale medicin","description":"K\u00f8b Ice Hash Sticks til salg UK, Europe Online ogs\u00e5 kendt som Thai Sticks er en ren sativa landrace, der startede i Thailand, f\u00f8rst p\u00e5 vej til USA i 70'erne.","robots":{"index":"index","follow":"follow","max-snippet":"max-snippet:-1","max-image-preview":"max-image-preview:large","max-video-preview":"max-video-preview:-1"},"canonical":"https:\/\/medicinasinc.com\/da\/product\/kob-is-hash-pinde\/","og_locale":"en_US","og_type":"article","og_title":"K\u00f8b Ice Hash Sticks - Bedste bedste globale medicin","og_description":"K\u00f8b Ice Hash Sticks til salg UK, Europe Online ogs\u00e5 kendt som Thai Sticks er en ren sativa landrace, der startede i Thailand, f\u00f8rst p\u00e5 vej til USA i 70'erne.","og_url":"https:\/\/medicinasinc.com\/da\/product\/kob-is-hash-pinde\/","og_site_name":"Medicinas Inc","article_modified_time":"2022-03-20T00:54:00+00:00","og_image":[{"width":600,"height":600,"url":"https:\/\/medicinasinc.com\/da\/wp-content\/uploads\/sites\/8\/2022\/02\/Buy-Ice-Hash-Sticks.jpg","type":"image\/jpeg"}],"twitter_card":"summary_large_image","twitter_misc":{"Est. reading time":"2 minutes"},"schema":{"@context":"https:\/\/schema.org","@graph":[{"@type":"WebPage","@id":"https:\/\/medicinasinc.com\/da\/product\/kob-is-hash-pinde\/","url":"https:\/\/medicinasinc.com\/da\/product\/kob-is-hash-pinde\/","name":"K\u00f8b Ice Hash Sticks - Bedste bedste globale medicin","isPartOf":{"@id":"https:\/\/medicinasinc.com\/da\/#website"},"primaryImageOfPage":{"@id":"https:\/\/medicinasinc.com\/da\/product\/kob-is-hash-pinde\/#primaryimage"},"image":{"@id":"https:\/\/medicinasinc.com\/da\/product\/kob-is-hash-pinde\/#primaryimage"},"thumbnailUrl":"https:\/\/medicinasinc.com\/da\/wp-content\/uploads\/sites\/8\/2022\/02\/Buy-Ice-Hash-Sticks.jpg","datePublished":"2022-02-20T14:26:53+00:00","dateModified":"2022-03-20T00:54:00+00:00","description":"K\u00f8b Ice Hash Sticks til salg UK, Europe Online ogs\u00e5 kendt som Thai Sticks er en ren sativa landrace, der startede i Thailand, f\u00f8rst p\u00e5 vej til USA i 70'erne.","breadcrumb":{"@id":"https:\/\/medicinasinc.com\/da\/product\/kob-is-hash-pinde\/#breadcrumb"},"inLanguage":"en-US","potentialAction":[{"@type":"ReadAction","target":["https:\/\/medicinasinc.com\/da\/product\/kob-is-hash-pinde\/"]}]},{"@type":"ImageObject","inLanguage":"en-US","@id":"https:\/\/medicinasinc.com\/da\/product\/kob-is-hash-pinde\/#primaryimage","url":"https:\/\/medicinasinc.com\/da\/wp-content\/uploads\/sites\/8\/2022\/02\/Buy-Ice-Hash-Sticks.jpg","contentUrl":"https:\/\/medicinasinc.com\/da\/wp-content\/uploads\/sites\/8\/2022\/02\/Buy-Ice-Hash-Sticks.jpg","width":600,"height":600},{"@type":"BreadcrumbList","@id":"https:\/\/medicinasinc.com\/da\/product\/kob-is-hash-pinde\/#breadcrumb","itemListElement":[{"@type":"ListItem","position":1,"name":"Butik","item":"https:\/\/medicinasinc.com\/da\/butik\/"},{"@type":"ListItem","position":2,"name":"K\u00f8b Ice Hash Sticks"}]},{"@type":"WebSite","@id":"https:\/\/medicinasinc.com\/da\/#website","url":"https:\/\/medicinasinc.com\/da\/","name":"Medicinas Inc","description":"Health Medical Clinic","potentialAction":[{"@type":"SearchAction","target":{"@type":"EntryPoint","urlTemplate":"https:\/\/medicinasinc.com\/da\/?s={search_term_string}"},"query-input":{"@type":"PropertyValueSpecification","valueRequired":true,"valueName":"search_term_string"}}],"inLanguage":"en-US"}]}},"_links":{"self":[{"href":"https:\/\/medicinasinc.com\/da\/wp-json\/wp\/v2\/product\/4666","targetHints":{"allow":["GET"]}}],"collection":[{"href":"https:\/\/medicinasinc.com\/da\/wp-json\/wp\/v2\/product"}],"about":[{"href":"https:\/\/medicinasinc.com\/da\/wp-json\/wp\/v2\/types\/product"}],"replies":[{"embeddable":true,"href":"https:\/\/medicinasinc.com\/da\/wp-json\/wp\/v2\/comments?post=4666"}],"wp:featuredmedia":[{"embeddable":true,"href":"https:\/\/medicinasinc.com\/da\/wp-json\/wp\/v2\/media\/4679"}],"wp:attachment":[{"href":"https:\/\/medicinasinc.com\/da\/wp-json\/wp\/v2\/media?parent=4666"}],"wp:term":[{"taxonomy":"product_brand","embeddable":true,"href":"https:\/\/medicinasinc.com\/da\/wp-json\/wp\/v2\/product_brand?post=4666"},{"taxonomy":"product_cat","embeddable":true,"href":"https:\/\/medicinasinc.com\/da\/wp-json\/wp\/v2\/product_cat?post=4666"},{"taxonomy":"product_tag","embeddable":true,"href":"https:\/\/medicinasinc.com\/da\/wp-json\/wp\/v2\/product_tag?post=4666"}],"curies":[{"name":"wp","href":"https:\/\/api.w.org\/{rel}","templated":true}]}}