{"id":4627,"date":"2022-02-20T13:57:00","date_gmt":"2022-02-20T13:57:00","guid":{"rendered":"https:\/\/medicinasinc.com\/da\/?post_type=product&#038;p=4627"},"modified":"2022-03-20T00:54:46","modified_gmt":"2022-03-20T00:54:46","slug":"kob-bc-hash","status":"publish","type":"product","link":"https:\/\/medicinasinc.com\/da\/product\/kob-bc-hash\/","title":{"rendered":"K\u00f8b BC Hash"},"content":{"rendered":"<div class=\"woocommerce-tabs wc-tabs-wrapper\">\n<div id=\"tab-description\" class=\"woocommerce-Tabs-panel woocommerce-Tabs-panel--description panel entry-content wc-tab\" role=\"tabpanel\" aria-labelledby=\"tab-title-description\">\n<p>BC-Hash kan k\u00f8bes online.<\/p>\n<p>Vil du pr\u00f8ve noget nyt i dag? Vores anbefaling er at tjekke denne hash af h\u00f8j kvalitet, som er popul\u00e6r blandt b\u00e5de nybegyndere og erfarne marihuanabrugere. BC-Hash kan k\u00f8bes online.<\/p>\n<p>BC Hash har en tydelig fyrretr\u00e6saroma og smag.<\/p>\n<p>Mens mange mennesker forventer en st\u00e6rk duft, er virkeligheden, at den er ret mild, hvilket g\u00f8r dette produkt er ogs\u00e5 ret praktisk. Det bedste er, at det h\u00f8je ikke begynder med det samme, s\u00e5 du kan tage dig god tid og forvente, at det varer l\u00e6nge. Dette er en fremragende mulighed for dem, der s\u00f8ger en dag med afslapning, s\u00e5vel som dem, der s\u00f8ger at bek\u00e6mpe angst. Vi sender til USA, Storbritannien, Australien, Canada og Europa samt internationalt.<\/p>\n<\/p><\/div><\/div>\n","protected":false},"excerpt":{"rendered":"<p>K\u00f8b BC Hash til salg i UK Online i bedste fald globalt rod. Bestil hasholieprodukter og BC-hash. K\u00f8b gr\u00e6s online her og f\u00e5 hurtig forsendelse overalt i Europa, Storbritannien.<\/p>\n<p>&nbsp;<\/p>\n<ul>\n<li>Forsendelse til hele verden<\/li>\n<li><strong>Klasse: AAAA<\/p>\n<p> strong&gt;<\/li>\n<li><strong>Kontakt os<\/strong>\u00a0for st\u00f8rre ordrer<\/li>\n<\/ul>\n","protected":false},"featured_media":4639,"comment_status":"open","ping_status":"closed","template":"","meta":[],"product_brand":[],"product_cat":[610],"product_tag":[611,612,613,614,678,679,671,673,674,675,676,677,672,680,615,616,617,619,621,622,624,625,626,455,627,628,631,632,633,636,461,642,643,644,646,647,648,650,651,652,654,653,618,620,641,473,623,640,629,630,634,459,635,637,454,638,639,475,649,645,470,656,657,659,658,663,665,664,670,669,666,667,668,660,662,661,655,681,682],"class_list":{"0":"post-4627","1":"product","2":"type-product","3":"status-publish","4":"has-post-thumbnail","6":"product_cat-kob-hash-hash","7":"product_tag-420-mail-order-marihuana-usa","8":"product_tag-420-mail-order-usa","9":"product_tag-bedste-marihuana-online-shop-usa","10":"product_tag-bedste-online-dispensary","11":"product_tag-bestil-ukrudt-online","12":"product_tag-bestil-ukrudt-online-usa","13":"product_tag-bestille-kush-online-usa","14":"product_tag-bestil-marihuana-online-europa","15":"product_tag-bestil-marihuana-online-frankrig","16":"product_tag-bestil-marihuana-online-usa","17":"product_tag-bestille-marihuana-online-verdensomspndende-forsendelse","18":"product_tag-ordre-splintring-online-usa","19":"product_tag-bestille-marihuana-online","20":"product_tag-bestilling-ukrudt-online-i-usa","21":"product_tag-buy-cannabis-oil-online","22":"product_tag-buy-cannabis-online-kuwait","23":"product_tag-buy-cannabis-online-malaysia","24":"product_tag-buy-dabs-online","25":"product_tag-buy-hash-oil-online-australia","26":"product_tag-buy-hash-online-uk","27":"product_tag-buy-kush-online","28":"product_tag-buy-kush-online-usa","29":"product_tag-buy-legal-weed-online","30":"product_tag-buy-marijuana-online","31":"product_tag-buy-marijuana-online-australia","32":"product_tag-buy-marijuana-online-brazil","33":"product_tag-buy-marijuana-online-latin-american","34":"product_tag-buy-marijuana-online-malaysia","35":"product_tag-buy-marijuana-online-middle-east","36":"product_tag-buy-marijuana-shatter-wax-online-with-worldwide-shipping","37":"product_tag-buy-medical-marijuana-online","38":"product_tag-buy-shatter-wax-online","39":"product_tag-buy-thc-oil-online","40":"product_tag-buy-thc-wax-online","41":"product_tag-buy-weed-edibles-online","42":"product_tag-buy-weed-online-asia","43":"product_tag-buy-weed-online-australia","44":"product_tag-buy-weed-online-with-worldwide-shipping","45":"product_tag-buy-weed-wax-online-with-worldwide-shipping","46":"product_tag-buying-marijuana-online-usa","47":"product_tag-california-dispensary-shipping-worldwide","48":"product_tag-kb-ukrudt-online-usa-anmeldelser","49":"product_tag-kb-billigt-ukrudt-online-usa","50":"product_tag-kb-dabs-online-postordre","51":"product_tag-kb-forvalsede-led-online","52":"product_tag-kb-ukrudt-online-europa","53":"product_tag-kb-hj-thc-cannabis-olie-online","54":"product_tag-kb-mneklipper-online","55":"product_tag-kb-marihuana-online-ca","56":"product_tag-kb-marihuana-online-diskret-emballage","57":"product_tag-kb-marihuana-online-uk","58":"product_tag-kb-marihuana-online-usa","59":"product_tag-kb-marihuana-online-med-verdensomspndende-forsendelse","60":"product_tag-kb-marihuana-shatterwax-online-med-verdensomspndende-forsendelse","61":"product_tag-kb-marihuana-spiselige-online","62":"product_tag-kb-marihuana-voks-online-australien","63":"product_tag-kb-marihuana-voks-online-uk","64":"product_tag-kb-ukrudt-online-dk","65":"product_tag-kb-ukrudt-online-usa","66":"product_tag-kb-voks-online-med-verdensomspndende-forsendelse","67":"product_tag-kb-ukrudt-online","68":"product_tag-legal-marijuana-for-sale-usa","69":"product_tag-legit-online-dispensary","70":"product_tag-legit-online-dispensary-shipping-worldwide","71":"product_tag-legit-online-dispensary-shipping-usa","72":"product_tag-mail-order-weed-online-with-worldwide-shipping","73":"product_tag-marihuana-online-usa","74":"product_tag-marihuana-til-salg-usa","75":"product_tag-online-dispensary-shipping-worldwide-anmeldelser","76":"product_tag-online-dispensary-forsendelse-verdensomspndende","77":"product_tag-online-dispensary-forsendelse","78":"product_tag-online-dispensary-shipping-uk","79":"product_tag-online-dispensary-shipping-usa","80":"product_tag-postordre-marihuana-online","81":"product_tag-postordre-marihuana-online-med-verdensomspndende-forsendelse","82":"product_tag-postordre-marihuana-online-usa","83":"product_tag-spiselige-varer-verdensomspndende-forsendelse","84":"product_tag-ukrudt-til-salg-online-usa","85":"product_tag-verdensomspndende-cannabis-online-shop","87":"first","88":"instock","89":"shipping-taxable","90":"purchasable","91":"product-type-variable","92":"has-default-attributes"},"yoast_head":"<!-- This site is optimized with the Yoast SEO plugin v27.3 - https:\/\/yoast.com\/product\/yoast-seo-wordpress\/ -->\n<title>K\u00f8b BC Hash Online - Bedste bedste globale medicin<\/title>\n<meta name=\"description\" content=\"K\u00f8b BC Hash til salg i UK Online i bedste globalt rod. Bestil hasholieprodukter og BC-hash. K\u00f8b gr\u00e6s online her og f\u00e5 hurtig forsendelse overalt i Europa, Storbritannien.\" \/>\n<meta name=\"robots\" content=\"index, follow, max-snippet:-1, max-image-preview:large, max-video-preview:-1\" \/>\n<link rel=\"canonical\" href=\"https:\/\/medicinasinc.com\/da\/product\/kob-bc-hash\/\" \/>\n<meta property=\"og:locale\" content=\"en_US\" \/>\n<meta property=\"og:type\" content=\"article\" \/>\n<meta property=\"og:title\" content=\"K\u00f8b BC Hash Online - Bedste bedste globale medicin\" \/>\n<meta property=\"og:description\" content=\"K\u00f8b BC Hash til salg i UK Online i bedste globalt rod. Bestil hasholieprodukter og BC-hash. K\u00f8b gr\u00e6s online her og f\u00e5 hurtig forsendelse overalt i Europa, Storbritannien.\" \/>\n<meta property=\"og:url\" content=\"https:\/\/medicinasinc.com\/da\/product\/kob-bc-hash\/\" \/>\n<meta property=\"og:site_name\" content=\"Medicinas Inc\" \/>\n<meta property=\"article:modified_time\" content=\"2022-03-20T00:54:46+00:00\" \/>\n<meta property=\"og:image\" content=\"https:\/\/medicinasinc.com\/da\/wp-content\/uploads\/sites\/8\/2022\/02\/Buy-BC-Hash.jpg\" \/>\n\t<meta property=\"og:image:width\" content=\"600\" \/>\n\t<meta property=\"og:image:height\" content=\"600\" \/>\n\t<meta property=\"og:image:type\" content=\"image\/jpeg\" \/>\n<meta name=\"twitter:card\" content=\"summary_large_image\" \/>\n<meta name=\"twitter:label1\" content=\"Est. reading time\" \/>\n\t<meta name=\"twitter:data1\" content=\"1 minute\" \/>\n<script type=\"application\/ld+json\" class=\"yoast-schema-graph\">{\"@context\":\"https:\\\/\\\/schema.org\",\"@graph\":[{\"@type\":\"WebPage\",\"@id\":\"https:\\\/\\\/medicinasinc.com\\\/da\\\/product\\\/kob-bc-hash\\\/\",\"url\":\"https:\\\/\\\/medicinasinc.com\\\/da\\\/product\\\/kob-bc-hash\\\/\",\"name\":\"K\u00f8b BC Hash Online - Bedste bedste globale medicin\",\"isPartOf\":{\"@id\":\"https:\\\/\\\/medicinasinc.com\\\/da\\\/#website\"},\"primaryImageOfPage\":{\"@id\":\"https:\\\/\\\/medicinasinc.com\\\/da\\\/product\\\/kob-bc-hash\\\/#primaryimage\"},\"image\":{\"@id\":\"https:\\\/\\\/medicinasinc.com\\\/da\\\/product\\\/kob-bc-hash\\\/#primaryimage\"},\"thumbnailUrl\":\"https:\\\/\\\/medicinasinc.com\\\/da\\\/wp-content\\\/uploads\\\/sites\\\/8\\\/2022\\\/02\\\/Buy-BC-Hash.jpg\",\"datePublished\":\"2022-02-20T13:57:00+00:00\",\"dateModified\":\"2022-03-20T00:54:46+00:00\",\"description\":\"K\u00f8b BC Hash til salg i UK Online i bedste globalt rod. Bestil hasholieprodukter og BC-hash. K\u00f8b gr\u00e6s online her og f\u00e5 hurtig forsendelse overalt i Europa, Storbritannien.\",\"breadcrumb\":{\"@id\":\"https:\\\/\\\/medicinasinc.com\\\/da\\\/product\\\/kob-bc-hash\\\/#breadcrumb\"},\"inLanguage\":\"en-US\",\"potentialAction\":[{\"@type\":\"ReadAction\",\"target\":[\"https:\\\/\\\/medicinasinc.com\\\/da\\\/product\\\/kob-bc-hash\\\/\"]}]},{\"@type\":\"ImageObject\",\"inLanguage\":\"en-US\",\"@id\":\"https:\\\/\\\/medicinasinc.com\\\/da\\\/product\\\/kob-bc-hash\\\/#primaryimage\",\"url\":\"https:\\\/\\\/medicinasinc.com\\\/da\\\/wp-content\\\/uploads\\\/sites\\\/8\\\/2022\\\/02\\\/Buy-BC-Hash.jpg\",\"contentUrl\":\"https:\\\/\\\/medicinasinc.com\\\/da\\\/wp-content\\\/uploads\\\/sites\\\/8\\\/2022\\\/02\\\/Buy-BC-Hash.jpg\",\"width\":600,\"height\":600},{\"@type\":\"BreadcrumbList\",\"@id\":\"https:\\\/\\\/medicinasinc.com\\\/da\\\/product\\\/kob-bc-hash\\\/#breadcrumb\",\"itemListElement\":[{\"@type\":\"ListItem\",\"position\":1,\"name\":\"Butik\",\"item\":\"https:\\\/\\\/medicinasinc.com\\\/da\\\/butik\\\/\"},{\"@type\":\"ListItem\",\"position\":2,\"name\":\"K\u00f8b BC Hash\"}]},{\"@type\":\"WebSite\",\"@id\":\"https:\\\/\\\/medicinasinc.com\\\/da\\\/#website\",\"url\":\"https:\\\/\\\/medicinasinc.com\\\/da\\\/\",\"name\":\"Medicinas Inc\",\"description\":\"Health Medical Clinic\",\"potentialAction\":[{\"@type\":\"SearchAction\",\"target\":{\"@type\":\"EntryPoint\",\"urlTemplate\":\"https:\\\/\\\/medicinasinc.com\\\/da\\\/?s={search_term_string}\"},\"query-input\":{\"@type\":\"PropertyValueSpecification\",\"valueRequired\":true,\"valueName\":\"search_term_string\"}}],\"inLanguage\":\"en-US\"}]}<\/script>\n<!-- \/ Yoast SEO plugin. -->","yoast_head_json":{"title":"K\u00f8b BC Hash Online - Bedste bedste globale medicin","description":"K\u00f8b BC Hash til salg i UK Online i bedste globalt rod. Bestil hasholieprodukter og BC-hash. K\u00f8b gr\u00e6s online her og f\u00e5 hurtig forsendelse overalt i Europa, Storbritannien.","robots":{"index":"index","follow":"follow","max-snippet":"max-snippet:-1","max-image-preview":"max-image-preview:large","max-video-preview":"max-video-preview:-1"},"canonical":"https:\/\/medicinasinc.com\/da\/product\/kob-bc-hash\/","og_locale":"en_US","og_type":"article","og_title":"K\u00f8b BC Hash Online - Bedste bedste globale medicin","og_description":"K\u00f8b BC Hash til salg i UK Online i bedste globalt rod. Bestil hasholieprodukter og BC-hash. K\u00f8b gr\u00e6s online her og f\u00e5 hurtig forsendelse overalt i Europa, Storbritannien.","og_url":"https:\/\/medicinasinc.com\/da\/product\/kob-bc-hash\/","og_site_name":"Medicinas Inc","article_modified_time":"2022-03-20T00:54:46+00:00","og_image":[{"width":600,"height":600,"url":"https:\/\/medicinasinc.com\/da\/wp-content\/uploads\/sites\/8\/2022\/02\/Buy-BC-Hash.jpg","type":"image\/jpeg"}],"twitter_card":"summary_large_image","twitter_misc":{"Est. reading time":"1 minute"},"schema":{"@context":"https:\/\/schema.org","@graph":[{"@type":"WebPage","@id":"https:\/\/medicinasinc.com\/da\/product\/kob-bc-hash\/","url":"https:\/\/medicinasinc.com\/da\/product\/kob-bc-hash\/","name":"K\u00f8b BC Hash Online - Bedste bedste globale medicin","isPartOf":{"@id":"https:\/\/medicinasinc.com\/da\/#website"},"primaryImageOfPage":{"@id":"https:\/\/medicinasinc.com\/da\/product\/kob-bc-hash\/#primaryimage"},"image":{"@id":"https:\/\/medicinasinc.com\/da\/product\/kob-bc-hash\/#primaryimage"},"thumbnailUrl":"https:\/\/medicinasinc.com\/da\/wp-content\/uploads\/sites\/8\/2022\/02\/Buy-BC-Hash.jpg","datePublished":"2022-02-20T13:57:00+00:00","dateModified":"2022-03-20T00:54:46+00:00","description":"K\u00f8b BC Hash til salg i UK Online i bedste globalt rod. Bestil hasholieprodukter og BC-hash. K\u00f8b gr\u00e6s online her og f\u00e5 hurtig forsendelse overalt i Europa, Storbritannien.","breadcrumb":{"@id":"https:\/\/medicinasinc.com\/da\/product\/kob-bc-hash\/#breadcrumb"},"inLanguage":"en-US","potentialAction":[{"@type":"ReadAction","target":["https:\/\/medicinasinc.com\/da\/product\/kob-bc-hash\/"]}]},{"@type":"ImageObject","inLanguage":"en-US","@id":"https:\/\/medicinasinc.com\/da\/product\/kob-bc-hash\/#primaryimage","url":"https:\/\/medicinasinc.com\/da\/wp-content\/uploads\/sites\/8\/2022\/02\/Buy-BC-Hash.jpg","contentUrl":"https:\/\/medicinasinc.com\/da\/wp-content\/uploads\/sites\/8\/2022\/02\/Buy-BC-Hash.jpg","width":600,"height":600},{"@type":"BreadcrumbList","@id":"https:\/\/medicinasinc.com\/da\/product\/kob-bc-hash\/#breadcrumb","itemListElement":[{"@type":"ListItem","position":1,"name":"Butik","item":"https:\/\/medicinasinc.com\/da\/butik\/"},{"@type":"ListItem","position":2,"name":"K\u00f8b BC Hash"}]},{"@type":"WebSite","@id":"https:\/\/medicinasinc.com\/da\/#website","url":"https:\/\/medicinasinc.com\/da\/","name":"Medicinas Inc","description":"Health Medical Clinic","potentialAction":[{"@type":"SearchAction","target":{"@type":"EntryPoint","urlTemplate":"https:\/\/medicinasinc.com\/da\/?s={search_term_string}"},"query-input":{"@type":"PropertyValueSpecification","valueRequired":true,"valueName":"search_term_string"}}],"inLanguage":"en-US"}]}},"_links":{"self":[{"href":"https:\/\/medicinasinc.com\/da\/wp-json\/wp\/v2\/product\/4627","targetHints":{"allow":["GET"]}}],"collection":[{"href":"https:\/\/medicinasinc.com\/da\/wp-json\/wp\/v2\/product"}],"about":[{"href":"https:\/\/medicinasinc.com\/da\/wp-json\/wp\/v2\/types\/product"}],"replies":[{"embeddable":true,"href":"https:\/\/medicinasinc.com\/da\/wp-json\/wp\/v2\/comments?post=4627"}],"wp:featuredmedia":[{"embeddable":true,"href":"https:\/\/medicinasinc.com\/da\/wp-json\/wp\/v2\/media\/4639"}],"wp:attachment":[{"href":"https:\/\/medicinasinc.com\/da\/wp-json\/wp\/v2\/media?parent=4627"}],"wp:term":[{"taxonomy":"product_brand","embeddable":true,"href":"https:\/\/medicinasinc.com\/da\/wp-json\/wp\/v2\/product_brand?post=4627"},{"taxonomy":"product_cat","embeddable":true,"href":"https:\/\/medicinasinc.com\/da\/wp-json\/wp\/v2\/product_cat?post=4627"},{"taxonomy":"product_tag","embeddable":true,"href":"https:\/\/medicinasinc.com\/da\/wp-json\/wp\/v2\/product_tag?post=4627"}],"curies":[{"name":"wp","href":"https:\/\/api.w.org\/{rel}","templated":true}]}}