{"id":4609,"date":"2022-02-20T13:44:35","date_gmt":"2022-02-20T13:44:35","guid":{"rendered":"https:\/\/medicinasinc.com\/da\/?post_type=product&#038;p=4609"},"modified":"2022-03-20T00:55:05","modified_gmt":"2022-03-20T00:55:05","slug":"kob-rigtige-gront-aeble-ecstasy-piller","status":"publish","type":"product","link":"https:\/\/medicinasinc.com\/da\/product\/kob-rigtige-gront-aeble-ecstasy-piller\/","title":{"rendered":"K\u00f8b \u00e6gte gr\u00f8nne \u00e6ble ecstasy piller"},"content":{"rendered":"<p>K\u00f8b \u00e6gte Green Apple Ecstasy online.<\/p>\n<p>Jeg er sikker p\u00e5, at du er kendt for dette aksiom. &#8220;Et \u00e6ble om dagen afv\u00e6rger specialisten,&#8221; lyder ordsproget. I betragtning af de mange sundhedsm\u00e6ssige fordele, der er forbundet med at spise \u00e6bler, er dette kostsprog m\u00e5ske ikke for langt v\u00e6k. Her er et par af de sundhedsm\u00e6ssige fordele forbundet med at spise gr\u00f8nne \u00e6bler.<\/p>\n<p>Indtagelse af \u00e6bler har vist sig at forbedre hjertesundheden og reducere risikoen for at udvikle hjerte-kar-sygdomme.<\/p>\n<p>Den pr\u00e6cise mekanisme ved at hvilke \u00e6bler der forbedrer hjertesundheden er rodet. En mulig forklaring er, at \u00e6bler indeholder en h\u00f8j m\u00e6ngde kostfibre, som er blevet forbundet med at s\u00e6nke LDL-kolesterol.<\/p>\n<p>Reducer risikoen for at udvikle type 2-diabetes<\/p>\n<p>Indtagelse af s\u00e5 f\u00e5 som en f\u00e5 gr\u00f8nne \u00e6bler om ugen kan reducere din risiko for at udvikle type 2-diabetes, if\u00f8lge en unders\u00f8gelse; der b\u00f8r dog udf\u00f8res yderligere forskning. Det er stadig uvist, om de forbindelser, der findes i gr\u00f8nne \u00e6bler, hj\u00e6lper individer med at h\u00e5ndtere deres diabetessymptomer.<\/p>\n<p>Da det gr\u00f8nne \u00e6ble har en overflod af fordele, har de gr\u00f8nne \u00e6blepiller ogs\u00e5 en overflod af fordele. Vi burde have en diskussion om gr\u00f8nne \u00e6blepiller.<br \/> Hvis du nyder at drikke frisk \u00e6blejuice p\u00e5 en varm sommerdag, vil Gr\u00f8nne og \u00e6blepiller \u00f8ge din oplevelse og tilfredshed med et par hak. Fremstillet i Washington med gr\u00f8nne \u00e6blepiller har gruppen tilf\u00f8rt disse piller statens bedste cannabis.<\/p>\n<p>THC kan v\u00e6re sv\u00e6rt at br\u00e6nde igennem fra et doseringsperspektiv, is\u00e6r hvis holderne ikke er m\u00e6rket us\u00e6dvanligt godt. Green Apple piller har \u00e6ndret alt dette, da de nu tilbyder tre forskellige stammer af deres ber\u00f8mte 12 oz blanding i forskellige grader af styrke. Betydelige hits vil s\u00e6tte pris p\u00e5 deres mest jordede blanding, som indeholder 100 mg pr. 12 oz.<\/p>\n<p>P\u00e5 grund af det faktum, at Green Apple-piller inkorporerer cannabis via en ny metode, st\u00e5r kunderne tilbage uden nogen sporbar lugt eller smag af ukrudt, hvilket g\u00f8r dem ideelle til personer, der \u00f8nsker at blive h\u00f8je, men ikke er i stand til at bev\u00e6ge sig ud over typen af \u200b\u200bandre piller. Derudover bidrager det at tage din cannabis til at fremme en sundere livsstil, da r\u00f8gen fra blomster eller dampe kan blive skadelig efter et stykke tid. Den gr\u00f8nne \u00e6ble-pille er gavnlig i et \u00e5r og indeholder f\u00e5 kalorier, s\u00e5 det eneste du skal bekymre dig om er at afholde dig fra mad efter at have taget medicinen.<\/p>\n<table style=\"height: 104px\" width=\"508\">\n<tbody>\n<tr>\n<th><span style=\"font-weight: 400\">Farve:<\/span><\/th>\n<td>Gr\u00f8n<\/td>\n<\/tr>\n<tr>\n<th> <span style=\"font-weight: 400\">St\u00f8rrelse:<\/span><\/th>\n<td>279 mg<\/td>\n<\/tr>\n<\/tbody>\n<\/table>\n","protected":false},"excerpt":{"rendered":"<div class=\"woocommerce-product-details__short-description\">\n<p>K\u00f8b \u00e6gte gr\u00f8nne \u00e6ble-ecstasypiller til salg online Storbritannien, Europa til de bedste priser fra den bedste p\u00e5lidelige MDMA-leverand\u00f8r, vi garanterer diskret og sikker levering over hele verden<\/p>\n<p><strong>Minimumsbestillingen<\/strong><strong> er 50 piller.<\/strong><\/p>\n<\/p><\/div>\n","protected":false},"featured_media":4620,"comment_status":"open","ping_status":"closed","template":"","meta":[],"product_brand":[],"product_cat":[498],"product_tag":[593,594,595,596,598,599,604,605,606,607,602,608,601,603,597,600,609],"class_list":{"0":"post-4609","1":"product","2":"type-product","3":"status-publish","4":"has-post-thumbnail","6":"product_cat-kb-ecstasy-piller","7":"product_tag-apple-drug","8":"product_tag-apple-ecstasy","9":"product_tag-applepills","10":"product_tag-e-pille-pink","11":"product_tag-green-apple-drugs","12":"product_tag-green-apple-ecstasy","13":"product_tag-green-pills","14":"product_tag-green-pills-drugs","15":"product_tag-green-rolex-pill","16":"product_tag-green-rolex-pill-report","17":"product_tag-gr-c3-b8n-ecstasy-pille","18":"product_tag-grn-tablet-pille","19":"product_tag-gr-c3-b8nne-c3-a6ble-piller","20":"product_tag-grnne-extacy-piller","21":"product_tag-grnt-ble-lgemiddel","22":"product_tag-grnt-ble-logo","23":"product_tag-sm-grnne-piller","25":"first","26":"instock","27":"shipping-taxable","28":"purchasable","29":"product-type-variable","30":"has-default-attributes"},"yoast_head":"<!-- This site is optimized with the Yoast SEO plugin v27.3 - https:\/\/yoast.com\/product\/yoast-seo-wordpress\/ -->\n<title>K\u00f8b rigtige gr\u00f8nne \u00e6ble-ecstasypiller online - bedste bedste globale medicin<\/title>\n<meta name=\"description\" content=\"K\u00f8b \u00e6gte gr\u00f8nne \u00e6ble ecstasy piller til salg online Storbritannien, Europa til de bedste priser fra den bedste p\u00e5lidelige MDMA-leverand\u00f8r, vi garanterer diskret og sikker levering over hele verden\" \/>\n<meta name=\"robots\" content=\"index, follow, max-snippet:-1, max-image-preview:large, max-video-preview:-1\" \/>\n<link rel=\"canonical\" href=\"https:\/\/medicinasinc.com\/da\/product\/kob-rigtige-gront-aeble-ecstasy-piller\/\" \/>\n<meta property=\"og:locale\" content=\"en_US\" \/>\n<meta property=\"og:type\" content=\"article\" \/>\n<meta property=\"og:title\" content=\"K\u00f8b rigtige gr\u00f8nne \u00e6ble-ecstasypiller online - bedste bedste globale medicin\" \/>\n<meta property=\"og:description\" content=\"K\u00f8b \u00e6gte gr\u00f8nne \u00e6ble ecstasy piller til salg online Storbritannien, Europa til de bedste priser fra den bedste p\u00e5lidelige MDMA-leverand\u00f8r, vi garanterer diskret og sikker levering over hele verden\" \/>\n<meta property=\"og:url\" content=\"https:\/\/medicinasinc.com\/da\/product\/kob-rigtige-gront-aeble-ecstasy-piller\/\" \/>\n<meta property=\"og:site_name\" content=\"Medicinas Inc\" \/>\n<meta property=\"article:modified_time\" content=\"2022-03-20T00:55:05+00:00\" \/>\n<meta property=\"og:image\" content=\"https:\/\/medicinasinc.com\/da\/wp-content\/uploads\/sites\/8\/2022\/02\/order-real-green-apple-ecstasy-pills-online.jpg\" \/>\n\t<meta property=\"og:image:width\" content=\"600\" \/>\n\t<meta property=\"og:image:height\" content=\"600\" \/>\n\t<meta property=\"og:image:type\" content=\"image\/jpeg\" \/>\n<meta name=\"twitter:card\" content=\"summary_large_image\" \/>\n<meta name=\"twitter:label1\" content=\"Est. reading time\" \/>\n\t<meta name=\"twitter:data1\" content=\"2 minutes\" \/>\n<script type=\"application\/ld+json\" class=\"yoast-schema-graph\">{\"@context\":\"https:\\\/\\\/schema.org\",\"@graph\":[{\"@type\":\"WebPage\",\"@id\":\"https:\\\/\\\/medicinasinc.com\\\/da\\\/product\\\/kob-rigtige-gront-aeble-ecstasy-piller\\\/\",\"url\":\"https:\\\/\\\/medicinasinc.com\\\/da\\\/product\\\/kob-rigtige-gront-aeble-ecstasy-piller\\\/\",\"name\":\"K\u00f8b rigtige gr\u00f8nne \u00e6ble-ecstasypiller online - bedste bedste globale medicin\",\"isPartOf\":{\"@id\":\"https:\\\/\\\/medicinasinc.com\\\/da\\\/#website\"},\"primaryImageOfPage\":{\"@id\":\"https:\\\/\\\/medicinasinc.com\\\/da\\\/product\\\/kob-rigtige-gront-aeble-ecstasy-piller\\\/#primaryimage\"},\"image\":{\"@id\":\"https:\\\/\\\/medicinasinc.com\\\/da\\\/product\\\/kob-rigtige-gront-aeble-ecstasy-piller\\\/#primaryimage\"},\"thumbnailUrl\":\"https:\\\/\\\/medicinasinc.com\\\/da\\\/wp-content\\\/uploads\\\/sites\\\/8\\\/2022\\\/02\\\/order-real-green-apple-ecstasy-pills-online.jpg\",\"datePublished\":\"2022-02-20T13:44:35+00:00\",\"dateModified\":\"2022-03-20T00:55:05+00:00\",\"description\":\"K\u00f8b \u00e6gte gr\u00f8nne \u00e6ble ecstasy piller til salg online Storbritannien, Europa til de bedste priser fra den bedste p\u00e5lidelige MDMA-leverand\u00f8r, vi garanterer diskret og sikker levering over hele verden\",\"breadcrumb\":{\"@id\":\"https:\\\/\\\/medicinasinc.com\\\/da\\\/product\\\/kob-rigtige-gront-aeble-ecstasy-piller\\\/#breadcrumb\"},\"inLanguage\":\"en-US\",\"potentialAction\":[{\"@type\":\"ReadAction\",\"target\":[\"https:\\\/\\\/medicinasinc.com\\\/da\\\/product\\\/kob-rigtige-gront-aeble-ecstasy-piller\\\/\"]}]},{\"@type\":\"ImageObject\",\"inLanguage\":\"en-US\",\"@id\":\"https:\\\/\\\/medicinasinc.com\\\/da\\\/product\\\/kob-rigtige-gront-aeble-ecstasy-piller\\\/#primaryimage\",\"url\":\"https:\\\/\\\/medicinasinc.com\\\/da\\\/wp-content\\\/uploads\\\/sites\\\/8\\\/2022\\\/02\\\/order-real-green-apple-ecstasy-pills-online.jpg\",\"contentUrl\":\"https:\\\/\\\/medicinasinc.com\\\/da\\\/wp-content\\\/uploads\\\/sites\\\/8\\\/2022\\\/02\\\/order-real-green-apple-ecstasy-pills-online.jpg\",\"width\":600,\"height\":600},{\"@type\":\"BreadcrumbList\",\"@id\":\"https:\\\/\\\/medicinasinc.com\\\/da\\\/product\\\/kob-rigtige-gront-aeble-ecstasy-piller\\\/#breadcrumb\",\"itemListElement\":[{\"@type\":\"ListItem\",\"position\":1,\"name\":\"Butik\",\"item\":\"https:\\\/\\\/medicinasinc.com\\\/da\\\/butik\\\/\"},{\"@type\":\"ListItem\",\"position\":2,\"name\":\"K\u00f8b \u00e6gte gr\u00f8nne \u00e6ble ecstasy piller\"}]},{\"@type\":\"WebSite\",\"@id\":\"https:\\\/\\\/medicinasinc.com\\\/da\\\/#website\",\"url\":\"https:\\\/\\\/medicinasinc.com\\\/da\\\/\",\"name\":\"Medicinas Inc\",\"description\":\"Health Medical Clinic\",\"potentialAction\":[{\"@type\":\"SearchAction\",\"target\":{\"@type\":\"EntryPoint\",\"urlTemplate\":\"https:\\\/\\\/medicinasinc.com\\\/da\\\/?s={search_term_string}\"},\"query-input\":{\"@type\":\"PropertyValueSpecification\",\"valueRequired\":true,\"valueName\":\"search_term_string\"}}],\"inLanguage\":\"en-US\"}]}<\/script>\n<!-- \/ Yoast SEO plugin. -->","yoast_head_json":{"title":"K\u00f8b rigtige gr\u00f8nne \u00e6ble-ecstasypiller online - bedste bedste globale medicin","description":"K\u00f8b \u00e6gte gr\u00f8nne \u00e6ble ecstasy piller til salg online Storbritannien, Europa til de bedste priser fra den bedste p\u00e5lidelige MDMA-leverand\u00f8r, vi garanterer diskret og sikker levering over hele verden","robots":{"index":"index","follow":"follow","max-snippet":"max-snippet:-1","max-image-preview":"max-image-preview:large","max-video-preview":"max-video-preview:-1"},"canonical":"https:\/\/medicinasinc.com\/da\/product\/kob-rigtige-gront-aeble-ecstasy-piller\/","og_locale":"en_US","og_type":"article","og_title":"K\u00f8b rigtige gr\u00f8nne \u00e6ble-ecstasypiller online - bedste bedste globale medicin","og_description":"K\u00f8b \u00e6gte gr\u00f8nne \u00e6ble ecstasy piller til salg online Storbritannien, Europa til de bedste priser fra den bedste p\u00e5lidelige MDMA-leverand\u00f8r, vi garanterer diskret og sikker levering over hele verden","og_url":"https:\/\/medicinasinc.com\/da\/product\/kob-rigtige-gront-aeble-ecstasy-piller\/","og_site_name":"Medicinas Inc","article_modified_time":"2022-03-20T00:55:05+00:00","og_image":[{"width":600,"height":600,"url":"https:\/\/medicinasinc.com\/da\/wp-content\/uploads\/sites\/8\/2022\/02\/order-real-green-apple-ecstasy-pills-online.jpg","type":"image\/jpeg"}],"twitter_card":"summary_large_image","twitter_misc":{"Est. reading time":"2 minutes"},"schema":{"@context":"https:\/\/schema.org","@graph":[{"@type":"WebPage","@id":"https:\/\/medicinasinc.com\/da\/product\/kob-rigtige-gront-aeble-ecstasy-piller\/","url":"https:\/\/medicinasinc.com\/da\/product\/kob-rigtige-gront-aeble-ecstasy-piller\/","name":"K\u00f8b rigtige gr\u00f8nne \u00e6ble-ecstasypiller online - bedste bedste globale medicin","isPartOf":{"@id":"https:\/\/medicinasinc.com\/da\/#website"},"primaryImageOfPage":{"@id":"https:\/\/medicinasinc.com\/da\/product\/kob-rigtige-gront-aeble-ecstasy-piller\/#primaryimage"},"image":{"@id":"https:\/\/medicinasinc.com\/da\/product\/kob-rigtige-gront-aeble-ecstasy-piller\/#primaryimage"},"thumbnailUrl":"https:\/\/medicinasinc.com\/da\/wp-content\/uploads\/sites\/8\/2022\/02\/order-real-green-apple-ecstasy-pills-online.jpg","datePublished":"2022-02-20T13:44:35+00:00","dateModified":"2022-03-20T00:55:05+00:00","description":"K\u00f8b \u00e6gte gr\u00f8nne \u00e6ble ecstasy piller til salg online Storbritannien, Europa til de bedste priser fra den bedste p\u00e5lidelige MDMA-leverand\u00f8r, vi garanterer diskret og sikker levering over hele verden","breadcrumb":{"@id":"https:\/\/medicinasinc.com\/da\/product\/kob-rigtige-gront-aeble-ecstasy-piller\/#breadcrumb"},"inLanguage":"en-US","potentialAction":[{"@type":"ReadAction","target":["https:\/\/medicinasinc.com\/da\/product\/kob-rigtige-gront-aeble-ecstasy-piller\/"]}]},{"@type":"ImageObject","inLanguage":"en-US","@id":"https:\/\/medicinasinc.com\/da\/product\/kob-rigtige-gront-aeble-ecstasy-piller\/#primaryimage","url":"https:\/\/medicinasinc.com\/da\/wp-content\/uploads\/sites\/8\/2022\/02\/order-real-green-apple-ecstasy-pills-online.jpg","contentUrl":"https:\/\/medicinasinc.com\/da\/wp-content\/uploads\/sites\/8\/2022\/02\/order-real-green-apple-ecstasy-pills-online.jpg","width":600,"height":600},{"@type":"BreadcrumbList","@id":"https:\/\/medicinasinc.com\/da\/product\/kob-rigtige-gront-aeble-ecstasy-piller\/#breadcrumb","itemListElement":[{"@type":"ListItem","position":1,"name":"Butik","item":"https:\/\/medicinasinc.com\/da\/butik\/"},{"@type":"ListItem","position":2,"name":"K\u00f8b \u00e6gte gr\u00f8nne \u00e6ble ecstasy piller"}]},{"@type":"WebSite","@id":"https:\/\/medicinasinc.com\/da\/#website","url":"https:\/\/medicinasinc.com\/da\/","name":"Medicinas Inc","description":"Health Medical Clinic","potentialAction":[{"@type":"SearchAction","target":{"@type":"EntryPoint","urlTemplate":"https:\/\/medicinasinc.com\/da\/?s={search_term_string}"},"query-input":{"@type":"PropertyValueSpecification","valueRequired":true,"valueName":"search_term_string"}}],"inLanguage":"en-US"}]}},"_links":{"self":[{"href":"https:\/\/medicinasinc.com\/da\/wp-json\/wp\/v2\/product\/4609","targetHints":{"allow":["GET"]}}],"collection":[{"href":"https:\/\/medicinasinc.com\/da\/wp-json\/wp\/v2\/product"}],"about":[{"href":"https:\/\/medicinasinc.com\/da\/wp-json\/wp\/v2\/types\/product"}],"replies":[{"embeddable":true,"href":"https:\/\/medicinasinc.com\/da\/wp-json\/wp\/v2\/comments?post=4609"}],"wp:featuredmedia":[{"embeddable":true,"href":"https:\/\/medicinasinc.com\/da\/wp-json\/wp\/v2\/media\/4620"}],"wp:attachment":[{"href":"https:\/\/medicinasinc.com\/da\/wp-json\/wp\/v2\/media?parent=4609"}],"wp:term":[{"taxonomy":"product_brand","embeddable":true,"href":"https:\/\/medicinasinc.com\/da\/wp-json\/wp\/v2\/product_brand?post=4609"},{"taxonomy":"product_cat","embeddable":true,"href":"https:\/\/medicinasinc.com\/da\/wp-json\/wp\/v2\/product_cat?post=4609"},{"taxonomy":"product_tag","embeddable":true,"href":"https:\/\/medicinasinc.com\/da\/wp-json\/wp\/v2\/product_tag?post=4609"}],"curies":[{"name":"wp","href":"https:\/\/api.w.org\/{rel}","templated":true}]}}