{"id":4592,"date":"2022-02-20T13:31:58","date_gmt":"2022-02-20T13:31:58","guid":{"rendered":"https:\/\/medicinasinc.com\/da\/?post_type=product&#038;p=4592"},"modified":"2022-03-20T00:55:14","modified_gmt":"2022-03-20T00:55:14","slug":"kob-ecstasy-philipp-plein-bla-524-mg-mdma-piller","status":"publish","type":"product","link":"https:\/\/medicinasinc.com\/da\/product\/kob-ecstasy-philipp-plein-bla-524-mg-mdma-piller\/","title":{"rendered":"K\u00f8b Ecstasy- Philipp Plein Blue- 524mg MDMA-piller"},"content":{"rendered":"<div class=\"woocommerce-tabs wc-tabs-wrapper\">\n<div id=\"tab-description\" class=\"woocommerce-Tabs-panel woocommerce-Tabs-panel--description panel entry-content wc-tab\" role=\"tabpanel\" aria-labelledby=\"tab-title-description\">\n<p>Online k\u00f8b af XTC-Philipp Plein Blue-524 mg MDMA-piller.<\/p>\n<p>\u2013 Philipp Plein 524MG giver en enest\u00e5ende oplevelse. Det er et helt sikkert og hygiejnisk produkt. Fremragende kvalitet til en overkommelig pris. \u2013 Virkningerne begynder cirka 30 minutter senere og varer cirka 6 timer.<br \/> \u2013 Brug halvdelen af \u200b\u200bdenne pille ad gangen. Forbrug en passende m\u00e6ngde vand, mens du tager medicin.<\/p>\n<h1><a style=\"font-size: 16px\" href=\"https:\/\/merrydrug.com\/\">.<\/a><\/h1>\n<\/p><\/div><\/div>\n<div class=\"related products\"><\/div>\n","protected":false},"excerpt":{"rendered":"<div class=\"woocommerce-product-details__short-description\">\n<p>K\u00f8b Philipp Plein Blue- 524 Mg MDMA i Storbritannien og Europa til den bedste markedspris. Alle vores produkter er lavet med helt naturlige, THC-frie ingredienser. Bestil din bestilling online nu!<\/p>\n<p>Philipp Blue-524 er en ekstrem festpille og MDMA-l\u00e6gemiddel, der er meget udbredt i USA og Korea. Dens psykoaktive egenskaber blev opdaget i midten af \u200b\u200b1750&#8217;erne. Hvis nogen \u00f8nsker at opleve et ekstremt h\u00f8jt niveau, vil han ikke forlade dette produkt efter at have pr\u00f8vet det. Philipp Blue bruges ogs\u00e5 i religi\u00f8se ceremonier og har v\u00e6ret et produkt af h\u00f8j kvalitet i \u00e5revis, fordi folk er bevidste om dets fordele og ikke kan leve uden det.<\/p>\n<p>Enkeltpersoner omorganiserer dette p\u00e5 grund af dets potente virkninger og hurtige resultater. P\u00e5 grund af dets effektivitet vil det aldrig forblive p\u00e5 lager i en l\u00e6ngere periode.<\/p>\n<p>Philipp Plein Blue-524 Pills Purchase<\/p>\n<p>Den mindste ordrem\u00e6ngde er halvtreds piller.<\/p>\n<\/p><\/div>\n","protected":false},"featured_media":4605,"comment_status":"open","ping_status":"closed","template":"","meta":[],"product_brand":[],"product_cat":[498],"product_tag":[584,585,586,587,588,590,589,583,501,512,591,592],"class_list":{"0":"post-4592","1":"product","2":"type-product","3":"status-publish","4":"has-post-thumbnail","6":"product_cat-kb-ecstasy-piller","7":"product_tag-buy-xtc-pills-online","8":"product_tag-buy-xtc-philipp-plein-blue-524-mg-mdma-pills-online","9":"product_tag-drugs","10":"product_tag-ecstasy","11":"product_tag-ecstasy-tabletter","12":"product_tag-krligheds-stoffer","13":"product_tag-ghb","14":"product_tag-kb-ecstasy-piller-online","15":"product_tag-kb-mdma-online","16":"product_tag-mdma","17":"product_tag-mg-mdma","18":"product_tag-xtc-piller","20":"first","21":"instock","22":"shipping-taxable","23":"purchasable","24":"product-type-variable","25":"has-default-attributes"},"yoast_head":"<!-- This site is optimized with the Yoast SEO plugin v27.3 - https:\/\/yoast.com\/product\/yoast-seo-wordpress\/ -->\n<title>K\u00f8b Ecstasy- Philipp Plein Blue- 524mg MDMA Pills - Global Medicina<\/title>\n<meta name=\"description\" content=\"K\u00f8b Philipp Plein Blue- 524 Mg MDMA UK, Europa til den bedste markedspris. Alle vores produkter er lavet med rene naturlige ingredienser fri for THC. Bestil online nu!\" \/>\n<meta name=\"robots\" content=\"index, follow, max-snippet:-1, max-image-preview:large, max-video-preview:-1\" \/>\n<link rel=\"canonical\" href=\"https:\/\/medicinasinc.com\/da\/product\/kob-ecstasy-philipp-plein-bla-524-mg-mdma-piller\/\" \/>\n<meta property=\"og:locale\" content=\"en_US\" \/>\n<meta property=\"og:type\" content=\"article\" \/>\n<meta property=\"og:title\" content=\"K\u00f8b Ecstasy- Philipp Plein Blue- 524mg MDMA Pills - Global Medicina\" \/>\n<meta property=\"og:description\" content=\"K\u00f8b Philipp Plein Blue- 524 Mg MDMA UK, Europa til den bedste markedspris. Alle vores produkter er lavet med rene naturlige ingredienser fri for THC. Bestil online nu!\" \/>\n<meta property=\"og:url\" content=\"https:\/\/medicinasinc.com\/da\/product\/kob-ecstasy-philipp-plein-bla-524-mg-mdma-piller\/\" \/>\n<meta property=\"og:site_name\" content=\"Medicinas Inc\" \/>\n<meta property=\"article:modified_time\" content=\"2022-03-20T00:55:14+00:00\" \/>\n<meta property=\"og:image\" content=\"https:\/\/medicinasinc.com\/da\/wp-content\/uploads\/sites\/8\/2022\/02\/buy-xtc-philipp-plein-blue-524-mg-mdma-pills-online.jpg\" \/>\n\t<meta property=\"og:image:width\" content=\"600\" \/>\n\t<meta property=\"og:image:height\" content=\"600\" \/>\n\t<meta property=\"og:image:type\" content=\"image\/jpeg\" \/>\n<meta name=\"twitter:card\" content=\"summary_large_image\" \/>\n<meta name=\"twitter:label1\" content=\"Est. reading time\" \/>\n\t<meta name=\"twitter:data1\" content=\"1 minute\" \/>\n<script type=\"application\/ld+json\" class=\"yoast-schema-graph\">{\"@context\":\"https:\\\/\\\/schema.org\",\"@graph\":[{\"@type\":\"WebPage\",\"@id\":\"https:\\\/\\\/medicinasinc.com\\\/da\\\/product\\\/kob-ecstasy-philipp-plein-bla-524-mg-mdma-piller\\\/\",\"url\":\"https:\\\/\\\/medicinasinc.com\\\/da\\\/product\\\/kob-ecstasy-philipp-plein-bla-524-mg-mdma-piller\\\/\",\"name\":\"K\u00f8b Ecstasy- Philipp Plein Blue- 524mg MDMA Pills - Global Medicina\",\"isPartOf\":{\"@id\":\"https:\\\/\\\/medicinasinc.com\\\/da\\\/#website\"},\"primaryImageOfPage\":{\"@id\":\"https:\\\/\\\/medicinasinc.com\\\/da\\\/product\\\/kob-ecstasy-philipp-plein-bla-524-mg-mdma-piller\\\/#primaryimage\"},\"image\":{\"@id\":\"https:\\\/\\\/medicinasinc.com\\\/da\\\/product\\\/kob-ecstasy-philipp-plein-bla-524-mg-mdma-piller\\\/#primaryimage\"},\"thumbnailUrl\":\"https:\\\/\\\/medicinasinc.com\\\/da\\\/wp-content\\\/uploads\\\/sites\\\/8\\\/2022\\\/02\\\/buy-xtc-philipp-plein-blue-524-mg-mdma-pills-online.jpg\",\"datePublished\":\"2022-02-20T13:31:58+00:00\",\"dateModified\":\"2022-03-20T00:55:14+00:00\",\"description\":\"K\u00f8b Philipp Plein Blue- 524 Mg MDMA UK, Europa til den bedste markedspris. Alle vores produkter er lavet med rene naturlige ingredienser fri for THC. Bestil online nu!\",\"breadcrumb\":{\"@id\":\"https:\\\/\\\/medicinasinc.com\\\/da\\\/product\\\/kob-ecstasy-philipp-plein-bla-524-mg-mdma-piller\\\/#breadcrumb\"},\"inLanguage\":\"en-US\",\"potentialAction\":[{\"@type\":\"ReadAction\",\"target\":[\"https:\\\/\\\/medicinasinc.com\\\/da\\\/product\\\/kob-ecstasy-philipp-plein-bla-524-mg-mdma-piller\\\/\"]}]},{\"@type\":\"ImageObject\",\"inLanguage\":\"en-US\",\"@id\":\"https:\\\/\\\/medicinasinc.com\\\/da\\\/product\\\/kob-ecstasy-philipp-plein-bla-524-mg-mdma-piller\\\/#primaryimage\",\"url\":\"https:\\\/\\\/medicinasinc.com\\\/da\\\/wp-content\\\/uploads\\\/sites\\\/8\\\/2022\\\/02\\\/buy-xtc-philipp-plein-blue-524-mg-mdma-pills-online.jpg\",\"contentUrl\":\"https:\\\/\\\/medicinasinc.com\\\/da\\\/wp-content\\\/uploads\\\/sites\\\/8\\\/2022\\\/02\\\/buy-xtc-philipp-plein-blue-524-mg-mdma-pills-online.jpg\",\"width\":600,\"height\":600},{\"@type\":\"BreadcrumbList\",\"@id\":\"https:\\\/\\\/medicinasinc.com\\\/da\\\/product\\\/kob-ecstasy-philipp-plein-bla-524-mg-mdma-piller\\\/#breadcrumb\",\"itemListElement\":[{\"@type\":\"ListItem\",\"position\":1,\"name\":\"Butik\",\"item\":\"https:\\\/\\\/medicinasinc.com\\\/da\\\/butik\\\/\"},{\"@type\":\"ListItem\",\"position\":2,\"name\":\"K\u00f8b Ecstasy- Philipp Plein Blue- 524mg MDMA-piller\"}]},{\"@type\":\"WebSite\",\"@id\":\"https:\\\/\\\/medicinasinc.com\\\/da\\\/#website\",\"url\":\"https:\\\/\\\/medicinasinc.com\\\/da\\\/\",\"name\":\"Medicinas Inc\",\"description\":\"Health Medical Clinic\",\"potentialAction\":[{\"@type\":\"SearchAction\",\"target\":{\"@type\":\"EntryPoint\",\"urlTemplate\":\"https:\\\/\\\/medicinasinc.com\\\/da\\\/?s={search_term_string}\"},\"query-input\":{\"@type\":\"PropertyValueSpecification\",\"valueRequired\":true,\"valueName\":\"search_term_string\"}}],\"inLanguage\":\"en-US\"}]}<\/script>\n<!-- \/ Yoast SEO plugin. -->","yoast_head_json":{"title":"K\u00f8b Ecstasy- Philipp Plein Blue- 524mg MDMA Pills - Global Medicina","description":"K\u00f8b Philipp Plein Blue- 524 Mg MDMA UK, Europa til den bedste markedspris. Alle vores produkter er lavet med rene naturlige ingredienser fri for THC. Bestil online nu!","robots":{"index":"index","follow":"follow","max-snippet":"max-snippet:-1","max-image-preview":"max-image-preview:large","max-video-preview":"max-video-preview:-1"},"canonical":"https:\/\/medicinasinc.com\/da\/product\/kob-ecstasy-philipp-plein-bla-524-mg-mdma-piller\/","og_locale":"en_US","og_type":"article","og_title":"K\u00f8b Ecstasy- Philipp Plein Blue- 524mg MDMA Pills - Global Medicina","og_description":"K\u00f8b Philipp Plein Blue- 524 Mg MDMA UK, Europa til den bedste markedspris. Alle vores produkter er lavet med rene naturlige ingredienser fri for THC. Bestil online nu!","og_url":"https:\/\/medicinasinc.com\/da\/product\/kob-ecstasy-philipp-plein-bla-524-mg-mdma-piller\/","og_site_name":"Medicinas Inc","article_modified_time":"2022-03-20T00:55:14+00:00","og_image":[{"width":600,"height":600,"url":"https:\/\/medicinasinc.com\/da\/wp-content\/uploads\/sites\/8\/2022\/02\/buy-xtc-philipp-plein-blue-524-mg-mdma-pills-online.jpg","type":"image\/jpeg"}],"twitter_card":"summary_large_image","twitter_misc":{"Est. reading time":"1 minute"},"schema":{"@context":"https:\/\/schema.org","@graph":[{"@type":"WebPage","@id":"https:\/\/medicinasinc.com\/da\/product\/kob-ecstasy-philipp-plein-bla-524-mg-mdma-piller\/","url":"https:\/\/medicinasinc.com\/da\/product\/kob-ecstasy-philipp-plein-bla-524-mg-mdma-piller\/","name":"K\u00f8b Ecstasy- Philipp Plein Blue- 524mg MDMA Pills - Global Medicina","isPartOf":{"@id":"https:\/\/medicinasinc.com\/da\/#website"},"primaryImageOfPage":{"@id":"https:\/\/medicinasinc.com\/da\/product\/kob-ecstasy-philipp-plein-bla-524-mg-mdma-piller\/#primaryimage"},"image":{"@id":"https:\/\/medicinasinc.com\/da\/product\/kob-ecstasy-philipp-plein-bla-524-mg-mdma-piller\/#primaryimage"},"thumbnailUrl":"https:\/\/medicinasinc.com\/da\/wp-content\/uploads\/sites\/8\/2022\/02\/buy-xtc-philipp-plein-blue-524-mg-mdma-pills-online.jpg","datePublished":"2022-02-20T13:31:58+00:00","dateModified":"2022-03-20T00:55:14+00:00","description":"K\u00f8b Philipp Plein Blue- 524 Mg MDMA UK, Europa til den bedste markedspris. Alle vores produkter er lavet med rene naturlige ingredienser fri for THC. Bestil online nu!","breadcrumb":{"@id":"https:\/\/medicinasinc.com\/da\/product\/kob-ecstasy-philipp-plein-bla-524-mg-mdma-piller\/#breadcrumb"},"inLanguage":"en-US","potentialAction":[{"@type":"ReadAction","target":["https:\/\/medicinasinc.com\/da\/product\/kob-ecstasy-philipp-plein-bla-524-mg-mdma-piller\/"]}]},{"@type":"ImageObject","inLanguage":"en-US","@id":"https:\/\/medicinasinc.com\/da\/product\/kob-ecstasy-philipp-plein-bla-524-mg-mdma-piller\/#primaryimage","url":"https:\/\/medicinasinc.com\/da\/wp-content\/uploads\/sites\/8\/2022\/02\/buy-xtc-philipp-plein-blue-524-mg-mdma-pills-online.jpg","contentUrl":"https:\/\/medicinasinc.com\/da\/wp-content\/uploads\/sites\/8\/2022\/02\/buy-xtc-philipp-plein-blue-524-mg-mdma-pills-online.jpg","width":600,"height":600},{"@type":"BreadcrumbList","@id":"https:\/\/medicinasinc.com\/da\/product\/kob-ecstasy-philipp-plein-bla-524-mg-mdma-piller\/#breadcrumb","itemListElement":[{"@type":"ListItem","position":1,"name":"Butik","item":"https:\/\/medicinasinc.com\/da\/butik\/"},{"@type":"ListItem","position":2,"name":"K\u00f8b Ecstasy- Philipp Plein Blue- 524mg MDMA-piller"}]},{"@type":"WebSite","@id":"https:\/\/medicinasinc.com\/da\/#website","url":"https:\/\/medicinasinc.com\/da\/","name":"Medicinas Inc","description":"Health Medical Clinic","potentialAction":[{"@type":"SearchAction","target":{"@type":"EntryPoint","urlTemplate":"https:\/\/medicinasinc.com\/da\/?s={search_term_string}"},"query-input":{"@type":"PropertyValueSpecification","valueRequired":true,"valueName":"search_term_string"}}],"inLanguage":"en-US"}]}},"_links":{"self":[{"href":"https:\/\/medicinasinc.com\/da\/wp-json\/wp\/v2\/product\/4592","targetHints":{"allow":["GET"]}}],"collection":[{"href":"https:\/\/medicinasinc.com\/da\/wp-json\/wp\/v2\/product"}],"about":[{"href":"https:\/\/medicinasinc.com\/da\/wp-json\/wp\/v2\/types\/product"}],"replies":[{"embeddable":true,"href":"https:\/\/medicinasinc.com\/da\/wp-json\/wp\/v2\/comments?post=4592"}],"wp:featuredmedia":[{"embeddable":true,"href":"https:\/\/medicinasinc.com\/da\/wp-json\/wp\/v2\/media\/4605"}],"wp:attachment":[{"href":"https:\/\/medicinasinc.com\/da\/wp-json\/wp\/v2\/media?parent=4592"}],"wp:term":[{"taxonomy":"product_brand","embeddable":true,"href":"https:\/\/medicinasinc.com\/da\/wp-json\/wp\/v2\/product_brand?post=4592"},{"taxonomy":"product_cat","embeddable":true,"href":"https:\/\/medicinasinc.com\/da\/wp-json\/wp\/v2\/product_cat?post=4592"},{"taxonomy":"product_tag","embeddable":true,"href":"https:\/\/medicinasinc.com\/da\/wp-json\/wp\/v2\/product_tag?post=4592"}],"curies":[{"name":"wp","href":"https:\/\/api.w.org\/{rel}","templated":true}]}}