{"id":4576,"date":"2022-02-20T13:20:42","date_gmt":"2022-02-20T13:20:42","guid":{"rendered":"https:\/\/medicinasinc.com\/da\/?post_type=product&#038;p=4576"},"modified":"2022-03-20T00:55:33","modified_gmt":"2022-03-20T00:55:33","slug":"kob-orange-tesla-ecstasy-piller","status":"publish","type":"product","link":"https:\/\/medicinasinc.com\/da\/product\/kob-orange-tesla-ecstasy-piller\/","title":{"rendered":"K\u00f8b Orange Tesla Ecstasy Piller"},"content":{"rendered":"<p>Orange Tesla Ecstasy Pills K\u00f8b<\/p>\n<p>3,4 methylendioxy-metamfetamin er den aktive ingrediens i Orange Tesla ecstasy piller (MDMA). De sm\u00e5 orange tabletter er formet som et skjold og b\u00e6rer ordet &#8220;Tesla&#8221; over Tesla-logoet i form af et t.<\/p>\n<p>De lyser i m\u00f8rke, og nogle er drysset med lilla glitter.<\/p>\n<p>De er popul\u00e6re, fordi de er st\u00e6rke, har et sjovt design og er forbundet med et velkendt brand med et positivt omd\u00f8mme. De fleste mennesker er mere tilb\u00f8jelige til at k\u00f8be en ecstasy-pille med et anerkendt logo end en almindelig hvid pille lavet af nogen.<\/p>\n<p>Men orange Tesla-piller har intet at g\u00f8re med Elon Musks Tesla, en amerikansk bilproducent og ren energiselskab.<\/p>\n<p>M\u00e6rkem\u00e6rket indeb\u00e6rer ikke, at de er af h\u00f8j kvalitet eller endda ensartet kvalitet. Ved at bruge en lignende presse og farvestof kan enhver kopiere en orange Tesla ecstasy pille.<\/p>\n","protected":false},"excerpt":{"rendered":"<p>K\u00f8b Orange Tesla Ecstasy Pills til salg Europa, Storbritannien. K\u00f8b Ecstasy Online, Ecstasy-s\u00e6lger, Bestil ecstasy-piller online, vi besk\u00e6ftiger os med de mest rene og bedste produkter.<\/p>\n<p>Hos Best global medicin\u00a0kan du k\u00f8be \u00e6gte Tesla Ecstasy-piller til en overkommelig pris. Alle produkter er laboratorietestede og af h\u00f8jeste kvalitet.<\/p>\n","protected":false},"featured_media":4589,"comment_status":"open","ping_status":"closed","template":"","meta":[],"product_brand":[],"product_cat":[498],"product_tag":[554,555,556,557,558,559,560,561,575,562,563,564,565,566,567,568,570,569,571,573,572,574],"class_list":{"0":"post-4576","1":"product","2":"type-product","3":"status-publish","4":"has-post-thumbnail","6":"product_cat-kb-ecstasy-piller","7":"product_tag-bl-tesla-ecstasy","8":"product_tag-bl-tesla-pille-mg","9":"product_tag-bluelight-orange-tesla-ecstasy-vs-molly","10":"product_tag-different-extacy-pills-list","11":"product_tag-ecstasy-piller-tesla-stempel-fra-holland","12":"product_tag-ecstasy-presse-piller-tesla","13":"product_tag-ecstasy-tesla","14":"product_tag-extacy-pille-billeder","15":"product_tag-gul-tesla-ecstasy-tampa","16":"product_tag-orange-tesla-2021","17":"product_tag-orange-tesla-ecstasy-mg","18":"product_tag-orange-tesla-ecstasy-piller-los-angeles-2019","19":"product_tag-orange-tesla-pille-effekter","20":"product_tag-peach-hard-tesla-ecstasy-with-score-on-back","21":"product_tag-reddit-ecstasy-pille-vurdering-tesla-vs-punisher-vs","22":"product_tag-tesla-ecstasy","23":"product_tag-tesla-ecstasy-anmeldelse","24":"product_tag-tesla-ecstasy-pille","25":"product_tag-tesla-ecstasy-tampa","26":"product_tag-tesla-pille-advarsel","27":"product_tag-tesla-pille-bl-effekter","28":"product_tag-tesla-piller-bl","30":"first","31":"instock","32":"shipping-taxable","33":"purchasable","34":"product-type-variable","35":"has-default-attributes"},"yoast_head":"<!-- This site is optimized with the Yoast SEO plugin v27.3 - https:\/\/yoast.com\/product\/yoast-seo-wordpress\/ -->\n<title>K\u00f8b Orange Tesla Ecstasy Pills - Bedste bedste globale medicin<\/title>\n<meta name=\"description\" content=\"K\u00f8b Orange Tesla Ecstasy Piller til salg Europa, Storbritannien. K\u00f8b Ecstasy Online, Ecstasy S\u00e6lger, Bestil ecstasy piller online, vi besk\u00e6ftiger os med de mest rene og bedste produkter.\" \/>\n<meta name=\"robots\" content=\"index, follow, max-snippet:-1, max-image-preview:large, max-video-preview:-1\" \/>\n<link rel=\"canonical\" href=\"https:\/\/medicinasinc.com\/da\/product\/kob-orange-tesla-ecstasy-piller\/\" \/>\n<meta property=\"og:locale\" content=\"en_US\" \/>\n<meta property=\"og:type\" content=\"article\" \/>\n<meta property=\"og:title\" content=\"K\u00f8b Orange Tesla Ecstasy Pills - Bedste bedste globale medicin\" \/>\n<meta property=\"og:description\" content=\"K\u00f8b Orange Tesla Ecstasy Piller til salg Europa, Storbritannien. K\u00f8b Ecstasy Online, Ecstasy S\u00e6lger, Bestil ecstasy piller online, vi besk\u00e6ftiger os med de mest rene og bedste produkter.\" \/>\n<meta property=\"og:url\" content=\"https:\/\/medicinasinc.com\/da\/product\/kob-orange-tesla-ecstasy-piller\/\" \/>\n<meta property=\"og:site_name\" content=\"Medicinas Inc\" \/>\n<meta property=\"article:modified_time\" content=\"2022-03-20T00:55:33+00:00\" \/>\n<meta property=\"og:image\" content=\"https:\/\/medicinasinc.com\/da\/wp-content\/uploads\/sites\/8\/2022\/02\/Buy-Orange-Tesla-Ecstasy-Pills.jpg\" \/>\n\t<meta property=\"og:image:width\" content=\"747\" \/>\n\t<meta property=\"og:image:height\" content=\"560\" \/>\n\t<meta property=\"og:image:type\" content=\"image\/jpeg\" \/>\n<meta name=\"twitter:card\" content=\"summary_large_image\" \/>\n<meta name=\"twitter:label1\" content=\"Est. reading time\" \/>\n\t<meta name=\"twitter:data1\" content=\"1 minute\" \/>\n<script type=\"application\/ld+json\" class=\"yoast-schema-graph\">{\"@context\":\"https:\\\/\\\/schema.org\",\"@graph\":[{\"@type\":\"WebPage\",\"@id\":\"https:\\\/\\\/medicinasinc.com\\\/da\\\/product\\\/kob-orange-tesla-ecstasy-piller\\\/\",\"url\":\"https:\\\/\\\/medicinasinc.com\\\/da\\\/product\\\/kob-orange-tesla-ecstasy-piller\\\/\",\"name\":\"K\u00f8b Orange Tesla Ecstasy Pills - Bedste bedste globale medicin\",\"isPartOf\":{\"@id\":\"https:\\\/\\\/medicinasinc.com\\\/da\\\/#website\"},\"primaryImageOfPage\":{\"@id\":\"https:\\\/\\\/medicinasinc.com\\\/da\\\/product\\\/kob-orange-tesla-ecstasy-piller\\\/#primaryimage\"},\"image\":{\"@id\":\"https:\\\/\\\/medicinasinc.com\\\/da\\\/product\\\/kob-orange-tesla-ecstasy-piller\\\/#primaryimage\"},\"thumbnailUrl\":\"https:\\\/\\\/medicinasinc.com\\\/da\\\/wp-content\\\/uploads\\\/sites\\\/8\\\/2022\\\/02\\\/Buy-Orange-Tesla-Ecstasy-Pills.jpg\",\"datePublished\":\"2022-02-20T13:20:42+00:00\",\"dateModified\":\"2022-03-20T00:55:33+00:00\",\"description\":\"K\u00f8b Orange Tesla Ecstasy Piller til salg Europa, Storbritannien. K\u00f8b Ecstasy Online, Ecstasy S\u00e6lger, Bestil ecstasy piller online, vi besk\u00e6ftiger os med de mest rene og bedste produkter.\",\"breadcrumb\":{\"@id\":\"https:\\\/\\\/medicinasinc.com\\\/da\\\/product\\\/kob-orange-tesla-ecstasy-piller\\\/#breadcrumb\"},\"inLanguage\":\"en-US\",\"potentialAction\":[{\"@type\":\"ReadAction\",\"target\":[\"https:\\\/\\\/medicinasinc.com\\\/da\\\/product\\\/kob-orange-tesla-ecstasy-piller\\\/\"]}]},{\"@type\":\"ImageObject\",\"inLanguage\":\"en-US\",\"@id\":\"https:\\\/\\\/medicinasinc.com\\\/da\\\/product\\\/kob-orange-tesla-ecstasy-piller\\\/#primaryimage\",\"url\":\"https:\\\/\\\/medicinasinc.com\\\/da\\\/wp-content\\\/uploads\\\/sites\\\/8\\\/2022\\\/02\\\/Buy-Orange-Tesla-Ecstasy-Pills.jpg\",\"contentUrl\":\"https:\\\/\\\/medicinasinc.com\\\/da\\\/wp-content\\\/uploads\\\/sites\\\/8\\\/2022\\\/02\\\/Buy-Orange-Tesla-Ecstasy-Pills.jpg\",\"width\":747,\"height\":560},{\"@type\":\"BreadcrumbList\",\"@id\":\"https:\\\/\\\/medicinasinc.com\\\/da\\\/product\\\/kob-orange-tesla-ecstasy-piller\\\/#breadcrumb\",\"itemListElement\":[{\"@type\":\"ListItem\",\"position\":1,\"name\":\"Butik\",\"item\":\"https:\\\/\\\/medicinasinc.com\\\/da\\\/butik\\\/\"},{\"@type\":\"ListItem\",\"position\":2,\"name\":\"K\u00f8b Orange Tesla Ecstasy Piller\"}]},{\"@type\":\"WebSite\",\"@id\":\"https:\\\/\\\/medicinasinc.com\\\/da\\\/#website\",\"url\":\"https:\\\/\\\/medicinasinc.com\\\/da\\\/\",\"name\":\"Medicinas Inc\",\"description\":\"Health Medical Clinic\",\"potentialAction\":[{\"@type\":\"SearchAction\",\"target\":{\"@type\":\"EntryPoint\",\"urlTemplate\":\"https:\\\/\\\/medicinasinc.com\\\/da\\\/?s={search_term_string}\"},\"query-input\":{\"@type\":\"PropertyValueSpecification\",\"valueRequired\":true,\"valueName\":\"search_term_string\"}}],\"inLanguage\":\"en-US\"}]}<\/script>\n<!-- \/ Yoast SEO plugin. -->","yoast_head_json":{"title":"K\u00f8b Orange Tesla Ecstasy Pills - Bedste bedste globale medicin","description":"K\u00f8b Orange Tesla Ecstasy Piller til salg Europa, Storbritannien. K\u00f8b Ecstasy Online, Ecstasy S\u00e6lger, Bestil ecstasy piller online, vi besk\u00e6ftiger os med de mest rene og bedste produkter.","robots":{"index":"index","follow":"follow","max-snippet":"max-snippet:-1","max-image-preview":"max-image-preview:large","max-video-preview":"max-video-preview:-1"},"canonical":"https:\/\/medicinasinc.com\/da\/product\/kob-orange-tesla-ecstasy-piller\/","og_locale":"en_US","og_type":"article","og_title":"K\u00f8b Orange Tesla Ecstasy Pills - Bedste bedste globale medicin","og_description":"K\u00f8b Orange Tesla Ecstasy Piller til salg Europa, Storbritannien. K\u00f8b Ecstasy Online, Ecstasy S\u00e6lger, Bestil ecstasy piller online, vi besk\u00e6ftiger os med de mest rene og bedste produkter.","og_url":"https:\/\/medicinasinc.com\/da\/product\/kob-orange-tesla-ecstasy-piller\/","og_site_name":"Medicinas Inc","article_modified_time":"2022-03-20T00:55:33+00:00","og_image":[{"width":747,"height":560,"url":"https:\/\/medicinasinc.com\/da\/wp-content\/uploads\/sites\/8\/2022\/02\/Buy-Orange-Tesla-Ecstasy-Pills.jpg","type":"image\/jpeg"}],"twitter_card":"summary_large_image","twitter_misc":{"Est. reading time":"1 minute"},"schema":{"@context":"https:\/\/schema.org","@graph":[{"@type":"WebPage","@id":"https:\/\/medicinasinc.com\/da\/product\/kob-orange-tesla-ecstasy-piller\/","url":"https:\/\/medicinasinc.com\/da\/product\/kob-orange-tesla-ecstasy-piller\/","name":"K\u00f8b Orange Tesla Ecstasy Pills - Bedste bedste globale medicin","isPartOf":{"@id":"https:\/\/medicinasinc.com\/da\/#website"},"primaryImageOfPage":{"@id":"https:\/\/medicinasinc.com\/da\/product\/kob-orange-tesla-ecstasy-piller\/#primaryimage"},"image":{"@id":"https:\/\/medicinasinc.com\/da\/product\/kob-orange-tesla-ecstasy-piller\/#primaryimage"},"thumbnailUrl":"https:\/\/medicinasinc.com\/da\/wp-content\/uploads\/sites\/8\/2022\/02\/Buy-Orange-Tesla-Ecstasy-Pills.jpg","datePublished":"2022-02-20T13:20:42+00:00","dateModified":"2022-03-20T00:55:33+00:00","description":"K\u00f8b Orange Tesla Ecstasy Piller til salg Europa, Storbritannien. K\u00f8b Ecstasy Online, Ecstasy S\u00e6lger, Bestil ecstasy piller online, vi besk\u00e6ftiger os med de mest rene og bedste produkter.","breadcrumb":{"@id":"https:\/\/medicinasinc.com\/da\/product\/kob-orange-tesla-ecstasy-piller\/#breadcrumb"},"inLanguage":"en-US","potentialAction":[{"@type":"ReadAction","target":["https:\/\/medicinasinc.com\/da\/product\/kob-orange-tesla-ecstasy-piller\/"]}]},{"@type":"ImageObject","inLanguage":"en-US","@id":"https:\/\/medicinasinc.com\/da\/product\/kob-orange-tesla-ecstasy-piller\/#primaryimage","url":"https:\/\/medicinasinc.com\/da\/wp-content\/uploads\/sites\/8\/2022\/02\/Buy-Orange-Tesla-Ecstasy-Pills.jpg","contentUrl":"https:\/\/medicinasinc.com\/da\/wp-content\/uploads\/sites\/8\/2022\/02\/Buy-Orange-Tesla-Ecstasy-Pills.jpg","width":747,"height":560},{"@type":"BreadcrumbList","@id":"https:\/\/medicinasinc.com\/da\/product\/kob-orange-tesla-ecstasy-piller\/#breadcrumb","itemListElement":[{"@type":"ListItem","position":1,"name":"Butik","item":"https:\/\/medicinasinc.com\/da\/butik\/"},{"@type":"ListItem","position":2,"name":"K\u00f8b Orange Tesla Ecstasy Piller"}]},{"@type":"WebSite","@id":"https:\/\/medicinasinc.com\/da\/#website","url":"https:\/\/medicinasinc.com\/da\/","name":"Medicinas Inc","description":"Health Medical Clinic","potentialAction":[{"@type":"SearchAction","target":{"@type":"EntryPoint","urlTemplate":"https:\/\/medicinasinc.com\/da\/?s={search_term_string}"},"query-input":{"@type":"PropertyValueSpecification","valueRequired":true,"valueName":"search_term_string"}}],"inLanguage":"en-US"}]}},"_links":{"self":[{"href":"https:\/\/medicinasinc.com\/da\/wp-json\/wp\/v2\/product\/4576","targetHints":{"allow":["GET"]}}],"collection":[{"href":"https:\/\/medicinasinc.com\/da\/wp-json\/wp\/v2\/product"}],"about":[{"href":"https:\/\/medicinasinc.com\/da\/wp-json\/wp\/v2\/types\/product"}],"replies":[{"embeddable":true,"href":"https:\/\/medicinasinc.com\/da\/wp-json\/wp\/v2\/comments?post=4576"}],"wp:featuredmedia":[{"embeddable":true,"href":"https:\/\/medicinasinc.com\/da\/wp-json\/wp\/v2\/media\/4589"}],"wp:attachment":[{"href":"https:\/\/medicinasinc.com\/da\/wp-json\/wp\/v2\/media?parent=4576"}],"wp:term":[{"taxonomy":"product_brand","embeddable":true,"href":"https:\/\/medicinasinc.com\/da\/wp-json\/wp\/v2\/product_brand?post=4576"},{"taxonomy":"product_cat","embeddable":true,"href":"https:\/\/medicinasinc.com\/da\/wp-json\/wp\/v2\/product_cat?post=4576"},{"taxonomy":"product_tag","embeddable":true,"href":"https:\/\/medicinasinc.com\/da\/wp-json\/wp\/v2\/product_tag?post=4576"}],"curies":[{"name":"wp","href":"https:\/\/api.w.org\/{rel}","templated":true}]}}