{"id":4575,"date":"2022-02-20T13:20:33","date_gmt":"2022-02-20T13:20:33","guid":{"rendered":"https:\/\/medicinasinc.com\/da\/?post_type=product&#038;p=4575"},"modified":"2022-03-20T00:55:41","modified_gmt":"2022-03-20T00:55:41","slug":"kob-bla-rolex-ecstasy-piller","status":"publish","type":"product","link":"https:\/\/medicinasinc.com\/da\/product\/kob-bla-rolex-ecstasy-piller\/","title":{"rendered":"K\u00f8b Blue Rolex ecstasy piller"},"content":{"rendered":"<p>K\u00f8b bl\u00e5 Rolex ecstasy piller i l\u00f8s v\u00e6gt online.<\/p>\n<p>K\u00f8b Blue Rolex ecstasy piller i l\u00f8s v\u00e6gt online.<\/p>\n<p>Ecstasy blev opfundet i 1912 af Merck narkotikaforhold. Det blev d\u00f8bt &#8220;MDMA&#8221; p\u00e5 grund af dets nye struktur. Det blev f\u00f8rste gang brugt af de amerikanske v\u00e6bnede styrker i 1953 til mentale engagementstests og vendte tilbage kort i 1960&#8217;erne som en psykoterapil\u00f8sning til &#8220;lavere h\u00e6mninger&#8221;. 1 MDMA blev ikke brugt som samlingsrecept f\u00f8r i 1970&#8217;erne.<\/p>\n<p>I midten af \u200b\u200b1980&#8217;erne blev MDMA promoveret som &#8220;den mest skummende ting i teknikken med missionen om at gl\u00e6de folk gennem videnskab&#8221; og &#8220;i l\u00f8sning&#8221; til langvarige fester. MDMA var stadig bredt tilg\u00e6ngeligt i 1984 under m\u00e6rkenavnet &#8220;Joy&#8221;, men i 1985 var medicinen blevet begr\u00e6nset p\u00e5 grund af sikkerhedsproblemer.<br \/> Den bl\u00e5 Rolex-pille kan v\u00e6re s\u00e6rlig gavnlig for personer, der oplever problemer med knusningskomponenter efter bed\u00f8velsen. (PTSD). Adskillige patienter er ude af stand til at diskutere de farlige h\u00e6ndelser, der udl\u00f8ste deres problemer. Opfyldelse, spekuleres det, kan hj\u00e6lpe individer med at forst\u00f8rre disse s\u00e5r.<\/p>\n<p>Doblin, 50, er autentisk ikke en forberedt evne eller en monitor; dog har han et omfattende ansvar for stoffer, efter at have indtaget dem ved adskillige lejligheder. &#8220;Det har gjort en v\u00e6sentlig forskel i mit liv,&#8221; forklarede han. I l\u00f8bet af de sidste par \u00e5r har han investeret i at sprede budskabet om, at Joy og andre energigivende stoffer har grundl\u00e6ggende succes under ideelle forhold.<br \/> Hvis du virkelig s\u00f8ger efter et tilh\u00f8rsforhold, der kan give dig varer af den bedste kvalitet, har du komme til det rigtige sted. Hos vores fond kan du v\u00e6lge de bedste varer, der vil hj\u00e6lpe dig med at opbygge din tillid og etablere et fornuftigt forhold til os p\u00e5 grund af muligheden for vores varer. Foretag dit k\u00f8b nu, og modtag bl\u00e5 bl\u00e5 Rolex-piller ved d\u00f8ren inden for fem arbejdsdage.<\/p>\n","protected":false},"excerpt":{"rendered":"<div class=\"woocommerce-product-details__short-description\">\n<p>K\u00f8b Blue Rolex ecstasy piller UK, Europa online fra en p\u00e5lidelig og p\u00e5lidelig leverand\u00f8r, Bes\u00f8g vores butik og f\u00e5 topkvalitets piller og forskningskemikalier til uovertrufne priser.<\/p>\n<\/p><\/div>\n","protected":false},"featured_media":4587,"comment_status":"open","ping_status":"closed","template":"","meta":[],"product_brand":[],"product_cat":[498],"product_tag":[],"class_list":{"0":"post-4575","1":"product","2":"type-product","3":"status-publish","4":"has-post-thumbnail","6":"product_cat-kb-ecstasy-piller","8":"first","9":"instock","10":"shipping-taxable","11":"purchasable","12":"product-type-variable","13":"has-default-attributes"},"yoast_head":"<!-- This site is optimized with the Yoast SEO plugin v27.3 - https:\/\/yoast.com\/product\/yoast-seo-wordpress\/ -->\n<title>K\u00f8b Blue Rolex ecstasy piller - Bedste bedste globale medicin<\/title>\n<meta name=\"description\" content=\"K\u00f8b Blue Rolex ecstasy piller UK, Europa online fra en p\u00e5lidelig og p\u00e5lidelig leverand\u00f8r, Bes\u00f8g vores butik og f\u00e5 topkvalitets piller og forskning kemikalier til uovertruffen priser.\" \/>\n<meta name=\"robots\" content=\"index, follow, max-snippet:-1, max-image-preview:large, max-video-preview:-1\" \/>\n<link rel=\"canonical\" href=\"https:\/\/medicinasinc.com\/da\/product\/kob-bla-rolex-ecstasy-piller\/\" \/>\n<meta property=\"og:locale\" content=\"en_US\" \/>\n<meta property=\"og:type\" content=\"article\" \/>\n<meta property=\"og:title\" content=\"K\u00f8b Blue Rolex ecstasy piller - Bedste bedste globale medicin\" \/>\n<meta property=\"og:description\" content=\"K\u00f8b Blue Rolex ecstasy piller UK, Europa online fra en p\u00e5lidelig og p\u00e5lidelig leverand\u00f8r, Bes\u00f8g vores butik og f\u00e5 topkvalitets piller og forskning kemikalier til uovertruffen priser.\" \/>\n<meta property=\"og:url\" content=\"https:\/\/medicinasinc.com\/da\/product\/kob-bla-rolex-ecstasy-piller\/\" \/>\n<meta property=\"og:site_name\" content=\"Medicinas Inc\" \/>\n<meta property=\"article:modified_time\" content=\"2022-03-20T00:55:41+00:00\" \/>\n<meta property=\"og:image\" content=\"https:\/\/medicinasinc.com\/da\/wp-content\/uploads\/sites\/8\/2022\/02\/buy-quality-blue-rolex-ecstasy-pills-online.jpg\" \/>\n\t<meta property=\"og:image:width\" content=\"600\" \/>\n\t<meta property=\"og:image:height\" content=\"600\" \/>\n\t<meta property=\"og:image:type\" content=\"image\/jpeg\" \/>\n<meta name=\"twitter:card\" content=\"summary_large_image\" \/>\n<script type=\"application\/ld+json\" class=\"yoast-schema-graph\">{\"@context\":\"https:\\\/\\\/schema.org\",\"@graph\":[{\"@type\":\"WebPage\",\"@id\":\"https:\\\/\\\/medicinasinc.com\\\/da\\\/product\\\/kob-bla-rolex-ecstasy-piller\\\/\",\"url\":\"https:\\\/\\\/medicinasinc.com\\\/da\\\/product\\\/kob-bla-rolex-ecstasy-piller\\\/\",\"name\":\"K\u00f8b Blue Rolex ecstasy piller - Bedste bedste globale medicin\",\"isPartOf\":{\"@id\":\"https:\\\/\\\/medicinasinc.com\\\/da\\\/#website\"},\"primaryImageOfPage\":{\"@id\":\"https:\\\/\\\/medicinasinc.com\\\/da\\\/product\\\/kob-bla-rolex-ecstasy-piller\\\/#primaryimage\"},\"image\":{\"@id\":\"https:\\\/\\\/medicinasinc.com\\\/da\\\/product\\\/kob-bla-rolex-ecstasy-piller\\\/#primaryimage\"},\"thumbnailUrl\":\"https:\\\/\\\/medicinasinc.com\\\/da\\\/wp-content\\\/uploads\\\/sites\\\/8\\\/2022\\\/02\\\/buy-quality-blue-rolex-ecstasy-pills-online.jpg\",\"datePublished\":\"2022-02-20T13:20:33+00:00\",\"dateModified\":\"2022-03-20T00:55:41+00:00\",\"description\":\"K\u00f8b Blue Rolex ecstasy piller UK, Europa online fra en p\u00e5lidelig og p\u00e5lidelig leverand\u00f8r, Bes\u00f8g vores butik og f\u00e5 topkvalitets piller og forskning kemikalier til uovertruffen priser.\",\"breadcrumb\":{\"@id\":\"https:\\\/\\\/medicinasinc.com\\\/da\\\/product\\\/kob-bla-rolex-ecstasy-piller\\\/#breadcrumb\"},\"inLanguage\":\"en-US\",\"potentialAction\":[{\"@type\":\"ReadAction\",\"target\":[\"https:\\\/\\\/medicinasinc.com\\\/da\\\/product\\\/kob-bla-rolex-ecstasy-piller\\\/\"]}]},{\"@type\":\"ImageObject\",\"inLanguage\":\"en-US\",\"@id\":\"https:\\\/\\\/medicinasinc.com\\\/da\\\/product\\\/kob-bla-rolex-ecstasy-piller\\\/#primaryimage\",\"url\":\"https:\\\/\\\/medicinasinc.com\\\/da\\\/wp-content\\\/uploads\\\/sites\\\/8\\\/2022\\\/02\\\/buy-quality-blue-rolex-ecstasy-pills-online.jpg\",\"contentUrl\":\"https:\\\/\\\/medicinasinc.com\\\/da\\\/wp-content\\\/uploads\\\/sites\\\/8\\\/2022\\\/02\\\/buy-quality-blue-rolex-ecstasy-pills-online.jpg\",\"width\":600,\"height\":600},{\"@type\":\"BreadcrumbList\",\"@id\":\"https:\\\/\\\/medicinasinc.com\\\/da\\\/product\\\/kob-bla-rolex-ecstasy-piller\\\/#breadcrumb\",\"itemListElement\":[{\"@type\":\"ListItem\",\"position\":1,\"name\":\"Butik\",\"item\":\"https:\\\/\\\/medicinasinc.com\\\/da\\\/butik\\\/\"},{\"@type\":\"ListItem\",\"position\":2,\"name\":\"K\u00f8b Blue Rolex ecstasy piller\"}]},{\"@type\":\"WebSite\",\"@id\":\"https:\\\/\\\/medicinasinc.com\\\/da\\\/#website\",\"url\":\"https:\\\/\\\/medicinasinc.com\\\/da\\\/\",\"name\":\"Medicinas Inc\",\"description\":\"Health Medical Clinic\",\"potentialAction\":[{\"@type\":\"SearchAction\",\"target\":{\"@type\":\"EntryPoint\",\"urlTemplate\":\"https:\\\/\\\/medicinasinc.com\\\/da\\\/?s={search_term_string}\"},\"query-input\":{\"@type\":\"PropertyValueSpecification\",\"valueRequired\":true,\"valueName\":\"search_term_string\"}}],\"inLanguage\":\"en-US\"}]}<\/script>\n<!-- \/ Yoast SEO plugin. -->","yoast_head_json":{"title":"K\u00f8b Blue Rolex ecstasy piller - Bedste bedste globale medicin","description":"K\u00f8b Blue Rolex ecstasy piller UK, Europa online fra en p\u00e5lidelig og p\u00e5lidelig leverand\u00f8r, Bes\u00f8g vores butik og f\u00e5 topkvalitets piller og forskning kemikalier til uovertruffen priser.","robots":{"index":"index","follow":"follow","max-snippet":"max-snippet:-1","max-image-preview":"max-image-preview:large","max-video-preview":"max-video-preview:-1"},"canonical":"https:\/\/medicinasinc.com\/da\/product\/kob-bla-rolex-ecstasy-piller\/","og_locale":"en_US","og_type":"article","og_title":"K\u00f8b Blue Rolex ecstasy piller - Bedste bedste globale medicin","og_description":"K\u00f8b Blue Rolex ecstasy piller UK, Europa online fra en p\u00e5lidelig og p\u00e5lidelig leverand\u00f8r, Bes\u00f8g vores butik og f\u00e5 topkvalitets piller og forskning kemikalier til uovertruffen priser.","og_url":"https:\/\/medicinasinc.com\/da\/product\/kob-bla-rolex-ecstasy-piller\/","og_site_name":"Medicinas Inc","article_modified_time":"2022-03-20T00:55:41+00:00","og_image":[{"width":600,"height":600,"url":"https:\/\/medicinasinc.com\/da\/wp-content\/uploads\/sites\/8\/2022\/02\/buy-quality-blue-rolex-ecstasy-pills-online.jpg","type":"image\/jpeg"}],"twitter_card":"summary_large_image","schema":{"@context":"https:\/\/schema.org","@graph":[{"@type":"WebPage","@id":"https:\/\/medicinasinc.com\/da\/product\/kob-bla-rolex-ecstasy-piller\/","url":"https:\/\/medicinasinc.com\/da\/product\/kob-bla-rolex-ecstasy-piller\/","name":"K\u00f8b Blue Rolex ecstasy piller - Bedste bedste globale medicin","isPartOf":{"@id":"https:\/\/medicinasinc.com\/da\/#website"},"primaryImageOfPage":{"@id":"https:\/\/medicinasinc.com\/da\/product\/kob-bla-rolex-ecstasy-piller\/#primaryimage"},"image":{"@id":"https:\/\/medicinasinc.com\/da\/product\/kob-bla-rolex-ecstasy-piller\/#primaryimage"},"thumbnailUrl":"https:\/\/medicinasinc.com\/da\/wp-content\/uploads\/sites\/8\/2022\/02\/buy-quality-blue-rolex-ecstasy-pills-online.jpg","datePublished":"2022-02-20T13:20:33+00:00","dateModified":"2022-03-20T00:55:41+00:00","description":"K\u00f8b Blue Rolex ecstasy piller UK, Europa online fra en p\u00e5lidelig og p\u00e5lidelig leverand\u00f8r, Bes\u00f8g vores butik og f\u00e5 topkvalitets piller og forskning kemikalier til uovertruffen priser.","breadcrumb":{"@id":"https:\/\/medicinasinc.com\/da\/product\/kob-bla-rolex-ecstasy-piller\/#breadcrumb"},"inLanguage":"en-US","potentialAction":[{"@type":"ReadAction","target":["https:\/\/medicinasinc.com\/da\/product\/kob-bla-rolex-ecstasy-piller\/"]}]},{"@type":"ImageObject","inLanguage":"en-US","@id":"https:\/\/medicinasinc.com\/da\/product\/kob-bla-rolex-ecstasy-piller\/#primaryimage","url":"https:\/\/medicinasinc.com\/da\/wp-content\/uploads\/sites\/8\/2022\/02\/buy-quality-blue-rolex-ecstasy-pills-online.jpg","contentUrl":"https:\/\/medicinasinc.com\/da\/wp-content\/uploads\/sites\/8\/2022\/02\/buy-quality-blue-rolex-ecstasy-pills-online.jpg","width":600,"height":600},{"@type":"BreadcrumbList","@id":"https:\/\/medicinasinc.com\/da\/product\/kob-bla-rolex-ecstasy-piller\/#breadcrumb","itemListElement":[{"@type":"ListItem","position":1,"name":"Butik","item":"https:\/\/medicinasinc.com\/da\/butik\/"},{"@type":"ListItem","position":2,"name":"K\u00f8b Blue Rolex ecstasy piller"}]},{"@type":"WebSite","@id":"https:\/\/medicinasinc.com\/da\/#website","url":"https:\/\/medicinasinc.com\/da\/","name":"Medicinas Inc","description":"Health Medical Clinic","potentialAction":[{"@type":"SearchAction","target":{"@type":"EntryPoint","urlTemplate":"https:\/\/medicinasinc.com\/da\/?s={search_term_string}"},"query-input":{"@type":"PropertyValueSpecification","valueRequired":true,"valueName":"search_term_string"}}],"inLanguage":"en-US"}]}},"_links":{"self":[{"href":"https:\/\/medicinasinc.com\/da\/wp-json\/wp\/v2\/product\/4575","targetHints":{"allow":["GET"]}}],"collection":[{"href":"https:\/\/medicinasinc.com\/da\/wp-json\/wp\/v2\/product"}],"about":[{"href":"https:\/\/medicinasinc.com\/da\/wp-json\/wp\/v2\/types\/product"}],"replies":[{"embeddable":true,"href":"https:\/\/medicinasinc.com\/da\/wp-json\/wp\/v2\/comments?post=4575"}],"wp:featuredmedia":[{"embeddable":true,"href":"https:\/\/medicinasinc.com\/da\/wp-json\/wp\/v2\/media\/4587"}],"wp:attachment":[{"href":"https:\/\/medicinasinc.com\/da\/wp-json\/wp\/v2\/media?parent=4575"}],"wp:term":[{"taxonomy":"product_brand","embeddable":true,"href":"https:\/\/medicinasinc.com\/da\/wp-json\/wp\/v2\/product_brand?post=4575"},{"taxonomy":"product_cat","embeddable":true,"href":"https:\/\/medicinasinc.com\/da\/wp-json\/wp\/v2\/product_cat?post=4575"},{"taxonomy":"product_tag","embeddable":true,"href":"https:\/\/medicinasinc.com\/da\/wp-json\/wp\/v2\/product_tag?post=4575"}],"curies":[{"name":"wp","href":"https:\/\/api.w.org\/{rel}","templated":true}]}}