{"id":4535,"date":"2022-02-20T10:31:14","date_gmt":"2022-02-20T10:31:14","guid":{"rendered":"https:\/\/medicinasinc.com\/da\/?post_type=product&#038;p=4535"},"modified":"2022-03-20T00:56:08","modified_gmt":"2022-03-20T00:56:08","slug":"kob-gra-bugatti-mdma-piller","status":"publish","type":"product","link":"https:\/\/medicinasinc.com\/da\/product\/kob-gra-bugatti-mdma-piller\/","title":{"rendered":"K\u00f8b Gr\u00e5 Bugatti MDMA piller"},"content":{"rendered":"<p>ONLINE K\u00d8B GR\u00c5 BUGATTI MDMA PILLER<\/p>\n<p>MDMA (Methamfetamin-Methylenedioxymetamfetamin) er et syntetisk stimulerende middel, der \u00e6ndrer opfattelse og hum\u00f8r (bevidsthed om omgivende forhold og genstande). Kemisk ligner det hallucinogener og stimulanser, der fremkalder f\u00f8lelser af \u00f8get nydelse, energi, f\u00f8lelsesm\u00e6ssig varme, tidsopfattelse og forvr\u00e6nget sanseopfattelse. K\u00f8b ren mdma online.<\/p>\n<p>MDMA var oprindeligt popul\u00e6rt til hele nattens dansefester og i natklubmilj\u00f8et, men stoffet p\u00e5virker nu en mangfoldig gruppe mennesker, der omtaler det som Molly eller Ecstasy. Onlinek\u00f8b af Gr\u00e5 Bugatti MDMA-piller<\/p>\n<p>Ecstasy er et stimulerende stof, der har potentiale til at for\u00e5rsage hallucinationer. Individer omtales som et designerl\u00e6gemiddel, fordi de f\u00e5r en person til at f\u00f8le sig afslappet, energisk og h\u00f8j. Stoffet er s\u00e6rligt popul\u00e6rt blandt unge voksne og teenagere, der deltager i koncerter, klubber og &#8220;rave&#8221;-fester. K\u00f8b mdma online<\/p>\n<p>Ecstasy omtales ofte som &#8220;k\u00e6rlighedspillen&#8221;, fordi den forbedrer opfattelsen af \u200b\u200blyd og farve og angiveligt forst\u00e6rker fornemmelser, n\u00e5r man k\u00e6rtegner eller r\u00f8rer ved en anden, is\u00e6r under sex. Du kan ogs\u00e5 k\u00f8be Viagra for at forbedre sexydeevnen.<\/p>\n<p>Brugere tror, \u200b\u200bat stoffet vil f\u00e5 dem til at f\u00f8le sig afslappede og veltilpas, og vil holde dem i gang i dagevis uden hvile. Personer, der bruger Ecstasy, er uvidende om farerne forbundet med denne medicin. Hvor kan jeg k\u00f8be ren mdma online?<\/p>\n<p>Ecstasy er blevet et af de mest udbredte gadestoffer. Ecstasy har sendt en r\u00e6kke af os p\u00e5 skadestuer i de sidste par \u00e5r p\u00e5 grund af dets farlige bivirkninger. Bestil MDMA i Den Europ\u00e6iske Union, kan jeg k\u00f8be MDMA online, engros MDMA online, ren MDMA til salg online, \u00e6gte MDMA til salg online i USA<\/p>\n","protected":false},"excerpt":{"rendered":"<p>K\u00f8b Gr\u00e5 Bugatti MDMA piller til salg online til den bedste pris. Vi garanterer sikker og sikker forsendelse til hele verden. Bestil MDMA i EU, kan jeg k\u00f8be MDMA online, engros MDMA online<\/p>\n<p><em>K\u00f8b Gr\u00e5 Bugatti MDMA-piller<\/em>\u00a0online til den bedste pris. Vi garanterer sikker og sikker forsendelse til hele verden. WhatsApp os nu<\/p>\n","protected":false},"featured_media":4558,"comment_status":"open","ping_status":"closed","template":"","meta":[],"product_brand":[],"product_cat":[498],"product_tag":[543,539,540,499,500,502,503,508,509,510,544,545,547,546,511,507,501,504,505,506,512,513,514,515,516,530,531,517,518,521,522,524,523,525,529,527,526,528,532,533,534,535,519,520,536,537,538,541,542],"class_list":{"0":"post-4535","1":"product","2":"type-product","3":"status-publish","4":"has-post-thumbnail","6":"product_cat-kb-ecstasy-piller","7":"product_tag-real-mdma-til-salg-online","8":"product_tag-bestil-mdma-online","9":"product_tag-bestil-ren-mdma-online","10":"product_tag-buy-gray-bugatti-mdma-pills-online","11":"product_tag-buy-mdma","12":"product_tag-buy-mdma-pills","13":"product_tag-buy-mdma-pills-online","14":"product_tag-can-i-order-mdma-online","15":"product_tag-f-mdma-online","16":"product_tag-how-to-order-mdma","17":"product_tag-hvor-kan-kbes-mdma-piller","18":"product_tag-hvor-kan-kbes-mdma-piller-online","19":"product_tag-hvor-kan-kbes-pure-molly-online","20":"product_tag-hvor-kan-kbes-ren-mdma-online","21":"product_tag-illegale-stoffer-til-salg-online-mdma","22":"product_tag-kb-forskningskemikalier-online","23":"product_tag-kb-mdma-online","24":"product_tag-kb-molly-online","25":"product_tag-kb-mollymdma-online","26":"product_tag-kb-ren-mdma-online","27":"product_tag-mdma","28":"product_tag-mdma-100mg","29":"product_tag-mdma-1g","30":"product_tag-mdma-3-4-methylendioxy-n-methylamfetamin","31":"product_tag-mdma-3g","32":"product_tag-mdma-ordre-online","33":"product_tag-mdma-billeder","34":"product_tag-mdma-for-sale","35":"product_tag-mdma-for-sale-online","36":"product_tag-mdma-molly","37":"product_tag-mdma-molly-krystaller","38":"product_tag-mdma-molly-pulver","39":"product_tag-mdma-molly-til-salg","40":"product_tag-mdma-online-ordre","41":"product_tag-mdma-online-shop","42":"product_tag-mdma-online-sales","43":"product_tag-mdma-online-salg","44":"product_tag-mdma-online-salgsleverandrer","45":"product_tag-mdma-pille","46":"product_tag-mdma-piller-til-salg-online","47":"product_tag-mdma-udsalg","48":"product_tag-mdma-salg","49":"product_tag-mdma-til-salg-online-usa","50":"product_tag-mdma-til-salg-bestil-online","51":"product_tag-molly-mdma-pulver","52":"product_tag-online","53":"product_tag-online-mdma-sales","54":"product_tag-pure-mdma","55":"product_tag-pure-mdma-for-sale-online","57":"first","58":"instock","59":"shipping-taxable","60":"purchasable","61":"product-type-variable","62":"has-default-attributes"},"yoast_head":"<!-- This site is optimized with the Yoast SEO plugin v27.3 - https:\/\/yoast.com\/product\/yoast-seo-wordpress\/ -->\n<title>K\u00f8b Gr\u00e5 Bugatti MDMA piller - Bedste bedste globale medicin<\/title>\n<meta name=\"description\" content=\"K\u00f8b Gr\u00e5 Bugatti MDMA piller til salg online til den bedste pris. Vi garanterer sikker og sikker forsendelse til hele verden. Bestil MDMA i EU, kan jeg k\u00f8be MDMA online, engros MDMA online\" \/>\n<meta name=\"robots\" content=\"index, follow, max-snippet:-1, max-image-preview:large, max-video-preview:-1\" \/>\n<link rel=\"canonical\" href=\"https:\/\/medicinasinc.com\/da\/product\/kob-gra-bugatti-mdma-piller\/\" \/>\n<meta property=\"og:locale\" content=\"en_US\" \/>\n<meta property=\"og:type\" content=\"article\" \/>\n<meta property=\"og:title\" content=\"K\u00f8b Gr\u00e5 Bugatti MDMA piller - Bedste bedste globale medicin\" \/>\n<meta property=\"og:description\" content=\"K\u00f8b Gr\u00e5 Bugatti MDMA piller til salg online til den bedste pris. Vi garanterer sikker og sikker forsendelse til hele verden. Bestil MDMA i EU, kan jeg k\u00f8be MDMA online, engros MDMA online\" \/>\n<meta property=\"og:url\" content=\"https:\/\/medicinasinc.com\/da\/product\/kob-gra-bugatti-mdma-piller\/\" \/>\n<meta property=\"og:site_name\" content=\"Medicinas Inc\" \/>\n<meta property=\"article:modified_time\" content=\"2022-03-20T00:56:08+00:00\" \/>\n<meta property=\"og:image\" content=\"https:\/\/medicinasinc.com\/da\/wp-content\/uploads\/sites\/8\/2022\/02\/buy-gray-bugatti-mdma-pills-online.jpg\" \/>\n\t<meta property=\"og:image:width\" content=\"600\" \/>\n\t<meta property=\"og:image:height\" content=\"600\" \/>\n\t<meta property=\"og:image:type\" content=\"image\/jpeg\" \/>\n<meta name=\"twitter:card\" content=\"summary_large_image\" \/>\n<meta name=\"twitter:label1\" content=\"Est. reading time\" \/>\n\t<meta name=\"twitter:data1\" content=\"2 minutes\" \/>\n<script type=\"application\/ld+json\" class=\"yoast-schema-graph\">{\"@context\":\"https:\\\/\\\/schema.org\",\"@graph\":[{\"@type\":\"WebPage\",\"@id\":\"https:\\\/\\\/medicinasinc.com\\\/da\\\/product\\\/kob-gra-bugatti-mdma-piller\\\/\",\"url\":\"https:\\\/\\\/medicinasinc.com\\\/da\\\/product\\\/kob-gra-bugatti-mdma-piller\\\/\",\"name\":\"K\u00f8b Gr\u00e5 Bugatti MDMA piller - Bedste bedste globale medicin\",\"isPartOf\":{\"@id\":\"https:\\\/\\\/medicinasinc.com\\\/da\\\/#website\"},\"primaryImageOfPage\":{\"@id\":\"https:\\\/\\\/medicinasinc.com\\\/da\\\/product\\\/kob-gra-bugatti-mdma-piller\\\/#primaryimage\"},\"image\":{\"@id\":\"https:\\\/\\\/medicinasinc.com\\\/da\\\/product\\\/kob-gra-bugatti-mdma-piller\\\/#primaryimage\"},\"thumbnailUrl\":\"https:\\\/\\\/medicinasinc.com\\\/da\\\/wp-content\\\/uploads\\\/sites\\\/8\\\/2022\\\/02\\\/buy-gray-bugatti-mdma-pills-online.jpg\",\"datePublished\":\"2022-02-20T10:31:14+00:00\",\"dateModified\":\"2022-03-20T00:56:08+00:00\",\"description\":\"K\u00f8b Gr\u00e5 Bugatti MDMA piller til salg online til den bedste pris. Vi garanterer sikker og sikker forsendelse til hele verden. Bestil MDMA i EU, kan jeg k\u00f8be MDMA online, engros MDMA online\",\"breadcrumb\":{\"@id\":\"https:\\\/\\\/medicinasinc.com\\\/da\\\/product\\\/kob-gra-bugatti-mdma-piller\\\/#breadcrumb\"},\"inLanguage\":\"en-US\",\"potentialAction\":[{\"@type\":\"ReadAction\",\"target\":[\"https:\\\/\\\/medicinasinc.com\\\/da\\\/product\\\/kob-gra-bugatti-mdma-piller\\\/\"]}]},{\"@type\":\"ImageObject\",\"inLanguage\":\"en-US\",\"@id\":\"https:\\\/\\\/medicinasinc.com\\\/da\\\/product\\\/kob-gra-bugatti-mdma-piller\\\/#primaryimage\",\"url\":\"https:\\\/\\\/medicinasinc.com\\\/da\\\/wp-content\\\/uploads\\\/sites\\\/8\\\/2022\\\/02\\\/buy-gray-bugatti-mdma-pills-online.jpg\",\"contentUrl\":\"https:\\\/\\\/medicinasinc.com\\\/da\\\/wp-content\\\/uploads\\\/sites\\\/8\\\/2022\\\/02\\\/buy-gray-bugatti-mdma-pills-online.jpg\",\"width\":600,\"height\":600},{\"@type\":\"BreadcrumbList\",\"@id\":\"https:\\\/\\\/medicinasinc.com\\\/da\\\/product\\\/kob-gra-bugatti-mdma-piller\\\/#breadcrumb\",\"itemListElement\":[{\"@type\":\"ListItem\",\"position\":1,\"name\":\"Butik\",\"item\":\"https:\\\/\\\/medicinasinc.com\\\/da\\\/butik\\\/\"},{\"@type\":\"ListItem\",\"position\":2,\"name\":\"K\u00f8b Gr\u00e5 Bugatti MDMA piller\"}]},{\"@type\":\"WebSite\",\"@id\":\"https:\\\/\\\/medicinasinc.com\\\/da\\\/#website\",\"url\":\"https:\\\/\\\/medicinasinc.com\\\/da\\\/\",\"name\":\"Medicinas Inc\",\"description\":\"Health Medical Clinic\",\"potentialAction\":[{\"@type\":\"SearchAction\",\"target\":{\"@type\":\"EntryPoint\",\"urlTemplate\":\"https:\\\/\\\/medicinasinc.com\\\/da\\\/?s={search_term_string}\"},\"query-input\":{\"@type\":\"PropertyValueSpecification\",\"valueRequired\":true,\"valueName\":\"search_term_string\"}}],\"inLanguage\":\"en-US\"}]}<\/script>\n<!-- \/ Yoast SEO plugin. -->","yoast_head_json":{"title":"K\u00f8b Gr\u00e5 Bugatti MDMA piller - Bedste bedste globale medicin","description":"K\u00f8b Gr\u00e5 Bugatti MDMA piller til salg online til den bedste pris. Vi garanterer sikker og sikker forsendelse til hele verden. Bestil MDMA i EU, kan jeg k\u00f8be MDMA online, engros MDMA online","robots":{"index":"index","follow":"follow","max-snippet":"max-snippet:-1","max-image-preview":"max-image-preview:large","max-video-preview":"max-video-preview:-1"},"canonical":"https:\/\/medicinasinc.com\/da\/product\/kob-gra-bugatti-mdma-piller\/","og_locale":"en_US","og_type":"article","og_title":"K\u00f8b Gr\u00e5 Bugatti MDMA piller - Bedste bedste globale medicin","og_description":"K\u00f8b Gr\u00e5 Bugatti MDMA piller til salg online til den bedste pris. Vi garanterer sikker og sikker forsendelse til hele verden. Bestil MDMA i EU, kan jeg k\u00f8be MDMA online, engros MDMA online","og_url":"https:\/\/medicinasinc.com\/da\/product\/kob-gra-bugatti-mdma-piller\/","og_site_name":"Medicinas Inc","article_modified_time":"2022-03-20T00:56:08+00:00","og_image":[{"width":600,"height":600,"url":"https:\/\/medicinasinc.com\/da\/wp-content\/uploads\/sites\/8\/2022\/02\/buy-gray-bugatti-mdma-pills-online.jpg","type":"image\/jpeg"}],"twitter_card":"summary_large_image","twitter_misc":{"Est. reading time":"2 minutes"},"schema":{"@context":"https:\/\/schema.org","@graph":[{"@type":"WebPage","@id":"https:\/\/medicinasinc.com\/da\/product\/kob-gra-bugatti-mdma-piller\/","url":"https:\/\/medicinasinc.com\/da\/product\/kob-gra-bugatti-mdma-piller\/","name":"K\u00f8b Gr\u00e5 Bugatti MDMA piller - Bedste bedste globale medicin","isPartOf":{"@id":"https:\/\/medicinasinc.com\/da\/#website"},"primaryImageOfPage":{"@id":"https:\/\/medicinasinc.com\/da\/product\/kob-gra-bugatti-mdma-piller\/#primaryimage"},"image":{"@id":"https:\/\/medicinasinc.com\/da\/product\/kob-gra-bugatti-mdma-piller\/#primaryimage"},"thumbnailUrl":"https:\/\/medicinasinc.com\/da\/wp-content\/uploads\/sites\/8\/2022\/02\/buy-gray-bugatti-mdma-pills-online.jpg","datePublished":"2022-02-20T10:31:14+00:00","dateModified":"2022-03-20T00:56:08+00:00","description":"K\u00f8b Gr\u00e5 Bugatti MDMA piller til salg online til den bedste pris. Vi garanterer sikker og sikker forsendelse til hele verden. Bestil MDMA i EU, kan jeg k\u00f8be MDMA online, engros MDMA online","breadcrumb":{"@id":"https:\/\/medicinasinc.com\/da\/product\/kob-gra-bugatti-mdma-piller\/#breadcrumb"},"inLanguage":"en-US","potentialAction":[{"@type":"ReadAction","target":["https:\/\/medicinasinc.com\/da\/product\/kob-gra-bugatti-mdma-piller\/"]}]},{"@type":"ImageObject","inLanguage":"en-US","@id":"https:\/\/medicinasinc.com\/da\/product\/kob-gra-bugatti-mdma-piller\/#primaryimage","url":"https:\/\/medicinasinc.com\/da\/wp-content\/uploads\/sites\/8\/2022\/02\/buy-gray-bugatti-mdma-pills-online.jpg","contentUrl":"https:\/\/medicinasinc.com\/da\/wp-content\/uploads\/sites\/8\/2022\/02\/buy-gray-bugatti-mdma-pills-online.jpg","width":600,"height":600},{"@type":"BreadcrumbList","@id":"https:\/\/medicinasinc.com\/da\/product\/kob-gra-bugatti-mdma-piller\/#breadcrumb","itemListElement":[{"@type":"ListItem","position":1,"name":"Butik","item":"https:\/\/medicinasinc.com\/da\/butik\/"},{"@type":"ListItem","position":2,"name":"K\u00f8b Gr\u00e5 Bugatti MDMA piller"}]},{"@type":"WebSite","@id":"https:\/\/medicinasinc.com\/da\/#website","url":"https:\/\/medicinasinc.com\/da\/","name":"Medicinas Inc","description":"Health Medical Clinic","potentialAction":[{"@type":"SearchAction","target":{"@type":"EntryPoint","urlTemplate":"https:\/\/medicinasinc.com\/da\/?s={search_term_string}"},"query-input":{"@type":"PropertyValueSpecification","valueRequired":true,"valueName":"search_term_string"}}],"inLanguage":"en-US"}]}},"_links":{"self":[{"href":"https:\/\/medicinasinc.com\/da\/wp-json\/wp\/v2\/product\/4535","targetHints":{"allow":["GET"]}}],"collection":[{"href":"https:\/\/medicinasinc.com\/da\/wp-json\/wp\/v2\/product"}],"about":[{"href":"https:\/\/medicinasinc.com\/da\/wp-json\/wp\/v2\/types\/product"}],"replies":[{"embeddable":true,"href":"https:\/\/medicinasinc.com\/da\/wp-json\/wp\/v2\/comments?post=4535"}],"wp:featuredmedia":[{"embeddable":true,"href":"https:\/\/medicinasinc.com\/da\/wp-json\/wp\/v2\/media\/4558"}],"wp:attachment":[{"href":"https:\/\/medicinasinc.com\/da\/wp-json\/wp\/v2\/media?parent=4535"}],"wp:term":[{"taxonomy":"product_brand","embeddable":true,"href":"https:\/\/medicinasinc.com\/da\/wp-json\/wp\/v2\/product_brand?post=4535"},{"taxonomy":"product_cat","embeddable":true,"href":"https:\/\/medicinasinc.com\/da\/wp-json\/wp\/v2\/product_cat?post=4535"},{"taxonomy":"product_tag","embeddable":true,"href":"https:\/\/medicinasinc.com\/da\/wp-json\/wp\/v2\/product_tag?post=4535"}],"curies":[{"name":"wp","href":"https:\/\/api.w.org\/{rel}","templated":true}]}}