{"id":4534,"date":"2022-02-20T10:30:39","date_gmt":"2022-02-20T10:30:39","guid":{"rendered":"https:\/\/medicinasinc.com\/da\/?post_type=product&#038;p=4534"},"modified":"2022-03-20T00:56:16","modified_gmt":"2022-03-20T00:56:16","slug":"kob-gronne-stjerne-ecstasy-piller","status":"publish","type":"product","link":"https:\/\/medicinasinc.com\/da\/product\/kob-gronne-stjerne-ecstasy-piller\/","title":{"rendered":"K\u00f8b Green Star Ecstasy Pills"},"content":{"rendered":"<p>Ecstasy Green Star 254 mg K\u00f8b online<\/p>\n<p>Green Star ecstasy-piller til salg online.<\/p>\n<p>Ecstasy blev undfanget i 1912 som et resultat af Mercks narkoforhold. Det blev d\u00f8bt &#8220;MDMA&#8221; p\u00e5 grund af dets nye struktur. Det blev f\u00f8rste gang brugt af de amerikanske v\u00e6bnede styrker i 1953 til mentale kamppr\u00f8ver, og blev kortvarigt genindf\u00f8rt i 1960&#8217;erne som en psykoterapirecept for at &#8220;s\u00e6nke h\u00e6mninger&#8221;. 1 MDMA blev ikke brugt som l\u00e6gemiddel til sociale anliggender f\u00f8r i 1970&#8217;erne.<\/p>\n<p>I midten af \u200b\u200b1980&#8217;erne var MDMA blevet promoveret som &#8220;den mest sprudlende ting i metoden med et blik for underholdende gennem videnskab&#8221; og som &#8220;i medicin&#8221; til langvarige fester. MDMA blev stadig solgt under m\u00e6rkenavnet &#8220;Delight&#8221; i 1984, men i 1985 var medicinen blevet begr\u00e6nset p\u00e5 grund af sikkerhedsproblemer.<br \/> Ecstacy, den gr\u00f8nne stjerne, kan v\u00e6re s\u00e6rlig gavnlig for dem, der besk\u00e6ftiger sig med post-terrible presserende faktorproblemer (PTSD). Adskillige patienter er ude af stand til at diskutere de foruroligende begivenheder, der udl\u00f8ste deres problemer. If\u00f8lge denne teori kan gl\u00e6de hj\u00e6lpe individer med at konfrontere disse s\u00e5r.<\/p>\n<p>Doblin, 50, er ikke fagekspert eller efterforsker, men han har en bred tilknytning til medicin p\u00e5 grund af hans hyppige brug af det . &#8220;Det har gjort en v\u00e6sentlig forskel i mit liv,&#8221; forklarede han. Gennem \u00e5rene har han indr\u00f8mmet at have spredt budskabet om, at Rapture og forskellige hallucinogene medicin har kritiske sundhedsm\u00e6ssige konsekvenser.<br \/> Hvis du virkelig leder efter en virksomhed, der kan levere produkter af h\u00f8jeste kvalitet, er du kommet til den rigtige placere. Hos vores fond kan du v\u00e6lge de bedste varer, der vil hj\u00e6lpe dig med at opbygge din tillid og etablere et legitimt forhold til os p\u00e5 grund af den h\u00f8je kvalitet af vores produkter. Send din anmodning nu, og Green star ecstasy vil blive leveret til dit d\u00f8rtrin inden for fem hverdage.<\/p>\n","protected":false},"excerpt":{"rendered":"<p>K\u00f8b Green Star ecstasy-piller til salg i Storbritannien, Europa online. K\u00f8b Green Star ecstasy piller online fra den mest tillidsfulde mdma leverand\u00f8r, vi garanterer diskret og sikker levering<\/p>\n","protected":false},"featured_media":4557,"comment_status":"open","ping_status":"closed","template":"","meta":[],"product_brand":[],"product_cat":[498],"product_tag":[],"class_list":{"0":"post-4534","1":"product","2":"type-product","3":"status-publish","4":"has-post-thumbnail","6":"product_cat-kb-ecstasy-piller","8":"first","9":"instock","10":"shipping-taxable","11":"purchasable","12":"product-type-variable","13":"has-default-attributes"},"yoast_head":"<!-- This site is optimized with the Yoast SEO plugin v27.3 - https:\/\/yoast.com\/product\/yoast-seo-wordpress\/ -->\n<title>K\u00f8b Green Star Ecstasy Pills - Bedste bedste globale medicin<\/title>\n<meta name=\"description\" content=\"K\u00f8b Green Star ecstasy piller til salg Storbritannien, Europa Online. K\u00f8b Green Star ecstasy piller online fra den mest tillidsfulde mdma leverand\u00f8r, vi garanterer diskret og sikker levering\" \/>\n<meta name=\"robots\" content=\"index, follow, max-snippet:-1, max-image-preview:large, max-video-preview:-1\" \/>\n<link rel=\"canonical\" href=\"https:\/\/medicinasinc.com\/da\/product\/kob-gronne-stjerne-ecstasy-piller\/\" \/>\n<meta property=\"og:locale\" content=\"en_US\" \/>\n<meta property=\"og:type\" content=\"article\" \/>\n<meta property=\"og:title\" content=\"K\u00f8b Green Star Ecstasy Pills - Bedste bedste globale medicin\" \/>\n<meta property=\"og:description\" content=\"K\u00f8b Green Star ecstasy piller til salg Storbritannien, Europa Online. K\u00f8b Green Star ecstasy piller online fra den mest tillidsfulde mdma leverand\u00f8r, vi garanterer diskret og sikker levering\" \/>\n<meta property=\"og:url\" content=\"https:\/\/medicinasinc.com\/da\/product\/kob-gronne-stjerne-ecstasy-piller\/\" \/>\n<meta property=\"og:site_name\" content=\"Medicinas Inc\" \/>\n<meta property=\"article:modified_time\" content=\"2022-03-20T00:56:16+00:00\" \/>\n<meta property=\"og:image\" content=\"https:\/\/medicinasinc.com\/da\/wp-content\/uploads\/sites\/8\/2022\/02\/buy-green-star-ecstasy-pills-online.jpg\" \/>\n\t<meta property=\"og:image:width\" content=\"600\" \/>\n\t<meta property=\"og:image:height\" content=\"600\" \/>\n\t<meta property=\"og:image:type\" content=\"image\/jpeg\" \/>\n<meta name=\"twitter:card\" content=\"summary_large_image\" \/>\n<meta name=\"twitter:label1\" content=\"Est. reading time\" \/>\n\t<meta name=\"twitter:data1\" content=\"2 minutes\" \/>\n<script type=\"application\/ld+json\" class=\"yoast-schema-graph\">{\"@context\":\"https:\\\/\\\/schema.org\",\"@graph\":[{\"@type\":\"WebPage\",\"@id\":\"https:\\\/\\\/medicinasinc.com\\\/da\\\/product\\\/kob-gronne-stjerne-ecstasy-piller\\\/\",\"url\":\"https:\\\/\\\/medicinasinc.com\\\/da\\\/product\\\/kob-gronne-stjerne-ecstasy-piller\\\/\",\"name\":\"K\u00f8b Green Star Ecstasy Pills - Bedste bedste globale medicin\",\"isPartOf\":{\"@id\":\"https:\\\/\\\/medicinasinc.com\\\/da\\\/#website\"},\"primaryImageOfPage\":{\"@id\":\"https:\\\/\\\/medicinasinc.com\\\/da\\\/product\\\/kob-gronne-stjerne-ecstasy-piller\\\/#primaryimage\"},\"image\":{\"@id\":\"https:\\\/\\\/medicinasinc.com\\\/da\\\/product\\\/kob-gronne-stjerne-ecstasy-piller\\\/#primaryimage\"},\"thumbnailUrl\":\"https:\\\/\\\/medicinasinc.com\\\/da\\\/wp-content\\\/uploads\\\/sites\\\/8\\\/2022\\\/02\\\/buy-green-star-ecstasy-pills-online.jpg\",\"datePublished\":\"2022-02-20T10:30:39+00:00\",\"dateModified\":\"2022-03-20T00:56:16+00:00\",\"description\":\"K\u00f8b Green Star ecstasy piller til salg Storbritannien, Europa Online. K\u00f8b Green Star ecstasy piller online fra den mest tillidsfulde mdma leverand\u00f8r, vi garanterer diskret og sikker levering\",\"breadcrumb\":{\"@id\":\"https:\\\/\\\/medicinasinc.com\\\/da\\\/product\\\/kob-gronne-stjerne-ecstasy-piller\\\/#breadcrumb\"},\"inLanguage\":\"en-US\",\"potentialAction\":[{\"@type\":\"ReadAction\",\"target\":[\"https:\\\/\\\/medicinasinc.com\\\/da\\\/product\\\/kob-gronne-stjerne-ecstasy-piller\\\/\"]}]},{\"@type\":\"ImageObject\",\"inLanguage\":\"en-US\",\"@id\":\"https:\\\/\\\/medicinasinc.com\\\/da\\\/product\\\/kob-gronne-stjerne-ecstasy-piller\\\/#primaryimage\",\"url\":\"https:\\\/\\\/medicinasinc.com\\\/da\\\/wp-content\\\/uploads\\\/sites\\\/8\\\/2022\\\/02\\\/buy-green-star-ecstasy-pills-online.jpg\",\"contentUrl\":\"https:\\\/\\\/medicinasinc.com\\\/da\\\/wp-content\\\/uploads\\\/sites\\\/8\\\/2022\\\/02\\\/buy-green-star-ecstasy-pills-online.jpg\",\"width\":600,\"height\":600},{\"@type\":\"BreadcrumbList\",\"@id\":\"https:\\\/\\\/medicinasinc.com\\\/da\\\/product\\\/kob-gronne-stjerne-ecstasy-piller\\\/#breadcrumb\",\"itemListElement\":[{\"@type\":\"ListItem\",\"position\":1,\"name\":\"Butik\",\"item\":\"https:\\\/\\\/medicinasinc.com\\\/da\\\/butik\\\/\"},{\"@type\":\"ListItem\",\"position\":2,\"name\":\"K\u00f8b Green Star Ecstasy Pills\"}]},{\"@type\":\"WebSite\",\"@id\":\"https:\\\/\\\/medicinasinc.com\\\/da\\\/#website\",\"url\":\"https:\\\/\\\/medicinasinc.com\\\/da\\\/\",\"name\":\"Medicinas Inc\",\"description\":\"Health Medical Clinic\",\"potentialAction\":[{\"@type\":\"SearchAction\",\"target\":{\"@type\":\"EntryPoint\",\"urlTemplate\":\"https:\\\/\\\/medicinasinc.com\\\/da\\\/?s={search_term_string}\"},\"query-input\":{\"@type\":\"PropertyValueSpecification\",\"valueRequired\":true,\"valueName\":\"search_term_string\"}}],\"inLanguage\":\"en-US\"}]}<\/script>\n<!-- \/ Yoast SEO plugin. -->","yoast_head_json":{"title":"K\u00f8b Green Star Ecstasy Pills - Bedste bedste globale medicin","description":"K\u00f8b Green Star ecstasy piller til salg Storbritannien, Europa Online. K\u00f8b Green Star ecstasy piller online fra den mest tillidsfulde mdma leverand\u00f8r, vi garanterer diskret og sikker levering","robots":{"index":"index","follow":"follow","max-snippet":"max-snippet:-1","max-image-preview":"max-image-preview:large","max-video-preview":"max-video-preview:-1"},"canonical":"https:\/\/medicinasinc.com\/da\/product\/kob-gronne-stjerne-ecstasy-piller\/","og_locale":"en_US","og_type":"article","og_title":"K\u00f8b Green Star Ecstasy Pills - Bedste bedste globale medicin","og_description":"K\u00f8b Green Star ecstasy piller til salg Storbritannien, Europa Online. K\u00f8b Green Star ecstasy piller online fra den mest tillidsfulde mdma leverand\u00f8r, vi garanterer diskret og sikker levering","og_url":"https:\/\/medicinasinc.com\/da\/product\/kob-gronne-stjerne-ecstasy-piller\/","og_site_name":"Medicinas Inc","article_modified_time":"2022-03-20T00:56:16+00:00","og_image":[{"width":600,"height":600,"url":"https:\/\/medicinasinc.com\/da\/wp-content\/uploads\/sites\/8\/2022\/02\/buy-green-star-ecstasy-pills-online.jpg","type":"image\/jpeg"}],"twitter_card":"summary_large_image","twitter_misc":{"Est. reading time":"2 minutes"},"schema":{"@context":"https:\/\/schema.org","@graph":[{"@type":"WebPage","@id":"https:\/\/medicinasinc.com\/da\/product\/kob-gronne-stjerne-ecstasy-piller\/","url":"https:\/\/medicinasinc.com\/da\/product\/kob-gronne-stjerne-ecstasy-piller\/","name":"K\u00f8b Green Star Ecstasy Pills - Bedste bedste globale medicin","isPartOf":{"@id":"https:\/\/medicinasinc.com\/da\/#website"},"primaryImageOfPage":{"@id":"https:\/\/medicinasinc.com\/da\/product\/kob-gronne-stjerne-ecstasy-piller\/#primaryimage"},"image":{"@id":"https:\/\/medicinasinc.com\/da\/product\/kob-gronne-stjerne-ecstasy-piller\/#primaryimage"},"thumbnailUrl":"https:\/\/medicinasinc.com\/da\/wp-content\/uploads\/sites\/8\/2022\/02\/buy-green-star-ecstasy-pills-online.jpg","datePublished":"2022-02-20T10:30:39+00:00","dateModified":"2022-03-20T00:56:16+00:00","description":"K\u00f8b Green Star ecstasy piller til salg Storbritannien, Europa Online. K\u00f8b Green Star ecstasy piller online fra den mest tillidsfulde mdma leverand\u00f8r, vi garanterer diskret og sikker levering","breadcrumb":{"@id":"https:\/\/medicinasinc.com\/da\/product\/kob-gronne-stjerne-ecstasy-piller\/#breadcrumb"},"inLanguage":"en-US","potentialAction":[{"@type":"ReadAction","target":["https:\/\/medicinasinc.com\/da\/product\/kob-gronne-stjerne-ecstasy-piller\/"]}]},{"@type":"ImageObject","inLanguage":"en-US","@id":"https:\/\/medicinasinc.com\/da\/product\/kob-gronne-stjerne-ecstasy-piller\/#primaryimage","url":"https:\/\/medicinasinc.com\/da\/wp-content\/uploads\/sites\/8\/2022\/02\/buy-green-star-ecstasy-pills-online.jpg","contentUrl":"https:\/\/medicinasinc.com\/da\/wp-content\/uploads\/sites\/8\/2022\/02\/buy-green-star-ecstasy-pills-online.jpg","width":600,"height":600},{"@type":"BreadcrumbList","@id":"https:\/\/medicinasinc.com\/da\/product\/kob-gronne-stjerne-ecstasy-piller\/#breadcrumb","itemListElement":[{"@type":"ListItem","position":1,"name":"Butik","item":"https:\/\/medicinasinc.com\/da\/butik\/"},{"@type":"ListItem","position":2,"name":"K\u00f8b Green Star Ecstasy Pills"}]},{"@type":"WebSite","@id":"https:\/\/medicinasinc.com\/da\/#website","url":"https:\/\/medicinasinc.com\/da\/","name":"Medicinas Inc","description":"Health Medical Clinic","potentialAction":[{"@type":"SearchAction","target":{"@type":"EntryPoint","urlTemplate":"https:\/\/medicinasinc.com\/da\/?s={search_term_string}"},"query-input":{"@type":"PropertyValueSpecification","valueRequired":true,"valueName":"search_term_string"}}],"inLanguage":"en-US"}]}},"_links":{"self":[{"href":"https:\/\/medicinasinc.com\/da\/wp-json\/wp\/v2\/product\/4534","targetHints":{"allow":["GET"]}}],"collection":[{"href":"https:\/\/medicinasinc.com\/da\/wp-json\/wp\/v2\/product"}],"about":[{"href":"https:\/\/medicinasinc.com\/da\/wp-json\/wp\/v2\/types\/product"}],"replies":[{"embeddable":true,"href":"https:\/\/medicinasinc.com\/da\/wp-json\/wp\/v2\/comments?post=4534"}],"wp:featuredmedia":[{"embeddable":true,"href":"https:\/\/medicinasinc.com\/da\/wp-json\/wp\/v2\/media\/4557"}],"wp:attachment":[{"href":"https:\/\/medicinasinc.com\/da\/wp-json\/wp\/v2\/media?parent=4534"}],"wp:term":[{"taxonomy":"product_brand","embeddable":true,"href":"https:\/\/medicinasinc.com\/da\/wp-json\/wp\/v2\/product_brand?post=4534"},{"taxonomy":"product_cat","embeddable":true,"href":"https:\/\/medicinasinc.com\/da\/wp-json\/wp\/v2\/product_cat?post=4534"},{"taxonomy":"product_tag","embeddable":true,"href":"https:\/\/medicinasinc.com\/da\/wp-json\/wp\/v2\/product_tag?post=4534"}],"curies":[{"name":"wp","href":"https:\/\/api.w.org\/{rel}","templated":true}]}}