{"id":4479,"date":"2022-02-20T09:44:15","date_gmt":"2022-02-20T09:44:15","guid":{"rendered":"https:\/\/medicinasinc.com\/da\/?post_type=product&#038;p=4479"},"modified":"2022-03-20T00:57:01","modified_gmt":"2022-03-20T00:57:01","slug":"kob-bla-delfin-ecstasy-piller","status":"publish","type":"product","link":"https:\/\/medicinasinc.com\/da\/product\/kob-bla-delfin-ecstasy-piller\/","title":{"rendered":"K\u00f8b Blue Dolphin Ecstasy Pills"},"content":{"rendered":"<p>K\u00f8b Blue Dolphin 295 mg ecstasy-piller online.<\/p>\n<p>Blue Dolphin Substance<\/p>\n<p>Ecstasy blev opfundet i 1912 af Merck-narkotikaforholdet. Det blev d\u00f8bt &#8220;MDMA&#8221; p\u00e5 grund af dets nye struktur. Det blev f\u00f8rste gang brugt af de amerikanske v\u00e6bnede styrker i 1953 til mentale engagementstests og vendte tilbage kort i 1960&#8217;erne som en psykoterapil\u00f8sning til &#8220;lavere h\u00e6mninger&#8221;. 1 MDMA blev ikke brugt som samlingsrecept f\u00f8r i 1970&#8217;erne.<\/p>\n<p>I midten af \u200b\u200b1980&#8217;erne blev MDMA promoveret som &#8220;den mest skummende ting i teknikken med missionen om at gl\u00e6de folk gennem videnskab&#8221; og &#8220;i l\u00f8sning&#8221; til langvarige fester. MDMA var stadig bredt tilg\u00e6ngeligt i 1984 under m\u00e6rkenavnet &#8220;Joy&#8221;, men i 1985 var medicinen blevet begr\u00e6nset p\u00e5 grund af sikkerhedsproblemer.<br \/> Medicin til bl\u00e5 delfiner kan v\u00e6re s\u00e6rligt gavnligt for personer, der oplever problemer med knusningskomponenter efter bed\u00f8velse ( PTSD). Adskillige patienter er ude af stand til at diskutere de farlige h\u00e6ndelser, der udl\u00f8ste deres problemer. Opfyldelse, spekuleres det, kan hj\u00e6lpe individer med at forst\u00f8rre disse s\u00e5r.<\/p>\n<p>Ecstasy of the Blue Dolphin<\/p>\n<p>Doblin, 50, er autentisk ikke en forberedt evne eller en monitor; dog har han et omfattende ansvar for stoffer, efter at have indtaget dem ved adskillige lejligheder. &#8220;Det har gjort en v\u00e6sentlig forskel i mit liv,&#8221; forklarede han. I l\u00f8bet af de sidste par \u00e5r har han investeret i at sprede budskabet om, at Joy og andre energigivende stoffer har grundl\u00e6ggende succes under ideelle forhold.<br \/> Hvis du virkelig s\u00f8ger efter et tilh\u00f8rsforhold, der kan give dig varer af den bedste kvalitet, har du komme til det rigtige sted. Hos vores fond kan du v\u00e6lge de bedste varer, der vil hj\u00e6lpe dig med at opbygge din tillid og etablere et fornuftigt forhold til os p\u00e5 grund af muligheden for vores varer. Placer din ordre nu og modtag Blue Dolphin ecstasy ved dit d\u00f8rtrin inden for fem hverdage. Ecstacy, den bl\u00e5 delfin<\/p>\n<p>Ecstacy blev udviklet af Merck-l\u00e6gemiddelforholdet i 1912. Det blev d\u00f8bt &#8220;MDMA&#8221; p\u00e5 grund af dets nye struktur. Det blev f\u00f8rste gang brugt af de amerikanske v\u00e6bnede styrker i 1953 til mentale engagementstests og vendte tilbage kort i 1960&#8217;erne som en psykoterapil\u00f8sning til &#8220;lavere h\u00e6mninger&#8221;. 1 MDMA blev ikke brugt som samlingsrecept f\u00f8r i 1970&#8217;erne.<\/p>\n<p>I midten af \u200b\u200b1980&#8217;erne blev MDMA promoveret som &#8220;den mest skummende ting i teknikken med missionen om at gl\u00e6de folk gennem videnskab&#8221; og &#8220;i l\u00f8sning&#8221; til langvarige fester. MDMA var stadig bredt tilg\u00e6ngeligt i 1984 under m\u00e6rkenavnet &#8220;Joy&#8221;, men i 1985 var medicinen blevet begr\u00e6nset p\u00e5 grund af sikkerhedsproblemer.<\/p>\n<p>bl\u00e5 delfin-ecstasy, bl\u00e5 delfin-medicin, bl\u00e5 delfin-ecstasy<\/p>\n<table>\n<tbody>\n<tr>\n<th><span style=\"font-weight: 400\">Farve:<\/span><\/th>\n<td>Bl\u00e5<\/td>\n<\/tr>\n<tr>\n<th><span style=\"font-weight: 400\">St\u00f8rrelse:<\/span><\/th>\n<td>295 mg<\/td>\n<\/tr>\n<\/tbody>\n<\/table>\n","protected":false},"excerpt":{"rendered":"<p>K\u00f8b ecstasy-piller online. K\u00f8b Blue Dolphin ecstasy piller til salg uk, europa til fremragende priser fra os. Emballering udf\u00f8res af fagfolk og levering er 100 % garanteret.<\/p>\n","protected":false},"featured_media":4516,"comment_status":"open","ping_status":"closed","template":"","meta":[],"product_brand":[],"product_cat":[498],"product_tag":[],"class_list":{"0":"post-4479","1":"product","2":"type-product","3":"status-publish","4":"has-post-thumbnail","6":"product_cat-kb-ecstasy-piller","8":"first","9":"instock","10":"shipping-taxable","11":"purchasable","12":"product-type-variable","13":"has-default-attributes"},"yoast_head":"<!-- This site is optimized with the Yoast SEO plugin v27.3 - https:\/\/yoast.com\/product\/yoast-seo-wordpress\/ -->\n<title>K\u00f8b Blue Dolphin Ecstasy Pills Online - Bedste bedste globale medicin<\/title>\n<meta name=\"description\" content=\"K\u00f8b ecstasy-piller online. K\u00f8b Blue Dolphin ecstasy piller til salg uk, europa til fremragende priser fra os. Emballering udf\u00f8res af fagfolk og levering er 100% garanteret.\" \/>\n<meta name=\"robots\" content=\"index, follow, max-snippet:-1, max-image-preview:large, max-video-preview:-1\" \/>\n<link rel=\"canonical\" href=\"https:\/\/medicinasinc.com\/da\/product\/kob-bla-delfin-ecstasy-piller\/\" \/>\n<meta property=\"og:locale\" content=\"en_US\" \/>\n<meta property=\"og:type\" content=\"article\" \/>\n<meta property=\"og:title\" content=\"K\u00f8b Blue Dolphin Ecstasy Pills Online - Bedste bedste globale medicin\" \/>\n<meta property=\"og:description\" content=\"K\u00f8b ecstasy-piller online. K\u00f8b Blue Dolphin ecstasy piller til salg uk, europa til fremragende priser fra os. Emballering udf\u00f8res af fagfolk og levering er 100% garanteret.\" \/>\n<meta property=\"og:url\" content=\"https:\/\/medicinasinc.com\/da\/product\/kob-bla-delfin-ecstasy-piller\/\" \/>\n<meta property=\"og:site_name\" content=\"Medicinas Inc\" \/>\n<meta property=\"article:modified_time\" content=\"2022-03-20T00:57:01+00:00\" \/>\n<meta property=\"og:image\" content=\"https:\/\/medicinasinc.com\/da\/wp-content\/uploads\/sites\/8\/2022\/02\/buy-blue-dolphin-ecstasy-pills-online.jpg\" \/>\n\t<meta property=\"og:image:width\" content=\"600\" \/>\n\t<meta property=\"og:image:height\" content=\"600\" \/>\n\t<meta property=\"og:image:type\" content=\"image\/jpeg\" \/>\n<meta name=\"twitter:card\" content=\"summary_large_image\" \/>\n<meta name=\"twitter:label1\" content=\"Est. reading time\" \/>\n\t<meta name=\"twitter:data1\" content=\"2 minutes\" \/>\n<script type=\"application\/ld+json\" class=\"yoast-schema-graph\">{\"@context\":\"https:\\\/\\\/schema.org\",\"@graph\":[{\"@type\":\"WebPage\",\"@id\":\"https:\\\/\\\/medicinasinc.com\\\/da\\\/product\\\/kob-bla-delfin-ecstasy-piller\\\/\",\"url\":\"https:\\\/\\\/medicinasinc.com\\\/da\\\/product\\\/kob-bla-delfin-ecstasy-piller\\\/\",\"name\":\"K\u00f8b Blue Dolphin Ecstasy Pills Online - Bedste bedste globale medicin\",\"isPartOf\":{\"@id\":\"https:\\\/\\\/medicinasinc.com\\\/da\\\/#website\"},\"primaryImageOfPage\":{\"@id\":\"https:\\\/\\\/medicinasinc.com\\\/da\\\/product\\\/kob-bla-delfin-ecstasy-piller\\\/#primaryimage\"},\"image\":{\"@id\":\"https:\\\/\\\/medicinasinc.com\\\/da\\\/product\\\/kob-bla-delfin-ecstasy-piller\\\/#primaryimage\"},\"thumbnailUrl\":\"https:\\\/\\\/medicinasinc.com\\\/da\\\/wp-content\\\/uploads\\\/sites\\\/8\\\/2022\\\/02\\\/buy-blue-dolphin-ecstasy-pills-online.jpg\",\"datePublished\":\"2022-02-20T09:44:15+00:00\",\"dateModified\":\"2022-03-20T00:57:01+00:00\",\"description\":\"K\u00f8b ecstasy-piller online. K\u00f8b Blue Dolphin ecstasy piller til salg uk, europa til fremragende priser fra os. Emballering udf\u00f8res af fagfolk og levering er 100% garanteret.\",\"breadcrumb\":{\"@id\":\"https:\\\/\\\/medicinasinc.com\\\/da\\\/product\\\/kob-bla-delfin-ecstasy-piller\\\/#breadcrumb\"},\"inLanguage\":\"en-US\",\"potentialAction\":[{\"@type\":\"ReadAction\",\"target\":[\"https:\\\/\\\/medicinasinc.com\\\/da\\\/product\\\/kob-bla-delfin-ecstasy-piller\\\/\"]}]},{\"@type\":\"ImageObject\",\"inLanguage\":\"en-US\",\"@id\":\"https:\\\/\\\/medicinasinc.com\\\/da\\\/product\\\/kob-bla-delfin-ecstasy-piller\\\/#primaryimage\",\"url\":\"https:\\\/\\\/medicinasinc.com\\\/da\\\/wp-content\\\/uploads\\\/sites\\\/8\\\/2022\\\/02\\\/buy-blue-dolphin-ecstasy-pills-online.jpg\",\"contentUrl\":\"https:\\\/\\\/medicinasinc.com\\\/da\\\/wp-content\\\/uploads\\\/sites\\\/8\\\/2022\\\/02\\\/buy-blue-dolphin-ecstasy-pills-online.jpg\",\"width\":600,\"height\":600},{\"@type\":\"BreadcrumbList\",\"@id\":\"https:\\\/\\\/medicinasinc.com\\\/da\\\/product\\\/kob-bla-delfin-ecstasy-piller\\\/#breadcrumb\",\"itemListElement\":[{\"@type\":\"ListItem\",\"position\":1,\"name\":\"Butik\",\"item\":\"https:\\\/\\\/medicinasinc.com\\\/da\\\/butik\\\/\"},{\"@type\":\"ListItem\",\"position\":2,\"name\":\"K\u00f8b Blue Dolphin Ecstasy Pills\"}]},{\"@type\":\"WebSite\",\"@id\":\"https:\\\/\\\/medicinasinc.com\\\/da\\\/#website\",\"url\":\"https:\\\/\\\/medicinasinc.com\\\/da\\\/\",\"name\":\"Medicinas Inc\",\"description\":\"Health Medical Clinic\",\"potentialAction\":[{\"@type\":\"SearchAction\",\"target\":{\"@type\":\"EntryPoint\",\"urlTemplate\":\"https:\\\/\\\/medicinasinc.com\\\/da\\\/?s={search_term_string}\"},\"query-input\":{\"@type\":\"PropertyValueSpecification\",\"valueRequired\":true,\"valueName\":\"search_term_string\"}}],\"inLanguage\":\"en-US\"}]}<\/script>\n<!-- \/ Yoast SEO plugin. -->","yoast_head_json":{"title":"K\u00f8b Blue Dolphin Ecstasy Pills Online - Bedste bedste globale medicin","description":"K\u00f8b ecstasy-piller online. K\u00f8b Blue Dolphin ecstasy piller til salg uk, europa til fremragende priser fra os. Emballering udf\u00f8res af fagfolk og levering er 100% garanteret.","robots":{"index":"index","follow":"follow","max-snippet":"max-snippet:-1","max-image-preview":"max-image-preview:large","max-video-preview":"max-video-preview:-1"},"canonical":"https:\/\/medicinasinc.com\/da\/product\/kob-bla-delfin-ecstasy-piller\/","og_locale":"en_US","og_type":"article","og_title":"K\u00f8b Blue Dolphin Ecstasy Pills Online - Bedste bedste globale medicin","og_description":"K\u00f8b ecstasy-piller online. K\u00f8b Blue Dolphin ecstasy piller til salg uk, europa til fremragende priser fra os. Emballering udf\u00f8res af fagfolk og levering er 100% garanteret.","og_url":"https:\/\/medicinasinc.com\/da\/product\/kob-bla-delfin-ecstasy-piller\/","og_site_name":"Medicinas Inc","article_modified_time":"2022-03-20T00:57:01+00:00","og_image":[{"width":600,"height":600,"url":"https:\/\/medicinasinc.com\/da\/wp-content\/uploads\/sites\/8\/2022\/02\/buy-blue-dolphin-ecstasy-pills-online.jpg","type":"image\/jpeg"}],"twitter_card":"summary_large_image","twitter_misc":{"Est. reading time":"2 minutes"},"schema":{"@context":"https:\/\/schema.org","@graph":[{"@type":"WebPage","@id":"https:\/\/medicinasinc.com\/da\/product\/kob-bla-delfin-ecstasy-piller\/","url":"https:\/\/medicinasinc.com\/da\/product\/kob-bla-delfin-ecstasy-piller\/","name":"K\u00f8b Blue Dolphin Ecstasy Pills Online - Bedste bedste globale medicin","isPartOf":{"@id":"https:\/\/medicinasinc.com\/da\/#website"},"primaryImageOfPage":{"@id":"https:\/\/medicinasinc.com\/da\/product\/kob-bla-delfin-ecstasy-piller\/#primaryimage"},"image":{"@id":"https:\/\/medicinasinc.com\/da\/product\/kob-bla-delfin-ecstasy-piller\/#primaryimage"},"thumbnailUrl":"https:\/\/medicinasinc.com\/da\/wp-content\/uploads\/sites\/8\/2022\/02\/buy-blue-dolphin-ecstasy-pills-online.jpg","datePublished":"2022-02-20T09:44:15+00:00","dateModified":"2022-03-20T00:57:01+00:00","description":"K\u00f8b ecstasy-piller online. K\u00f8b Blue Dolphin ecstasy piller til salg uk, europa til fremragende priser fra os. Emballering udf\u00f8res af fagfolk og levering er 100% garanteret.","breadcrumb":{"@id":"https:\/\/medicinasinc.com\/da\/product\/kob-bla-delfin-ecstasy-piller\/#breadcrumb"},"inLanguage":"en-US","potentialAction":[{"@type":"ReadAction","target":["https:\/\/medicinasinc.com\/da\/product\/kob-bla-delfin-ecstasy-piller\/"]}]},{"@type":"ImageObject","inLanguage":"en-US","@id":"https:\/\/medicinasinc.com\/da\/product\/kob-bla-delfin-ecstasy-piller\/#primaryimage","url":"https:\/\/medicinasinc.com\/da\/wp-content\/uploads\/sites\/8\/2022\/02\/buy-blue-dolphin-ecstasy-pills-online.jpg","contentUrl":"https:\/\/medicinasinc.com\/da\/wp-content\/uploads\/sites\/8\/2022\/02\/buy-blue-dolphin-ecstasy-pills-online.jpg","width":600,"height":600},{"@type":"BreadcrumbList","@id":"https:\/\/medicinasinc.com\/da\/product\/kob-bla-delfin-ecstasy-piller\/#breadcrumb","itemListElement":[{"@type":"ListItem","position":1,"name":"Butik","item":"https:\/\/medicinasinc.com\/da\/butik\/"},{"@type":"ListItem","position":2,"name":"K\u00f8b Blue Dolphin Ecstasy Pills"}]},{"@type":"WebSite","@id":"https:\/\/medicinasinc.com\/da\/#website","url":"https:\/\/medicinasinc.com\/da\/","name":"Medicinas Inc","description":"Health Medical Clinic","potentialAction":[{"@type":"SearchAction","target":{"@type":"EntryPoint","urlTemplate":"https:\/\/medicinasinc.com\/da\/?s={search_term_string}"},"query-input":{"@type":"PropertyValueSpecification","valueRequired":true,"valueName":"search_term_string"}}],"inLanguage":"en-US"}]}},"_links":{"self":[{"href":"https:\/\/medicinasinc.com\/da\/wp-json\/wp\/v2\/product\/4479","targetHints":{"allow":["GET"]}}],"collection":[{"href":"https:\/\/medicinasinc.com\/da\/wp-json\/wp\/v2\/product"}],"about":[{"href":"https:\/\/medicinasinc.com\/da\/wp-json\/wp\/v2\/types\/product"}],"replies":[{"embeddable":true,"href":"https:\/\/medicinasinc.com\/da\/wp-json\/wp\/v2\/comments?post=4479"}],"wp:featuredmedia":[{"embeddable":true,"href":"https:\/\/medicinasinc.com\/da\/wp-json\/wp\/v2\/media\/4516"}],"wp:attachment":[{"href":"https:\/\/medicinasinc.com\/da\/wp-json\/wp\/v2\/media?parent=4479"}],"wp:term":[{"taxonomy":"product_brand","embeddable":true,"href":"https:\/\/medicinasinc.com\/da\/wp-json\/wp\/v2\/product_brand?post=4479"},{"taxonomy":"product_cat","embeddable":true,"href":"https:\/\/medicinasinc.com\/da\/wp-json\/wp\/v2\/product_cat?post=4479"},{"taxonomy":"product_tag","embeddable":true,"href":"https:\/\/medicinasinc.com\/da\/wp-json\/wp\/v2\/product_tag?post=4479"}],"curies":[{"name":"wp","href":"https:\/\/api.w.org\/{rel}","templated":true}]}}