{"id":4458,"date":"2022-02-20T09:30:17","date_gmt":"2022-02-20T09:30:17","guid":{"rendered":"https:\/\/medicinasinc.com\/da\/?post_type=product&#038;p=4458"},"modified":"2022-03-20T00:57:45","modified_gmt":"2022-03-20T00:57:45","slug":"kob-ketof-hostesaft","status":"publish","type":"product","link":"https:\/\/medicinasinc.com\/da\/product\/kob-ketof-hostesaft\/","title":{"rendered":"K\u00f8b Ketof Hostesirup"},"content":{"rendered":"<h1>K\u00f8b Keto-hostesirup online<\/h1>\n<p>K\u00f8b Keto-hostesirup online. Du kan ogs\u00e5 k\u00f8be heroin online til billige priser. Vi har en bred vifte af narkotika til r\u00e5dighed her til salg som kokain, crystal meth og mange flere.<\/p>\n","protected":false},"excerpt":{"rendered":"<p>K\u00f8b Ketof Hostesirup til salg i Storbritannien, Europa online. Aktive ingredienser: Ketotifen. Vi tilbyder s\u00e6rlige rabatter p\u00e5 engrosordrer. Bem\u00e6rk, at vi ogs\u00e5 gratis fragt, n\u00e5r du dette produkt og ogs\u00e5 actavis til salg.<\/p>\n","protected":false},"featured_media":4493,"comment_status":"open","ping_status":"closed","template":"","meta":[],"product_brand":[],"product_cat":[497],"product_tag":[],"class_list":{"0":"post-4458","1":"product","2":"type-product","3":"status-publish","4":"has-post-thumbnail","6":"product_cat-k-c3-b8b-hostesaft","8":"first","9":"instock","10":"shipping-taxable","11":"purchasable","12":"product-type-variable","13":"has-default-attributes"},"yoast_head":"<!-- This site is optimized with the Yoast SEO plugin v27.3 - https:\/\/yoast.com\/product\/yoast-seo-wordpress\/ -->\n<title>K\u00f8b Ketof Hostesirup - Bedste bedste globale medicin<\/title>\n<meta name=\"description\" content=\"K\u00f8b Ketof Hostesirup til salg UK, Europa online. Aktive ingredienser: Ketotifen. Vi tilbyder s\u00e6rlige rabatter p\u00e5 engrosordrer. Bem\u00e6rk, at vi ogs\u00e5 fri fragt, n\u00e5r du dette produkt og ogs\u00e5 actavis til salg.\" \/>\n<meta name=\"robots\" content=\"index, follow, max-snippet:-1, max-image-preview:large, max-video-preview:-1\" \/>\n<link rel=\"canonical\" href=\"https:\/\/medicinasinc.com\/da\/product\/kob-ketof-hostesaft\/\" \/>\n<meta property=\"og:locale\" content=\"en_US\" \/>\n<meta property=\"og:type\" content=\"article\" \/>\n<meta property=\"og:title\" content=\"K\u00f8b Ketof Hostesirup - Bedste bedste globale medicin\" \/>\n<meta property=\"og:description\" content=\"K\u00f8b Ketof Hostesirup til salg UK, Europa online. Aktive ingredienser: Ketotifen. Vi tilbyder s\u00e6rlige rabatter p\u00e5 engrosordrer. Bem\u00e6rk, at vi ogs\u00e5 fri fragt, n\u00e5r du dette produkt og ogs\u00e5 actavis til salg.\" \/>\n<meta property=\"og:url\" content=\"https:\/\/medicinasinc.com\/da\/product\/kob-ketof-hostesaft\/\" \/>\n<meta property=\"og:site_name\" content=\"Medicinas Inc\" \/>\n<meta property=\"article:modified_time\" content=\"2022-03-20T00:57:45+00:00\" \/>\n<meta property=\"og:image\" content=\"https:\/\/medicinasinc.com\/da\/wp-content\/uploads\/sites\/8\/2022\/02\/buy-ketof-cough-syrup-online.jpg\" \/>\n\t<meta property=\"og:image:width\" content=\"600\" \/>\n\t<meta property=\"og:image:height\" content=\"600\" \/>\n\t<meta property=\"og:image:type\" content=\"image\/jpeg\" \/>\n<meta name=\"twitter:card\" content=\"summary_large_image\" \/>\n<meta name=\"twitter:label1\" content=\"Est. reading time\" \/>\n\t<meta name=\"twitter:data1\" content=\"1 minute\" \/>\n<script type=\"application\/ld+json\" class=\"yoast-schema-graph\">{\"@context\":\"https:\\\/\\\/schema.org\",\"@graph\":[{\"@type\":\"WebPage\",\"@id\":\"https:\\\/\\\/medicinasinc.com\\\/da\\\/product\\\/kob-ketof-hostesaft\\\/\",\"url\":\"https:\\\/\\\/medicinasinc.com\\\/da\\\/product\\\/kob-ketof-hostesaft\\\/\",\"name\":\"K\u00f8b Ketof Hostesirup - Bedste bedste globale medicin\",\"isPartOf\":{\"@id\":\"https:\\\/\\\/medicinasinc.com\\\/da\\\/#website\"},\"primaryImageOfPage\":{\"@id\":\"https:\\\/\\\/medicinasinc.com\\\/da\\\/product\\\/kob-ketof-hostesaft\\\/#primaryimage\"},\"image\":{\"@id\":\"https:\\\/\\\/medicinasinc.com\\\/da\\\/product\\\/kob-ketof-hostesaft\\\/#primaryimage\"},\"thumbnailUrl\":\"https:\\\/\\\/medicinasinc.com\\\/da\\\/wp-content\\\/uploads\\\/sites\\\/8\\\/2022\\\/02\\\/buy-ketof-cough-syrup-online.jpg\",\"datePublished\":\"2022-02-20T09:30:17+00:00\",\"dateModified\":\"2022-03-20T00:57:45+00:00\",\"description\":\"K\u00f8b Ketof Hostesirup til salg UK, Europa online. Aktive ingredienser: Ketotifen. Vi tilbyder s\u00e6rlige rabatter p\u00e5 engrosordrer. Bem\u00e6rk, at vi ogs\u00e5 fri fragt, n\u00e5r du dette produkt og ogs\u00e5 actavis til salg.\",\"breadcrumb\":{\"@id\":\"https:\\\/\\\/medicinasinc.com\\\/da\\\/product\\\/kob-ketof-hostesaft\\\/#breadcrumb\"},\"inLanguage\":\"en-US\",\"potentialAction\":[{\"@type\":\"ReadAction\",\"target\":[\"https:\\\/\\\/medicinasinc.com\\\/da\\\/product\\\/kob-ketof-hostesaft\\\/\"]}]},{\"@type\":\"ImageObject\",\"inLanguage\":\"en-US\",\"@id\":\"https:\\\/\\\/medicinasinc.com\\\/da\\\/product\\\/kob-ketof-hostesaft\\\/#primaryimage\",\"url\":\"https:\\\/\\\/medicinasinc.com\\\/da\\\/wp-content\\\/uploads\\\/sites\\\/8\\\/2022\\\/02\\\/buy-ketof-cough-syrup-online.jpg\",\"contentUrl\":\"https:\\\/\\\/medicinasinc.com\\\/da\\\/wp-content\\\/uploads\\\/sites\\\/8\\\/2022\\\/02\\\/buy-ketof-cough-syrup-online.jpg\",\"width\":600,\"height\":600},{\"@type\":\"BreadcrumbList\",\"@id\":\"https:\\\/\\\/medicinasinc.com\\\/da\\\/product\\\/kob-ketof-hostesaft\\\/#breadcrumb\",\"itemListElement\":[{\"@type\":\"ListItem\",\"position\":1,\"name\":\"Butik\",\"item\":\"https:\\\/\\\/medicinasinc.com\\\/da\\\/butik\\\/\"},{\"@type\":\"ListItem\",\"position\":2,\"name\":\"K\u00f8b Ketof Hostesirup\"}]},{\"@type\":\"WebSite\",\"@id\":\"https:\\\/\\\/medicinasinc.com\\\/da\\\/#website\",\"url\":\"https:\\\/\\\/medicinasinc.com\\\/da\\\/\",\"name\":\"Medicinas Inc\",\"description\":\"Health Medical Clinic\",\"potentialAction\":[{\"@type\":\"SearchAction\",\"target\":{\"@type\":\"EntryPoint\",\"urlTemplate\":\"https:\\\/\\\/medicinasinc.com\\\/da\\\/?s={search_term_string}\"},\"query-input\":{\"@type\":\"PropertyValueSpecification\",\"valueRequired\":true,\"valueName\":\"search_term_string\"}}],\"inLanguage\":\"en-US\"}]}<\/script>\n<!-- \/ Yoast SEO plugin. -->","yoast_head_json":{"title":"K\u00f8b Ketof Hostesirup - Bedste bedste globale medicin","description":"K\u00f8b Ketof Hostesirup til salg UK, Europa online. Aktive ingredienser: Ketotifen. Vi tilbyder s\u00e6rlige rabatter p\u00e5 engrosordrer. Bem\u00e6rk, at vi ogs\u00e5 fri fragt, n\u00e5r du dette produkt og ogs\u00e5 actavis til salg.","robots":{"index":"index","follow":"follow","max-snippet":"max-snippet:-1","max-image-preview":"max-image-preview:large","max-video-preview":"max-video-preview:-1"},"canonical":"https:\/\/medicinasinc.com\/da\/product\/kob-ketof-hostesaft\/","og_locale":"en_US","og_type":"article","og_title":"K\u00f8b Ketof Hostesirup - Bedste bedste globale medicin","og_description":"K\u00f8b Ketof Hostesirup til salg UK, Europa online. Aktive ingredienser: Ketotifen. Vi tilbyder s\u00e6rlige rabatter p\u00e5 engrosordrer. Bem\u00e6rk, at vi ogs\u00e5 fri fragt, n\u00e5r du dette produkt og ogs\u00e5 actavis til salg.","og_url":"https:\/\/medicinasinc.com\/da\/product\/kob-ketof-hostesaft\/","og_site_name":"Medicinas Inc","article_modified_time":"2022-03-20T00:57:45+00:00","og_image":[{"width":600,"height":600,"url":"https:\/\/medicinasinc.com\/da\/wp-content\/uploads\/sites\/8\/2022\/02\/buy-ketof-cough-syrup-online.jpg","type":"image\/jpeg"}],"twitter_card":"summary_large_image","twitter_misc":{"Est. reading time":"1 minute"},"schema":{"@context":"https:\/\/schema.org","@graph":[{"@type":"WebPage","@id":"https:\/\/medicinasinc.com\/da\/product\/kob-ketof-hostesaft\/","url":"https:\/\/medicinasinc.com\/da\/product\/kob-ketof-hostesaft\/","name":"K\u00f8b Ketof Hostesirup - Bedste bedste globale medicin","isPartOf":{"@id":"https:\/\/medicinasinc.com\/da\/#website"},"primaryImageOfPage":{"@id":"https:\/\/medicinasinc.com\/da\/product\/kob-ketof-hostesaft\/#primaryimage"},"image":{"@id":"https:\/\/medicinasinc.com\/da\/product\/kob-ketof-hostesaft\/#primaryimage"},"thumbnailUrl":"https:\/\/medicinasinc.com\/da\/wp-content\/uploads\/sites\/8\/2022\/02\/buy-ketof-cough-syrup-online.jpg","datePublished":"2022-02-20T09:30:17+00:00","dateModified":"2022-03-20T00:57:45+00:00","description":"K\u00f8b Ketof Hostesirup til salg UK, Europa online. Aktive ingredienser: Ketotifen. Vi tilbyder s\u00e6rlige rabatter p\u00e5 engrosordrer. Bem\u00e6rk, at vi ogs\u00e5 fri fragt, n\u00e5r du dette produkt og ogs\u00e5 actavis til salg.","breadcrumb":{"@id":"https:\/\/medicinasinc.com\/da\/product\/kob-ketof-hostesaft\/#breadcrumb"},"inLanguage":"en-US","potentialAction":[{"@type":"ReadAction","target":["https:\/\/medicinasinc.com\/da\/product\/kob-ketof-hostesaft\/"]}]},{"@type":"ImageObject","inLanguage":"en-US","@id":"https:\/\/medicinasinc.com\/da\/product\/kob-ketof-hostesaft\/#primaryimage","url":"https:\/\/medicinasinc.com\/da\/wp-content\/uploads\/sites\/8\/2022\/02\/buy-ketof-cough-syrup-online.jpg","contentUrl":"https:\/\/medicinasinc.com\/da\/wp-content\/uploads\/sites\/8\/2022\/02\/buy-ketof-cough-syrup-online.jpg","width":600,"height":600},{"@type":"BreadcrumbList","@id":"https:\/\/medicinasinc.com\/da\/product\/kob-ketof-hostesaft\/#breadcrumb","itemListElement":[{"@type":"ListItem","position":1,"name":"Butik","item":"https:\/\/medicinasinc.com\/da\/butik\/"},{"@type":"ListItem","position":2,"name":"K\u00f8b Ketof Hostesirup"}]},{"@type":"WebSite","@id":"https:\/\/medicinasinc.com\/da\/#website","url":"https:\/\/medicinasinc.com\/da\/","name":"Medicinas Inc","description":"Health Medical Clinic","potentialAction":[{"@type":"SearchAction","target":{"@type":"EntryPoint","urlTemplate":"https:\/\/medicinasinc.com\/da\/?s={search_term_string}"},"query-input":{"@type":"PropertyValueSpecification","valueRequired":true,"valueName":"search_term_string"}}],"inLanguage":"en-US"}]}},"_links":{"self":[{"href":"https:\/\/medicinasinc.com\/da\/wp-json\/wp\/v2\/product\/4458","targetHints":{"allow":["GET"]}}],"collection":[{"href":"https:\/\/medicinasinc.com\/da\/wp-json\/wp\/v2\/product"}],"about":[{"href":"https:\/\/medicinasinc.com\/da\/wp-json\/wp\/v2\/types\/product"}],"replies":[{"embeddable":true,"href":"https:\/\/medicinasinc.com\/da\/wp-json\/wp\/v2\/comments?post=4458"}],"wp:featuredmedia":[{"embeddable":true,"href":"https:\/\/medicinasinc.com\/da\/wp-json\/wp\/v2\/media\/4493"}],"wp:attachment":[{"href":"https:\/\/medicinasinc.com\/da\/wp-json\/wp\/v2\/media?parent=4458"}],"wp:term":[{"taxonomy":"product_brand","embeddable":true,"href":"https:\/\/medicinasinc.com\/da\/wp-json\/wp\/v2\/product_brand?post=4458"},{"taxonomy":"product_cat","embeddable":true,"href":"https:\/\/medicinasinc.com\/da\/wp-json\/wp\/v2\/product_cat?post=4458"},{"taxonomy":"product_tag","embeddable":true,"href":"https:\/\/medicinasinc.com\/da\/wp-json\/wp\/v2\/product_tag?post=4458"}],"curies":[{"name":"wp","href":"https:\/\/api.w.org\/{rel}","templated":true}]}}