{"id":4455,"date":"2022-02-20T09:28:05","date_gmt":"2022-02-20T09:28:05","guid":{"rendered":"https:\/\/medicinasinc.com\/da\/?post_type=product&#038;p=4455"},"modified":"2022-03-20T00:57:56","modified_gmt":"2022-03-20T00:57:56","slug":"kob-hi-tech-hostesaft","status":"publish","type":"product","link":"https:\/\/medicinasinc.com\/da\/product\/kob-hi-tech-hostesaft\/","title":{"rendered":"K\u00f8b Hi-Tech Hostesaft"},"content":{"rendered":"<p>Online k\u00f8b af Hi-Tech hostesaft.<\/p>\n<p>K\u00f8b Hi-Tech hostesaft online til ekstremt lave priser. desuden k\u00f8be kokain med henblik p\u00e5 videresalg. Vi s\u00e6lger en r\u00e6kke forskellige stimulanser og euforiserende stoffer, herunder GHB.<\/p>\n<p>Selvom jeg s\u00e6tter pris p\u00e5 en anst\u00e6ndig velsmagende, mener jeg, at de tager alt for lang tid at komme i gang. P\u00e5 grund af sin styrke og smag kan THC-sirup blive din nye g\u00e5 til stof for assistance.<\/p>\n<p>Cannabissirup er fantastisk til genoprettende s\u00e5vel som rekreative kunder. Den er st\u00e6rk og effektiv \u2013 tr\u00e6der ofte i kraft inden for 20 til 30 minutter \u2013 og fornuftig at bruge. Du skal blot tilf\u00f8je din portion til enhver mad eller drikkevare, og du er f\u00e6rdig. Du kan dog drikke en lille foranstaltning uden uheld. Det er alt, hvad der er til det!<\/p>\n<p>hostesaft til salg, h\u00f8jteknologisk thc-sirup, hostesaft online, h\u00f8jteknologisk lav pris, h\u00f8jteknologisk hostesaft online, h\u00f8jteknologisk online. De, der ikke kan t\u00e5le tanken om at ryge hash (eller m\u00e5ske er for ude af stand til at overveje det), men stadig \u00f8nsker at h\u00f8ste fordelene ved denne virkelig vidunderlige plante, opfordres til at overveje THC-sirup som en alternativ forbrugsmetode. Strengt terapeutiske klienter vil blive glade for at l\u00e6re, at CBD-sirup ogs\u00e5 er tilg\u00e6ngelig. Det er dog et emne for en anden artikel!<\/p>\n<p>LAVE THC-SIRUP: TRIN-FOR-TRIN INSTRUKTIONER<\/p>\n<p>Hvis du leder efter en simpel THC-sirupsopskrift, skal du ikke lede l\u00e6ngere. Du kan uden tvivl lave en h\u00e6ldbar THC-sirup derhjemme med kun f\u00e5 ingredienser og minimalt med hardware. Det er nok den enkleste ting at lave selv, da der ikke forventes nogen potentielt farlige syntetiske stoffer at udvinde THC fra plantemateriale.<\/p>\n<p>For at skabe din egen THC-infunderede sirup, skal du bruge&#8230;<\/p>\n<p>Vand. Omkring 200 ml vil give en rimelig m\u00e6ngde sirup. Fordi formlen er s\u00e5 enkel, kan du generelt lave s\u00e5 mange, du vil senere.<\/p>\n<p>Sukker. M\u00e6ngden af \u200b\u200bsukker, du bruger, vil p\u00e5virke den tid, din cannabissirup kan opbevares. Siruppen lavet med to sektioner sukker og en sektion vand kan opbevares i cirka et kvart \u00e5r). En 1:1 sirup kan ligeledes laves, selvom den ikke holder s\u00e5 l\u00e6nge.<\/p>\n<p>Forskellige former for r\u00e5t decarboxyleret THC (bloom, trim, shake, hash, olie, break, voks, i en reel forstand alt kan bruges).<\/p>\n<p>DOSERING AF THC-SIRUP<\/p>\n<p>M\u00e6ngden af \u200b\u200bTHC-sirup, der indtages, varierer betydeligt mellem individer. Det er afg\u00f8rende at udvise forsigtighed og veje din kapacitet mod styrken af \u200b\u200benhver genstand, der indeholder THC. hostesaft online, h\u00f8jteknologisk thc sirup, h\u00f8jteknologisk lean pris, h\u00f8jteknologisk hostesaft online, h\u00f8jteknologisk online, hostesaft til salg<\/p>\n<p>Problemet med hjemmelavede THC blandede sirupper er, at deres kraftfoderstyrke er ofte ukendt. Hvis du er bekymret over dette eller simpelthen ikke \u00f8nsker at besk\u00e6ftige dig med det (ubetydelige) besv\u00e6r med at oprette din egen, kan du se nedenfor for vores bedste valg p\u00e5 markedet i dag.<\/p>\n","protected":false},"excerpt":{"rendered":"<p>K\u00f8b Hi-Tech hostesaft til salg i Storbritannien, Europa online. Hi-Tech Promethazine Hydrochloride og Codein Phosphate Sirup&#8230;hver 5 mL indeholder: Promethazin hydrochloride 6,25 mg; kodeinphosphat 10 mg. Alkohol 7% Indikation: Hosteh\u00e6mmende<\/p>\n","protected":false},"featured_media":4489,"comment_status":"open","ping_status":"closed","template":"","meta":[],"product_brand":[],"product_cat":[497],"product_tag":[],"class_list":{"0":"post-4455","1":"product","2":"type-product","3":"status-publish","4":"has-post-thumbnail","6":"product_cat-k-c3-b8b-hostesaft","8":"first","9":"instock","10":"shipping-taxable","11":"purchasable","12":"product-type-variable","13":"has-default-attributes"},"yoast_head":"<!-- This site is optimized with the Yoast SEO plugin v27.3 - https:\/\/yoast.com\/product\/yoast-seo-wordpress\/ -->\n<title>K\u00f8b hi-tech hostesaft - bedste bedste globale medicin<\/title>\n<meta name=\"description\" content=\"K\u00f8b Hi-Tech hostesaft til salg UK, Europa online. Hi-Tech Promethazine Hydrochloride og Codein Phosphate Sirup...hver 5 mL indeholder: Promethazin hydrochloride 6,25 mg; kodeinphosphat 10 mg. Alkohol 7% Indikation: Hosted\u00e6mpende\" \/>\n<meta name=\"robots\" content=\"index, follow, max-snippet:-1, max-image-preview:large, max-video-preview:-1\" \/>\n<link rel=\"canonical\" href=\"https:\/\/medicinasinc.com\/da\/product\/kob-hi-tech-hostesaft\/\" \/>\n<meta property=\"og:locale\" content=\"en_US\" \/>\n<meta property=\"og:type\" content=\"article\" \/>\n<meta property=\"og:title\" content=\"K\u00f8b hi-tech hostesaft - bedste bedste globale medicin\" \/>\n<meta property=\"og:description\" content=\"K\u00f8b Hi-Tech hostesaft til salg UK, Europa online. Hi-Tech Promethazine Hydrochloride og Codein Phosphate Sirup...hver 5 mL indeholder: Promethazin hydrochloride 6,25 mg; kodeinphosphat 10 mg. Alkohol 7% Indikation: Hosted\u00e6mpende\" \/>\n<meta property=\"og:url\" content=\"https:\/\/medicinasinc.com\/da\/product\/kob-hi-tech-hostesaft\/\" \/>\n<meta property=\"og:site_name\" content=\"Medicinas Inc\" \/>\n<meta property=\"article:modified_time\" content=\"2022-03-20T00:57:56+00:00\" \/>\n<meta property=\"og:image\" content=\"https:\/\/medicinasinc.com\/da\/wp-content\/uploads\/sites\/8\/2022\/02\/buy-hi-tech-cough-syrup-online.jpg\" \/>\n\t<meta property=\"og:image:width\" content=\"600\" \/>\n\t<meta property=\"og:image:height\" content=\"600\" \/>\n\t<meta property=\"og:image:type\" content=\"image\/jpeg\" \/>\n<meta name=\"twitter:card\" content=\"summary_large_image\" \/>\n<meta name=\"twitter:label1\" content=\"Est. reading time\" \/>\n\t<meta name=\"twitter:data1\" content=\"3 minutes\" \/>\n<script type=\"application\/ld+json\" class=\"yoast-schema-graph\">{\"@context\":\"https:\\\/\\\/schema.org\",\"@graph\":[{\"@type\":\"WebPage\",\"@id\":\"https:\\\/\\\/medicinasinc.com\\\/da\\\/product\\\/kob-hi-tech-hostesaft\\\/\",\"url\":\"https:\\\/\\\/medicinasinc.com\\\/da\\\/product\\\/kob-hi-tech-hostesaft\\\/\",\"name\":\"K\u00f8b hi-tech hostesaft - bedste bedste globale medicin\",\"isPartOf\":{\"@id\":\"https:\\\/\\\/medicinasinc.com\\\/da\\\/#website\"},\"primaryImageOfPage\":{\"@id\":\"https:\\\/\\\/medicinasinc.com\\\/da\\\/product\\\/kob-hi-tech-hostesaft\\\/#primaryimage\"},\"image\":{\"@id\":\"https:\\\/\\\/medicinasinc.com\\\/da\\\/product\\\/kob-hi-tech-hostesaft\\\/#primaryimage\"},\"thumbnailUrl\":\"https:\\\/\\\/medicinasinc.com\\\/da\\\/wp-content\\\/uploads\\\/sites\\\/8\\\/2022\\\/02\\\/buy-hi-tech-cough-syrup-online.jpg\",\"datePublished\":\"2022-02-20T09:28:05+00:00\",\"dateModified\":\"2022-03-20T00:57:56+00:00\",\"description\":\"K\u00f8b Hi-Tech hostesaft til salg UK, Europa online. Hi-Tech Promethazine Hydrochloride og Codein Phosphate Sirup...hver 5 mL indeholder: Promethazin hydrochloride 6,25 mg; kodeinphosphat 10 mg. Alkohol 7% Indikation: Hosted\u00e6mpende\",\"breadcrumb\":{\"@id\":\"https:\\\/\\\/medicinasinc.com\\\/da\\\/product\\\/kob-hi-tech-hostesaft\\\/#breadcrumb\"},\"inLanguage\":\"en-US\",\"potentialAction\":[{\"@type\":\"ReadAction\",\"target\":[\"https:\\\/\\\/medicinasinc.com\\\/da\\\/product\\\/kob-hi-tech-hostesaft\\\/\"]}]},{\"@type\":\"ImageObject\",\"inLanguage\":\"en-US\",\"@id\":\"https:\\\/\\\/medicinasinc.com\\\/da\\\/product\\\/kob-hi-tech-hostesaft\\\/#primaryimage\",\"url\":\"https:\\\/\\\/medicinasinc.com\\\/da\\\/wp-content\\\/uploads\\\/sites\\\/8\\\/2022\\\/02\\\/buy-hi-tech-cough-syrup-online.jpg\",\"contentUrl\":\"https:\\\/\\\/medicinasinc.com\\\/da\\\/wp-content\\\/uploads\\\/sites\\\/8\\\/2022\\\/02\\\/buy-hi-tech-cough-syrup-online.jpg\",\"width\":600,\"height\":600},{\"@type\":\"BreadcrumbList\",\"@id\":\"https:\\\/\\\/medicinasinc.com\\\/da\\\/product\\\/kob-hi-tech-hostesaft\\\/#breadcrumb\",\"itemListElement\":[{\"@type\":\"ListItem\",\"position\":1,\"name\":\"Butik\",\"item\":\"https:\\\/\\\/medicinasinc.com\\\/da\\\/butik\\\/\"},{\"@type\":\"ListItem\",\"position\":2,\"name\":\"K\u00f8b Hi-Tech Hostesaft\"}]},{\"@type\":\"WebSite\",\"@id\":\"https:\\\/\\\/medicinasinc.com\\\/da\\\/#website\",\"url\":\"https:\\\/\\\/medicinasinc.com\\\/da\\\/\",\"name\":\"Medicinas Inc\",\"description\":\"Health Medical Clinic\",\"potentialAction\":[{\"@type\":\"SearchAction\",\"target\":{\"@type\":\"EntryPoint\",\"urlTemplate\":\"https:\\\/\\\/medicinasinc.com\\\/da\\\/?s={search_term_string}\"},\"query-input\":{\"@type\":\"PropertyValueSpecification\",\"valueRequired\":true,\"valueName\":\"search_term_string\"}}],\"inLanguage\":\"en-US\"}]}<\/script>\n<!-- \/ Yoast SEO plugin. -->","yoast_head_json":{"title":"K\u00f8b hi-tech hostesaft - bedste bedste globale medicin","description":"K\u00f8b Hi-Tech hostesaft til salg UK, Europa online. Hi-Tech Promethazine Hydrochloride og Codein Phosphate Sirup...hver 5 mL indeholder: Promethazin hydrochloride 6,25 mg; kodeinphosphat 10 mg. Alkohol 7% Indikation: Hosted\u00e6mpende","robots":{"index":"index","follow":"follow","max-snippet":"max-snippet:-1","max-image-preview":"max-image-preview:large","max-video-preview":"max-video-preview:-1"},"canonical":"https:\/\/medicinasinc.com\/da\/product\/kob-hi-tech-hostesaft\/","og_locale":"en_US","og_type":"article","og_title":"K\u00f8b hi-tech hostesaft - bedste bedste globale medicin","og_description":"K\u00f8b Hi-Tech hostesaft til salg UK, Europa online. Hi-Tech Promethazine Hydrochloride og Codein Phosphate Sirup...hver 5 mL indeholder: Promethazin hydrochloride 6,25 mg; kodeinphosphat 10 mg. Alkohol 7% Indikation: Hosted\u00e6mpende","og_url":"https:\/\/medicinasinc.com\/da\/product\/kob-hi-tech-hostesaft\/","og_site_name":"Medicinas Inc","article_modified_time":"2022-03-20T00:57:56+00:00","og_image":[{"width":600,"height":600,"url":"https:\/\/medicinasinc.com\/da\/wp-content\/uploads\/sites\/8\/2022\/02\/buy-hi-tech-cough-syrup-online.jpg","type":"image\/jpeg"}],"twitter_card":"summary_large_image","twitter_misc":{"Est. reading time":"3 minutes"},"schema":{"@context":"https:\/\/schema.org","@graph":[{"@type":"WebPage","@id":"https:\/\/medicinasinc.com\/da\/product\/kob-hi-tech-hostesaft\/","url":"https:\/\/medicinasinc.com\/da\/product\/kob-hi-tech-hostesaft\/","name":"K\u00f8b hi-tech hostesaft - bedste bedste globale medicin","isPartOf":{"@id":"https:\/\/medicinasinc.com\/da\/#website"},"primaryImageOfPage":{"@id":"https:\/\/medicinasinc.com\/da\/product\/kob-hi-tech-hostesaft\/#primaryimage"},"image":{"@id":"https:\/\/medicinasinc.com\/da\/product\/kob-hi-tech-hostesaft\/#primaryimage"},"thumbnailUrl":"https:\/\/medicinasinc.com\/da\/wp-content\/uploads\/sites\/8\/2022\/02\/buy-hi-tech-cough-syrup-online.jpg","datePublished":"2022-02-20T09:28:05+00:00","dateModified":"2022-03-20T00:57:56+00:00","description":"K\u00f8b Hi-Tech hostesaft til salg UK, Europa online. Hi-Tech Promethazine Hydrochloride og Codein Phosphate Sirup...hver 5 mL indeholder: Promethazin hydrochloride 6,25 mg; kodeinphosphat 10 mg. Alkohol 7% Indikation: Hosted\u00e6mpende","breadcrumb":{"@id":"https:\/\/medicinasinc.com\/da\/product\/kob-hi-tech-hostesaft\/#breadcrumb"},"inLanguage":"en-US","potentialAction":[{"@type":"ReadAction","target":["https:\/\/medicinasinc.com\/da\/product\/kob-hi-tech-hostesaft\/"]}]},{"@type":"ImageObject","inLanguage":"en-US","@id":"https:\/\/medicinasinc.com\/da\/product\/kob-hi-tech-hostesaft\/#primaryimage","url":"https:\/\/medicinasinc.com\/da\/wp-content\/uploads\/sites\/8\/2022\/02\/buy-hi-tech-cough-syrup-online.jpg","contentUrl":"https:\/\/medicinasinc.com\/da\/wp-content\/uploads\/sites\/8\/2022\/02\/buy-hi-tech-cough-syrup-online.jpg","width":600,"height":600},{"@type":"BreadcrumbList","@id":"https:\/\/medicinasinc.com\/da\/product\/kob-hi-tech-hostesaft\/#breadcrumb","itemListElement":[{"@type":"ListItem","position":1,"name":"Butik","item":"https:\/\/medicinasinc.com\/da\/butik\/"},{"@type":"ListItem","position":2,"name":"K\u00f8b Hi-Tech Hostesaft"}]},{"@type":"WebSite","@id":"https:\/\/medicinasinc.com\/da\/#website","url":"https:\/\/medicinasinc.com\/da\/","name":"Medicinas Inc","description":"Health Medical Clinic","potentialAction":[{"@type":"SearchAction","target":{"@type":"EntryPoint","urlTemplate":"https:\/\/medicinasinc.com\/da\/?s={search_term_string}"},"query-input":{"@type":"PropertyValueSpecification","valueRequired":true,"valueName":"search_term_string"}}],"inLanguage":"en-US"}]}},"_links":{"self":[{"href":"https:\/\/medicinasinc.com\/da\/wp-json\/wp\/v2\/product\/4455","targetHints":{"allow":["GET"]}}],"collection":[{"href":"https:\/\/medicinasinc.com\/da\/wp-json\/wp\/v2\/product"}],"about":[{"href":"https:\/\/medicinasinc.com\/da\/wp-json\/wp\/v2\/types\/product"}],"replies":[{"embeddable":true,"href":"https:\/\/medicinasinc.com\/da\/wp-json\/wp\/v2\/comments?post=4455"}],"wp:featuredmedia":[{"embeddable":true,"href":"https:\/\/medicinasinc.com\/da\/wp-json\/wp\/v2\/media\/4489"}],"wp:attachment":[{"href":"https:\/\/medicinasinc.com\/da\/wp-json\/wp\/v2\/media?parent=4455"}],"wp:term":[{"taxonomy":"product_brand","embeddable":true,"href":"https:\/\/medicinasinc.com\/da\/wp-json\/wp\/v2\/product_brand?post=4455"},{"taxonomy":"product_cat","embeddable":true,"href":"https:\/\/medicinasinc.com\/da\/wp-json\/wp\/v2\/product_cat?post=4455"},{"taxonomy":"product_tag","embeddable":true,"href":"https:\/\/medicinasinc.com\/da\/wp-json\/wp\/v2\/product_tag?post=4455"}],"curies":[{"name":"wp","href":"https:\/\/api.w.org\/{rel}","templated":true}]}}