{"id":4431,"date":"2022-02-20T09:14:34","date_gmt":"2022-02-20T09:14:34","guid":{"rendered":"https:\/\/medicinasinc.com\/da\/?post_type=product&#038;p=4431"},"modified":"2022-03-20T00:58:22","modified_gmt":"2022-03-20T00:58:22","slug":"kob-thc-destillat-superior-ekstrakt","status":"publish","type":"product","link":"https:\/\/medicinasinc.com\/da\/product\/kob-thc-destillat-superior-ekstrakt\/","title":{"rendered":"K\u00f8b THC-destillat \u2013 Superior-ekstrakt"},"content":{"rendered":"<p>K\u00f8b THC-destillat \u2013 Premium-ekstrakt<\/p>\n<p>Premium-THC-destillat er et canadisk fremstillet cannabiskoncentrat. Dette produkt er blevet laboratorietestet og fundet at indeholde en h\u00f8j koncentration af THC, der sp\u00e6nder fra 95 til 98 procent. Vores THC-destillat er ekstremt stabilt ved stuetemperatur og bliver ikke flydende. Derudover er den af \u200b\u200benest\u00e5ende kvalitet, fri for opl\u00f8sningsmidler, krystalklar og gennemsigtig. Destillat er en type ekstrakt, der bruges p\u00e5 en r\u00e6kke forskellige m\u00e5der. For at n\u00e6vne nogle f\u00e5, omfatter disse genopfyldning af vape-patroner, fremstilling af spiselige varer og dupning af en rig.<\/p>\n","protected":false},"excerpt":{"rendered":"<ul>\n<li>Forsendelse til hele verden<\/li>\n<li>Den mindste ordrem\u00e6ngde er <strong>2<\/strong><\/li>\n<li><strong>Kontakt os<\/strong>\u00a0for st\u00f8rre ordrer<\/li>\n<\/ul>\n","protected":false},"featured_media":4465,"comment_status":"open","ping_status":"closed","template":"","meta":[],"product_brand":[],"product_cat":[440],"product_tag":[],"class_list":{"0":"post-4431","1":"product","2":"type-product","3":"status-publish","4":"has-post-thumbnail","6":"product_cat-kb-cannabis-cbd-olie","8":"first","9":"instock","10":"shipping-taxable","11":"purchasable","12":"product-type-variable","13":"has-default-attributes"},"yoast_head":"<!-- This site is optimized with the Yoast SEO plugin v27.3 - https:\/\/yoast.com\/product\/yoast-seo-wordpress\/ -->\n<title>K\u00f8b THC-destillat \u2013 overlegen ekstrakt \u2013 bedste globale medicin<\/title>\n<meta name=\"description\" content=\"K\u00f8b THC-destillat Superior-ekstrakt og THC-koncentrater til salg fra UK, Europas bedste online apotek. Bestil nu og f\u00e5 gratis fragt ved k\u00f8b over $150!\" \/>\n<meta name=\"robots\" content=\"index, follow, max-snippet:-1, max-image-preview:large, max-video-preview:-1\" \/>\n<link rel=\"canonical\" href=\"https:\/\/medicinasinc.com\/da\/product\/kob-thc-destillat-superior-ekstrakt\/\" \/>\n<meta property=\"og:locale\" content=\"en_US\" \/>\n<meta property=\"og:type\" content=\"article\" \/>\n<meta property=\"og:title\" content=\"K\u00f8b THC-destillat \u2013 overlegen ekstrakt \u2013 bedste globale medicin\" \/>\n<meta property=\"og:description\" content=\"K\u00f8b THC-destillat Superior-ekstrakt og THC-koncentrater til salg fra UK, Europas bedste online apotek. Bestil nu og f\u00e5 gratis fragt ved k\u00f8b over $150!\" \/>\n<meta property=\"og:url\" content=\"https:\/\/medicinasinc.com\/da\/product\/kob-thc-destillat-superior-ekstrakt\/\" \/>\n<meta property=\"og:site_name\" content=\"Medicinas Inc\" \/>\n<meta property=\"article:modified_time\" content=\"2022-03-20T00:58:22+00:00\" \/>\n<meta property=\"og:image\" content=\"https:\/\/medicinasinc.com\/da\/wp-content\/uploads\/sites\/8\/2022\/02\/Buy-THC-DISTILLATE-1.jpg\" \/>\n\t<meta property=\"og:image:width\" content=\"800\" \/>\n\t<meta property=\"og:image:height\" content=\"800\" \/>\n\t<meta property=\"og:image:type\" content=\"image\/jpeg\" \/>\n<meta name=\"twitter:card\" content=\"summary_large_image\" \/>\n<meta name=\"twitter:label1\" content=\"Est. reading time\" \/>\n\t<meta name=\"twitter:data1\" content=\"1 minute\" \/>\n<script type=\"application\/ld+json\" class=\"yoast-schema-graph\">{\"@context\":\"https:\\\/\\\/schema.org\",\"@graph\":[{\"@type\":\"WebPage\",\"@id\":\"https:\\\/\\\/medicinasinc.com\\\/da\\\/product\\\/kob-thc-destillat-superior-ekstrakt\\\/\",\"url\":\"https:\\\/\\\/medicinasinc.com\\\/da\\\/product\\\/kob-thc-destillat-superior-ekstrakt\\\/\",\"name\":\"K\u00f8b THC-destillat \u2013 overlegen ekstrakt \u2013 bedste globale medicin\",\"isPartOf\":{\"@id\":\"https:\\\/\\\/medicinasinc.com\\\/da\\\/#website\"},\"primaryImageOfPage\":{\"@id\":\"https:\\\/\\\/medicinasinc.com\\\/da\\\/product\\\/kob-thc-destillat-superior-ekstrakt\\\/#primaryimage\"},\"image\":{\"@id\":\"https:\\\/\\\/medicinasinc.com\\\/da\\\/product\\\/kob-thc-destillat-superior-ekstrakt\\\/#primaryimage\"},\"thumbnailUrl\":\"https:\\\/\\\/medicinasinc.com\\\/da\\\/wp-content\\\/uploads\\\/sites\\\/8\\\/2022\\\/02\\\/Buy-THC-DISTILLATE-1.jpg\",\"datePublished\":\"2022-02-20T09:14:34+00:00\",\"dateModified\":\"2022-03-20T00:58:22+00:00\",\"description\":\"K\u00f8b THC-destillat Superior-ekstrakt og THC-koncentrater til salg fra UK, Europas bedste online apotek. Bestil nu og f\u00e5 gratis fragt ved k\u00f8b over $150!\",\"breadcrumb\":{\"@id\":\"https:\\\/\\\/medicinasinc.com\\\/da\\\/product\\\/kob-thc-destillat-superior-ekstrakt\\\/#breadcrumb\"},\"inLanguage\":\"en-US\",\"potentialAction\":[{\"@type\":\"ReadAction\",\"target\":[\"https:\\\/\\\/medicinasinc.com\\\/da\\\/product\\\/kob-thc-destillat-superior-ekstrakt\\\/\"]}]},{\"@type\":\"ImageObject\",\"inLanguage\":\"en-US\",\"@id\":\"https:\\\/\\\/medicinasinc.com\\\/da\\\/product\\\/kob-thc-destillat-superior-ekstrakt\\\/#primaryimage\",\"url\":\"https:\\\/\\\/medicinasinc.com\\\/da\\\/wp-content\\\/uploads\\\/sites\\\/8\\\/2022\\\/02\\\/Buy-THC-DISTILLATE-1.jpg\",\"contentUrl\":\"https:\\\/\\\/medicinasinc.com\\\/da\\\/wp-content\\\/uploads\\\/sites\\\/8\\\/2022\\\/02\\\/Buy-THC-DISTILLATE-1.jpg\",\"width\":800,\"height\":800},{\"@type\":\"BreadcrumbList\",\"@id\":\"https:\\\/\\\/medicinasinc.com\\\/da\\\/product\\\/kob-thc-destillat-superior-ekstrakt\\\/#breadcrumb\",\"itemListElement\":[{\"@type\":\"ListItem\",\"position\":1,\"name\":\"Butik\",\"item\":\"https:\\\/\\\/medicinasinc.com\\\/da\\\/butik\\\/\"},{\"@type\":\"ListItem\",\"position\":2,\"name\":\"K\u00f8b THC-destillat \u2013 Superior-ekstrakt\"}]},{\"@type\":\"WebSite\",\"@id\":\"https:\\\/\\\/medicinasinc.com\\\/da\\\/#website\",\"url\":\"https:\\\/\\\/medicinasinc.com\\\/da\\\/\",\"name\":\"Medicinas Inc\",\"description\":\"Health Medical Clinic\",\"potentialAction\":[{\"@type\":\"SearchAction\",\"target\":{\"@type\":\"EntryPoint\",\"urlTemplate\":\"https:\\\/\\\/medicinasinc.com\\\/da\\\/?s={search_term_string}\"},\"query-input\":{\"@type\":\"PropertyValueSpecification\",\"valueRequired\":true,\"valueName\":\"search_term_string\"}}],\"inLanguage\":\"en-US\"}]}<\/script>\n<!-- \/ Yoast SEO plugin. -->","yoast_head_json":{"title":"K\u00f8b THC-destillat \u2013 overlegen ekstrakt \u2013 bedste globale medicin","description":"K\u00f8b THC-destillat Superior-ekstrakt og THC-koncentrater til salg fra UK, Europas bedste online apotek. Bestil nu og f\u00e5 gratis fragt ved k\u00f8b over $150!","robots":{"index":"index","follow":"follow","max-snippet":"max-snippet:-1","max-image-preview":"max-image-preview:large","max-video-preview":"max-video-preview:-1"},"canonical":"https:\/\/medicinasinc.com\/da\/product\/kob-thc-destillat-superior-ekstrakt\/","og_locale":"en_US","og_type":"article","og_title":"K\u00f8b THC-destillat \u2013 overlegen ekstrakt \u2013 bedste globale medicin","og_description":"K\u00f8b THC-destillat Superior-ekstrakt og THC-koncentrater til salg fra UK, Europas bedste online apotek. Bestil nu og f\u00e5 gratis fragt ved k\u00f8b over $150!","og_url":"https:\/\/medicinasinc.com\/da\/product\/kob-thc-destillat-superior-ekstrakt\/","og_site_name":"Medicinas Inc","article_modified_time":"2022-03-20T00:58:22+00:00","og_image":[{"width":800,"height":800,"url":"https:\/\/medicinasinc.com\/da\/wp-content\/uploads\/sites\/8\/2022\/02\/Buy-THC-DISTILLATE-1.jpg","type":"image\/jpeg"}],"twitter_card":"summary_large_image","twitter_misc":{"Est. reading time":"1 minute"},"schema":{"@context":"https:\/\/schema.org","@graph":[{"@type":"WebPage","@id":"https:\/\/medicinasinc.com\/da\/product\/kob-thc-destillat-superior-ekstrakt\/","url":"https:\/\/medicinasinc.com\/da\/product\/kob-thc-destillat-superior-ekstrakt\/","name":"K\u00f8b THC-destillat \u2013 overlegen ekstrakt \u2013 bedste globale medicin","isPartOf":{"@id":"https:\/\/medicinasinc.com\/da\/#website"},"primaryImageOfPage":{"@id":"https:\/\/medicinasinc.com\/da\/product\/kob-thc-destillat-superior-ekstrakt\/#primaryimage"},"image":{"@id":"https:\/\/medicinasinc.com\/da\/product\/kob-thc-destillat-superior-ekstrakt\/#primaryimage"},"thumbnailUrl":"https:\/\/medicinasinc.com\/da\/wp-content\/uploads\/sites\/8\/2022\/02\/Buy-THC-DISTILLATE-1.jpg","datePublished":"2022-02-20T09:14:34+00:00","dateModified":"2022-03-20T00:58:22+00:00","description":"K\u00f8b THC-destillat Superior-ekstrakt og THC-koncentrater til salg fra UK, Europas bedste online apotek. Bestil nu og f\u00e5 gratis fragt ved k\u00f8b over $150!","breadcrumb":{"@id":"https:\/\/medicinasinc.com\/da\/product\/kob-thc-destillat-superior-ekstrakt\/#breadcrumb"},"inLanguage":"en-US","potentialAction":[{"@type":"ReadAction","target":["https:\/\/medicinasinc.com\/da\/product\/kob-thc-destillat-superior-ekstrakt\/"]}]},{"@type":"ImageObject","inLanguage":"en-US","@id":"https:\/\/medicinasinc.com\/da\/product\/kob-thc-destillat-superior-ekstrakt\/#primaryimage","url":"https:\/\/medicinasinc.com\/da\/wp-content\/uploads\/sites\/8\/2022\/02\/Buy-THC-DISTILLATE-1.jpg","contentUrl":"https:\/\/medicinasinc.com\/da\/wp-content\/uploads\/sites\/8\/2022\/02\/Buy-THC-DISTILLATE-1.jpg","width":800,"height":800},{"@type":"BreadcrumbList","@id":"https:\/\/medicinasinc.com\/da\/product\/kob-thc-destillat-superior-ekstrakt\/#breadcrumb","itemListElement":[{"@type":"ListItem","position":1,"name":"Butik","item":"https:\/\/medicinasinc.com\/da\/butik\/"},{"@type":"ListItem","position":2,"name":"K\u00f8b THC-destillat \u2013 Superior-ekstrakt"}]},{"@type":"WebSite","@id":"https:\/\/medicinasinc.com\/da\/#website","url":"https:\/\/medicinasinc.com\/da\/","name":"Medicinas Inc","description":"Health Medical Clinic","potentialAction":[{"@type":"SearchAction","target":{"@type":"EntryPoint","urlTemplate":"https:\/\/medicinasinc.com\/da\/?s={search_term_string}"},"query-input":{"@type":"PropertyValueSpecification","valueRequired":true,"valueName":"search_term_string"}}],"inLanguage":"en-US"}]}},"_links":{"self":[{"href":"https:\/\/medicinasinc.com\/da\/wp-json\/wp\/v2\/product\/4431","targetHints":{"allow":["GET"]}}],"collection":[{"href":"https:\/\/medicinasinc.com\/da\/wp-json\/wp\/v2\/product"}],"about":[{"href":"https:\/\/medicinasinc.com\/da\/wp-json\/wp\/v2\/types\/product"}],"replies":[{"embeddable":true,"href":"https:\/\/medicinasinc.com\/da\/wp-json\/wp\/v2\/comments?post=4431"}],"wp:featuredmedia":[{"embeddable":true,"href":"https:\/\/medicinasinc.com\/da\/wp-json\/wp\/v2\/media\/4465"}],"wp:attachment":[{"href":"https:\/\/medicinasinc.com\/da\/wp-json\/wp\/v2\/media?parent=4431"}],"wp:term":[{"taxonomy":"product_brand","embeddable":true,"href":"https:\/\/medicinasinc.com\/da\/wp-json\/wp\/v2\/product_brand?post=4431"},{"taxonomy":"product_cat","embeddable":true,"href":"https:\/\/medicinasinc.com\/da\/wp-json\/wp\/v2\/product_cat?post=4431"},{"taxonomy":"product_tag","embeddable":true,"href":"https:\/\/medicinasinc.com\/da\/wp-json\/wp\/v2\/product_tag?post=4431"}],"curies":[{"name":"wp","href":"https:\/\/api.w.org\/{rel}","templated":true}]}}