{"id":4425,"date":"2022-02-20T09:10:27","date_gmt":"2022-02-20T09:10:27","guid":{"rendered":"https:\/\/medicinasinc.com\/da\/?post_type=product&#038;p=4425"},"modified":"2022-03-20T00:58:34","modified_gmt":"2022-03-20T00:58:34","slug":"kob-skywalker-og-thc-destillat-kosher-ekstrakt","status":"publish","type":"product","link":"https:\/\/medicinasinc.com\/da\/product\/kob-skywalker-og-thc-destillat-kosher-ekstrakt\/","title":{"rendered":"K\u00f8b Skywalker OG THC-destillat \u2013 Kosher-ekstrakt"},"content":{"rendered":"<p>THC-destillatekstrakt Kosher<\/p>\n<p>THC-destillat er et af de reneste og mest potente cannabisekstrakter p\u00e5 markedet, der giver en bred vifte af medicinske fordele og egenskaber. Cannabisen nedbrydes ved hj\u00e6lp af molekyl\u00e6r kortvejsdestillation, indtil praktisk talt hver komponent er adskilt fra THC (dette inkluderer: terpener, plantelipider, pesticider og andre forurenende stoffer). Denne metode producerer et ekstremt rent cannabisekstrakt uden brug af opl\u00f8sningsmidler til at udvinde THC. Sammen med denne renhed producerer destillation et produkt, der er betydeligt mere potent end t\u00f8rre urter eller andre cannabisekstrakter. THC-destillat kan indeholde mellem 85 og 99 procent THC!<\/p>\n","protected":false},"excerpt":{"rendered":"<p><em>K\u00f8b Skywalker OG Destillate<\/em>\u00a0Syringe er en afslappende Indica-olie, der beroliger sindet, afslapper kroppen og s\u00e6tter dig i en total tilstand af eufori.<\/p>\n<p><em>K\u00f8b Skywalker OG THC-destillat<\/em>\u00a0&#8211; kosher-ekstrakt online Canada fra det st\u00f8rste online-apotek, K\u00f8b My Weed Online.<\/p>\n<ul>\n<li><\/li>\n<li>Forsendelse til hele verden<\/li>\n<li>Den mindste ordrem\u00e6ngde er 5<\/li>\n<li><strong>Kontakt os<\/strong>\u00a0for st\u00f8rre ordrer<\/li>\n<\/ul>\n","protected":false},"featured_media":4459,"comment_status":"open","ping_status":"closed","template":"","meta":[],"product_brand":[],"product_cat":[440],"product_tag":[],"class_list":{"0":"post-4425","1":"product","2":"type-product","3":"status-publish","4":"has-post-thumbnail","6":"product_cat-kb-cannabis-cbd-olie","8":"first","9":"instock","10":"shipping-taxable","11":"purchasable","12":"product-type-variable","13":"has-default-attributes"},"yoast_head":"<!-- This site is optimized with the Yoast SEO plugin v27.3 - https:\/\/yoast.com\/product\/yoast-seo-wordpress\/ -->\n<title>K\u00f8b Skywalker OG THC-destillat \u2013 kosher-ekstrakt \u2013 forh\u00e5ndsvisning af bedste globale MedsMeta-beskrivelse:<\/title>\n<meta name=\"description\" content=\"K\u00f8b Skywalker OG THC destillat udsalg - kosher ekstrakt online Europa fra den st\u00f8rste online apotek, K\u00f8b My Weed Online.\" \/>\n<meta name=\"robots\" content=\"index, follow, max-snippet:-1, max-image-preview:large, max-video-preview:-1\" \/>\n<link rel=\"canonical\" href=\"https:\/\/medicinasinc.com\/da\/product\/kob-skywalker-og-thc-destillat-kosher-ekstrakt\/\" \/>\n<meta property=\"og:locale\" content=\"en_US\" \/>\n<meta property=\"og:type\" content=\"article\" \/>\n<meta property=\"og:title\" content=\"K\u00f8b Skywalker OG THC-destillat \u2013 kosher-ekstrakt \u2013 forh\u00e5ndsvisning af bedste globale MedsMeta-beskrivelse:\" \/>\n<meta property=\"og:description\" content=\"K\u00f8b Skywalker OG THC destillat udsalg - kosher ekstrakt online Europa fra den st\u00f8rste online apotek, K\u00f8b My Weed Online.\" \/>\n<meta property=\"og:url\" content=\"https:\/\/medicinasinc.com\/da\/product\/kob-skywalker-og-thc-destillat-kosher-ekstrakt\/\" \/>\n<meta property=\"og:site_name\" content=\"Medicinas Inc\" \/>\n<meta property=\"article:modified_time\" content=\"2022-03-20T00:58:34+00:00\" \/>\n<meta property=\"og:image\" content=\"https:\/\/medicinasinc.com\/da\/wp-content\/uploads\/sites\/8\/2022\/02\/Buy-Skywalker-OG-THC-Distillate.jpg\" \/>\n\t<meta property=\"og:image:width\" content=\"980\" \/>\n\t<meta property=\"og:image:height\" content=\"980\" \/>\n\t<meta property=\"og:image:type\" content=\"image\/jpeg\" \/>\n<meta name=\"twitter:card\" content=\"summary_large_image\" \/>\n<meta name=\"twitter:label1\" content=\"Est. reading time\" \/>\n\t<meta name=\"twitter:data1\" content=\"1 minute\" \/>\n<script type=\"application\/ld+json\" class=\"yoast-schema-graph\">{\"@context\":\"https:\\\/\\\/schema.org\",\"@graph\":[{\"@type\":\"WebPage\",\"@id\":\"https:\\\/\\\/medicinasinc.com\\\/da\\\/product\\\/kob-skywalker-og-thc-destillat-kosher-ekstrakt\\\/\",\"url\":\"https:\\\/\\\/medicinasinc.com\\\/da\\\/product\\\/kob-skywalker-og-thc-destillat-kosher-ekstrakt\\\/\",\"name\":\"K\u00f8b Skywalker OG THC-destillat \u2013 kosher-ekstrakt \u2013 forh\u00e5ndsvisning af bedste globale MedsMeta-beskrivelse:\",\"isPartOf\":{\"@id\":\"https:\\\/\\\/medicinasinc.com\\\/da\\\/#website\"},\"primaryImageOfPage\":{\"@id\":\"https:\\\/\\\/medicinasinc.com\\\/da\\\/product\\\/kob-skywalker-og-thc-destillat-kosher-ekstrakt\\\/#primaryimage\"},\"image\":{\"@id\":\"https:\\\/\\\/medicinasinc.com\\\/da\\\/product\\\/kob-skywalker-og-thc-destillat-kosher-ekstrakt\\\/#primaryimage\"},\"thumbnailUrl\":\"https:\\\/\\\/medicinasinc.com\\\/da\\\/wp-content\\\/uploads\\\/sites\\\/8\\\/2022\\\/02\\\/Buy-Skywalker-OG-THC-Distillate.jpg\",\"datePublished\":\"2022-02-20T09:10:27+00:00\",\"dateModified\":\"2022-03-20T00:58:34+00:00\",\"description\":\"K\u00f8b Skywalker OG THC destillat udsalg - kosher ekstrakt online Europa fra den st\u00f8rste online apotek, K\u00f8b My Weed Online.\",\"breadcrumb\":{\"@id\":\"https:\\\/\\\/medicinasinc.com\\\/da\\\/product\\\/kob-skywalker-og-thc-destillat-kosher-ekstrakt\\\/#breadcrumb\"},\"inLanguage\":\"en-US\",\"potentialAction\":[{\"@type\":\"ReadAction\",\"target\":[\"https:\\\/\\\/medicinasinc.com\\\/da\\\/product\\\/kob-skywalker-og-thc-destillat-kosher-ekstrakt\\\/\"]}]},{\"@type\":\"ImageObject\",\"inLanguage\":\"en-US\",\"@id\":\"https:\\\/\\\/medicinasinc.com\\\/da\\\/product\\\/kob-skywalker-og-thc-destillat-kosher-ekstrakt\\\/#primaryimage\",\"url\":\"https:\\\/\\\/medicinasinc.com\\\/da\\\/wp-content\\\/uploads\\\/sites\\\/8\\\/2022\\\/02\\\/Buy-Skywalker-OG-THC-Distillate.jpg\",\"contentUrl\":\"https:\\\/\\\/medicinasinc.com\\\/da\\\/wp-content\\\/uploads\\\/sites\\\/8\\\/2022\\\/02\\\/Buy-Skywalker-OG-THC-Distillate.jpg\",\"width\":980,\"height\":980},{\"@type\":\"BreadcrumbList\",\"@id\":\"https:\\\/\\\/medicinasinc.com\\\/da\\\/product\\\/kob-skywalker-og-thc-destillat-kosher-ekstrakt\\\/#breadcrumb\",\"itemListElement\":[{\"@type\":\"ListItem\",\"position\":1,\"name\":\"Butik\",\"item\":\"https:\\\/\\\/medicinasinc.com\\\/da\\\/butik\\\/\"},{\"@type\":\"ListItem\",\"position\":2,\"name\":\"K\u00f8b Skywalker OG THC-destillat \u2013 Kosher-ekstrakt\"}]},{\"@type\":\"WebSite\",\"@id\":\"https:\\\/\\\/medicinasinc.com\\\/da\\\/#website\",\"url\":\"https:\\\/\\\/medicinasinc.com\\\/da\\\/\",\"name\":\"Medicinas Inc\",\"description\":\"Health Medical Clinic\",\"potentialAction\":[{\"@type\":\"SearchAction\",\"target\":{\"@type\":\"EntryPoint\",\"urlTemplate\":\"https:\\\/\\\/medicinasinc.com\\\/da\\\/?s={search_term_string}\"},\"query-input\":{\"@type\":\"PropertyValueSpecification\",\"valueRequired\":true,\"valueName\":\"search_term_string\"}}],\"inLanguage\":\"en-US\"}]}<\/script>\n<!-- \/ Yoast SEO plugin. -->","yoast_head_json":{"title":"K\u00f8b Skywalker OG THC-destillat \u2013 kosher-ekstrakt \u2013 forh\u00e5ndsvisning af bedste globale MedsMeta-beskrivelse:","description":"K\u00f8b Skywalker OG THC destillat udsalg - kosher ekstrakt online Europa fra den st\u00f8rste online apotek, K\u00f8b My Weed Online.","robots":{"index":"index","follow":"follow","max-snippet":"max-snippet:-1","max-image-preview":"max-image-preview:large","max-video-preview":"max-video-preview:-1"},"canonical":"https:\/\/medicinasinc.com\/da\/product\/kob-skywalker-og-thc-destillat-kosher-ekstrakt\/","og_locale":"en_US","og_type":"article","og_title":"K\u00f8b Skywalker OG THC-destillat \u2013 kosher-ekstrakt \u2013 forh\u00e5ndsvisning af bedste globale MedsMeta-beskrivelse:","og_description":"K\u00f8b Skywalker OG THC destillat udsalg - kosher ekstrakt online Europa fra den st\u00f8rste online apotek, K\u00f8b My Weed Online.","og_url":"https:\/\/medicinasinc.com\/da\/product\/kob-skywalker-og-thc-destillat-kosher-ekstrakt\/","og_site_name":"Medicinas Inc","article_modified_time":"2022-03-20T00:58:34+00:00","og_image":[{"width":980,"height":980,"url":"https:\/\/medicinasinc.com\/da\/wp-content\/uploads\/sites\/8\/2022\/02\/Buy-Skywalker-OG-THC-Distillate.jpg","type":"image\/jpeg"}],"twitter_card":"summary_large_image","twitter_misc":{"Est. reading time":"1 minute"},"schema":{"@context":"https:\/\/schema.org","@graph":[{"@type":"WebPage","@id":"https:\/\/medicinasinc.com\/da\/product\/kob-skywalker-og-thc-destillat-kosher-ekstrakt\/","url":"https:\/\/medicinasinc.com\/da\/product\/kob-skywalker-og-thc-destillat-kosher-ekstrakt\/","name":"K\u00f8b Skywalker OG THC-destillat \u2013 kosher-ekstrakt \u2013 forh\u00e5ndsvisning af bedste globale MedsMeta-beskrivelse:","isPartOf":{"@id":"https:\/\/medicinasinc.com\/da\/#website"},"primaryImageOfPage":{"@id":"https:\/\/medicinasinc.com\/da\/product\/kob-skywalker-og-thc-destillat-kosher-ekstrakt\/#primaryimage"},"image":{"@id":"https:\/\/medicinasinc.com\/da\/product\/kob-skywalker-og-thc-destillat-kosher-ekstrakt\/#primaryimage"},"thumbnailUrl":"https:\/\/medicinasinc.com\/da\/wp-content\/uploads\/sites\/8\/2022\/02\/Buy-Skywalker-OG-THC-Distillate.jpg","datePublished":"2022-02-20T09:10:27+00:00","dateModified":"2022-03-20T00:58:34+00:00","description":"K\u00f8b Skywalker OG THC destillat udsalg - kosher ekstrakt online Europa fra den st\u00f8rste online apotek, K\u00f8b My Weed Online.","breadcrumb":{"@id":"https:\/\/medicinasinc.com\/da\/product\/kob-skywalker-og-thc-destillat-kosher-ekstrakt\/#breadcrumb"},"inLanguage":"en-US","potentialAction":[{"@type":"ReadAction","target":["https:\/\/medicinasinc.com\/da\/product\/kob-skywalker-og-thc-destillat-kosher-ekstrakt\/"]}]},{"@type":"ImageObject","inLanguage":"en-US","@id":"https:\/\/medicinasinc.com\/da\/product\/kob-skywalker-og-thc-destillat-kosher-ekstrakt\/#primaryimage","url":"https:\/\/medicinasinc.com\/da\/wp-content\/uploads\/sites\/8\/2022\/02\/Buy-Skywalker-OG-THC-Distillate.jpg","contentUrl":"https:\/\/medicinasinc.com\/da\/wp-content\/uploads\/sites\/8\/2022\/02\/Buy-Skywalker-OG-THC-Distillate.jpg","width":980,"height":980},{"@type":"BreadcrumbList","@id":"https:\/\/medicinasinc.com\/da\/product\/kob-skywalker-og-thc-destillat-kosher-ekstrakt\/#breadcrumb","itemListElement":[{"@type":"ListItem","position":1,"name":"Butik","item":"https:\/\/medicinasinc.com\/da\/butik\/"},{"@type":"ListItem","position":2,"name":"K\u00f8b Skywalker OG THC-destillat \u2013 Kosher-ekstrakt"}]},{"@type":"WebSite","@id":"https:\/\/medicinasinc.com\/da\/#website","url":"https:\/\/medicinasinc.com\/da\/","name":"Medicinas Inc","description":"Health Medical Clinic","potentialAction":[{"@type":"SearchAction","target":{"@type":"EntryPoint","urlTemplate":"https:\/\/medicinasinc.com\/da\/?s={search_term_string}"},"query-input":{"@type":"PropertyValueSpecification","valueRequired":true,"valueName":"search_term_string"}}],"inLanguage":"en-US"}]}},"_links":{"self":[{"href":"https:\/\/medicinasinc.com\/da\/wp-json\/wp\/v2\/product\/4425","targetHints":{"allow":["GET"]}}],"collection":[{"href":"https:\/\/medicinasinc.com\/da\/wp-json\/wp\/v2\/product"}],"about":[{"href":"https:\/\/medicinasinc.com\/da\/wp-json\/wp\/v2\/types\/product"}],"replies":[{"embeddable":true,"href":"https:\/\/medicinasinc.com\/da\/wp-json\/wp\/v2\/comments?post=4425"}],"wp:featuredmedia":[{"embeddable":true,"href":"https:\/\/medicinasinc.com\/da\/wp-json\/wp\/v2\/media\/4459"}],"wp:attachment":[{"href":"https:\/\/medicinasinc.com\/da\/wp-json\/wp\/v2\/media?parent=4425"}],"wp:term":[{"taxonomy":"product_brand","embeddable":true,"href":"https:\/\/medicinasinc.com\/da\/wp-json\/wp\/v2\/product_brand?post=4425"},{"taxonomy":"product_cat","embeddable":true,"href":"https:\/\/medicinasinc.com\/da\/wp-json\/wp\/v2\/product_cat?post=4425"},{"taxonomy":"product_tag","embeddable":true,"href":"https:\/\/medicinasinc.com\/da\/wp-json\/wp\/v2\/product_tag?post=4425"}],"curies":[{"name":"wp","href":"https:\/\/api.w.org\/{rel}","templated":true}]}}