{"id":4413,"date":"2022-02-20T09:01:25","date_gmt":"2022-02-20T09:01:25","guid":{"rendered":"https:\/\/medicinasinc.com\/da\/?post_type=product&#038;p=4413"},"modified":"2022-03-20T00:58:43","modified_gmt":"2022-03-20T00:58:43","slug":"rso-pink-kush-olie-5ml","status":"publish","type":"product","link":"https:\/\/medicinasinc.com\/da\/product\/rso-pink-kush-olie-5ml\/","title":{"rendered":"RSO | Pink Kush olie \u2013 5 ml"},"content":{"rendered":"<p>Kush Pink (Rick Simpson Oil)<\/p>\n<p>5mL i en &#8216;Eos&#8217; dispenser lavet af polypropylen med en gr\u00f8n tr\u00e5d til pr\u00e6cis dosering.<\/p>\n<p>Denne Rick Simpson Oil er afledt af Pink Kush-blomster dyrket i British Columbias frodige indre!<\/p>\n<p>Pink Kush menes at v\u00e6re en fjern sl\u00e6gtning til den legendariske OG Kush (en af \u200b\u200bcannabishistoriens mest popul\u00e6re stammer). Pink Kush videref\u00f8rer traditionen ved at give en st\u00e6rk kropsh\u00f8j, hvilket g\u00f8r den til en af \u200b\u200bde mest medicinske stammer, der findes. Virkningerne af denne stamme er n\u00e6sten \u00f8jeblikkelige. Brugeren oversv\u00f8mmes af en varmende kropsfornemmelse, der ledsages af en intenst euforisk cerebral summen. En sativa-dominant hybrid, der leverer en intens kropsfokuseret high. Pink Kush er derfor en effektiv behandling for angst, depression, bet\u00e6ndelse, kroniske smerter, hovedpine, s\u00f8vnl\u00f8shed og tab af appetit.<\/p>\n<p>Uafh\u00e6ngig test p\u00e5 MB-laboratorier afsl\u00f8rede, at denne premium RSO indeholder over 73,27 procent cannabinoider, inklusive 68,80 procent THC!<\/p>\n<p>Vi har fastsl\u00e5et, at dette produkt indeholder 90 % indica.<\/p>\n<p>1) Delta-9 THC = 68,80 %<br \/> 2) CBG = 1,80 %<br \/> 3) CBC = 0,96 %<br \/> 4) CBN = 0,89 %<br \/> 5) CBD = 0,44 %<\/p>\n<div class=\"product-next-previous\">\n<div class=\"product-prev \"><\/div><\/div>\n","protected":false},"excerpt":{"rendered":"<p>K\u00f8b RSO | Pink Kush Oil &amp; # 8211; 5 ml til salg online USA, Europa fra den st\u00f8rste online apotek, K\u00f8b My Weed online til salg.<\/p>\n<p><em>K\u00f8b<\/em>\u00a0Viridesco&#8217;s\u00a0<em>RSO Pink Kush 5 ml<\/em>\u00a0i dag hjemmefra. <em>K\u00f8b RSO<\/em>\u00a0sikkert og diskret fra enhver provins i Canada. Bestil online i dag!<\/p>\n<ul>\n<li><\/li>\n<li>Forsendelse til hele verden<\/li>\n<li>Den mindste ordrem\u00e6ngde er 5<\/li>\n<li><strong>Kontakt os<\/li>\n<p> strong&gt;\u00a0for st\u00f8rre ordrer<\/li>\n<\/ul>\n","protected":false},"featured_media":4447,"comment_status":"open","ping_status":"closed","template":"","meta":[],"product_brand":[],"product_cat":[440],"product_tag":[],"class_list":{"0":"post-4413","1":"product","2":"type-product","3":"status-publish","4":"has-post-thumbnail","6":"product_cat-kb-cannabis-cbd-olie","8":"first","9":"instock","10":"shipping-taxable","11":"purchasable","12":"product-type-variable","13":"has-default-attributes"},"yoast_head":"<!-- This site is optimized with the Yoast SEO plugin v27.3 - https:\/\/yoast.com\/product\/yoast-seo-wordpress\/ -->\n<title>RSO | Pink Kush Oil - 5ml - K\u00f8b My Weed Online - Global Medicnas<\/title>\n<meta name=\"description\" content=\"K\u00f8b RSO | Pink Kush Oil - 5ml til salg online USA, Europa fra den st\u00f8rste online apotek, K\u00f8b My Weed Online til salg.\" \/>\n<meta name=\"robots\" content=\"index, follow, max-snippet:-1, max-image-preview:large, max-video-preview:-1\" \/>\n<link rel=\"canonical\" href=\"https:\/\/medicinasinc.com\/da\/product\/rso-pink-kush-olie-5ml\/\" \/>\n<meta property=\"og:locale\" content=\"en_US\" \/>\n<meta property=\"og:type\" content=\"article\" \/>\n<meta property=\"og:title\" content=\"RSO | Pink Kush Oil - 5ml - K\u00f8b My Weed Online - Global Medicnas\" \/>\n<meta property=\"og:description\" content=\"K\u00f8b RSO | Pink Kush Oil - 5ml til salg online USA, Europa fra den st\u00f8rste online apotek, K\u00f8b My Weed Online til salg.\" \/>\n<meta property=\"og:url\" content=\"https:\/\/medicinasinc.com\/da\/product\/rso-pink-kush-olie-5ml\/\" \/>\n<meta property=\"og:site_name\" content=\"Medicinas Inc\" \/>\n<meta property=\"article:modified_time\" content=\"2022-03-20T00:58:43+00:00\" \/>\n<meta property=\"og:image\" content=\"https:\/\/medicinasinc.com\/da\/wp-content\/uploads\/sites\/8\/2022\/02\/Buy-RSO-Pink-Kush-Oil-\u2013-5ml.jpg\" \/>\n\t<meta property=\"og:image:width\" content=\"800\" \/>\n\t<meta property=\"og:image:height\" content=\"800\" \/>\n\t<meta property=\"og:image:type\" content=\"image\/jpeg\" \/>\n<meta name=\"twitter:card\" content=\"summary_large_image\" \/>\n<meta name=\"twitter:label1\" content=\"Est. reading time\" \/>\n\t<meta name=\"twitter:data1\" content=\"1 minute\" \/>\n<script type=\"application\/ld+json\" class=\"yoast-schema-graph\">{\"@context\":\"https:\\\/\\\/schema.org\",\"@graph\":[{\"@type\":\"WebPage\",\"@id\":\"https:\\\/\\\/medicinasinc.com\\\/da\\\/product\\\/rso-pink-kush-olie-5ml\\\/\",\"url\":\"https:\\\/\\\/medicinasinc.com\\\/da\\\/product\\\/rso-pink-kush-olie-5ml\\\/\",\"name\":\"RSO | Pink Kush Oil - 5ml - K\u00f8b My Weed Online - Global Medicnas\",\"isPartOf\":{\"@id\":\"https:\\\/\\\/medicinasinc.com\\\/da\\\/#website\"},\"primaryImageOfPage\":{\"@id\":\"https:\\\/\\\/medicinasinc.com\\\/da\\\/product\\\/rso-pink-kush-olie-5ml\\\/#primaryimage\"},\"image\":{\"@id\":\"https:\\\/\\\/medicinasinc.com\\\/da\\\/product\\\/rso-pink-kush-olie-5ml\\\/#primaryimage\"},\"thumbnailUrl\":\"https:\\\/\\\/medicinasinc.com\\\/da\\\/wp-content\\\/uploads\\\/sites\\\/8\\\/2022\\\/02\\\/Buy-RSO-Pink-Kush-Oil-\u2013-5ml.jpg\",\"datePublished\":\"2022-02-20T09:01:25+00:00\",\"dateModified\":\"2022-03-20T00:58:43+00:00\",\"description\":\"K\u00f8b RSO | Pink Kush Oil - 5ml til salg online USA, Europa fra den st\u00f8rste online apotek, K\u00f8b My Weed Online til salg.\",\"breadcrumb\":{\"@id\":\"https:\\\/\\\/medicinasinc.com\\\/da\\\/product\\\/rso-pink-kush-olie-5ml\\\/#breadcrumb\"},\"inLanguage\":\"en-US\",\"potentialAction\":[{\"@type\":\"ReadAction\",\"target\":[\"https:\\\/\\\/medicinasinc.com\\\/da\\\/product\\\/rso-pink-kush-olie-5ml\\\/\"]}]},{\"@type\":\"ImageObject\",\"inLanguage\":\"en-US\",\"@id\":\"https:\\\/\\\/medicinasinc.com\\\/da\\\/product\\\/rso-pink-kush-olie-5ml\\\/#primaryimage\",\"url\":\"https:\\\/\\\/medicinasinc.com\\\/da\\\/wp-content\\\/uploads\\\/sites\\\/8\\\/2022\\\/02\\\/Buy-RSO-Pink-Kush-Oil-\u2013-5ml.jpg\",\"contentUrl\":\"https:\\\/\\\/medicinasinc.com\\\/da\\\/wp-content\\\/uploads\\\/sites\\\/8\\\/2022\\\/02\\\/Buy-RSO-Pink-Kush-Oil-\u2013-5ml.jpg\",\"width\":800,\"height\":800},{\"@type\":\"BreadcrumbList\",\"@id\":\"https:\\\/\\\/medicinasinc.com\\\/da\\\/product\\\/rso-pink-kush-olie-5ml\\\/#breadcrumb\",\"itemListElement\":[{\"@type\":\"ListItem\",\"position\":1,\"name\":\"Butik\",\"item\":\"https:\\\/\\\/medicinasinc.com\\\/da\\\/butik\\\/\"},{\"@type\":\"ListItem\",\"position\":2,\"name\":\"RSO | Pink Kush olie \u2013 5 ml\"}]},{\"@type\":\"WebSite\",\"@id\":\"https:\\\/\\\/medicinasinc.com\\\/da\\\/#website\",\"url\":\"https:\\\/\\\/medicinasinc.com\\\/da\\\/\",\"name\":\"Medicinas Inc\",\"description\":\"Health Medical Clinic\",\"potentialAction\":[{\"@type\":\"SearchAction\",\"target\":{\"@type\":\"EntryPoint\",\"urlTemplate\":\"https:\\\/\\\/medicinasinc.com\\\/da\\\/?s={search_term_string}\"},\"query-input\":{\"@type\":\"PropertyValueSpecification\",\"valueRequired\":true,\"valueName\":\"search_term_string\"}}],\"inLanguage\":\"en-US\"}]}<\/script>\n<!-- \/ Yoast SEO plugin. -->","yoast_head_json":{"title":"RSO | Pink Kush Oil - 5ml - K\u00f8b My Weed Online - Global Medicnas","description":"K\u00f8b RSO | Pink Kush Oil - 5ml til salg online USA, Europa fra den st\u00f8rste online apotek, K\u00f8b My Weed Online til salg.","robots":{"index":"index","follow":"follow","max-snippet":"max-snippet:-1","max-image-preview":"max-image-preview:large","max-video-preview":"max-video-preview:-1"},"canonical":"https:\/\/medicinasinc.com\/da\/product\/rso-pink-kush-olie-5ml\/","og_locale":"en_US","og_type":"article","og_title":"RSO | Pink Kush Oil - 5ml - K\u00f8b My Weed Online - Global Medicnas","og_description":"K\u00f8b RSO | Pink Kush Oil - 5ml til salg online USA, Europa fra den st\u00f8rste online apotek, K\u00f8b My Weed Online til salg.","og_url":"https:\/\/medicinasinc.com\/da\/product\/rso-pink-kush-olie-5ml\/","og_site_name":"Medicinas Inc","article_modified_time":"2022-03-20T00:58:43+00:00","og_image":[{"width":800,"height":800,"url":"https:\/\/medicinasinc.com\/da\/wp-content\/uploads\/sites\/8\/2022\/02\/Buy-RSO-Pink-Kush-Oil-\u2013-5ml.jpg","type":"image\/jpeg"}],"twitter_card":"summary_large_image","twitter_misc":{"Est. reading time":"1 minute"},"schema":{"@context":"https:\/\/schema.org","@graph":[{"@type":"WebPage","@id":"https:\/\/medicinasinc.com\/da\/product\/rso-pink-kush-olie-5ml\/","url":"https:\/\/medicinasinc.com\/da\/product\/rso-pink-kush-olie-5ml\/","name":"RSO | Pink Kush Oil - 5ml - K\u00f8b My Weed Online - Global Medicnas","isPartOf":{"@id":"https:\/\/medicinasinc.com\/da\/#website"},"primaryImageOfPage":{"@id":"https:\/\/medicinasinc.com\/da\/product\/rso-pink-kush-olie-5ml\/#primaryimage"},"image":{"@id":"https:\/\/medicinasinc.com\/da\/product\/rso-pink-kush-olie-5ml\/#primaryimage"},"thumbnailUrl":"https:\/\/medicinasinc.com\/da\/wp-content\/uploads\/sites\/8\/2022\/02\/Buy-RSO-Pink-Kush-Oil-\u2013-5ml.jpg","datePublished":"2022-02-20T09:01:25+00:00","dateModified":"2022-03-20T00:58:43+00:00","description":"K\u00f8b RSO | Pink Kush Oil - 5ml til salg online USA, Europa fra den st\u00f8rste online apotek, K\u00f8b My Weed Online til salg.","breadcrumb":{"@id":"https:\/\/medicinasinc.com\/da\/product\/rso-pink-kush-olie-5ml\/#breadcrumb"},"inLanguage":"en-US","potentialAction":[{"@type":"ReadAction","target":["https:\/\/medicinasinc.com\/da\/product\/rso-pink-kush-olie-5ml\/"]}]},{"@type":"ImageObject","inLanguage":"en-US","@id":"https:\/\/medicinasinc.com\/da\/product\/rso-pink-kush-olie-5ml\/#primaryimage","url":"https:\/\/medicinasinc.com\/da\/wp-content\/uploads\/sites\/8\/2022\/02\/Buy-RSO-Pink-Kush-Oil-\u2013-5ml.jpg","contentUrl":"https:\/\/medicinasinc.com\/da\/wp-content\/uploads\/sites\/8\/2022\/02\/Buy-RSO-Pink-Kush-Oil-\u2013-5ml.jpg","width":800,"height":800},{"@type":"BreadcrumbList","@id":"https:\/\/medicinasinc.com\/da\/product\/rso-pink-kush-olie-5ml\/#breadcrumb","itemListElement":[{"@type":"ListItem","position":1,"name":"Butik","item":"https:\/\/medicinasinc.com\/da\/butik\/"},{"@type":"ListItem","position":2,"name":"RSO | Pink Kush olie \u2013 5 ml"}]},{"@type":"WebSite","@id":"https:\/\/medicinasinc.com\/da\/#website","url":"https:\/\/medicinasinc.com\/da\/","name":"Medicinas Inc","description":"Health Medical Clinic","potentialAction":[{"@type":"SearchAction","target":{"@type":"EntryPoint","urlTemplate":"https:\/\/medicinasinc.com\/da\/?s={search_term_string}"},"query-input":{"@type":"PropertyValueSpecification","valueRequired":true,"valueName":"search_term_string"}}],"inLanguage":"en-US"}]}},"_links":{"self":[{"href":"https:\/\/medicinasinc.com\/da\/wp-json\/wp\/v2\/product\/4413","targetHints":{"allow":["GET"]}}],"collection":[{"href":"https:\/\/medicinasinc.com\/da\/wp-json\/wp\/v2\/product"}],"about":[{"href":"https:\/\/medicinasinc.com\/da\/wp-json\/wp\/v2\/types\/product"}],"replies":[{"embeddable":true,"href":"https:\/\/medicinasinc.com\/da\/wp-json\/wp\/v2\/comments?post=4413"}],"wp:featuredmedia":[{"embeddable":true,"href":"https:\/\/medicinasinc.com\/da\/wp-json\/wp\/v2\/media\/4447"}],"wp:attachment":[{"href":"https:\/\/medicinasinc.com\/da\/wp-json\/wp\/v2\/media?parent=4413"}],"wp:term":[{"taxonomy":"product_brand","embeddable":true,"href":"https:\/\/medicinasinc.com\/da\/wp-json\/wp\/v2\/product_brand?post=4413"},{"taxonomy":"product_cat","embeddable":true,"href":"https:\/\/medicinasinc.com\/da\/wp-json\/wp\/v2\/product_cat?post=4413"},{"taxonomy":"product_tag","embeddable":true,"href":"https:\/\/medicinasinc.com\/da\/wp-json\/wp\/v2\/product_tag?post=4413"}],"curies":[{"name":"wp","href":"https:\/\/api.w.org\/{rel}","templated":true}]}}