{"id":4404,"date":"2022-02-20T08:55:28","date_gmt":"2022-02-20T08:55:28","guid":{"rendered":"https:\/\/medicinasinc.com\/da\/?post_type=product&#038;p=4404"},"modified":"2022-03-20T00:58:59","modified_gmt":"2022-03-20T00:58:59","slug":"kob-pink-kush-thc-destillat-dabeast","status":"publish","type":"product","link":"https:\/\/medicinasinc.com\/da\/product\/kob-pink-kush-thc-destillat-dabeast\/","title":{"rendered":"K\u00f8b Pink Kush THC-destillat \u2013 Dabeast"},"content":{"rendered":"<p>Pink Kush THC-destillat til salg \u2013 Dabeast<\/p>\n<p>Sabre Vape Pen med Pink Kush THC-destillat \u2013 Dabeast<\/p>\n<p>1 x Sabre elektronisk cigaret<br \/> 1 x Pink Kush pre- fyldt pod<br \/> 1 x mikro-USB-kabel OG\/ELLER 1 x Pink Kush pr\u00e6fyldt pod<\/p>\n<p>S\u00e6t pod i Sabre Pen og begynd straks at dampe. Den fulde effekt kan tage op til femten minutter at m\u00e6rke. To til fire sug anbefales til patienter, der ikke har indtaget i et stykke tid, men op til ti sug b\u00f8r v\u00e6re tilstr\u00e6kkeligt for dem, der indtager hyppigere.<\/p>\n<p>Kush Pink<br \/> Pink Kushs genetiske afstamning er ukendt \u2013 men det er almindeligt antaget at v\u00e6re en sl\u00e6gtning til den legendariske OG Kush. Denne indica-dominante hybrid producerer en st\u00e6rk fysisk high, hvilket g\u00f8r den til en af \u200b\u200bde mest medicinske stammer, der findes. Pink Kush har en s\u00f8d aroma, der minder om vanilje eller sukkerholdige slik, med undertoner af frisk fyrretr\u00e6. Pink Kush giver en langvarig, kropsfokuseret high, der er ledsaget af euforiske og opl\u00f8ftende effekter. Ved h\u00f8je doser kan nogle brugere opleve alvorlige munchies, hvilket g\u00f8r Pink Kush til en fremragende stamme til at stimulere appetittab. Pink Kush er en alsidig medicin, der kan bruges til at behandle depression, angst, bet\u00e6ndelse, kroniske smerter, migr\u00e6ne, hovedpine, s\u00f8vnl\u00f8shed og appetitl\u00f8shed.<\/p>\n","protected":false},"excerpt":{"rendered":"<p>K\u00f8b Pink Kush THC Destillate Sabre Vape Pens til salg i Det Forenede Kongerige, Europa og USA fra verdens st\u00f8rste online apotek, K\u00f8b My Weed Online.<\/p>\n<p>K\u00f8b Pink Kush THC Indica destillatspr\u00f8jter fra det #1 mest betroede postordremarihuana-websted &#8211; Bedste urtemedicin med gratis forsendelse! Mere end $150.<\/p>\n<p>&nbsp;<\/p>\n<ul>\n<li>Forsendelse over hele verden<\/li>\n<li>Minimumsordrem\u00e6ngde er 5 patroner<\/li>\n<li><strong>Kontakt os <\/strong>\u00a0for st\u00f8rre ordrer<\/li>\n<\/ul>\n","protected":false},"featured_media":4438,"comment_status":"open","ping_status":"closed","template":"","meta":[],"product_brand":[],"product_cat":[440],"product_tag":[],"class_list":{"0":"post-4404","1":"product","2":"type-product","3":"status-publish","4":"has-post-thumbnail","6":"product_cat-kb-cannabis-cbd-olie","8":"first","9":"instock","10":"shipping-taxable","11":"purchasable","12":"product-type-simple"},"yoast_head":"<!-- This site is optimized with the Yoast SEO plugin v27.3 - https:\/\/yoast.com\/product\/yoast-seo-wordpress\/ -->\n<title>K\u00f8b Pink Kush THC-destillat \u2013 Dabeast - Bedste globale medicin<\/title>\n<meta name=\"description\" content=\"K\u00f8b Pink Kush THC Destillate Sabre Vape Pen til salg UK, EuropE- Dabeast online USA fra den st\u00f8rste online dispensary, K\u00f8b My Weed Online.\" \/>\n<meta name=\"robots\" content=\"index, follow, max-snippet:-1, max-image-preview:large, max-video-preview:-1\" \/>\n<link rel=\"canonical\" href=\"https:\/\/medicinasinc.com\/da\/product\/kob-pink-kush-thc-destillat-dabeast\/\" \/>\n<meta property=\"og:locale\" content=\"en_US\" \/>\n<meta property=\"og:type\" content=\"article\" \/>\n<meta property=\"og:title\" content=\"K\u00f8b Pink Kush THC-destillat \u2013 Dabeast - Bedste globale medicin\" \/>\n<meta property=\"og:description\" content=\"K\u00f8b Pink Kush THC Destillate Sabre Vape Pen til salg UK, EuropE- Dabeast online USA fra den st\u00f8rste online dispensary, K\u00f8b My Weed Online.\" \/>\n<meta property=\"og:url\" content=\"https:\/\/medicinasinc.com\/da\/product\/kob-pink-kush-thc-destillat-dabeast\/\" \/>\n<meta property=\"og:site_name\" content=\"Medicinas Inc\" \/>\n<meta property=\"article:modified_time\" content=\"2022-03-20T00:58:59+00:00\" \/>\n<meta property=\"og:image\" content=\"https:\/\/medicinasinc.com\/da\/wp-content\/uploads\/sites\/8\/2022\/02\/Buy-Pink-Kush-THC-Distillate-\u2013-Dabeast.jpg\" \/>\n\t<meta property=\"og:image:width\" content=\"600\" \/>\n\t<meta property=\"og:image:height\" content=\"600\" \/>\n\t<meta property=\"og:image:type\" content=\"image\/jpeg\" \/>\n<meta name=\"twitter:card\" content=\"summary_large_image\" \/>\n<meta name=\"twitter:label1\" content=\"Est. reading time\" \/>\n\t<meta name=\"twitter:data1\" content=\"1 minute\" \/>\n<script type=\"application\/ld+json\" class=\"yoast-schema-graph\">{\"@context\":\"https:\\\/\\\/schema.org\",\"@graph\":[{\"@type\":\"WebPage\",\"@id\":\"https:\\\/\\\/medicinasinc.com\\\/da\\\/product\\\/kob-pink-kush-thc-destillat-dabeast\\\/\",\"url\":\"https:\\\/\\\/medicinasinc.com\\\/da\\\/product\\\/kob-pink-kush-thc-destillat-dabeast\\\/\",\"name\":\"K\u00f8b Pink Kush THC-destillat \u2013 Dabeast - Bedste globale medicin\",\"isPartOf\":{\"@id\":\"https:\\\/\\\/medicinasinc.com\\\/da\\\/#website\"},\"primaryImageOfPage\":{\"@id\":\"https:\\\/\\\/medicinasinc.com\\\/da\\\/product\\\/kob-pink-kush-thc-destillat-dabeast\\\/#primaryimage\"},\"image\":{\"@id\":\"https:\\\/\\\/medicinasinc.com\\\/da\\\/product\\\/kob-pink-kush-thc-destillat-dabeast\\\/#primaryimage\"},\"thumbnailUrl\":\"https:\\\/\\\/medicinasinc.com\\\/da\\\/wp-content\\\/uploads\\\/sites\\\/8\\\/2022\\\/02\\\/Buy-Pink-Kush-THC-Distillate-\u2013-Dabeast.jpg\",\"datePublished\":\"2022-02-20T08:55:28+00:00\",\"dateModified\":\"2022-03-20T00:58:59+00:00\",\"description\":\"K\u00f8b Pink Kush THC Destillate Sabre Vape Pen til salg UK, EuropE- Dabeast online USA fra den st\u00f8rste online dispensary, K\u00f8b My Weed Online.\",\"breadcrumb\":{\"@id\":\"https:\\\/\\\/medicinasinc.com\\\/da\\\/product\\\/kob-pink-kush-thc-destillat-dabeast\\\/#breadcrumb\"},\"inLanguage\":\"en-US\",\"potentialAction\":[{\"@type\":\"ReadAction\",\"target\":[\"https:\\\/\\\/medicinasinc.com\\\/da\\\/product\\\/kob-pink-kush-thc-destillat-dabeast\\\/\"]}]},{\"@type\":\"ImageObject\",\"inLanguage\":\"en-US\",\"@id\":\"https:\\\/\\\/medicinasinc.com\\\/da\\\/product\\\/kob-pink-kush-thc-destillat-dabeast\\\/#primaryimage\",\"url\":\"https:\\\/\\\/medicinasinc.com\\\/da\\\/wp-content\\\/uploads\\\/sites\\\/8\\\/2022\\\/02\\\/Buy-Pink-Kush-THC-Distillate-\u2013-Dabeast.jpg\",\"contentUrl\":\"https:\\\/\\\/medicinasinc.com\\\/da\\\/wp-content\\\/uploads\\\/sites\\\/8\\\/2022\\\/02\\\/Buy-Pink-Kush-THC-Distillate-\u2013-Dabeast.jpg\",\"width\":600,\"height\":600},{\"@type\":\"BreadcrumbList\",\"@id\":\"https:\\\/\\\/medicinasinc.com\\\/da\\\/product\\\/kob-pink-kush-thc-destillat-dabeast\\\/#breadcrumb\",\"itemListElement\":[{\"@type\":\"ListItem\",\"position\":1,\"name\":\"Butik\",\"item\":\"https:\\\/\\\/medicinasinc.com\\\/da\\\/butik\\\/\"},{\"@type\":\"ListItem\",\"position\":2,\"name\":\"K\u00f8b Pink Kush THC-destillat \u2013 Dabeast\"}]},{\"@type\":\"WebSite\",\"@id\":\"https:\\\/\\\/medicinasinc.com\\\/da\\\/#website\",\"url\":\"https:\\\/\\\/medicinasinc.com\\\/da\\\/\",\"name\":\"Medicinas Inc\",\"description\":\"Health Medical Clinic\",\"potentialAction\":[{\"@type\":\"SearchAction\",\"target\":{\"@type\":\"EntryPoint\",\"urlTemplate\":\"https:\\\/\\\/medicinasinc.com\\\/da\\\/?s={search_term_string}\"},\"query-input\":{\"@type\":\"PropertyValueSpecification\",\"valueRequired\":true,\"valueName\":\"search_term_string\"}}],\"inLanguage\":\"en-US\"}]}<\/script>\n<!-- \/ Yoast SEO plugin. -->","yoast_head_json":{"title":"K\u00f8b Pink Kush THC-destillat \u2013 Dabeast - Bedste globale medicin","description":"K\u00f8b Pink Kush THC Destillate Sabre Vape Pen til salg UK, EuropE- Dabeast online USA fra den st\u00f8rste online dispensary, K\u00f8b My Weed Online.","robots":{"index":"index","follow":"follow","max-snippet":"max-snippet:-1","max-image-preview":"max-image-preview:large","max-video-preview":"max-video-preview:-1"},"canonical":"https:\/\/medicinasinc.com\/da\/product\/kob-pink-kush-thc-destillat-dabeast\/","og_locale":"en_US","og_type":"article","og_title":"K\u00f8b Pink Kush THC-destillat \u2013 Dabeast - Bedste globale medicin","og_description":"K\u00f8b Pink Kush THC Destillate Sabre Vape Pen til salg UK, EuropE- Dabeast online USA fra den st\u00f8rste online dispensary, K\u00f8b My Weed Online.","og_url":"https:\/\/medicinasinc.com\/da\/product\/kob-pink-kush-thc-destillat-dabeast\/","og_site_name":"Medicinas Inc","article_modified_time":"2022-03-20T00:58:59+00:00","og_image":[{"width":600,"height":600,"url":"https:\/\/medicinasinc.com\/da\/wp-content\/uploads\/sites\/8\/2022\/02\/Buy-Pink-Kush-THC-Distillate-\u2013-Dabeast.jpg","type":"image\/jpeg"}],"twitter_card":"summary_large_image","twitter_misc":{"Est. reading time":"1 minute"},"schema":{"@context":"https:\/\/schema.org","@graph":[{"@type":"WebPage","@id":"https:\/\/medicinasinc.com\/da\/product\/kob-pink-kush-thc-destillat-dabeast\/","url":"https:\/\/medicinasinc.com\/da\/product\/kob-pink-kush-thc-destillat-dabeast\/","name":"K\u00f8b Pink Kush THC-destillat \u2013 Dabeast - Bedste globale medicin","isPartOf":{"@id":"https:\/\/medicinasinc.com\/da\/#website"},"primaryImageOfPage":{"@id":"https:\/\/medicinasinc.com\/da\/product\/kob-pink-kush-thc-destillat-dabeast\/#primaryimage"},"image":{"@id":"https:\/\/medicinasinc.com\/da\/product\/kob-pink-kush-thc-destillat-dabeast\/#primaryimage"},"thumbnailUrl":"https:\/\/medicinasinc.com\/da\/wp-content\/uploads\/sites\/8\/2022\/02\/Buy-Pink-Kush-THC-Distillate-\u2013-Dabeast.jpg","datePublished":"2022-02-20T08:55:28+00:00","dateModified":"2022-03-20T00:58:59+00:00","description":"K\u00f8b Pink Kush THC Destillate Sabre Vape Pen til salg UK, EuropE- Dabeast online USA fra den st\u00f8rste online dispensary, K\u00f8b My Weed Online.","breadcrumb":{"@id":"https:\/\/medicinasinc.com\/da\/product\/kob-pink-kush-thc-destillat-dabeast\/#breadcrumb"},"inLanguage":"en-US","potentialAction":[{"@type":"ReadAction","target":["https:\/\/medicinasinc.com\/da\/product\/kob-pink-kush-thc-destillat-dabeast\/"]}]},{"@type":"ImageObject","inLanguage":"en-US","@id":"https:\/\/medicinasinc.com\/da\/product\/kob-pink-kush-thc-destillat-dabeast\/#primaryimage","url":"https:\/\/medicinasinc.com\/da\/wp-content\/uploads\/sites\/8\/2022\/02\/Buy-Pink-Kush-THC-Distillate-\u2013-Dabeast.jpg","contentUrl":"https:\/\/medicinasinc.com\/da\/wp-content\/uploads\/sites\/8\/2022\/02\/Buy-Pink-Kush-THC-Distillate-\u2013-Dabeast.jpg","width":600,"height":600},{"@type":"BreadcrumbList","@id":"https:\/\/medicinasinc.com\/da\/product\/kob-pink-kush-thc-destillat-dabeast\/#breadcrumb","itemListElement":[{"@type":"ListItem","position":1,"name":"Butik","item":"https:\/\/medicinasinc.com\/da\/butik\/"},{"@type":"ListItem","position":2,"name":"K\u00f8b Pink Kush THC-destillat \u2013 Dabeast"}]},{"@type":"WebSite","@id":"https:\/\/medicinasinc.com\/da\/#website","url":"https:\/\/medicinasinc.com\/da\/","name":"Medicinas Inc","description":"Health Medical Clinic","potentialAction":[{"@type":"SearchAction","target":{"@type":"EntryPoint","urlTemplate":"https:\/\/medicinasinc.com\/da\/?s={search_term_string}"},"query-input":{"@type":"PropertyValueSpecification","valueRequired":true,"valueName":"search_term_string"}}],"inLanguage":"en-US"}]}},"_links":{"self":[{"href":"https:\/\/medicinasinc.com\/da\/wp-json\/wp\/v2\/product\/4404","targetHints":{"allow":["GET"]}}],"collection":[{"href":"https:\/\/medicinasinc.com\/da\/wp-json\/wp\/v2\/product"}],"about":[{"href":"https:\/\/medicinasinc.com\/da\/wp-json\/wp\/v2\/types\/product"}],"replies":[{"embeddable":true,"href":"https:\/\/medicinasinc.com\/da\/wp-json\/wp\/v2\/comments?post=4404"}],"wp:featuredmedia":[{"embeddable":true,"href":"https:\/\/medicinasinc.com\/da\/wp-json\/wp\/v2\/media\/4438"}],"wp:attachment":[{"href":"https:\/\/medicinasinc.com\/da\/wp-json\/wp\/v2\/media?parent=4404"}],"wp:term":[{"taxonomy":"product_brand","embeddable":true,"href":"https:\/\/medicinasinc.com\/da\/wp-json\/wp\/v2\/product_brand?post=4404"},{"taxonomy":"product_cat","embeddable":true,"href":"https:\/\/medicinasinc.com\/da\/wp-json\/wp\/v2\/product_cat?post=4404"},{"taxonomy":"product_tag","embeddable":true,"href":"https:\/\/medicinasinc.com\/da\/wp-json\/wp\/v2\/product_tag?post=4404"}],"curies":[{"name":"wp","href":"https:\/\/api.w.org\/{rel}","templated":true}]}}