{"id":4390,"date":"2022-02-20T08:47:42","date_gmt":"2022-02-20T08:47:42","guid":{"rendered":"https:\/\/medicinasinc.com\/da\/?post_type=product&#038;p=4390"},"modified":"2022-03-20T00:59:19","modified_gmt":"2022-03-20T00:59:19","slug":"kob-citron-haze-co2-1g-vape-patron","status":"publish","type":"product","link":"https:\/\/medicinasinc.com\/da\/product\/kob-citron-haze-co2-1g-vape-patron\/","title":{"rendered":"K\u00f8b Lemon Haze CO2 1g vape patron"},"content":{"rendered":"<p>Lemon Haze CO2 1g vape patron til salg.<\/p>\n<p>Lemon Haze CO2 1g vape patron til salg.<\/p>\n<p>Lemon Haze CO2 vape patron til salg. Af Pure str\u00e6ber vi efter at levere den reneste, sikreste og mest konsistente olie, der er tilg\u00e6ngelig. Vores smag er udelukkende lavet af naturligt forekommende frugtterpener. 1 gram uforfalsket cannabisolie<br \/> Green House Seeds&#8217; Lemon Skunk Super Silver Haze er en Sativa-dominerende hybrid af Lemon Skunk og Super Silver Haze, der har vundet to Cannabis Cups. Super Lemon Haze er et flerfarvet kief-caked vidunder. Som antydet af navnet, udviser denne stamme tydelige citronagtige egenskaber. Duften er citrusagtig, frisk og let s\u00f8dlig. Smagen er pr\u00e6cis, hvad man ville forvente af navnebroren; syrlig og s\u00f8d, ligner Lemonheads slik \u2013 dog ikke helt s\u00e5 skarp, som man kunne forvente.<\/p>\n<p>THC-indhold: 65,22 procent CBD-indhold: 2,86 procent<\/p>\n","protected":false},"excerpt":{"rendered":"<p>Co2 Vape Cartridge Super Lemon Haze<\/p>\n<p>K\u00f8b Super Lemon Haze Cannabis Oil Vape Cartridge Strain i Det Forenede Kongerige og Europa. Metode til SativaOil-ekstraktion: Subkritisk CO2. Vape Cartridge til Super Lemon Haze Cannabis Oil.<\/p>\n<p>En af de bedste Co2 Vape Cartridges p\u00e5 markedet er Super Lemon Haze. Mere specifikt er duften zesty, citrusagtig og let s\u00f8dlig. Smagen er syrlig og s\u00f8d, der minder om citronhoveder slik. X-trates CO2 vape patroner indeholder kun ren cannabisolie, der indeholder et bredt spektrum af organiske cannabinoider og terpener. Derudover er 1g og 0,5ml patroner tilg\u00e6ngelige.<\/p>\n<p>Prisen p\u00e5 produktet er som f\u00f8lger: pr. 1g patron<br \/> Der kr\u00e6ves en minimumsbestillingsm\u00e6ngde p\u00e5 5 patroner.<\/p>\n","protected":false},"featured_media":4423,"comment_status":"open","ping_status":"closed","template":"","meta":[],"product_brand":[],"product_cat":[440],"product_tag":[481,484,486,487,483,485,482,488],"class_list":{"0":"post-4390","1":"product","2":"type-product","3":"status-publish","4":"has-post-thumbnail","6":"product_cat-kb-cannabis-cbd-olie","7":"product_tag-pre-filled-vape-cartridges-europe-tags-super-lemon-haze-allbud","8":"product_tag-super-citron-dis-kongepen","9":"product_tag-super-citron-dis-pris","10":"product_tag-super-citron-dis-fr","11":"product_tag-super-citron-haze-co2-vape-patron","12":"product_tag-super-citron-haze-olie-patron","13":"product_tag-super-citron-dis-mcen","14":"product_tag-super-lemon-haze-yield-description-reviews-0","16":"first","17":"instock","18":"shipping-taxable","19":"purchasable","20":"product-type-variable","21":"has-default-attributes"},"yoast_head":"<!-- This site is optimized with the Yoast SEO plugin v27.3 - https:\/\/yoast.com\/product\/yoast-seo-wordpress\/ -->\n<title>K\u00f8b Lemon Haze CO2 vape patron - bedste globale medicin<\/title>\n<meta name=\"description\" content=\"K\u00f8b Super Lemon Haze Cannabis Oil Vape Cartridge Strain til salg i Storbritannien, Europa. SativaOil Ekstraktionsmetode: Subkritisk CO2. Super Lemon Haze Cannabis Oil Vape Cartridge.\" \/>\n<meta name=\"robots\" content=\"index, follow, max-snippet:-1, max-image-preview:large, max-video-preview:-1\" \/>\n<link rel=\"canonical\" href=\"https:\/\/medicinasinc.com\/da\/product\/kob-citron-haze-co2-1g-vape-patron\/\" \/>\n<meta property=\"og:locale\" content=\"en_US\" \/>\n<meta property=\"og:type\" content=\"article\" \/>\n<meta property=\"og:title\" content=\"K\u00f8b Lemon Haze CO2 vape patron - bedste globale medicin\" \/>\n<meta property=\"og:description\" content=\"K\u00f8b Super Lemon Haze Cannabis Oil Vape Cartridge Strain til salg i Storbritannien, Europa. SativaOil Ekstraktionsmetode: Subkritisk CO2. Super Lemon Haze Cannabis Oil Vape Cartridge.\" \/>\n<meta property=\"og:url\" content=\"https:\/\/medicinasinc.com\/da\/product\/kob-citron-haze-co2-1g-vape-patron\/\" \/>\n<meta property=\"og:site_name\" content=\"Medicinas Inc\" \/>\n<meta property=\"article:modified_time\" content=\"2022-03-20T00:59:19+00:00\" \/>\n<meta property=\"og:image\" content=\"https:\/\/medicinasinc.com\/da\/wp-content\/uploads\/sites\/8\/2022\/02\/Buy-High-THC-Cannabis-Oil-1g-cartridge-online.jpg\" \/>\n\t<meta property=\"og:image:width\" content=\"600\" \/>\n\t<meta property=\"og:image:height\" content=\"600\" \/>\n\t<meta property=\"og:image:type\" content=\"image\/jpeg\" \/>\n<meta name=\"twitter:card\" content=\"summary_large_image\" \/>\n<meta name=\"twitter:label1\" content=\"Est. reading time\" \/>\n\t<meta name=\"twitter:data1\" content=\"1 minute\" \/>\n<script type=\"application\/ld+json\" class=\"yoast-schema-graph\">{\"@context\":\"https:\\\/\\\/schema.org\",\"@graph\":[{\"@type\":\"WebPage\",\"@id\":\"https:\\\/\\\/medicinasinc.com\\\/da\\\/product\\\/kob-citron-haze-co2-1g-vape-patron\\\/\",\"url\":\"https:\\\/\\\/medicinasinc.com\\\/da\\\/product\\\/kob-citron-haze-co2-1g-vape-patron\\\/\",\"name\":\"K\u00f8b Lemon Haze CO2 vape patron - bedste globale medicin\",\"isPartOf\":{\"@id\":\"https:\\\/\\\/medicinasinc.com\\\/da\\\/#website\"},\"primaryImageOfPage\":{\"@id\":\"https:\\\/\\\/medicinasinc.com\\\/da\\\/product\\\/kob-citron-haze-co2-1g-vape-patron\\\/#primaryimage\"},\"image\":{\"@id\":\"https:\\\/\\\/medicinasinc.com\\\/da\\\/product\\\/kob-citron-haze-co2-1g-vape-patron\\\/#primaryimage\"},\"thumbnailUrl\":\"https:\\\/\\\/medicinasinc.com\\\/da\\\/wp-content\\\/uploads\\\/sites\\\/8\\\/2022\\\/02\\\/Buy-High-THC-Cannabis-Oil-1g-cartridge-online.jpg\",\"datePublished\":\"2022-02-20T08:47:42+00:00\",\"dateModified\":\"2022-03-20T00:59:19+00:00\",\"description\":\"K\u00f8b Super Lemon Haze Cannabis Oil Vape Cartridge Strain til salg i Storbritannien, Europa. SativaOil Ekstraktionsmetode: Subkritisk CO2. Super Lemon Haze Cannabis Oil Vape Cartridge.\",\"breadcrumb\":{\"@id\":\"https:\\\/\\\/medicinasinc.com\\\/da\\\/product\\\/kob-citron-haze-co2-1g-vape-patron\\\/#breadcrumb\"},\"inLanguage\":\"en-US\",\"potentialAction\":[{\"@type\":\"ReadAction\",\"target\":[\"https:\\\/\\\/medicinasinc.com\\\/da\\\/product\\\/kob-citron-haze-co2-1g-vape-patron\\\/\"]}]},{\"@type\":\"ImageObject\",\"inLanguage\":\"en-US\",\"@id\":\"https:\\\/\\\/medicinasinc.com\\\/da\\\/product\\\/kob-citron-haze-co2-1g-vape-patron\\\/#primaryimage\",\"url\":\"https:\\\/\\\/medicinasinc.com\\\/da\\\/wp-content\\\/uploads\\\/sites\\\/8\\\/2022\\\/02\\\/Buy-High-THC-Cannabis-Oil-1g-cartridge-online.jpg\",\"contentUrl\":\"https:\\\/\\\/medicinasinc.com\\\/da\\\/wp-content\\\/uploads\\\/sites\\\/8\\\/2022\\\/02\\\/Buy-High-THC-Cannabis-Oil-1g-cartridge-online.jpg\",\"width\":600,\"height\":600},{\"@type\":\"BreadcrumbList\",\"@id\":\"https:\\\/\\\/medicinasinc.com\\\/da\\\/product\\\/kob-citron-haze-co2-1g-vape-patron\\\/#breadcrumb\",\"itemListElement\":[{\"@type\":\"ListItem\",\"position\":1,\"name\":\"Butik\",\"item\":\"https:\\\/\\\/medicinasinc.com\\\/da\\\/butik\\\/\"},{\"@type\":\"ListItem\",\"position\":2,\"name\":\"K\u00f8b Lemon Haze CO2 1g vape patron\"}]},{\"@type\":\"WebSite\",\"@id\":\"https:\\\/\\\/medicinasinc.com\\\/da\\\/#website\",\"url\":\"https:\\\/\\\/medicinasinc.com\\\/da\\\/\",\"name\":\"Medicinas Inc\",\"description\":\"Health Medical Clinic\",\"potentialAction\":[{\"@type\":\"SearchAction\",\"target\":{\"@type\":\"EntryPoint\",\"urlTemplate\":\"https:\\\/\\\/medicinasinc.com\\\/da\\\/?s={search_term_string}\"},\"query-input\":{\"@type\":\"PropertyValueSpecification\",\"valueRequired\":true,\"valueName\":\"search_term_string\"}}],\"inLanguage\":\"en-US\"}]}<\/script>\n<!-- \/ Yoast SEO plugin. -->","yoast_head_json":{"title":"K\u00f8b Lemon Haze CO2 vape patron - bedste globale medicin","description":"K\u00f8b Super Lemon Haze Cannabis Oil Vape Cartridge Strain til salg i Storbritannien, Europa. SativaOil Ekstraktionsmetode: Subkritisk CO2. Super Lemon Haze Cannabis Oil Vape Cartridge.","robots":{"index":"index","follow":"follow","max-snippet":"max-snippet:-1","max-image-preview":"max-image-preview:large","max-video-preview":"max-video-preview:-1"},"canonical":"https:\/\/medicinasinc.com\/da\/product\/kob-citron-haze-co2-1g-vape-patron\/","og_locale":"en_US","og_type":"article","og_title":"K\u00f8b Lemon Haze CO2 vape patron - bedste globale medicin","og_description":"K\u00f8b Super Lemon Haze Cannabis Oil Vape Cartridge Strain til salg i Storbritannien, Europa. SativaOil Ekstraktionsmetode: Subkritisk CO2. Super Lemon Haze Cannabis Oil Vape Cartridge.","og_url":"https:\/\/medicinasinc.com\/da\/product\/kob-citron-haze-co2-1g-vape-patron\/","og_site_name":"Medicinas Inc","article_modified_time":"2022-03-20T00:59:19+00:00","og_image":[{"width":600,"height":600,"url":"https:\/\/medicinasinc.com\/da\/wp-content\/uploads\/sites\/8\/2022\/02\/Buy-High-THC-Cannabis-Oil-1g-cartridge-online.jpg","type":"image\/jpeg"}],"twitter_card":"summary_large_image","twitter_misc":{"Est. reading time":"1 minute"},"schema":{"@context":"https:\/\/schema.org","@graph":[{"@type":"WebPage","@id":"https:\/\/medicinasinc.com\/da\/product\/kob-citron-haze-co2-1g-vape-patron\/","url":"https:\/\/medicinasinc.com\/da\/product\/kob-citron-haze-co2-1g-vape-patron\/","name":"K\u00f8b Lemon Haze CO2 vape patron - bedste globale medicin","isPartOf":{"@id":"https:\/\/medicinasinc.com\/da\/#website"},"primaryImageOfPage":{"@id":"https:\/\/medicinasinc.com\/da\/product\/kob-citron-haze-co2-1g-vape-patron\/#primaryimage"},"image":{"@id":"https:\/\/medicinasinc.com\/da\/product\/kob-citron-haze-co2-1g-vape-patron\/#primaryimage"},"thumbnailUrl":"https:\/\/medicinasinc.com\/da\/wp-content\/uploads\/sites\/8\/2022\/02\/Buy-High-THC-Cannabis-Oil-1g-cartridge-online.jpg","datePublished":"2022-02-20T08:47:42+00:00","dateModified":"2022-03-20T00:59:19+00:00","description":"K\u00f8b Super Lemon Haze Cannabis Oil Vape Cartridge Strain til salg i Storbritannien, Europa. SativaOil Ekstraktionsmetode: Subkritisk CO2. Super Lemon Haze Cannabis Oil Vape Cartridge.","breadcrumb":{"@id":"https:\/\/medicinasinc.com\/da\/product\/kob-citron-haze-co2-1g-vape-patron\/#breadcrumb"},"inLanguage":"en-US","potentialAction":[{"@type":"ReadAction","target":["https:\/\/medicinasinc.com\/da\/product\/kob-citron-haze-co2-1g-vape-patron\/"]}]},{"@type":"ImageObject","inLanguage":"en-US","@id":"https:\/\/medicinasinc.com\/da\/product\/kob-citron-haze-co2-1g-vape-patron\/#primaryimage","url":"https:\/\/medicinasinc.com\/da\/wp-content\/uploads\/sites\/8\/2022\/02\/Buy-High-THC-Cannabis-Oil-1g-cartridge-online.jpg","contentUrl":"https:\/\/medicinasinc.com\/da\/wp-content\/uploads\/sites\/8\/2022\/02\/Buy-High-THC-Cannabis-Oil-1g-cartridge-online.jpg","width":600,"height":600},{"@type":"BreadcrumbList","@id":"https:\/\/medicinasinc.com\/da\/product\/kob-citron-haze-co2-1g-vape-patron\/#breadcrumb","itemListElement":[{"@type":"ListItem","position":1,"name":"Butik","item":"https:\/\/medicinasinc.com\/da\/butik\/"},{"@type":"ListItem","position":2,"name":"K\u00f8b Lemon Haze CO2 1g vape patron"}]},{"@type":"WebSite","@id":"https:\/\/medicinasinc.com\/da\/#website","url":"https:\/\/medicinasinc.com\/da\/","name":"Medicinas Inc","description":"Health Medical Clinic","potentialAction":[{"@type":"SearchAction","target":{"@type":"EntryPoint","urlTemplate":"https:\/\/medicinasinc.com\/da\/?s={search_term_string}"},"query-input":{"@type":"PropertyValueSpecification","valueRequired":true,"valueName":"search_term_string"}}],"inLanguage":"en-US"}]}},"_links":{"self":[{"href":"https:\/\/medicinasinc.com\/da\/wp-json\/wp\/v2\/product\/4390","targetHints":{"allow":["GET"]}}],"collection":[{"href":"https:\/\/medicinasinc.com\/da\/wp-json\/wp\/v2\/product"}],"about":[{"href":"https:\/\/medicinasinc.com\/da\/wp-json\/wp\/v2\/types\/product"}],"replies":[{"embeddable":true,"href":"https:\/\/medicinasinc.com\/da\/wp-json\/wp\/v2\/comments?post=4390"}],"wp:featuredmedia":[{"embeddable":true,"href":"https:\/\/medicinasinc.com\/da\/wp-json\/wp\/v2\/media\/4423"}],"wp:attachment":[{"href":"https:\/\/medicinasinc.com\/da\/wp-json\/wp\/v2\/media?parent=4390"}],"wp:term":[{"taxonomy":"product_brand","embeddable":true,"href":"https:\/\/medicinasinc.com\/da\/wp-json\/wp\/v2\/product_brand?post=4390"},{"taxonomy":"product_cat","embeddable":true,"href":"https:\/\/medicinasinc.com\/da\/wp-json\/wp\/v2\/product_cat?post=4390"},{"taxonomy":"product_tag","embeddable":true,"href":"https:\/\/medicinasinc.com\/da\/wp-json\/wp\/v2\/product_tag?post=4390"}],"curies":[{"name":"wp","href":"https:\/\/api.w.org\/{rel}","templated":true}]}}