{"id":4388,"date":"2022-02-20T08:46:53","date_gmt":"2022-02-20T08:46:53","guid":{"rendered":"https:\/\/medicinasinc.com\/da\/?post_type=product&#038;p=4388"},"modified":"2022-03-20T00:59:28","modified_gmt":"2022-03-20T00:59:28","slug":"kob-high-thc-cannabis-olie-1g-patron-online","status":"publish","type":"product","link":"https:\/\/medicinasinc.com\/da\/product\/kob-high-thc-cannabis-olie-1g-patron-online\/","title":{"rendered":"K\u00f8b High THC Cannabis Oil 1g patron online"},"content":{"rendered":"<p>K\u00f8b en 1g patron med High THC Cannabis Oil online.<\/p>\n<p>I stedet for at blande vores cannabis tilbyder vi patroner i 18 forskellige stammer. Vi bruger ingen tils\u00e6tningsstoffer. Vores cannabis dyrkes naturligt i det nordlige Californiens premium cannabisregion og udvindes derefter rent ved hj\u00e6lp af en patenteret superkritisk CO2-metode.<\/p>\n<p>Cannabisolie til medicinsk brug. Hybrid, Sativa og Indica<\/p>\n<p>De medicinske fordele ved cannabisolie<br \/> Beskyttelse af immunsystemet \u00d8ger dine chancer for remission markant<br \/> Hj\u00e6lper med at stabilisere og udrydde akutte eller kroniske smerter<br \/> Eliminerer potentielt skadelige farmaceutiske protokoller<br \/> Reducerer eller eliminerer malign cellev\u00e6kst. Reducerer eller eliminerer kvalme.<\/p>\n<p>Cannabis har historisk set indeholdt THC-koncentrationer p\u00e5 mellem 12 og 21%.<\/p>\n<p>CBD-koncentrationer i st\u00f8rstedelen af \u200b\u200bCannabis-planter ligger mellem 0,1 og 0,3 procent. Imidlertid er h\u00f8jere CBD-holdige Cannabis-stammer nu tilg\u00e6ngelige, hvilket g\u00f8r CBD-rige Cannabis Olier mere tilg\u00e6ngelige. Disse Cannabisolier kan k\u00f8bes og kan bestilles sikkert online hos os. hasholie til salg online, hvordan k\u00f8ber man hasholie online, h\u00f8j thc olie til salg, bestil hasholie online, k\u00f8b hasholie online, hasholiepatron til salg, hvor kan jeg k\u00f8be thc olie online, thc hasholie til salg, hash oliepatroner til salg online, hvor kan man k\u00f8be denne olie online, k\u00f8b hasholiepatroner online<\/p>\n<p>Derudover foretr\u00e6kkes CBD-rige olier til tilstande som epilepsi, angst, stress og kvalme. CBD-olier vil ogs\u00e5 hj\u00e6lpe dig med at slappe af og vil hj\u00e6lpe dig med behandlingen af \u200b\u200bs\u00f8vnl\u00f8shed, sp\u00e6ndingshovedpine, hum\u00f8rforstyrrelser og opm\u00e6rksomhedsforstyrrelser.<\/p>\n<p>F\u00f8r du k\u00f8ber hash online, er det afg\u00f8rende at forst\u00e5 effekten, hvordan den h\u00e6nger sammen til cannabis, og hvad der adskiller det fra andre ukrudtsprodukter. Hash, en anden betegnelse for &#8220;hash&#8221; i staten, er et cannabiskoncentrat, der formidles via banen p\u00e5 en marihuanaplante. Dette opn\u00e5s ved at adskille en cannabisplantes saftorganer, som tilsammen kaldes trichomes, fra dens blomster. Disse trichomer er kendt for at indeholde de h\u00f8jeste koncentrationer af cannabinoider og terpener, som er de kemiske forbindelser, der er ansvarlige for Maryjanes unikke egenskaber og egenskaber. P\u00e5 grund af den h\u00f8je koncentration af cannabinoider og terpener i hash, besidder den en ekstraordin\u00e6r kapacitet til at skabe overv\u00e6ldende psykoaktive og medicinske m\u00f8der for cannabisklienter. Hasholie er en meget koncentreret form for cannabis, der kan ryges, fordampes, indtages eller skures p\u00e5 huden. Nogle gange omtales brugen af \u200b\u200bhasholie som &#8220;n\u00e5&#8221; eller &#8220;forbrugende&#8221;. Hasholie er afledt af cannabisplanter og indeholder THC (delta-9-tetrahydrocannabinol), den samme revolutionerende forbindelse, som findes i andre Maryjane-produkter. Ikke desto mindre er hasholie mere potent og indeholder op til 90 % ren THC. Naturligvis er THC-indholdet i andre dele af cannabisplanten typisk omkring 12 %. P\u00e5lidelig CO2-udvinding er i \u00f8jeblikket den mest effektive metode til at udvinde THC-olie. Derudover er det den mest almindelige og sikre metode til fremstilling af cannabisolie, destillat og levende tyggegummibiler. Grunden til at den er s\u00e5 udbredt i disse dage er, at denne THC olie er fri for yderligere opl\u00f8sningsmidler s\u00e5som spiritus eller butan. St\u00f8rstedelen af \u200b\u200bTHC-olier indeholder en form for aftagende beredskab. Dette er n\u00f8dvendigt for at sikre, at olien bevarer en ideel konsistens til dampning. De mest bem\u00e6rkelsesv\u00e6rdige faldende specialister er vegetabilsk glycerin og propylenglycol (VG og PG), som almindeligvis findes i standard e-v\u00e6ske. Nogle f\u00e5 indeholder forskellige fyldstoffer s\u00e5som PEG og for nylig TEC Temper, som er en anden tilstand afledt af naturlige terpener. Hasholie kan k\u00f8bes.<\/p>\n","protected":false},"excerpt":{"rendered":"<p>K\u00f8b High THC Marihuana Oil til salg i Storbritannien, Europa online. K\u00f8b 100% ren thc cannabisolie til salg USA. Fuldspektret cannabisolie. THC olie kr\u00e6ft til salg.Styrke: 85% THC &amp; 15 % CBD<\/p>\n<p>produktprisen er som: pr. 5 patroner<\/p>\n<p>Den mindste ordrem\u00e6ngde er: 5 patroner<\/p>\n","protected":false},"featured_media":4423,"comment_status":"open","ping_status":"closed","template":"","meta":[],"product_brand":[],"product_cat":[440],"product_tag":[],"class_list":{"0":"post-4388","1":"product","2":"type-product","3":"status-publish","4":"has-post-thumbnail","6":"product_cat-kb-cannabis-cbd-olie","8":"first","9":"instock","10":"shipping-taxable","11":"purchasable","12":"product-type-variable","13":"has-default-attributes"},"yoast_head":"<!-- This site is optimized with the Yoast SEO plugin v27.3 - https:\/\/yoast.com\/product\/yoast-seo-wordpress\/ -->\n<title>K\u00f8b High THC Cannabis Oil 1g patron online - bedste globale medicin<\/title>\n<meta name=\"description\" content=\"K\u00f8b High THC Marihuana Oil til salg UK, Europa Online. K\u00f8b 100% ren thc cannabisolie til salg USA. Fuldspektret cannabisolie. THC olie kr\u00e6ft til salg.Styrke: 85% THC &amp; 15% CBD\" \/>\n<meta name=\"robots\" content=\"index, follow, max-snippet:-1, max-image-preview:large, max-video-preview:-1\" \/>\n<link rel=\"canonical\" href=\"https:\/\/medicinasinc.com\/da\/product\/kob-high-thc-cannabis-olie-1g-patron-online\/\" \/>\n<meta property=\"og:locale\" content=\"en_US\" \/>\n<meta property=\"og:type\" content=\"article\" \/>\n<meta property=\"og:title\" content=\"K\u00f8b High THC Cannabis Oil 1g patron online - bedste globale medicin\" \/>\n<meta property=\"og:description\" content=\"K\u00f8b High THC Marihuana Oil til salg UK, Europa Online. K\u00f8b 100% ren thc cannabisolie til salg USA. Fuldspektret cannabisolie. THC olie kr\u00e6ft til salg.Styrke: 85% THC &amp; 15% CBD\" \/>\n<meta property=\"og:url\" content=\"https:\/\/medicinasinc.com\/da\/product\/kob-high-thc-cannabis-olie-1g-patron-online\/\" \/>\n<meta property=\"og:site_name\" content=\"Medicinas Inc\" \/>\n<meta property=\"article:modified_time\" content=\"2022-03-20T00:59:28+00:00\" \/>\n<meta property=\"og:image\" content=\"https:\/\/medicinasinc.com\/da\/wp-content\/uploads\/sites\/8\/2022\/02\/Buy-High-THC-Cannabis-Oil-1g-cartridge-online.jpg\" \/>\n\t<meta property=\"og:image:width\" content=\"600\" \/>\n\t<meta property=\"og:image:height\" content=\"600\" \/>\n\t<meta property=\"og:image:type\" content=\"image\/jpeg\" \/>\n<meta name=\"twitter:card\" content=\"summary_large_image\" \/>\n<meta name=\"twitter:label1\" content=\"Est. reading time\" \/>\n\t<meta name=\"twitter:data1\" content=\"3 minutes\" \/>\n<script type=\"application\/ld+json\" class=\"yoast-schema-graph\">{\"@context\":\"https:\\\/\\\/schema.org\",\"@graph\":[{\"@type\":\"WebPage\",\"@id\":\"https:\\\/\\\/medicinasinc.com\\\/da\\\/product\\\/kob-high-thc-cannabis-olie-1g-patron-online\\\/\",\"url\":\"https:\\\/\\\/medicinasinc.com\\\/da\\\/product\\\/kob-high-thc-cannabis-olie-1g-patron-online\\\/\",\"name\":\"K\u00f8b High THC Cannabis Oil 1g patron online - bedste globale medicin\",\"isPartOf\":{\"@id\":\"https:\\\/\\\/medicinasinc.com\\\/da\\\/#website\"},\"primaryImageOfPage\":{\"@id\":\"https:\\\/\\\/medicinasinc.com\\\/da\\\/product\\\/kob-high-thc-cannabis-olie-1g-patron-online\\\/#primaryimage\"},\"image\":{\"@id\":\"https:\\\/\\\/medicinasinc.com\\\/da\\\/product\\\/kob-high-thc-cannabis-olie-1g-patron-online\\\/#primaryimage\"},\"thumbnailUrl\":\"https:\\\/\\\/medicinasinc.com\\\/da\\\/wp-content\\\/uploads\\\/sites\\\/8\\\/2022\\\/02\\\/Buy-High-THC-Cannabis-Oil-1g-cartridge-online.jpg\",\"datePublished\":\"2022-02-20T08:46:53+00:00\",\"dateModified\":\"2022-03-20T00:59:28+00:00\",\"description\":\"K\u00f8b High THC Marihuana Oil til salg UK, Europa Online. K\u00f8b 100% ren thc cannabisolie til salg USA. Fuldspektret cannabisolie. THC olie kr\u00e6ft til salg.Styrke: 85% THC &amp; 15% CBD\",\"breadcrumb\":{\"@id\":\"https:\\\/\\\/medicinasinc.com\\\/da\\\/product\\\/kob-high-thc-cannabis-olie-1g-patron-online\\\/#breadcrumb\"},\"inLanguage\":\"en-US\",\"potentialAction\":[{\"@type\":\"ReadAction\",\"target\":[\"https:\\\/\\\/medicinasinc.com\\\/da\\\/product\\\/kob-high-thc-cannabis-olie-1g-patron-online\\\/\"]}]},{\"@type\":\"ImageObject\",\"inLanguage\":\"en-US\",\"@id\":\"https:\\\/\\\/medicinasinc.com\\\/da\\\/product\\\/kob-high-thc-cannabis-olie-1g-patron-online\\\/#primaryimage\",\"url\":\"https:\\\/\\\/medicinasinc.com\\\/da\\\/wp-content\\\/uploads\\\/sites\\\/8\\\/2022\\\/02\\\/Buy-High-THC-Cannabis-Oil-1g-cartridge-online.jpg\",\"contentUrl\":\"https:\\\/\\\/medicinasinc.com\\\/da\\\/wp-content\\\/uploads\\\/sites\\\/8\\\/2022\\\/02\\\/Buy-High-THC-Cannabis-Oil-1g-cartridge-online.jpg\",\"width\":600,\"height\":600},{\"@type\":\"BreadcrumbList\",\"@id\":\"https:\\\/\\\/medicinasinc.com\\\/da\\\/product\\\/kob-high-thc-cannabis-olie-1g-patron-online\\\/#breadcrumb\",\"itemListElement\":[{\"@type\":\"ListItem\",\"position\":1,\"name\":\"Butik\",\"item\":\"https:\\\/\\\/medicinasinc.com\\\/da\\\/butik\\\/\"},{\"@type\":\"ListItem\",\"position\":2,\"name\":\"K\u00f8b High THC Cannabis Oil 1g patron online\"}]},{\"@type\":\"WebSite\",\"@id\":\"https:\\\/\\\/medicinasinc.com\\\/da\\\/#website\",\"url\":\"https:\\\/\\\/medicinasinc.com\\\/da\\\/\",\"name\":\"Medicinas Inc\",\"description\":\"Health Medical Clinic\",\"potentialAction\":[{\"@type\":\"SearchAction\",\"target\":{\"@type\":\"EntryPoint\",\"urlTemplate\":\"https:\\\/\\\/medicinasinc.com\\\/da\\\/?s={search_term_string}\"},\"query-input\":{\"@type\":\"PropertyValueSpecification\",\"valueRequired\":true,\"valueName\":\"search_term_string\"}}],\"inLanguage\":\"en-US\"}]}<\/script>\n<!-- \/ Yoast SEO plugin. -->","yoast_head_json":{"title":"K\u00f8b High THC Cannabis Oil 1g patron online - bedste globale medicin","description":"K\u00f8b High THC Marihuana Oil til salg UK, Europa Online. K\u00f8b 100% ren thc cannabisolie til salg USA. Fuldspektret cannabisolie. THC olie kr\u00e6ft til salg.Styrke: 85% THC &amp; 15% CBD","robots":{"index":"index","follow":"follow","max-snippet":"max-snippet:-1","max-image-preview":"max-image-preview:large","max-video-preview":"max-video-preview:-1"},"canonical":"https:\/\/medicinasinc.com\/da\/product\/kob-high-thc-cannabis-olie-1g-patron-online\/","og_locale":"en_US","og_type":"article","og_title":"K\u00f8b High THC Cannabis Oil 1g patron online - bedste globale medicin","og_description":"K\u00f8b High THC Marihuana Oil til salg UK, Europa Online. K\u00f8b 100% ren thc cannabisolie til salg USA. Fuldspektret cannabisolie. THC olie kr\u00e6ft til salg.Styrke: 85% THC &amp; 15% CBD","og_url":"https:\/\/medicinasinc.com\/da\/product\/kob-high-thc-cannabis-olie-1g-patron-online\/","og_site_name":"Medicinas Inc","article_modified_time":"2022-03-20T00:59:28+00:00","og_image":[{"width":600,"height":600,"url":"https:\/\/medicinasinc.com\/da\/wp-content\/uploads\/sites\/8\/2022\/02\/Buy-High-THC-Cannabis-Oil-1g-cartridge-online.jpg","type":"image\/jpeg"}],"twitter_card":"summary_large_image","twitter_misc":{"Est. reading time":"3 minutes"},"schema":{"@context":"https:\/\/schema.org","@graph":[{"@type":"WebPage","@id":"https:\/\/medicinasinc.com\/da\/product\/kob-high-thc-cannabis-olie-1g-patron-online\/","url":"https:\/\/medicinasinc.com\/da\/product\/kob-high-thc-cannabis-olie-1g-patron-online\/","name":"K\u00f8b High THC Cannabis Oil 1g patron online - bedste globale medicin","isPartOf":{"@id":"https:\/\/medicinasinc.com\/da\/#website"},"primaryImageOfPage":{"@id":"https:\/\/medicinasinc.com\/da\/product\/kob-high-thc-cannabis-olie-1g-patron-online\/#primaryimage"},"image":{"@id":"https:\/\/medicinasinc.com\/da\/product\/kob-high-thc-cannabis-olie-1g-patron-online\/#primaryimage"},"thumbnailUrl":"https:\/\/medicinasinc.com\/da\/wp-content\/uploads\/sites\/8\/2022\/02\/Buy-High-THC-Cannabis-Oil-1g-cartridge-online.jpg","datePublished":"2022-02-20T08:46:53+00:00","dateModified":"2022-03-20T00:59:28+00:00","description":"K\u00f8b High THC Marihuana Oil til salg UK, Europa Online. K\u00f8b 100% ren thc cannabisolie til salg USA. Fuldspektret cannabisolie. THC olie kr\u00e6ft til salg.Styrke: 85% THC &amp; 15% CBD","breadcrumb":{"@id":"https:\/\/medicinasinc.com\/da\/product\/kob-high-thc-cannabis-olie-1g-patron-online\/#breadcrumb"},"inLanguage":"en-US","potentialAction":[{"@type":"ReadAction","target":["https:\/\/medicinasinc.com\/da\/product\/kob-high-thc-cannabis-olie-1g-patron-online\/"]}]},{"@type":"ImageObject","inLanguage":"en-US","@id":"https:\/\/medicinasinc.com\/da\/product\/kob-high-thc-cannabis-olie-1g-patron-online\/#primaryimage","url":"https:\/\/medicinasinc.com\/da\/wp-content\/uploads\/sites\/8\/2022\/02\/Buy-High-THC-Cannabis-Oil-1g-cartridge-online.jpg","contentUrl":"https:\/\/medicinasinc.com\/da\/wp-content\/uploads\/sites\/8\/2022\/02\/Buy-High-THC-Cannabis-Oil-1g-cartridge-online.jpg","width":600,"height":600},{"@type":"BreadcrumbList","@id":"https:\/\/medicinasinc.com\/da\/product\/kob-high-thc-cannabis-olie-1g-patron-online\/#breadcrumb","itemListElement":[{"@type":"ListItem","position":1,"name":"Butik","item":"https:\/\/medicinasinc.com\/da\/butik\/"},{"@type":"ListItem","position":2,"name":"K\u00f8b High THC Cannabis Oil 1g patron online"}]},{"@type":"WebSite","@id":"https:\/\/medicinasinc.com\/da\/#website","url":"https:\/\/medicinasinc.com\/da\/","name":"Medicinas Inc","description":"Health Medical Clinic","potentialAction":[{"@type":"SearchAction","target":{"@type":"EntryPoint","urlTemplate":"https:\/\/medicinasinc.com\/da\/?s={search_term_string}"},"query-input":{"@type":"PropertyValueSpecification","valueRequired":true,"valueName":"search_term_string"}}],"inLanguage":"en-US"}]}},"_links":{"self":[{"href":"https:\/\/medicinasinc.com\/da\/wp-json\/wp\/v2\/product\/4388","targetHints":{"allow":["GET"]}}],"collection":[{"href":"https:\/\/medicinasinc.com\/da\/wp-json\/wp\/v2\/product"}],"about":[{"href":"https:\/\/medicinasinc.com\/da\/wp-json\/wp\/v2\/types\/product"}],"replies":[{"embeddable":true,"href":"https:\/\/medicinasinc.com\/da\/wp-json\/wp\/v2\/comments?post=4388"}],"wp:featuredmedia":[{"embeddable":true,"href":"https:\/\/medicinasinc.com\/da\/wp-json\/wp\/v2\/media\/4423"}],"wp:attachment":[{"href":"https:\/\/medicinasinc.com\/da\/wp-json\/wp\/v2\/media?parent=4388"}],"wp:term":[{"taxonomy":"product_brand","embeddable":true,"href":"https:\/\/medicinasinc.com\/da\/wp-json\/wp\/v2\/product_brand?post=4388"},{"taxonomy":"product_cat","embeddable":true,"href":"https:\/\/medicinasinc.com\/da\/wp-json\/wp\/v2\/product_cat?post=4388"},{"taxonomy":"product_tag","embeddable":true,"href":"https:\/\/medicinasinc.com\/da\/wp-json\/wp\/v2\/product_tag?post=4388"}],"curies":[{"name":"wp","href":"https:\/\/api.w.org\/{rel}","templated":true}]}}