{"id":4374,"date":"2022-02-20T08:40:15","date_gmt":"2022-02-20T08:40:15","guid":{"rendered":"https:\/\/medicinasinc.com\/da\/?post_type=product&#038;p=4374"},"modified":"2022-03-20T00:59:47","modified_gmt":"2022-03-20T00:59:47","slug":"kob-harlekin-co2-olie-1g-patron","status":"publish","type":"product","link":"https:\/\/medicinasinc.com\/da\/product\/kob-harlekin-co2-olie-1g-patron\/","title":{"rendered":"K\u00f8b Harlequin CO2 Oil 1g patron"},"content":{"rendered":"<p>Online k\u00f8b af Harlequin CO2 Oil 1g Cartridge.<\/p>\n<p>Online k\u00f8b af Harlequin CO2 Oil 1g Cartridge.<\/p>\n<p>Online k\u00f8b af Harlequin CO2 oliepatroner. 13,02 procent THCA | 6,54 procent THC | 49,10 procent CBDA | 5,35 procent CBD<\/p>\n<p>Harlequin er en mildt psykoaktiv Sativa-dominerende stamme med ristede n\u00f8dder, chokolade og is\u00e6r kirseb\u00e6rduftende blomster. Harlequin er en h\u00f8j-CBD-stamme med ubetydelig psykoaktivitet og smertestillende egenskaber. Harlekin bruges ofte til at behandle smerter og er velegnet til brug i dagtimerne p\u00e5 grund af dets h\u00f8je CBD-indhold og klare effekter.<\/p>\n<p>COLOMBIANSK GULD + NEPALI + THAI + SCHWEIZISK LANDRACE AFST\u00c6NDING<\/p>\n<p>JORD \u2013 KRYDRET \u2013 TR\u00c6LIGT \u2013 MANGO SMAG<\/p>\n<p>SMERTE \u2013 STRESS \u2013 INFLAMMATION \u2013 DEPRESSION \u2013 KVALME \u2013 MEDICINSK<\/p>\n<p>OPPLIFTET \u2013 AFSLAPPET \u2013 BLODT \u2013 FOKUSERT \u2013 GLAD GENERELT\/p<\/p>\n","protected":false},"excerpt":{"rendered":"<p>K\u00f8b Harlequin Co2 patroner til salg, harlekin vape patron, harlequin cbd vape patron, &#8230; K\u00f8b THC Vape Pen-oliepatroner, THC-patroner til salg online. K\u00f8b Harlequin CO2 Oil 1g patron online. UK THC patroner til salg. K\u00f8b co2 Vape oliepatroner.<\/p>\n<h2>K\u00f8b THC Cannabis Oil Patroner<\/h2>\n<p>produktprisen er som: pr. 1g patron<br \/> <strong>Den mindste ordrem\u00e6ngde er: 5 patroner<\/strong> st\u00e6rk<\/p>\n","protected":false},"featured_media":4409,"comment_status":"open","ping_status":"closed","template":"","meta":[],"product_brand":[],"product_cat":[440],"product_tag":[],"class_list":{"0":"post-4374","1":"product","2":"type-product","3":"status-publish","4":"has-post-thumbnail","6":"product_cat-kb-cannabis-cbd-olie","8":"first","9":"instock","10":"shipping-taxable","11":"purchasable","12":"product-type-variable","13":"has-default-attributes"},"yoast_head":"<!-- This site is optimized with the Yoast SEO plugin v27.3 - https:\/\/yoast.com\/product\/yoast-seo-wordpress\/ -->\n<title>K\u00f8b Harlequin CO2 Oil 1g patron online - bedste globale medicin<\/title>\n<meta name=\"description\" content=\"K\u00f8b Harlequin Co2 patroner til salg, harlekin vape patron, harlequin cbd vape patron, ... K\u00f8b THC Vape Pen oliepatroner, THC patroner til salg online. K\u00f8b Harlequin CO2 Oil 1g patron online. UK THC patroner til salg. K\u00f8b co2 Vape oliepatroner.\" \/>\n<meta name=\"robots\" content=\"index, follow, max-snippet:-1, max-image-preview:large, max-video-preview:-1\" \/>\n<link rel=\"canonical\" href=\"https:\/\/medicinasinc.com\/da\/product\/kob-harlekin-co2-olie-1g-patron\/\" \/>\n<meta property=\"og:locale\" content=\"en_US\" \/>\n<meta property=\"og:type\" content=\"article\" \/>\n<meta property=\"og:title\" content=\"K\u00f8b Harlequin CO2 Oil 1g patron online - bedste globale medicin\" \/>\n<meta property=\"og:description\" content=\"K\u00f8b Harlequin Co2 patroner til salg, harlekin vape patron, harlequin cbd vape patron, ... K\u00f8b THC Vape Pen oliepatroner, THC patroner til salg online. K\u00f8b Harlequin CO2 Oil 1g patron online. UK THC patroner til salg. K\u00f8b co2 Vape oliepatroner.\" \/>\n<meta property=\"og:url\" content=\"https:\/\/medicinasinc.com\/da\/product\/kob-harlekin-co2-olie-1g-patron\/\" \/>\n<meta property=\"og:site_name\" content=\"Medicinas Inc\" \/>\n<meta property=\"article:modified_time\" content=\"2022-03-20T00:59:47+00:00\" \/>\n<meta property=\"og:image\" content=\"https:\/\/medicinasinc.com\/da\/wp-content\/uploads\/sites\/8\/2022\/02\/Buy-Harlequin-CO2-Oil-1g-Cartridge-Online.jpg\" \/>\n\t<meta property=\"og:image:width\" content=\"600\" \/>\n\t<meta property=\"og:image:height\" content=\"600\" \/>\n\t<meta property=\"og:image:type\" content=\"image\/jpeg\" \/>\n<meta name=\"twitter:card\" content=\"summary_large_image\" \/>\n<meta name=\"twitter:label1\" content=\"Est. reading time\" \/>\n\t<meta name=\"twitter:data1\" content=\"1 minute\" \/>\n<script type=\"application\/ld+json\" class=\"yoast-schema-graph\">{\"@context\":\"https:\\\/\\\/schema.org\",\"@graph\":[{\"@type\":\"WebPage\",\"@id\":\"https:\\\/\\\/medicinasinc.com\\\/da\\\/product\\\/kob-harlekin-co2-olie-1g-patron\\\/\",\"url\":\"https:\\\/\\\/medicinasinc.com\\\/da\\\/product\\\/kob-harlekin-co2-olie-1g-patron\\\/\",\"name\":\"K\u00f8b Harlequin CO2 Oil 1g patron online - bedste globale medicin\",\"isPartOf\":{\"@id\":\"https:\\\/\\\/medicinasinc.com\\\/da\\\/#website\"},\"primaryImageOfPage\":{\"@id\":\"https:\\\/\\\/medicinasinc.com\\\/da\\\/product\\\/kob-harlekin-co2-olie-1g-patron\\\/#primaryimage\"},\"image\":{\"@id\":\"https:\\\/\\\/medicinasinc.com\\\/da\\\/product\\\/kob-harlekin-co2-olie-1g-patron\\\/#primaryimage\"},\"thumbnailUrl\":\"https:\\\/\\\/medicinasinc.com\\\/da\\\/wp-content\\\/uploads\\\/sites\\\/8\\\/2022\\\/02\\\/Buy-Harlequin-CO2-Oil-1g-Cartridge-Online.jpg\",\"datePublished\":\"2022-02-20T08:40:15+00:00\",\"dateModified\":\"2022-03-20T00:59:47+00:00\",\"description\":\"K\u00f8b Harlequin Co2 patroner til salg, harlekin vape patron, harlequin cbd vape patron, ... K\u00f8b THC Vape Pen oliepatroner, THC patroner til salg online. K\u00f8b Harlequin CO2 Oil 1g patron online. UK THC patroner til salg. K\u00f8b co2 Vape oliepatroner.\",\"breadcrumb\":{\"@id\":\"https:\\\/\\\/medicinasinc.com\\\/da\\\/product\\\/kob-harlekin-co2-olie-1g-patron\\\/#breadcrumb\"},\"inLanguage\":\"en-US\",\"potentialAction\":[{\"@type\":\"ReadAction\",\"target\":[\"https:\\\/\\\/medicinasinc.com\\\/da\\\/product\\\/kob-harlekin-co2-olie-1g-patron\\\/\"]}]},{\"@type\":\"ImageObject\",\"inLanguage\":\"en-US\",\"@id\":\"https:\\\/\\\/medicinasinc.com\\\/da\\\/product\\\/kob-harlekin-co2-olie-1g-patron\\\/#primaryimage\",\"url\":\"https:\\\/\\\/medicinasinc.com\\\/da\\\/wp-content\\\/uploads\\\/sites\\\/8\\\/2022\\\/02\\\/Buy-Harlequin-CO2-Oil-1g-Cartridge-Online.jpg\",\"contentUrl\":\"https:\\\/\\\/medicinasinc.com\\\/da\\\/wp-content\\\/uploads\\\/sites\\\/8\\\/2022\\\/02\\\/Buy-Harlequin-CO2-Oil-1g-Cartridge-Online.jpg\",\"width\":600,\"height\":600},{\"@type\":\"BreadcrumbList\",\"@id\":\"https:\\\/\\\/medicinasinc.com\\\/da\\\/product\\\/kob-harlekin-co2-olie-1g-patron\\\/#breadcrumb\",\"itemListElement\":[{\"@type\":\"ListItem\",\"position\":1,\"name\":\"Butik\",\"item\":\"https:\\\/\\\/medicinasinc.com\\\/da\\\/butik\\\/\"},{\"@type\":\"ListItem\",\"position\":2,\"name\":\"K\u00f8b Harlequin CO2 Oil 1g patron\"}]},{\"@type\":\"WebSite\",\"@id\":\"https:\\\/\\\/medicinasinc.com\\\/da\\\/#website\",\"url\":\"https:\\\/\\\/medicinasinc.com\\\/da\\\/\",\"name\":\"Medicinas Inc\",\"description\":\"Health Medical Clinic\",\"potentialAction\":[{\"@type\":\"SearchAction\",\"target\":{\"@type\":\"EntryPoint\",\"urlTemplate\":\"https:\\\/\\\/medicinasinc.com\\\/da\\\/?s={search_term_string}\"},\"query-input\":{\"@type\":\"PropertyValueSpecification\",\"valueRequired\":true,\"valueName\":\"search_term_string\"}}],\"inLanguage\":\"en-US\"}]}<\/script>\n<!-- \/ Yoast SEO plugin. -->","yoast_head_json":{"title":"K\u00f8b Harlequin CO2 Oil 1g patron online - bedste globale medicin","description":"K\u00f8b Harlequin Co2 patroner til salg, harlekin vape patron, harlequin cbd vape patron, ... K\u00f8b THC Vape Pen oliepatroner, THC patroner til salg online. K\u00f8b Harlequin CO2 Oil 1g patron online. UK THC patroner til salg. K\u00f8b co2 Vape oliepatroner.","robots":{"index":"index","follow":"follow","max-snippet":"max-snippet:-1","max-image-preview":"max-image-preview:large","max-video-preview":"max-video-preview:-1"},"canonical":"https:\/\/medicinasinc.com\/da\/product\/kob-harlekin-co2-olie-1g-patron\/","og_locale":"en_US","og_type":"article","og_title":"K\u00f8b Harlequin CO2 Oil 1g patron online - bedste globale medicin","og_description":"K\u00f8b Harlequin Co2 patroner til salg, harlekin vape patron, harlequin cbd vape patron, ... K\u00f8b THC Vape Pen oliepatroner, THC patroner til salg online. K\u00f8b Harlequin CO2 Oil 1g patron online. UK THC patroner til salg. K\u00f8b co2 Vape oliepatroner.","og_url":"https:\/\/medicinasinc.com\/da\/product\/kob-harlekin-co2-olie-1g-patron\/","og_site_name":"Medicinas Inc","article_modified_time":"2022-03-20T00:59:47+00:00","og_image":[{"width":600,"height":600,"url":"https:\/\/medicinasinc.com\/da\/wp-content\/uploads\/sites\/8\/2022\/02\/Buy-Harlequin-CO2-Oil-1g-Cartridge-Online.jpg","type":"image\/jpeg"}],"twitter_card":"summary_large_image","twitter_misc":{"Est. reading time":"1 minute"},"schema":{"@context":"https:\/\/schema.org","@graph":[{"@type":"WebPage","@id":"https:\/\/medicinasinc.com\/da\/product\/kob-harlekin-co2-olie-1g-patron\/","url":"https:\/\/medicinasinc.com\/da\/product\/kob-harlekin-co2-olie-1g-patron\/","name":"K\u00f8b Harlequin CO2 Oil 1g patron online - bedste globale medicin","isPartOf":{"@id":"https:\/\/medicinasinc.com\/da\/#website"},"primaryImageOfPage":{"@id":"https:\/\/medicinasinc.com\/da\/product\/kob-harlekin-co2-olie-1g-patron\/#primaryimage"},"image":{"@id":"https:\/\/medicinasinc.com\/da\/product\/kob-harlekin-co2-olie-1g-patron\/#primaryimage"},"thumbnailUrl":"https:\/\/medicinasinc.com\/da\/wp-content\/uploads\/sites\/8\/2022\/02\/Buy-Harlequin-CO2-Oil-1g-Cartridge-Online.jpg","datePublished":"2022-02-20T08:40:15+00:00","dateModified":"2022-03-20T00:59:47+00:00","description":"K\u00f8b Harlequin Co2 patroner til salg, harlekin vape patron, harlequin cbd vape patron, ... K\u00f8b THC Vape Pen oliepatroner, THC patroner til salg online. K\u00f8b Harlequin CO2 Oil 1g patron online. UK THC patroner til salg. K\u00f8b co2 Vape oliepatroner.","breadcrumb":{"@id":"https:\/\/medicinasinc.com\/da\/product\/kob-harlekin-co2-olie-1g-patron\/#breadcrumb"},"inLanguage":"en-US","potentialAction":[{"@type":"ReadAction","target":["https:\/\/medicinasinc.com\/da\/product\/kob-harlekin-co2-olie-1g-patron\/"]}]},{"@type":"ImageObject","inLanguage":"en-US","@id":"https:\/\/medicinasinc.com\/da\/product\/kob-harlekin-co2-olie-1g-patron\/#primaryimage","url":"https:\/\/medicinasinc.com\/da\/wp-content\/uploads\/sites\/8\/2022\/02\/Buy-Harlequin-CO2-Oil-1g-Cartridge-Online.jpg","contentUrl":"https:\/\/medicinasinc.com\/da\/wp-content\/uploads\/sites\/8\/2022\/02\/Buy-Harlequin-CO2-Oil-1g-Cartridge-Online.jpg","width":600,"height":600},{"@type":"BreadcrumbList","@id":"https:\/\/medicinasinc.com\/da\/product\/kob-harlekin-co2-olie-1g-patron\/#breadcrumb","itemListElement":[{"@type":"ListItem","position":1,"name":"Butik","item":"https:\/\/medicinasinc.com\/da\/butik\/"},{"@type":"ListItem","position":2,"name":"K\u00f8b Harlequin CO2 Oil 1g patron"}]},{"@type":"WebSite","@id":"https:\/\/medicinasinc.com\/da\/#website","url":"https:\/\/medicinasinc.com\/da\/","name":"Medicinas Inc","description":"Health Medical Clinic","potentialAction":[{"@type":"SearchAction","target":{"@type":"EntryPoint","urlTemplate":"https:\/\/medicinasinc.com\/da\/?s={search_term_string}"},"query-input":{"@type":"PropertyValueSpecification","valueRequired":true,"valueName":"search_term_string"}}],"inLanguage":"en-US"}]}},"_links":{"self":[{"href":"https:\/\/medicinasinc.com\/da\/wp-json\/wp\/v2\/product\/4374","targetHints":{"allow":["GET"]}}],"collection":[{"href":"https:\/\/medicinasinc.com\/da\/wp-json\/wp\/v2\/product"}],"about":[{"href":"https:\/\/medicinasinc.com\/da\/wp-json\/wp\/v2\/types\/product"}],"replies":[{"embeddable":true,"href":"https:\/\/medicinasinc.com\/da\/wp-json\/wp\/v2\/comments?post=4374"}],"wp:featuredmedia":[{"embeddable":true,"href":"https:\/\/medicinasinc.com\/da\/wp-json\/wp\/v2\/media\/4409"}],"wp:attachment":[{"href":"https:\/\/medicinasinc.com\/da\/wp-json\/wp\/v2\/media?parent=4374"}],"wp:term":[{"taxonomy":"product_brand","embeddable":true,"href":"https:\/\/medicinasinc.com\/da\/wp-json\/wp\/v2\/product_brand?post=4374"},{"taxonomy":"product_cat","embeddable":true,"href":"https:\/\/medicinasinc.com\/da\/wp-json\/wp\/v2\/product_cat?post=4374"},{"taxonomy":"product_tag","embeddable":true,"href":"https:\/\/medicinasinc.com\/da\/wp-json\/wp\/v2\/product_tag?post=4374"}],"curies":[{"name":"wp","href":"https:\/\/api.w.org\/{rel}","templated":true}]}}