{"id":4367,"date":"2022-02-20T08:35:49","date_gmt":"2022-02-20T08:35:49","guid":{"rendered":"https:\/\/medicinasinc.com\/da\/?post_type=product&#038;p=4367"},"modified":"2022-03-20T00:59:55","modified_gmt":"2022-03-20T00:59:55","slug":"kob-cannatonic-co2-olie-patron","status":"publish","type":"product","link":"https:\/\/medicinasinc.com\/da\/product\/kob-cannatonic-co2-olie-patron\/","title":{"rendered":"K\u00f8b Cannatonic CO2 oliepatron"},"content":{"rendered":"<p>K\u00f8b Rick Simpson Cannabis Oil 1g patroner online i USA.<\/p>\n<p>K\u00f8b Rick Simpson Cannabis Oil 1g patroner online i USA.<\/p>\n<p>Efter ibl\u00f8ds\u00e6tning af fineste cannabis i ren naphtha eller isopropylalkohol, terapeutiske forbindelser udvindes fra planten og efterlader en tj\u00e6relignende v\u00e6ske, n\u00e5r opl\u00f8sningsmidlet fordamper fuldst\u00e6ndigt. Vi f\u00e5r en Rick Simpson Cannabisolie af h\u00f8j kvalitet. Dette kan tages oralt eller p\u00e5f\u00f8res direkte p\u00e5 huden.<\/p>\n<p>Washington, DC, Rick Simpson-olie<\/p>\n<p>Rick Simpson-olie er en cannabis-afledt fordampet opl\u00f8sning. Det var en vej ud af kr\u00e6ft for mange mennesker. Derudover omtales olien som Rick Simpson hampolie og Rick Simpson cannabisolie.<\/p>\n<p>Hvis du har unders\u00f8gt marihuana til medicinske form\u00e5l, er du muligvis st\u00f8dt p\u00e5 Rick Simpson Oil. RSO er en enest\u00e5ende cannabisekstrakt, der har f\u00e5et sit navn fra en mand ved navn, du g\u00e6ttede rigtigt, Rick Simpson.<\/p>\n<p>Det er et ekstremt potent cannabisekstrakt med h\u00f8je koncentrationer af THC, det psykoaktive stof. del af cannabis. Olien fremstilles ved at koncentrere THC-indholdet i t\u00f8rrede indikatorblomster ved hj\u00e6lp af en opl\u00f8selig. Indica foretr\u00e6kkes frem for andre stammer p\u00e5 grund af dets beroligende virkning. P\u00e5 grund af den h\u00f8je koncentration af plantemateriale og frav\u00e6ret af transportolier er den resulterende olie m\u00f8rk jordagtig i farven og tyk, i mods\u00e6tning til de talrige koncentrater, vi er vant til at se.<\/p>\n<p>Olien blev opdaget i 2003. Rick Simpson blev diagnosticeret med en type hudkr\u00e6ft og vendte sig til cannabis til behandling. Han forh\u00f8rte sig for nylig om, hvorvidt hash kunne hj\u00e6lpe p\u00e5 hans forskellige lidelser, blot for at blive m\u00f8dt med utilfredshed. Han ops\u00f8gte planten p\u00e5 egen h\u00e5nd og troede, at den beroligede hans indikationer. Da han inds\u00e5, at han havde kr\u00e6ft, gennemgik han en unders\u00f8gelse, der opdagede, at cannabis kunne skrumpe tumorer hos mus og valgte at fors\u00f8ge sig med en effektiv cannabisordning.<\/p>\n<p>I fire dage p\u00e5f\u00f8rte han cannabiskoncentrater p\u00e5 gaze og d\u00e6kkede sine tumorer. Da han fjernede sk\u00e5rene, forsvandt tumorerne. Denne \u00e5benbaring foranledigede etableringen af \u200b\u200bRick Simpson Oil. Han begyndte under alle omst\u00e6ndigheder at dele sin indsigt ved at h\u00f8ste cannabis og producere olie til andre, der blev frataget, f\u00f8r de st\u00f8dte p\u00e5 juridiske vanskeligheder. I \u00f8jeblikket opfordrer Rick Simpson andre til at lave deres egen olie og giver retningslinjer.<\/p>\n<p>Hvis du leder efter verdens bedste olie, er rick Simpson oil Washington dit bedste bud. Vi forsyner Washington med ren Rick Simpson olie. Bestil din bestilling nu, og den vil blive leveret til dit d\u00f8rtrin inden for et par dage.<\/p>\n<p>Medicin, der er b\u00e5de sikker og effektiv<br \/> Rick Simpson cannabisolie er i en klasse for sig p\u00e5 grund af sin ikke -giftig natur. Hvis du leder efter en sikker m\u00e5de at behandle kr\u00e6ft eller en r\u00e6kke andre lidelser p\u00e5, kan Rick Simpson hampolie v\u00e6re svaret. Du beh\u00f8ver ikke engang en l\u00e6ges tilsyn for at bruge denne olie.<\/p>\n","protected":false},"excerpt":{"rendered":"<p>K\u00f8b Cannatonic CO2-oliepatroner sikkert og billigt online. Oplev et mangfoldigt udvalg af h\u00f8jkvalitets marihuanaprodukter til salg i USA, Europa og Storbritannien!<\/p>\n<p>K\u00f8b Rick Simpson Cannabis Oil 1g patroner online i USA.<\/p>\n<p> p&gt; <\/p>\n<p>Rick Simpson Cannabis Oil er tilg\u00e6ngelig i en r\u00e6kke forskellige stammer. Forskellige CBD &amp; THC-koncentrationer for cancer &amp; mere.<\/p>\n<p>K\u00f8b Rick Simpson 1g patroner med cannabisolie<\/p>\n<p>Prisen p\u00e5 produktet er som f\u00f8lger: pr. 1g patron<br \/> Der kr\u00e6ves en minimumsbestillingsm\u00e6ngde p\u00e5 5 patroner. <\/p>\n","protected":false},"featured_media":4402,"comment_status":"open","ping_status":"closed","template":"","meta":[],"product_brand":[],"product_cat":[440],"product_tag":[455,456,458,461,462,463,464,465,466,467,471,474,476,477,480,452,453,468,473,457,459,454,460,469,472,475,470,451,478,479],"class_list":{"0":"post-4367","1":"product","2":"type-product","3":"status-publish","4":"has-post-thumbnail","6":"product_cat-kb-cannabis-cbd-olie","7":"product_tag-buy-marijuana-online","8":"product_tag-buy-marijuana-online-bitcoin","9":"product_tag-buy-marijuana-online-in-usa","10":"product_tag-buy-medical-marijuana-online","11":"product_tag-buy-moonrock-online-bitcoin","12":"product_tag-buy-moonrock-online-uk","13":"product_tag-buy-moonrocks-online","14":"product_tag-buy-weed-in-australia","15":"product_tag-buy-weed-in-france","16":"product_tag-buy-weed-in-ireland","17":"product_tag-buy-weed-online-bitcoin","18":"product_tag-buy-weed-online-legally","19":"product_tag-buying-marijuana-online","20":"product_tag-buying-weed-online","21":"product_tag-hvor-kan-kan-kbes-marihuana-online","22":"product_tag-kb-cannatonic-co2-olie-patron","23":"product_tag-kb-cannatonic-co2-olie-patron-online","24":"product_tag-kb-ukrudt-i-schweiz","25":"product_tag-kb-ukrudt-online-europa","26":"product_tag-k-c3-b8b-marihuana-online-europa","27":"product_tag-kb-marihuana-online-usa","28":"product_tag-kb-marihuana-spiselige-online","29":"product_tag-kb-marihuana-voks-online-usa","30":"product_tag-kb-ukrudt-i-usa","31":"product_tag-kb-ukrudt-online-diskret","32":"product_tag-kb-ukrudt-online-dk","33":"product_tag-kb-ukrudt-online","34":"product_tag-kb-cannabis-med-bitcoin","35":"product_tag-kush-til-salg","36":"product_tag-marihuana-til-salg","38":"first","39":"instock","40":"shipping-taxable","41":"purchasable","42":"product-type-variable","43":"has-default-attributes"},"yoast_head":"<!-- This site is optimized with the Yoast SEO plugin v27.3 - https:\/\/yoast.com\/product\/yoast-seo-wordpress\/ -->\n<title>K\u00f8b Cannatonic CO2 Oil 1g patron online (Kopi) - Bedste globale medicin<\/title>\n<meta name=\"description\" content=\"K\u00f8b Cannatonic CO2-oliepatron til salg online sikkert til overkommelige priser. Oplev en bred vifte af kvalitets ukrudtsprodukter til salg USA,EU,UK!\" \/>\n<meta name=\"robots\" content=\"index, follow, max-snippet:-1, max-image-preview:large, max-video-preview:-1\" \/>\n<link rel=\"canonical\" href=\"https:\/\/medicinasinc.com\/da\/product\/kob-cannatonic-co2-olie-patron\/\" \/>\n<meta property=\"og:locale\" content=\"en_US\" \/>\n<meta property=\"og:type\" content=\"article\" \/>\n<meta property=\"og:title\" content=\"K\u00f8b Cannatonic CO2 Oil 1g patron online (Kopi) - Bedste globale medicin\" \/>\n<meta property=\"og:description\" content=\"K\u00f8b Cannatonic CO2-oliepatron til salg online sikkert til overkommelige priser. Oplev en bred vifte af kvalitets ukrudtsprodukter til salg USA,EU,UK!\" \/>\n<meta property=\"og:url\" content=\"https:\/\/medicinasinc.com\/da\/product\/kob-cannatonic-co2-olie-patron\/\" \/>\n<meta property=\"og:site_name\" content=\"Medicinas Inc\" \/>\n<meta property=\"article:modified_time\" content=\"2022-03-20T00:59:55+00:00\" \/>\n<meta property=\"og:image\" content=\"https:\/\/medicinasinc.com\/da\/wp-content\/uploads\/sites\/8\/2022\/02\/Buy-Cannatonic-CO2-Oil-Cartridge.png\" \/>\n\t<meta property=\"og:image:width\" content=\"542\" \/>\n\t<meta property=\"og:image:height\" content=\"420\" \/>\n\t<meta property=\"og:image:type\" content=\"image\/png\" \/>\n<meta name=\"twitter:card\" content=\"summary_large_image\" \/>\n<meta name=\"twitter:label1\" content=\"Est. reading time\" \/>\n\t<meta name=\"twitter:data1\" content=\"3 minutes\" \/>\n<script type=\"application\/ld+json\" class=\"yoast-schema-graph\">{\"@context\":\"https:\\\/\\\/schema.org\",\"@graph\":[{\"@type\":\"WebPage\",\"@id\":\"https:\\\/\\\/medicinasinc.com\\\/da\\\/product\\\/kob-cannatonic-co2-olie-patron\\\/\",\"url\":\"https:\\\/\\\/medicinasinc.com\\\/da\\\/product\\\/kob-cannatonic-co2-olie-patron\\\/\",\"name\":\"K\u00f8b Cannatonic CO2 Oil 1g patron online (Kopi) - Bedste globale medicin\",\"isPartOf\":{\"@id\":\"https:\\\/\\\/medicinasinc.com\\\/da\\\/#website\"},\"primaryImageOfPage\":{\"@id\":\"https:\\\/\\\/medicinasinc.com\\\/da\\\/product\\\/kob-cannatonic-co2-olie-patron\\\/#primaryimage\"},\"image\":{\"@id\":\"https:\\\/\\\/medicinasinc.com\\\/da\\\/product\\\/kob-cannatonic-co2-olie-patron\\\/#primaryimage\"},\"thumbnailUrl\":\"https:\\\/\\\/medicinasinc.com\\\/da\\\/wp-content\\\/uploads\\\/sites\\\/8\\\/2022\\\/02\\\/Buy-Cannatonic-CO2-Oil-Cartridge.png\",\"datePublished\":\"2022-02-20T08:35:49+00:00\",\"dateModified\":\"2022-03-20T00:59:55+00:00\",\"description\":\"K\u00f8b Cannatonic CO2-oliepatron til salg online sikkert til overkommelige priser. Oplev en bred vifte af kvalitets ukrudtsprodukter til salg USA,EU,UK!\",\"breadcrumb\":{\"@id\":\"https:\\\/\\\/medicinasinc.com\\\/da\\\/product\\\/kob-cannatonic-co2-olie-patron\\\/#breadcrumb\"},\"inLanguage\":\"en-US\",\"potentialAction\":[{\"@type\":\"ReadAction\",\"target\":[\"https:\\\/\\\/medicinasinc.com\\\/da\\\/product\\\/kob-cannatonic-co2-olie-patron\\\/\"]}]},{\"@type\":\"ImageObject\",\"inLanguage\":\"en-US\",\"@id\":\"https:\\\/\\\/medicinasinc.com\\\/da\\\/product\\\/kob-cannatonic-co2-olie-patron\\\/#primaryimage\",\"url\":\"https:\\\/\\\/medicinasinc.com\\\/da\\\/wp-content\\\/uploads\\\/sites\\\/8\\\/2022\\\/02\\\/Buy-Cannatonic-CO2-Oil-Cartridge.png\",\"contentUrl\":\"https:\\\/\\\/medicinasinc.com\\\/da\\\/wp-content\\\/uploads\\\/sites\\\/8\\\/2022\\\/02\\\/Buy-Cannatonic-CO2-Oil-Cartridge.png\",\"width\":542,\"height\":420},{\"@type\":\"BreadcrumbList\",\"@id\":\"https:\\\/\\\/medicinasinc.com\\\/da\\\/product\\\/kob-cannatonic-co2-olie-patron\\\/#breadcrumb\",\"itemListElement\":[{\"@type\":\"ListItem\",\"position\":1,\"name\":\"Butik\",\"item\":\"https:\\\/\\\/medicinasinc.com\\\/da\\\/butik\\\/\"},{\"@type\":\"ListItem\",\"position\":2,\"name\":\"K\u00f8b Cannatonic CO2 oliepatron\"}]},{\"@type\":\"WebSite\",\"@id\":\"https:\\\/\\\/medicinasinc.com\\\/da\\\/#website\",\"url\":\"https:\\\/\\\/medicinasinc.com\\\/da\\\/\",\"name\":\"Medicinas Inc\",\"description\":\"Health Medical Clinic\",\"potentialAction\":[{\"@type\":\"SearchAction\",\"target\":{\"@type\":\"EntryPoint\",\"urlTemplate\":\"https:\\\/\\\/medicinasinc.com\\\/da\\\/?s={search_term_string}\"},\"query-input\":{\"@type\":\"PropertyValueSpecification\",\"valueRequired\":true,\"valueName\":\"search_term_string\"}}],\"inLanguage\":\"en-US\"}]}<\/script>\n<!-- \/ Yoast SEO plugin. -->","yoast_head_json":{"title":"K\u00f8b Cannatonic CO2 Oil 1g patron online (Kopi) - Bedste globale medicin","description":"K\u00f8b Cannatonic CO2-oliepatron til salg online sikkert til overkommelige priser. Oplev en bred vifte af kvalitets ukrudtsprodukter til salg USA,EU,UK!","robots":{"index":"index","follow":"follow","max-snippet":"max-snippet:-1","max-image-preview":"max-image-preview:large","max-video-preview":"max-video-preview:-1"},"canonical":"https:\/\/medicinasinc.com\/da\/product\/kob-cannatonic-co2-olie-patron\/","og_locale":"en_US","og_type":"article","og_title":"K\u00f8b Cannatonic CO2 Oil 1g patron online (Kopi) - Bedste globale medicin","og_description":"K\u00f8b Cannatonic CO2-oliepatron til salg online sikkert til overkommelige priser. Oplev en bred vifte af kvalitets ukrudtsprodukter til salg USA,EU,UK!","og_url":"https:\/\/medicinasinc.com\/da\/product\/kob-cannatonic-co2-olie-patron\/","og_site_name":"Medicinas Inc","article_modified_time":"2022-03-20T00:59:55+00:00","og_image":[{"width":542,"height":420,"url":"https:\/\/medicinasinc.com\/da\/wp-content\/uploads\/sites\/8\/2022\/02\/Buy-Cannatonic-CO2-Oil-Cartridge.png","type":"image\/png"}],"twitter_card":"summary_large_image","twitter_misc":{"Est. reading time":"3 minutes"},"schema":{"@context":"https:\/\/schema.org","@graph":[{"@type":"WebPage","@id":"https:\/\/medicinasinc.com\/da\/product\/kob-cannatonic-co2-olie-patron\/","url":"https:\/\/medicinasinc.com\/da\/product\/kob-cannatonic-co2-olie-patron\/","name":"K\u00f8b Cannatonic CO2 Oil 1g patron online (Kopi) - Bedste globale medicin","isPartOf":{"@id":"https:\/\/medicinasinc.com\/da\/#website"},"primaryImageOfPage":{"@id":"https:\/\/medicinasinc.com\/da\/product\/kob-cannatonic-co2-olie-patron\/#primaryimage"},"image":{"@id":"https:\/\/medicinasinc.com\/da\/product\/kob-cannatonic-co2-olie-patron\/#primaryimage"},"thumbnailUrl":"https:\/\/medicinasinc.com\/da\/wp-content\/uploads\/sites\/8\/2022\/02\/Buy-Cannatonic-CO2-Oil-Cartridge.png","datePublished":"2022-02-20T08:35:49+00:00","dateModified":"2022-03-20T00:59:55+00:00","description":"K\u00f8b Cannatonic CO2-oliepatron til salg online sikkert til overkommelige priser. Oplev en bred vifte af kvalitets ukrudtsprodukter til salg USA,EU,UK!","breadcrumb":{"@id":"https:\/\/medicinasinc.com\/da\/product\/kob-cannatonic-co2-olie-patron\/#breadcrumb"},"inLanguage":"en-US","potentialAction":[{"@type":"ReadAction","target":["https:\/\/medicinasinc.com\/da\/product\/kob-cannatonic-co2-olie-patron\/"]}]},{"@type":"ImageObject","inLanguage":"en-US","@id":"https:\/\/medicinasinc.com\/da\/product\/kob-cannatonic-co2-olie-patron\/#primaryimage","url":"https:\/\/medicinasinc.com\/da\/wp-content\/uploads\/sites\/8\/2022\/02\/Buy-Cannatonic-CO2-Oil-Cartridge.png","contentUrl":"https:\/\/medicinasinc.com\/da\/wp-content\/uploads\/sites\/8\/2022\/02\/Buy-Cannatonic-CO2-Oil-Cartridge.png","width":542,"height":420},{"@type":"BreadcrumbList","@id":"https:\/\/medicinasinc.com\/da\/product\/kob-cannatonic-co2-olie-patron\/#breadcrumb","itemListElement":[{"@type":"ListItem","position":1,"name":"Butik","item":"https:\/\/medicinasinc.com\/da\/butik\/"},{"@type":"ListItem","position":2,"name":"K\u00f8b Cannatonic CO2 oliepatron"}]},{"@type":"WebSite","@id":"https:\/\/medicinasinc.com\/da\/#website","url":"https:\/\/medicinasinc.com\/da\/","name":"Medicinas Inc","description":"Health Medical Clinic","potentialAction":[{"@type":"SearchAction","target":{"@type":"EntryPoint","urlTemplate":"https:\/\/medicinasinc.com\/da\/?s={search_term_string}"},"query-input":{"@type":"PropertyValueSpecification","valueRequired":true,"valueName":"search_term_string"}}],"inLanguage":"en-US"}]}},"_links":{"self":[{"href":"https:\/\/medicinasinc.com\/da\/wp-json\/wp\/v2\/product\/4367","targetHints":{"allow":["GET"]}}],"collection":[{"href":"https:\/\/medicinasinc.com\/da\/wp-json\/wp\/v2\/product"}],"about":[{"href":"https:\/\/medicinasinc.com\/da\/wp-json\/wp\/v2\/types\/product"}],"replies":[{"embeddable":true,"href":"https:\/\/medicinasinc.com\/da\/wp-json\/wp\/v2\/comments?post=4367"}],"wp:featuredmedia":[{"embeddable":true,"href":"https:\/\/medicinasinc.com\/da\/wp-json\/wp\/v2\/media\/4402"}],"wp:attachment":[{"href":"https:\/\/medicinasinc.com\/da\/wp-json\/wp\/v2\/media?parent=4367"}],"wp:term":[{"taxonomy":"product_brand","embeddable":true,"href":"https:\/\/medicinasinc.com\/da\/wp-json\/wp\/v2\/product_brand?post=4367"},{"taxonomy":"product_cat","embeddable":true,"href":"https:\/\/medicinasinc.com\/da\/wp-json\/wp\/v2\/product_cat?post=4367"},{"taxonomy":"product_tag","embeddable":true,"href":"https:\/\/medicinasinc.com\/da\/wp-json\/wp\/v2\/product_tag?post=4367"}],"curies":[{"name":"wp","href":"https:\/\/api.w.org\/{rel}","templated":true}]}}