{"id":4359,"date":"2022-02-20T08:31:50","date_gmt":"2022-02-20T08:31:50","guid":{"rendered":"https:\/\/medicinasinc.com\/da\/?post_type=product&#038;p=4359"},"modified":"2022-03-20T01:00:03","modified_gmt":"2022-03-20T01:00:03","slug":"kob-fab-cbd-olie-300mg-600mg-1200mg","status":"publish","type":"product","link":"https:\/\/medicinasinc.com\/da\/product\/kob-fab-cbd-olie-300mg-600mg-1200mg\/","title":{"rendered":"K\u00f8b Fab CBD Oil 300mg, 600mg, 1200mg"},"content":{"rendered":"<p>CBD-oliedr\u00e5ber er en fremragende m\u00e5de at fremme generel velv\u00e6re og vitalitet. Vi tilbyder en r\u00e6kke CBD hampoliersmage, der er popul\u00e6re blandt vores kunder, herunder Citrus, Mynte, Naturlig, Berry og Vanilje. FAB CBD oliesmag er afledt af de fineste ingredienser. Nyd den l\u00e6kre smag og aroma af disse aromatiserede CBD-olier eller den traditionelle smag af vores naturlige CBD-olie.<\/p>\n","protected":false},"excerpt":{"rendered":"<p>K\u00f8b Fab CBD Oil 300mg, K\u00f8b Fab CBD Oil 600mg, K\u00f8b fab cbd 2400 mg,cbd olie der g\u00f8r dig glad,bedste cbd isolatolie,k\u00f8b cbd tinktur online,gnc cbd olie til angst,cbd olie spiselige dr\u00e5ber,amazon fab cbd, fab cbd white label,<\/p>\n<p><strong>Minimum ordrem\u00e6ngde er: 5 patroner<\/strong><\/p>\n","protected":false},"featured_media":4394,"comment_status":"open","ping_status":"closed","template":"","meta":[],"product_brand":[],"product_cat":[440],"product_tag":[441,442,444,447,448,449,450,443,445,446],"class_list":{"0":"post-4359","1":"product","2":"type-product","3":"status-publish","4":"has-post-thumbnail","6":"product_cat-kb-cannabis-cbd-olie","7":"product_tag-amazon-fab-cbd","8":"product_tag-bedste-cbd-isolat-olie","9":"product_tag-buy-fab-cbd-2400-mg","10":"product_tag-cbd-oil-edible-drops","11":"product_tag-cbd-oil-that-makes-you-happy","12":"product_tag-fab-cbd-white-label","13":"product_tag-gnc-cbd-olie-for-angst","14":"product_tag-kb-cbd-tincture-online","15":"product_tag-kb-fab-cbd-olie-300mg","16":"product_tag-kb-fab-cbd-olie-600mg","18":"first","19":"instock","20":"shipping-taxable","21":"purchasable","22":"product-type-variable","23":"has-default-attributes"},"yoast_head":"<!-- This site is optimized with the Yoast SEO plugin v27.3 - https:\/\/yoast.com\/product\/yoast-seo-wordpress\/ -->\n<title>K\u00f8b Fab CBD Oil 300mg, 600mg, 1200mg - bedste globale medicin<\/title>\n<meta name=\"description\" content=\"K\u00f8b Fab CBD Oil 300mg, K\u00f8b Fab CBD Oil 600mg, K\u00f8b fab cbd 2400 mg,cbd olie der g\u00f8r dig glad,bedste cbd isolat olie,k\u00f8b cbd tinktur online,gnc cbd olie til angst,cbd olie spiselige dr\u00e5ber,amazon fab cbd, fab cbd hvid etiket,\" \/>\n<meta name=\"robots\" content=\"index, follow, max-snippet:-1, max-image-preview:large, max-video-preview:-1\" \/>\n<link rel=\"canonical\" href=\"https:\/\/medicinasinc.com\/da\/product\/kob-fab-cbd-olie-300mg-600mg-1200mg\/\" \/>\n<meta property=\"og:locale\" content=\"en_US\" \/>\n<meta property=\"og:type\" content=\"article\" \/>\n<meta property=\"og:title\" content=\"K\u00f8b Fab CBD Oil 300mg, 600mg, 1200mg - bedste globale medicin\" \/>\n<meta property=\"og:description\" content=\"K\u00f8b Fab CBD Oil 300mg, K\u00f8b Fab CBD Oil 600mg, K\u00f8b fab cbd 2400 mg,cbd olie der g\u00f8r dig glad,bedste cbd isolat olie,k\u00f8b cbd tinktur online,gnc cbd olie til angst,cbd olie spiselige dr\u00e5ber,amazon fab cbd, fab cbd hvid etiket,\" \/>\n<meta property=\"og:url\" content=\"https:\/\/medicinasinc.com\/da\/product\/kob-fab-cbd-olie-300mg-600mg-1200mg\/\" \/>\n<meta property=\"og:site_name\" content=\"Medicinas Inc\" \/>\n<meta property=\"article:modified_time\" content=\"2022-03-20T01:00:03+00:00\" \/>\n<meta property=\"og:image\" content=\"https:\/\/medicinasinc.com\/da\/wp-content\/uploads\/sites\/8\/2022\/02\/Buy-Fab-CBD-Oil.jpg\" \/>\n\t<meta property=\"og:image:width\" content=\"600\" \/>\n\t<meta property=\"og:image:height\" content=\"600\" \/>\n\t<meta property=\"og:image:type\" content=\"image\/jpeg\" \/>\n<meta name=\"twitter:card\" content=\"summary_large_image\" \/>\n<meta name=\"twitter:label1\" content=\"Est. reading time\" \/>\n\t<meta name=\"twitter:data1\" content=\"1 minute\" \/>\n<script type=\"application\/ld+json\" class=\"yoast-schema-graph\">{\"@context\":\"https:\\\/\\\/schema.org\",\"@graph\":[{\"@type\":\"WebPage\",\"@id\":\"https:\\\/\\\/medicinasinc.com\\\/da\\\/product\\\/kob-fab-cbd-olie-300mg-600mg-1200mg\\\/\",\"url\":\"https:\\\/\\\/medicinasinc.com\\\/da\\\/product\\\/kob-fab-cbd-olie-300mg-600mg-1200mg\\\/\",\"name\":\"K\u00f8b Fab CBD Oil 300mg, 600mg, 1200mg - bedste globale medicin\",\"isPartOf\":{\"@id\":\"https:\\\/\\\/medicinasinc.com\\\/da\\\/#website\"},\"primaryImageOfPage\":{\"@id\":\"https:\\\/\\\/medicinasinc.com\\\/da\\\/product\\\/kob-fab-cbd-olie-300mg-600mg-1200mg\\\/#primaryimage\"},\"image\":{\"@id\":\"https:\\\/\\\/medicinasinc.com\\\/da\\\/product\\\/kob-fab-cbd-olie-300mg-600mg-1200mg\\\/#primaryimage\"},\"thumbnailUrl\":\"https:\\\/\\\/medicinasinc.com\\\/da\\\/wp-content\\\/uploads\\\/sites\\\/8\\\/2022\\\/02\\\/Buy-Fab-CBD-Oil.jpg\",\"datePublished\":\"2022-02-20T08:31:50+00:00\",\"dateModified\":\"2022-03-20T01:00:03+00:00\",\"description\":\"K\u00f8b Fab CBD Oil 300mg, K\u00f8b Fab CBD Oil 600mg, K\u00f8b fab cbd 2400 mg,cbd olie der g\u00f8r dig glad,bedste cbd isolat olie,k\u00f8b cbd tinktur online,gnc cbd olie til angst,cbd olie spiselige dr\u00e5ber,amazon fab cbd, fab cbd hvid etiket,\",\"breadcrumb\":{\"@id\":\"https:\\\/\\\/medicinasinc.com\\\/da\\\/product\\\/kob-fab-cbd-olie-300mg-600mg-1200mg\\\/#breadcrumb\"},\"inLanguage\":\"en-US\",\"potentialAction\":[{\"@type\":\"ReadAction\",\"target\":[\"https:\\\/\\\/medicinasinc.com\\\/da\\\/product\\\/kob-fab-cbd-olie-300mg-600mg-1200mg\\\/\"]}]},{\"@type\":\"ImageObject\",\"inLanguage\":\"en-US\",\"@id\":\"https:\\\/\\\/medicinasinc.com\\\/da\\\/product\\\/kob-fab-cbd-olie-300mg-600mg-1200mg\\\/#primaryimage\",\"url\":\"https:\\\/\\\/medicinasinc.com\\\/da\\\/wp-content\\\/uploads\\\/sites\\\/8\\\/2022\\\/02\\\/Buy-Fab-CBD-Oil.jpg\",\"contentUrl\":\"https:\\\/\\\/medicinasinc.com\\\/da\\\/wp-content\\\/uploads\\\/sites\\\/8\\\/2022\\\/02\\\/Buy-Fab-CBD-Oil.jpg\",\"width\":600,\"height\":600},{\"@type\":\"BreadcrumbList\",\"@id\":\"https:\\\/\\\/medicinasinc.com\\\/da\\\/product\\\/kob-fab-cbd-olie-300mg-600mg-1200mg\\\/#breadcrumb\",\"itemListElement\":[{\"@type\":\"ListItem\",\"position\":1,\"name\":\"Butik\",\"item\":\"https:\\\/\\\/medicinasinc.com\\\/da\\\/butik\\\/\"},{\"@type\":\"ListItem\",\"position\":2,\"name\":\"K\u00f8b Fab CBD Oil 300mg, 600mg, 1200mg\"}]},{\"@type\":\"WebSite\",\"@id\":\"https:\\\/\\\/medicinasinc.com\\\/da\\\/#website\",\"url\":\"https:\\\/\\\/medicinasinc.com\\\/da\\\/\",\"name\":\"Medicinas Inc\",\"description\":\"Health Medical Clinic\",\"potentialAction\":[{\"@type\":\"SearchAction\",\"target\":{\"@type\":\"EntryPoint\",\"urlTemplate\":\"https:\\\/\\\/medicinasinc.com\\\/da\\\/?s={search_term_string}\"},\"query-input\":{\"@type\":\"PropertyValueSpecification\",\"valueRequired\":true,\"valueName\":\"search_term_string\"}}],\"inLanguage\":\"en-US\"}]}<\/script>\n<!-- \/ Yoast SEO plugin. -->","yoast_head_json":{"title":"K\u00f8b Fab CBD Oil 300mg, 600mg, 1200mg - bedste globale medicin","description":"K\u00f8b Fab CBD Oil 300mg, K\u00f8b Fab CBD Oil 600mg, K\u00f8b fab cbd 2400 mg,cbd olie der g\u00f8r dig glad,bedste cbd isolat olie,k\u00f8b cbd tinktur online,gnc cbd olie til angst,cbd olie spiselige dr\u00e5ber,amazon fab cbd, fab cbd hvid etiket,","robots":{"index":"index","follow":"follow","max-snippet":"max-snippet:-1","max-image-preview":"max-image-preview:large","max-video-preview":"max-video-preview:-1"},"canonical":"https:\/\/medicinasinc.com\/da\/product\/kob-fab-cbd-olie-300mg-600mg-1200mg\/","og_locale":"en_US","og_type":"article","og_title":"K\u00f8b Fab CBD Oil 300mg, 600mg, 1200mg - bedste globale medicin","og_description":"K\u00f8b Fab CBD Oil 300mg, K\u00f8b Fab CBD Oil 600mg, K\u00f8b fab cbd 2400 mg,cbd olie der g\u00f8r dig glad,bedste cbd isolat olie,k\u00f8b cbd tinktur online,gnc cbd olie til angst,cbd olie spiselige dr\u00e5ber,amazon fab cbd, fab cbd hvid etiket,","og_url":"https:\/\/medicinasinc.com\/da\/product\/kob-fab-cbd-olie-300mg-600mg-1200mg\/","og_site_name":"Medicinas Inc","article_modified_time":"2022-03-20T01:00:03+00:00","og_image":[{"width":600,"height":600,"url":"https:\/\/medicinasinc.com\/da\/wp-content\/uploads\/sites\/8\/2022\/02\/Buy-Fab-CBD-Oil.jpg","type":"image\/jpeg"}],"twitter_card":"summary_large_image","twitter_misc":{"Est. reading time":"1 minute"},"schema":{"@context":"https:\/\/schema.org","@graph":[{"@type":"WebPage","@id":"https:\/\/medicinasinc.com\/da\/product\/kob-fab-cbd-olie-300mg-600mg-1200mg\/","url":"https:\/\/medicinasinc.com\/da\/product\/kob-fab-cbd-olie-300mg-600mg-1200mg\/","name":"K\u00f8b Fab CBD Oil 300mg, 600mg, 1200mg - bedste globale medicin","isPartOf":{"@id":"https:\/\/medicinasinc.com\/da\/#website"},"primaryImageOfPage":{"@id":"https:\/\/medicinasinc.com\/da\/product\/kob-fab-cbd-olie-300mg-600mg-1200mg\/#primaryimage"},"image":{"@id":"https:\/\/medicinasinc.com\/da\/product\/kob-fab-cbd-olie-300mg-600mg-1200mg\/#primaryimage"},"thumbnailUrl":"https:\/\/medicinasinc.com\/da\/wp-content\/uploads\/sites\/8\/2022\/02\/Buy-Fab-CBD-Oil.jpg","datePublished":"2022-02-20T08:31:50+00:00","dateModified":"2022-03-20T01:00:03+00:00","description":"K\u00f8b Fab CBD Oil 300mg, K\u00f8b Fab CBD Oil 600mg, K\u00f8b fab cbd 2400 mg,cbd olie der g\u00f8r dig glad,bedste cbd isolat olie,k\u00f8b cbd tinktur online,gnc cbd olie til angst,cbd olie spiselige dr\u00e5ber,amazon fab cbd, fab cbd hvid etiket,","breadcrumb":{"@id":"https:\/\/medicinasinc.com\/da\/product\/kob-fab-cbd-olie-300mg-600mg-1200mg\/#breadcrumb"},"inLanguage":"en-US","potentialAction":[{"@type":"ReadAction","target":["https:\/\/medicinasinc.com\/da\/product\/kob-fab-cbd-olie-300mg-600mg-1200mg\/"]}]},{"@type":"ImageObject","inLanguage":"en-US","@id":"https:\/\/medicinasinc.com\/da\/product\/kob-fab-cbd-olie-300mg-600mg-1200mg\/#primaryimage","url":"https:\/\/medicinasinc.com\/da\/wp-content\/uploads\/sites\/8\/2022\/02\/Buy-Fab-CBD-Oil.jpg","contentUrl":"https:\/\/medicinasinc.com\/da\/wp-content\/uploads\/sites\/8\/2022\/02\/Buy-Fab-CBD-Oil.jpg","width":600,"height":600},{"@type":"BreadcrumbList","@id":"https:\/\/medicinasinc.com\/da\/product\/kob-fab-cbd-olie-300mg-600mg-1200mg\/#breadcrumb","itemListElement":[{"@type":"ListItem","position":1,"name":"Butik","item":"https:\/\/medicinasinc.com\/da\/butik\/"},{"@type":"ListItem","position":2,"name":"K\u00f8b Fab CBD Oil 300mg, 600mg, 1200mg"}]},{"@type":"WebSite","@id":"https:\/\/medicinasinc.com\/da\/#website","url":"https:\/\/medicinasinc.com\/da\/","name":"Medicinas Inc","description":"Health Medical Clinic","potentialAction":[{"@type":"SearchAction","target":{"@type":"EntryPoint","urlTemplate":"https:\/\/medicinasinc.com\/da\/?s={search_term_string}"},"query-input":{"@type":"PropertyValueSpecification","valueRequired":true,"valueName":"search_term_string"}}],"inLanguage":"en-US"}]}},"_links":{"self":[{"href":"https:\/\/medicinasinc.com\/da\/wp-json\/wp\/v2\/product\/4359","targetHints":{"allow":["GET"]}}],"collection":[{"href":"https:\/\/medicinasinc.com\/da\/wp-json\/wp\/v2\/product"}],"about":[{"href":"https:\/\/medicinasinc.com\/da\/wp-json\/wp\/v2\/types\/product"}],"replies":[{"embeddable":true,"href":"https:\/\/medicinasinc.com\/da\/wp-json\/wp\/v2\/comments?post=4359"}],"wp:featuredmedia":[{"embeddable":true,"href":"https:\/\/medicinasinc.com\/da\/wp-json\/wp\/v2\/media\/4394"}],"wp:attachment":[{"href":"https:\/\/medicinasinc.com\/da\/wp-json\/wp\/v2\/media?parent=4359"}],"wp:term":[{"taxonomy":"product_brand","embeddable":true,"href":"https:\/\/medicinasinc.com\/da\/wp-json\/wp\/v2\/product_brand?post=4359"},{"taxonomy":"product_cat","embeddable":true,"href":"https:\/\/medicinasinc.com\/da\/wp-json\/wp\/v2\/product_cat?post=4359"},{"taxonomy":"product_tag","embeddable":true,"href":"https:\/\/medicinasinc.com\/da\/wp-json\/wp\/v2\/product_tag?post=4359"}],"curies":[{"name":"wp","href":"https:\/\/api.w.org\/{rel}","templated":true}]}}