{"id":4353,"date":"2022-02-20T08:29:33","date_gmt":"2022-02-20T08:29:33","guid":{"rendered":"https:\/\/medicinasinc.com\/da\/?post_type=product&#038;p=4353"},"modified":"2022-03-20T01:00:11","modified_gmt":"2022-03-20T01:00:11","slug":"kob-500mg-cbd-blackberry-keey-flava-blast","status":"publish","type":"product","link":"https:\/\/medicinasinc.com\/da\/product\/kob-500mg-cbd-blackberry-keey-flava-blast\/","title":{"rendered":"K\u00f8b 500mg CBD Blackberry Keey FLAVA BLAST"},"content":{"rendered":"<div class=\"woocommerce-tabs wc-tabs-wrapper\">\n<div id=\"tab-description\" class=\"woocommerce-Tabs-panel woocommerce-Tabs-panel--description panel entry-content wc-tab\" role=\"tabpanel\" aria-labelledby=\"tab-title-description\">\n<p>FLAVA BLAST 500mg CBD Blackberry Keey<\/p>\n<p>Keey CBD er l\u00f8sningen til forbedret sundhed og velv\u00e6re. CBD er gavnligt til at hj\u00e6lpe med daglig stress, opretholde en rolig og samlet sindstilstand, reducere bet\u00e6ndelse, kvalme og svimmelhed og hj\u00e6lpe med at komme sig efter fysisk \u00f8mhed eller smerte. Nu, med 500 mg CBD FLAVA BLAST, kan du inkorporere en l\u00e6kker CBD-tinktur i din daglige rutine.<\/p>\n<p>Keey kombinerer organiske terpeninfusioner, naturlige smagsstoffer og CBD-ekstrakter med MCT-olie (KOKONOLIE) for at fremskynde absorptionen for dit ford\u00f8jelsesindtag og br\u00e6ndstof til din dag.<\/p>\n<p>Keey CBD 500mg FLAVA BLAST tilbyder en r\u00e6kke smags-BLASTS! 30 ml dr\u00e5beflaske til tinktur.<\/p>\n<\/p><\/div><\/div>\n<div class=\"related products\"><\/div>\n","protected":false},"excerpt":{"rendered":"<p>K\u00f8b 500mg CBD Blackberry Keey FLAVA BLAST online fra Sigma Vape Shop med hurtig verdensomsp\u00e6ndende forsendelse. Du kan finde 500mg CBD Blackberry Keey FLAVA BLAST til salg<\/p>\n<ul>\n<li>Forsendelse over hele verden<\/li>\n<li>Minimumsordrem\u00e6ngde er 5<\/li>\n<li><strong>Kontakt os<\/strong> &gt;\u00a0for st\u00f8rre ordrer<\/li>\n<\/ul>\n","protected":false},"featured_media":4389,"comment_status":"open","ping_status":"closed","template":"","meta":[],"product_brand":[],"product_cat":[440],"product_tag":[],"class_list":{"0":"post-4353","1":"product","2":"type-product","3":"status-publish","4":"has-post-thumbnail","6":"product_cat-kb-cannabis-cbd-olie","8":"first","9":"instock","10":"shipping-taxable","11":"purchasable","12":"product-type-variable","13":"has-default-attributes"},"yoast_head":"<!-- This site is optimized with the Yoast SEO plugin v27.3 - https:\/\/yoast.com\/product\/yoast-seo-wordpress\/ -->\n<title>K\u00f8b 500mg CBD Blackberry Keey FLAVA BLAST - Bedste globale medicin<\/title>\n<meta name=\"description\" content=\"K\u00f8b 500mg CBD Blackberry Keey FLAVA BLAST online fra Sigma Vape Shop med hurtig verdensomsp\u00e6ndende forsendelse. Du kan finde 500mg CBD Blackberry Keey FLAVA BLAST til salg\" \/>\n<meta name=\"robots\" content=\"index, follow, max-snippet:-1, max-image-preview:large, max-video-preview:-1\" \/>\n<link rel=\"canonical\" href=\"https:\/\/medicinasinc.com\/da\/product\/kob-500mg-cbd-blackberry-keey-flava-blast\/\" \/>\n<meta property=\"og:locale\" content=\"en_US\" \/>\n<meta property=\"og:type\" content=\"article\" \/>\n<meta property=\"og:title\" content=\"K\u00f8b 500mg CBD Blackberry Keey FLAVA BLAST - Bedste globale medicin\" \/>\n<meta property=\"og:description\" content=\"K\u00f8b 500mg CBD Blackberry Keey FLAVA BLAST online fra Sigma Vape Shop med hurtig verdensomsp\u00e6ndende forsendelse. Du kan finde 500mg CBD Blackberry Keey FLAVA BLAST til salg\" \/>\n<meta property=\"og:url\" content=\"https:\/\/medicinasinc.com\/da\/product\/kob-500mg-cbd-blackberry-keey-flava-blast\/\" \/>\n<meta property=\"og:site_name\" content=\"Medicinas Inc\" \/>\n<meta property=\"article:modified_time\" content=\"2022-03-20T01:00:11+00:00\" \/>\n<meta property=\"og:image\" content=\"https:\/\/medicinasinc.com\/da\/wp-content\/uploads\/sites\/8\/2022\/02\/Buy-500mg-CBD-Blackberry-Keey-FLAVA-BLAST.jpg\" \/>\n\t<meta property=\"og:image:width\" content=\"800\" \/>\n\t<meta property=\"og:image:height\" content=\"800\" \/>\n\t<meta property=\"og:image:type\" content=\"image\/jpeg\" \/>\n<meta name=\"twitter:card\" content=\"summary_large_image\" \/>\n<meta name=\"twitter:label1\" content=\"Est. reading time\" \/>\n\t<meta name=\"twitter:data1\" content=\"1 minute\" \/>\n<script type=\"application\/ld+json\" class=\"yoast-schema-graph\">{\"@context\":\"https:\\\/\\\/schema.org\",\"@graph\":[{\"@type\":\"WebPage\",\"@id\":\"https:\\\/\\\/medicinasinc.com\\\/da\\\/product\\\/kob-500mg-cbd-blackberry-keey-flava-blast\\\/\",\"url\":\"https:\\\/\\\/medicinasinc.com\\\/da\\\/product\\\/kob-500mg-cbd-blackberry-keey-flava-blast\\\/\",\"name\":\"K\u00f8b 500mg CBD Blackberry Keey FLAVA BLAST - Bedste globale medicin\",\"isPartOf\":{\"@id\":\"https:\\\/\\\/medicinasinc.com\\\/da\\\/#website\"},\"primaryImageOfPage\":{\"@id\":\"https:\\\/\\\/medicinasinc.com\\\/da\\\/product\\\/kob-500mg-cbd-blackberry-keey-flava-blast\\\/#primaryimage\"},\"image\":{\"@id\":\"https:\\\/\\\/medicinasinc.com\\\/da\\\/product\\\/kob-500mg-cbd-blackberry-keey-flava-blast\\\/#primaryimage\"},\"thumbnailUrl\":\"https:\\\/\\\/medicinasinc.com\\\/da\\\/wp-content\\\/uploads\\\/sites\\\/8\\\/2022\\\/02\\\/Buy-500mg-CBD-Blackberry-Keey-FLAVA-BLAST.jpg\",\"datePublished\":\"2022-02-20T08:29:33+00:00\",\"dateModified\":\"2022-03-20T01:00:11+00:00\",\"description\":\"K\u00f8b 500mg CBD Blackberry Keey FLAVA BLAST online fra Sigma Vape Shop med hurtig verdensomsp\u00e6ndende forsendelse. Du kan finde 500mg CBD Blackberry Keey FLAVA BLAST til salg\",\"breadcrumb\":{\"@id\":\"https:\\\/\\\/medicinasinc.com\\\/da\\\/product\\\/kob-500mg-cbd-blackberry-keey-flava-blast\\\/#breadcrumb\"},\"inLanguage\":\"en-US\",\"potentialAction\":[{\"@type\":\"ReadAction\",\"target\":[\"https:\\\/\\\/medicinasinc.com\\\/da\\\/product\\\/kob-500mg-cbd-blackberry-keey-flava-blast\\\/\"]}]},{\"@type\":\"ImageObject\",\"inLanguage\":\"en-US\",\"@id\":\"https:\\\/\\\/medicinasinc.com\\\/da\\\/product\\\/kob-500mg-cbd-blackberry-keey-flava-blast\\\/#primaryimage\",\"url\":\"https:\\\/\\\/medicinasinc.com\\\/da\\\/wp-content\\\/uploads\\\/sites\\\/8\\\/2022\\\/02\\\/Buy-500mg-CBD-Blackberry-Keey-FLAVA-BLAST.jpg\",\"contentUrl\":\"https:\\\/\\\/medicinasinc.com\\\/da\\\/wp-content\\\/uploads\\\/sites\\\/8\\\/2022\\\/02\\\/Buy-500mg-CBD-Blackberry-Keey-FLAVA-BLAST.jpg\",\"width\":800,\"height\":800},{\"@type\":\"BreadcrumbList\",\"@id\":\"https:\\\/\\\/medicinasinc.com\\\/da\\\/product\\\/kob-500mg-cbd-blackberry-keey-flava-blast\\\/#breadcrumb\",\"itemListElement\":[{\"@type\":\"ListItem\",\"position\":1,\"name\":\"Butik\",\"item\":\"https:\\\/\\\/medicinasinc.com\\\/da\\\/butik\\\/\"},{\"@type\":\"ListItem\",\"position\":2,\"name\":\"K\u00f8b 500mg CBD Blackberry Keey FLAVA BLAST\"}]},{\"@type\":\"WebSite\",\"@id\":\"https:\\\/\\\/medicinasinc.com\\\/da\\\/#website\",\"url\":\"https:\\\/\\\/medicinasinc.com\\\/da\\\/\",\"name\":\"Medicinas Inc\",\"description\":\"Health Medical Clinic\",\"potentialAction\":[{\"@type\":\"SearchAction\",\"target\":{\"@type\":\"EntryPoint\",\"urlTemplate\":\"https:\\\/\\\/medicinasinc.com\\\/da\\\/?s={search_term_string}\"},\"query-input\":{\"@type\":\"PropertyValueSpecification\",\"valueRequired\":true,\"valueName\":\"search_term_string\"}}],\"inLanguage\":\"en-US\"}]}<\/script>\n<!-- \/ Yoast SEO plugin. -->","yoast_head_json":{"title":"K\u00f8b 500mg CBD Blackberry Keey FLAVA BLAST - Bedste globale medicin","description":"K\u00f8b 500mg CBD Blackberry Keey FLAVA BLAST online fra Sigma Vape Shop med hurtig verdensomsp\u00e6ndende forsendelse. Du kan finde 500mg CBD Blackberry Keey FLAVA BLAST til salg","robots":{"index":"index","follow":"follow","max-snippet":"max-snippet:-1","max-image-preview":"max-image-preview:large","max-video-preview":"max-video-preview:-1"},"canonical":"https:\/\/medicinasinc.com\/da\/product\/kob-500mg-cbd-blackberry-keey-flava-blast\/","og_locale":"en_US","og_type":"article","og_title":"K\u00f8b 500mg CBD Blackberry Keey FLAVA BLAST - Bedste globale medicin","og_description":"K\u00f8b 500mg CBD Blackberry Keey FLAVA BLAST online fra Sigma Vape Shop med hurtig verdensomsp\u00e6ndende forsendelse. Du kan finde 500mg CBD Blackberry Keey FLAVA BLAST til salg","og_url":"https:\/\/medicinasinc.com\/da\/product\/kob-500mg-cbd-blackberry-keey-flava-blast\/","og_site_name":"Medicinas Inc","article_modified_time":"2022-03-20T01:00:11+00:00","og_image":[{"width":800,"height":800,"url":"https:\/\/medicinasinc.com\/da\/wp-content\/uploads\/sites\/8\/2022\/02\/Buy-500mg-CBD-Blackberry-Keey-FLAVA-BLAST.jpg","type":"image\/jpeg"}],"twitter_card":"summary_large_image","twitter_misc":{"Est. reading time":"1 minute"},"schema":{"@context":"https:\/\/schema.org","@graph":[{"@type":"WebPage","@id":"https:\/\/medicinasinc.com\/da\/product\/kob-500mg-cbd-blackberry-keey-flava-blast\/","url":"https:\/\/medicinasinc.com\/da\/product\/kob-500mg-cbd-blackberry-keey-flava-blast\/","name":"K\u00f8b 500mg CBD Blackberry Keey FLAVA BLAST - Bedste globale medicin","isPartOf":{"@id":"https:\/\/medicinasinc.com\/da\/#website"},"primaryImageOfPage":{"@id":"https:\/\/medicinasinc.com\/da\/product\/kob-500mg-cbd-blackberry-keey-flava-blast\/#primaryimage"},"image":{"@id":"https:\/\/medicinasinc.com\/da\/product\/kob-500mg-cbd-blackberry-keey-flava-blast\/#primaryimage"},"thumbnailUrl":"https:\/\/medicinasinc.com\/da\/wp-content\/uploads\/sites\/8\/2022\/02\/Buy-500mg-CBD-Blackberry-Keey-FLAVA-BLAST.jpg","datePublished":"2022-02-20T08:29:33+00:00","dateModified":"2022-03-20T01:00:11+00:00","description":"K\u00f8b 500mg CBD Blackberry Keey FLAVA BLAST online fra Sigma Vape Shop med hurtig verdensomsp\u00e6ndende forsendelse. Du kan finde 500mg CBD Blackberry Keey FLAVA BLAST til salg","breadcrumb":{"@id":"https:\/\/medicinasinc.com\/da\/product\/kob-500mg-cbd-blackberry-keey-flava-blast\/#breadcrumb"},"inLanguage":"en-US","potentialAction":[{"@type":"ReadAction","target":["https:\/\/medicinasinc.com\/da\/product\/kob-500mg-cbd-blackberry-keey-flava-blast\/"]}]},{"@type":"ImageObject","inLanguage":"en-US","@id":"https:\/\/medicinasinc.com\/da\/product\/kob-500mg-cbd-blackberry-keey-flava-blast\/#primaryimage","url":"https:\/\/medicinasinc.com\/da\/wp-content\/uploads\/sites\/8\/2022\/02\/Buy-500mg-CBD-Blackberry-Keey-FLAVA-BLAST.jpg","contentUrl":"https:\/\/medicinasinc.com\/da\/wp-content\/uploads\/sites\/8\/2022\/02\/Buy-500mg-CBD-Blackberry-Keey-FLAVA-BLAST.jpg","width":800,"height":800},{"@type":"BreadcrumbList","@id":"https:\/\/medicinasinc.com\/da\/product\/kob-500mg-cbd-blackberry-keey-flava-blast\/#breadcrumb","itemListElement":[{"@type":"ListItem","position":1,"name":"Butik","item":"https:\/\/medicinasinc.com\/da\/butik\/"},{"@type":"ListItem","position":2,"name":"K\u00f8b 500mg CBD Blackberry Keey FLAVA BLAST"}]},{"@type":"WebSite","@id":"https:\/\/medicinasinc.com\/da\/#website","url":"https:\/\/medicinasinc.com\/da\/","name":"Medicinas Inc","description":"Health Medical Clinic","potentialAction":[{"@type":"SearchAction","target":{"@type":"EntryPoint","urlTemplate":"https:\/\/medicinasinc.com\/da\/?s={search_term_string}"},"query-input":{"@type":"PropertyValueSpecification","valueRequired":true,"valueName":"search_term_string"}}],"inLanguage":"en-US"}]}},"_links":{"self":[{"href":"https:\/\/medicinasinc.com\/da\/wp-json\/wp\/v2\/product\/4353","targetHints":{"allow":["GET"]}}],"collection":[{"href":"https:\/\/medicinasinc.com\/da\/wp-json\/wp\/v2\/product"}],"about":[{"href":"https:\/\/medicinasinc.com\/da\/wp-json\/wp\/v2\/types\/product"}],"replies":[{"embeddable":true,"href":"https:\/\/medicinasinc.com\/da\/wp-json\/wp\/v2\/comments?post=4353"}],"wp:featuredmedia":[{"embeddable":true,"href":"https:\/\/medicinasinc.com\/da\/wp-json\/wp\/v2\/media\/4389"}],"wp:attachment":[{"href":"https:\/\/medicinasinc.com\/da\/wp-json\/wp\/v2\/media?parent=4353"}],"wp:term":[{"taxonomy":"product_brand","embeddable":true,"href":"https:\/\/medicinasinc.com\/da\/wp-json\/wp\/v2\/product_brand?post=4353"},{"taxonomy":"product_cat","embeddable":true,"href":"https:\/\/medicinasinc.com\/da\/wp-json\/wp\/v2\/product_cat?post=4353"},{"taxonomy":"product_tag","embeddable":true,"href":"https:\/\/medicinasinc.com\/da\/wp-json\/wp\/v2\/product_tag?post=4353"}],"curies":[{"name":"wp","href":"https:\/\/api.w.org\/{rel}","templated":true}]}}