{"id":4348,"date":"2022-02-20T08:28:43","date_gmt":"2022-02-20T08:28:43","guid":{"rendered":"https:\/\/medicinasinc.com\/da\/?post_type=product&#038;p=4348"},"modified":"2022-03-20T01:00:22","modified_gmt":"2022-03-20T01:00:22","slug":"kob-41-tinktur-30ml-spearmint-smag-gron-gudinde","status":"publish","type":"product","link":"https:\/\/medicinasinc.com\/da\/product\/kob-41-tinktur-30ml-spearmint-smag-gron-gudinde\/","title":{"rendered":"K\u00f8b 4:1 Tinktur (30mL) Spearmint Flavor Green Goddess"},"content":{"rendered":"<p>K\u00f8b Green, Goddess 4:1 Tinktur (30mL) Spearmint Flavour<\/p>\n<p>Tinkturdr\u00e5ber har betydelige fordele i forhold til andre metoder til administration af medicinske cannabinoider: En 30 ml krukke med en letanvendelig dr\u00e5beapplikation giver mulighed for en pr\u00e6cis dosis, der skal leveres sublingualt i munden. Absorption i blodbanen via mundslimhinden er hurtig og konsekvent. Tinkturen omdannes ikke til en metabolit af ford\u00f8jelsessystemet eller leveren, som det er tilf\u00e6ldet med oralt indtagede cannabinoider i spiselige varer.<\/p>\n<p>Formuleret ved hj\u00e6lp af et ekstrakt af hele cannabisplanten. Vi tilf\u00f8jede en helt naturlig C8+C10 olie, som udelukkende er udvundet af kokosn\u00f8dder og er en fremragende kilde til kraftige mellemk\u00e6dede fedtsyrer, der hj\u00e6lper med at holde kroppen og sindet i funktion optimalt.<\/p>\n<p>13 milligram pr. 400 milligram CBD 100 milligram THC<\/p>\n<p>Ingredienser:<\/p>\n<p>MCT-olie med gr\u00f8nmyntearoma Hel cannabisplanteekstrakt (CBD)<\/p>\n","protected":false},"excerpt":{"rendered":"<p>K\u00f8b 4:1 Tinktur (30mL) Spearmint Flavour Green Goddess til salg UK, Europa online USA fra den st\u00f8rste online apotek, K\u00f8b My Weed online.<\/p>\n<ul>\n<li>Verdensomsp\u00e6ndende forsendelse<\/li>\n<li>30ml Indicated Dropper<\/li>\n<li>400mg CBD: 100mg THC Tinktur<\/li>\n<li>Spearmint Flavour<\/li>\n<li>Den mindste ordrem\u00e6ngde er 5<\/li>\n<\/ul>\n","protected":false},"featured_media":4383,"comment_status":"open","ping_status":"closed","template":"","meta":[],"product_brand":[],"product_cat":[440],"product_tag":[],"class_list":{"0":"post-4348","1":"product","2":"type-product","3":"status-publish","4":"has-post-thumbnail","6":"product_cat-kb-cannabis-cbd-olie","8":"first","9":"instock","10":"shipping-taxable","11":"purchasable","12":"product-type-variable","13":"has-default-attributes"},"yoast_head":"<!-- This site is optimized with the Yoast SEO plugin v27.3 - https:\/\/yoast.com\/product\/yoast-seo-wordpress\/ -->\n<title>K\u00f8b 4:1 tinktur (30 ml) Spearmint Flavor Green Goddess - Bedste globale medicin<\/title>\n<meta name=\"description\" content=\"K\u00f8b 4:1 Tinktur (30mL) Spearmint Flavor Green Goddess til salg UK, Europa online USA fra den st\u00f8rste online apotek, K\u00f8b My Weed Online.\" \/>\n<meta name=\"robots\" content=\"index, follow, max-snippet:-1, max-image-preview:large, max-video-preview:-1\" \/>\n<link rel=\"canonical\" href=\"https:\/\/medicinasinc.com\/da\/product\/kob-41-tinktur-30ml-spearmint-smag-gron-gudinde\/\" \/>\n<meta property=\"og:locale\" content=\"en_US\" \/>\n<meta property=\"og:type\" content=\"article\" \/>\n<meta property=\"og:title\" content=\"K\u00f8b 4:1 tinktur (30 ml) Spearmint Flavor Green Goddess - Bedste globale medicin\" \/>\n<meta property=\"og:description\" content=\"K\u00f8b 4:1 Tinktur (30mL) Spearmint Flavor Green Goddess til salg UK, Europa online USA fra den st\u00f8rste online apotek, K\u00f8b My Weed Online.\" \/>\n<meta property=\"og:url\" content=\"https:\/\/medicinasinc.com\/da\/product\/kob-41-tinktur-30ml-spearmint-smag-gron-gudinde\/\" \/>\n<meta property=\"og:site_name\" content=\"Medicinas Inc\" \/>\n<meta property=\"article:modified_time\" content=\"2022-03-20T01:00:22+00:00\" \/>\n<meta property=\"og:image\" content=\"https:\/\/medicinasinc.com\/da\/wp-content\/uploads\/sites\/8\/2022\/02\/Spearmint-Flavour-Green-Goddess.jpg\" \/>\n\t<meta property=\"og:image:width\" content=\"483\" \/>\n\t<meta property=\"og:image:height\" content=\"483\" \/>\n\t<meta property=\"og:image:type\" content=\"image\/jpeg\" \/>\n<meta name=\"twitter:card\" content=\"summary_large_image\" \/>\n<meta name=\"twitter:label1\" content=\"Est. reading time\" \/>\n\t<meta name=\"twitter:data1\" content=\"1 minute\" \/>\n<script type=\"application\/ld+json\" class=\"yoast-schema-graph\">{\"@context\":\"https:\\\/\\\/schema.org\",\"@graph\":[{\"@type\":\"WebPage\",\"@id\":\"https:\\\/\\\/medicinasinc.com\\\/da\\\/product\\\/kob-41-tinktur-30ml-spearmint-smag-gron-gudinde\\\/\",\"url\":\"https:\\\/\\\/medicinasinc.com\\\/da\\\/product\\\/kob-41-tinktur-30ml-spearmint-smag-gron-gudinde\\\/\",\"name\":\"K\u00f8b 4:1 tinktur (30 ml) Spearmint Flavor Green Goddess - Bedste globale medicin\",\"isPartOf\":{\"@id\":\"https:\\\/\\\/medicinasinc.com\\\/da\\\/#website\"},\"primaryImageOfPage\":{\"@id\":\"https:\\\/\\\/medicinasinc.com\\\/da\\\/product\\\/kob-41-tinktur-30ml-spearmint-smag-gron-gudinde\\\/#primaryimage\"},\"image\":{\"@id\":\"https:\\\/\\\/medicinasinc.com\\\/da\\\/product\\\/kob-41-tinktur-30ml-spearmint-smag-gron-gudinde\\\/#primaryimage\"},\"thumbnailUrl\":\"https:\\\/\\\/medicinasinc.com\\\/da\\\/wp-content\\\/uploads\\\/sites\\\/8\\\/2022\\\/02\\\/Spearmint-Flavour-Green-Goddess.jpg\",\"datePublished\":\"2022-02-20T08:28:43+00:00\",\"dateModified\":\"2022-03-20T01:00:22+00:00\",\"description\":\"K\u00f8b 4:1 Tinktur (30mL) Spearmint Flavor Green Goddess til salg UK, Europa online USA fra den st\u00f8rste online apotek, K\u00f8b My Weed Online.\",\"breadcrumb\":{\"@id\":\"https:\\\/\\\/medicinasinc.com\\\/da\\\/product\\\/kob-41-tinktur-30ml-spearmint-smag-gron-gudinde\\\/#breadcrumb\"},\"inLanguage\":\"en-US\",\"potentialAction\":[{\"@type\":\"ReadAction\",\"target\":[\"https:\\\/\\\/medicinasinc.com\\\/da\\\/product\\\/kob-41-tinktur-30ml-spearmint-smag-gron-gudinde\\\/\"]}]},{\"@type\":\"ImageObject\",\"inLanguage\":\"en-US\",\"@id\":\"https:\\\/\\\/medicinasinc.com\\\/da\\\/product\\\/kob-41-tinktur-30ml-spearmint-smag-gron-gudinde\\\/#primaryimage\",\"url\":\"https:\\\/\\\/medicinasinc.com\\\/da\\\/wp-content\\\/uploads\\\/sites\\\/8\\\/2022\\\/02\\\/Spearmint-Flavour-Green-Goddess.jpg\",\"contentUrl\":\"https:\\\/\\\/medicinasinc.com\\\/da\\\/wp-content\\\/uploads\\\/sites\\\/8\\\/2022\\\/02\\\/Spearmint-Flavour-Green-Goddess.jpg\",\"width\":483,\"height\":483},{\"@type\":\"BreadcrumbList\",\"@id\":\"https:\\\/\\\/medicinasinc.com\\\/da\\\/product\\\/kob-41-tinktur-30ml-spearmint-smag-gron-gudinde\\\/#breadcrumb\",\"itemListElement\":[{\"@type\":\"ListItem\",\"position\":1,\"name\":\"Butik\",\"item\":\"https:\\\/\\\/medicinasinc.com\\\/da\\\/butik\\\/\"},{\"@type\":\"ListItem\",\"position\":2,\"name\":\"K\u00f8b 4:1 Tinktur (30mL) Spearmint Flavor Green Goddess\"}]},{\"@type\":\"WebSite\",\"@id\":\"https:\\\/\\\/medicinasinc.com\\\/da\\\/#website\",\"url\":\"https:\\\/\\\/medicinasinc.com\\\/da\\\/\",\"name\":\"Medicinas Inc\",\"description\":\"Health Medical Clinic\",\"potentialAction\":[{\"@type\":\"SearchAction\",\"target\":{\"@type\":\"EntryPoint\",\"urlTemplate\":\"https:\\\/\\\/medicinasinc.com\\\/da\\\/?s={search_term_string}\"},\"query-input\":{\"@type\":\"PropertyValueSpecification\",\"valueRequired\":true,\"valueName\":\"search_term_string\"}}],\"inLanguage\":\"en-US\"}]}<\/script>\n<!-- \/ Yoast SEO plugin. -->","yoast_head_json":{"title":"K\u00f8b 4:1 tinktur (30 ml) Spearmint Flavor Green Goddess - Bedste globale medicin","description":"K\u00f8b 4:1 Tinktur (30mL) Spearmint Flavor Green Goddess til salg UK, Europa online USA fra den st\u00f8rste online apotek, K\u00f8b My Weed Online.","robots":{"index":"index","follow":"follow","max-snippet":"max-snippet:-1","max-image-preview":"max-image-preview:large","max-video-preview":"max-video-preview:-1"},"canonical":"https:\/\/medicinasinc.com\/da\/product\/kob-41-tinktur-30ml-spearmint-smag-gron-gudinde\/","og_locale":"en_US","og_type":"article","og_title":"K\u00f8b 4:1 tinktur (30 ml) Spearmint Flavor Green Goddess - Bedste globale medicin","og_description":"K\u00f8b 4:1 Tinktur (30mL) Spearmint Flavor Green Goddess til salg UK, Europa online USA fra den st\u00f8rste online apotek, K\u00f8b My Weed Online.","og_url":"https:\/\/medicinasinc.com\/da\/product\/kob-41-tinktur-30ml-spearmint-smag-gron-gudinde\/","og_site_name":"Medicinas Inc","article_modified_time":"2022-03-20T01:00:22+00:00","og_image":[{"width":483,"height":483,"url":"https:\/\/medicinasinc.com\/da\/wp-content\/uploads\/sites\/8\/2022\/02\/Spearmint-Flavour-Green-Goddess.jpg","type":"image\/jpeg"}],"twitter_card":"summary_large_image","twitter_misc":{"Est. reading time":"1 minute"},"schema":{"@context":"https:\/\/schema.org","@graph":[{"@type":"WebPage","@id":"https:\/\/medicinasinc.com\/da\/product\/kob-41-tinktur-30ml-spearmint-smag-gron-gudinde\/","url":"https:\/\/medicinasinc.com\/da\/product\/kob-41-tinktur-30ml-spearmint-smag-gron-gudinde\/","name":"K\u00f8b 4:1 tinktur (30 ml) Spearmint Flavor Green Goddess - Bedste globale medicin","isPartOf":{"@id":"https:\/\/medicinasinc.com\/da\/#website"},"primaryImageOfPage":{"@id":"https:\/\/medicinasinc.com\/da\/product\/kob-41-tinktur-30ml-spearmint-smag-gron-gudinde\/#primaryimage"},"image":{"@id":"https:\/\/medicinasinc.com\/da\/product\/kob-41-tinktur-30ml-spearmint-smag-gron-gudinde\/#primaryimage"},"thumbnailUrl":"https:\/\/medicinasinc.com\/da\/wp-content\/uploads\/sites\/8\/2022\/02\/Spearmint-Flavour-Green-Goddess.jpg","datePublished":"2022-02-20T08:28:43+00:00","dateModified":"2022-03-20T01:00:22+00:00","description":"K\u00f8b 4:1 Tinktur (30mL) Spearmint Flavor Green Goddess til salg UK, Europa online USA fra den st\u00f8rste online apotek, K\u00f8b My Weed Online.","breadcrumb":{"@id":"https:\/\/medicinasinc.com\/da\/product\/kob-41-tinktur-30ml-spearmint-smag-gron-gudinde\/#breadcrumb"},"inLanguage":"en-US","potentialAction":[{"@type":"ReadAction","target":["https:\/\/medicinasinc.com\/da\/product\/kob-41-tinktur-30ml-spearmint-smag-gron-gudinde\/"]}]},{"@type":"ImageObject","inLanguage":"en-US","@id":"https:\/\/medicinasinc.com\/da\/product\/kob-41-tinktur-30ml-spearmint-smag-gron-gudinde\/#primaryimage","url":"https:\/\/medicinasinc.com\/da\/wp-content\/uploads\/sites\/8\/2022\/02\/Spearmint-Flavour-Green-Goddess.jpg","contentUrl":"https:\/\/medicinasinc.com\/da\/wp-content\/uploads\/sites\/8\/2022\/02\/Spearmint-Flavour-Green-Goddess.jpg","width":483,"height":483},{"@type":"BreadcrumbList","@id":"https:\/\/medicinasinc.com\/da\/product\/kob-41-tinktur-30ml-spearmint-smag-gron-gudinde\/#breadcrumb","itemListElement":[{"@type":"ListItem","position":1,"name":"Butik","item":"https:\/\/medicinasinc.com\/da\/butik\/"},{"@type":"ListItem","position":2,"name":"K\u00f8b 4:1 Tinktur (30mL) Spearmint Flavor Green Goddess"}]},{"@type":"WebSite","@id":"https:\/\/medicinasinc.com\/da\/#website","url":"https:\/\/medicinasinc.com\/da\/","name":"Medicinas Inc","description":"Health Medical Clinic","potentialAction":[{"@type":"SearchAction","target":{"@type":"EntryPoint","urlTemplate":"https:\/\/medicinasinc.com\/da\/?s={search_term_string}"},"query-input":{"@type":"PropertyValueSpecification","valueRequired":true,"valueName":"search_term_string"}}],"inLanguage":"en-US"}]}},"_links":{"self":[{"href":"https:\/\/medicinasinc.com\/da\/wp-json\/wp\/v2\/product\/4348","targetHints":{"allow":["GET"]}}],"collection":[{"href":"https:\/\/medicinasinc.com\/da\/wp-json\/wp\/v2\/product"}],"about":[{"href":"https:\/\/medicinasinc.com\/da\/wp-json\/wp\/v2\/types\/product"}],"replies":[{"embeddable":true,"href":"https:\/\/medicinasinc.com\/da\/wp-json\/wp\/v2\/comments?post=4348"}],"wp:featuredmedia":[{"embeddable":true,"href":"https:\/\/medicinasinc.com\/da\/wp-json\/wp\/v2\/media\/4383"}],"wp:attachment":[{"href":"https:\/\/medicinasinc.com\/da\/wp-json\/wp\/v2\/media?parent=4348"}],"wp:term":[{"taxonomy":"product_brand","embeddable":true,"href":"https:\/\/medicinasinc.com\/da\/wp-json\/wp\/v2\/product_brand?post=4348"},{"taxonomy":"product_cat","embeddable":true,"href":"https:\/\/medicinasinc.com\/da\/wp-json\/wp\/v2\/product_cat?post=4348"},{"taxonomy":"product_tag","embeddable":true,"href":"https:\/\/medicinasinc.com\/da\/wp-json\/wp\/v2\/product_tag?post=4348"}],"curies":[{"name":"wp","href":"https:\/\/api.w.org\/{rel}","templated":true}]}}