{"id":4343,"date":"2022-02-20T08:27:57","date_gmt":"2022-02-20T08:27:57","guid":{"rendered":"https:\/\/medicinasinc.com\/da\/?post_type=product&#038;p=4343"},"modified":"2022-03-20T01:00:31","modified_gmt":"2022-03-20T01:00:31","slug":"buy-41-1000mgcbd-250mgthc-tincture-key","status":"publish","type":"product","link":"https:\/\/medicinasinc.com\/da\/product\/buy-41-1000mgcbd-250mgthc-tincture-key\/","title":{"rendered":"K\u00f8b 4:1 \u2013 1000mgCBD: 250mgTHC tinktur \u2013 Keey"},"content":{"rendered":"<div class=\"woocommerce-tabs wc-tabs-wrapper\">\n<div id=\"tab-description\" class=\"woocommerce-Tabs-panel woocommerce-Tabs-panel--description panel entry-content wc-tab\" role=\"tabpanel\" aria-labelledby=\"tab-title-description\">\n<h1>K\u00f8b 4:1 \u2013 1000mgCBD : 250mg THC Tinktur \u2013 Key<\/h1>\n<\/p><\/div><\/div>\n<div class=\"related products\"><\/div>\n","protected":false},"excerpt":{"rendered":"<p>K\u00f8b 4:1 &#8211; 1000mgCBD : 250mgTHC tinktur &#8211; N\u00f8gle til salg UK, Europa online Canada fra den st\u00f8rste online apotek, K\u00f8b My Weed Online.<\/p>\n<ul>\n<li>Forsendelse over hele verden<\/li>\n<li>Minimum ordrem\u00e6ngde er 5<\/li>\n<li> <strong>Kontakt os<\/strong>\u00a0for st\u00f8rre ordrer<\/li>\n<\/ul>\n","protected":false},"featured_media":4377,"comment_status":"open","ping_status":"closed","template":"","meta":[],"product_brand":[],"product_cat":[440],"product_tag":[],"class_list":{"0":"post-4343","1":"product","2":"type-product","3":"status-publish","4":"has-post-thumbnail","6":"product_cat-kb-cannabis-cbd-olie","8":"first","9":"instock","10":"shipping-taxable","11":"purchasable","12":"product-type-variable","13":"has-default-attributes"},"yoast_head":"<!-- This site is optimized with the Yoast SEO plugin v27.3 - https:\/\/yoast.com\/product\/yoast-seo-wordpress\/ -->\n<title>K\u00f8b 4:1 \u2013 1000mgCBD: 250mgTHC tinktur \u2013 Keey \u2013 bedste globale medicin<\/title>\n<meta name=\"description\" content=\"K\u00f8b 4:1 - 1000mgCBD: 250mgTHC Tinktur - Keey til salg UK, Europa online Canada fra den st\u00f8rste online apotek, K\u00f8b My Weed Online.\" \/>\n<meta name=\"robots\" content=\"index, follow, max-snippet:-1, max-image-preview:large, max-video-preview:-1\" \/>\n<link rel=\"canonical\" href=\"https:\/\/medicinasinc.com\/da\/product\/buy-41-1000mgcbd-250mgthc-tincture-key\/\" \/>\n<meta property=\"og:locale\" content=\"en_US\" \/>\n<meta property=\"og:type\" content=\"article\" \/>\n<meta property=\"og:title\" content=\"K\u00f8b 4:1 \u2013 1000mgCBD: 250mgTHC tinktur \u2013 Keey \u2013 bedste globale medicin\" \/>\n<meta property=\"og:description\" content=\"K\u00f8b 4:1 - 1000mgCBD: 250mgTHC Tinktur - Keey til salg UK, Europa online Canada fra den st\u00f8rste online apotek, K\u00f8b My Weed Online.\" \/>\n<meta property=\"og:url\" content=\"https:\/\/medicinasinc.com\/da\/product\/buy-41-1000mgcbd-250mgthc-tincture-key\/\" \/>\n<meta property=\"og:site_name\" content=\"Medicinas Inc\" \/>\n<meta property=\"article:modified_time\" content=\"2022-03-20T01:00:31+00:00\" \/>\n<meta property=\"og:image\" content=\"https:\/\/medicinasinc.com\/da\/wp-content\/uploads\/sites\/8\/2022\/02\/250mgTHC-Tincture-\u2013-Keey.png\" \/>\n\t<meta property=\"og:image:width\" content=\"972\" \/>\n\t<meta property=\"og:image:height\" content=\"972\" \/>\n\t<meta property=\"og:image:type\" content=\"image\/png\" \/>\n<meta name=\"twitter:card\" content=\"summary_large_image\" \/>\n<meta name=\"twitter:label1\" content=\"Est. reading time\" \/>\n\t<meta name=\"twitter:data1\" content=\"1 minute\" \/>\n<script type=\"application\/ld+json\" class=\"yoast-schema-graph\">{\"@context\":\"https:\\\/\\\/schema.org\",\"@graph\":[{\"@type\":\"WebPage\",\"@id\":\"https:\\\/\\\/medicinasinc.com\\\/da\\\/product\\\/buy-41-1000mgcbd-250mgthc-tincture-key\\\/\",\"url\":\"https:\\\/\\\/medicinasinc.com\\\/da\\\/product\\\/buy-41-1000mgcbd-250mgthc-tincture-key\\\/\",\"name\":\"K\u00f8b 4:1 \u2013 1000mgCBD: 250mgTHC tinktur \u2013 Keey \u2013 bedste globale medicin\",\"isPartOf\":{\"@id\":\"https:\\\/\\\/medicinasinc.com\\\/da\\\/#website\"},\"primaryImageOfPage\":{\"@id\":\"https:\\\/\\\/medicinasinc.com\\\/da\\\/product\\\/buy-41-1000mgcbd-250mgthc-tincture-key\\\/#primaryimage\"},\"image\":{\"@id\":\"https:\\\/\\\/medicinasinc.com\\\/da\\\/product\\\/buy-41-1000mgcbd-250mgthc-tincture-key\\\/#primaryimage\"},\"thumbnailUrl\":\"https:\\\/\\\/medicinasinc.com\\\/da\\\/wp-content\\\/uploads\\\/sites\\\/8\\\/2022\\\/02\\\/250mgTHC-Tincture-\u2013-Keey.png\",\"datePublished\":\"2022-02-20T08:27:57+00:00\",\"dateModified\":\"2022-03-20T01:00:31+00:00\",\"description\":\"K\u00f8b 4:1 - 1000mgCBD: 250mgTHC Tinktur - Keey til salg UK, Europa online Canada fra den st\u00f8rste online apotek, K\u00f8b My Weed Online.\",\"breadcrumb\":{\"@id\":\"https:\\\/\\\/medicinasinc.com\\\/da\\\/product\\\/buy-41-1000mgcbd-250mgthc-tincture-key\\\/#breadcrumb\"},\"inLanguage\":\"en-US\",\"potentialAction\":[{\"@type\":\"ReadAction\",\"target\":[\"https:\\\/\\\/medicinasinc.com\\\/da\\\/product\\\/buy-41-1000mgcbd-250mgthc-tincture-key\\\/\"]}]},{\"@type\":\"ImageObject\",\"inLanguage\":\"en-US\",\"@id\":\"https:\\\/\\\/medicinasinc.com\\\/da\\\/product\\\/buy-41-1000mgcbd-250mgthc-tincture-key\\\/#primaryimage\",\"url\":\"https:\\\/\\\/medicinasinc.com\\\/da\\\/wp-content\\\/uploads\\\/sites\\\/8\\\/2022\\\/02\\\/250mgTHC-Tincture-\u2013-Keey.png\",\"contentUrl\":\"https:\\\/\\\/medicinasinc.com\\\/da\\\/wp-content\\\/uploads\\\/sites\\\/8\\\/2022\\\/02\\\/250mgTHC-Tincture-\u2013-Keey.png\",\"width\":972,\"height\":972},{\"@type\":\"BreadcrumbList\",\"@id\":\"https:\\\/\\\/medicinasinc.com\\\/da\\\/product\\\/buy-41-1000mgcbd-250mgthc-tincture-key\\\/#breadcrumb\",\"itemListElement\":[{\"@type\":\"ListItem\",\"position\":1,\"name\":\"Butik\",\"item\":\"https:\\\/\\\/medicinasinc.com\\\/da\\\/butik\\\/\"},{\"@type\":\"ListItem\",\"position\":2,\"name\":\"K\u00f8b 4:1 \u2013 1000mgCBD: 250mgTHC tinktur \u2013 Keey\"}]},{\"@type\":\"WebSite\",\"@id\":\"https:\\\/\\\/medicinasinc.com\\\/da\\\/#website\",\"url\":\"https:\\\/\\\/medicinasinc.com\\\/da\\\/\",\"name\":\"Medicinas Inc\",\"description\":\"Health Medical Clinic\",\"potentialAction\":[{\"@type\":\"SearchAction\",\"target\":{\"@type\":\"EntryPoint\",\"urlTemplate\":\"https:\\\/\\\/medicinasinc.com\\\/da\\\/?s={search_term_string}\"},\"query-input\":{\"@type\":\"PropertyValueSpecification\",\"valueRequired\":true,\"valueName\":\"search_term_string\"}}],\"inLanguage\":\"en-US\"}]}<\/script>\n<!-- \/ Yoast SEO plugin. -->","yoast_head_json":{"title":"K\u00f8b 4:1 \u2013 1000mgCBD: 250mgTHC tinktur \u2013 Keey \u2013 bedste globale medicin","description":"K\u00f8b 4:1 - 1000mgCBD: 250mgTHC Tinktur - Keey til salg UK, Europa online Canada fra den st\u00f8rste online apotek, K\u00f8b My Weed Online.","robots":{"index":"index","follow":"follow","max-snippet":"max-snippet:-1","max-image-preview":"max-image-preview:large","max-video-preview":"max-video-preview:-1"},"canonical":"https:\/\/medicinasinc.com\/da\/product\/buy-41-1000mgcbd-250mgthc-tincture-key\/","og_locale":"en_US","og_type":"article","og_title":"K\u00f8b 4:1 \u2013 1000mgCBD: 250mgTHC tinktur \u2013 Keey \u2013 bedste globale medicin","og_description":"K\u00f8b 4:1 - 1000mgCBD: 250mgTHC Tinktur - Keey til salg UK, Europa online Canada fra den st\u00f8rste online apotek, K\u00f8b My Weed Online.","og_url":"https:\/\/medicinasinc.com\/da\/product\/buy-41-1000mgcbd-250mgthc-tincture-key\/","og_site_name":"Medicinas Inc","article_modified_time":"2022-03-20T01:00:31+00:00","og_image":[{"width":972,"height":972,"url":"https:\/\/medicinasinc.com\/da\/wp-content\/uploads\/sites\/8\/2022\/02\/250mgTHC-Tincture-\u2013-Keey.png","type":"image\/png"}],"twitter_card":"summary_large_image","twitter_misc":{"Est. reading time":"1 minute"},"schema":{"@context":"https:\/\/schema.org","@graph":[{"@type":"WebPage","@id":"https:\/\/medicinasinc.com\/da\/product\/buy-41-1000mgcbd-250mgthc-tincture-key\/","url":"https:\/\/medicinasinc.com\/da\/product\/buy-41-1000mgcbd-250mgthc-tincture-key\/","name":"K\u00f8b 4:1 \u2013 1000mgCBD: 250mgTHC tinktur \u2013 Keey \u2013 bedste globale medicin","isPartOf":{"@id":"https:\/\/medicinasinc.com\/da\/#website"},"primaryImageOfPage":{"@id":"https:\/\/medicinasinc.com\/da\/product\/buy-41-1000mgcbd-250mgthc-tincture-key\/#primaryimage"},"image":{"@id":"https:\/\/medicinasinc.com\/da\/product\/buy-41-1000mgcbd-250mgthc-tincture-key\/#primaryimage"},"thumbnailUrl":"https:\/\/medicinasinc.com\/da\/wp-content\/uploads\/sites\/8\/2022\/02\/250mgTHC-Tincture-\u2013-Keey.png","datePublished":"2022-02-20T08:27:57+00:00","dateModified":"2022-03-20T01:00:31+00:00","description":"K\u00f8b 4:1 - 1000mgCBD: 250mgTHC Tinktur - Keey til salg UK, Europa online Canada fra den st\u00f8rste online apotek, K\u00f8b My Weed Online.","breadcrumb":{"@id":"https:\/\/medicinasinc.com\/da\/product\/buy-41-1000mgcbd-250mgthc-tincture-key\/#breadcrumb"},"inLanguage":"en-US","potentialAction":[{"@type":"ReadAction","target":["https:\/\/medicinasinc.com\/da\/product\/buy-41-1000mgcbd-250mgthc-tincture-key\/"]}]},{"@type":"ImageObject","inLanguage":"en-US","@id":"https:\/\/medicinasinc.com\/da\/product\/buy-41-1000mgcbd-250mgthc-tincture-key\/#primaryimage","url":"https:\/\/medicinasinc.com\/da\/wp-content\/uploads\/sites\/8\/2022\/02\/250mgTHC-Tincture-\u2013-Keey.png","contentUrl":"https:\/\/medicinasinc.com\/da\/wp-content\/uploads\/sites\/8\/2022\/02\/250mgTHC-Tincture-\u2013-Keey.png","width":972,"height":972},{"@type":"BreadcrumbList","@id":"https:\/\/medicinasinc.com\/da\/product\/buy-41-1000mgcbd-250mgthc-tincture-key\/#breadcrumb","itemListElement":[{"@type":"ListItem","position":1,"name":"Butik","item":"https:\/\/medicinasinc.com\/da\/butik\/"},{"@type":"ListItem","position":2,"name":"K\u00f8b 4:1 \u2013 1000mgCBD: 250mgTHC tinktur \u2013 Keey"}]},{"@type":"WebSite","@id":"https:\/\/medicinasinc.com\/da\/#website","url":"https:\/\/medicinasinc.com\/da\/","name":"Medicinas Inc","description":"Health Medical Clinic","potentialAction":[{"@type":"SearchAction","target":{"@type":"EntryPoint","urlTemplate":"https:\/\/medicinasinc.com\/da\/?s={search_term_string}"},"query-input":{"@type":"PropertyValueSpecification","valueRequired":true,"valueName":"search_term_string"}}],"inLanguage":"en-US"}]}},"_links":{"self":[{"href":"https:\/\/medicinasinc.com\/da\/wp-json\/wp\/v2\/product\/4343","targetHints":{"allow":["GET"]}}],"collection":[{"href":"https:\/\/medicinasinc.com\/da\/wp-json\/wp\/v2\/product"}],"about":[{"href":"https:\/\/medicinasinc.com\/da\/wp-json\/wp\/v2\/types\/product"}],"replies":[{"embeddable":true,"href":"https:\/\/medicinasinc.com\/da\/wp-json\/wp\/v2\/comments?post=4343"}],"wp:featuredmedia":[{"embeddable":true,"href":"https:\/\/medicinasinc.com\/da\/wp-json\/wp\/v2\/media\/4377"}],"wp:attachment":[{"href":"https:\/\/medicinasinc.com\/da\/wp-json\/wp\/v2\/media?parent=4343"}],"wp:term":[{"taxonomy":"product_brand","embeddable":true,"href":"https:\/\/medicinasinc.com\/da\/wp-json\/wp\/v2\/product_brand?post=4343"},{"taxonomy":"product_cat","embeddable":true,"href":"https:\/\/medicinasinc.com\/da\/wp-json\/wp\/v2\/product_cat?post=4343"},{"taxonomy":"product_tag","embeddable":true,"href":"https:\/\/medicinasinc.com\/da\/wp-json\/wp\/v2\/product_tag?post=4343"}],"curies":[{"name":"wp","href":"https:\/\/api.w.org\/{rel}","templated":true}]}}