{"id":4338,"date":"2022-02-20T08:27:22","date_gmt":"2022-02-20T08:27:22","guid":{"rendered":"https:\/\/medicinasinc.com\/da\/?post_type=product&#038;p=4338"},"modified":"2022-03-20T01:00:40","modified_gmt":"2022-03-20T01:00:40","slug":"buy-250mg-thc-mist-spray-10ml-ease","status":"publish","type":"product","link":"https:\/\/medicinasinc.com\/da\/product\/buy-250mg-thc-mist-spray-10ml-ease\/","title":{"rendered":"K\u00f8b 250mg THC Mist Spray 10ml \u2013 Ease"},"content":{"rendered":"<p>K\u00f8b 10ml 250mg THC Mist Spray \u2013 Ease<\/p>\n<p>Med vores l\u00e6kre cannabis-infunderede \u00e5ndespray l\u00f8fter Ease sublingual Spray det traditionelle tinkturkoncept til et helt nyt niveau. Ease Spray giver dig mulighed for at dosere efter behov, uanset placering, uden frygt for det stigmatisering, der traditionelt er forbundet med de fleste cannabisprodukter. Ease Spray indeholder hele 5 mg medicin pr. spray, hvilket giver dig mulighed for pr\u00e6cist at medicinere til det niveau, der opfylder dine behov. Ease Sprays indeholder ingen alkohol, opl\u00f8sningsmidler eller petrokemikalier i deres helt naturlige formel af kokosn\u00f8ddeekstrakter, terpener og cannabisekstrakter.<\/p>\n<p>Dette produkt forenkler medicinering p\u00e5 farten! Med den helt nye lethed Shake n Spray Ekstra styrke!<\/p>\n<p>DOSER TIL SUBLINGUALE SPRAYFLASKER<\/p>\n<p>250mg THC i en 10 ml glasflaske<\/p>\n<p>Hver flaske indeholder 50 -60 sprays.<\/p>\n","protected":false},"excerpt":{"rendered":"<p>K\u00f8b 250mg THC Mist Spray UK 10ml til salg Europa Online. Ease Spray giver dig friheden til at dosere efter behov, hvor som helst du er, uden at bekymre dig om stigmatiseringen traditionelt<\/p>\n<ul>\n<li>Verdensomsp\u00e6ndende forsendelse<\/li>\n<li>EKSTRA STYRKE THC T\u00c5GE SPRAY<\/li>\n<li>10 ml glasflaske 250mg THC<\/li>\n<li>Minimum ordrem\u00e6ngde er 5<\/li>\n<li><strong>Kontakt os<\/strong>\u00a0for st\u00f8rre ordrer<\/li>\n<\/ul>\n","protected":false},"featured_media":4371,"comment_status":"open","ping_status":"closed","template":"","meta":[],"product_brand":[],"product_cat":[440],"product_tag":[],"class_list":{"0":"post-4338","1":"product","2":"type-product","3":"status-publish","4":"has-post-thumbnail","6":"product_cat-kb-cannabis-cbd-olie","8":"first","9":"instock","10":"shipping-taxable","11":"purchasable","12":"product-type-variable","13":"has-default-attributes"},"yoast_head":"<!-- This site is optimized with the Yoast SEO plugin v27.3 - https:\/\/yoast.com\/product\/yoast-seo-wordpress\/ -->\n<title>K\u00f8b 250mg THC Mist Spray 10ml \u2013 Ease - Best Global Meds<\/title>\n<meta name=\"description\" content=\"K\u00f8b 250mg THC Mist Spray UK 10ml til salg Europa Online. Ease Spray giver dig frihed til at dosere efter behov, uanset hvor du er, uden at bekymre dig om stigmatiseringen traditionelt\" \/>\n<meta name=\"robots\" content=\"index, follow, max-snippet:-1, max-image-preview:large, max-video-preview:-1\" \/>\n<link rel=\"canonical\" href=\"https:\/\/medicinasinc.com\/da\/product\/buy-250mg-thc-mist-spray-10ml-ease\/\" \/>\n<meta property=\"og:locale\" content=\"en_US\" \/>\n<meta property=\"og:type\" content=\"article\" \/>\n<meta property=\"og:title\" content=\"K\u00f8b 250mg THC Mist Spray 10ml \u2013 Ease - Best Global Meds\" \/>\n<meta property=\"og:description\" content=\"K\u00f8b 250mg THC Mist Spray UK 10ml til salg Europa Online. Ease Spray giver dig frihed til at dosere efter behov, uanset hvor du er, uden at bekymre dig om stigmatiseringen traditionelt\" \/>\n<meta property=\"og:url\" content=\"https:\/\/medicinasinc.com\/da\/product\/buy-250mg-thc-mist-spray-10ml-ease\/\" \/>\n<meta property=\"og:site_name\" content=\"Medicinas Inc\" \/>\n<meta property=\"article:modified_time\" content=\"2022-03-20T01:00:40+00:00\" \/>\n<meta property=\"og:image\" content=\"https:\/\/medicinasinc.com\/da\/wp-content\/uploads\/sites\/8\/2022\/02\/Buy-250mg-THC-Mist-Spray-10ml.jpg\" \/>\n\t<meta property=\"og:image:width\" content=\"1500\" \/>\n\t<meta property=\"og:image:height\" content=\"1500\" \/>\n\t<meta property=\"og:image:type\" content=\"image\/jpeg\" \/>\n<meta name=\"twitter:card\" content=\"summary_large_image\" \/>\n<meta name=\"twitter:label1\" content=\"Est. reading time\" \/>\n\t<meta name=\"twitter:data1\" content=\"1 minute\" \/>\n<script type=\"application\/ld+json\" class=\"yoast-schema-graph\">{\"@context\":\"https:\\\/\\\/schema.org\",\"@graph\":[{\"@type\":\"WebPage\",\"@id\":\"https:\\\/\\\/medicinasinc.com\\\/da\\\/product\\\/buy-250mg-thc-mist-spray-10ml-ease\\\/\",\"url\":\"https:\\\/\\\/medicinasinc.com\\\/da\\\/product\\\/buy-250mg-thc-mist-spray-10ml-ease\\\/\",\"name\":\"K\u00f8b 250mg THC Mist Spray 10ml \u2013 Ease - Best Global Meds\",\"isPartOf\":{\"@id\":\"https:\\\/\\\/medicinasinc.com\\\/da\\\/#website\"},\"primaryImageOfPage\":{\"@id\":\"https:\\\/\\\/medicinasinc.com\\\/da\\\/product\\\/buy-250mg-thc-mist-spray-10ml-ease\\\/#primaryimage\"},\"image\":{\"@id\":\"https:\\\/\\\/medicinasinc.com\\\/da\\\/product\\\/buy-250mg-thc-mist-spray-10ml-ease\\\/#primaryimage\"},\"thumbnailUrl\":\"https:\\\/\\\/medicinasinc.com\\\/da\\\/wp-content\\\/uploads\\\/sites\\\/8\\\/2022\\\/02\\\/Buy-250mg-THC-Mist-Spray-10ml.jpg\",\"datePublished\":\"2022-02-20T08:27:22+00:00\",\"dateModified\":\"2022-03-20T01:00:40+00:00\",\"description\":\"K\u00f8b 250mg THC Mist Spray UK 10ml til salg Europa Online. Ease Spray giver dig frihed til at dosere efter behov, uanset hvor du er, uden at bekymre dig om stigmatiseringen traditionelt\",\"breadcrumb\":{\"@id\":\"https:\\\/\\\/medicinasinc.com\\\/da\\\/product\\\/buy-250mg-thc-mist-spray-10ml-ease\\\/#breadcrumb\"},\"inLanguage\":\"en-US\",\"potentialAction\":[{\"@type\":\"ReadAction\",\"target\":[\"https:\\\/\\\/medicinasinc.com\\\/da\\\/product\\\/buy-250mg-thc-mist-spray-10ml-ease\\\/\"]}]},{\"@type\":\"ImageObject\",\"inLanguage\":\"en-US\",\"@id\":\"https:\\\/\\\/medicinasinc.com\\\/da\\\/product\\\/buy-250mg-thc-mist-spray-10ml-ease\\\/#primaryimage\",\"url\":\"https:\\\/\\\/medicinasinc.com\\\/da\\\/wp-content\\\/uploads\\\/sites\\\/8\\\/2022\\\/02\\\/Buy-250mg-THC-Mist-Spray-10ml.jpg\",\"contentUrl\":\"https:\\\/\\\/medicinasinc.com\\\/da\\\/wp-content\\\/uploads\\\/sites\\\/8\\\/2022\\\/02\\\/Buy-250mg-THC-Mist-Spray-10ml.jpg\",\"width\":1500,\"height\":1500},{\"@type\":\"BreadcrumbList\",\"@id\":\"https:\\\/\\\/medicinasinc.com\\\/da\\\/product\\\/buy-250mg-thc-mist-spray-10ml-ease\\\/#breadcrumb\",\"itemListElement\":[{\"@type\":\"ListItem\",\"position\":1,\"name\":\"Butik\",\"item\":\"https:\\\/\\\/medicinasinc.com\\\/da\\\/butik\\\/\"},{\"@type\":\"ListItem\",\"position\":2,\"name\":\"K\u00f8b 250mg THC Mist Spray 10ml \u2013 Ease\"}]},{\"@type\":\"WebSite\",\"@id\":\"https:\\\/\\\/medicinasinc.com\\\/da\\\/#website\",\"url\":\"https:\\\/\\\/medicinasinc.com\\\/da\\\/\",\"name\":\"Medicinas Inc\",\"description\":\"Health Medical Clinic\",\"potentialAction\":[{\"@type\":\"SearchAction\",\"target\":{\"@type\":\"EntryPoint\",\"urlTemplate\":\"https:\\\/\\\/medicinasinc.com\\\/da\\\/?s={search_term_string}\"},\"query-input\":{\"@type\":\"PropertyValueSpecification\",\"valueRequired\":true,\"valueName\":\"search_term_string\"}}],\"inLanguage\":\"en-US\"}]}<\/script>\n<!-- \/ Yoast SEO plugin. -->","yoast_head_json":{"title":"K\u00f8b 250mg THC Mist Spray 10ml \u2013 Ease - Best Global Meds","description":"K\u00f8b 250mg THC Mist Spray UK 10ml til salg Europa Online. Ease Spray giver dig frihed til at dosere efter behov, uanset hvor du er, uden at bekymre dig om stigmatiseringen traditionelt","robots":{"index":"index","follow":"follow","max-snippet":"max-snippet:-1","max-image-preview":"max-image-preview:large","max-video-preview":"max-video-preview:-1"},"canonical":"https:\/\/medicinasinc.com\/da\/product\/buy-250mg-thc-mist-spray-10ml-ease\/","og_locale":"en_US","og_type":"article","og_title":"K\u00f8b 250mg THC Mist Spray 10ml \u2013 Ease - Best Global Meds","og_description":"K\u00f8b 250mg THC Mist Spray UK 10ml til salg Europa Online. Ease Spray giver dig frihed til at dosere efter behov, uanset hvor du er, uden at bekymre dig om stigmatiseringen traditionelt","og_url":"https:\/\/medicinasinc.com\/da\/product\/buy-250mg-thc-mist-spray-10ml-ease\/","og_site_name":"Medicinas Inc","article_modified_time":"2022-03-20T01:00:40+00:00","og_image":[{"width":1500,"height":1500,"url":"https:\/\/medicinasinc.com\/da\/wp-content\/uploads\/sites\/8\/2022\/02\/Buy-250mg-THC-Mist-Spray-10ml.jpg","type":"image\/jpeg"}],"twitter_card":"summary_large_image","twitter_misc":{"Est. reading time":"1 minute"},"schema":{"@context":"https:\/\/schema.org","@graph":[{"@type":"WebPage","@id":"https:\/\/medicinasinc.com\/da\/product\/buy-250mg-thc-mist-spray-10ml-ease\/","url":"https:\/\/medicinasinc.com\/da\/product\/buy-250mg-thc-mist-spray-10ml-ease\/","name":"K\u00f8b 250mg THC Mist Spray 10ml \u2013 Ease - Best Global Meds","isPartOf":{"@id":"https:\/\/medicinasinc.com\/da\/#website"},"primaryImageOfPage":{"@id":"https:\/\/medicinasinc.com\/da\/product\/buy-250mg-thc-mist-spray-10ml-ease\/#primaryimage"},"image":{"@id":"https:\/\/medicinasinc.com\/da\/product\/buy-250mg-thc-mist-spray-10ml-ease\/#primaryimage"},"thumbnailUrl":"https:\/\/medicinasinc.com\/da\/wp-content\/uploads\/sites\/8\/2022\/02\/Buy-250mg-THC-Mist-Spray-10ml.jpg","datePublished":"2022-02-20T08:27:22+00:00","dateModified":"2022-03-20T01:00:40+00:00","description":"K\u00f8b 250mg THC Mist Spray UK 10ml til salg Europa Online. Ease Spray giver dig frihed til at dosere efter behov, uanset hvor du er, uden at bekymre dig om stigmatiseringen traditionelt","breadcrumb":{"@id":"https:\/\/medicinasinc.com\/da\/product\/buy-250mg-thc-mist-spray-10ml-ease\/#breadcrumb"},"inLanguage":"en-US","potentialAction":[{"@type":"ReadAction","target":["https:\/\/medicinasinc.com\/da\/product\/buy-250mg-thc-mist-spray-10ml-ease\/"]}]},{"@type":"ImageObject","inLanguage":"en-US","@id":"https:\/\/medicinasinc.com\/da\/product\/buy-250mg-thc-mist-spray-10ml-ease\/#primaryimage","url":"https:\/\/medicinasinc.com\/da\/wp-content\/uploads\/sites\/8\/2022\/02\/Buy-250mg-THC-Mist-Spray-10ml.jpg","contentUrl":"https:\/\/medicinasinc.com\/da\/wp-content\/uploads\/sites\/8\/2022\/02\/Buy-250mg-THC-Mist-Spray-10ml.jpg","width":1500,"height":1500},{"@type":"BreadcrumbList","@id":"https:\/\/medicinasinc.com\/da\/product\/buy-250mg-thc-mist-spray-10ml-ease\/#breadcrumb","itemListElement":[{"@type":"ListItem","position":1,"name":"Butik","item":"https:\/\/medicinasinc.com\/da\/butik\/"},{"@type":"ListItem","position":2,"name":"K\u00f8b 250mg THC Mist Spray 10ml \u2013 Ease"}]},{"@type":"WebSite","@id":"https:\/\/medicinasinc.com\/da\/#website","url":"https:\/\/medicinasinc.com\/da\/","name":"Medicinas Inc","description":"Health Medical Clinic","potentialAction":[{"@type":"SearchAction","target":{"@type":"EntryPoint","urlTemplate":"https:\/\/medicinasinc.com\/da\/?s={search_term_string}"},"query-input":{"@type":"PropertyValueSpecification","valueRequired":true,"valueName":"search_term_string"}}],"inLanguage":"en-US"}]}},"_links":{"self":[{"href":"https:\/\/medicinasinc.com\/da\/wp-json\/wp\/v2\/product\/4338","targetHints":{"allow":["GET"]}}],"collection":[{"href":"https:\/\/medicinasinc.com\/da\/wp-json\/wp\/v2\/product"}],"about":[{"href":"https:\/\/medicinasinc.com\/da\/wp-json\/wp\/v2\/types\/product"}],"replies":[{"embeddable":true,"href":"https:\/\/medicinasinc.com\/da\/wp-json\/wp\/v2\/comments?post=4338"}],"wp:featuredmedia":[{"embeddable":true,"href":"https:\/\/medicinasinc.com\/da\/wp-json\/wp\/v2\/media\/4371"}],"wp:attachment":[{"href":"https:\/\/medicinasinc.com\/da\/wp-json\/wp\/v2\/media?parent=4338"}],"wp:term":[{"taxonomy":"product_brand","embeddable":true,"href":"https:\/\/medicinasinc.com\/da\/wp-json\/wp\/v2\/product_brand?post=4338"},{"taxonomy":"product_cat","embeddable":true,"href":"https:\/\/medicinasinc.com\/da\/wp-json\/wp\/v2\/product_cat?post=4338"},{"taxonomy":"product_tag","embeddable":true,"href":"https:\/\/medicinasinc.com\/da\/wp-json\/wp\/v2\/product_tag?post=4338"}],"curies":[{"name":"wp","href":"https:\/\/api.w.org\/{rel}","templated":true}]}}