{"id":4333,"date":"2022-02-20T08:26:46","date_gmt":"2022-02-20T08:26:46","guid":{"rendered":"https:\/\/medicinasinc.com\/da\/?post_type=product&#038;p=4333"},"modified":"2022-03-20T01:00:49","modified_gmt":"2022-03-20T01:00:49","slug":"kob-100mg-thc-hamp-fro-olie-kapsler","status":"publish","type":"product","link":"https:\/\/medicinasinc.com\/da\/product\/kob-100mg-thc-hamp-fro-olie-kapsler\/","title":{"rendered":"K\u00f8b 100mg THC hampefr\u00f8oliekapsler"},"content":{"rendered":"<p>K\u00f8b hampefr\u00f8oliekapsler 100 mg THC<\/p>\n<p>For at skelne disse kapsler fra de almindeligt tilg\u00e6ngelige, men ringere THC-pulverkapsler, indeholder hver kapsel 100 mg THC hampefr\u00f8olie.<\/p>\n<p>Solgt i tre-pakninger<\/p>\n<p>Vores THC-oliekapsler er afledt af hele Cannabis-planten og er us\u00e6dvanligt h\u00f8je i terpener. Disse kapsler indeholder den reneste THC og hampefr\u00f8olie, der findes. Hampefr\u00f8olie indeholder et 3:1 forhold mellem omega 6 og omega 3 fedtsyrer, som opfylder de optimale krav til langsigtet sundhed. Hver batch af THC-olie er laboratorietestet for at sikre dens renhed og sikkerhed.<\/p>\n","protected":false},"excerpt":{"rendered":"<p>K\u00f8b 100mg THC hampefr\u00f8oliekapsler til salg er formuleret fra hele Cannabis-planten og er rige p\u00e5 terpener. Disse kapsler indeholder THC og hampefr\u00f8olie af h\u00f8jeste kvalitet.<\/p>\n<ul>\n<li>Forsendelse til hele verden<\/li>\n<li>Hver kapsel indeholder 100 mg THC.<\/li>\n<li>Hver flaske indeholder 3 stk. kapsler.<\/li>\n<li>Minimum ordrem\u00e6ngde er 5<strong><em>\u00a0flasker<\/em><\/strong><\/li>\n<li>Kontakt os for st\u00f8rre ordrer<\/li>\n<\/ul>\n","protected":false},"featured_media":4365,"comment_status":"open","ping_status":"closed","template":"","meta":[],"product_brand":[],"product_cat":[440],"product_tag":[],"class_list":{"0":"post-4333","1":"product","2":"type-product","3":"status-publish","4":"has-post-thumbnail","6":"product_cat-kb-cannabis-cbd-olie","8":"first","9":"instock","10":"shipping-taxable","11":"purchasable","12":"product-type-variable","13":"has-default-attributes"},"yoast_head":"<!-- This site is optimized with the Yoast SEO plugin v27.3 - https:\/\/yoast.com\/product\/yoast-seo-wordpress\/ -->\n<title>K\u00f8b 100mg THC hampefr\u00f8oliekapsler - bedste globale medicin<\/title>\n<meta name=\"description\" content=\"K\u00f8b 100mg THC hampefr\u00f8oliekapsler til salg er formuleret fra hele Cannabis-planten og er rige p\u00e5 terpener. Disse kapsler indeholder THC og hampefr\u00f8olie af h\u00f8jeste kvalitet.\" \/>\n<meta name=\"robots\" content=\"index, follow, max-snippet:-1, max-image-preview:large, max-video-preview:-1\" \/>\n<link rel=\"canonical\" href=\"https:\/\/medicinasinc.com\/da\/product\/kob-100mg-thc-hamp-fro-olie-kapsler\/\" \/>\n<meta property=\"og:locale\" content=\"en_US\" \/>\n<meta property=\"og:type\" content=\"article\" \/>\n<meta property=\"og:title\" content=\"K\u00f8b 100mg THC hampefr\u00f8oliekapsler - bedste globale medicin\" \/>\n<meta property=\"og:description\" content=\"K\u00f8b 100mg THC hampefr\u00f8oliekapsler til salg er formuleret fra hele Cannabis-planten og er rige p\u00e5 terpener. Disse kapsler indeholder THC og hampefr\u00f8olie af h\u00f8jeste kvalitet.\" \/>\n<meta property=\"og:url\" content=\"https:\/\/medicinasinc.com\/da\/product\/kob-100mg-thc-hamp-fro-olie-kapsler\/\" \/>\n<meta property=\"og:site_name\" content=\"Medicinas Inc\" \/>\n<meta property=\"article:modified_time\" content=\"2022-03-20T01:00:49+00:00\" \/>\n<meta property=\"og:image\" content=\"https:\/\/medicinasinc.com\/da\/wp-content\/uploads\/sites\/8\/2022\/02\/Buy-100mg-THC-Hemp-Seed-Oil-Capsules-2.jpg\" \/>\n\t<meta property=\"og:image:width\" content=\"344\" \/>\n\t<meta property=\"og:image:height\" content=\"400\" \/>\n\t<meta property=\"og:image:type\" content=\"image\/jpeg\" \/>\n<meta name=\"twitter:card\" content=\"summary_large_image\" \/>\n<meta name=\"twitter:label1\" content=\"Est. reading time\" \/>\n\t<meta name=\"twitter:data1\" content=\"1 minute\" \/>\n<script type=\"application\/ld+json\" class=\"yoast-schema-graph\">{\"@context\":\"https:\\\/\\\/schema.org\",\"@graph\":[{\"@type\":\"WebPage\",\"@id\":\"https:\\\/\\\/medicinasinc.com\\\/da\\\/product\\\/kob-100mg-thc-hamp-fro-olie-kapsler\\\/\",\"url\":\"https:\\\/\\\/medicinasinc.com\\\/da\\\/product\\\/kob-100mg-thc-hamp-fro-olie-kapsler\\\/\",\"name\":\"K\u00f8b 100mg THC hampefr\u00f8oliekapsler - bedste globale medicin\",\"isPartOf\":{\"@id\":\"https:\\\/\\\/medicinasinc.com\\\/da\\\/#website\"},\"primaryImageOfPage\":{\"@id\":\"https:\\\/\\\/medicinasinc.com\\\/da\\\/product\\\/kob-100mg-thc-hamp-fro-olie-kapsler\\\/#primaryimage\"},\"image\":{\"@id\":\"https:\\\/\\\/medicinasinc.com\\\/da\\\/product\\\/kob-100mg-thc-hamp-fro-olie-kapsler\\\/#primaryimage\"},\"thumbnailUrl\":\"https:\\\/\\\/medicinasinc.com\\\/da\\\/wp-content\\\/uploads\\\/sites\\\/8\\\/2022\\\/02\\\/Buy-100mg-THC-Hemp-Seed-Oil-Capsules-2.jpg\",\"datePublished\":\"2022-02-20T08:26:46+00:00\",\"dateModified\":\"2022-03-20T01:00:49+00:00\",\"description\":\"K\u00f8b 100mg THC hampefr\u00f8oliekapsler til salg er formuleret fra hele Cannabis-planten og er rige p\u00e5 terpener. Disse kapsler indeholder THC og hampefr\u00f8olie af h\u00f8jeste kvalitet.\",\"breadcrumb\":{\"@id\":\"https:\\\/\\\/medicinasinc.com\\\/da\\\/product\\\/kob-100mg-thc-hamp-fro-olie-kapsler\\\/#breadcrumb\"},\"inLanguage\":\"en-US\",\"potentialAction\":[{\"@type\":\"ReadAction\",\"target\":[\"https:\\\/\\\/medicinasinc.com\\\/da\\\/product\\\/kob-100mg-thc-hamp-fro-olie-kapsler\\\/\"]}]},{\"@type\":\"ImageObject\",\"inLanguage\":\"en-US\",\"@id\":\"https:\\\/\\\/medicinasinc.com\\\/da\\\/product\\\/kob-100mg-thc-hamp-fro-olie-kapsler\\\/#primaryimage\",\"url\":\"https:\\\/\\\/medicinasinc.com\\\/da\\\/wp-content\\\/uploads\\\/sites\\\/8\\\/2022\\\/02\\\/Buy-100mg-THC-Hemp-Seed-Oil-Capsules-2.jpg\",\"contentUrl\":\"https:\\\/\\\/medicinasinc.com\\\/da\\\/wp-content\\\/uploads\\\/sites\\\/8\\\/2022\\\/02\\\/Buy-100mg-THC-Hemp-Seed-Oil-Capsules-2.jpg\",\"width\":344,\"height\":400},{\"@type\":\"BreadcrumbList\",\"@id\":\"https:\\\/\\\/medicinasinc.com\\\/da\\\/product\\\/kob-100mg-thc-hamp-fro-olie-kapsler\\\/#breadcrumb\",\"itemListElement\":[{\"@type\":\"ListItem\",\"position\":1,\"name\":\"Butik\",\"item\":\"https:\\\/\\\/medicinasinc.com\\\/da\\\/butik\\\/\"},{\"@type\":\"ListItem\",\"position\":2,\"name\":\"K\u00f8b 100mg THC hampefr\u00f8oliekapsler\"}]},{\"@type\":\"WebSite\",\"@id\":\"https:\\\/\\\/medicinasinc.com\\\/da\\\/#website\",\"url\":\"https:\\\/\\\/medicinasinc.com\\\/da\\\/\",\"name\":\"Medicinas Inc\",\"description\":\"Health Medical Clinic\",\"potentialAction\":[{\"@type\":\"SearchAction\",\"target\":{\"@type\":\"EntryPoint\",\"urlTemplate\":\"https:\\\/\\\/medicinasinc.com\\\/da\\\/?s={search_term_string}\"},\"query-input\":{\"@type\":\"PropertyValueSpecification\",\"valueRequired\":true,\"valueName\":\"search_term_string\"}}],\"inLanguage\":\"en-US\"}]}<\/script>\n<!-- \/ Yoast SEO plugin. -->","yoast_head_json":{"title":"K\u00f8b 100mg THC hampefr\u00f8oliekapsler - bedste globale medicin","description":"K\u00f8b 100mg THC hampefr\u00f8oliekapsler til salg er formuleret fra hele Cannabis-planten og er rige p\u00e5 terpener. Disse kapsler indeholder THC og hampefr\u00f8olie af h\u00f8jeste kvalitet.","robots":{"index":"index","follow":"follow","max-snippet":"max-snippet:-1","max-image-preview":"max-image-preview:large","max-video-preview":"max-video-preview:-1"},"canonical":"https:\/\/medicinasinc.com\/da\/product\/kob-100mg-thc-hamp-fro-olie-kapsler\/","og_locale":"en_US","og_type":"article","og_title":"K\u00f8b 100mg THC hampefr\u00f8oliekapsler - bedste globale medicin","og_description":"K\u00f8b 100mg THC hampefr\u00f8oliekapsler til salg er formuleret fra hele Cannabis-planten og er rige p\u00e5 terpener. Disse kapsler indeholder THC og hampefr\u00f8olie af h\u00f8jeste kvalitet.","og_url":"https:\/\/medicinasinc.com\/da\/product\/kob-100mg-thc-hamp-fro-olie-kapsler\/","og_site_name":"Medicinas Inc","article_modified_time":"2022-03-20T01:00:49+00:00","og_image":[{"width":344,"height":400,"url":"https:\/\/medicinasinc.com\/da\/wp-content\/uploads\/sites\/8\/2022\/02\/Buy-100mg-THC-Hemp-Seed-Oil-Capsules-2.jpg","type":"image\/jpeg"}],"twitter_card":"summary_large_image","twitter_misc":{"Est. reading time":"1 minute"},"schema":{"@context":"https:\/\/schema.org","@graph":[{"@type":"WebPage","@id":"https:\/\/medicinasinc.com\/da\/product\/kob-100mg-thc-hamp-fro-olie-kapsler\/","url":"https:\/\/medicinasinc.com\/da\/product\/kob-100mg-thc-hamp-fro-olie-kapsler\/","name":"K\u00f8b 100mg THC hampefr\u00f8oliekapsler - bedste globale medicin","isPartOf":{"@id":"https:\/\/medicinasinc.com\/da\/#website"},"primaryImageOfPage":{"@id":"https:\/\/medicinasinc.com\/da\/product\/kob-100mg-thc-hamp-fro-olie-kapsler\/#primaryimage"},"image":{"@id":"https:\/\/medicinasinc.com\/da\/product\/kob-100mg-thc-hamp-fro-olie-kapsler\/#primaryimage"},"thumbnailUrl":"https:\/\/medicinasinc.com\/da\/wp-content\/uploads\/sites\/8\/2022\/02\/Buy-100mg-THC-Hemp-Seed-Oil-Capsules-2.jpg","datePublished":"2022-02-20T08:26:46+00:00","dateModified":"2022-03-20T01:00:49+00:00","description":"K\u00f8b 100mg THC hampefr\u00f8oliekapsler til salg er formuleret fra hele Cannabis-planten og er rige p\u00e5 terpener. Disse kapsler indeholder THC og hampefr\u00f8olie af h\u00f8jeste kvalitet.","breadcrumb":{"@id":"https:\/\/medicinasinc.com\/da\/product\/kob-100mg-thc-hamp-fro-olie-kapsler\/#breadcrumb"},"inLanguage":"en-US","potentialAction":[{"@type":"ReadAction","target":["https:\/\/medicinasinc.com\/da\/product\/kob-100mg-thc-hamp-fro-olie-kapsler\/"]}]},{"@type":"ImageObject","inLanguage":"en-US","@id":"https:\/\/medicinasinc.com\/da\/product\/kob-100mg-thc-hamp-fro-olie-kapsler\/#primaryimage","url":"https:\/\/medicinasinc.com\/da\/wp-content\/uploads\/sites\/8\/2022\/02\/Buy-100mg-THC-Hemp-Seed-Oil-Capsules-2.jpg","contentUrl":"https:\/\/medicinasinc.com\/da\/wp-content\/uploads\/sites\/8\/2022\/02\/Buy-100mg-THC-Hemp-Seed-Oil-Capsules-2.jpg","width":344,"height":400},{"@type":"BreadcrumbList","@id":"https:\/\/medicinasinc.com\/da\/product\/kob-100mg-thc-hamp-fro-olie-kapsler\/#breadcrumb","itemListElement":[{"@type":"ListItem","position":1,"name":"Butik","item":"https:\/\/medicinasinc.com\/da\/butik\/"},{"@type":"ListItem","position":2,"name":"K\u00f8b 100mg THC hampefr\u00f8oliekapsler"}]},{"@type":"WebSite","@id":"https:\/\/medicinasinc.com\/da\/#website","url":"https:\/\/medicinasinc.com\/da\/","name":"Medicinas Inc","description":"Health Medical Clinic","potentialAction":[{"@type":"SearchAction","target":{"@type":"EntryPoint","urlTemplate":"https:\/\/medicinasinc.com\/da\/?s={search_term_string}"},"query-input":{"@type":"PropertyValueSpecification","valueRequired":true,"valueName":"search_term_string"}}],"inLanguage":"en-US"}]}},"_links":{"self":[{"href":"https:\/\/medicinasinc.com\/da\/wp-json\/wp\/v2\/product\/4333","targetHints":{"allow":["GET"]}}],"collection":[{"href":"https:\/\/medicinasinc.com\/da\/wp-json\/wp\/v2\/product"}],"about":[{"href":"https:\/\/medicinasinc.com\/da\/wp-json\/wp\/v2\/types\/product"}],"replies":[{"embeddable":true,"href":"https:\/\/medicinasinc.com\/da\/wp-json\/wp\/v2\/comments?post=4333"}],"wp:featuredmedia":[{"embeddable":true,"href":"https:\/\/medicinasinc.com\/da\/wp-json\/wp\/v2\/media\/4365"}],"wp:attachment":[{"href":"https:\/\/medicinasinc.com\/da\/wp-json\/wp\/v2\/media?parent=4333"}],"wp:term":[{"taxonomy":"product_brand","embeddable":true,"href":"https:\/\/medicinasinc.com\/da\/wp-json\/wp\/v2\/product_brand?post=4333"},{"taxonomy":"product_cat","embeddable":true,"href":"https:\/\/medicinasinc.com\/da\/wp-json\/wp\/v2\/product_cat?post=4333"},{"taxonomy":"product_tag","embeddable":true,"href":"https:\/\/medicinasinc.com\/da\/wp-json\/wp\/v2\/product_tag?post=4333"}],"curies":[{"name":"wp","href":"https:\/\/api.w.org\/{rel}","templated":true}]}}