{"id":4327,"date":"2022-02-20T08:26:03","date_gmt":"2022-02-20T08:26:03","guid":{"rendered":"https:\/\/medicinasinc.com\/da\/?post_type=product&#038;p=4327"},"modified":"2022-03-20T01:01:07","modified_gmt":"2022-03-20T01:01:07","slug":"destillat-tinktur-1000mg-thc-gron-gudinde","status":"publish","type":"product","link":"https:\/\/medicinasinc.com\/da\/product\/destillat-tinktur-1000mg-thc-gron-gudinde\/","title":{"rendered":"Destillat tinktur &#8211; 1000mg THC &#8211; Gr\u00f8n gudinde"},"content":{"rendered":"<p>Green Goddess \u2013 1000mg THC Tinktur<\/p>\n<p>Green Goddess Tinktur-dr\u00e5ber har flere fordele i forhold til andre metoder til administration af medicinske cannabinoider: en 30 ml krukke med letanvendelig dr\u00e5bep\u00e5f\u00f8ring muligg\u00f8r pr\u00e6cis og p\u00e5lidelig sublingual dosering. Mundslimhinden letter hurtig og konsekvent absorption i blodbanen. Ford\u00f8jelsessystemet og leveren er ikke involveret i behandlingen af \u200b\u200bdisse tinkturer, som de er med oralt indtagne cannabinoider, der findes i spiselige varer. Diskret og ideel til ikke-rygere, der s\u00f8ger fordelene ved THC, men mangler den n\u00f8dvendige \u00e5ndedr\u00e6tskapacitet til rygning.<\/p>\n<p>Produceret ved hj\u00e6lp af et ekstrakt af hele cannabisplanten. Vi tilf\u00f8jede en helt naturlig C8+C10 Oil, en 100 procent \u00f8kologisk kokosn\u00f8d-afledt kilde til potente mellemk\u00e6dede fedtsyrer, der hj\u00e6lper kroppen og sindet til at pr\u00e6stere bedst muligt. Naturlig smag er tilf\u00f8jet.<\/p>\n<p>Ingredienser:<\/p>\n<p>MCT-olie tilsat hele cannabisplanteekstrakt (THC)<\/p>\n<p>Anvendelsesforslag<\/p>\n<p>1 -2 dr\u00e5ber hver tredje til fjerde time, fald under tungen og hold i 30 sekunder for maksimal lindring. Kontakt din l\u00e6ge for at bestemme den korrekte dosis. Det anbefales ikke at tage p\u00e5 tom mave.<\/p>\n","protected":false},"excerpt":{"rendered":"<p>Vores premium CBD-destillat 1000mg THC Tinktur hampeolie har 1000 mg CBD ekstraheret fra Colorado-dyrket \u00f8kologisk hamp. Tag denne tinktur dagligt for velv\u00e6re drevet af planter!<\/p>\n<ul>\n<li>Verdensomsp\u00e6ndende forsendelse<\/li>\n<li>1000mg THC pr. 30mL<\/li>\n<li>Mindste ordrem\u00e6ngde er 5<\/li>\n<li>Kontakt os for st\u00f8rre ordrer<\/li>\n<\/ul>\n","protected":false},"featured_media":4357,"comment_status":"open","ping_status":"closed","template":"","meta":[],"product_brand":[],"product_cat":[440],"product_tag":[],"class_list":{"0":"post-4327","1":"product","2":"type-product","3":"status-publish","4":"has-post-thumbnail","6":"product_cat-kb-cannabis-cbd-olie","8":"first","9":"instock","10":"shipping-taxable","11":"purchasable","12":"product-type-variable","13":"has-default-attributes"},"yoast_head":"<!-- This site is optimized with the Yoast SEO plugin v27.3 - https:\/\/yoast.com\/product\/yoast-seo-wordpress\/ -->\n<title>Destillat 1000mg THC tinktur \u2013 Gr\u00f8n gudinde \u2013 bedste globale medicin<\/title>\n<meta name=\"description\" content=\"Vores premium CBD-destillat 1000mg THC Tinktur hampeolie har 1000 mg CBD ekstraheret fra Colorado-dyrket \u00f8kologisk hamp. Tag denne tinktur dagligt for velv\u00e6re drevet af planter!\" \/>\n<meta name=\"robots\" content=\"index, follow, max-snippet:-1, max-image-preview:large, max-video-preview:-1\" \/>\n<link rel=\"canonical\" href=\"https:\/\/medicinasinc.com\/da\/product\/destillat-tinktur-1000mg-thc-gron-gudinde\/\" \/>\n<meta property=\"og:locale\" content=\"en_US\" \/>\n<meta property=\"og:type\" content=\"article\" \/>\n<meta property=\"og:title\" content=\"Destillat 1000mg THC tinktur \u2013 Gr\u00f8n gudinde \u2013 bedste globale medicin\" \/>\n<meta property=\"og:description\" content=\"Vores premium CBD-destillat 1000mg THC Tinktur hampeolie har 1000 mg CBD ekstraheret fra Colorado-dyrket \u00f8kologisk hamp. Tag denne tinktur dagligt for velv\u00e6re drevet af planter!\" \/>\n<meta property=\"og:url\" content=\"https:\/\/medicinasinc.com\/da\/product\/destillat-tinktur-1000mg-thc-gron-gudinde\/\" \/>\n<meta property=\"og:site_name\" content=\"Medicinas Inc\" \/>\n<meta property=\"article:modified_time\" content=\"2022-03-20T01:01:07+00:00\" \/>\n<meta property=\"og:image\" content=\"https:\/\/medicinasinc.com\/da\/wp-content\/uploads\/sites\/8\/2022\/02\/1000mg-THC-Tincture.jpg\" \/>\n\t<meta property=\"og:image:width\" content=\"600\" \/>\n\t<meta property=\"og:image:height\" content=\"600\" \/>\n\t<meta property=\"og:image:type\" content=\"image\/jpeg\" \/>\n<meta name=\"twitter:card\" content=\"summary_large_image\" \/>\n<meta name=\"twitter:label1\" content=\"Est. reading time\" \/>\n\t<meta name=\"twitter:data1\" content=\"1 minute\" \/>\n<script type=\"application\/ld+json\" class=\"yoast-schema-graph\">{\"@context\":\"https:\\\/\\\/schema.org\",\"@graph\":[{\"@type\":\"WebPage\",\"@id\":\"https:\\\/\\\/medicinasinc.com\\\/da\\\/product\\\/destillat-tinktur-1000mg-thc-gron-gudinde\\\/\",\"url\":\"https:\\\/\\\/medicinasinc.com\\\/da\\\/product\\\/destillat-tinktur-1000mg-thc-gron-gudinde\\\/\",\"name\":\"Destillat 1000mg THC tinktur \u2013 Gr\u00f8n gudinde \u2013 bedste globale medicin\",\"isPartOf\":{\"@id\":\"https:\\\/\\\/medicinasinc.com\\\/da\\\/#website\"},\"primaryImageOfPage\":{\"@id\":\"https:\\\/\\\/medicinasinc.com\\\/da\\\/product\\\/destillat-tinktur-1000mg-thc-gron-gudinde\\\/#primaryimage\"},\"image\":{\"@id\":\"https:\\\/\\\/medicinasinc.com\\\/da\\\/product\\\/destillat-tinktur-1000mg-thc-gron-gudinde\\\/#primaryimage\"},\"thumbnailUrl\":\"https:\\\/\\\/medicinasinc.com\\\/da\\\/wp-content\\\/uploads\\\/sites\\\/8\\\/2022\\\/02\\\/1000mg-THC-Tincture.jpg\",\"datePublished\":\"2022-02-20T08:26:03+00:00\",\"dateModified\":\"2022-03-20T01:01:07+00:00\",\"description\":\"Vores premium CBD-destillat 1000mg THC Tinktur hampeolie har 1000 mg CBD ekstraheret fra Colorado-dyrket \u00f8kologisk hamp. Tag denne tinktur dagligt for velv\u00e6re drevet af planter!\",\"breadcrumb\":{\"@id\":\"https:\\\/\\\/medicinasinc.com\\\/da\\\/product\\\/destillat-tinktur-1000mg-thc-gron-gudinde\\\/#breadcrumb\"},\"inLanguage\":\"en-US\",\"potentialAction\":[{\"@type\":\"ReadAction\",\"target\":[\"https:\\\/\\\/medicinasinc.com\\\/da\\\/product\\\/destillat-tinktur-1000mg-thc-gron-gudinde\\\/\"]}]},{\"@type\":\"ImageObject\",\"inLanguage\":\"en-US\",\"@id\":\"https:\\\/\\\/medicinasinc.com\\\/da\\\/product\\\/destillat-tinktur-1000mg-thc-gron-gudinde\\\/#primaryimage\",\"url\":\"https:\\\/\\\/medicinasinc.com\\\/da\\\/wp-content\\\/uploads\\\/sites\\\/8\\\/2022\\\/02\\\/1000mg-THC-Tincture.jpg\",\"contentUrl\":\"https:\\\/\\\/medicinasinc.com\\\/da\\\/wp-content\\\/uploads\\\/sites\\\/8\\\/2022\\\/02\\\/1000mg-THC-Tincture.jpg\",\"width\":600,\"height\":600},{\"@type\":\"BreadcrumbList\",\"@id\":\"https:\\\/\\\/medicinasinc.com\\\/da\\\/product\\\/destillat-tinktur-1000mg-thc-gron-gudinde\\\/#breadcrumb\",\"itemListElement\":[{\"@type\":\"ListItem\",\"position\":1,\"name\":\"Butik\",\"item\":\"https:\\\/\\\/medicinasinc.com\\\/da\\\/butik\\\/\"},{\"@type\":\"ListItem\",\"position\":2,\"name\":\"Destillat tinktur &#8211; 1000mg THC &#8211; Gr\u00f8n gudinde\"}]},{\"@type\":\"WebSite\",\"@id\":\"https:\\\/\\\/medicinasinc.com\\\/da\\\/#website\",\"url\":\"https:\\\/\\\/medicinasinc.com\\\/da\\\/\",\"name\":\"Medicinas Inc\",\"description\":\"Health Medical Clinic\",\"potentialAction\":[{\"@type\":\"SearchAction\",\"target\":{\"@type\":\"EntryPoint\",\"urlTemplate\":\"https:\\\/\\\/medicinasinc.com\\\/da\\\/?s={search_term_string}\"},\"query-input\":{\"@type\":\"PropertyValueSpecification\",\"valueRequired\":true,\"valueName\":\"search_term_string\"}}],\"inLanguage\":\"en-US\"}]}<\/script>\n<!-- \/ Yoast SEO plugin. -->","yoast_head_json":{"title":"Destillat 1000mg THC tinktur \u2013 Gr\u00f8n gudinde \u2013 bedste globale medicin","description":"Vores premium CBD-destillat 1000mg THC Tinktur hampeolie har 1000 mg CBD ekstraheret fra Colorado-dyrket \u00f8kologisk hamp. Tag denne tinktur dagligt for velv\u00e6re drevet af planter!","robots":{"index":"index","follow":"follow","max-snippet":"max-snippet:-1","max-image-preview":"max-image-preview:large","max-video-preview":"max-video-preview:-1"},"canonical":"https:\/\/medicinasinc.com\/da\/product\/destillat-tinktur-1000mg-thc-gron-gudinde\/","og_locale":"en_US","og_type":"article","og_title":"Destillat 1000mg THC tinktur \u2013 Gr\u00f8n gudinde \u2013 bedste globale medicin","og_description":"Vores premium CBD-destillat 1000mg THC Tinktur hampeolie har 1000 mg CBD ekstraheret fra Colorado-dyrket \u00f8kologisk hamp. Tag denne tinktur dagligt for velv\u00e6re drevet af planter!","og_url":"https:\/\/medicinasinc.com\/da\/product\/destillat-tinktur-1000mg-thc-gron-gudinde\/","og_site_name":"Medicinas Inc","article_modified_time":"2022-03-20T01:01:07+00:00","og_image":[{"width":600,"height":600,"url":"https:\/\/medicinasinc.com\/da\/wp-content\/uploads\/sites\/8\/2022\/02\/1000mg-THC-Tincture.jpg","type":"image\/jpeg"}],"twitter_card":"summary_large_image","twitter_misc":{"Est. reading time":"1 minute"},"schema":{"@context":"https:\/\/schema.org","@graph":[{"@type":"WebPage","@id":"https:\/\/medicinasinc.com\/da\/product\/destillat-tinktur-1000mg-thc-gron-gudinde\/","url":"https:\/\/medicinasinc.com\/da\/product\/destillat-tinktur-1000mg-thc-gron-gudinde\/","name":"Destillat 1000mg THC tinktur \u2013 Gr\u00f8n gudinde \u2013 bedste globale medicin","isPartOf":{"@id":"https:\/\/medicinasinc.com\/da\/#website"},"primaryImageOfPage":{"@id":"https:\/\/medicinasinc.com\/da\/product\/destillat-tinktur-1000mg-thc-gron-gudinde\/#primaryimage"},"image":{"@id":"https:\/\/medicinasinc.com\/da\/product\/destillat-tinktur-1000mg-thc-gron-gudinde\/#primaryimage"},"thumbnailUrl":"https:\/\/medicinasinc.com\/da\/wp-content\/uploads\/sites\/8\/2022\/02\/1000mg-THC-Tincture.jpg","datePublished":"2022-02-20T08:26:03+00:00","dateModified":"2022-03-20T01:01:07+00:00","description":"Vores premium CBD-destillat 1000mg THC Tinktur hampeolie har 1000 mg CBD ekstraheret fra Colorado-dyrket \u00f8kologisk hamp. Tag denne tinktur dagligt for velv\u00e6re drevet af planter!","breadcrumb":{"@id":"https:\/\/medicinasinc.com\/da\/product\/destillat-tinktur-1000mg-thc-gron-gudinde\/#breadcrumb"},"inLanguage":"en-US","potentialAction":[{"@type":"ReadAction","target":["https:\/\/medicinasinc.com\/da\/product\/destillat-tinktur-1000mg-thc-gron-gudinde\/"]}]},{"@type":"ImageObject","inLanguage":"en-US","@id":"https:\/\/medicinasinc.com\/da\/product\/destillat-tinktur-1000mg-thc-gron-gudinde\/#primaryimage","url":"https:\/\/medicinasinc.com\/da\/wp-content\/uploads\/sites\/8\/2022\/02\/1000mg-THC-Tincture.jpg","contentUrl":"https:\/\/medicinasinc.com\/da\/wp-content\/uploads\/sites\/8\/2022\/02\/1000mg-THC-Tincture.jpg","width":600,"height":600},{"@type":"BreadcrumbList","@id":"https:\/\/medicinasinc.com\/da\/product\/destillat-tinktur-1000mg-thc-gron-gudinde\/#breadcrumb","itemListElement":[{"@type":"ListItem","position":1,"name":"Butik","item":"https:\/\/medicinasinc.com\/da\/butik\/"},{"@type":"ListItem","position":2,"name":"Destillat tinktur &#8211; 1000mg THC &#8211; Gr\u00f8n gudinde"}]},{"@type":"WebSite","@id":"https:\/\/medicinasinc.com\/da\/#website","url":"https:\/\/medicinasinc.com\/da\/","name":"Medicinas Inc","description":"Health Medical Clinic","potentialAction":[{"@type":"SearchAction","target":{"@type":"EntryPoint","urlTemplate":"https:\/\/medicinasinc.com\/da\/?s={search_term_string}"},"query-input":{"@type":"PropertyValueSpecification","valueRequired":true,"valueName":"search_term_string"}}],"inLanguage":"en-US"}]}},"_links":{"self":[{"href":"https:\/\/medicinasinc.com\/da\/wp-json\/wp\/v2\/product\/4327","targetHints":{"allow":["GET"]}}],"collection":[{"href":"https:\/\/medicinasinc.com\/da\/wp-json\/wp\/v2\/product"}],"about":[{"href":"https:\/\/medicinasinc.com\/da\/wp-json\/wp\/v2\/types\/product"}],"replies":[{"embeddable":true,"href":"https:\/\/medicinasinc.com\/da\/wp-json\/wp\/v2\/comments?post=4327"}],"wp:featuredmedia":[{"embeddable":true,"href":"https:\/\/medicinasinc.com\/da\/wp-json\/wp\/v2\/media\/4357"}],"wp:attachment":[{"href":"https:\/\/medicinasinc.com\/da\/wp-json\/wp\/v2\/media?parent=4327"}],"wp:term":[{"taxonomy":"product_brand","embeddable":true,"href":"https:\/\/medicinasinc.com\/da\/wp-json\/wp\/v2\/product_brand?post=4327"},{"taxonomy":"product_cat","embeddable":true,"href":"https:\/\/medicinasinc.com\/da\/wp-json\/wp\/v2\/product_cat?post=4327"},{"taxonomy":"product_tag","embeddable":true,"href":"https:\/\/medicinasinc.com\/da\/wp-json\/wp\/v2\/product_tag?post=4327"}],"curies":[{"name":"wp","href":"https:\/\/api.w.org\/{rel}","templated":true}]}}