{"id":3,"date":"2022-02-19T02:31:18","date_gmt":"2022-02-19T02:31:18","guid":{"rendered":"https:\/\/medicinasinc.com\/da\/?page_id=3"},"modified":"2022-03-30T00:13:35","modified_gmt":"2022-03-30T00:13:35","slug":"politikker","status":"publish","type":"page","link":"https:\/\/medicinasinc.com\/da\/politikker\/","title":{"rendered":"Fortrolighed og vilk\u00e5r"},"content":{"rendered":"<p>[vc_section][vc_row][vc_column][vc_row_inner][vc_column_inner][vc_custom_heading text=&#8221;Vores politikker&#8221; font_container=&#8221;tag:h1|text_align:left&#8221; use_theme_fonts=&#8221;yes&#8221;][vc_separator align=&#8221;align_left&#8221; border_width=&#8221;2&#8243; el_width=&#8221;10&#8243;][\/vc_column_inner][\/vc_row_inner][\/vc_column][\/vc_row][vc_row][vc_column][vc_row_inner][vc_column_inner][vc_empty_space][vc_custom_heading text=&#8221;Har du et sp\u00f8rgsm\u00e5l?&#8221; use_theme_fonts=&#8221;yes&#8221;][\/vc_column_inner][\/vc_row_inner][vc_row_inner][vc_column_inner][vc_column_text]Tag et kig p\u00e5 de oftest stillede sp\u00f8rgsm\u00e5l vedr\u00f8rende Medicinas nedenfor.<\/p>\n<p>Hvis der er et sp\u00f8rgsm\u00e5l, du leder efter, men ikke kan finde det, er du velkommen til at <strong>kontakte<\/strong> os.<\/p>\n<p>[\/vc_column_text][\/vc_column_inner][\/vc_row_inner][vc_row_inner][vc_column_inner][vc_btn title=&#8221;Tag kontakt&#8221; link=&#8221;url:%2Fda%2Fkontakt%2F&#8221;][\/vc_column_inner][\/vc_row_inner][\/vc_column][\/vc_row][\/vc_section][vc_section][vc_row][vc_column][vc_row_inner][vc_column_inner][vc_empty_space height=&#8221;75px&#8221;][\/vc_column_inner][\/vc_row_inner][vc_row_inner][vc_column_inner][vc_column_text]<\/p>\n<ul>\n<li><a href=\"#shipping\">Forsendelsespolitik<\/a><\/li>\n<li><a href=\"#cancellation\">Politik for annullering af ordre<\/a><\/li>\n<li><a href=\"#refund\">Refusionspolitik<\/a><\/li>\n<li><a href=\"#privacy\">Privatlivspolitik<\/a><\/li>\n<li><a href=\"#disclaimer\">Ansvarsfraskrivelse<\/a><\/li>\n<\/ul>\n<p>[\/vc_column_text][\/vc_column_inner][\/vc_row_inner][\/vc_column][\/vc_row][\/vc_section][vc_section el_id=&#8221;shipping&#8221;][vc_row][vc_column][vc_row_inner][vc_column_inner][vc_empty_space height=&#8221;75px&#8221;][vc_custom_heading text=&#8221;Forsendelsespolitik&#8221; use_theme_fonts=&#8221;yes&#8221;][\/vc_column_inner][\/vc_row_inner][vc_row_inner][vc_column_inner][vc_column_text]Den medicin, vi tilbyder, er fremstillet og sendt fra Indien. Der er langt, s\u00e5 leveringen tager tid. Normalt bliver forsendelserne leveret inden for 10-17 dage, men i nogle tilf\u00e6lde kan der v\u00e6re en forsinkelse p\u00e5 5 dage mere.<\/p>\n<p>I tilf\u00e6lde af manglende levering efter deadline, bedes du kontakte os for at informere om sagen. Vi vil g\u00f8re vores bedste for at tilbyde dig den l\u00f8sning, der fuldt ud opfylder dine interesser. Klik <a href=\"\/faq#shipping\" rel=\"nofollow\">her<\/a> for at l\u00e6re mere om forsendelse.[\/vc_column_text][\/vc_column_inner][\/vc_row_inner][\/vc_column][\/vc_row][\/vc_section][vc_section el_id=&#8221;cancellation&#8221;][vc_row][vc_column][vc_row_inner][vc_column_inner][vc_empty_space height=&#8221;75px&#8221;][vc_custom_heading text=&#8221;Annulleringspolitik for ordre&#8221; use_theme_fonts=&#8221;yes&#8221;][\/vc_column_inner][\/vc_row_inner][vc_row_inner][vc_column_inner][vc_column_text]V\u00e6r venligst informeret om, at vi KUN accepterer ordreannulleringer inden for 24 timer efter ordreafgivelse. Hvis du \u00f8nsker at annullere ordren, skal du kontakte vores supportteam via telefon eller e-mail ( <a href=\"\/contact\/\" rel=\"nofollow\">Kontakt os<\/a> ) og fort\u00e6lle dem om din beslutning . Hvis du kontakter os efter 24 timer, vil der ikke blive behandlet nogen annullering af ordren.<\/p>\n<p>S\u00f8rg for, at du inds\u00e6tter en gyldig leveringsadresse i bestillingsformularen, vi anbefaler dig at dobbelttjekke noterne, f\u00f8r du sender bestillingen. Enhver fejl kan medf\u00f8re manglende levering af bestilte produkter. Hvis du har bem\u00e6rket, at adressenoterne er angivet forkert, skal du kontakte os s\u00e5 hurtigt som muligt for at informere om sagen ( <a href=\"\/contact\/\" rel=\"nofollow\">Kontakt os<\/a> ).[\/vc_column_text][\/vc_column_inner][\/vc_row_inner][\/vc_column][\/vc_row][\/vc_section][vc_section el_id=&#8221;refund&#8221;][vc_row][vc_column][vc_row_inner][vc_column_inner][vc_empty_space height=&#8221;75px&#8221;][vc_custom_heading text=&#8221;Tilbagebetalings politik&#8221; use_theme_fonts=&#8221;yes&#8221;][\/vc_column_inner][\/vc_row_inner][vc_row_inner][vc_column_inner][vc_column_text]Den medicin, vi tilbyder, svarer generisk til deres varem\u00e6rkemodparter. Vi garanterer, at de er ens kemisk og har samme medicinske effekt.<\/p>\n<p>Hvis du ikke er tilfreds med den effekt, vores medicin giver, bedes du <a href=\"\/contact\/\" rel=\"nofollow\">kontakte os<\/a> for at informere om problemet. Vi giver dig returadressen, og s\u00e5 snart produktet er modtaget af vores returafdeling, starter vi tilbagebetalingsproceduren.<\/p>\n<p>F\u00f8r du kontakter os, bedes du s\u00f8rge for at tage den rigtige dosering af produkterne og f\u00f8lge brugsanvisningen. V\u00e6r opm\u00e6rksom p\u00e5, at virkningerne kan bremses af fed mad og alkohol, du tager f\u00f8r fanen.<\/p>\n<p>I tilf\u00e6lde af <strong>ikke-levering af produktet<\/strong> inden for deadline (leveringen tager 10-17 dage, der kan v\u00e6re en yderligere forsinkelse p\u00e5 5 dage for toldkontrollen) kan du kontakte vores supportteam ( &lt; a href=&#8221;\/contact\/&#8221; rel=&#8221;nofollow&#8221;&gt;Kontakt os ) for at kvalificere sig til en refusion. Din betaling vil blive refunderet fuldt ud til dit kreditkort. Refusionsproceduren tager normalt 5-7 hverdage, efter denne periode vil tilbagebetalingen blive afspejlet p\u00e5 dit kreditkortudtog.<\/p>\n<p>P\u00e5 grund af den specifikke karakter af produkter, vi tilbyder, accepterer vi ikke returnering. Ingen kan garantere, at opbevaringsbetingelserne er opfyldt under ordretransporten, s\u00e5 vi kan ikke acceptere dem, selvom pakken forbliver u\u00e5bnet.[\/vc_column_text][\/vc_column_inner][\/vc_row_inner][\/vc_column][\/vc_row][\/vc_section][vc_section el_id=&#8221;privacy&#8221;][vc_row][vc_column][vc_row_inner][vc_column_inner][vc_empty_space height=&#8221;75px&#8221;][vc_custom_heading text=&#8221;Fortrolighedspolitik&#8221; use_theme_fonts=&#8221;yes&#8221;][\/vc_column_inner][\/vc_row_inner][vc_row_inner][vc_column_inner][vc_column_text]Vi forst\u00e5r, at privatlivets fred for alle oplysninger, du giver, er af prim\u00e6r betydning. Derfor g\u00f8r vi alt for at bruge det omhyggeligt og fornuftigt. Disse oplysninger deles aldrig med andre virksomheder eller tredjepartstjenesteudbydere.<\/p>\n<p>Alle transaktioner p\u00e5 vores betalingsside er 100 % sikre. Vi beskytter dine oplysningers sikkerhed ved at bruge 256-bit Secure Sockets Layer (SSL) software, som krypterer al information, du indtaster. Derudover er vores faktureringsservere certificeret af uafh\u00e6ngige og velrenommerede bureauer, der sikrer, at vi holder dine oplysninger sikre og private.<\/p>\n<p>Kun de sidste 4 cifre p\u00e5 dit kreditkort afspejles i vores database, s\u00e5 selv vores kundesupportoperat\u00f8rer har ikke adgang til kreditkortoplysningerne.[\/vc_column_text][\/vc_column_inner][\/vc_row_inner][\/vc_column][\/vc_row][\/vc_section][vc_section el_id=&#8221;disclaimer&#8221;][vc_row][vc_column][vc_row_inner][vc_column_inner][vc_empty_space height=&#8221;75px&#8221;][vc_custom_heading text=&#8221;Ansvarsfraskrivelse&#8221; use_theme_fonts=&#8221;yes&#8221;][\/vc_column_inner][\/vc_row_inner][vc_row_inner][vc_column_inner][vc_column_text]Vores virksomhed er ikke ansvarlig for og fraskriver sig udtrykkeligt ethvert ansvar for enhver forsinkelse i leveringen, som ikke overstiger 10 dage efter den angivne forventede leveringsdato. 10 (ti) dage efter den angivne forventede leveringsdato, eller den n\u00e6ste hverdag, i tilf\u00e6lde af en lokal helligdag, betragtes som en deadline.<\/p>\n<p>Vores virksomhed er ikke ansvarlig for mislykket levering i tilf\u00e6lde af, at kunden har angivet en utilstr\u00e6kkelig adresse, forkert adresse eller en adresse, som ikke f\u00f8rer til en vellykket levering p\u00e5 anden m\u00e5de.<br \/>\nVores virksomhed er ikke ansvarlig for mislykket levering i tilf\u00e6lde af, at kunden undlod at g\u00f8re krav p\u00e5 pakken, n\u00e6gtede den eller forhindrede en vellykket levering p\u00e5 anden m\u00e5de. Alle genforsendelser i s\u00e5danne tilf\u00e6lde sker kun via international almindelig post.<\/p>\n<p>Vores virksomhed er ikke ansvarlig for, og fraskriver sig udtrykkeligt ethvert ansvar for levering af generiske produkter, som ikke lever op til kundens forventninger ud fra kriterier som \u2013 farve, form og st\u00f8rrelse p\u00e5 pillen, tilstedev\u00e6relsen af \u200b\u200benhver m\u00e6rkning trykt p\u00e5 eller m\u00e6rket p\u00e5 pille, b\u00e6rer et markedsf\u00f8ringsnavn, eller er fremstillet af en anden producent end den, kunden forventede at f\u00e5.<br \/>\nFor ethvert generisk produkt er al produktinformation, der pr\u00e6senteres p\u00e5 webstedet, s\u00e5som, men ikke begr\u00e6nset til, miniaturebilleder, produktbilleder, producentnavne og markedsf\u00f8ringsnavne, der udelukkende til informationsform\u00e5l.<\/p>\n<p>Vores virksomhed er ikke ansvarlig for og fraskriver sig udtrykkeligt ethvert ansvar for manglende effektivitet af det modtagne produkt i tilf\u00e6lde af, at produktet blev k\u00f8bt til off-label brug.<\/p>\n<p>Ved at afgive en ordre hos vores virksomhed bekr\u00e6fter du, at du har l\u00e6st, forst\u00e5et og accepteret denne ansvarsfraskrivelse. Enhver handling, der tages for at kr\u00e6ve din betaling tilbage af en af \u200b\u200bde ovenn\u00e6vnte \u00e5rsager, vil blive betragtet som en svigagtig handling og kan f\u00f8re til retslige skridt og udelukkelse fra vores system.[\/vc_column_text][\/vc_column_inner][\/vc_row_inner][\/vc_column][\/vc_row][\/vc_section]<\/p>\n","protected":false},"excerpt":{"rendered":"<p>[vc_section][vc_row][vc_column][vc_row_inner][vc_column_inner][vc_custom_heading text=&#8221;Vores politikker&#8221; font_container=&#8221;tag:h1|text_align:left&#8221; use_theme_fonts=&#8221;yes&#8221;][vc_separator align=&#8221;align_left&#8221; border_width=&#8221;2&#8243; el_width=&#8221;10&#8243;][\/vc_column_inner][\/vc_row_inner][\/vc_column][\/vc_row][vc_row][vc_column][vc_row_inner][vc_column_inner][vc_empty_space][vc_custom_heading text=&#8221;Har du et sp\u00f8rgsm\u00e5l?&#8221; use_theme_fonts=&#8221;yes&#8221;][\/vc_column_inner][\/vc_row_inner][vc_row_inner][vc_column_inner][vc_column_text]Tag et kig p\u00e5 de oftest stillede sp\u00f8rgsm\u00e5l vedr\u00f8rende Medicinas nedenfor. Hvis der er et sp\u00f8rgsm\u00e5l, du leder efter, men ikke kan finde det, er du velkommen til at kontakte os. [\/vc_column_text][\/vc_column_inner][\/vc_row_inner][vc_row_inner][vc_column_inner][vc_btn title=&#8221;Tag kontakt&#8221; link=&#8221;url:%2Fda%2Fkontakt%2F&#8221;][\/vc_column_inner][\/vc_row_inner][\/vc_column][\/vc_row][\/vc_section][vc_section][vc_row][vc_column][vc_row_inner][vc_column_inner][vc_empty_space height=&#8221;75px&#8221;][\/vc_column_inner][\/vc_row_inner][vc_row_inner][vc_column_inner][vc_column_text] Forsendelsespolitik Politik for annullering af ordre Refusionspolitik<\/p>\n","protected":false},"author":1,"featured_media":6036,"parent":0,"menu_order":0,"comment_status":"closed","ping_status":"closed","template":"","meta":{"footnotes":""},"class_list":["post-3","page","type-page","status-publish","has-post-thumbnail","hentry"],"yoast_head":"<!-- This site is optimized with the Yoast SEO plugin v27.3 - https:\/\/yoast.com\/product\/yoast-seo-wordpress\/ -->\n<title>Fortrolighed og vilk\u00e5r - Medicinas Inc<\/title>\n<meta name=\"robots\" content=\"index, follow, max-snippet:-1, max-image-preview:large, max-video-preview:-1\" \/>\n<link rel=\"canonical\" href=\"https:\/\/medicinasinc.com\/da\/politikker\/\" \/>\n<meta property=\"og:locale\" content=\"en_US\" \/>\n<meta property=\"og:type\" content=\"article\" \/>\n<meta property=\"og:title\" content=\"Fortrolighed og vilk\u00e5r - Medicinas Inc\" \/>\n<meta property=\"og:description\" content=\"[vc_section][vc_row][vc_column][vc_row_inner][vc_column_inner][vc_custom_heading text=&#8221;Vores politikker&#8221; font_container=&#8221;tag:h1|text_align:left&#8221; use_theme_fonts=&#8221;yes&#8221;][vc_separator align=&#8221;align_left&#8221; border_width=&#8221;2&#8243; el_width=&#8221;10&#8243;][\/vc_column_inner][\/vc_row_inner][\/vc_column][\/vc_row][vc_row][vc_column][vc_row_inner][vc_column_inner][vc_empty_space][vc_custom_heading text=&#8221;Har du et sp\u00f8rgsm\u00e5l?&#8221; use_theme_fonts=&#8221;yes&#8221;][\/vc_column_inner][\/vc_row_inner][vc_row_inner][vc_column_inner][vc_column_text]Tag et kig p\u00e5 de oftest stillede sp\u00f8rgsm\u00e5l vedr\u00f8rende Medicinas nedenfor. Hvis der er et sp\u00f8rgsm\u00e5l, du leder efter, men ikke kan finde det, er du velkommen til at kontakte os. [\/vc_column_text][\/vc_column_inner][\/vc_row_inner][vc_row_inner][vc_column_inner][vc_btn title=&#8221;Tag kontakt&#8221; link=&#8221;url:%2Fda%2Fkontakt%2F&#8221;][\/vc_column_inner][\/vc_row_inner][\/vc_column][\/vc_row][\/vc_section][vc_section][vc_row][vc_column][vc_row_inner][vc_column_inner][vc_empty_space height=&#8221;75px&#8221;][\/vc_column_inner][\/vc_row_inner][vc_row_inner][vc_column_inner][vc_column_text] Forsendelsespolitik Politik for annullering af ordre Refusionspolitik\" \/>\n<meta property=\"og:url\" content=\"https:\/\/medicinasinc.com\/da\/politikker\/\" \/>\n<meta property=\"og:site_name\" content=\"Medicinas Inc\" \/>\n<meta property=\"article:modified_time\" content=\"2022-03-30T00:13:35+00:00\" \/>\n<meta name=\"twitter:card\" content=\"summary_large_image\" \/>\n<meta name=\"twitter:label1\" content=\"Est. reading time\" \/>\n\t<meta name=\"twitter:data1\" content=\"4 minutes\" \/>\n<script type=\"application\/ld+json\" class=\"yoast-schema-graph\">{\"@context\":\"https:\\\/\\\/schema.org\",\"@graph\":[{\"@type\":\"WebPage\",\"@id\":\"https:\\\/\\\/medicinasinc.com\\\/da\\\/politikker\\\/\",\"url\":\"https:\\\/\\\/medicinasinc.com\\\/da\\\/politikker\\\/\",\"name\":\"Fortrolighed og vilk\u00e5r - Medicinas Inc\",\"isPartOf\":{\"@id\":\"https:\\\/\\\/medicinasinc.com\\\/da\\\/#website\"},\"primaryImageOfPage\":{\"@id\":\"https:\\\/\\\/medicinasinc.com\\\/da\\\/politikker\\\/#primaryimage\"},\"image\":{\"@id\":\"https:\\\/\\\/medicinasinc.com\\\/da\\\/politikker\\\/#primaryimage\"},\"thumbnailUrl\":\"https:\\\/\\\/medicinasinc.com\\\/da\\\/wp-content\\\/uploads\\\/sites\\\/8\\\/2022\\\/03\\\/woocommerce-placeholder-medicinasinc.com_.png\",\"datePublished\":\"2022-02-19T02:31:18+00:00\",\"dateModified\":\"2022-03-30T00:13:35+00:00\",\"inLanguage\":\"en-US\",\"potentialAction\":[{\"@type\":\"ReadAction\",\"target\":[\"https:\\\/\\\/medicinasinc.com\\\/da\\\/politikker\\\/\"]}]},{\"@type\":\"ImageObject\",\"inLanguage\":\"en-US\",\"@id\":\"https:\\\/\\\/medicinasinc.com\\\/da\\\/politikker\\\/#primaryimage\",\"url\":\"https:\\\/\\\/medicinasinc.com\\\/da\\\/wp-content\\\/uploads\\\/sites\\\/8\\\/2022\\\/03\\\/woocommerce-placeholder-medicinasinc.com_.png\",\"contentUrl\":\"https:\\\/\\\/medicinasinc.com\\\/da\\\/wp-content\\\/uploads\\\/sites\\\/8\\\/2022\\\/03\\\/woocommerce-placeholder-medicinasinc.com_.png\",\"width\":1200,\"height\":1200},{\"@type\":\"WebSite\",\"@id\":\"https:\\\/\\\/medicinasinc.com\\\/da\\\/#website\",\"url\":\"https:\\\/\\\/medicinasinc.com\\\/da\\\/\",\"name\":\"Medicinas Inc\",\"description\":\"Health Medical Clinic\",\"potentialAction\":[{\"@type\":\"SearchAction\",\"target\":{\"@type\":\"EntryPoint\",\"urlTemplate\":\"https:\\\/\\\/medicinasinc.com\\\/da\\\/?s={search_term_string}\"},\"query-input\":{\"@type\":\"PropertyValueSpecification\",\"valueRequired\":true,\"valueName\":\"search_term_string\"}}],\"inLanguage\":\"en-US\"}]}<\/script>\n<!-- \/ Yoast SEO plugin. -->","yoast_head_json":{"title":"Fortrolighed og vilk\u00e5r - Medicinas Inc","robots":{"index":"index","follow":"follow","max-snippet":"max-snippet:-1","max-image-preview":"max-image-preview:large","max-video-preview":"max-video-preview:-1"},"canonical":"https:\/\/medicinasinc.com\/da\/politikker\/","og_locale":"en_US","og_type":"article","og_title":"Fortrolighed og vilk\u00e5r - Medicinas Inc","og_description":"[vc_section][vc_row][vc_column][vc_row_inner][vc_column_inner][vc_custom_heading text=&#8221;Vores politikker&#8221; font_container=&#8221;tag:h1|text_align:left&#8221; use_theme_fonts=&#8221;yes&#8221;][vc_separator align=&#8221;align_left&#8221; border_width=&#8221;2&#8243; el_width=&#8221;10&#8243;][\/vc_column_inner][\/vc_row_inner][\/vc_column][\/vc_row][vc_row][vc_column][vc_row_inner][vc_column_inner][vc_empty_space][vc_custom_heading text=&#8221;Har du et sp\u00f8rgsm\u00e5l?&#8221; use_theme_fonts=&#8221;yes&#8221;][\/vc_column_inner][\/vc_row_inner][vc_row_inner][vc_column_inner][vc_column_text]Tag et kig p\u00e5 de oftest stillede sp\u00f8rgsm\u00e5l vedr\u00f8rende Medicinas nedenfor. Hvis der er et sp\u00f8rgsm\u00e5l, du leder efter, men ikke kan finde det, er du velkommen til at kontakte os. [\/vc_column_text][\/vc_column_inner][\/vc_row_inner][vc_row_inner][vc_column_inner][vc_btn title=&#8221;Tag kontakt&#8221; link=&#8221;url:%2Fda%2Fkontakt%2F&#8221;][\/vc_column_inner][\/vc_row_inner][\/vc_column][\/vc_row][\/vc_section][vc_section][vc_row][vc_column][vc_row_inner][vc_column_inner][vc_empty_space height=&#8221;75px&#8221;][\/vc_column_inner][\/vc_row_inner][vc_row_inner][vc_column_inner][vc_column_text] Forsendelsespolitik Politik for annullering af ordre Refusionspolitik","og_url":"https:\/\/medicinasinc.com\/da\/politikker\/","og_site_name":"Medicinas Inc","article_modified_time":"2022-03-30T00:13:35+00:00","twitter_card":"summary_large_image","twitter_misc":{"Est. reading time":"4 minutes"},"schema":{"@context":"https:\/\/schema.org","@graph":[{"@type":"WebPage","@id":"https:\/\/medicinasinc.com\/da\/politikker\/","url":"https:\/\/medicinasinc.com\/da\/politikker\/","name":"Fortrolighed og vilk\u00e5r - Medicinas Inc","isPartOf":{"@id":"https:\/\/medicinasinc.com\/da\/#website"},"primaryImageOfPage":{"@id":"https:\/\/medicinasinc.com\/da\/politikker\/#primaryimage"},"image":{"@id":"https:\/\/medicinasinc.com\/da\/politikker\/#primaryimage"},"thumbnailUrl":"https:\/\/medicinasinc.com\/da\/wp-content\/uploads\/sites\/8\/2022\/03\/woocommerce-placeholder-medicinasinc.com_.png","datePublished":"2022-02-19T02:31:18+00:00","dateModified":"2022-03-30T00:13:35+00:00","inLanguage":"en-US","potentialAction":[{"@type":"ReadAction","target":["https:\/\/medicinasinc.com\/da\/politikker\/"]}]},{"@type":"ImageObject","inLanguage":"en-US","@id":"https:\/\/medicinasinc.com\/da\/politikker\/#primaryimage","url":"https:\/\/medicinasinc.com\/da\/wp-content\/uploads\/sites\/8\/2022\/03\/woocommerce-placeholder-medicinasinc.com_.png","contentUrl":"https:\/\/medicinasinc.com\/da\/wp-content\/uploads\/sites\/8\/2022\/03\/woocommerce-placeholder-medicinasinc.com_.png","width":1200,"height":1200},{"@type":"WebSite","@id":"https:\/\/medicinasinc.com\/da\/#website","url":"https:\/\/medicinasinc.com\/da\/","name":"Medicinas Inc","description":"Health Medical Clinic","potentialAction":[{"@type":"SearchAction","target":{"@type":"EntryPoint","urlTemplate":"https:\/\/medicinasinc.com\/da\/?s={search_term_string}"},"query-input":{"@type":"PropertyValueSpecification","valueRequired":true,"valueName":"search_term_string"}}],"inLanguage":"en-US"}]}},"_links":{"self":[{"href":"https:\/\/medicinasinc.com\/da\/wp-json\/wp\/v2\/pages\/3","targetHints":{"allow":["GET"]}}],"collection":[{"href":"https:\/\/medicinasinc.com\/da\/wp-json\/wp\/v2\/pages"}],"about":[{"href":"https:\/\/medicinasinc.com\/da\/wp-json\/wp\/v2\/types\/page"}],"author":[{"embeddable":true,"href":"https:\/\/medicinasinc.com\/da\/wp-json\/wp\/v2\/users\/1"}],"replies":[{"embeddable":true,"href":"https:\/\/medicinasinc.com\/da\/wp-json\/wp\/v2\/comments?post=3"}],"version-history":[{"count":0,"href":"https:\/\/medicinasinc.com\/da\/wp-json\/wp\/v2\/pages\/3\/revisions"}],"wp:featuredmedia":[{"embeddable":true,"href":"https:\/\/medicinasinc.com\/da\/wp-json\/wp\/v2\/media\/6036"}],"wp:attachment":[{"href":"https:\/\/medicinasinc.com\/da\/wp-json\/wp\/v2\/media?parent=3"}],"curies":[{"name":"wp","href":"https:\/\/api.w.org\/{rel}","templated":true}]}}