{"id":5926,"date":"2022-02-22T08:28:02","date_gmt":"2022-02-22T08:28:02","guid":{"rendered":"https:\/\/medicinasinc.com\/cs\/?post_type=product&#038;p=5926"},"modified":"2022-03-14T11:14:39","modified_gmt":"2022-03-14T11:14:39","slug":"buy-thj-018","status":"publish","type":"product","link":"https:\/\/medicinasinc.com\/cs\/product\/buy-thj-018\/","title":{"rendered":"Koupit THJ-018"},"content":{"rendered":"<p>Navzdory rostouc\u00ed prevalenci nov\u00fdch psychoaktivn\u00edch l\u00e1tek nejsou v sou\u010dasn\u00e9 dob\u011b k dispozici \u017e\u00e1dn\u00e9 \u00fadaje o lidsk\u00e9m metabolismu, co\u017e zt\u011b\u017euje laboratorn\u00ed dokumentaci po\u017eit\u00ed ve vzorc\u00edch mo\u010di a hodnocen\u00ed farmakodynamick\u00fdch, farmakokinetick\u00fdch a toxikologick\u00fdch vlastnost\u00ed l\u00e9k\u016f.<\/p>\n<p>Syntetick\u00e9 analogy konop\u00ed indazolu JWH-018 a THJ-2201 byly vyd\u00e1ny v roce 2014 jako THJ-018 a THJ-2201.<\/p>\n<p>THJ 018 je zcela nov\u00fd syntetick\u00fd l\u00e9k, kter\u00fd lze zakoupit. Je klasifikov\u00e1n jako kanabinoid. Tato slou\u010denina je deriv\u00e1tem dob\u0159e zn\u00e1m\u00e9ho l\u00e9ku jwh 018.<\/p>\n<p>National Forensic Laboratory Information System m\u00e1 podle AM-2201 220 zpr\u00e1v THJ-2201. V lednu 2015 Drug Enforcement Administration za\u0159adil THJ-2201 do seznamu I kv\u016fli mnoha ne\u017e\u00e1douc\u00edm jev\u016fm.<\/p>\n<p>METODY: Po inkubaci 10 mol\/L THJ-018 a THJ-2201 v lidsk\u00fdch hepatocytech po dobu 3 hodin, pou\u017eili jsme hmotnostn\u00ed spektrometrii s vysok\u00fdm rozli\u0161en\u00edm (HR-MS) (TripleTOF 5600+), abychom objevili optim\u00e1ln\u00ed markery metabolit\u016f. Skenov\u00e1n\u00ed produktov\u00fdch iont\u016f s filtry hmotnostn\u00edch defekt\u016f bylo aktivov\u00e1no \u00fapln\u00fdm skenov\u00e1n\u00edm a akvizic\u00ed z\u00e1vislou na informac\u00edch. MetaSite byl pou\u017eit k p\u0159edpov\u011bdi in silico metabolit\u016f, kter\u00e9 byly pot\u00e9 porovn\u00e1ny s metabolity nalezen\u00fdmi v lidsk\u00fdch hepatocytech.<\/p>\n<p>V\u00fdsledky: Bylo nalezeno t\u0159in\u00e1ct metabolit\u016f THJ-018 s hydroxylac\u00ed na N-pentylov\u00e9m \u0159et\u011bzci a n\u00e1slednou oxidac\u00ed resp. glukuronidace jsou p\u0159evl\u00e1daj\u00edc\u00ed metabolick\u00e9 cesty. V THJ-2201 bylo nalezeno 27 metabolit\u016f, z nich\u017e v\u011bt\u0161ina byla oxidativn\u00ed defluorace n\u00e1sledovan\u00e1 karboxylac\u00ed nebo glukuronidac\u00ed a tak\u00e9 glukuronidac\u00ed hydroxylovan\u00fdch metabolit\u016f.<\/p>\n<p>Ob\u011b slou\u010deniny vykazovaly synt\u00e9zu dihydrodiolu na naftalenov\u00e9 \u010d\u00e1sti. Predikce MetaSite byla p\u0159esn\u00e1 pro metabolity hepatocyt\u016f THJ-018, zat\u00edmco oxidativn\u00ed defluorace THJ-2201 byla podcen\u011bna.<\/p>\n<p>Z\u00c1V\u011aRY: Zkoumali jsme metabolismus THJ-018 a THJ-2201 v lidsk\u00fdch hepatocytech pomoc\u00ed HR-MS pro z\u00edsk\u00e1v\u00e1n\u00ed dat a zpracov\u00e1n\u00ed a doporu\u010dujeme laborato\u0159\u00edm relevantn\u00ed indik\u00e1tory pro identifikaci po\u017eit\u00ed THJ-018 a THJ-2201 a spojov\u00e1n\u00ed zdokumentovan\u00fdch nep\u0159\u00edzniv\u00fdch v\u00fdsledk\u016f s t\u011bmito nov\u00fdmi syntetick\u00fdmi kanabinoidy.<\/p>\n<p>SC se v\u00e1\u017eou na endogenn\u00ed kanabinoidn\u00ed receptory a produkuj\u00ed kanabimimetick\u00e9 \u00fa\u010dinky srovnateln\u00e9 s 9 -tetrahydrokanabinol (1, 2). Zneu\u017e\u00edv\u00e1n\u00ed SC3 vede k velk\u00fdm vedlej\u0161\u00edm \u00fa\u010dink\u016fm, jako je akutn\u00ed po\u0161kozen\u00ed ledvin, infarkt myokardu a smrt (3, 4).<\/p>\n<p>Navzdory t\u011bmto rizik\u016fm lid\u00e9 nad\u00e1le konzumuj\u00ed SC. Mnoho SC bylo napl\u00e1nov\u00e1no ve Spojen\u00fdch st\u00e1tech, Japonsku a v\u011bt\u0161in\u011b evropsk\u00fdch zem\u00ed (nap\u0159\u00edklad JWH018, JWH-073, AKB48 a XLR-11); neust\u00e1le se v\u0161ak objevuj\u00ed dal\u0161\u00ed strukturn\u011b rozmanit\u00e9 slou\u010deniny.<\/p>\n","protected":false},"excerpt":{"rendered":"<p>Kupte si THJ-018 (SGT-17) na prodej Evropa, Spojen\u00e9 kr\u00e1lovstv\u00ed je syntetick\u00fd kanabinoid, kter\u00fd je indazolov\u00fdm analogem JWH-018 a byl prod\u00e1v\u00e1n online jako designov\u00e1 droga. K dispozici je velkoobchodn\u00ed objedn\u00e1vka<\/p>\n","protected":false},"featured_media":5940,"comment_status":"open","ping_status":"closed","template":"","meta":[],"product_brand":[],"product_cat":[2596],"product_tag":[4103,4104,4109,4106,4107,4105,4108],"class_list":{"0":"post-5926","1":"product","2":"type-product","3":"status-publish","4":"has-post-thumbnail","6":"product_cat-kanabinoidy-na-prodej","7":"product_tag-buy-thj-018-online","8":"product_tag-how-to-buy-thj-018-online","9":"product_tag-kde-koupit-thj-018-online","10":"product_tag-nkup-thj-018-online","11":"product_tag-nejlep-msto-k-koupit-thj-018-online","12":"product_tag-objednvka-thj-018-online","13":"product_tag-thj-018-na-prodej","15":"first","16":"instock","17":"shipping-taxable","18":"purchasable","19":"product-type-variable"},"yoast_head":"<!-- This site is optimized with the Yoast SEO plugin v27.3 - https:\/\/yoast.com\/product\/yoast-seo-wordpress\/ -->\n<title>Koupit THJ-018 - SGT-17 - Nejlep\u0161\u00ed nejlep\u0161\u00ed glob\u00e1ln\u00ed l\u00e9ky<\/title>\n<meta name=\"description\" content=\"Koupit THJ-018 (SGT-17) na prodej Evropa, Spojen\u00e9 kr\u00e1lovstv\u00ed je syntetick\u00fd kanabinoid, kter\u00fd je indazolov\u00fdm analogem JWH-018 a byl prod\u00e1v\u00e1n online jako designov\u00e1 droga. Velkoobchodn\u00ed objedn\u00e1vka k dispozici\" \/>\n<meta name=\"robots\" content=\"index, follow, max-snippet:-1, max-image-preview:large, max-video-preview:-1\" \/>\n<link rel=\"canonical\" href=\"https:\/\/medicinasinc.com\/cs\/product\/buy-thj-018\/\" \/>\n<meta property=\"og:locale\" content=\"en_US\" \/>\n<meta property=\"og:type\" content=\"article\" \/>\n<meta property=\"og:title\" content=\"Koupit THJ-018 - SGT-17 - Nejlep\u0161\u00ed nejlep\u0161\u00ed glob\u00e1ln\u00ed l\u00e9ky\" \/>\n<meta property=\"og:description\" content=\"Koupit THJ-018 (SGT-17) na prodej Evropa, Spojen\u00e9 kr\u00e1lovstv\u00ed je syntetick\u00fd kanabinoid, kter\u00fd je indazolov\u00fdm analogem JWH-018 a byl prod\u00e1v\u00e1n online jako designov\u00e1 droga. Velkoobchodn\u00ed objedn\u00e1vka k dispozici\" \/>\n<meta property=\"og:url\" content=\"https:\/\/medicinasinc.com\/cs\/product\/buy-thj-018\/\" \/>\n<meta property=\"og:site_name\" content=\"Medicinas Inc\" \/>\n<meta property=\"article:modified_time\" content=\"2022-03-14T11:14:39+00:00\" \/>\n<meta property=\"og:image\" content=\"https:\/\/medicinasinc.com\/cs\/wp-content\/uploads\/sites\/2\/2022\/02\/Buy-THJ-018.jpeg\" \/>\n\t<meta property=\"og:image:width\" content=\"751\" \/>\n\t<meta property=\"og:image:height\" content=\"800\" \/>\n\t<meta property=\"og:image:type\" content=\"image\/jpeg\" \/>\n<meta name=\"twitter:card\" content=\"summary_large_image\" \/>\n<meta name=\"twitter:label1\" content=\"Est. reading time\" \/>\n\t<meta name=\"twitter:data1\" content=\"2 minutes\" \/>\n<script type=\"application\/ld+json\" class=\"yoast-schema-graph\">{\"@context\":\"https:\\\/\\\/schema.org\",\"@graph\":[{\"@type\":\"WebPage\",\"@id\":\"https:\\\/\\\/medicinasinc.com\\\/cs\\\/product\\\/buy-thj-018\\\/\",\"url\":\"https:\\\/\\\/medicinasinc.com\\\/cs\\\/product\\\/buy-thj-018\\\/\",\"name\":\"Koupit THJ-018 - SGT-17 - Nejlep\u0161\u00ed nejlep\u0161\u00ed glob\u00e1ln\u00ed l\u00e9ky\",\"isPartOf\":{\"@id\":\"https:\\\/\\\/medicinasinc.com\\\/cs\\\/#website\"},\"primaryImageOfPage\":{\"@id\":\"https:\\\/\\\/medicinasinc.com\\\/cs\\\/product\\\/buy-thj-018\\\/#primaryimage\"},\"image\":{\"@id\":\"https:\\\/\\\/medicinasinc.com\\\/cs\\\/product\\\/buy-thj-018\\\/#primaryimage\"},\"thumbnailUrl\":\"https:\\\/\\\/medicinasinc.com\\\/cs\\\/wp-content\\\/uploads\\\/sites\\\/2\\\/2022\\\/02\\\/Buy-THJ-018.jpeg\",\"datePublished\":\"2022-02-22T08:28:02+00:00\",\"dateModified\":\"2022-03-14T11:14:39+00:00\",\"description\":\"Koupit THJ-018 (SGT-17) na prodej Evropa, Spojen\u00e9 kr\u00e1lovstv\u00ed je syntetick\u00fd kanabinoid, kter\u00fd je indazolov\u00fdm analogem JWH-018 a byl prod\u00e1v\u00e1n online jako designov\u00e1 droga. Velkoobchodn\u00ed objedn\u00e1vka k dispozici\",\"breadcrumb\":{\"@id\":\"https:\\\/\\\/medicinasinc.com\\\/cs\\\/product\\\/buy-thj-018\\\/#breadcrumb\"},\"inLanguage\":\"en-US\",\"potentialAction\":[{\"@type\":\"ReadAction\",\"target\":[\"https:\\\/\\\/medicinasinc.com\\\/cs\\\/product\\\/buy-thj-018\\\/\"]}]},{\"@type\":\"ImageObject\",\"inLanguage\":\"en-US\",\"@id\":\"https:\\\/\\\/medicinasinc.com\\\/cs\\\/product\\\/buy-thj-018\\\/#primaryimage\",\"url\":\"https:\\\/\\\/medicinasinc.com\\\/cs\\\/wp-content\\\/uploads\\\/sites\\\/2\\\/2022\\\/02\\\/Buy-THJ-018.jpeg\",\"contentUrl\":\"https:\\\/\\\/medicinasinc.com\\\/cs\\\/wp-content\\\/uploads\\\/sites\\\/2\\\/2022\\\/02\\\/Buy-THJ-018.jpeg\",\"width\":751,\"height\":800},{\"@type\":\"BreadcrumbList\",\"@id\":\"https:\\\/\\\/medicinasinc.com\\\/cs\\\/product\\\/buy-thj-018\\\/#breadcrumb\",\"itemListElement\":[{\"@type\":\"ListItem\",\"position\":1,\"name\":\"Obchod\",\"item\":\"https:\\\/\\\/medicinasinc.com\\\/cs\\\/obchod\\\/\"},{\"@type\":\"ListItem\",\"position\":2,\"name\":\"Koupit THJ-018\"}]},{\"@type\":\"WebSite\",\"@id\":\"https:\\\/\\\/medicinasinc.com\\\/cs\\\/#website\",\"url\":\"https:\\\/\\\/medicinasinc.com\\\/cs\\\/\",\"name\":\"Medicinas Inc\",\"description\":\"Health Medical Clinic\",\"potentialAction\":[{\"@type\":\"SearchAction\",\"target\":{\"@type\":\"EntryPoint\",\"urlTemplate\":\"https:\\\/\\\/medicinasinc.com\\\/cs\\\/?s={search_term_string}\"},\"query-input\":{\"@type\":\"PropertyValueSpecification\",\"valueRequired\":true,\"valueName\":\"search_term_string\"}}],\"inLanguage\":\"en-US\"}]}<\/script>\n<!-- \/ Yoast SEO plugin. -->","yoast_head_json":{"title":"Koupit THJ-018 - SGT-17 - Nejlep\u0161\u00ed nejlep\u0161\u00ed glob\u00e1ln\u00ed l\u00e9ky","description":"Koupit THJ-018 (SGT-17) na prodej Evropa, Spojen\u00e9 kr\u00e1lovstv\u00ed je syntetick\u00fd kanabinoid, kter\u00fd je indazolov\u00fdm analogem JWH-018 a byl prod\u00e1v\u00e1n online jako designov\u00e1 droga. Velkoobchodn\u00ed objedn\u00e1vka k dispozici","robots":{"index":"index","follow":"follow","max-snippet":"max-snippet:-1","max-image-preview":"max-image-preview:large","max-video-preview":"max-video-preview:-1"},"canonical":"https:\/\/medicinasinc.com\/cs\/product\/buy-thj-018\/","og_locale":"en_US","og_type":"article","og_title":"Koupit THJ-018 - SGT-17 - Nejlep\u0161\u00ed nejlep\u0161\u00ed glob\u00e1ln\u00ed l\u00e9ky","og_description":"Koupit THJ-018 (SGT-17) na prodej Evropa, Spojen\u00e9 kr\u00e1lovstv\u00ed je syntetick\u00fd kanabinoid, kter\u00fd je indazolov\u00fdm analogem JWH-018 a byl prod\u00e1v\u00e1n online jako designov\u00e1 droga. Velkoobchodn\u00ed objedn\u00e1vka k dispozici","og_url":"https:\/\/medicinasinc.com\/cs\/product\/buy-thj-018\/","og_site_name":"Medicinas Inc","article_modified_time":"2022-03-14T11:14:39+00:00","og_image":[{"width":751,"height":800,"url":"https:\/\/medicinasinc.com\/cs\/wp-content\/uploads\/sites\/2\/2022\/02\/Buy-THJ-018.jpeg","type":"image\/jpeg"}],"twitter_card":"summary_large_image","twitter_misc":{"Est. reading time":"2 minutes"},"schema":{"@context":"https:\/\/schema.org","@graph":[{"@type":"WebPage","@id":"https:\/\/medicinasinc.com\/cs\/product\/buy-thj-018\/","url":"https:\/\/medicinasinc.com\/cs\/product\/buy-thj-018\/","name":"Koupit THJ-018 - SGT-17 - Nejlep\u0161\u00ed nejlep\u0161\u00ed glob\u00e1ln\u00ed l\u00e9ky","isPartOf":{"@id":"https:\/\/medicinasinc.com\/cs\/#website"},"primaryImageOfPage":{"@id":"https:\/\/medicinasinc.com\/cs\/product\/buy-thj-018\/#primaryimage"},"image":{"@id":"https:\/\/medicinasinc.com\/cs\/product\/buy-thj-018\/#primaryimage"},"thumbnailUrl":"https:\/\/medicinasinc.com\/cs\/wp-content\/uploads\/sites\/2\/2022\/02\/Buy-THJ-018.jpeg","datePublished":"2022-02-22T08:28:02+00:00","dateModified":"2022-03-14T11:14:39+00:00","description":"Koupit THJ-018 (SGT-17) na prodej Evropa, Spojen\u00e9 kr\u00e1lovstv\u00ed je syntetick\u00fd kanabinoid, kter\u00fd je indazolov\u00fdm analogem JWH-018 a byl prod\u00e1v\u00e1n online jako designov\u00e1 droga. Velkoobchodn\u00ed objedn\u00e1vka k dispozici","breadcrumb":{"@id":"https:\/\/medicinasinc.com\/cs\/product\/buy-thj-018\/#breadcrumb"},"inLanguage":"en-US","potentialAction":[{"@type":"ReadAction","target":["https:\/\/medicinasinc.com\/cs\/product\/buy-thj-018\/"]}]},{"@type":"ImageObject","inLanguage":"en-US","@id":"https:\/\/medicinasinc.com\/cs\/product\/buy-thj-018\/#primaryimage","url":"https:\/\/medicinasinc.com\/cs\/wp-content\/uploads\/sites\/2\/2022\/02\/Buy-THJ-018.jpeg","contentUrl":"https:\/\/medicinasinc.com\/cs\/wp-content\/uploads\/sites\/2\/2022\/02\/Buy-THJ-018.jpeg","width":751,"height":800},{"@type":"BreadcrumbList","@id":"https:\/\/medicinasinc.com\/cs\/product\/buy-thj-018\/#breadcrumb","itemListElement":[{"@type":"ListItem","position":1,"name":"Obchod","item":"https:\/\/medicinasinc.com\/cs\/obchod\/"},{"@type":"ListItem","position":2,"name":"Koupit THJ-018"}]},{"@type":"WebSite","@id":"https:\/\/medicinasinc.com\/cs\/#website","url":"https:\/\/medicinasinc.com\/cs\/","name":"Medicinas Inc","description":"Health Medical Clinic","potentialAction":[{"@type":"SearchAction","target":{"@type":"EntryPoint","urlTemplate":"https:\/\/medicinasinc.com\/cs\/?s={search_term_string}"},"query-input":{"@type":"PropertyValueSpecification","valueRequired":true,"valueName":"search_term_string"}}],"inLanguage":"en-US"}]}},"_links":{"self":[{"href":"https:\/\/medicinasinc.com\/cs\/wp-json\/wp\/v2\/product\/5926","targetHints":{"allow":["GET"]}}],"collection":[{"href":"https:\/\/medicinasinc.com\/cs\/wp-json\/wp\/v2\/product"}],"about":[{"href":"https:\/\/medicinasinc.com\/cs\/wp-json\/wp\/v2\/types\/product"}],"replies":[{"embeddable":true,"href":"https:\/\/medicinasinc.com\/cs\/wp-json\/wp\/v2\/comments?post=5926"}],"wp:featuredmedia":[{"embeddable":true,"href":"https:\/\/medicinasinc.com\/cs\/wp-json\/wp\/v2\/media\/5940"}],"wp:attachment":[{"href":"https:\/\/medicinasinc.com\/cs\/wp-json\/wp\/v2\/media?parent=5926"}],"wp:term":[{"taxonomy":"product_brand","embeddable":true,"href":"https:\/\/medicinasinc.com\/cs\/wp-json\/wp\/v2\/product_brand?post=5926"},{"taxonomy":"product_cat","embeddable":true,"href":"https:\/\/medicinasinc.com\/cs\/wp-json\/wp\/v2\/product_cat?post=5926"},{"taxonomy":"product_tag","embeddable":true,"href":"https:\/\/medicinasinc.com\/cs\/wp-json\/wp\/v2\/product_tag?post=5926"}],"curies":[{"name":"wp","href":"https:\/\/api.w.org\/{rel}","templated":true}]}}