{"id":5921,"date":"2022-02-22T08:23:15","date_gmt":"2022-02-22T08:23:15","guid":{"rendered":"https:\/\/medicinasinc.com\/cs\/?post_type=product&#038;p=5921"},"modified":"2022-03-14T11:14:53","modified_gmt":"2022-03-14T11:14:53","slug":"buy-sdb-005","status":"publish","type":"product","link":"https:\/\/medicinasinc.com\/cs\/product\/buy-sdb-005\/","title":{"rendered":"Koupit SDB-005"},"content":{"rendered":"<p>SDB-005 je syntetick\u00e9 konop\u00ed na b\u00e1zi indazol\u016f, kter\u00e9 bylo nab\u00edzeno jako designov\u00e1 droga online. P\u0159edpokl\u00e1d\u00e1 se, \u017ee jde o agonistu kanabinoidn\u00edho receptoru pro CB1 a CB2. SDB-005 je indazolov\u00fd j\u00e1drov\u00fd analog PB-22, kter\u00fd m\u00e1 naftalenovou skupinu m\u00edsto 8-hydroxychinolinu.<\/p>\n<p>SDB-005 byl d\u0159\u00edve p\u0159i\u0159azen k jin\u00e9 chemick\u00e9 l\u00e1tce, N-fenylov\u00e9mu analogu SDB- 006, sp\u00ed\u0161e ne\u017e N-benzylov\u00fd prot\u011bj\u0161ek SDB-006. Tato chemik\u00e1lie je siln\u00fdm agonistou receptor\u016f CB1 (Ki = 21 nM) a CB2 (Ki = 140 nM).<\/p>\n<p>SDB-005 je syntetick\u00e9 konop\u00ed na b\u00e1zi indazol\u016f, kter\u00e9 bylo nab\u00edzeno jako designov\u00e1 droga online. P\u0159edpokl\u00e1d\u00e1 se, \u017ee jde o agonistu kanabinoidn\u00edho receptoru pro CB1 a CB2. SDB-005 je analog indazolov\u00e9ho j\u00e1dra PB-22, kter\u00fd m\u00e1 naftalenovou skupinu m\u00edsto 8-hydroxychinolinu.<\/p>\n","protected":false},"excerpt":{"rendered":"<p>Koupit SDB-005 na prodej v Evrop\u011b, Spojen\u00e9 kr\u00e1lovstv\u00ed je syntetick\u00fd kanabinoid na b\u00e1zi indazolu, kter\u00fd se prod\u00e1v\u00e1 online jako designov\u00e1 droga<\/p>\n","protected":false},"featured_media":5939,"comment_status":"open","ping_status":"closed","template":"","meta":[],"product_brand":[],"product_cat":[2596],"product_tag":[4096,4097,4102,4099,4101,4098,4100],"class_list":{"0":"post-5921","1":"product","2":"type-product","3":"status-publish","4":"has-post-thumbnail","6":"product_cat-kanabinoidy-na-prodej","7":"product_tag-buy-sdb005-online","8":"product_tag-how-to-buy-sdb005-online","9":"product_tag-kde-k-koupit-sdb005-online","10":"product_tag-nkup-sdb005-online","11":"product_tag-nejlep-msto-k-koupit-sdb005-online","12":"product_tag-objednvka-sdb005-online","13":"product_tag-sdb005-for-sale","15":"first","16":"instock","17":"shipping-taxable","18":"purchasable","19":"product-type-variable"},"yoast_head":"<!-- This site is optimized with the Yoast SEO plugin v27.3 - https:\/\/yoast.com\/product\/yoast-seo-wordpress\/ -->\n<title>Koupit SDB-005 - SDB005 - Nejlep\u0161\u00ed glob\u00e1ln\u00ed l\u00e9ky<\/title>\n<meta name=\"description\" content=\"Koupit SDB-005 na prodej Evropa, Spojen\u00e9 kr\u00e1lovstv\u00ed je syntetick\u00fd kanabinoid na b\u00e1zi indazolu, kter\u00fd se prod\u00e1v\u00e1 online jako designov\u00e1 droga.\" \/>\n<meta name=\"robots\" content=\"index, follow, max-snippet:-1, max-image-preview:large, max-video-preview:-1\" \/>\n<link rel=\"canonical\" href=\"https:\/\/medicinasinc.com\/cs\/product\/buy-sdb-005\/\" \/>\n<meta property=\"og:locale\" content=\"en_US\" \/>\n<meta property=\"og:type\" content=\"article\" \/>\n<meta property=\"og:title\" content=\"Koupit SDB-005 - SDB005 - Nejlep\u0161\u00ed glob\u00e1ln\u00ed l\u00e9ky\" \/>\n<meta property=\"og:description\" content=\"Koupit SDB-005 na prodej Evropa, Spojen\u00e9 kr\u00e1lovstv\u00ed je syntetick\u00fd kanabinoid na b\u00e1zi indazolu, kter\u00fd se prod\u00e1v\u00e1 online jako designov\u00e1 droga.\" \/>\n<meta property=\"og:url\" content=\"https:\/\/medicinasinc.com\/cs\/product\/buy-sdb-005\/\" \/>\n<meta property=\"og:site_name\" content=\"Medicinas Inc\" \/>\n<meta property=\"article:modified_time\" content=\"2022-03-14T11:14:53+00:00\" \/>\n<meta property=\"og:image\" content=\"https:\/\/medicinasinc.com\/cs\/wp-content\/uploads\/sites\/2\/2022\/02\/Buy-SDB-005.jpeg\" \/>\n\t<meta property=\"og:image:width\" content=\"600\" \/>\n\t<meta property=\"og:image:height\" content=\"451\" \/>\n\t<meta property=\"og:image:type\" content=\"image\/jpeg\" \/>\n<meta name=\"twitter:card\" content=\"summary_large_image\" \/>\n<meta name=\"twitter:label1\" content=\"Est. reading time\" \/>\n\t<meta name=\"twitter:data1\" content=\"1 minute\" \/>\n<script type=\"application\/ld+json\" class=\"yoast-schema-graph\">{\"@context\":\"https:\\\/\\\/schema.org\",\"@graph\":[{\"@type\":\"WebPage\",\"@id\":\"https:\\\/\\\/medicinasinc.com\\\/cs\\\/product\\\/buy-sdb-005\\\/\",\"url\":\"https:\\\/\\\/medicinasinc.com\\\/cs\\\/product\\\/buy-sdb-005\\\/\",\"name\":\"Koupit SDB-005 - SDB005 - Nejlep\u0161\u00ed glob\u00e1ln\u00ed l\u00e9ky\",\"isPartOf\":{\"@id\":\"https:\\\/\\\/medicinasinc.com\\\/cs\\\/#website\"},\"primaryImageOfPage\":{\"@id\":\"https:\\\/\\\/medicinasinc.com\\\/cs\\\/product\\\/buy-sdb-005\\\/#primaryimage\"},\"image\":{\"@id\":\"https:\\\/\\\/medicinasinc.com\\\/cs\\\/product\\\/buy-sdb-005\\\/#primaryimage\"},\"thumbnailUrl\":\"https:\\\/\\\/medicinasinc.com\\\/cs\\\/wp-content\\\/uploads\\\/sites\\\/2\\\/2022\\\/02\\\/Buy-SDB-005.jpeg\",\"datePublished\":\"2022-02-22T08:23:15+00:00\",\"dateModified\":\"2022-03-14T11:14:53+00:00\",\"description\":\"Koupit SDB-005 na prodej Evropa, Spojen\u00e9 kr\u00e1lovstv\u00ed je syntetick\u00fd kanabinoid na b\u00e1zi indazolu, kter\u00fd se prod\u00e1v\u00e1 online jako designov\u00e1 droga.\",\"breadcrumb\":{\"@id\":\"https:\\\/\\\/medicinasinc.com\\\/cs\\\/product\\\/buy-sdb-005\\\/#breadcrumb\"},\"inLanguage\":\"en-US\",\"potentialAction\":[{\"@type\":\"ReadAction\",\"target\":[\"https:\\\/\\\/medicinasinc.com\\\/cs\\\/product\\\/buy-sdb-005\\\/\"]}]},{\"@type\":\"ImageObject\",\"inLanguage\":\"en-US\",\"@id\":\"https:\\\/\\\/medicinasinc.com\\\/cs\\\/product\\\/buy-sdb-005\\\/#primaryimage\",\"url\":\"https:\\\/\\\/medicinasinc.com\\\/cs\\\/wp-content\\\/uploads\\\/sites\\\/2\\\/2022\\\/02\\\/Buy-SDB-005.jpeg\",\"contentUrl\":\"https:\\\/\\\/medicinasinc.com\\\/cs\\\/wp-content\\\/uploads\\\/sites\\\/2\\\/2022\\\/02\\\/Buy-SDB-005.jpeg\",\"width\":600,\"height\":451},{\"@type\":\"BreadcrumbList\",\"@id\":\"https:\\\/\\\/medicinasinc.com\\\/cs\\\/product\\\/buy-sdb-005\\\/#breadcrumb\",\"itemListElement\":[{\"@type\":\"ListItem\",\"position\":1,\"name\":\"Obchod\",\"item\":\"https:\\\/\\\/medicinasinc.com\\\/cs\\\/obchod\\\/\"},{\"@type\":\"ListItem\",\"position\":2,\"name\":\"Koupit SDB-005\"}]},{\"@type\":\"WebSite\",\"@id\":\"https:\\\/\\\/medicinasinc.com\\\/cs\\\/#website\",\"url\":\"https:\\\/\\\/medicinasinc.com\\\/cs\\\/\",\"name\":\"Medicinas Inc\",\"description\":\"Health Medical Clinic\",\"potentialAction\":[{\"@type\":\"SearchAction\",\"target\":{\"@type\":\"EntryPoint\",\"urlTemplate\":\"https:\\\/\\\/medicinasinc.com\\\/cs\\\/?s={search_term_string}\"},\"query-input\":{\"@type\":\"PropertyValueSpecification\",\"valueRequired\":true,\"valueName\":\"search_term_string\"}}],\"inLanguage\":\"en-US\"}]}<\/script>\n<!-- \/ Yoast SEO plugin. -->","yoast_head_json":{"title":"Koupit SDB-005 - SDB005 - Nejlep\u0161\u00ed glob\u00e1ln\u00ed l\u00e9ky","description":"Koupit SDB-005 na prodej Evropa, Spojen\u00e9 kr\u00e1lovstv\u00ed je syntetick\u00fd kanabinoid na b\u00e1zi indazolu, kter\u00fd se prod\u00e1v\u00e1 online jako designov\u00e1 droga.","robots":{"index":"index","follow":"follow","max-snippet":"max-snippet:-1","max-image-preview":"max-image-preview:large","max-video-preview":"max-video-preview:-1"},"canonical":"https:\/\/medicinasinc.com\/cs\/product\/buy-sdb-005\/","og_locale":"en_US","og_type":"article","og_title":"Koupit SDB-005 - SDB005 - Nejlep\u0161\u00ed glob\u00e1ln\u00ed l\u00e9ky","og_description":"Koupit SDB-005 na prodej Evropa, Spojen\u00e9 kr\u00e1lovstv\u00ed je syntetick\u00fd kanabinoid na b\u00e1zi indazolu, kter\u00fd se prod\u00e1v\u00e1 online jako designov\u00e1 droga.","og_url":"https:\/\/medicinasinc.com\/cs\/product\/buy-sdb-005\/","og_site_name":"Medicinas Inc","article_modified_time":"2022-03-14T11:14:53+00:00","og_image":[{"width":600,"height":451,"url":"https:\/\/medicinasinc.com\/cs\/wp-content\/uploads\/sites\/2\/2022\/02\/Buy-SDB-005.jpeg","type":"image\/jpeg"}],"twitter_card":"summary_large_image","twitter_misc":{"Est. reading time":"1 minute"},"schema":{"@context":"https:\/\/schema.org","@graph":[{"@type":"WebPage","@id":"https:\/\/medicinasinc.com\/cs\/product\/buy-sdb-005\/","url":"https:\/\/medicinasinc.com\/cs\/product\/buy-sdb-005\/","name":"Koupit SDB-005 - SDB005 - Nejlep\u0161\u00ed glob\u00e1ln\u00ed l\u00e9ky","isPartOf":{"@id":"https:\/\/medicinasinc.com\/cs\/#website"},"primaryImageOfPage":{"@id":"https:\/\/medicinasinc.com\/cs\/product\/buy-sdb-005\/#primaryimage"},"image":{"@id":"https:\/\/medicinasinc.com\/cs\/product\/buy-sdb-005\/#primaryimage"},"thumbnailUrl":"https:\/\/medicinasinc.com\/cs\/wp-content\/uploads\/sites\/2\/2022\/02\/Buy-SDB-005.jpeg","datePublished":"2022-02-22T08:23:15+00:00","dateModified":"2022-03-14T11:14:53+00:00","description":"Koupit SDB-005 na prodej Evropa, Spojen\u00e9 kr\u00e1lovstv\u00ed je syntetick\u00fd kanabinoid na b\u00e1zi indazolu, kter\u00fd se prod\u00e1v\u00e1 online jako designov\u00e1 droga.","breadcrumb":{"@id":"https:\/\/medicinasinc.com\/cs\/product\/buy-sdb-005\/#breadcrumb"},"inLanguage":"en-US","potentialAction":[{"@type":"ReadAction","target":["https:\/\/medicinasinc.com\/cs\/product\/buy-sdb-005\/"]}]},{"@type":"ImageObject","inLanguage":"en-US","@id":"https:\/\/medicinasinc.com\/cs\/product\/buy-sdb-005\/#primaryimage","url":"https:\/\/medicinasinc.com\/cs\/wp-content\/uploads\/sites\/2\/2022\/02\/Buy-SDB-005.jpeg","contentUrl":"https:\/\/medicinasinc.com\/cs\/wp-content\/uploads\/sites\/2\/2022\/02\/Buy-SDB-005.jpeg","width":600,"height":451},{"@type":"BreadcrumbList","@id":"https:\/\/medicinasinc.com\/cs\/product\/buy-sdb-005\/#breadcrumb","itemListElement":[{"@type":"ListItem","position":1,"name":"Obchod","item":"https:\/\/medicinasinc.com\/cs\/obchod\/"},{"@type":"ListItem","position":2,"name":"Koupit SDB-005"}]},{"@type":"WebSite","@id":"https:\/\/medicinasinc.com\/cs\/#website","url":"https:\/\/medicinasinc.com\/cs\/","name":"Medicinas Inc","description":"Health Medical Clinic","potentialAction":[{"@type":"SearchAction","target":{"@type":"EntryPoint","urlTemplate":"https:\/\/medicinasinc.com\/cs\/?s={search_term_string}"},"query-input":{"@type":"PropertyValueSpecification","valueRequired":true,"valueName":"search_term_string"}}],"inLanguage":"en-US"}]}},"_links":{"self":[{"href":"https:\/\/medicinasinc.com\/cs\/wp-json\/wp\/v2\/product\/5921","targetHints":{"allow":["GET"]}}],"collection":[{"href":"https:\/\/medicinasinc.com\/cs\/wp-json\/wp\/v2\/product"}],"about":[{"href":"https:\/\/medicinasinc.com\/cs\/wp-json\/wp\/v2\/types\/product"}],"replies":[{"embeddable":true,"href":"https:\/\/medicinasinc.com\/cs\/wp-json\/wp\/v2\/comments?post=5921"}],"wp:featuredmedia":[{"embeddable":true,"href":"https:\/\/medicinasinc.com\/cs\/wp-json\/wp\/v2\/media\/5939"}],"wp:attachment":[{"href":"https:\/\/medicinasinc.com\/cs\/wp-json\/wp\/v2\/media?parent=5921"}],"wp:term":[{"taxonomy":"product_brand","embeddable":true,"href":"https:\/\/medicinasinc.com\/cs\/wp-json\/wp\/v2\/product_brand?post=5921"},{"taxonomy":"product_cat","embeddable":true,"href":"https:\/\/medicinasinc.com\/cs\/wp-json\/wp\/v2\/product_cat?post=5921"},{"taxonomy":"product_tag","embeddable":true,"href":"https:\/\/medicinasinc.com\/cs\/wp-json\/wp\/v2\/product_tag?post=5921"}],"curies":[{"name":"wp","href":"https:\/\/api.w.org\/{rel}","templated":true}]}}