{"id":5917,"date":"2022-02-22T08:19:52","date_gmt":"2022-02-22T08:19:52","guid":{"rendered":"https:\/\/medicinasinc.com\/cs\/?post_type=product&#038;p=5917"},"modified":"2022-03-14T11:15:04","modified_gmt":"2022-03-14T11:15:04","slug":"buy-nm-2201","status":"publish","type":"product","link":"https:\/\/medicinasinc.com\/cs\/product\/buy-nm-2201\/","title":{"rendered":"Koupit NM-2201"},"content":{"rendered":"<p>Je syntetick\u00fd kanabinoid na b\u00e1zi indolu s n\u00e1zvem CBL-2201. Pravd\u011bpodobn\u011b m\u00e1 stejn\u00e9 vlastnosti jako 5F-PB-22 a NNE1, kter\u00e9 jsou oba \u00fapln\u00fdmi agonisty a v\u00e1\u017eou se na receptory CB1 a CB2 s n\u00edzkou nanomol\u00e1rn\u00ed afinitou.<\/p>\n<p>Koupit NM-2201 Online je dobr\u00e9 m\u00edsto pro koupit Research Chemicals. NM-2201 si m\u016f\u017eete koupit online od d\u016fv\u011bryhodn\u00e9ho dodavatele za zv\u00fdhodn\u011bnou cenu. Globalhomed.com je m\u00edsto, kde si jej m\u016f\u017eete koupit. Je bezpe\u010dn\u00e9 poslat NM-2201 z Evropy do Spojen\u00fdch st\u00e1t\u016f a dal\u0161\u00edch m\u00edst.<\/p>\n<p>Toto je syntetick\u00fd kanabinoid s n\u00e1zvem NM-2201. M\u00e1 mnoho stejn\u00fdch vlastnost\u00ed jako jeho bl\u00edzc\u00ed p\u0159\u00edbuzn\u00ed, 5F-PB-22 a NNE1, kter\u00e9 jsou pln\u00e9 agonisty a v\u00e1\u017eou se na receptory CB1 i CB2 s n\u00edzkou nanomol\u00e1rn\u00ed afinitou.<\/p>\n<p>Pouze pro v\u00fdzkum. Nelze jej pou\u017e\u00edt pro nic jin\u00e9ho, \u200b\u200bjako je in vivo diagnostika, potraviny, l\u00e9ky, l\u00e9ka\u0159sk\u00e9 p\u0159\u00edstroje a kosmetika pro lidi a\/nebo zv\u00ed\u0159ata, a nelze jej pou\u017e\u00edt u lid\u00ed ani zv\u00ed\u0159at.<\/p>\n<p>5F -PB-22 a NNE1 jsou oba syntetick\u00e9 kanabinoidy na b\u00e1zi indolu. Oba jsou \u00fapln\u00fdmi agonisty a v\u00e1\u017eou se na receptory CB1 i CB2 s n\u00edzkou nanomol\u00e1rn\u00ed afinitou.<\/p>\n<p>1. N-naftalen-1-ylester 1-(5-fluorpentyl)-1H,3-karboxylov\u00e9 kyseliny N-naftalen-1-ylester N-naftalen-1-ylester N-naftalen-1-1-ylester NM-2201 m\u00e1 chemick\u00fd vzorec C24H22FNO2 a v\u00e1\u017e\u00ed 375,16 gram\u016f. Proces studia NM-2201 je st\u00e1le velmi brzy. Zat\u00edm nen\u00ed dostatek dat, kter\u00e1 by uk\u00e1zala, co um\u00ed. Je v\u0161ak stejn\u00fd jako AM-2201. To znamen\u00e1, \u017ee vlastnosti jsou stejn\u00e9.<\/p>\n<p>Jedn\u00e1 se o syntetick\u00fd kanabinoid s n\u00e1zvem NM-2201. M\u00e1 mnoho stejn\u00fdch vlastnost\u00ed jako jeho bl\u00edzc\u00ed p\u0159\u00edbuzn\u00ed, 5F-PB-22 a NNE1, kter\u00e9 jsou pln\u00e9 agonisty a v\u00e1\u017eou se na receptory CB1 i CB2 s n\u00edzkou nanomol\u00e1rn\u00ed afinitou.<\/p>\n<p>Pouze pro v\u00fdzkum. Nelze jej pou\u017e\u00edt pro nic jin\u00e9ho, \u200b\u200bjako je in vivo diagnostika, potraviny, l\u00e9ky, l\u00e9ka\u0159sk\u00e9 p\u0159\u00edstroje a kosmetika pro lidi a\/nebo zv\u00ed\u0159ata, a nelze jej pou\u017e\u00edt u lid\u00ed ani zv\u00ed\u0159at.<\/p>\n<p>5F -PB-22 a NNE1 jsou oba syntetick\u00e9 kanabinoidy na b\u00e1zi indolu. Oba jsou \u00fapln\u00fdmi agonisty a v\u00e1\u017eou se na receptory CB1 i CB2 s n\u00edzkou nanomol\u00e1rn\u00ed afinitou.<\/p>\n<p>1. N-naftalen-1-ylester 1-(5-fluorpentyl)-1H,3-karboxylov\u00e9 kyseliny N-naftalen-1-ylester N-naftalen-1-ylester N-naftalen-1-1-ylester NM-2201 m\u00e1 chemick\u00fd vzorec C24H22FNO2 a v\u00e1\u017e\u00ed 375,16 gram\u016f. Proces studia NM-2201 je st\u00e1le velmi brzy. Zat\u00edm nen\u00ed dostatek dat, kter\u00e1 by uk\u00e1zala, co um\u00ed. Je v\u0161ak stejn\u00fd jako AM-2201. To znamen\u00e1, \u017ee vlastnosti jsou stejn\u00e9.<\/p>\n","protected":false},"excerpt":{"rendered":"<p><b>Koupit NM-2201 <\/b>na prodej Evropa, Spojen\u00e9 kr\u00e1lovstv\u00ed (zn\u00e1m\u00e9 tak\u00e9 jako\u00a0<b>CBL-2201<\/b>) je\u00a0<a class=\"mw-redirect\" title=\"na\" href=\"https:\/\/en.wikipedia.org\/wiki\/Synthetic_cannabinoid\">syntetick\u00fd kanabinoid<\/a>, kter\u00fd m\u00e1 pravd\u011bpodobn\u011b podobn\u00e9 vlastnosti jako bl\u00edzce p\u0159\u00edbuzn\u00e9 5F-PB-22 a NNE1, kter\u00e9 jsou oba \u00fapln\u00fdmi agonisty a\u00a0neselektivn\u011b se\u00a0v\u00e1\u017e\u00ed na receptory\u00a0CB<sub>1<\/sub>\u00a0a\u00a0CB<sub>2<\/sub> s\u00a0n\u00edzkou nanomol\u00e1rn\u00ed afinitou, velkoobchodn\u011b dostupn\u00e9<\/p>\n","protected":false},"featured_media":5938,"comment_status":"open","ping_status":"closed","template":"","meta":[],"product_brand":[],"product_cat":[2596],"product_tag":[4095,4090,4093,4094,4092,4091],"class_list":{"0":"post-5917","1":"product","2":"type-product","3":"status-publish","4":"has-post-thumbnail","6":"product_cat-kanabinoidy-na-prodej","7":"product_tag-kde-koupit-nm2201-online","8":"product_tag-buy-nm2201-online","9":"product_tag-nkup-nm2201-online","10":"product_tag-nejlep-msto-k-koup-nm2201-online","11":"product_tag-objednvka-nm2201-online","12":"product_tag-nm2201-na-prodej","14":"first","15":"instock","16":"featured","17":"shipping-taxable","18":"purchasable","19":"product-type-variable"},"yoast_head":"<!-- This site is optimized with the Yoast SEO plugin v27.3 - https:\/\/yoast.com\/product\/yoast-seo-wordpress\/ -->\n<title>Koupit NM-2201\u00a0\u2013 CBL-2201 \u2013 Nejlep\u0161\u00ed nejlep\u0161\u00ed glob\u00e1ln\u00ed l\u00e9ky<\/title>\n<meta name=\"description\" content=\"Koupit NM-2201 na prodej Evropa, Spojen\u00e9 kr\u00e1lovstv\u00ed (tak\u00e9 zn\u00e1m\u00fd jako\u00a0CBL-2201) je syntetick\u00fd kanabinoid na b\u00e1zi indolu, kter\u00fd m\u00e1 pravd\u011bpodobn\u011b podobn\u00e9 vlastnosti jako bl\u00edzce p\u0159\u00edbuzn\u00e9 5F-PB-22 a NNE1, kter\u00e9 jsou oba \u00fapln\u00fdmi agonisty a\u00a0neselektivn\u011b se v\u00e1\u017eou na Receptory CB1\u00a0a\u00a0CB2 s\u00a0n\u00edzkou nanomol\u00e1rn\u00ed afinitou, velkoobchodn\u011b dostupn\u00e9\" \/>\n<meta name=\"robots\" content=\"index, follow, max-snippet:-1, max-image-preview:large, max-video-preview:-1\" \/>\n<link rel=\"canonical\" href=\"https:\/\/medicinasinc.com\/cs\/product\/buy-nm-2201\/\" \/>\n<meta property=\"og:locale\" content=\"en_US\" \/>\n<meta property=\"og:type\" content=\"article\" \/>\n<meta property=\"og:title\" content=\"Koupit NM-2201\u00a0\u2013 CBL-2201 \u2013 Nejlep\u0161\u00ed nejlep\u0161\u00ed glob\u00e1ln\u00ed l\u00e9ky\" \/>\n<meta property=\"og:description\" content=\"Koupit NM-2201 na prodej Evropa, Spojen\u00e9 kr\u00e1lovstv\u00ed (tak\u00e9 zn\u00e1m\u00fd jako\u00a0CBL-2201) je syntetick\u00fd kanabinoid na b\u00e1zi indolu, kter\u00fd m\u00e1 pravd\u011bpodobn\u011b podobn\u00e9 vlastnosti jako bl\u00edzce p\u0159\u00edbuzn\u00e9 5F-PB-22 a NNE1, kter\u00e9 jsou oba \u00fapln\u00fdmi agonisty a\u00a0neselektivn\u011b se v\u00e1\u017eou na Receptory CB1\u00a0a\u00a0CB2 s\u00a0n\u00edzkou nanomol\u00e1rn\u00ed afinitou, velkoobchodn\u011b dostupn\u00e9\" \/>\n<meta property=\"og:url\" content=\"https:\/\/medicinasinc.com\/cs\/product\/buy-nm-2201\/\" \/>\n<meta property=\"og:site_name\" content=\"Medicinas Inc\" \/>\n<meta property=\"article:modified_time\" content=\"2022-03-14T11:15:04+00:00\" \/>\n<meta property=\"og:image\" content=\"https:\/\/medicinasinc.com\/cs\/wp-content\/uploads\/sites\/2\/2022\/02\/Buy-NM-2201.jpg\" \/>\n\t<meta property=\"og:image:width\" content=\"458\" \/>\n\t<meta property=\"og:image:height\" content=\"458\" \/>\n\t<meta property=\"og:image:type\" content=\"image\/jpeg\" \/>\n<meta name=\"twitter:card\" content=\"summary_large_image\" \/>\n<meta name=\"twitter:label1\" content=\"Est. reading time\" \/>\n\t<meta name=\"twitter:data1\" content=\"2 minutes\" \/>\n<script type=\"application\/ld+json\" class=\"yoast-schema-graph\">{\"@context\":\"https:\\\/\\\/schema.org\",\"@graph\":[{\"@type\":\"WebPage\",\"@id\":\"https:\\\/\\\/medicinasinc.com\\\/cs\\\/product\\\/buy-nm-2201\\\/\",\"url\":\"https:\\\/\\\/medicinasinc.com\\\/cs\\\/product\\\/buy-nm-2201\\\/\",\"name\":\"Koupit NM-2201\u00a0\u2013 CBL-2201 \u2013 Nejlep\u0161\u00ed nejlep\u0161\u00ed glob\u00e1ln\u00ed l\u00e9ky\",\"isPartOf\":{\"@id\":\"https:\\\/\\\/medicinasinc.com\\\/cs\\\/#website\"},\"primaryImageOfPage\":{\"@id\":\"https:\\\/\\\/medicinasinc.com\\\/cs\\\/product\\\/buy-nm-2201\\\/#primaryimage\"},\"image\":{\"@id\":\"https:\\\/\\\/medicinasinc.com\\\/cs\\\/product\\\/buy-nm-2201\\\/#primaryimage\"},\"thumbnailUrl\":\"https:\\\/\\\/medicinasinc.com\\\/cs\\\/wp-content\\\/uploads\\\/sites\\\/2\\\/2022\\\/02\\\/Buy-NM-2201.jpg\",\"datePublished\":\"2022-02-22T08:19:52+00:00\",\"dateModified\":\"2022-03-14T11:15:04+00:00\",\"description\":\"Koupit NM-2201 na prodej Evropa, Spojen\u00e9 kr\u00e1lovstv\u00ed (tak\u00e9 zn\u00e1m\u00fd jako\u00a0CBL-2201) je syntetick\u00fd kanabinoid na b\u00e1zi indolu, kter\u00fd m\u00e1 pravd\u011bpodobn\u011b podobn\u00e9 vlastnosti jako bl\u00edzce p\u0159\u00edbuzn\u00e9 5F-PB-22 a NNE1, kter\u00e9 jsou oba \u00fapln\u00fdmi agonisty a\u00a0neselektivn\u011b se v\u00e1\u017eou na Receptory CB1\u00a0a\u00a0CB2 s\u00a0n\u00edzkou nanomol\u00e1rn\u00ed afinitou, velkoobchodn\u011b dostupn\u00e9\",\"breadcrumb\":{\"@id\":\"https:\\\/\\\/medicinasinc.com\\\/cs\\\/product\\\/buy-nm-2201\\\/#breadcrumb\"},\"inLanguage\":\"en-US\",\"potentialAction\":[{\"@type\":\"ReadAction\",\"target\":[\"https:\\\/\\\/medicinasinc.com\\\/cs\\\/product\\\/buy-nm-2201\\\/\"]}]},{\"@type\":\"ImageObject\",\"inLanguage\":\"en-US\",\"@id\":\"https:\\\/\\\/medicinasinc.com\\\/cs\\\/product\\\/buy-nm-2201\\\/#primaryimage\",\"url\":\"https:\\\/\\\/medicinasinc.com\\\/cs\\\/wp-content\\\/uploads\\\/sites\\\/2\\\/2022\\\/02\\\/Buy-NM-2201.jpg\",\"contentUrl\":\"https:\\\/\\\/medicinasinc.com\\\/cs\\\/wp-content\\\/uploads\\\/sites\\\/2\\\/2022\\\/02\\\/Buy-NM-2201.jpg\",\"width\":458,\"height\":458},{\"@type\":\"BreadcrumbList\",\"@id\":\"https:\\\/\\\/medicinasinc.com\\\/cs\\\/product\\\/buy-nm-2201\\\/#breadcrumb\",\"itemListElement\":[{\"@type\":\"ListItem\",\"position\":1,\"name\":\"Obchod\",\"item\":\"https:\\\/\\\/medicinasinc.com\\\/cs\\\/obchod\\\/\"},{\"@type\":\"ListItem\",\"position\":2,\"name\":\"Koupit NM-2201\"}]},{\"@type\":\"WebSite\",\"@id\":\"https:\\\/\\\/medicinasinc.com\\\/cs\\\/#website\",\"url\":\"https:\\\/\\\/medicinasinc.com\\\/cs\\\/\",\"name\":\"Medicinas Inc\",\"description\":\"Health Medical Clinic\",\"potentialAction\":[{\"@type\":\"SearchAction\",\"target\":{\"@type\":\"EntryPoint\",\"urlTemplate\":\"https:\\\/\\\/medicinasinc.com\\\/cs\\\/?s={search_term_string}\"},\"query-input\":{\"@type\":\"PropertyValueSpecification\",\"valueRequired\":true,\"valueName\":\"search_term_string\"}}],\"inLanguage\":\"en-US\"}]}<\/script>\n<!-- \/ Yoast SEO plugin. -->","yoast_head_json":{"title":"Koupit NM-2201\u00a0\u2013 CBL-2201 \u2013 Nejlep\u0161\u00ed nejlep\u0161\u00ed glob\u00e1ln\u00ed l\u00e9ky","description":"Koupit NM-2201 na prodej Evropa, Spojen\u00e9 kr\u00e1lovstv\u00ed (tak\u00e9 zn\u00e1m\u00fd jako\u00a0CBL-2201) je syntetick\u00fd kanabinoid na b\u00e1zi indolu, kter\u00fd m\u00e1 pravd\u011bpodobn\u011b podobn\u00e9 vlastnosti jako bl\u00edzce p\u0159\u00edbuzn\u00e9 5F-PB-22 a NNE1, kter\u00e9 jsou oba \u00fapln\u00fdmi agonisty a\u00a0neselektivn\u011b se v\u00e1\u017eou na Receptory CB1\u00a0a\u00a0CB2 s\u00a0n\u00edzkou nanomol\u00e1rn\u00ed afinitou, velkoobchodn\u011b dostupn\u00e9","robots":{"index":"index","follow":"follow","max-snippet":"max-snippet:-1","max-image-preview":"max-image-preview:large","max-video-preview":"max-video-preview:-1"},"canonical":"https:\/\/medicinasinc.com\/cs\/product\/buy-nm-2201\/","og_locale":"en_US","og_type":"article","og_title":"Koupit NM-2201\u00a0\u2013 CBL-2201 \u2013 Nejlep\u0161\u00ed nejlep\u0161\u00ed glob\u00e1ln\u00ed l\u00e9ky","og_description":"Koupit NM-2201 na prodej Evropa, Spojen\u00e9 kr\u00e1lovstv\u00ed (tak\u00e9 zn\u00e1m\u00fd jako\u00a0CBL-2201) je syntetick\u00fd kanabinoid na b\u00e1zi indolu, kter\u00fd m\u00e1 pravd\u011bpodobn\u011b podobn\u00e9 vlastnosti jako bl\u00edzce p\u0159\u00edbuzn\u00e9 5F-PB-22 a NNE1, kter\u00e9 jsou oba \u00fapln\u00fdmi agonisty a\u00a0neselektivn\u011b se v\u00e1\u017eou na Receptory CB1\u00a0a\u00a0CB2 s\u00a0n\u00edzkou nanomol\u00e1rn\u00ed afinitou, velkoobchodn\u011b dostupn\u00e9","og_url":"https:\/\/medicinasinc.com\/cs\/product\/buy-nm-2201\/","og_site_name":"Medicinas Inc","article_modified_time":"2022-03-14T11:15:04+00:00","og_image":[{"width":458,"height":458,"url":"https:\/\/medicinasinc.com\/cs\/wp-content\/uploads\/sites\/2\/2022\/02\/Buy-NM-2201.jpg","type":"image\/jpeg"}],"twitter_card":"summary_large_image","twitter_misc":{"Est. reading time":"2 minutes"},"schema":{"@context":"https:\/\/schema.org","@graph":[{"@type":"WebPage","@id":"https:\/\/medicinasinc.com\/cs\/product\/buy-nm-2201\/","url":"https:\/\/medicinasinc.com\/cs\/product\/buy-nm-2201\/","name":"Koupit NM-2201\u00a0\u2013 CBL-2201 \u2013 Nejlep\u0161\u00ed nejlep\u0161\u00ed glob\u00e1ln\u00ed l\u00e9ky","isPartOf":{"@id":"https:\/\/medicinasinc.com\/cs\/#website"},"primaryImageOfPage":{"@id":"https:\/\/medicinasinc.com\/cs\/product\/buy-nm-2201\/#primaryimage"},"image":{"@id":"https:\/\/medicinasinc.com\/cs\/product\/buy-nm-2201\/#primaryimage"},"thumbnailUrl":"https:\/\/medicinasinc.com\/cs\/wp-content\/uploads\/sites\/2\/2022\/02\/Buy-NM-2201.jpg","datePublished":"2022-02-22T08:19:52+00:00","dateModified":"2022-03-14T11:15:04+00:00","description":"Koupit NM-2201 na prodej Evropa, Spojen\u00e9 kr\u00e1lovstv\u00ed (tak\u00e9 zn\u00e1m\u00fd jako\u00a0CBL-2201) je syntetick\u00fd kanabinoid na b\u00e1zi indolu, kter\u00fd m\u00e1 pravd\u011bpodobn\u011b podobn\u00e9 vlastnosti jako bl\u00edzce p\u0159\u00edbuzn\u00e9 5F-PB-22 a NNE1, kter\u00e9 jsou oba \u00fapln\u00fdmi agonisty a\u00a0neselektivn\u011b se v\u00e1\u017eou na Receptory CB1\u00a0a\u00a0CB2 s\u00a0n\u00edzkou nanomol\u00e1rn\u00ed afinitou, velkoobchodn\u011b dostupn\u00e9","breadcrumb":{"@id":"https:\/\/medicinasinc.com\/cs\/product\/buy-nm-2201\/#breadcrumb"},"inLanguage":"en-US","potentialAction":[{"@type":"ReadAction","target":["https:\/\/medicinasinc.com\/cs\/product\/buy-nm-2201\/"]}]},{"@type":"ImageObject","inLanguage":"en-US","@id":"https:\/\/medicinasinc.com\/cs\/product\/buy-nm-2201\/#primaryimage","url":"https:\/\/medicinasinc.com\/cs\/wp-content\/uploads\/sites\/2\/2022\/02\/Buy-NM-2201.jpg","contentUrl":"https:\/\/medicinasinc.com\/cs\/wp-content\/uploads\/sites\/2\/2022\/02\/Buy-NM-2201.jpg","width":458,"height":458},{"@type":"BreadcrumbList","@id":"https:\/\/medicinasinc.com\/cs\/product\/buy-nm-2201\/#breadcrumb","itemListElement":[{"@type":"ListItem","position":1,"name":"Obchod","item":"https:\/\/medicinasinc.com\/cs\/obchod\/"},{"@type":"ListItem","position":2,"name":"Koupit NM-2201"}]},{"@type":"WebSite","@id":"https:\/\/medicinasinc.com\/cs\/#website","url":"https:\/\/medicinasinc.com\/cs\/","name":"Medicinas Inc","description":"Health Medical Clinic","potentialAction":[{"@type":"SearchAction","target":{"@type":"EntryPoint","urlTemplate":"https:\/\/medicinasinc.com\/cs\/?s={search_term_string}"},"query-input":{"@type":"PropertyValueSpecification","valueRequired":true,"valueName":"search_term_string"}}],"inLanguage":"en-US"}]}},"_links":{"self":[{"href":"https:\/\/medicinasinc.com\/cs\/wp-json\/wp\/v2\/product\/5917","targetHints":{"allow":["GET"]}}],"collection":[{"href":"https:\/\/medicinasinc.com\/cs\/wp-json\/wp\/v2\/product"}],"about":[{"href":"https:\/\/medicinasinc.com\/cs\/wp-json\/wp\/v2\/types\/product"}],"replies":[{"embeddable":true,"href":"https:\/\/medicinasinc.com\/cs\/wp-json\/wp\/v2\/comments?post=5917"}],"wp:featuredmedia":[{"embeddable":true,"href":"https:\/\/medicinasinc.com\/cs\/wp-json\/wp\/v2\/media\/5938"}],"wp:attachment":[{"href":"https:\/\/medicinasinc.com\/cs\/wp-json\/wp\/v2\/media?parent=5917"}],"wp:term":[{"taxonomy":"product_brand","embeddable":true,"href":"https:\/\/medicinasinc.com\/cs\/wp-json\/wp\/v2\/product_brand?post=5917"},{"taxonomy":"product_cat","embeddable":true,"href":"https:\/\/medicinasinc.com\/cs\/wp-json\/wp\/v2\/product_cat?post=5917"},{"taxonomy":"product_tag","embeddable":true,"href":"https:\/\/medicinasinc.com\/cs\/wp-json\/wp\/v2\/product_tag?post=5917"}],"curies":[{"name":"wp","href":"https:\/\/api.w.org\/{rel}","templated":true}]}}