{"id":5912,"date":"2022-02-22T08:15:30","date_gmt":"2022-02-22T08:15:30","guid":{"rendered":"https:\/\/medicinasinc.com\/cs\/?post_type=product&#038;p=5912"},"modified":"2022-03-14T11:15:13","modified_gmt":"2022-03-14T11:15:13","slug":"buy-mdmb-chmica","status":"publish","type":"product","link":"https:\/\/medicinasinc.com\/cs\/product\/buy-mdmb-chmica\/","title":{"rendered":"Koupit MDMB-CHMICA"},"content":{"rendered":"<p>MDMB-CHMICA (nebo MMB-CHMINACA) je syntetick\u00e9 konop\u00ed na b\u00e1zi indolu, kter\u00e9 bylo nab\u00edzeno online jako designov\u00e1 droga. Zat\u00edmco MDMB-CHMICA byl p\u016fvodn\u011b prod\u00e1v\u00e1n jako &#8220;MMB-CHMINACA&#8221;, isopropylov\u00fd analog MDMB-CHMINACA (AMB-CHMINACA) byl objeven na trhu s designov\u00fdmi drogami v roce 2015.<\/p>\n<p>MMB-CHMINACA<\/p>\n<p>MDMB-CHMINACA<\/p>\n<p>MMB-CHMINACA (MDMB-CHMINACA) je syntetick\u00e9 konop\u00ed na b\u00e1zi indolu, kter\u00e9 bylo nab\u00edzeno online jako designov\u00e1 droga.<\/p>\n<p>MMB-CHMINACA<\/p>\n<p> p&gt; <\/p>\n<p>MDMB-CHMINACA<\/p>\n<p>N\u00e1zev IUPAC: (2S)<\/p>\n<p>2,3-dimethylbutano\u00e1t<br \/> CAS: N\/A<br \/> N\/A ChemSpider <br \/> C23H32N2O3<br \/> 384,5 g\/mol MMB<br \/> MDMB-CHMINACA<\/p>\n<p>(2S)-methyl<\/p>\n<p>1H-indol-3-ylkarbonylamino-2 ,3-dimethylbutano\u00e1t<\/p>\n<p>MMB-CHMINACA (MDMB-CHMINACA) je kanabinoid na b\u00e1zi indolu s dimethylbutano\u00e1tovou skupinou. Zd\u00e1 se, \u017ee tato chemick\u00e1 l\u00e1tka m\u00e1 vy\u0161\u0161\u00ed vazebnou afinitu in vitro ne\u017e mnoho sou\u010dasn\u00fdch kanabinoid\u016f a v\u00fdzkumn\u00edci by to m\u011bli m\u00edt na pam\u011bti p\u0159i navrhov\u00e1n\u00ed studi\u00ed a nasazov\u00e1n\u00ed materi\u00e1lu na bun\u011b\u010dn\u00e9 substr\u00e1ty.<\/p>\n<p>Syntetick\u00e9 kanabinoidy jsou velkou sb\u00edrkou slou\u010denin, kter\u00e9 se neust\u00e1le vyskytuj\u00ed vyv\u00edjej\u00edc\u00ed se a p\u0159edstavovan\u00e9 ve\u0159ejnosti. P\u0159edstaven\u00ed MMB-CHMINACA v\u0161ak vyvolalo pozoruhodn\u00fd z\u00e1jem d\u00edky sv\u00fdm jedine\u010dn\u00fdm vlastnostem. Jeho p\u0159edpokl\u00e1dan\u00fd vliv na receptory CB1 a CB2 je na jednotku podstatn\u011b v\u011bt\u0161\u00ed ne\u017e u AB-CHMINACA, co\u017e vy\u017eaduje men\u0161\u00ed mno\u017estv\u00ed aktivn\u00edho materi\u00e1lu k dosa\u017een\u00ed c\u00edle experimentu.<\/p>\n<p>MMB-CHMINACA je b\u00edl\u00fd pr\u00e1\u0161ek, kter\u00fd lze bezpe\u010dn\u011b skladovat a manipulov\u00e1no v laborato\u0159i. Tento syntetick\u00fd kanabinoid m\u00e1 komplikovan\u00fd chemick\u00fd vzorec (2S)-methyl-2-(1-(cyklohexylmethyl)-1H-indol-3-ylkarbonylamino)-3,3-dimethylbutano\u00e1t. Jej\u00ed molekulov\u00e1 hmotnost je 384,5 g\/mol a jej\u00ed vzorec je C23H32N2O3.<\/p>\n<p>MMB-CHMINACA je nov\u00e1 chemik\u00e1lie, se kterou by se m\u011blo zach\u00e1zet s maxim\u00e1ln\u00ed pozornost\u00ed a m\u011bla by b\u00fdt m\u011b\u0159ena p\u0159esn\u011b kv\u016fli jej\u00ed v\u00fdjime\u010dn\u00e9 \u010distot\u011b. Vyz\u00fdv\u00e1me v\u0161echny, aby si p\u0159ed n\u00e1kupem syntetick\u00e9ho konop\u00ed a dal\u0161\u00edch l\u00e1tek z na\u0161eho online obchodu prov\u011b\u0159ili stav m\u00edstn\u00edch omezen\u00ed.<\/p>\n","protected":false},"excerpt":{"rendered":"<p>Koupit MDMB-CHMICA, MMB2101\u00a0na prodej Evropa, Spojen\u00e9 kr\u00e1lovstv\u00ed (tak\u00e9 nespr\u00e1vn\u011b zn\u00e1m\u00fd jako MMB-CHMINACA) je syntetick\u00fd kanabinoid na b\u00e1zi indolu, kter\u00fd je siln\u00fdm agonistou receptoru CB1 a byl prod\u00e1v\u00e1n online jako designov\u00e1 droga, velkoobchod Objedn\u00e1vka k dispozici<\/p>\n","protected":false},"featured_media":5937,"comment_status":"open","ping_status":"closed","template":"","meta":[],"product_brand":[],"product_cat":[2596],"product_tag":[4083,4084,4089,4085,4086,4088,4087],"class_list":{"0":"post-5912","1":"product","2":"type-product","3":"status-publish","4":"has-post-thumbnail","6":"product_cat-kanabinoidy-na-prodej","7":"product_tag-buy-mmb-chminaca-online","8":"product_tag-jak-nakoupit-mmb-chminaca-online","9":"product_tag-kde-koupit-mmb-chminaca-online","10":"product_tag-mmb-chminaca","11":"product_tag-mmb-chminaca-na-prodej","12":"product_tag-nejlep-msto-k-koupit-mmb-chminaca-online","13":"product_tag-objednat-mmb-chminaca-online","15":"first","16":"instock","17":"shipping-taxable","18":"purchasable","19":"product-type-variable"},"yoast_head":"<!-- This site is optimized with the Yoast SEO plugin v27.3 - https:\/\/yoast.com\/product\/yoast-seo-wordpress\/ -->\n<title>Koupit MMB-Chminaca - MMB-CHMINACA - Best Global Meds<\/title>\n<meta name=\"description\" content=\"Koupit MDMB-CHMICA, MMB2101\u00a0na prodej Evropa, Spojen\u00e9 kr\u00e1lovstv\u00ed (tak\u00e9 nespr\u00e1vn\u011b zn\u00e1m\u00fd jako MMB-CHMINACA) je syntetick\u00fd kanabinoid na b\u00e1zi indolu, kter\u00fd je siln\u00fdm agonistou receptoru CB1 a byl prod\u00e1v\u00e1n online jako designov\u00fd l\u00e9k, k dispozici je velkoobchodn\u00ed objedn\u00e1vka\" \/>\n<meta name=\"robots\" content=\"index, follow, max-snippet:-1, max-image-preview:large, max-video-preview:-1\" \/>\n<link rel=\"canonical\" href=\"https:\/\/medicinasinc.com\/cs\/product\/buy-mdmb-chmica\/\" \/>\n<meta property=\"og:locale\" content=\"en_US\" \/>\n<meta property=\"og:type\" content=\"article\" \/>\n<meta property=\"og:title\" content=\"Koupit MMB-Chminaca - MMB-CHMINACA - Best Global Meds\" \/>\n<meta property=\"og:description\" content=\"Koupit MDMB-CHMICA, MMB2101\u00a0na prodej Evropa, Spojen\u00e9 kr\u00e1lovstv\u00ed (tak\u00e9 nespr\u00e1vn\u011b zn\u00e1m\u00fd jako MMB-CHMINACA) je syntetick\u00fd kanabinoid na b\u00e1zi indolu, kter\u00fd je siln\u00fdm agonistou receptoru CB1 a byl prod\u00e1v\u00e1n online jako designov\u00fd l\u00e9k, k dispozici je velkoobchodn\u00ed objedn\u00e1vka\" \/>\n<meta property=\"og:url\" content=\"https:\/\/medicinasinc.com\/cs\/product\/buy-mdmb-chmica\/\" \/>\n<meta property=\"og:site_name\" content=\"Medicinas Inc\" \/>\n<meta property=\"article:modified_time\" content=\"2022-03-14T11:15:13+00:00\" \/>\n<meta property=\"og:image\" content=\"https:\/\/medicinasinc.com\/cs\/wp-content\/uploads\/sites\/2\/2022\/02\/Buy-MDMB-CHMICA.jpg\" \/>\n\t<meta property=\"og:image:width\" content=\"459\" \/>\n\t<meta property=\"og:image:height\" content=\"443\" \/>\n\t<meta property=\"og:image:type\" content=\"image\/jpeg\" \/>\n<meta name=\"twitter:card\" content=\"summary_large_image\" \/>\n<meta name=\"twitter:label1\" content=\"Est. reading time\" \/>\n\t<meta name=\"twitter:data1\" content=\"2 minutes\" \/>\n<script type=\"application\/ld+json\" class=\"yoast-schema-graph\">{\"@context\":\"https:\\\/\\\/schema.org\",\"@graph\":[{\"@type\":\"WebPage\",\"@id\":\"https:\\\/\\\/medicinasinc.com\\\/cs\\\/product\\\/buy-mdmb-chmica\\\/\",\"url\":\"https:\\\/\\\/medicinasinc.com\\\/cs\\\/product\\\/buy-mdmb-chmica\\\/\",\"name\":\"Koupit MMB-Chminaca - MMB-CHMINACA - Best Global Meds\",\"isPartOf\":{\"@id\":\"https:\\\/\\\/medicinasinc.com\\\/cs\\\/#website\"},\"primaryImageOfPage\":{\"@id\":\"https:\\\/\\\/medicinasinc.com\\\/cs\\\/product\\\/buy-mdmb-chmica\\\/#primaryimage\"},\"image\":{\"@id\":\"https:\\\/\\\/medicinasinc.com\\\/cs\\\/product\\\/buy-mdmb-chmica\\\/#primaryimage\"},\"thumbnailUrl\":\"https:\\\/\\\/medicinasinc.com\\\/cs\\\/wp-content\\\/uploads\\\/sites\\\/2\\\/2022\\\/02\\\/Buy-MDMB-CHMICA.jpg\",\"datePublished\":\"2022-02-22T08:15:30+00:00\",\"dateModified\":\"2022-03-14T11:15:13+00:00\",\"description\":\"Koupit MDMB-CHMICA, MMB2101\u00a0na prodej Evropa, Spojen\u00e9 kr\u00e1lovstv\u00ed (tak\u00e9 nespr\u00e1vn\u011b zn\u00e1m\u00fd jako MMB-CHMINACA) je syntetick\u00fd kanabinoid na b\u00e1zi indolu, kter\u00fd je siln\u00fdm agonistou receptoru CB1 a byl prod\u00e1v\u00e1n online jako designov\u00fd l\u00e9k, k dispozici je velkoobchodn\u00ed objedn\u00e1vka\",\"breadcrumb\":{\"@id\":\"https:\\\/\\\/medicinasinc.com\\\/cs\\\/product\\\/buy-mdmb-chmica\\\/#breadcrumb\"},\"inLanguage\":\"en-US\",\"potentialAction\":[{\"@type\":\"ReadAction\",\"target\":[\"https:\\\/\\\/medicinasinc.com\\\/cs\\\/product\\\/buy-mdmb-chmica\\\/\"]}]},{\"@type\":\"ImageObject\",\"inLanguage\":\"en-US\",\"@id\":\"https:\\\/\\\/medicinasinc.com\\\/cs\\\/product\\\/buy-mdmb-chmica\\\/#primaryimage\",\"url\":\"https:\\\/\\\/medicinasinc.com\\\/cs\\\/wp-content\\\/uploads\\\/sites\\\/2\\\/2022\\\/02\\\/Buy-MDMB-CHMICA.jpg\",\"contentUrl\":\"https:\\\/\\\/medicinasinc.com\\\/cs\\\/wp-content\\\/uploads\\\/sites\\\/2\\\/2022\\\/02\\\/Buy-MDMB-CHMICA.jpg\",\"width\":459,\"height\":443},{\"@type\":\"BreadcrumbList\",\"@id\":\"https:\\\/\\\/medicinasinc.com\\\/cs\\\/product\\\/buy-mdmb-chmica\\\/#breadcrumb\",\"itemListElement\":[{\"@type\":\"ListItem\",\"position\":1,\"name\":\"Obchod\",\"item\":\"https:\\\/\\\/medicinasinc.com\\\/cs\\\/obchod\\\/\"},{\"@type\":\"ListItem\",\"position\":2,\"name\":\"Koupit MDMB-CHMICA\"}]},{\"@type\":\"WebSite\",\"@id\":\"https:\\\/\\\/medicinasinc.com\\\/cs\\\/#website\",\"url\":\"https:\\\/\\\/medicinasinc.com\\\/cs\\\/\",\"name\":\"Medicinas Inc\",\"description\":\"Health Medical Clinic\",\"potentialAction\":[{\"@type\":\"SearchAction\",\"target\":{\"@type\":\"EntryPoint\",\"urlTemplate\":\"https:\\\/\\\/medicinasinc.com\\\/cs\\\/?s={search_term_string}\"},\"query-input\":{\"@type\":\"PropertyValueSpecification\",\"valueRequired\":true,\"valueName\":\"search_term_string\"}}],\"inLanguage\":\"en-US\"}]}<\/script>\n<!-- \/ Yoast SEO plugin. -->","yoast_head_json":{"title":"Koupit MMB-Chminaca - MMB-CHMINACA - Best Global Meds","description":"Koupit MDMB-CHMICA, MMB2101\u00a0na prodej Evropa, Spojen\u00e9 kr\u00e1lovstv\u00ed (tak\u00e9 nespr\u00e1vn\u011b zn\u00e1m\u00fd jako MMB-CHMINACA) je syntetick\u00fd kanabinoid na b\u00e1zi indolu, kter\u00fd je siln\u00fdm agonistou receptoru CB1 a byl prod\u00e1v\u00e1n online jako designov\u00fd l\u00e9k, k dispozici je velkoobchodn\u00ed objedn\u00e1vka","robots":{"index":"index","follow":"follow","max-snippet":"max-snippet:-1","max-image-preview":"max-image-preview:large","max-video-preview":"max-video-preview:-1"},"canonical":"https:\/\/medicinasinc.com\/cs\/product\/buy-mdmb-chmica\/","og_locale":"en_US","og_type":"article","og_title":"Koupit MMB-Chminaca - MMB-CHMINACA - Best Global Meds","og_description":"Koupit MDMB-CHMICA, MMB2101\u00a0na prodej Evropa, Spojen\u00e9 kr\u00e1lovstv\u00ed (tak\u00e9 nespr\u00e1vn\u011b zn\u00e1m\u00fd jako MMB-CHMINACA) je syntetick\u00fd kanabinoid na b\u00e1zi indolu, kter\u00fd je siln\u00fdm agonistou receptoru CB1 a byl prod\u00e1v\u00e1n online jako designov\u00fd l\u00e9k, k dispozici je velkoobchodn\u00ed objedn\u00e1vka","og_url":"https:\/\/medicinasinc.com\/cs\/product\/buy-mdmb-chmica\/","og_site_name":"Medicinas Inc","article_modified_time":"2022-03-14T11:15:13+00:00","og_image":[{"width":459,"height":443,"url":"https:\/\/medicinasinc.com\/cs\/wp-content\/uploads\/sites\/2\/2022\/02\/Buy-MDMB-CHMICA.jpg","type":"image\/jpeg"}],"twitter_card":"summary_large_image","twitter_misc":{"Est. reading time":"2 minutes"},"schema":{"@context":"https:\/\/schema.org","@graph":[{"@type":"WebPage","@id":"https:\/\/medicinasinc.com\/cs\/product\/buy-mdmb-chmica\/","url":"https:\/\/medicinasinc.com\/cs\/product\/buy-mdmb-chmica\/","name":"Koupit MMB-Chminaca - MMB-CHMINACA - Best Global Meds","isPartOf":{"@id":"https:\/\/medicinasinc.com\/cs\/#website"},"primaryImageOfPage":{"@id":"https:\/\/medicinasinc.com\/cs\/product\/buy-mdmb-chmica\/#primaryimage"},"image":{"@id":"https:\/\/medicinasinc.com\/cs\/product\/buy-mdmb-chmica\/#primaryimage"},"thumbnailUrl":"https:\/\/medicinasinc.com\/cs\/wp-content\/uploads\/sites\/2\/2022\/02\/Buy-MDMB-CHMICA.jpg","datePublished":"2022-02-22T08:15:30+00:00","dateModified":"2022-03-14T11:15:13+00:00","description":"Koupit MDMB-CHMICA, MMB2101\u00a0na prodej Evropa, Spojen\u00e9 kr\u00e1lovstv\u00ed (tak\u00e9 nespr\u00e1vn\u011b zn\u00e1m\u00fd jako MMB-CHMINACA) je syntetick\u00fd kanabinoid na b\u00e1zi indolu, kter\u00fd je siln\u00fdm agonistou receptoru CB1 a byl prod\u00e1v\u00e1n online jako designov\u00fd l\u00e9k, k dispozici je velkoobchodn\u00ed objedn\u00e1vka","breadcrumb":{"@id":"https:\/\/medicinasinc.com\/cs\/product\/buy-mdmb-chmica\/#breadcrumb"},"inLanguage":"en-US","potentialAction":[{"@type":"ReadAction","target":["https:\/\/medicinasinc.com\/cs\/product\/buy-mdmb-chmica\/"]}]},{"@type":"ImageObject","inLanguage":"en-US","@id":"https:\/\/medicinasinc.com\/cs\/product\/buy-mdmb-chmica\/#primaryimage","url":"https:\/\/medicinasinc.com\/cs\/wp-content\/uploads\/sites\/2\/2022\/02\/Buy-MDMB-CHMICA.jpg","contentUrl":"https:\/\/medicinasinc.com\/cs\/wp-content\/uploads\/sites\/2\/2022\/02\/Buy-MDMB-CHMICA.jpg","width":459,"height":443},{"@type":"BreadcrumbList","@id":"https:\/\/medicinasinc.com\/cs\/product\/buy-mdmb-chmica\/#breadcrumb","itemListElement":[{"@type":"ListItem","position":1,"name":"Obchod","item":"https:\/\/medicinasinc.com\/cs\/obchod\/"},{"@type":"ListItem","position":2,"name":"Koupit MDMB-CHMICA"}]},{"@type":"WebSite","@id":"https:\/\/medicinasinc.com\/cs\/#website","url":"https:\/\/medicinasinc.com\/cs\/","name":"Medicinas Inc","description":"Health Medical Clinic","potentialAction":[{"@type":"SearchAction","target":{"@type":"EntryPoint","urlTemplate":"https:\/\/medicinasinc.com\/cs\/?s={search_term_string}"},"query-input":{"@type":"PropertyValueSpecification","valueRequired":true,"valueName":"search_term_string"}}],"inLanguage":"en-US"}]}},"_links":{"self":[{"href":"https:\/\/medicinasinc.com\/cs\/wp-json\/wp\/v2\/product\/5912","targetHints":{"allow":["GET"]}}],"collection":[{"href":"https:\/\/medicinasinc.com\/cs\/wp-json\/wp\/v2\/product"}],"about":[{"href":"https:\/\/medicinasinc.com\/cs\/wp-json\/wp\/v2\/types\/product"}],"replies":[{"embeddable":true,"href":"https:\/\/medicinasinc.com\/cs\/wp-json\/wp\/v2\/comments?post=5912"}],"wp:featuredmedia":[{"embeddable":true,"href":"https:\/\/medicinasinc.com\/cs\/wp-json\/wp\/v2\/media\/5937"}],"wp:attachment":[{"href":"https:\/\/medicinasinc.com\/cs\/wp-json\/wp\/v2\/media?parent=5912"}],"wp:term":[{"taxonomy":"product_brand","embeddable":true,"href":"https:\/\/medicinasinc.com\/cs\/wp-json\/wp\/v2\/product_brand?post=5912"},{"taxonomy":"product_cat","embeddable":true,"href":"https:\/\/medicinasinc.com\/cs\/wp-json\/wp\/v2\/product_cat?post=5912"},{"taxonomy":"product_tag","embeddable":true,"href":"https:\/\/medicinasinc.com\/cs\/wp-json\/wp\/v2\/product_tag?post=5912"}],"curies":[{"name":"wp","href":"https:\/\/api.w.org\/{rel}","templated":true}]}}