{"id":5906,"date":"2022-02-22T08:12:00","date_gmt":"2022-02-22T08:12:00","guid":{"rendered":"https:\/\/medicinasinc.com\/cs\/?post_type=product&#038;p=5906"},"modified":"2022-03-14T11:19:13","modified_gmt":"2022-03-14T11:19:13","slug":"buy-with-fubinaca","status":"publish","type":"product","link":"https:\/\/medicinasinc.com\/cs\/product\/buy-with-fubinaca\/","title":{"rendered":"Koupit AMB-FUBINACA"},"content":{"rendered":"<p>Syntetick\u00fd kanabinoid AMB-FUBINACA na b\u00e1zi indazolu, tak\u00e9 zn\u00e1m\u00fd jako FUB-AMB a MMB-FUBINACA, je siln\u00fd agonista kanabinoid\u016f. M\u00e1 hodnoty Ki 10,04 nM na CB1 a 0,786 nM na CB2 a hodnoty EC50 0,5433 nM na CB1 a 0,1278 nM na CB2. Byl prod\u00e1v\u00e1n online jako designov\u00e1 droga. Poprv\u00e9 ji vyrobila spole\u010dnost Pfizer, kter\u00e1 si na slou\u010deninu podala patent v roce 2009. Slou\u010denina nebyla nikdy testov\u00e1na na lidech. V roce 2017 a v prvn\u00ed polovin\u011b roku 2018 do\u0161lo ze strany DEA k mnoha z\u00e1chyt\u016fm drog. Nejb\u011b\u017en\u011bj\u0161\u00edm syntetick\u00fdm kanabinoidem byl AMB-FUBINACA.<\/p>\n<p>Jedn\u00e1 se o syntetick\u00fd kanabinoid na b\u00e1zi indazolu s n\u00e1zvem AMB-FUBINACA, a je to siln\u00fd agonista pro kanabinoidn\u00ed receptory. M\u00e1 hodnoty Ki 10,04 nM na CB1 a 0,786 nM na CB2 a hodnoty EC50 0,5433 nM na CB1 a 0,1278 nM na CB2. Byl prod\u00e1v\u00e1n online jako designov\u00e1 droga.<\/p>\n","protected":false},"excerpt":{"rendered":"<p><b>Kupte si AMB-FUBINACA<\/b> kv\u016fli Spojen\u00e9mu kr\u00e1lovstv\u00ed, Evrop\u011b (tak\u00e9 zn\u00e1m\u00e9 jako <b>FUB-AMB<\/b>\u00a0a\u00a0<b>MMB-FUBINACA<\/b>) je zalo\u017eeno na indazolu <a class=\"mw-redirect\" title=\"Syntetick\u00fd kanabinoid\" href=\"https:\/\/en.wikipedia.org\/wiki\/Synthetic_cannabinoid\">syntetick\u00fd kanabinoid<\/a>\u00a0kter\u00fd je \u00fa\u010dinn\u00fd\u00a0<a title=\"Agonista\" href=\"https:\/\/en.wikipedia.org\/wiki\/Agonist\">agonista<\/a>\u00a0pro\u00a0kanabinoidn\u00ed receptory s\u00a0<i>K<\/i><sub>i<\/sub>\u00a0hodnotami 10,04\u00a0nM p\u0159i CB<sub>1<\/sub>\u00a0a 0,786\u00a0nM na\u00a0CB<sub>2<\/sub>\u00a0a\u00a0EC<sub>50<\/sub>\u00a0hodnoty 0,5433\u00a0nM na CB<sub>1<\/sub>\u00a0a 0,1278\u00a0nM na CB<sub>2<\/sub>, <sup id=\"cite_ref-1\" class=\"reference\"><\/sup>a byl prod\u00e1v\u00e1n online jako designov\u00fd l\u00e9k<\/p>\n","protected":false},"featured_media":5936,"comment_status":"open","ping_status":"closed","template":"","meta":[],"product_brand":[],"product_cat":[2596],"product_tag":[4077,4078,4079,4082,4081,4080],"class_list":{"0":"post-5906","1":"product","2":"type-product","3":"status-publish","4":"has-post-thumbnail","6":"product_cat-kanabinoidy-na-prodej","7":"product_tag-buy-fub-amb-online","8":"product_tag-fub-s-na-prodej","9":"product_tag-jak-nakoupit-fub-amb-online","10":"product_tag-kde-koupit-fub-amb-online","11":"product_tag-nkup-fub-s-online","12":"product_tag-objednvka-fub-s-online","14":"first","15":"instock","16":"shipping-taxable","17":"purchasable","18":"product-type-variable"},"yoast_head":"<!-- This site is optimized with the Yoast SEO plugin v27.3 - https:\/\/yoast.com\/product\/yoast-seo-wordpress\/ -->\n<title>Koupit AMB-FUBINACA - FUB-AMB - MMB-FUBINACA - Nejlep\u0161\u00ed glob\u00e1ln\u00ed l\u00e9ky<\/title>\n<meta name=\"description\" content=\"Kupte si AMB-FUBINACA kv\u016fli Spojen\u00e9mu kr\u00e1lovstv\u00ed, Evrop\u011b (tak\u00e9 zn\u00e1m\u00fd jako FUB-AMB a\u00a0MMB-FUBINACA) je syntetick\u00fd kanabinoid na b\u00e1zi indazolu, kter\u00fd je siln\u00fdm agonistou kanabinoidn\u00edch receptor\u016f s\u00a0hodnotami Ki 10,04\u00a0nM p\u0159i 0,M76\u00a0a\u00a0CB1 Hodnoty CB2\u00a0a\u00a0EC50 0,5433\u00a0nM u\u00a0CB1\u00a0a\u00a00,1278\u00a0nM u\u00a0CB2 a\u00a0bylo prod\u00e1v\u00e1no online jako designov\u00fd l\u00e9k\" \/>\n<meta name=\"robots\" content=\"index, follow, max-snippet:-1, max-image-preview:large, max-video-preview:-1\" \/>\n<link rel=\"canonical\" href=\"https:\/\/medicinasinc.com\/cs\/product\/buy-with-fubinaca\/\" \/>\n<meta property=\"og:locale\" content=\"en_US\" \/>\n<meta property=\"og:type\" content=\"article\" \/>\n<meta property=\"og:title\" content=\"Koupit AMB-FUBINACA - FUB-AMB - MMB-FUBINACA - Nejlep\u0161\u00ed glob\u00e1ln\u00ed l\u00e9ky\" \/>\n<meta property=\"og:description\" content=\"Kupte si AMB-FUBINACA kv\u016fli Spojen\u00e9mu kr\u00e1lovstv\u00ed, Evrop\u011b (tak\u00e9 zn\u00e1m\u00fd jako FUB-AMB a\u00a0MMB-FUBINACA) je syntetick\u00fd kanabinoid na b\u00e1zi indazolu, kter\u00fd je siln\u00fdm agonistou kanabinoidn\u00edch receptor\u016f s\u00a0hodnotami Ki 10,04\u00a0nM p\u0159i 0,M76\u00a0a\u00a0CB1 Hodnoty CB2\u00a0a\u00a0EC50 0,5433\u00a0nM u\u00a0CB1\u00a0a\u00a00,1278\u00a0nM u\u00a0CB2 a\u00a0bylo prod\u00e1v\u00e1no online jako designov\u00fd l\u00e9k\" \/>\n<meta property=\"og:url\" content=\"https:\/\/medicinasinc.com\/cs\/product\/buy-with-fubinaca\/\" \/>\n<meta property=\"og:site_name\" content=\"Medicinas Inc\" \/>\n<meta property=\"article:modified_time\" content=\"2022-03-14T11:19:13+00:00\" \/>\n<meta property=\"og:image\" content=\"https:\/\/medicinasinc.com\/cs\/wp-content\/uploads\/sites\/2\/2022\/02\/Buy-AMB-FUBINACA.jpg\" \/>\n\t<meta property=\"og:image:width\" content=\"400\" \/>\n\t<meta property=\"og:image:height\" content=\"400\" \/>\n\t<meta property=\"og:image:type\" content=\"image\/jpeg\" \/>\n<meta name=\"twitter:card\" content=\"summary_large_image\" \/>\n<meta name=\"twitter:label1\" content=\"Est. reading time\" \/>\n\t<meta name=\"twitter:data1\" content=\"1 minute\" \/>\n<script type=\"application\/ld+json\" class=\"yoast-schema-graph\">{\"@context\":\"https:\\\/\\\/schema.org\",\"@graph\":[{\"@type\":\"WebPage\",\"@id\":\"https:\\\/\\\/medicinasinc.com\\\/cs\\\/product\\\/buy-with-fubinaca\\\/\",\"url\":\"https:\\\/\\\/medicinasinc.com\\\/cs\\\/product\\\/buy-with-fubinaca\\\/\",\"name\":\"Koupit AMB-FUBINACA - FUB-AMB - MMB-FUBINACA - Nejlep\u0161\u00ed glob\u00e1ln\u00ed l\u00e9ky\",\"isPartOf\":{\"@id\":\"https:\\\/\\\/medicinasinc.com\\\/cs\\\/#website\"},\"primaryImageOfPage\":{\"@id\":\"https:\\\/\\\/medicinasinc.com\\\/cs\\\/product\\\/buy-with-fubinaca\\\/#primaryimage\"},\"image\":{\"@id\":\"https:\\\/\\\/medicinasinc.com\\\/cs\\\/product\\\/buy-with-fubinaca\\\/#primaryimage\"},\"thumbnailUrl\":\"https:\\\/\\\/medicinasinc.com\\\/cs\\\/wp-content\\\/uploads\\\/sites\\\/2\\\/2022\\\/02\\\/Buy-AMB-FUBINACA.jpg\",\"datePublished\":\"2022-02-22T08:12:00+00:00\",\"dateModified\":\"2022-03-14T11:19:13+00:00\",\"description\":\"Kupte si AMB-FUBINACA kv\u016fli Spojen\u00e9mu kr\u00e1lovstv\u00ed, Evrop\u011b (tak\u00e9 zn\u00e1m\u00fd jako FUB-AMB a\u00a0MMB-FUBINACA) je syntetick\u00fd kanabinoid na b\u00e1zi indazolu, kter\u00fd je siln\u00fdm agonistou kanabinoidn\u00edch receptor\u016f s\u00a0hodnotami Ki 10,04\u00a0nM p\u0159i 0,M76\u00a0a\u00a0CB1 Hodnoty CB2\u00a0a\u00a0EC50 0,5433\u00a0nM u\u00a0CB1\u00a0a\u00a00,1278\u00a0nM u\u00a0CB2 a\u00a0bylo prod\u00e1v\u00e1no online jako designov\u00fd l\u00e9k\",\"breadcrumb\":{\"@id\":\"https:\\\/\\\/medicinasinc.com\\\/cs\\\/product\\\/buy-with-fubinaca\\\/#breadcrumb\"},\"inLanguage\":\"en-US\",\"potentialAction\":[{\"@type\":\"ReadAction\",\"target\":[\"https:\\\/\\\/medicinasinc.com\\\/cs\\\/product\\\/buy-with-fubinaca\\\/\"]}]},{\"@type\":\"ImageObject\",\"inLanguage\":\"en-US\",\"@id\":\"https:\\\/\\\/medicinasinc.com\\\/cs\\\/product\\\/buy-with-fubinaca\\\/#primaryimage\",\"url\":\"https:\\\/\\\/medicinasinc.com\\\/cs\\\/wp-content\\\/uploads\\\/sites\\\/2\\\/2022\\\/02\\\/Buy-AMB-FUBINACA.jpg\",\"contentUrl\":\"https:\\\/\\\/medicinasinc.com\\\/cs\\\/wp-content\\\/uploads\\\/sites\\\/2\\\/2022\\\/02\\\/Buy-AMB-FUBINACA.jpg\",\"width\":400,\"height\":400},{\"@type\":\"BreadcrumbList\",\"@id\":\"https:\\\/\\\/medicinasinc.com\\\/cs\\\/product\\\/buy-with-fubinaca\\\/#breadcrumb\",\"itemListElement\":[{\"@type\":\"ListItem\",\"position\":1,\"name\":\"Obchod\",\"item\":\"https:\\\/\\\/medicinasinc.com\\\/cs\\\/obchod\\\/\"},{\"@type\":\"ListItem\",\"position\":2,\"name\":\"Koupit AMB-FUBINACA\"}]},{\"@type\":\"WebSite\",\"@id\":\"https:\\\/\\\/medicinasinc.com\\\/cs\\\/#website\",\"url\":\"https:\\\/\\\/medicinasinc.com\\\/cs\\\/\",\"name\":\"Medicinas Inc\",\"description\":\"Health Medical Clinic\",\"potentialAction\":[{\"@type\":\"SearchAction\",\"target\":{\"@type\":\"EntryPoint\",\"urlTemplate\":\"https:\\\/\\\/medicinasinc.com\\\/cs\\\/?s={search_term_string}\"},\"query-input\":{\"@type\":\"PropertyValueSpecification\",\"valueRequired\":true,\"valueName\":\"search_term_string\"}}],\"inLanguage\":\"en-US\"}]}<\/script>\n<!-- \/ Yoast SEO plugin. -->","yoast_head_json":{"title":"Koupit AMB-FUBINACA - FUB-AMB - MMB-FUBINACA - Nejlep\u0161\u00ed glob\u00e1ln\u00ed l\u00e9ky","description":"Kupte si AMB-FUBINACA kv\u016fli Spojen\u00e9mu kr\u00e1lovstv\u00ed, Evrop\u011b (tak\u00e9 zn\u00e1m\u00fd jako FUB-AMB a\u00a0MMB-FUBINACA) je syntetick\u00fd kanabinoid na b\u00e1zi indazolu, kter\u00fd je siln\u00fdm agonistou kanabinoidn\u00edch receptor\u016f s\u00a0hodnotami Ki 10,04\u00a0nM p\u0159i 0,M76\u00a0a\u00a0CB1 Hodnoty CB2\u00a0a\u00a0EC50 0,5433\u00a0nM u\u00a0CB1\u00a0a\u00a00,1278\u00a0nM u\u00a0CB2 a\u00a0bylo prod\u00e1v\u00e1no online jako designov\u00fd l\u00e9k","robots":{"index":"index","follow":"follow","max-snippet":"max-snippet:-1","max-image-preview":"max-image-preview:large","max-video-preview":"max-video-preview:-1"},"canonical":"https:\/\/medicinasinc.com\/cs\/product\/buy-with-fubinaca\/","og_locale":"en_US","og_type":"article","og_title":"Koupit AMB-FUBINACA - FUB-AMB - MMB-FUBINACA - Nejlep\u0161\u00ed glob\u00e1ln\u00ed l\u00e9ky","og_description":"Kupte si AMB-FUBINACA kv\u016fli Spojen\u00e9mu kr\u00e1lovstv\u00ed, Evrop\u011b (tak\u00e9 zn\u00e1m\u00fd jako FUB-AMB a\u00a0MMB-FUBINACA) je syntetick\u00fd kanabinoid na b\u00e1zi indazolu, kter\u00fd je siln\u00fdm agonistou kanabinoidn\u00edch receptor\u016f s\u00a0hodnotami Ki 10,04\u00a0nM p\u0159i 0,M76\u00a0a\u00a0CB1 Hodnoty CB2\u00a0a\u00a0EC50 0,5433\u00a0nM u\u00a0CB1\u00a0a\u00a00,1278\u00a0nM u\u00a0CB2 a\u00a0bylo prod\u00e1v\u00e1no online jako designov\u00fd l\u00e9k","og_url":"https:\/\/medicinasinc.com\/cs\/product\/buy-with-fubinaca\/","og_site_name":"Medicinas Inc","article_modified_time":"2022-03-14T11:19:13+00:00","og_image":[{"width":400,"height":400,"url":"https:\/\/medicinasinc.com\/cs\/wp-content\/uploads\/sites\/2\/2022\/02\/Buy-AMB-FUBINACA.jpg","type":"image\/jpeg"}],"twitter_card":"summary_large_image","twitter_misc":{"Est. reading time":"1 minute"},"schema":{"@context":"https:\/\/schema.org","@graph":[{"@type":"WebPage","@id":"https:\/\/medicinasinc.com\/cs\/product\/buy-with-fubinaca\/","url":"https:\/\/medicinasinc.com\/cs\/product\/buy-with-fubinaca\/","name":"Koupit AMB-FUBINACA - FUB-AMB - MMB-FUBINACA - Nejlep\u0161\u00ed glob\u00e1ln\u00ed l\u00e9ky","isPartOf":{"@id":"https:\/\/medicinasinc.com\/cs\/#website"},"primaryImageOfPage":{"@id":"https:\/\/medicinasinc.com\/cs\/product\/buy-with-fubinaca\/#primaryimage"},"image":{"@id":"https:\/\/medicinasinc.com\/cs\/product\/buy-with-fubinaca\/#primaryimage"},"thumbnailUrl":"https:\/\/medicinasinc.com\/cs\/wp-content\/uploads\/sites\/2\/2022\/02\/Buy-AMB-FUBINACA.jpg","datePublished":"2022-02-22T08:12:00+00:00","dateModified":"2022-03-14T11:19:13+00:00","description":"Kupte si AMB-FUBINACA kv\u016fli Spojen\u00e9mu kr\u00e1lovstv\u00ed, Evrop\u011b (tak\u00e9 zn\u00e1m\u00fd jako FUB-AMB a\u00a0MMB-FUBINACA) je syntetick\u00fd kanabinoid na b\u00e1zi indazolu, kter\u00fd je siln\u00fdm agonistou kanabinoidn\u00edch receptor\u016f s\u00a0hodnotami Ki 10,04\u00a0nM p\u0159i 0,M76\u00a0a\u00a0CB1 Hodnoty CB2\u00a0a\u00a0EC50 0,5433\u00a0nM u\u00a0CB1\u00a0a\u00a00,1278\u00a0nM u\u00a0CB2 a\u00a0bylo prod\u00e1v\u00e1no online jako designov\u00fd l\u00e9k","breadcrumb":{"@id":"https:\/\/medicinasinc.com\/cs\/product\/buy-with-fubinaca\/#breadcrumb"},"inLanguage":"en-US","potentialAction":[{"@type":"ReadAction","target":["https:\/\/medicinasinc.com\/cs\/product\/buy-with-fubinaca\/"]}]},{"@type":"ImageObject","inLanguage":"en-US","@id":"https:\/\/medicinasinc.com\/cs\/product\/buy-with-fubinaca\/#primaryimage","url":"https:\/\/medicinasinc.com\/cs\/wp-content\/uploads\/sites\/2\/2022\/02\/Buy-AMB-FUBINACA.jpg","contentUrl":"https:\/\/medicinasinc.com\/cs\/wp-content\/uploads\/sites\/2\/2022\/02\/Buy-AMB-FUBINACA.jpg","width":400,"height":400},{"@type":"BreadcrumbList","@id":"https:\/\/medicinasinc.com\/cs\/product\/buy-with-fubinaca\/#breadcrumb","itemListElement":[{"@type":"ListItem","position":1,"name":"Obchod","item":"https:\/\/medicinasinc.com\/cs\/obchod\/"},{"@type":"ListItem","position":2,"name":"Koupit AMB-FUBINACA"}]},{"@type":"WebSite","@id":"https:\/\/medicinasinc.com\/cs\/#website","url":"https:\/\/medicinasinc.com\/cs\/","name":"Medicinas Inc","description":"Health Medical Clinic","potentialAction":[{"@type":"SearchAction","target":{"@type":"EntryPoint","urlTemplate":"https:\/\/medicinasinc.com\/cs\/?s={search_term_string}"},"query-input":{"@type":"PropertyValueSpecification","valueRequired":true,"valueName":"search_term_string"}}],"inLanguage":"en-US"}]}},"_links":{"self":[{"href":"https:\/\/medicinasinc.com\/cs\/wp-json\/wp\/v2\/product\/5906","targetHints":{"allow":["GET"]}}],"collection":[{"href":"https:\/\/medicinasinc.com\/cs\/wp-json\/wp\/v2\/product"}],"about":[{"href":"https:\/\/medicinasinc.com\/cs\/wp-json\/wp\/v2\/types\/product"}],"replies":[{"embeddable":true,"href":"https:\/\/medicinasinc.com\/cs\/wp-json\/wp\/v2\/comments?post=5906"}],"wp:featuredmedia":[{"embeddable":true,"href":"https:\/\/medicinasinc.com\/cs\/wp-json\/wp\/v2\/media\/5936"}],"wp:attachment":[{"href":"https:\/\/medicinasinc.com\/cs\/wp-json\/wp\/v2\/media?parent=5906"}],"wp:term":[{"taxonomy":"product_brand","embeddable":true,"href":"https:\/\/medicinasinc.com\/cs\/wp-json\/wp\/v2\/product_brand?post=5906"},{"taxonomy":"product_cat","embeddable":true,"href":"https:\/\/medicinasinc.com\/cs\/wp-json\/wp\/v2\/product_cat?post=5906"},{"taxonomy":"product_tag","embeddable":true,"href":"https:\/\/medicinasinc.com\/cs\/wp-json\/wp\/v2\/product_tag?post=5906"}],"curies":[{"name":"wp","href":"https:\/\/api.w.org\/{rel}","templated":true}]}}