{"id":5897,"date":"2022-02-22T08:07:13","date_gmt":"2022-02-22T08:07:13","guid":{"rendered":"https:\/\/medicinasinc.com\/cs\/?post_type=product&#038;p=5897"},"modified":"2022-03-14T11:21:51","modified_gmt":"2022-03-14T11:21:51","slug":"buy-5c-akb48","status":"publish","type":"product","link":"https:\/\/medicinasinc.com\/cs\/product\/buy-5c-akb48\/","title":{"rendered":"Koupit 5C-AKB48"},"content":{"rendered":"<p>Co je k\u00f3d 5C-AKB48?<\/p>\n<p>5C-AKB48 je syntetick\u00fd kanabinoid pat\u0159\u00edc\u00ed do t\u0159\u00eddy indazolkarboxamid\u016f. Je to 5-chlorov\u00fd analog 5F-AKB48 (\u010dasto ozna\u010dovan\u00fd jako AKB48, 5F-APINACA nebo 5F-AKB48), zn\u00e1m\u011bj\u0161\u00edho syntetick\u00e9ho kanabinoidu objeven\u00e9ho v Ji\u017en\u00ed Koreji.<\/p>\n<p>Nejv\u011bt\u0161\u00ed evropsk\u00fd maloobchodn\u00edk. pr\u00e1\u0161ku 5C-AKB48.<\/p>\n<p>5C-AKB48 lze zakoupit online pomoc\u00ed bitcoinu. 5C-AKB48 je siln\u011bj\u0161\u00ed verze AKB-48, kter\u00e1 p\u016fsob\u00ed na kanabinoidn\u00ed receptory.<\/p>\n<p>5C-AKB48 m\u00e1 \u00fadajn\u011b podobn\u00e9, ale siln\u011bj\u0161\u00ed \u00fa\u010dinky ne\u017e 5F-AKB48, a jako v\u0161echny syntetick\u00e9 kanabinoidy, m\u00e1 vysokou afinitu k receptor\u016fm CB1 a CB2.<\/p>\n<p>Chemick\u00e9 vlastnosti 5C-AKB48<\/p>\n<p>C23H30CIN3O<\/p>\n<p>N- (adamantan-1-yl)<\/p>\n<p>-1-(5-chlorpentyl)-1H-indazol<\/p>\n<p>-3-karboxamid<\/p>\n<p>Molekulov\u00e1 hmotnost: 400,00 g\/mol<\/p>\n<p>\u010cistota : v\u00edce ne\u017e 98 procent<\/p>\n<p>5C-AKB48 je syntetick\u00fd kanabinoid pat\u0159\u00edc\u00ed do rodiny indazol-3-karboxamid\u016f. Sd\u00edl\u00ed podobn\u00e9 molekul\u00e1rn\u00ed vlastnosti jako 5F-ABD. Jako je tomu u mnoha kanabinoid\u016f, m\u00e1 vysokou afinitu k receptor\u016fm CB1 a CB2, co\u017e p\u0159isp\u00edv\u00e1 k jeho euforick\u00fdm vlastnostem. Stejn\u011b jako u v\u011bt\u0161iny kanabinoid\u016f je nerozpustn\u00fd ve vod\u011b a stabiln\u00ed p\u0159i pokojov\u00e9 teplot\u011b. Stejn\u011b jako u v\u011bt\u0161iny kanabinoid\u016f m\u00e1 5C-AKB48 v\u00fdznamn\u00fd potenci\u00e1l pro pou\u017eit\u00ed jako l\u00e9k proti bolesti a stimulant chuti k j\u00eddlu. A\u010dkoli nebyly provedeny \u017e\u00e1dn\u00e9 studie na lidech, je rozumn\u00e9 p\u0159edpokl\u00e1dat, \u017ee 5C-AKB48 m\u00e1 stejn\u00e9 syntetick\u00e9 kanabinoidn\u00ed \u00fa\u010dinky jako jin\u00e9 chemik\u00e1lie ve stejn\u00e9 t\u0159\u00edd\u011b. Je t\u0159eba zm\u00ednit, \u017ee bezpe\u010dnostn\u00ed profil tohoto l\u00e9ku nebyl d\u016fkladn\u011b hodnocen a \u017ee nen\u00ed ur\u010den k lidsk\u00e9 spot\u0159eb\u011b.<\/p>\n<p>Jak\u00e9 jsou pravd\u011bpodobn\u00e9 vedlej\u0161\u00ed \u00fa\u010dinky a preventivn\u00ed opat\u0159en\u00ed spojen\u00e1 s 5C-AKB48?<\/p>\n<p>\u00da\u010dinky 5C-psychoaktivn\u00edho AKB48 jsou srovnateln\u00e9 s \u00fa\u010dinky jin\u00fdch p\u0159\u00edrodn\u00edch a syntetick\u00fdch kanabinoid\u016f, zejm\u00e9na 5F-ABD.<\/p>\n<p>Sedace: Snad nejzn\u00e1m\u011bj\u0161\u00ed \u00fa\u010dinek kanabinoid\u016f, spot\u0159ebitel\u00e9 uv\u00e1d\u011bj\u00ed hlubok\u00fd pocit klidu a sn\u00ed\u017een\u00e9 energetick\u00e9 hladiny po konzumaci 5C-AKB48.<\/p>\n<p>Sn\u00ed\u017een\u00ed z\u00e1n\u011btu: Po tis\u00edcilet\u00ed byly p\u0159irozen\u011b se vyskytuj\u00edc\u00ed kanabinoidy pou\u017e\u00edv\u00e1ny pro sv\u00e9 protiz\u00e1n\u011btliv\u00e9 vlastnosti. CBD (nepsychoaktivn\u00ed kanabinoid) si v posledn\u00ed dob\u011b z\u00edskalo popularitu jako l\u00e9k proti bolesti a z\u00e1n\u011btu. I kdy\u017e nebyly provedeny \u017e\u00e1dn\u00e9 ofici\u00e1ln\u00ed studie, je rozumn\u00e9 p\u0159edpokl\u00e1dat, \u017ee 5C-AKB48 m\u00e1 protiz\u00e1n\u011btliv\u00e9 vlastnosti spojen\u00e9 s kanabinoidy.<\/p>\n<p>Proti nevolnosti a emetick\u00e9 vlastnosti: Kanabinoidy maj\u00ed vlastnosti proti nevolnosti a zvracen\u00ed, kter\u00e9 byly klinicky pozorov\u00e1ny ji\u017e mnoho let [1] s b\u011b\u017en\u011b p\u0159edepisovan\u00fdmi l\u00e9ky, jako je Marinol, syndros a Nabilone obsahuj\u00edc\u00ed syntetick\u00e9 kanabinoidy.<\/p>\n<p>Kanabinoidy jsou ji\u017e dlouho uzn\u00e1v\u00e1ny pro svou schopnost v\u00fdznamn\u011b zm\u00edr\u0148ovat z\u00e1va\u017enost migr\u00e9ny a chronick\u00e9 bolesti hlavy u lid\u00ed [2]. Bohu\u017eel nebyly provedeny \u017e\u00e1dn\u00e9 kontrolovan\u00e9 studie o u\u017eite\u010dnosti 5C-AKB48 p\u0159i l\u00e9\u010db\u011b bolest\u00ed hlavy a existuje pouze n\u011bkolik neofici\u00e1ln\u00edch zpr\u00e1v.<\/p>\n<p>Jak ji\u017e bylo uvedeno, nebyl proveden \u017e\u00e1dn\u00fd form\u00e1ln\u00ed v\u00fdzkum ohledn\u011b 5C-AKB48 , a proto je jeho bezpe\u010dnostn\u00ed profil v tuto chv\u00edli nejasn\u00fd. Navzdory absenci testov\u00e1n\u00ed m\u016f\u017eeme o\u010dek\u00e1vat, \u017ee bude vykazovat typick\u00e9 nep\u0159\u00edzniv\u00e9 \u00fa\u010dinky konop\u00ed. V d\u016fsledku toho je d\u016fle\u017eit\u00e9 m\u00edt na pam\u011bti, \u017ee 5C-AKB48 je ur\u010den pouze pro v\u00fdzkumn\u00e9 pou\u017eit\u00ed a nen\u00ed ur\u010den pro lidskou spot\u0159ebu. Nem\u011blo by se s n\u00edm manipulovat bez pou\u017eit\u00ed vhodn\u00e9ho laboratorn\u00edho vybaven\u00ed, v\u010detn\u011b ochrany o\u010d\u00ed a rukavic.<\/p>\n<p>Kde mohu zakoupit?<\/p>\n<p>Chemical Planet je hrd\u00fd na to, \u017ee m\u016f\u017ee nab\u00eddnout 5C- nejvy\u0161\u0161\u00ed kvality. AKB48 na trhu. Chemical Planet je tak\u00e9 d\u016fv\u011bryhodn\u00fdm poskytovatelem \u010d. 1, kter\u00fd poskytuje rychlou a diskr\u00e9tn\u00ed p\u0159epravu na \u0159adu m\u00edst po cel\u00e9m sv\u011bt\u011b.<\/p>\n<p>K n\u00e1kupu 5C-AKB48 v\u00e1m mus\u00ed b\u00fdt alespo\u0148 18 let a mus\u00edte m\u00edt v\u0161echny hlavn\u00ed kreditn\u00ed karty stejn\u011b jako bitcoiny jsou p\u0159ij\u00edm\u00e1ny. V\u0161echny produkty, v\u010detn\u011b 5C-AKB48, jsou ur\u010deny v\u00fdhradn\u011b pro v\u00fdzkumn\u00e9 pou\u017eit\u00ed a nejsou ur\u010deny pro lidskou spot\u0159ebu.<\/p>\n","protected":false},"excerpt":{"rendered":"<p>Koupit 5c-akb48 na prodej, velkoobchodn\u011b 5c-akb48 UK, objednat dodavatele 5cakb48 pro Evropu. 5c-akb48 je syntetick\u00fd kanabinoid na b\u00e1zi indazolu, kter\u00fd se prod\u00e1v\u00e1 online jako designov\u00e1 droga.<\/p>\n","protected":false},"featured_media":5928,"comment_status":"open","ping_status":"closed","template":"","meta":[],"product_brand":[],"product_cat":[2596],"product_tag":[4052,4054,4055,4056,2600,4057,4058,4059,2615,2616,4061,4065,4062,4063,4064,4053,4060],"class_list":{"0":"post-5897","1":"product","2":"type-product","3":"status-publish","4":"has-post-thumbnail","6":"product_cat-kanabinoidy-na-prodej","7":"product_tag-5c-akb48","8":"product_tag-5cakb48","9":"product_tag-5f-mdmb-2201-5f-mdmb-2201-cannabinoid","10":"product_tag-5f-mdmb-2201-psychonaut","11":"product_tag-5f-mdmb-2201","12":"product_tag-5f-mdmb-2201-cayman","13":"product_tag-5f-mdmb-2201-dosage","14":"product_tag-5f-mdmb-2201-recenze","15":"product_tag-5f-mdmb-2201-reddit","16":"product_tag-5f-mdmb-2201-review","17":"product_tag-5fmdmb2201-5f-mdmb-2201-kannabinoid","18":"product_tag-kde-koupit-5c-akb48-online","19":"product_tag-buy-5c-akb48-online","20":"product_tag-nkup-5c-akb48-online","21":"product_tag-nejlep-msto-k-koup-5c-akb48-online","22":"product_tag-5c-akb48-na-prodej","23":"product_tag-5f-mdmb-2201-wiki","25":"first","26":"instock","27":"shipping-taxable","28":"purchasable","29":"product-type-variable"},"yoast_head":"<!-- This site is optimized with the Yoast SEO plugin v27.3 - https:\/\/yoast.com\/product\/yoast-seo-wordpress\/ -->\n<title>Koupit 5c-akb48 od spolehliv\u00e9ho dodavatele \u2013 kanabinoidy \u2013 nejlep\u0161\u00ed glob\u00e1ln\u00ed l\u00e9ky<\/title>\n<meta name=\"description\" content=\"Prod\u00e1m 5c-akb48 na prodej, velkoobchodn\u011b 5c-akb48 UK, objednejte si dodavatele 5cakb48 Europe. 5c-akb48 je syntetick\u00fd kanabinoid na b\u00e1zi indazolu, kter\u00fd se prod\u00e1v\u00e1 online jako designov\u00fd l\u00e9k.\" \/>\n<meta name=\"robots\" content=\"index, follow, max-snippet:-1, max-image-preview:large, max-video-preview:-1\" \/>\n<link rel=\"canonical\" href=\"https:\/\/medicinasinc.com\/cs\/product\/buy-5c-akb48\/\" \/>\n<meta property=\"og:locale\" content=\"en_US\" \/>\n<meta property=\"og:type\" content=\"article\" \/>\n<meta property=\"og:title\" content=\"Koupit 5c-akb48 od spolehliv\u00e9ho dodavatele \u2013 kanabinoidy \u2013 nejlep\u0161\u00ed glob\u00e1ln\u00ed l\u00e9ky\" \/>\n<meta property=\"og:description\" content=\"Prod\u00e1m 5c-akb48 na prodej, velkoobchodn\u011b 5c-akb48 UK, objednejte si dodavatele 5cakb48 Europe. 5c-akb48 je syntetick\u00fd kanabinoid na b\u00e1zi indazolu, kter\u00fd se prod\u00e1v\u00e1 online jako designov\u00fd l\u00e9k.\" \/>\n<meta property=\"og:url\" content=\"https:\/\/medicinasinc.com\/cs\/product\/buy-5c-akb48\/\" \/>\n<meta property=\"og:site_name\" content=\"Medicinas Inc\" \/>\n<meta property=\"article:modified_time\" content=\"2022-03-14T11:21:51+00:00\" \/>\n<meta property=\"og:image\" content=\"https:\/\/medicinasinc.com\/cs\/wp-content\/uploads\/sites\/2\/2022\/02\/Buy-5C-AKB48.png\" \/>\n\t<meta property=\"og:image:width\" content=\"500\" \/>\n\t<meta property=\"og:image:height\" content=\"500\" \/>\n\t<meta property=\"og:image:type\" content=\"image\/png\" \/>\n<meta name=\"twitter:card\" content=\"summary_large_image\" \/>\n<meta name=\"twitter:label1\" content=\"Est. reading time\" \/>\n\t<meta name=\"twitter:data1\" content=\"3 minutes\" \/>\n<script type=\"application\/ld+json\" class=\"yoast-schema-graph\">{\"@context\":\"https:\\\/\\\/schema.org\",\"@graph\":[{\"@type\":\"WebPage\",\"@id\":\"https:\\\/\\\/medicinasinc.com\\\/cs\\\/product\\\/buy-5c-akb48\\\/\",\"url\":\"https:\\\/\\\/medicinasinc.com\\\/cs\\\/product\\\/buy-5c-akb48\\\/\",\"name\":\"Koupit 5c-akb48 od spolehliv\u00e9ho dodavatele \u2013 kanabinoidy \u2013 nejlep\u0161\u00ed glob\u00e1ln\u00ed l\u00e9ky\",\"isPartOf\":{\"@id\":\"https:\\\/\\\/medicinasinc.com\\\/cs\\\/#website\"},\"primaryImageOfPage\":{\"@id\":\"https:\\\/\\\/medicinasinc.com\\\/cs\\\/product\\\/buy-5c-akb48\\\/#primaryimage\"},\"image\":{\"@id\":\"https:\\\/\\\/medicinasinc.com\\\/cs\\\/product\\\/buy-5c-akb48\\\/#primaryimage\"},\"thumbnailUrl\":\"https:\\\/\\\/medicinasinc.com\\\/cs\\\/wp-content\\\/uploads\\\/sites\\\/2\\\/2022\\\/02\\\/Buy-5C-AKB48.png\",\"datePublished\":\"2022-02-22T08:07:13+00:00\",\"dateModified\":\"2022-03-14T11:21:51+00:00\",\"description\":\"Prod\u00e1m 5c-akb48 na prodej, velkoobchodn\u011b 5c-akb48 UK, objednejte si dodavatele 5cakb48 Europe. 5c-akb48 je syntetick\u00fd kanabinoid na b\u00e1zi indazolu, kter\u00fd se prod\u00e1v\u00e1 online jako designov\u00fd l\u00e9k.\",\"breadcrumb\":{\"@id\":\"https:\\\/\\\/medicinasinc.com\\\/cs\\\/product\\\/buy-5c-akb48\\\/#breadcrumb\"},\"inLanguage\":\"en-US\",\"potentialAction\":[{\"@type\":\"ReadAction\",\"target\":[\"https:\\\/\\\/medicinasinc.com\\\/cs\\\/product\\\/buy-5c-akb48\\\/\"]}]},{\"@type\":\"ImageObject\",\"inLanguage\":\"en-US\",\"@id\":\"https:\\\/\\\/medicinasinc.com\\\/cs\\\/product\\\/buy-5c-akb48\\\/#primaryimage\",\"url\":\"https:\\\/\\\/medicinasinc.com\\\/cs\\\/wp-content\\\/uploads\\\/sites\\\/2\\\/2022\\\/02\\\/Buy-5C-AKB48.png\",\"contentUrl\":\"https:\\\/\\\/medicinasinc.com\\\/cs\\\/wp-content\\\/uploads\\\/sites\\\/2\\\/2022\\\/02\\\/Buy-5C-AKB48.png\",\"width\":500,\"height\":500},{\"@type\":\"BreadcrumbList\",\"@id\":\"https:\\\/\\\/medicinasinc.com\\\/cs\\\/product\\\/buy-5c-akb48\\\/#breadcrumb\",\"itemListElement\":[{\"@type\":\"ListItem\",\"position\":1,\"name\":\"Obchod\",\"item\":\"https:\\\/\\\/medicinasinc.com\\\/cs\\\/obchod\\\/\"},{\"@type\":\"ListItem\",\"position\":2,\"name\":\"Koupit 5C-AKB48\"}]},{\"@type\":\"WebSite\",\"@id\":\"https:\\\/\\\/medicinasinc.com\\\/cs\\\/#website\",\"url\":\"https:\\\/\\\/medicinasinc.com\\\/cs\\\/\",\"name\":\"Medicinas Inc\",\"description\":\"Health Medical Clinic\",\"potentialAction\":[{\"@type\":\"SearchAction\",\"target\":{\"@type\":\"EntryPoint\",\"urlTemplate\":\"https:\\\/\\\/medicinasinc.com\\\/cs\\\/?s={search_term_string}\"},\"query-input\":{\"@type\":\"PropertyValueSpecification\",\"valueRequired\":true,\"valueName\":\"search_term_string\"}}],\"inLanguage\":\"en-US\"}]}<\/script>\n<!-- \/ Yoast SEO plugin. -->","yoast_head_json":{"title":"Koupit 5c-akb48 od spolehliv\u00e9ho dodavatele \u2013 kanabinoidy \u2013 nejlep\u0161\u00ed glob\u00e1ln\u00ed l\u00e9ky","description":"Prod\u00e1m 5c-akb48 na prodej, velkoobchodn\u011b 5c-akb48 UK, objednejte si dodavatele 5cakb48 Europe. 5c-akb48 je syntetick\u00fd kanabinoid na b\u00e1zi indazolu, kter\u00fd se prod\u00e1v\u00e1 online jako designov\u00fd l\u00e9k.","robots":{"index":"index","follow":"follow","max-snippet":"max-snippet:-1","max-image-preview":"max-image-preview:large","max-video-preview":"max-video-preview:-1"},"canonical":"https:\/\/medicinasinc.com\/cs\/product\/buy-5c-akb48\/","og_locale":"en_US","og_type":"article","og_title":"Koupit 5c-akb48 od spolehliv\u00e9ho dodavatele \u2013 kanabinoidy \u2013 nejlep\u0161\u00ed glob\u00e1ln\u00ed l\u00e9ky","og_description":"Prod\u00e1m 5c-akb48 na prodej, velkoobchodn\u011b 5c-akb48 UK, objednejte si dodavatele 5cakb48 Europe. 5c-akb48 je syntetick\u00fd kanabinoid na b\u00e1zi indazolu, kter\u00fd se prod\u00e1v\u00e1 online jako designov\u00fd l\u00e9k.","og_url":"https:\/\/medicinasinc.com\/cs\/product\/buy-5c-akb48\/","og_site_name":"Medicinas Inc","article_modified_time":"2022-03-14T11:21:51+00:00","og_image":[{"width":500,"height":500,"url":"https:\/\/medicinasinc.com\/cs\/wp-content\/uploads\/sites\/2\/2022\/02\/Buy-5C-AKB48.png","type":"image\/png"}],"twitter_card":"summary_large_image","twitter_misc":{"Est. reading time":"3 minutes"},"schema":{"@context":"https:\/\/schema.org","@graph":[{"@type":"WebPage","@id":"https:\/\/medicinasinc.com\/cs\/product\/buy-5c-akb48\/","url":"https:\/\/medicinasinc.com\/cs\/product\/buy-5c-akb48\/","name":"Koupit 5c-akb48 od spolehliv\u00e9ho dodavatele \u2013 kanabinoidy \u2013 nejlep\u0161\u00ed glob\u00e1ln\u00ed l\u00e9ky","isPartOf":{"@id":"https:\/\/medicinasinc.com\/cs\/#website"},"primaryImageOfPage":{"@id":"https:\/\/medicinasinc.com\/cs\/product\/buy-5c-akb48\/#primaryimage"},"image":{"@id":"https:\/\/medicinasinc.com\/cs\/product\/buy-5c-akb48\/#primaryimage"},"thumbnailUrl":"https:\/\/medicinasinc.com\/cs\/wp-content\/uploads\/sites\/2\/2022\/02\/Buy-5C-AKB48.png","datePublished":"2022-02-22T08:07:13+00:00","dateModified":"2022-03-14T11:21:51+00:00","description":"Prod\u00e1m 5c-akb48 na prodej, velkoobchodn\u011b 5c-akb48 UK, objednejte si dodavatele 5cakb48 Europe. 5c-akb48 je syntetick\u00fd kanabinoid na b\u00e1zi indazolu, kter\u00fd se prod\u00e1v\u00e1 online jako designov\u00fd l\u00e9k.","breadcrumb":{"@id":"https:\/\/medicinasinc.com\/cs\/product\/buy-5c-akb48\/#breadcrumb"},"inLanguage":"en-US","potentialAction":[{"@type":"ReadAction","target":["https:\/\/medicinasinc.com\/cs\/product\/buy-5c-akb48\/"]}]},{"@type":"ImageObject","inLanguage":"en-US","@id":"https:\/\/medicinasinc.com\/cs\/product\/buy-5c-akb48\/#primaryimage","url":"https:\/\/medicinasinc.com\/cs\/wp-content\/uploads\/sites\/2\/2022\/02\/Buy-5C-AKB48.png","contentUrl":"https:\/\/medicinasinc.com\/cs\/wp-content\/uploads\/sites\/2\/2022\/02\/Buy-5C-AKB48.png","width":500,"height":500},{"@type":"BreadcrumbList","@id":"https:\/\/medicinasinc.com\/cs\/product\/buy-5c-akb48\/#breadcrumb","itemListElement":[{"@type":"ListItem","position":1,"name":"Obchod","item":"https:\/\/medicinasinc.com\/cs\/obchod\/"},{"@type":"ListItem","position":2,"name":"Koupit 5C-AKB48"}]},{"@type":"WebSite","@id":"https:\/\/medicinasinc.com\/cs\/#website","url":"https:\/\/medicinasinc.com\/cs\/","name":"Medicinas Inc","description":"Health Medical Clinic","potentialAction":[{"@type":"SearchAction","target":{"@type":"EntryPoint","urlTemplate":"https:\/\/medicinasinc.com\/cs\/?s={search_term_string}"},"query-input":{"@type":"PropertyValueSpecification","valueRequired":true,"valueName":"search_term_string"}}],"inLanguage":"en-US"}]}},"_links":{"self":[{"href":"https:\/\/medicinasinc.com\/cs\/wp-json\/wp\/v2\/product\/5897","targetHints":{"allow":["GET"]}}],"collection":[{"href":"https:\/\/medicinasinc.com\/cs\/wp-json\/wp\/v2\/product"}],"about":[{"href":"https:\/\/medicinasinc.com\/cs\/wp-json\/wp\/v2\/types\/product"}],"replies":[{"embeddable":true,"href":"https:\/\/medicinasinc.com\/cs\/wp-json\/wp\/v2\/comments?post=5897"}],"wp:featuredmedia":[{"embeddable":true,"href":"https:\/\/medicinasinc.com\/cs\/wp-json\/wp\/v2\/media\/5928"}],"wp:attachment":[{"href":"https:\/\/medicinasinc.com\/cs\/wp-json\/wp\/v2\/media?parent=5897"}],"wp:term":[{"taxonomy":"product_brand","embeddable":true,"href":"https:\/\/medicinasinc.com\/cs\/wp-json\/wp\/v2\/product_brand?post=5897"},{"taxonomy":"product_cat","embeddable":true,"href":"https:\/\/medicinasinc.com\/cs\/wp-json\/wp\/v2\/product_cat?post=5897"},{"taxonomy":"product_tag","embeddable":true,"href":"https:\/\/medicinasinc.com\/cs\/wp-json\/wp\/v2\/product_tag?post=5897"}],"curies":[{"name":"wp","href":"https:\/\/api.w.org\/{rel}","templated":true}]}}