{"id":5893,"date":"2022-02-22T08:05:19","date_gmt":"2022-02-22T08:05:19","guid":{"rendered":"https:\/\/medicinasinc.com\/cs\/?post_type=product&#038;p=5893"},"modified":"2022-03-14T11:24:14","modified_gmt":"2022-03-14T11:24:14","slug":"koupit-benzyl-methyl-keton-bmk-powder-online","status":"publish","type":"product","link":"https:\/\/medicinasinc.com\/cs\/product\/koupit-benzyl-methyl-keton-bmk-powder-online\/","title":{"rendered":"Kupte si benzylmethylketonov\u00fd (BMK) pr\u00e1\u0161ek online"},"content":{"rendered":"<p>Online n\u00e1kup pr\u00e1\u0161ku BMK<\/p>\n<p>Pr\u00e1\u0161ek BMK lze zakoupit online. Chemick\u00fd vzorec fenylacetonu je C6H5CH2COCH3. Je to olej, kter\u00fd je bezbarv\u00fd a rozpustn\u00fd v organick\u00fdch rozpou\u0161t\u011bdlech. Tato chemik\u00e1lie je obecn\u011b ozna\u010dov\u00e1na jako P2P, proto\u017ee se pou\u017e\u00edv\u00e1 p\u0159i v\u00fdrob\u011b metamfetaminu a amfetaminu. Fenylaceton je produkov\u00e1n u lid\u00ed jako metabolit amfetaminu a metamfetaminu oxidativn\u00ed deaminac\u00ed zprost\u0159edkovanou FMO3.<\/p>\n<p>Fenylaceton, tak\u00e9 zn\u00e1m\u00fd jako benzylmethylketon (BMK) nebo P2P, byl p\u0159edch\u016fdcem v\u00fdroby amfetaminu. Je regulov\u00e1n Evropskou uni\u00ed (EU) podle na\u0159\u00edzen\u00ed (ES) 273\/2004 o prekurzorech drog a na\u0159\u00edzen\u00ed Rady (ES) 111\/2005 o v\u00fdm\u011bn\u011b prekurzor\u016f drog. V d\u016fsledku toho mus\u00ed spr\u00e1vci z\u00edskat opr\u00e1vn\u011bn\u00ed od zku\u0161en\u00fdch specialist\u016f, aby jej mohli vlastnit, dov\u00e1\u017eet nebo p\u0159epravovat. V posledn\u00ed dob\u011b v r\u00e1mci EU neprob\u00edhaj\u00ed \u017e\u00e1dn\u00e9 velk\u00e9 odchyty BMK. M\u00e1me opravdu dobr\u00e9 hodnocen\u00ed spokojenosti z\u00e1kazn\u00edk\u016f a jsme p\u0159ipraveni b\u00fdt p\u0159edn\u00edmi online dodavateli fenylacetonov\u00e9ho oleje.<\/p>\n<p>Fenylaceton lze tak\u00e9 syntetizovat z prekurzor\u016f, jako je APAAN (alfa-fenylacetoacetonitril). Dovoz APAAN byl v posledn\u00ed dob\u011b na historick\u00e9m maximu a v d\u016fsledku toho se koncem roku 2013 v EU vyrovnal. V b\u0159eznu 2014 Komise OSN pro narkotika jednomysln\u011b odhlasovala jeho glob\u00e1ln\u00ed regulaci. <\/p>\n<p>Na\u0161e zp\u016fsoby dopravy a doru\u010den\u00ed jsou zcela bezpe\u010dn\u00e9 a jednoduch\u00e9 pro n\u00e1kup fenylacetonov\u00e9ho oleje online. Jsme p\u0159ipraveni prod\u00e1vat mal\u00e1 mno\u017estv\u00ed i velk\u00e1 mno\u017estv\u00ed na\u0161eho fenylacetonov\u00e9ho oleje online. Na\u0161e online kvalita fenylacetonov\u00e9ho oleje je bezkonkuren\u010dn\u00ed a prod\u00e1v\u00e1me v mal\u00fdch\/velk\u00fdch mno\u017estv\u00edch se z\u00e1rukou diskr\u00e9tn\u00edho dod\u00e1n\u00ed v\u010das pot\u00e9, co si fenylacetonov\u00fd olej zakoup\u00edte online. Zas\u00edl\u00e1n\u00ed mimo jin\u00e9 prost\u0159ednictv\u00edm DHL, TNT nebo FedEx. Nav\u00edc z\u00e1vis\u00ed na zp\u016fsobu dopravy z\u00e1kazn\u00edka p\u0159i zad\u00e1v\u00e1n\u00ed objedn\u00e1vky fenylacetonov\u00e9ho oleje online. Nev\u00e1hejte n\u00e1s kontaktovat, a\u017e budete p\u0159ipraveni koupit fenylaceton, proto\u017ee nab\u00edz\u00edme nejlevn\u011bj\u0161\u00ed cenu.<\/p>\n<p>Chceme, aby byl n\u00e1kup \u0161irok\u00e9 \u0161k\u00e1ly na\u0161ich produkt\u016f jednoduch\u00fd. Jakmile si u n\u00e1s objedn\u00e1te fenylacetonov\u00fd olej online, porad\u00edme v\u00e1m s n\u00e1kupem. Zaji\u0161\u0165ujeme, aby na\u0161i klienti obdr\u017eeli sv\u016fj bal\u00ed\u010dek a vysoce kvalitn\u00ed fenylacetonov\u00fd olej, a tak\u00e9 aby dos\u00e1hli sv\u00fdch c\u00edl\u016f t\u00edm, \u017ee zajist\u00edme spr\u00e1vn\u00e9 o\u0161et\u0159en\u00ed na\u0161ich polo\u017eek.<\/p>\n","protected":false},"excerpt":{"rendered":"<p>Nakupte pr\u00e1\u0161ek benzylmethylketonu (BMK) online. N\u00e1\u0161 BMK Powder je 100% laboratorn\u011b testov\u00e1n. N\u00e1\u0161 BMK Powder zas\u00edl\u00e1me jako diskr\u00e9tn\u00ed a expresn\u00ed z\u00e1silku<\/p>\n","protected":false},"featured_media":5922,"comment_status":"open","ping_status":"closed","template":"","meta":[],"product_brand":[],"product_cat":[2014],"product_tag":[],"class_list":{"0":"post-5893","1":"product","2":"type-product","3":"status-publish","4":"has-post-thumbnail","6":"product_cat-koupit-vyzkumne-chemikalie","8":"first","9":"instock","10":"shipping-taxable","11":"purchasable","12":"product-type-variable"},"yoast_head":"<!-- This site is optimized with the Yoast SEO plugin v27.3 - https:\/\/yoast.com\/product\/yoast-seo-wordpress\/ -->\n<title>Koupit Benzylmethylketonov\u00fd (BMK) pr\u00e1\u0161ek online \u2013 nejlep\u0161\u00ed glob\u00e1ln\u00ed l\u00e9ky<\/title>\n<meta name=\"description\" content=\"Kupte si benzylmethylketonov\u00fd (BMK) pr\u00e1\u0161ek online. N\u00e1\u0161 BMK Powder je 100% laboratorn\u011b testov\u00e1n. N\u00e1\u0161 BMK Powder zas\u00edl\u00e1me jako diskr\u00e9tn\u00ed a expresn\u00ed z\u00e1silku\" \/>\n<meta name=\"robots\" content=\"index, follow, max-snippet:-1, max-image-preview:large, max-video-preview:-1\" \/>\n<link rel=\"canonical\" href=\"https:\/\/medicinasinc.com\/cs\/product\/koupit-benzyl-methyl-keton-bmk-powder-online\/\" \/>\n<meta property=\"og:locale\" content=\"en_US\" \/>\n<meta property=\"og:type\" content=\"article\" \/>\n<meta property=\"og:title\" content=\"Koupit Benzylmethylketonov\u00fd (BMK) pr\u00e1\u0161ek online \u2013 nejlep\u0161\u00ed glob\u00e1ln\u00ed l\u00e9ky\" \/>\n<meta property=\"og:description\" content=\"Kupte si benzylmethylketonov\u00fd (BMK) pr\u00e1\u0161ek online. N\u00e1\u0161 BMK Powder je 100% laboratorn\u011b testov\u00e1n. N\u00e1\u0161 BMK Powder zas\u00edl\u00e1me jako diskr\u00e9tn\u00ed a expresn\u00ed z\u00e1silku\" \/>\n<meta property=\"og:url\" content=\"https:\/\/medicinasinc.com\/cs\/product\/koupit-benzyl-methyl-keton-bmk-powder-online\/\" \/>\n<meta property=\"og:site_name\" content=\"Medicinas Inc\" \/>\n<meta property=\"article:modified_time\" content=\"2022-03-14T11:24:14+00:00\" \/>\n<meta property=\"og:image\" content=\"https:\/\/medicinasinc.com\/cs\/wp-content\/uploads\/sites\/2\/2022\/02\/buy-bmk-powder.jpg\" \/>\n\t<meta property=\"og:image:width\" content=\"447\" \/>\n\t<meta property=\"og:image:height\" content=\"389\" \/>\n\t<meta property=\"og:image:type\" content=\"image\/jpeg\" \/>\n<meta name=\"twitter:card\" content=\"summary_large_image\" \/>\n<meta name=\"twitter:label1\" content=\"Est. reading time\" \/>\n\t<meta name=\"twitter:data1\" content=\"2 minutes\" \/>\n<script type=\"application\/ld+json\" class=\"yoast-schema-graph\">{\"@context\":\"https:\\\/\\\/schema.org\",\"@graph\":[{\"@type\":\"WebPage\",\"@id\":\"https:\\\/\\\/medicinasinc.com\\\/cs\\\/product\\\/koupit-benzyl-methyl-keton-bmk-powder-online\\\/\",\"url\":\"https:\\\/\\\/medicinasinc.com\\\/cs\\\/product\\\/koupit-benzyl-methyl-keton-bmk-powder-online\\\/\",\"name\":\"Koupit Benzylmethylketonov\u00fd (BMK) pr\u00e1\u0161ek online \u2013 nejlep\u0161\u00ed glob\u00e1ln\u00ed l\u00e9ky\",\"isPartOf\":{\"@id\":\"https:\\\/\\\/medicinasinc.com\\\/cs\\\/#website\"},\"primaryImageOfPage\":{\"@id\":\"https:\\\/\\\/medicinasinc.com\\\/cs\\\/product\\\/koupit-benzyl-methyl-keton-bmk-powder-online\\\/#primaryimage\"},\"image\":{\"@id\":\"https:\\\/\\\/medicinasinc.com\\\/cs\\\/product\\\/koupit-benzyl-methyl-keton-bmk-powder-online\\\/#primaryimage\"},\"thumbnailUrl\":\"https:\\\/\\\/medicinasinc.com\\\/cs\\\/wp-content\\\/uploads\\\/sites\\\/2\\\/2022\\\/02\\\/buy-bmk-powder.jpg\",\"datePublished\":\"2022-02-22T08:05:19+00:00\",\"dateModified\":\"2022-03-14T11:24:14+00:00\",\"description\":\"Kupte si benzylmethylketonov\u00fd (BMK) pr\u00e1\u0161ek online. N\u00e1\u0161 BMK Powder je 100% laboratorn\u011b testov\u00e1n. N\u00e1\u0161 BMK Powder zas\u00edl\u00e1me jako diskr\u00e9tn\u00ed a expresn\u00ed z\u00e1silku\",\"breadcrumb\":{\"@id\":\"https:\\\/\\\/medicinasinc.com\\\/cs\\\/product\\\/koupit-benzyl-methyl-keton-bmk-powder-online\\\/#breadcrumb\"},\"inLanguage\":\"en-US\",\"potentialAction\":[{\"@type\":\"ReadAction\",\"target\":[\"https:\\\/\\\/medicinasinc.com\\\/cs\\\/product\\\/koupit-benzyl-methyl-keton-bmk-powder-online\\\/\"]}]},{\"@type\":\"ImageObject\",\"inLanguage\":\"en-US\",\"@id\":\"https:\\\/\\\/medicinasinc.com\\\/cs\\\/product\\\/koupit-benzyl-methyl-keton-bmk-powder-online\\\/#primaryimage\",\"url\":\"https:\\\/\\\/medicinasinc.com\\\/cs\\\/wp-content\\\/uploads\\\/sites\\\/2\\\/2022\\\/02\\\/buy-bmk-powder.jpg\",\"contentUrl\":\"https:\\\/\\\/medicinasinc.com\\\/cs\\\/wp-content\\\/uploads\\\/sites\\\/2\\\/2022\\\/02\\\/buy-bmk-powder.jpg\",\"width\":447,\"height\":389},{\"@type\":\"BreadcrumbList\",\"@id\":\"https:\\\/\\\/medicinasinc.com\\\/cs\\\/product\\\/koupit-benzyl-methyl-keton-bmk-powder-online\\\/#breadcrumb\",\"itemListElement\":[{\"@type\":\"ListItem\",\"position\":1,\"name\":\"Obchod\",\"item\":\"https:\\\/\\\/medicinasinc.com\\\/cs\\\/obchod\\\/\"},{\"@type\":\"ListItem\",\"position\":2,\"name\":\"Kupte si benzylmethylketonov\u00fd (BMK) pr\u00e1\u0161ek online\"}]},{\"@type\":\"WebSite\",\"@id\":\"https:\\\/\\\/medicinasinc.com\\\/cs\\\/#website\",\"url\":\"https:\\\/\\\/medicinasinc.com\\\/cs\\\/\",\"name\":\"Medicinas Inc\",\"description\":\"Health Medical Clinic\",\"potentialAction\":[{\"@type\":\"SearchAction\",\"target\":{\"@type\":\"EntryPoint\",\"urlTemplate\":\"https:\\\/\\\/medicinasinc.com\\\/cs\\\/?s={search_term_string}\"},\"query-input\":{\"@type\":\"PropertyValueSpecification\",\"valueRequired\":true,\"valueName\":\"search_term_string\"}}],\"inLanguage\":\"en-US\"}]}<\/script>\n<!-- \/ Yoast SEO plugin. -->","yoast_head_json":{"title":"Koupit Benzylmethylketonov\u00fd (BMK) pr\u00e1\u0161ek online \u2013 nejlep\u0161\u00ed glob\u00e1ln\u00ed l\u00e9ky","description":"Kupte si benzylmethylketonov\u00fd (BMK) pr\u00e1\u0161ek online. N\u00e1\u0161 BMK Powder je 100% laboratorn\u011b testov\u00e1n. N\u00e1\u0161 BMK Powder zas\u00edl\u00e1me jako diskr\u00e9tn\u00ed a expresn\u00ed z\u00e1silku","robots":{"index":"index","follow":"follow","max-snippet":"max-snippet:-1","max-image-preview":"max-image-preview:large","max-video-preview":"max-video-preview:-1"},"canonical":"https:\/\/medicinasinc.com\/cs\/product\/koupit-benzyl-methyl-keton-bmk-powder-online\/","og_locale":"en_US","og_type":"article","og_title":"Koupit Benzylmethylketonov\u00fd (BMK) pr\u00e1\u0161ek online \u2013 nejlep\u0161\u00ed glob\u00e1ln\u00ed l\u00e9ky","og_description":"Kupte si benzylmethylketonov\u00fd (BMK) pr\u00e1\u0161ek online. N\u00e1\u0161 BMK Powder je 100% laboratorn\u011b testov\u00e1n. N\u00e1\u0161 BMK Powder zas\u00edl\u00e1me jako diskr\u00e9tn\u00ed a expresn\u00ed z\u00e1silku","og_url":"https:\/\/medicinasinc.com\/cs\/product\/koupit-benzyl-methyl-keton-bmk-powder-online\/","og_site_name":"Medicinas Inc","article_modified_time":"2022-03-14T11:24:14+00:00","og_image":[{"width":447,"height":389,"url":"https:\/\/medicinasinc.com\/cs\/wp-content\/uploads\/sites\/2\/2022\/02\/buy-bmk-powder.jpg","type":"image\/jpeg"}],"twitter_card":"summary_large_image","twitter_misc":{"Est. reading time":"2 minutes"},"schema":{"@context":"https:\/\/schema.org","@graph":[{"@type":"WebPage","@id":"https:\/\/medicinasinc.com\/cs\/product\/koupit-benzyl-methyl-keton-bmk-powder-online\/","url":"https:\/\/medicinasinc.com\/cs\/product\/koupit-benzyl-methyl-keton-bmk-powder-online\/","name":"Koupit Benzylmethylketonov\u00fd (BMK) pr\u00e1\u0161ek online \u2013 nejlep\u0161\u00ed glob\u00e1ln\u00ed l\u00e9ky","isPartOf":{"@id":"https:\/\/medicinasinc.com\/cs\/#website"},"primaryImageOfPage":{"@id":"https:\/\/medicinasinc.com\/cs\/product\/koupit-benzyl-methyl-keton-bmk-powder-online\/#primaryimage"},"image":{"@id":"https:\/\/medicinasinc.com\/cs\/product\/koupit-benzyl-methyl-keton-bmk-powder-online\/#primaryimage"},"thumbnailUrl":"https:\/\/medicinasinc.com\/cs\/wp-content\/uploads\/sites\/2\/2022\/02\/buy-bmk-powder.jpg","datePublished":"2022-02-22T08:05:19+00:00","dateModified":"2022-03-14T11:24:14+00:00","description":"Kupte si benzylmethylketonov\u00fd (BMK) pr\u00e1\u0161ek online. N\u00e1\u0161 BMK Powder je 100% laboratorn\u011b testov\u00e1n. N\u00e1\u0161 BMK Powder zas\u00edl\u00e1me jako diskr\u00e9tn\u00ed a expresn\u00ed z\u00e1silku","breadcrumb":{"@id":"https:\/\/medicinasinc.com\/cs\/product\/koupit-benzyl-methyl-keton-bmk-powder-online\/#breadcrumb"},"inLanguage":"en-US","potentialAction":[{"@type":"ReadAction","target":["https:\/\/medicinasinc.com\/cs\/product\/koupit-benzyl-methyl-keton-bmk-powder-online\/"]}]},{"@type":"ImageObject","inLanguage":"en-US","@id":"https:\/\/medicinasinc.com\/cs\/product\/koupit-benzyl-methyl-keton-bmk-powder-online\/#primaryimage","url":"https:\/\/medicinasinc.com\/cs\/wp-content\/uploads\/sites\/2\/2022\/02\/buy-bmk-powder.jpg","contentUrl":"https:\/\/medicinasinc.com\/cs\/wp-content\/uploads\/sites\/2\/2022\/02\/buy-bmk-powder.jpg","width":447,"height":389},{"@type":"BreadcrumbList","@id":"https:\/\/medicinasinc.com\/cs\/product\/koupit-benzyl-methyl-keton-bmk-powder-online\/#breadcrumb","itemListElement":[{"@type":"ListItem","position":1,"name":"Obchod","item":"https:\/\/medicinasinc.com\/cs\/obchod\/"},{"@type":"ListItem","position":2,"name":"Kupte si benzylmethylketonov\u00fd (BMK) pr\u00e1\u0161ek online"}]},{"@type":"WebSite","@id":"https:\/\/medicinasinc.com\/cs\/#website","url":"https:\/\/medicinasinc.com\/cs\/","name":"Medicinas Inc","description":"Health Medical Clinic","potentialAction":[{"@type":"SearchAction","target":{"@type":"EntryPoint","urlTemplate":"https:\/\/medicinasinc.com\/cs\/?s={search_term_string}"},"query-input":{"@type":"PropertyValueSpecification","valueRequired":true,"valueName":"search_term_string"}}],"inLanguage":"en-US"}]}},"_links":{"self":[{"href":"https:\/\/medicinasinc.com\/cs\/wp-json\/wp\/v2\/product\/5893","targetHints":{"allow":["GET"]}}],"collection":[{"href":"https:\/\/medicinasinc.com\/cs\/wp-json\/wp\/v2\/product"}],"about":[{"href":"https:\/\/medicinasinc.com\/cs\/wp-json\/wp\/v2\/types\/product"}],"replies":[{"embeddable":true,"href":"https:\/\/medicinasinc.com\/cs\/wp-json\/wp\/v2\/comments?post=5893"}],"wp:featuredmedia":[{"embeddable":true,"href":"https:\/\/medicinasinc.com\/cs\/wp-json\/wp\/v2\/media\/5922"}],"wp:attachment":[{"href":"https:\/\/medicinasinc.com\/cs\/wp-json\/wp\/v2\/media?parent=5893"}],"wp:term":[{"taxonomy":"product_brand","embeddable":true,"href":"https:\/\/medicinasinc.com\/cs\/wp-json\/wp\/v2\/product_brand?post=5893"},{"taxonomy":"product_cat","embeddable":true,"href":"https:\/\/medicinasinc.com\/cs\/wp-json\/wp\/v2\/product_cat?post=5893"},{"taxonomy":"product_tag","embeddable":true,"href":"https:\/\/medicinasinc.com\/cs\/wp-json\/wp\/v2\/product_tag?post=5893"}],"curies":[{"name":"wp","href":"https:\/\/api.w.org\/{rel}","templated":true}]}}