{"id":5890,"date":"2022-02-22T08:03:24","date_gmt":"2022-02-22T08:03:24","guid":{"rendered":"https:\/\/medicinasinc.com\/cs\/?post_type=product&#038;p=5890"},"modified":"2022-03-14T11:24:30","modified_gmt":"2022-03-14T11:24:30","slug":"buy-apaan-online-alfa-fenylacetoacetonitril","status":"publish","type":"product","link":"https:\/\/medicinasinc.com\/cs\/product\/buy-apaan-online-alfa-fenylacetoacetonitril\/","title":{"rendered":"Koupit APAAN online (alfa-fenylacetoacetonitril)"},"content":{"rendered":"<p>Kupte si APAAN od renomovan\u00e9 online l\u00e9k\u00e1rny.<\/p>\n<p>APAAN, registra\u010dn\u00ed \u010d\u00edslo CAS 4468-48-8, je krystalick\u00fd pr\u00e1\u0161ek b\u00edl\u00e9 a\u017e sv\u011btle \u017elut\u00e9 barvy, kter\u00fd je syntetizov\u00e1n z benzylkyanidu.<\/p>\n<p>Co je APAAN (alfa-fenylacetoacetonitril)?<\/p>\n<p>Alfa-fenylacetoacetonitril je chemick\u00e1 l\u00e1tka s \u010d\u00edslem CAS 4468-48-8, kterou z\u00e1kon o kontrolovan\u00fdch l\u00e1tk\u00e1ch klasifikuje jako l\u00e1tku seznamu I (CSA). Bylo zji\u0161t\u011bno, \u017ee se pou\u017e\u00edv\u00e1 v tajn\u00fdch chemick\u00fdch laborato\u0159\u00edch k nez\u00e1konn\u00e9 v\u00fdrob\u011b l\u00e1tky omezen\u00e9 podle pl\u00e1nu II zn\u00e1m\u00e9 jako fenyl-2-propanon nebo P2P), metamfetaminu a amfetaminu. V d\u016fsledku toho DEA po\u017e\u00e1dala, aby byla klasifikov\u00e1na jako kontrolovan\u00e1 l\u00e1tka.<\/p>\n<p>Jak\u00e1koli chemick\u00e1 sm\u011bs obsahuj\u00edc\u00ed alfa-fenylacetoacetonitril je regulov\u00e1na CSA, krom\u011b omezen\u00fdch okolnost\u00ed.<\/p>\n<p>Co. jsou n\u011bkter\u00e1 synonyma alfa fenylacetoacetonitrilu?<\/p>\n<p>Nav\u00edc je alfa fenylacetoacetonitril ozna\u010dov\u00e1n n\u00e1sleduj\u00edc\u00edmi n\u00e1zvy:<\/p>\n<p>NSC 11777 NSC 25183 NSC 55206 APAAN 2-fenylacetoacetonitril<br \/> Co je mnoho dostupn\u00e9 typy alfa fenylacetoacetonitrilu?<\/p>\n<p>Tato chemik\u00e1lie je dostupn\u00e1 v pr\u00e1\u0161kov\u00e9, \u017elut\u00e9, hn\u011bd\u00e9 nebo b\u00edl\u00e9 form\u011b a tak\u00e9 v krystalick\u00e9 form\u011b se slab\u00fdm sl\u00e1mov\u011b \u017elut\u00fdm odst\u00ednem.<\/p>\n<p>Jak mohu koupit alfa fenylacetoacetonitril?<\/p>\n<p>Alfa fenylacetoacetonitril je mo\u017en\u00e9 zakoupit prost\u0159ednictv\u00edm na\u0161eho online obchodu. Na\u0161e chemik\u00e1lie je extr\u00e9mn\u011b \u010dist\u00e1. Nejen to, nav\u00edc jej od n\u00e1s dostanete za v\u00fdrazn\u011b ni\u017e\u0161\u00ed cenu ne\u017e v\u011bt\u0161ina ostatn\u00edch prodejc\u016f na trhu. Dal\u0161\u00edm p\u0159esv\u011bd\u010div\u00fdm podn\u011btem k nakupov\u00e1n\u00ed v na\u0161em internetov\u00e9m obchod\u011b je to, \u017ee jej distribuujeme diskr\u00e9tn\u011b a bezpe\u010dn\u011b na\u0161im z\u00e1kazn\u00edk\u016fm na mnoha m\u00edstech po cel\u00e9m sv\u011bt\u011b prost\u0159ednictv\u00edm na\u0161ich d\u016fv\u011bryhodn\u00fdch kur\u00fdrn\u00edch partner\u016f.<\/p>\n<p>Jak\u00e9 vlastnosti m\u00e1 Alpha Phenylacetoacetonitril?<br \/> N\u00ed\u017ee jsou uvedeny specifick\u00e9 vlastnosti t\u00e9to chemik\u00e1lie:<\/p>\n<p>Pro tuto \u010d\u00e1st pou\u017eijte tabulku (nap\u0159\u00edklad bod t\u00e1n\u00ed, bod varu, hustotu, \u010d\u00edslo CAS, \u010distotu a molekulovou hmotnost).<\/p>\n<p>Jak\u00e9 aplikace m\u00e1 Alpha Phenylacetoacetonitril?<\/p>\n<p>Alpha Fenylacetoacetonitril nem\u00e1 \u017e\u00e1dn\u00e9 autorizovan\u00e9 pou\u017eit\u00ed krom\u011b pro \u00fa\u010dely v\u00fdzkumu a v\u00fdvoje a tak\u00e9 pro analytick\u00e9 \u00fa\u010dely v laborato\u0159\u00edch.<\/p>\n<p>N\u011bkolik zn\u00e1m\u00fdch prodejc\u016f tato chemick\u00e1 l\u00e1tka zahrnuje n\u00e1sleduj\u00edc\u00ed:<br \/> N\u00ed\u017ee je uveden seznam dodavatel\u016f alfa fenylacetoacetonitrilu:<br \/> Aurum Pharmatech LLC Activate Scientific<br \/> Heterocyclics Research Chemik\u00e1lie a stavebn\u00ed bloky MolPort<br \/> Chemick\u00fd v\u00fdzkum a v\u00fdvoj od Vlci<br \/> AK Scienti fic, Inc. (AKSCI) Alfa Chemistry Oakwood Products<br \/> APIChem Technology Vitas-M Laboratory LabNetwork, spole\u010dnost WuXi AppTec Chemieliva Pharmaceutical Co., Ltd Hangzhou APIChem Technology Vitas-M Laboratory<br \/> Jak se syntetizuje Alpha Phenylacetoacetonitril resp. p\u0159ipraveno?<\/p>\n<p>60 g \u010dist\u00e9ho sod\u00edku o hmotnosti 2,6 gram\u016f se sm\u00edch\u00e1 se 700 ccm absolutn\u00edho alkoholu. Roztok ethoxidu sodn\u00e9ho se p\u0159iprav\u00ed touto metodou v 2-1 ba\u0148ce s kulat\u00fdm dnem vybaven\u00e9 zp\u011btn\u00fdm chladi\u010dem. K tomuto zah\u0159\u00e1t\u00e9mu roztoku se p\u0159id\u00e1 234 g nebo 2 moly \u010dist\u00e9ho benzylkyanidu a 264 g nebo 3 moly such\u00e9ho ethylacet\u00e1tu a \u0159\u00e1dn\u011b se prot\u0159epe. Kondenz\u00e1tor je ut\u011bsn\u011bn trubic\u00ed s chloridem v\u00e1penat\u00fdm. Roztok se va\u0159\u00ed v parn\u00ed l\u00e1zni po dobu dvou hodin a pot\u00e9 se nech\u00e1 p\u0159es noc. N\u00e1sleduj\u00edc\u00ed r\u00e1no si v\u0161imnete, \u017ee se ve sm\u011bsi vytvo\u0159ily hrudky. V d\u016fsledku toho se k prom\u00edch\u00e1n\u00ed kapaliny pou\u017e\u00edv\u00e1 d\u0159ev\u011bn\u00e1 ty\u010d, kter\u00e1 zp\u016fsobuje rozt\u0159\u00ed\u0161t\u011bn\u00ed hrudek. N\u00e1sledn\u011b se pou\u017eije mrazic\u00ed sm\u011bs k ochlazen\u00ed na teplotu 10\u00b0. Teplota se pak udr\u017euje na t\u00e9to \u00farovni po dobu dvou hodin. 6 palc\u016f B\u00fcchnerova n\u00e1levka se pou\u017e\u00edv\u00e1 ke sb\u011bru sodn\u00e9 soli, kter\u00e1 se v n\u00e1levce \u010dty\u0159ikr\u00e1t propl\u00e1chne 250 cm3. \u010d\u00e1sti \u00e9teru. Objev\u00edte bezbarv\u00fd filtra\u010dn\u00ed kol\u00e1\u010d o hmotnosti 250\u2013275 g. such\u00e9 sodn\u00e9 soli nebo 69\u201376 % p\u0159edpokl\u00e1dan\u00e9ho mno\u017estv\u00ed. Filtr\u00e1ty spojte a p\u0159idejte je do mraz\u00edc\u00ed sm\u011bsi.<\/p>\n<p>P\u0159i pokojov\u00e9 teplot\u011b rozpus\u0165te sodnou s\u016fl, kter\u00e1 je je\u0161t\u011b vlhk\u00e1 etherem, v 1,3 l destil\u00e1tu vodou a pot\u00e9 roztok ochla\u010fte na 0 \u00b0C. Nitril vysr\u00e1\u017eejte jemn\u00fdm p\u0159id\u00e1n\u00edm 90 cm3 ledov\u00e9 kyseliny octov\u00e9 a energicky prot\u0159epejte. Sra\u017eenina se odd\u011bl\u00ed sac\u00ed filtrac\u00ed a \u010dty\u0159ikr\u00e1t se promyje n\u00e1levkou ve 250 cm3 vody. Nyn\u00ed byste m\u011bli m\u00edt vlhk\u00fd kol\u00e1\u010d -Fenylacetoacetonitrilu o hmotnosti 300 g (188-206 g). Je z 59\u201364 procent such\u00fd a m\u00e1 bod t\u00e1n\u00ed 87\u201389 \u00b0C, co\u017e je vhodn\u00e9 pro v\u011bt\u0161inu aplikac\u00ed.<\/p>\n<p>Pokud je po\u017eadov\u00e1na rekrystalizace surov\u00e9 chemik\u00e1lie, rozpus\u0165te vlhk\u00fd kol\u00e1\u010d ve 100 cm3 vrouc\u00ed metylalkohol. Roztok se filtruje a m\u00edch\u00e1n\u00edm se ochlad\u00ed na teplotu 10 \u00b0C. Krystaly se odsaj\u00ed a jednou se promyj\u00ed 40 ml methylalkoholu ochlazen\u00e9ho na 10 \u00b0C. Produkt v\u00e1\u017e\u00ed 173\u2013191 g (54 %\u201360 %) v such\u00e9m stavu a m\u00e1 teplotu t\u00e1n\u00ed 88,5\u201389,5 \u00b0C. V 5-1. V ba\u0148ce se spoj\u00ed filtr\u00e1ty a prom\u00fdvac\u00ed roztoky ze separace sodn\u00e9 soli. M\u016f\u017eete jej na\u0159edit ledovou vodou a\u017e do bodu, kdy je ba\u0148ka zcela pln\u00e1. Pomoc\u00ed sifonu zcela odstra\u0148te spodn\u00ed vrstvu. Zna\u010dnou \u010d\u00e1st etheru lze odstranit dekantac\u00ed a zbytek odd\u011blit pomoc\u00ed d\u011blic\u00ed n\u00e1levky.<\/p>\n<p>Vodnou vrstvu je\u0161t\u011b dvakr\u00e1t extrahujte pomoc\u00ed 500 ml d\u00edl\u016f etheru a pot\u00e9 etherov\u00e9 extrakty zlikvidujte.<\/p>\n<p>P\u0159i sn\u00ed\u017een\u00e9m tlaku m\u016f\u017eete odstranit ve\u0161ker\u00e9 zbytky etheru ve vodn\u00e9 vrstv\u011b tak, \u017ee budete nas\u00e1vat vzduch p\u0159es roztok po dobu jedn\u00e9 hodiny pomoc\u00ed ods\u00e1va\u010dky. P\u0159id\u00e1n\u00edm 60 cm3 ledov\u00e9 kyseliny octov\u00e9 se vysr\u00e1\u017e\u00ed -fenylacetoacetonitril.<\/p>\n<p>Pokud se olej zlikviduje, pono\u0159te ba\u0148ku do ledov\u00e9 l\u00e1zn\u011b, dokud sra\u017eenina nezkrystalizuje. Krystaly se odd\u011bl\u00ed sac\u00ed filtrac\u00ed a \u010dty\u0159ikr\u00e1t se promyj\u00ed v n\u00e1levce napln\u011bn\u00e9 50 cm3 vody. T\u0159\u00edslov\u011b zbarven\u00fd materi\u00e1l v\u00e1\u017e\u00ed 50\u201355 g a po vysu\u0161en\u00ed m\u00e1 bod t\u00e1n\u00ed 83\u201386 \u00b0C. Pot\u00e9 se rozpust\u00ed v methylalkoholov\u00fdch mate\u010dn\u00fdch louz\u00edch, kter\u00e9 zbyly po krystalizaci p\u0159edchoz\u00ed \u0161ar\u017ee. V\u00fdsledn\u00fd roztok se potom zah\u0159\u00edv\u00e1 v p\u0159\u00edtomnosti stop noritu. P\u0159efiltruje se a ochlad\u00ed na teplotu 10\u00b0. Vytvo\u0159en\u00e9 krystaly se shrom\u00e1\u017ed\u00ed pomoc\u00ed filtru a promyj\u00ed se 10 cm3 studen\u00e9ho methylalkoholu a pot\u00e9 se su\u0161\u00ed. Pot\u00e9 se z\u00edsk\u00e1 43\u201348 gramov\u00e1 hmota se sv\u011btle sl\u00e1movou barvou a bodem t\u00e1n\u00ed 87\u201389 \u00b0C. Rekrystalizuje se z roztoku 25 cm3 \u010dist\u00e9ho methylalkoholu a 10 cm3 studen\u00e9ho metylalkoholu. Vyr\u00e1b\u00ed se 37\u201341 g materi\u00e1l s bodem t\u00e1n\u00ed 88,5\u201389,5\u00b0. V\u00fdsledkem je celkov\u00fd materi\u00e1l t\u00e9to \u010distoty o hmotnosti mezi 210 a 232 g, neboli 66\u201373 procent teoretick\u00e9ho mno\u017estv\u00ed.<\/p>\n<p>Jak\u00e9 vlastnosti m\u00e1 alfa fenylacetoacetonitril?<\/p>\n<p>N\u00e1sleduj\u00ed specifick\u00e9 vlastnosti t\u00e9to chemik\u00e1lie:<\/p>\n<p>Molekulov\u00e1 hmotnost: 159,188 g\/mol P\u0159esn\u00e1 hmotnost: 159,068 g\/mol CAS: 4468-48-8<br \/> 99,8% \u010distota<br \/> Kolik Alpha Cena fenylacetoacetonitrilu?<\/p>\n<p>Cena t\u00e9to chemik\u00e1lie se li\u0161\u00ed podle poskytovatele. Skute\u010dn\u00e1 cena je ur\u010dena slevou poskytnutou online prodejcem a mno\u017estv\u00edm zakoupen\u00e9 chemik\u00e1lie. M\u016f\u017eeme v\u00e1m zaru\u010dit, \u017ee u n\u00e1s jej najdete za nejlep\u0161\u00ed cenu na trhu. Krom\u011b toho garantujeme kvalitu produktu a rychl\u00e9 dod\u00e1n\u00ed a\u017e k v\u00e1m dom\u016f.<\/p>\n<p>Jak je alfa fenylacetoacetonitril klasifikov\u00e1n z pr\u00e1vn\u00edho hlediska?<\/p>\n<p>Vzhledem k tomu, \u017ee alfa fenylacetoacetonitril je chemick\u00e1 l\u00e1tka podle seznamu I, v\u0161echny transakce V\u00fdrobci sm\u011bs\u00ed obsahuj\u00edc\u00edch tuto chemik\u00e1lii, kter\u00e9 nespl\u0148uj\u00ed podm\u00ednky pro automatickou v\u00fdjimku, jsou kontrolov\u00e1ny bez ohledu na jejich mno\u017estv\u00ed. \u017d\u00e1dost o v\u00fdjimku mus\u00ed podat, proto\u017ee v\u0161echny chemick\u00e9 sm\u011bsi, kter\u00e9 ji obsahuj\u00ed, v jak\u00e9koli koncentraci jsou regulov\u00e1ny. <\/p>\n<p>Jak\u00e1 jsou varov\u00e1n\u00ed spojen\u00e1 s touto chemickou l\u00e1tkou, kter\u00e1 mus\u00edte dodr\u017eovat?<\/p>\n<p>P\u0159i manipulaci s touto l\u00e1tkou je t\u0159eba v\u011bnovat ur\u010ditou pozornost ochran\u011b sv\u00e9 bezpe\u010dnosti. N\u00e1sleduj\u00ed varov\u00e1n\u00ed a bezpe\u010dnostn\u00ed opat\u0159en\u00ed:<\/p>\n<p>P\u0159i or\u00e1ln\u00edm po\u017eit\u00ed je tato chemik\u00e1lie extr\u00e9mn\u011b nebezpe\u010dn\u00e1. Proto se mu za ka\u017edou cenu vyhn\u011bte.<br \/> Proto\u017ee je nebezpe\u010dn\u00fd, pokud se dostane do kontaktu s va\u0161\u00edm masem, mus\u00edte s n\u00edm zach\u00e1zet s maxim\u00e1ln\u00ed opatrnost\u00ed a pou\u017e\u00edvat rukavice, abyste si chr\u00e1nili poko\u017eku.<br \/> Budete poci\u0165ovat podr\u00e1\u017ed\u011bn\u00ed poko\u017eky a m\u016f\u017ee dokonce korodovat, proto se vyvarujte bl\u00edzk\u00e9ho dotyku.<br \/> Proto\u017ee je zn\u00e1mo, \u017ee chemik\u00e1lie zp\u016fsobuje v\u00e1\u017en\u00e9 podr\u00e1\u017ed\u011bn\u00ed a po\u0161kozen\u00ed o\u010d\u00ed, je d\u016fle\u017eit\u00e9 pou\u017e\u00edvat ochrann\u00e9 br\u00fdle, kter\u00e9 zcela zakr\u00fdvaj\u00ed o\u010di, a t\u00edm zabr\u00e1n\u00ed necht\u011bn\u00e9mu kontaktu s o\u010dima.<br \/> Bylo zji\u0161t\u011bno, \u017ee je extr\u00e9mn\u011b nebezpe\u010dn\u00fd p\u0159i vdechov\u00e1n\u00ed. Obli\u010dej tedy mus\u00ed b\u00fdt zakryt\u00fd, aby se zabr\u00e1nilo ne\u00famysln\u00e9mu vdechnut\u00ed chemik\u00e1lie p\u0159i prov\u00e1d\u011bn\u00ed v\u00fdzkumu, v\u00fdvoje nebo anal\u00fdzy.<br \/> L\u00e9k je dostate\u010dn\u011b siln\u00fd, aby vyvolal d\u00fdchac\u00ed pot\u00ed\u017ee. I jedin\u00e1 expozice m\u016f\u017ee zp\u016fsobit toxicitu pro c\u00edlov\u00fd org\u00e1n. Je mo\u017en\u00fd v\u00e1\u017en\u00fd z\u00e1n\u011bt, zejm\u00e9na v d\u00fdchac\u00edm traktu.<\/p>\n<p>Zakoupit APAAN online | Koupit APAAN na prodej | Koupit APAAN online | Koupit APAAN Online (USA, \u010c\u00cdNA, UK, WORLDWIDE)<\/p>\n","protected":false},"excerpt":{"rendered":"<p>Koupit APAAN (alfa-fenylacetoacetonitril) na prodej Evropa, Velk\u00e1 Brit\u00e1nie online bez p\u0159edpisu. Objedn\u00e1vejte APAAN (alfa-fenylacetoacetonitril) online.<\/p>\n<p>APAAN (alfa-fenylacetoacetonitril) je analytick\u00fd referen\u010dn\u00ed standard se strukturou podobnou amfetaminu.<\/p>\n<p>-acetylbenzenacetonitril<\/p>\n<p> 4468-48-8 \u010c. CAS<\/p>\n<p>Synonyma :APAAN ,2-fenylacetoacetonitril<\/p>\n<p>Molekul\u00e1rn\u00ed vzorec: C10H9NO<\/p>\n<p>Hmotnost vzorce: 159,2<\/p>\n<p>\u010cistota :\u226598 %<\/p>\n<p>Receptura: Krystalick\u00e1 pevn\u00e1 l\u00e1tka<\/p>\n<p>\u03bbmax :264 nm<\/p>\n<p>Skladov\u00e1n\u00ed: -20\u00b0C<\/p>\n<p>Stabilita :\u2265 2 roky<\/p>\n","protected":false},"featured_media":5916,"comment_status":"open","ping_status":"closed","template":"","meta":[],"product_brand":[],"product_cat":[703],"product_tag":[],"class_list":{"0":"post-5890","1":"product","2":"type-product","3":"status-publish","4":"has-post-thumbnail","6":"product_cat-kupte-si-psychedelicke-drogy","8":"first","9":"instock","10":"shipping-taxable","11":"purchasable","12":"product-type-variable"},"yoast_head":"<!-- This site is optimized with the Yoast SEO plugin v27.3 - https:\/\/yoast.com\/product\/yoast-seo-wordpress\/ -->\n<title>Koupit APAAN online (alfa-fenylacetoacetonitril) \u2013 nejlep\u0161\u00ed glob\u00e1ln\u00ed l\u00e9ky<\/title>\n<meta name=\"description\" content=\"Koupit APAAN (alfa-fenylacetoacetonitril) na prodej Evropa, Velk\u00e1 Brit\u00e1nie online bez p\u0159edpisu. Objednejte si APAAN (alfa-fenylacetoacetonitril) online.\" \/>\n<meta name=\"robots\" content=\"index, follow, max-snippet:-1, max-image-preview:large, max-video-preview:-1\" \/>\n<link rel=\"canonical\" href=\"https:\/\/medicinasinc.com\/cs\/product\/buy-apaan-online-alfa-fenylacetoacetonitril\/\" \/>\n<meta property=\"og:locale\" content=\"en_US\" \/>\n<meta property=\"og:type\" content=\"article\" \/>\n<meta property=\"og:title\" content=\"Koupit APAAN online (alfa-fenylacetoacetonitril) \u2013 nejlep\u0161\u00ed glob\u00e1ln\u00ed l\u00e9ky\" \/>\n<meta property=\"og:description\" content=\"Koupit APAAN (alfa-fenylacetoacetonitril) na prodej Evropa, Velk\u00e1 Brit\u00e1nie online bez p\u0159edpisu. Objednejte si APAAN (alfa-fenylacetoacetonitril) online.\" \/>\n<meta property=\"og:url\" content=\"https:\/\/medicinasinc.com\/cs\/product\/buy-apaan-online-alfa-fenylacetoacetonitril\/\" \/>\n<meta property=\"og:site_name\" content=\"Medicinas Inc\" \/>\n<meta property=\"article:modified_time\" content=\"2022-03-14T11:24:30+00:00\" \/>\n<meta property=\"og:image\" content=\"https:\/\/medicinasinc.com\/cs\/wp-content\/uploads\/sites\/2\/2022\/02\/buy-apaan-alpha-phenylacetoacetonitrile.jpg\" \/>\n\t<meta property=\"og:image:width\" content=\"600\" \/>\n\t<meta property=\"og:image:height\" content=\"600\" \/>\n\t<meta property=\"og:image:type\" content=\"image\/jpeg\" \/>\n<meta name=\"twitter:card\" content=\"summary_large_image\" \/>\n<meta name=\"twitter:label1\" content=\"Est. reading time\" \/>\n\t<meta name=\"twitter:data1\" content=\"6 minutes\" \/>\n<script type=\"application\/ld+json\" class=\"yoast-schema-graph\">{\"@context\":\"https:\\\/\\\/schema.org\",\"@graph\":[{\"@type\":\"WebPage\",\"@id\":\"https:\\\/\\\/medicinasinc.com\\\/cs\\\/product\\\/buy-apaan-online-alfa-fenylacetoacetonitril\\\/\",\"url\":\"https:\\\/\\\/medicinasinc.com\\\/cs\\\/product\\\/buy-apaan-online-alfa-fenylacetoacetonitril\\\/\",\"name\":\"Koupit APAAN online (alfa-fenylacetoacetonitril) \u2013 nejlep\u0161\u00ed glob\u00e1ln\u00ed l\u00e9ky\",\"isPartOf\":{\"@id\":\"https:\\\/\\\/medicinasinc.com\\\/cs\\\/#website\"},\"primaryImageOfPage\":{\"@id\":\"https:\\\/\\\/medicinasinc.com\\\/cs\\\/product\\\/buy-apaan-online-alfa-fenylacetoacetonitril\\\/#primaryimage\"},\"image\":{\"@id\":\"https:\\\/\\\/medicinasinc.com\\\/cs\\\/product\\\/buy-apaan-online-alfa-fenylacetoacetonitril\\\/#primaryimage\"},\"thumbnailUrl\":\"https:\\\/\\\/medicinasinc.com\\\/cs\\\/wp-content\\\/uploads\\\/sites\\\/2\\\/2022\\\/02\\\/buy-apaan-alpha-phenylacetoacetonitrile.jpg\",\"datePublished\":\"2022-02-22T08:03:24+00:00\",\"dateModified\":\"2022-03-14T11:24:30+00:00\",\"description\":\"Koupit APAAN (alfa-fenylacetoacetonitril) na prodej Evropa, Velk\u00e1 Brit\u00e1nie online bez p\u0159edpisu. Objednejte si APAAN (alfa-fenylacetoacetonitril) online.\",\"breadcrumb\":{\"@id\":\"https:\\\/\\\/medicinasinc.com\\\/cs\\\/product\\\/buy-apaan-online-alfa-fenylacetoacetonitril\\\/#breadcrumb\"},\"inLanguage\":\"en-US\",\"potentialAction\":[{\"@type\":\"ReadAction\",\"target\":[\"https:\\\/\\\/medicinasinc.com\\\/cs\\\/product\\\/buy-apaan-online-alfa-fenylacetoacetonitril\\\/\"]}]},{\"@type\":\"ImageObject\",\"inLanguage\":\"en-US\",\"@id\":\"https:\\\/\\\/medicinasinc.com\\\/cs\\\/product\\\/buy-apaan-online-alfa-fenylacetoacetonitril\\\/#primaryimage\",\"url\":\"https:\\\/\\\/medicinasinc.com\\\/cs\\\/wp-content\\\/uploads\\\/sites\\\/2\\\/2022\\\/02\\\/buy-apaan-alpha-phenylacetoacetonitrile.jpg\",\"contentUrl\":\"https:\\\/\\\/medicinasinc.com\\\/cs\\\/wp-content\\\/uploads\\\/sites\\\/2\\\/2022\\\/02\\\/buy-apaan-alpha-phenylacetoacetonitrile.jpg\",\"width\":600,\"height\":600},{\"@type\":\"BreadcrumbList\",\"@id\":\"https:\\\/\\\/medicinasinc.com\\\/cs\\\/product\\\/buy-apaan-online-alfa-fenylacetoacetonitril\\\/#breadcrumb\",\"itemListElement\":[{\"@type\":\"ListItem\",\"position\":1,\"name\":\"Obchod\",\"item\":\"https:\\\/\\\/medicinasinc.com\\\/cs\\\/obchod\\\/\"},{\"@type\":\"ListItem\",\"position\":2,\"name\":\"Koupit APAAN online (alfa-fenylacetoacetonitril)\"}]},{\"@type\":\"WebSite\",\"@id\":\"https:\\\/\\\/medicinasinc.com\\\/cs\\\/#website\",\"url\":\"https:\\\/\\\/medicinasinc.com\\\/cs\\\/\",\"name\":\"Medicinas Inc\",\"description\":\"Health Medical Clinic\",\"potentialAction\":[{\"@type\":\"SearchAction\",\"target\":{\"@type\":\"EntryPoint\",\"urlTemplate\":\"https:\\\/\\\/medicinasinc.com\\\/cs\\\/?s={search_term_string}\"},\"query-input\":{\"@type\":\"PropertyValueSpecification\",\"valueRequired\":true,\"valueName\":\"search_term_string\"}}],\"inLanguage\":\"en-US\"}]}<\/script>\n<!-- \/ Yoast SEO plugin. -->","yoast_head_json":{"title":"Koupit APAAN online (alfa-fenylacetoacetonitril) \u2013 nejlep\u0161\u00ed glob\u00e1ln\u00ed l\u00e9ky","description":"Koupit APAAN (alfa-fenylacetoacetonitril) na prodej Evropa, Velk\u00e1 Brit\u00e1nie online bez p\u0159edpisu. Objednejte si APAAN (alfa-fenylacetoacetonitril) online.","robots":{"index":"index","follow":"follow","max-snippet":"max-snippet:-1","max-image-preview":"max-image-preview:large","max-video-preview":"max-video-preview:-1"},"canonical":"https:\/\/medicinasinc.com\/cs\/product\/buy-apaan-online-alfa-fenylacetoacetonitril\/","og_locale":"en_US","og_type":"article","og_title":"Koupit APAAN online (alfa-fenylacetoacetonitril) \u2013 nejlep\u0161\u00ed glob\u00e1ln\u00ed l\u00e9ky","og_description":"Koupit APAAN (alfa-fenylacetoacetonitril) na prodej Evropa, Velk\u00e1 Brit\u00e1nie online bez p\u0159edpisu. Objednejte si APAAN (alfa-fenylacetoacetonitril) online.","og_url":"https:\/\/medicinasinc.com\/cs\/product\/buy-apaan-online-alfa-fenylacetoacetonitril\/","og_site_name":"Medicinas Inc","article_modified_time":"2022-03-14T11:24:30+00:00","og_image":[{"width":600,"height":600,"url":"https:\/\/medicinasinc.com\/cs\/wp-content\/uploads\/sites\/2\/2022\/02\/buy-apaan-alpha-phenylacetoacetonitrile.jpg","type":"image\/jpeg"}],"twitter_card":"summary_large_image","twitter_misc":{"Est. reading time":"6 minutes"},"schema":{"@context":"https:\/\/schema.org","@graph":[{"@type":"WebPage","@id":"https:\/\/medicinasinc.com\/cs\/product\/buy-apaan-online-alfa-fenylacetoacetonitril\/","url":"https:\/\/medicinasinc.com\/cs\/product\/buy-apaan-online-alfa-fenylacetoacetonitril\/","name":"Koupit APAAN online (alfa-fenylacetoacetonitril) \u2013 nejlep\u0161\u00ed glob\u00e1ln\u00ed l\u00e9ky","isPartOf":{"@id":"https:\/\/medicinasinc.com\/cs\/#website"},"primaryImageOfPage":{"@id":"https:\/\/medicinasinc.com\/cs\/product\/buy-apaan-online-alfa-fenylacetoacetonitril\/#primaryimage"},"image":{"@id":"https:\/\/medicinasinc.com\/cs\/product\/buy-apaan-online-alfa-fenylacetoacetonitril\/#primaryimage"},"thumbnailUrl":"https:\/\/medicinasinc.com\/cs\/wp-content\/uploads\/sites\/2\/2022\/02\/buy-apaan-alpha-phenylacetoacetonitrile.jpg","datePublished":"2022-02-22T08:03:24+00:00","dateModified":"2022-03-14T11:24:30+00:00","description":"Koupit APAAN (alfa-fenylacetoacetonitril) na prodej Evropa, Velk\u00e1 Brit\u00e1nie online bez p\u0159edpisu. Objednejte si APAAN (alfa-fenylacetoacetonitril) online.","breadcrumb":{"@id":"https:\/\/medicinasinc.com\/cs\/product\/buy-apaan-online-alfa-fenylacetoacetonitril\/#breadcrumb"},"inLanguage":"en-US","potentialAction":[{"@type":"ReadAction","target":["https:\/\/medicinasinc.com\/cs\/product\/buy-apaan-online-alfa-fenylacetoacetonitril\/"]}]},{"@type":"ImageObject","inLanguage":"en-US","@id":"https:\/\/medicinasinc.com\/cs\/product\/buy-apaan-online-alfa-fenylacetoacetonitril\/#primaryimage","url":"https:\/\/medicinasinc.com\/cs\/wp-content\/uploads\/sites\/2\/2022\/02\/buy-apaan-alpha-phenylacetoacetonitrile.jpg","contentUrl":"https:\/\/medicinasinc.com\/cs\/wp-content\/uploads\/sites\/2\/2022\/02\/buy-apaan-alpha-phenylacetoacetonitrile.jpg","width":600,"height":600},{"@type":"BreadcrumbList","@id":"https:\/\/medicinasinc.com\/cs\/product\/buy-apaan-online-alfa-fenylacetoacetonitril\/#breadcrumb","itemListElement":[{"@type":"ListItem","position":1,"name":"Obchod","item":"https:\/\/medicinasinc.com\/cs\/obchod\/"},{"@type":"ListItem","position":2,"name":"Koupit APAAN online (alfa-fenylacetoacetonitril)"}]},{"@type":"WebSite","@id":"https:\/\/medicinasinc.com\/cs\/#website","url":"https:\/\/medicinasinc.com\/cs\/","name":"Medicinas Inc","description":"Health Medical Clinic","potentialAction":[{"@type":"SearchAction","target":{"@type":"EntryPoint","urlTemplate":"https:\/\/medicinasinc.com\/cs\/?s={search_term_string}"},"query-input":{"@type":"PropertyValueSpecification","valueRequired":true,"valueName":"search_term_string"}}],"inLanguage":"en-US"}]}},"_links":{"self":[{"href":"https:\/\/medicinasinc.com\/cs\/wp-json\/wp\/v2\/product\/5890","targetHints":{"allow":["GET"]}}],"collection":[{"href":"https:\/\/medicinasinc.com\/cs\/wp-json\/wp\/v2\/product"}],"about":[{"href":"https:\/\/medicinasinc.com\/cs\/wp-json\/wp\/v2\/types\/product"}],"replies":[{"embeddable":true,"href":"https:\/\/medicinasinc.com\/cs\/wp-json\/wp\/v2\/comments?post=5890"}],"wp:featuredmedia":[{"embeddable":true,"href":"https:\/\/medicinasinc.com\/cs\/wp-json\/wp\/v2\/media\/5916"}],"wp:attachment":[{"href":"https:\/\/medicinasinc.com\/cs\/wp-json\/wp\/v2\/media?parent=5890"}],"wp:term":[{"taxonomy":"product_brand","embeddable":true,"href":"https:\/\/medicinasinc.com\/cs\/wp-json\/wp\/v2\/product_brand?post=5890"},{"taxonomy":"product_cat","embeddable":true,"href":"https:\/\/medicinasinc.com\/cs\/wp-json\/wp\/v2\/product_cat?post=5890"},{"taxonomy":"product_tag","embeddable":true,"href":"https:\/\/medicinasinc.com\/cs\/wp-json\/wp\/v2\/product_tag?post=5890"}],"curies":[{"name":"wp","href":"https:\/\/api.w.org\/{rel}","templated":true}]}}