{"id":5881,"date":"2022-02-22T07:53:30","date_gmt":"2022-02-22T07:53:30","guid":{"rendered":"https:\/\/medicinasinc.com\/cs\/?post_type=product&#038;p=5881"},"modified":"2022-09-16T11:58:47","modified_gmt":"2022-09-16T11:58:47","slug":"buy-dilaudid-8-mg","status":"publish","type":"product","link":"https:\/\/medicinasinc.com\/cs\/product\/buy-dilaudid-8-mg\/","title":{"rendered":"Koupit Dilaudid 8 mg"},"content":{"rendered":"<p>Hydromorfon je opioidn\u00ed l\u00e9k proti bolesti, kter\u00fd lze zakoupit online. Opioid je n\u011bkdy ozna\u010dov\u00e1n jako narkotikum.<\/p>\n<p>Dilaudid 8 mg je l\u00e9k na p\u0159edpis pou\u017e\u00edvan\u00fd k l\u00e9\u010db\u011b st\u0159edn\u011b siln\u00e9 a\u017e siln\u00e9 bolesti.<\/p>\n<p>Tento l\u00e9k je dostupn\u00fd ve formulaci s prodlou\u017een\u00fdm uvol\u0148ov\u00e1n\u00edm pro l\u00e9\u010dba st\u0159edn\u011b siln\u00e9 a\u017e siln\u00e9 bolesti 24 hodin denn\u011b. Tato l\u00e9kov\u00e1 forma p\u0159\u00edpravku Dilaudid 8 mg nen\u00ed ur\u010dena k pou\u017eit\u00ed podle pot\u0159eby p\u0159i bolesti.<\/p>\n<p>Hydromorfon Dilaudid 8 mg lze tak\u00e9 pou\u017e\u00edt pro jin\u00e1 pou\u017eit\u00ed, kter\u00e1 nejsou zahrnuta v tomto pr\u016fvodci l\u00e9\u010divy.<\/p>\n<p>Co jsou nejd\u016fle\u017eit\u011bj\u0161\u00ed informace, o kter\u00fdch bych si m\u011bl b\u00fdt v\u011bdom, pokud jde o hydromorfon?<\/p>\n<p>Pokud m\u00e1te z\u00e1va\u017en\u00e9 d\u00fdchac\u00ed pot\u00ed\u017ee nebo ucpan\u00fd \u017ealudek nebo st\u0159eva, nem\u011bli byste hydromorfon pou\u017e\u00edvat.<\/p>\n<p>8 mg. dilaudid Hydromorfon m\u016f\u017ee zp\u016fsobit rychl\u00e9 nebo \u00fapln\u00e9 zastaven\u00ed d\u00fdch\u00e1n\u00ed a m\u016f\u017ee u n\u011bj doj\u00edt k rozvoji n\u00e1vyku. Abyste se vyhnuli potenci\u00e1ln\u011b smrteln\u00e9 d\u00e1vce, vezm\u011bte si pouze p\u0159edepsanou d\u00e1vku a celou pilulku s prodlou\u017een\u00fdm uvol\u0148ov\u00e1n\u00edm spolkn\u011bte. Nikdy nepod\u00e1vejte Dilaudid 8 mg jin\u00e9 osob\u011b.<\/p>\n<p>&nbsp;<\/p>\n<p>NESPR\u00c1VN\u00c9 U\u017d\u00cdV\u00c1N\u00cd NARKOTICK\u00ddCH L\u00c9K\u016e M\u016e\u017dE ZP\u016eSOBIT Z\u00c1VISLOST, P\u0158ED\u00c1VKOV\u00c1N\u00cd NEBO SMRT, zejm\u00e9na u d\u011bt\u00ed nebo jin\u00fdch jedinc\u016f, kte\u0159\u00ed dostanou l\u00e9k bez p\u0159edpis.<\/p>\n<p>Pokud matka u\u017e\u00edvala Dilaudid 8 mg b\u011bhem t\u011bhotenstv\u00ed, novorozenec m\u016f\u017ee poci\u0165ovat \u017eivot ohro\u017euj\u00edc\u00ed abstinen\u010dn\u00ed p\u0159\u00edznaky.<\/p>\n<p>Nekonzumujte \u017e\u00e1dn\u00e9 alkoholick\u00e9 n\u00e1poje.<\/p>\n<p>Tam je mo\u017enost nebezpe\u010dn\u00fdch ne\u017e\u00e1douc\u00edch \u00fa\u010dink\u016f v\u010detn\u011b smrti.<\/p>\n<p>Co bych m\u011bl projednat se sv\u00fdm praktick\u00fdm l\u00e9ka\u0159em p\u0159ed zah\u00e1jen\u00edm l\u00e9\u010dby hydromorfonem?<\/p>\n<p>Tento l\u00e9k byste nem\u011bli u\u017e\u00edvat, pokud jste n\u011bkdy m\u011bli ne\u017e\u00e1douc\u00ed reakce na hydromorfon nebo jak\u00fdkoli jin\u00fd narkotick\u00fd l\u00e9k nebo pokud m\u00e1te n\u011bkter\u00fd z n\u00e1sleduj\u00edc\u00edch stav\u016f:<\/p>\n<p>t\u011b\u017ek\u00e9 astma nebo d\u00fdchac\u00ed pot\u00ed\u017ee; ucp\u00e1n\u00ed \u017ealudku nebo st\u0159ev; nebo paralytick\u00fd ileus, nepr\u016fchodnost st\u0159ev.<\/p>\n<p>Pokud jste b\u011bhem posledn\u00edch 14 dn\u016f u\u017e\u00edvali inhibitor MAO, neu\u017e\u00edvejte Dilaudid 8 mg hydromorfon. M\u016f\u017ee doj\u00edt k potenci\u00e1ln\u011b \u0161kodliv\u00e9 l\u00e9kov\u00e9 interakci. Isokarboxazid, linezolid, injekce methylenov\u00e9 mod\u0159i, fenelzin, rasagilin, selegilin a tranylcypromin jsou v\u0161echny inhibitory MAO.<\/p>\n<p>N\u011bkter\u00e9 l\u00e9ky mohou interagovat s hydromorfonem, co\u017e vede k potenci\u00e1ln\u011b smrteln\u00e9mu onemocn\u011bn\u00ed zvan\u00e9mu serotoninov\u00fd syndrom. Ujist\u011bte se, \u017ee v\u00e1\u0161 l\u00e9ka\u0159 v\u00ed o v\u0161ech l\u00e9c\u00edch, kter\u00e9 u\u017e\u00edv\u00e1te na depresi, du\u0161evn\u00ed choroby, Parkinsonovu chorobu, migr\u00e9nov\u00e9 bolesti hlavy, z\u00e1va\u017en\u00e9 infekce nebo prevenci nevolnosti a zvracen\u00ed. P\u0159ed proveden\u00edm jak\u00fdchkoli zm\u011bn ve zp\u016fsobu nebo frekvenci u\u017e\u00edv\u00e1n\u00ed l\u00e9k\u016f se pora\u010fte se sv\u00fdm l\u00e9ka\u0159em.<\/p>\n<p>M\u016f\u017ee se st\u00e1t, \u017ee nebudete moci u\u017e\u00edvat Dilaudid 8 mg hydromorfon, pokud v sou\u010dasn\u00e9 dob\u011b neu\u017e\u00edv\u00e1te opioidn\u00ed (narkotick\u00e9) l\u00e9ky proti bolesti a jsou k tomu tolerantn\u00ed. Pokud si nejste jisti, zda jste tolerantn\u00ed k opioid\u016fm, pora\u010fte se se sv\u00fdm l\u00e9ka\u0159em.<\/p>\n<p>Abyste se ujistili, \u017ee je pro v\u00e1s hydromorfon bezpe\u010dn\u00fd, informujte sv\u00e9ho l\u00e9ka\u0159e, pokud trp\u00edte n\u011bkter\u00fdm z n\u00e1sleduj\u00edc\u00edch onemocn\u011bn\u00ed:<\/p>\n<p>jak\u00fdkoli typ pot\u00ed\u017ee s d\u00fdch\u00e1n\u00edm nebo onemocn\u011bn\u00ed plic; anamn\u00e9za ot\u0159esu mozku, mozkov\u00e9ho n\u00e1doru nebo z\u00e1chvat\u016f; anamn\u00e9za zneu\u017e\u00edv\u00e1n\u00ed n\u00e1vykov\u00fdch l\u00e1tek, alkoholismu nebo du\u0161evn\u00ed choroby; probl\u00e9my s mo\u010den\u00edm; onemocn\u011bn\u00ed jater nebo ledvin; alergie na si\u0159i\u010ditany; Addisonova choroba nebo jin\u00e9 poruchy nadledvin; probl\u00e9my se \u017elu\u010dn\u00edkem, slinivkou nebo \u0161t\u00edtnou \u017el\u00e1zou; nebo pokud u\u017e\u00edv\u00e1te sedativum, jako je Valium (diazepam, alprazolam, lorazepam, Ativan, Klonopin, Restoril, Tranxene, Versed, Xanax a dal\u0161\u00ed).<\/p>\n","protected":false},"excerpt":{"rendered":"<p>Kupte si dilaudid 8 mg na prodej ve Velk\u00e9 Brit\u00e1nii, Evrop\u011b, USA v na\u0161em online obchodu medicinasinc.com s rychl\u00fdm celosv\u011btov\u00fdm doru\u010den\u00edm! Nejlep\u0161\u00ed Dilaudid 8 mg pro objedn\u00e1n\u00ed najdete zde!<\/p>\n<p><b>Dilaudid 8 mg Hydromorfon m\u016f\u017ee zpomalit nebo zastavit va\u0161e d\u00fdch\u00e1n\u00ed a m\u016f\u017ee b\u00fdt n\u00e1vykov\u00fd.<\/b>\u00a0Pou\u017e\u00edvejte pouze svou p\u0159edepsanou d\u00e1vku, a spolkn\u011bte pilulku s prodlou\u017een\u00fdm uvol\u0148ov\u00e1n\u00edm celou, abyste se vyhnuli potenci\u00e1ln\u011b smrteln\u00e9 d\u00e1vce. Nikdy nesd\u00edlejte Dilaudid 8 mg s jinou osobou.<\/p>\n","protected":false},"featured_media":5909,"comment_status":"open","ping_status":"closed","template":"","meta":[],"product_brand":[],"product_cat":[1117],"product_tag":[4038,4040,4044,4042,4041,4039,4043],"class_list":{"0":"post-5881","1":"product","2":"type-product","3":"status-publish","4":"has-post-thumbnail","6":"product_cat-koupit-prasky-na-spani-bolest","7":"product_tag-buy-dilaudid-8-mg-online","8":"product_tag-how-to-buy-dilaudid-8-mg-online","9":"product_tag-kde-k-koupit-dilaudid-8-mg-online","10":"product_tag-nkup-dilaudid-8-mg-online","11":"product_tag-order-dilaudid-8-mg-online","12":"product_tag-dilaudid-8-mg-na-prodej","13":"product_tag-the-bets-place-to-buy-dilaudid-8-mg-online","15":"first","16":"instock","17":"shipping-taxable","18":"purchasable","19":"product-type-variable"},"yoast_head":"<!-- This site is optimized with the Yoast SEO plugin v27.3 - https:\/\/yoast.com\/product\/yoast-seo-wordpress\/ -->\n<title>Koupit Dilaudid 8 mg - Nejlep\u0161\u00ed glob\u00e1ln\u00ed medic\u00edna<\/title>\n<meta name=\"description\" content=\"Kupte si dilaudid 8 mg na prodej ve Velk\u00e9 Brit\u00e1nii, Evrop\u011b, USA v na\u0161em online obchodu medicinasinc.com s rychl\u00fdm celosv\u011btov\u00fdm doru\u010den\u00edm! Nejlep\u0161\u00ed Dilaudid 8 mg pro objedn\u00e1n\u00ed najdete zde!\" \/>\n<meta name=\"robots\" content=\"index, follow, max-snippet:-1, max-image-preview:large, max-video-preview:-1\" \/>\n<link rel=\"canonical\" href=\"https:\/\/medicinasinc.com\/cs\/product\/buy-dilaudid-8-mg\/\" \/>\n<meta property=\"og:locale\" content=\"en_US\" \/>\n<meta property=\"og:type\" content=\"article\" \/>\n<meta property=\"og:title\" content=\"Koupit Dilaudid 8 mg - Nejlep\u0161\u00ed glob\u00e1ln\u00ed medic\u00edna\" \/>\n<meta property=\"og:description\" content=\"Kupte si dilaudid 8 mg na prodej ve Velk\u00e9 Brit\u00e1nii, Evrop\u011b, USA v na\u0161em online obchodu medicinasinc.com s rychl\u00fdm celosv\u011btov\u00fdm doru\u010den\u00edm! Nejlep\u0161\u00ed Dilaudid 8 mg pro objedn\u00e1n\u00ed najdete zde!\" \/>\n<meta property=\"og:url\" content=\"https:\/\/medicinasinc.com\/cs\/product\/buy-dilaudid-8-mg\/\" \/>\n<meta property=\"og:site_name\" content=\"Medicinas Inc\" \/>\n<meta property=\"article:modified_time\" content=\"2022-09-16T11:58:47+00:00\" \/>\n<meta property=\"og:image\" content=\"https:\/\/medicinasinc.com\/cs\/wp-content\/uploads\/sites\/2\/2022\/02\/Dilaudid-8-mg.jpg\" \/>\n\t<meta property=\"og:image:width\" content=\"300\" \/>\n\t<meta property=\"og:image:height\" content=\"300\" \/>\n\t<meta property=\"og:image:type\" content=\"image\/jpeg\" \/>\n<meta name=\"twitter:card\" content=\"summary_large_image\" \/>\n<meta name=\"twitter:label1\" content=\"Est. reading time\" \/>\n\t<meta name=\"twitter:data1\" content=\"3 minutes\" \/>\n<script type=\"application\/ld+json\" class=\"yoast-schema-graph\">{\"@context\":\"https:\\\/\\\/schema.org\",\"@graph\":[{\"@type\":\"WebPage\",\"@id\":\"https:\\\/\\\/medicinasinc.com\\\/cs\\\/product\\\/buy-dilaudid-8-mg\\\/\",\"url\":\"https:\\\/\\\/medicinasinc.com\\\/cs\\\/product\\\/buy-dilaudid-8-mg\\\/\",\"name\":\"Koupit Dilaudid 8 mg - Nejlep\u0161\u00ed glob\u00e1ln\u00ed medic\u00edna\",\"isPartOf\":{\"@id\":\"https:\\\/\\\/medicinasinc.com\\\/cs\\\/#website\"},\"primaryImageOfPage\":{\"@id\":\"https:\\\/\\\/medicinasinc.com\\\/cs\\\/product\\\/buy-dilaudid-8-mg\\\/#primaryimage\"},\"image\":{\"@id\":\"https:\\\/\\\/medicinasinc.com\\\/cs\\\/product\\\/buy-dilaudid-8-mg\\\/#primaryimage\"},\"thumbnailUrl\":\"https:\\\/\\\/medicinasinc.com\\\/cs\\\/wp-content\\\/uploads\\\/sites\\\/2\\\/2022\\\/02\\\/Dilaudid-8-mg.jpg\",\"datePublished\":\"2022-02-22T07:53:30+00:00\",\"dateModified\":\"2022-09-16T11:58:47+00:00\",\"description\":\"Kupte si dilaudid 8 mg na prodej ve Velk\u00e9 Brit\u00e1nii, Evrop\u011b, USA v na\u0161em online obchodu medicinasinc.com s rychl\u00fdm celosv\u011btov\u00fdm doru\u010den\u00edm! Nejlep\u0161\u00ed Dilaudid 8 mg pro objedn\u00e1n\u00ed najdete zde!\",\"breadcrumb\":{\"@id\":\"https:\\\/\\\/medicinasinc.com\\\/cs\\\/product\\\/buy-dilaudid-8-mg\\\/#breadcrumb\"},\"inLanguage\":\"en-US\",\"potentialAction\":[{\"@type\":\"ReadAction\",\"target\":[\"https:\\\/\\\/medicinasinc.com\\\/cs\\\/product\\\/buy-dilaudid-8-mg\\\/\"]}]},{\"@type\":\"ImageObject\",\"inLanguage\":\"en-US\",\"@id\":\"https:\\\/\\\/medicinasinc.com\\\/cs\\\/product\\\/buy-dilaudid-8-mg\\\/#primaryimage\",\"url\":\"https:\\\/\\\/medicinasinc.com\\\/cs\\\/wp-content\\\/uploads\\\/sites\\\/2\\\/2022\\\/02\\\/Dilaudid-8-mg.jpg\",\"contentUrl\":\"https:\\\/\\\/medicinasinc.com\\\/cs\\\/wp-content\\\/uploads\\\/sites\\\/2\\\/2022\\\/02\\\/Dilaudid-8-mg.jpg\",\"width\":300,\"height\":300},{\"@type\":\"BreadcrumbList\",\"@id\":\"https:\\\/\\\/medicinasinc.com\\\/cs\\\/product\\\/buy-dilaudid-8-mg\\\/#breadcrumb\",\"itemListElement\":[{\"@type\":\"ListItem\",\"position\":1,\"name\":\"Obchod\",\"item\":\"https:\\\/\\\/medicinasinc.com\\\/cs\\\/obchod\\\/\"},{\"@type\":\"ListItem\",\"position\":2,\"name\":\"Koupit Dilaudid 8 mg\"}]},{\"@type\":\"WebSite\",\"@id\":\"https:\\\/\\\/medicinasinc.com\\\/cs\\\/#website\",\"url\":\"https:\\\/\\\/medicinasinc.com\\\/cs\\\/\",\"name\":\"Medicinas Inc\",\"description\":\"Health Medical Clinic\",\"potentialAction\":[{\"@type\":\"SearchAction\",\"target\":{\"@type\":\"EntryPoint\",\"urlTemplate\":\"https:\\\/\\\/medicinasinc.com\\\/cs\\\/?s={search_term_string}\"},\"query-input\":{\"@type\":\"PropertyValueSpecification\",\"valueRequired\":true,\"valueName\":\"search_term_string\"}}],\"inLanguage\":\"en-US\"}]}<\/script>\n<!-- \/ Yoast SEO plugin. -->","yoast_head_json":{"title":"Koupit Dilaudid 8 mg - Nejlep\u0161\u00ed glob\u00e1ln\u00ed medic\u00edna","description":"Kupte si dilaudid 8 mg na prodej ve Velk\u00e9 Brit\u00e1nii, Evrop\u011b, USA v na\u0161em online obchodu medicinasinc.com s rychl\u00fdm celosv\u011btov\u00fdm doru\u010den\u00edm! Nejlep\u0161\u00ed Dilaudid 8 mg pro objedn\u00e1n\u00ed najdete zde!","robots":{"index":"index","follow":"follow","max-snippet":"max-snippet:-1","max-image-preview":"max-image-preview:large","max-video-preview":"max-video-preview:-1"},"canonical":"https:\/\/medicinasinc.com\/cs\/product\/buy-dilaudid-8-mg\/","og_locale":"en_US","og_type":"article","og_title":"Koupit Dilaudid 8 mg - Nejlep\u0161\u00ed glob\u00e1ln\u00ed medic\u00edna","og_description":"Kupte si dilaudid 8 mg na prodej ve Velk\u00e9 Brit\u00e1nii, Evrop\u011b, USA v na\u0161em online obchodu medicinasinc.com s rychl\u00fdm celosv\u011btov\u00fdm doru\u010den\u00edm! Nejlep\u0161\u00ed Dilaudid 8 mg pro objedn\u00e1n\u00ed najdete zde!","og_url":"https:\/\/medicinasinc.com\/cs\/product\/buy-dilaudid-8-mg\/","og_site_name":"Medicinas Inc","article_modified_time":"2022-09-16T11:58:47+00:00","og_image":[{"width":300,"height":300,"url":"https:\/\/medicinasinc.com\/cs\/wp-content\/uploads\/sites\/2\/2022\/02\/Dilaudid-8-mg.jpg","type":"image\/jpeg"}],"twitter_card":"summary_large_image","twitter_misc":{"Est. reading time":"3 minutes"},"schema":{"@context":"https:\/\/schema.org","@graph":[{"@type":"WebPage","@id":"https:\/\/medicinasinc.com\/cs\/product\/buy-dilaudid-8-mg\/","url":"https:\/\/medicinasinc.com\/cs\/product\/buy-dilaudid-8-mg\/","name":"Koupit Dilaudid 8 mg - Nejlep\u0161\u00ed glob\u00e1ln\u00ed medic\u00edna","isPartOf":{"@id":"https:\/\/medicinasinc.com\/cs\/#website"},"primaryImageOfPage":{"@id":"https:\/\/medicinasinc.com\/cs\/product\/buy-dilaudid-8-mg\/#primaryimage"},"image":{"@id":"https:\/\/medicinasinc.com\/cs\/product\/buy-dilaudid-8-mg\/#primaryimage"},"thumbnailUrl":"https:\/\/medicinasinc.com\/cs\/wp-content\/uploads\/sites\/2\/2022\/02\/Dilaudid-8-mg.jpg","datePublished":"2022-02-22T07:53:30+00:00","dateModified":"2022-09-16T11:58:47+00:00","description":"Kupte si dilaudid 8 mg na prodej ve Velk\u00e9 Brit\u00e1nii, Evrop\u011b, USA v na\u0161em online obchodu medicinasinc.com s rychl\u00fdm celosv\u011btov\u00fdm doru\u010den\u00edm! Nejlep\u0161\u00ed Dilaudid 8 mg pro objedn\u00e1n\u00ed najdete zde!","breadcrumb":{"@id":"https:\/\/medicinasinc.com\/cs\/product\/buy-dilaudid-8-mg\/#breadcrumb"},"inLanguage":"en-US","potentialAction":[{"@type":"ReadAction","target":["https:\/\/medicinasinc.com\/cs\/product\/buy-dilaudid-8-mg\/"]}]},{"@type":"ImageObject","inLanguage":"en-US","@id":"https:\/\/medicinasinc.com\/cs\/product\/buy-dilaudid-8-mg\/#primaryimage","url":"https:\/\/medicinasinc.com\/cs\/wp-content\/uploads\/sites\/2\/2022\/02\/Dilaudid-8-mg.jpg","contentUrl":"https:\/\/medicinasinc.com\/cs\/wp-content\/uploads\/sites\/2\/2022\/02\/Dilaudid-8-mg.jpg","width":300,"height":300},{"@type":"BreadcrumbList","@id":"https:\/\/medicinasinc.com\/cs\/product\/buy-dilaudid-8-mg\/#breadcrumb","itemListElement":[{"@type":"ListItem","position":1,"name":"Obchod","item":"https:\/\/medicinasinc.com\/cs\/obchod\/"},{"@type":"ListItem","position":2,"name":"Koupit Dilaudid 8 mg"}]},{"@type":"WebSite","@id":"https:\/\/medicinasinc.com\/cs\/#website","url":"https:\/\/medicinasinc.com\/cs\/","name":"Medicinas Inc","description":"Health Medical Clinic","potentialAction":[{"@type":"SearchAction","target":{"@type":"EntryPoint","urlTemplate":"https:\/\/medicinasinc.com\/cs\/?s={search_term_string}"},"query-input":{"@type":"PropertyValueSpecification","valueRequired":true,"valueName":"search_term_string"}}],"inLanguage":"en-US"}]}},"_links":{"self":[{"href":"https:\/\/medicinasinc.com\/cs\/wp-json\/wp\/v2\/product\/5881","targetHints":{"allow":["GET"]}}],"collection":[{"href":"https:\/\/medicinasinc.com\/cs\/wp-json\/wp\/v2\/product"}],"about":[{"href":"https:\/\/medicinasinc.com\/cs\/wp-json\/wp\/v2\/types\/product"}],"replies":[{"embeddable":true,"href":"https:\/\/medicinasinc.com\/cs\/wp-json\/wp\/v2\/comments?post=5881"}],"wp:featuredmedia":[{"embeddable":true,"href":"https:\/\/medicinasinc.com\/cs\/wp-json\/wp\/v2\/media\/5909"}],"wp:attachment":[{"href":"https:\/\/medicinasinc.com\/cs\/wp-json\/wp\/v2\/media?parent=5881"}],"wp:term":[{"taxonomy":"product_brand","embeddable":true,"href":"https:\/\/medicinasinc.com\/cs\/wp-json\/wp\/v2\/product_brand?post=5881"},{"taxonomy":"product_cat","embeddable":true,"href":"https:\/\/medicinasinc.com\/cs\/wp-json\/wp\/v2\/product_cat?post=5881"},{"taxonomy":"product_tag","embeddable":true,"href":"https:\/\/medicinasinc.com\/cs\/wp-json\/wp\/v2\/product_tag?post=5881"}],"curies":[{"name":"wp","href":"https:\/\/api.w.org\/{rel}","templated":true}]}}