{"id":5875,"date":"2022-02-22T07:46:55","date_gmt":"2022-02-22T07:46:55","guid":{"rendered":"https:\/\/medicinasinc.com\/cs\/?post_type=product&#038;p=5875"},"modified":"2022-03-14T11:24:57","modified_gmt":"2022-03-14T11:24:57","slug":"koupit-gama-butyrolakton","status":"publish","type":"product","link":"https:\/\/medicinasinc.com\/cs\/product\/koupit-gama-butyrolakton\/","title":{"rendered":"Kupte si gama-butyrolakton"},"content":{"rendered":"<p>Gamma-butyrolakton (-butyrolakton nebo GBL) je b\u00edl\u00e1 hygroskopick\u00e1 kapalina se slab\u00fdm v\u00fdrazn\u00fdm z\u00e1pachem, kter\u00e1 je rozpustn\u00e1 ve vod\u011b. GBL je \u0161iroce pou\u017e\u00edvan\u00e9 rozpou\u0161t\u011bdlo a \u010dinidlo v chemii, stejn\u011b jako ochucovadlo, \u010distic\u00ed rozpou\u0161t\u011bdlo, odstra\u0148ova\u010d superlepidel a rozpou\u0161t\u011bdlo v n\u011bkter\u00fdch mokr\u00fdch hlin\u00edkov\u00fdch elektrolytick\u00fdch kondenz\u00e1torech.<\/p>\n<p>Zakoupit gama-butyrolakton (GBL) 1,0 mg\/ml v acetonitrilov\u00fdch referen\u010dn\u00edch standardech odvozen\u00fdch od GHB a podobn\u00fdch slou\u010denin. Koupit online<\/p>\n<p>Gammabutyrolakton na prodej online, gbl (gama-butyrolakton) na prodej, gamabutyrolakton na prodej ve Velk\u00e9 Brit\u00e1nii, gamabutyrolakton \u010dist\u00edc\u00ed prost\u0159edek na prodej<\/p>\n<p>Funguje jako p\u0159edch\u016fdce GHB u lid\u00ed a pou\u017e\u00edv\u00e1 se jako rekrea\u010dn\u00ed omamn\u00e1 l\u00e1tka s \u00fa\u010dinky srovnateln\u00fdmi s alkoholem.<\/p>\n<p>GBL byl zji\u0161t\u011bn v extraktech ze vzork\u016f \u010dist\u00e9ho v\u00edna. Tento v\u00fdzkum nazna\u010duje, \u017ee GBL se p\u0159irozen\u011b vyskytuje v n\u011bkter\u00fdch v\u00ednech a m\u016f\u017ee b\u00fdt p\u0159\u00edtomen ve srovnateln\u00fdch produktech. Zji\u0161t\u011bn\u00e1 koncentrace byla kolem 5 g\/ml, co\u017e bylo jednodu\u0161e stanoveno pomoc\u00ed jednoduch\u00e9ho extrak\u010dn\u00edho p\u0159\u00edstupu n\u00e1sledovan\u00e9ho GC\/MS anal\u00fdzou.<\/p>\n<p>GBL lze detekovat v s\u00fdrov\u00fdch aromatech, ale kone\u010dn\u00fd potravin\u00e1\u0159sk\u00fd produkt m\u00e1 obvykle m\u00e9n\u011b ne\u017e 0,0002 procenta GBL.<\/p>\n<p>GBL je klasifikov\u00e1n jako lakton. Hydrolyzuje se na gama-hydroxybutyr\u00e1t sodn\u00fd, sodnou s\u016fl kyseliny gama-hydroxym\u00e1seln\u00e9, za bazick\u00fdch podm\u00ednek, nap\u0159\u00edklad v roztoku hydroxidu sodn\u00e9ho. V kysel\u00fdch podm\u00ednk\u00e1ch vytv\u00e1\u0159\u00ed rovnov\u00e1\u017enou kombinaci obou chemik\u00e1li\u00ed. N\u00e1sledn\u011b se tyto chemik\u00e1lie mohou spojit a vytvo\u0159it polymer. Kdy\u017e se pou\u017eije nenukleofiln\u00ed b\u00e1ze, jako je lithiumdiisopropylamid,<\/p>\n<p>GBL m\u00e1 potenci\u00e1l p\u016fsobit jako alfa-uhl\u00edkov\u00fd nukleofil. Kaprolakton, podobn\u00e1 chemik\u00e1lie, m\u016f\u017ee b\u00fdt t\u00edmto zp\u016fsobem vyu\u017eita k vytvo\u0159en\u00ed polyesteru.<\/p>\n<p>GBL nen\u00ed \u00fa\u010dinn\u00e1 l\u00e1tka sama o sob\u011b; jeho mechanismus \u00fa\u010dinku je odvozen od jeho statusu jako prol\u00e9\u010diva GHB. Hypnotick\u00fd \u00fa\u010dinek GHB je zes\u00edlen v kombinaci s alkoholem. Ve studii na potkanech z roku 2003 bylo zji\u0161t\u011bno, \u017ee GBL m\u00e1 v kombinaci s etanolem zes\u00edlen\u00fd hypnotick\u00fd \u00fa\u010dinek, proto\u017ee m\u011b\u0159en\u00ed na\u010dasov\u00e1n\u00ed sp\u00e1nku bylo del\u0161\u00ed ne\u017e sou\u010det dvou nez\u00e1visl\u00fdch slo\u017eek.<\/p>\n","protected":false},"excerpt":{"rendered":"<p>Gamma-butyrolakton si m\u016f\u017eete koupit od dodavatel\u016f, kter\u00fdm d\u016fv\u011b\u0159ujeme, a spolupracujeme s t\u011bmito dodavateli, abychom v\u00e1m umo\u017enili p\u0159\u00edstup k n\u00e1kupu gama-butyrolaktonu na prodej ve Velk\u00e9 Brit\u00e1nii, Evrop\u011b<\/p>\n<p>V\u0161echny pyrrolidony jsou syntetizov\u00e1ny pomoc\u00ed GBL jako chemick\u00e9ho prost\u0159edn\u00edka . M\u016f\u017ee b\u00fdt pou\u017eit k v\u00fdrob\u011b insekticid\u016f, herbicid\u016f a regul\u00e1tor\u016f r\u016fstu pro rostliny.<\/p>\n","protected":false},"featured_media":5885,"comment_status":"open","ping_status":"closed","template":"","meta":[],"product_brand":[],"product_cat":[2014],"product_tag":[4033,4037,4035,4031,4036,4034,4032],"class_list":{"0":"post-5875","1":"product","2":"type-product","3":"status-publish","4":"has-post-thumbnail","6":"product_cat-koupit-vyzkumne-chemikalie","7":"product_tag-jak-nakoupit-gama-butyrolakton-online","8":"product_tag-kde-na-koupit-gama-butyrolakton-online","9":"product_tag-nkup-gama-butyrolakton-online","10":"product_tag-koupit-gama-butyrolakton-online","11":"product_tag-nejlep-msto-k-koupit-gama-butyrolakton-online","12":"product_tag-objednat-gama-butyrolakton-online","13":"product_tag-gama-butyrolakton-na-prodej","15":"first","16":"instock","17":"featured","18":"shipping-taxable","19":"purchasable","20":"product-type-variable"},"yoast_head":"<!-- This site is optimized with the Yoast SEO plugin v27.3 - https:\/\/yoast.com\/product\/yoast-seo-wordpress\/ -->\n<title>Koupit gama-butyrolakton - nejlep\u0161\u00ed nejlep\u0161\u00ed glob\u00e1ln\u00ed l\u00e9ky<\/title>\n<meta name=\"description\" content=\"Gamma-butyrolakton si m\u016f\u017eete koupit od dodavatel\u016f, kter\u00fdm v\u011b\u0159\u00edme, a my s t\u011bmito dodavateli spolupracujeme na zp\u0159\u00edstupn\u011bn\u00ed n\u00e1kupu gama-butyrolaktonu na prodej Velk\u00e1 Brit\u00e1nie, Evropa\" \/>\n<meta name=\"robots\" content=\"index, follow, max-snippet:-1, max-image-preview:large, max-video-preview:-1\" \/>\n<link rel=\"canonical\" href=\"https:\/\/medicinasinc.com\/cs\/product\/koupit-gama-butyrolakton\/\" \/>\n<meta property=\"og:locale\" content=\"en_US\" \/>\n<meta property=\"og:type\" content=\"article\" \/>\n<meta property=\"og:title\" content=\"Koupit gama-butyrolakton - nejlep\u0161\u00ed nejlep\u0161\u00ed glob\u00e1ln\u00ed l\u00e9ky\" \/>\n<meta property=\"og:description\" content=\"Gamma-butyrolakton si m\u016f\u017eete koupit od dodavatel\u016f, kter\u00fdm v\u011b\u0159\u00edme, a my s t\u011bmito dodavateli spolupracujeme na zp\u0159\u00edstupn\u011bn\u00ed n\u00e1kupu gama-butyrolaktonu na prodej Velk\u00e1 Brit\u00e1nie, Evropa\" \/>\n<meta property=\"og:url\" content=\"https:\/\/medicinasinc.com\/cs\/product\/koupit-gama-butyrolakton\/\" \/>\n<meta property=\"og:site_name\" content=\"Medicinas Inc\" \/>\n<meta property=\"article:modified_time\" content=\"2022-03-14T11:24:57+00:00\" \/>\n<meta property=\"og:image\" content=\"https:\/\/medicinasinc.com\/cs\/wp-content\/uploads\/sites\/2\/2022\/02\/Buy-Gamma-Butyrolactone.jpg\" \/>\n\t<meta property=\"og:image:width\" content=\"500\" \/>\n\t<meta property=\"og:image:height\" content=\"500\" \/>\n\t<meta property=\"og:image:type\" content=\"image\/jpeg\" \/>\n<meta name=\"twitter:card\" content=\"summary_large_image\" \/>\n<meta name=\"twitter:label1\" content=\"Est. reading time\" \/>\n\t<meta name=\"twitter:data1\" content=\"2 minutes\" \/>\n<script type=\"application\/ld+json\" class=\"yoast-schema-graph\">{\"@context\":\"https:\\\/\\\/schema.org\",\"@graph\":[{\"@type\":\"WebPage\",\"@id\":\"https:\\\/\\\/medicinasinc.com\\\/cs\\\/product\\\/koupit-gama-butyrolakton\\\/\",\"url\":\"https:\\\/\\\/medicinasinc.com\\\/cs\\\/product\\\/koupit-gama-butyrolakton\\\/\",\"name\":\"Koupit gama-butyrolakton - nejlep\u0161\u00ed nejlep\u0161\u00ed glob\u00e1ln\u00ed l\u00e9ky\",\"isPartOf\":{\"@id\":\"https:\\\/\\\/medicinasinc.com\\\/cs\\\/#website\"},\"primaryImageOfPage\":{\"@id\":\"https:\\\/\\\/medicinasinc.com\\\/cs\\\/product\\\/koupit-gama-butyrolakton\\\/#primaryimage\"},\"image\":{\"@id\":\"https:\\\/\\\/medicinasinc.com\\\/cs\\\/product\\\/koupit-gama-butyrolakton\\\/#primaryimage\"},\"thumbnailUrl\":\"https:\\\/\\\/medicinasinc.com\\\/cs\\\/wp-content\\\/uploads\\\/sites\\\/2\\\/2022\\\/02\\\/Buy-Gamma-Butyrolactone.jpg\",\"datePublished\":\"2022-02-22T07:46:55+00:00\",\"dateModified\":\"2022-03-14T11:24:57+00:00\",\"description\":\"Gamma-butyrolakton si m\u016f\u017eete koupit od dodavatel\u016f, kter\u00fdm v\u011b\u0159\u00edme, a my s t\u011bmito dodavateli spolupracujeme na zp\u0159\u00edstupn\u011bn\u00ed n\u00e1kupu gama-butyrolaktonu na prodej Velk\u00e1 Brit\u00e1nie, Evropa\",\"breadcrumb\":{\"@id\":\"https:\\\/\\\/medicinasinc.com\\\/cs\\\/product\\\/koupit-gama-butyrolakton\\\/#breadcrumb\"},\"inLanguage\":\"en-US\",\"potentialAction\":[{\"@type\":\"ReadAction\",\"target\":[\"https:\\\/\\\/medicinasinc.com\\\/cs\\\/product\\\/koupit-gama-butyrolakton\\\/\"]}]},{\"@type\":\"ImageObject\",\"inLanguage\":\"en-US\",\"@id\":\"https:\\\/\\\/medicinasinc.com\\\/cs\\\/product\\\/koupit-gama-butyrolakton\\\/#primaryimage\",\"url\":\"https:\\\/\\\/medicinasinc.com\\\/cs\\\/wp-content\\\/uploads\\\/sites\\\/2\\\/2022\\\/02\\\/Buy-Gamma-Butyrolactone.jpg\",\"contentUrl\":\"https:\\\/\\\/medicinasinc.com\\\/cs\\\/wp-content\\\/uploads\\\/sites\\\/2\\\/2022\\\/02\\\/Buy-Gamma-Butyrolactone.jpg\",\"width\":500,\"height\":500},{\"@type\":\"BreadcrumbList\",\"@id\":\"https:\\\/\\\/medicinasinc.com\\\/cs\\\/product\\\/koupit-gama-butyrolakton\\\/#breadcrumb\",\"itemListElement\":[{\"@type\":\"ListItem\",\"position\":1,\"name\":\"Obchod\",\"item\":\"https:\\\/\\\/medicinasinc.com\\\/cs\\\/obchod\\\/\"},{\"@type\":\"ListItem\",\"position\":2,\"name\":\"Kupte si gama-butyrolakton\"}]},{\"@type\":\"WebSite\",\"@id\":\"https:\\\/\\\/medicinasinc.com\\\/cs\\\/#website\",\"url\":\"https:\\\/\\\/medicinasinc.com\\\/cs\\\/\",\"name\":\"Medicinas Inc\",\"description\":\"Health Medical Clinic\",\"potentialAction\":[{\"@type\":\"SearchAction\",\"target\":{\"@type\":\"EntryPoint\",\"urlTemplate\":\"https:\\\/\\\/medicinasinc.com\\\/cs\\\/?s={search_term_string}\"},\"query-input\":{\"@type\":\"PropertyValueSpecification\",\"valueRequired\":true,\"valueName\":\"search_term_string\"}}],\"inLanguage\":\"en-US\"}]}<\/script>\n<!-- \/ Yoast SEO plugin. -->","yoast_head_json":{"title":"Koupit gama-butyrolakton - nejlep\u0161\u00ed nejlep\u0161\u00ed glob\u00e1ln\u00ed l\u00e9ky","description":"Gamma-butyrolakton si m\u016f\u017eete koupit od dodavatel\u016f, kter\u00fdm v\u011b\u0159\u00edme, a my s t\u011bmito dodavateli spolupracujeme na zp\u0159\u00edstupn\u011bn\u00ed n\u00e1kupu gama-butyrolaktonu na prodej Velk\u00e1 Brit\u00e1nie, Evropa","robots":{"index":"index","follow":"follow","max-snippet":"max-snippet:-1","max-image-preview":"max-image-preview:large","max-video-preview":"max-video-preview:-1"},"canonical":"https:\/\/medicinasinc.com\/cs\/product\/koupit-gama-butyrolakton\/","og_locale":"en_US","og_type":"article","og_title":"Koupit gama-butyrolakton - nejlep\u0161\u00ed nejlep\u0161\u00ed glob\u00e1ln\u00ed l\u00e9ky","og_description":"Gamma-butyrolakton si m\u016f\u017eete koupit od dodavatel\u016f, kter\u00fdm v\u011b\u0159\u00edme, a my s t\u011bmito dodavateli spolupracujeme na zp\u0159\u00edstupn\u011bn\u00ed n\u00e1kupu gama-butyrolaktonu na prodej Velk\u00e1 Brit\u00e1nie, Evropa","og_url":"https:\/\/medicinasinc.com\/cs\/product\/koupit-gama-butyrolakton\/","og_site_name":"Medicinas Inc","article_modified_time":"2022-03-14T11:24:57+00:00","og_image":[{"width":500,"height":500,"url":"https:\/\/medicinasinc.com\/cs\/wp-content\/uploads\/sites\/2\/2022\/02\/Buy-Gamma-Butyrolactone.jpg","type":"image\/jpeg"}],"twitter_card":"summary_large_image","twitter_misc":{"Est. reading time":"2 minutes"},"schema":{"@context":"https:\/\/schema.org","@graph":[{"@type":"WebPage","@id":"https:\/\/medicinasinc.com\/cs\/product\/koupit-gama-butyrolakton\/","url":"https:\/\/medicinasinc.com\/cs\/product\/koupit-gama-butyrolakton\/","name":"Koupit gama-butyrolakton - nejlep\u0161\u00ed nejlep\u0161\u00ed glob\u00e1ln\u00ed l\u00e9ky","isPartOf":{"@id":"https:\/\/medicinasinc.com\/cs\/#website"},"primaryImageOfPage":{"@id":"https:\/\/medicinasinc.com\/cs\/product\/koupit-gama-butyrolakton\/#primaryimage"},"image":{"@id":"https:\/\/medicinasinc.com\/cs\/product\/koupit-gama-butyrolakton\/#primaryimage"},"thumbnailUrl":"https:\/\/medicinasinc.com\/cs\/wp-content\/uploads\/sites\/2\/2022\/02\/Buy-Gamma-Butyrolactone.jpg","datePublished":"2022-02-22T07:46:55+00:00","dateModified":"2022-03-14T11:24:57+00:00","description":"Gamma-butyrolakton si m\u016f\u017eete koupit od dodavatel\u016f, kter\u00fdm v\u011b\u0159\u00edme, a my s t\u011bmito dodavateli spolupracujeme na zp\u0159\u00edstupn\u011bn\u00ed n\u00e1kupu gama-butyrolaktonu na prodej Velk\u00e1 Brit\u00e1nie, Evropa","breadcrumb":{"@id":"https:\/\/medicinasinc.com\/cs\/product\/koupit-gama-butyrolakton\/#breadcrumb"},"inLanguage":"en-US","potentialAction":[{"@type":"ReadAction","target":["https:\/\/medicinasinc.com\/cs\/product\/koupit-gama-butyrolakton\/"]}]},{"@type":"ImageObject","inLanguage":"en-US","@id":"https:\/\/medicinasinc.com\/cs\/product\/koupit-gama-butyrolakton\/#primaryimage","url":"https:\/\/medicinasinc.com\/cs\/wp-content\/uploads\/sites\/2\/2022\/02\/Buy-Gamma-Butyrolactone.jpg","contentUrl":"https:\/\/medicinasinc.com\/cs\/wp-content\/uploads\/sites\/2\/2022\/02\/Buy-Gamma-Butyrolactone.jpg","width":500,"height":500},{"@type":"BreadcrumbList","@id":"https:\/\/medicinasinc.com\/cs\/product\/koupit-gama-butyrolakton\/#breadcrumb","itemListElement":[{"@type":"ListItem","position":1,"name":"Obchod","item":"https:\/\/medicinasinc.com\/cs\/obchod\/"},{"@type":"ListItem","position":2,"name":"Kupte si gama-butyrolakton"}]},{"@type":"WebSite","@id":"https:\/\/medicinasinc.com\/cs\/#website","url":"https:\/\/medicinasinc.com\/cs\/","name":"Medicinas Inc","description":"Health Medical Clinic","potentialAction":[{"@type":"SearchAction","target":{"@type":"EntryPoint","urlTemplate":"https:\/\/medicinasinc.com\/cs\/?s={search_term_string}"},"query-input":{"@type":"PropertyValueSpecification","valueRequired":true,"valueName":"search_term_string"}}],"inLanguage":"en-US"}]}},"_links":{"self":[{"href":"https:\/\/medicinasinc.com\/cs\/wp-json\/wp\/v2\/product\/5875","targetHints":{"allow":["GET"]}}],"collection":[{"href":"https:\/\/medicinasinc.com\/cs\/wp-json\/wp\/v2\/product"}],"about":[{"href":"https:\/\/medicinasinc.com\/cs\/wp-json\/wp\/v2\/types\/product"}],"replies":[{"embeddable":true,"href":"https:\/\/medicinasinc.com\/cs\/wp-json\/wp\/v2\/comments?post=5875"}],"wp:featuredmedia":[{"embeddable":true,"href":"https:\/\/medicinasinc.com\/cs\/wp-json\/wp\/v2\/media\/5885"}],"wp:attachment":[{"href":"https:\/\/medicinasinc.com\/cs\/wp-json\/wp\/v2\/media?parent=5875"}],"wp:term":[{"taxonomy":"product_brand","embeddable":true,"href":"https:\/\/medicinasinc.com\/cs\/wp-json\/wp\/v2\/product_brand?post=5875"},{"taxonomy":"product_cat","embeddable":true,"href":"https:\/\/medicinasinc.com\/cs\/wp-json\/wp\/v2\/product_cat?post=5875"},{"taxonomy":"product_tag","embeddable":true,"href":"https:\/\/medicinasinc.com\/cs\/wp-json\/wp\/v2\/product_tag?post=5875"}],"curies":[{"name":"wp","href":"https:\/\/api.w.org\/{rel}","templated":true}]}}