{"id":5870,"date":"2022-02-22T07:42:43","date_gmt":"2022-02-22T07:42:43","guid":{"rendered":"https:\/\/medicinasinc.com\/cs\/?post_type=product&#038;p=5870"},"modified":"2022-08-03T11:55:27","modified_gmt":"2022-08-03T11:55:27","slug":"koupit-3-cmc-crystal","status":"publish","type":"product","link":"https:\/\/medicinasinc.com\/cs\/product\/koupit-3-cmc-crystal\/","title":{"rendered":"Koupit krystal 3 cmc"},"content":{"rendered":"<p>Kupte 3-CMC CRYSTAL, Kupte 3 CMC CRYSTAL, Kupte 3 CMC CRYSTAL, Kupte 3-CMC CRYSTAL<\/p>\n<p>CRYSTAL OF 3-CMC, Nyn\u00ed je k dispozici tolik katinon\u016f, jak dokazuje vl\u00e1kno ve kter\u00e9m u\u017eivatel\u00e9 hodnotili sv\u00e9 zku\u0161enosti se v\u0161\u00edm, co vyzkou\u0161eli. Ani\u017e bych zach\u00e1zel do hloubky o ka\u017ed\u00e9m z nich, zde je moje hodnocen\u00ed:<br \/>\nbk-MDMA (Methylone) &gt; bk-MBDB (butylon) &gt;gt; 4-MEC &gt;; MABP (Buphedrone)<\/p>\n<p>Jedin\u00e9, o kter\u00fdch bych kdy uva\u017eoval, \u017ee bych je znovu vlastnil, jsou nechvaln\u011b zn\u00e1m\u00fd mefedron a methylone, kter\u00e9 byly v posledn\u00edch letech celosv\u011btov\u011b v\u00edcem\u00e9n\u011b zak\u00e1z\u00e1ny.<\/p>\n<p>Z\u00edskal jsem je. toto hodnocen\u00ed od n\u011bkoho, kdo m\u00e1 dobr\u00e9 znalosti o t\u00e9to t\u0159\u00edd\u011b RC, co\u017e mi p\u0159i\u0161lo zaj\u00edmav\u00e9:<\/p>\n<p>K\u0158I\u0160\u0164\u00c1LOV\u00c1 FORMA 3-CMC, 4-MMC &gt; bk-MDMA &gt;gt; 4-CMC &gt;; 3-CMC &gt;; 3-MMC &gt;; 5-methylethylon &gt; 5-methylethylon; Butylon &gt; Ethylone<br \/>\nTento &#8220;Clephedrone&#8221; (4-CMC), kter\u00fd nem\u011bl velk\u00fd dopad na trh RC, se zd\u00e1 b\u00fdt p\u011bkn\u00fd. A AFAIK nen\u00ed na v\u011bt\u0161in\u011b m\u00edst konkr\u00e9tn\u011b napl\u00e1nov\u00e1n. Bezpe\u010dnostn\u00ed profil je v\u0161ak v\u011bt\u0161inou nezn\u00e1m\u00fd a mnoz\u00ed se boj\u00ed, proto\u017ee analog amfetaminu, 4-CA, je dob\u0159e zn\u00e1m\u00fd jako extr\u00e9mn\u011b neurotoxick\u00fd.<\/p>\n<p>Jedin\u00e9, o kter\u00fdch bych kdy uva\u017eoval, \u017ee je znovu vlastnit, jsou nechvaln\u011b zn\u00e1m\u00fd mefedron a methylone, oba byly v posledn\u00edch letech celosv\u011btov\u011b v\u00edcem\u00e9n\u011b zak\u00e1z\u00e1ny.<br \/>\nTento \u017eeb\u0159\u00ed\u010dek jsem z\u00edskal od n\u011bkoho, kdo se v t\u00e9to t\u0159\u00edd\u011b RC dob\u0159e vyzn\u00e1, co\u017e mi p\u0159i\u0161lo zaj\u00edmav\u00e9:<\/p>\n<p>KRYSTALOV\u00c1 FORMA 3-CMC, 4-MMC &gt;gt; bk-MDMA &gt;gt; 4-CMC &gt;; 3-CMC &gt;; 3-MMC &gt;; 5-methylethylon &gt; 5-methylethylon; Butylon &gt; Ethylone<br \/>\nTento &#8220;Clephedrone&#8221; (4-CMC), kter\u00fd nem\u011bl velk\u00fd dopad na trh RC, se zd\u00e1 b\u00fdt p\u011bkn\u00fd. A AFAIK nen\u00ed na v\u011bt\u0161in\u011b m\u00edst konkr\u00e9tn\u011b napl\u00e1nov\u00e1n. Bezpe\u010dnostn\u00ed profil je v\u0161ak v\u011bt\u0161inou nezn\u00e1m\u00fd a mnoz\u00ed se boj\u00ed, proto\u017ee analog amfetaminu, 4-CA, je dob\u0159e zn\u00e1m\u00fd jako extr\u00e9mn\u011b neurotoxick\u00fd.<\/p>\n","protected":false},"excerpt":{"rendered":"<p>Kupte si 3-CMC CRYSTAL Powder na prodej ve Velk\u00e9 Brit\u00e1nii, Evrop\u011b v na\u0161em online obchodu medicinasinc.com s rychl\u00fdm celosv\u011btov\u00fdm doru\u010den\u00edm! Nejlep\u0161\u00ed 3-CMC CRYSTAL pro objedn\u00e1n\u00ed najdete zde!<\/p>\n<p>bk-MDMA &gt; 4-CMC &gt;; 3-CMC &gt;; 3-MMC &gt;; 5-methylethylon &gt; 5-methylethylon; Butylon &gt; Ethylone<br \/>\nPodle zpr\u00e1v tento \u201cClephedrone\u201d (4-CMC), kter\u00e1 se na trhu RC p\u0159\u00edli\u0161 neprosadila, je vlastn\u011b docela dobr\u00e1. A, AFAIK, nen\u00ed na v\u011bt\u0161in\u011b m\u00edst konkr\u00e9tn\u011b napl\u00e1nov\u00e1no. A\u010dkoli bezpe\u010dnostn\u00ed profil je p\u0159ev\u00e1\u017en\u011b nezn\u00e1m\u00fd,<\/p>\n","protected":false},"featured_media":5880,"comment_status":"open","ping_status":"closed","template":"","meta":[],"product_brand":[],"product_cat":[2014],"product_tag":[4025,4026,4030,4028,4029,4027,4024],"class_list":{"0":"post-5870","1":"product","2":"type-product","3":"status-publish","4":"has-post-thumbnail","6":"product_cat-koupit-vyzkumne-chemikalie","7":"product_tag-buy-3-cmc-crystal-online","8":"product_tag-jak-nakoupit-3-cmc-crystal-online","9":"product_tag-kde-koupit-3-cmc-crystal-online","10":"product_tag-nkup-3-cmc-crystal-online","11":"product_tag-nejlep-msto-k-koupit-3-cmc-krystal-online","12":"product_tag-objednvka-3-cmc-crystal-online","13":"product_tag-3-cmc-krystal-na-prodej","15":"first","16":"instock","17":"featured","18":"shipping-taxable","19":"purchasable","20":"product-type-variable"},"yoast_head":"<!-- This site is optimized with the Yoast SEO plugin v27.3 - https:\/\/yoast.com\/product\/yoast-seo-wordpress\/ -->\n<title>Koupit 3-cmc krystal - Beat Best Global Meds<\/title>\n<meta name=\"description\" content=\"Kupte si 3-CMC CRYSTAL Powder na prodej ve Velk\u00e9 Brit\u00e1nii, Evrop\u011b v na\u0161em online obchodu medicinasinc.com s rychl\u00fdm celosv\u011btov\u00fdm doru\u010den\u00edm! Nejlep\u0161\u00ed 3-CMC CRYSTAL pro objedn\u00e1n\u00ed najdete zde!\" \/>\n<meta name=\"robots\" content=\"index, follow, max-snippet:-1, max-image-preview:large, max-video-preview:-1\" \/>\n<link rel=\"canonical\" href=\"https:\/\/medicinasinc.com\/cs\/product\/koupit-3-cmc-crystal\/\" \/>\n<meta property=\"og:locale\" content=\"en_US\" \/>\n<meta property=\"og:type\" content=\"article\" \/>\n<meta property=\"og:title\" content=\"Koupit 3-cmc krystal - Beat Best Global Meds\" \/>\n<meta property=\"og:description\" content=\"Kupte si 3-CMC CRYSTAL Powder na prodej ve Velk\u00e9 Brit\u00e1nii, Evrop\u011b v na\u0161em online obchodu medicinasinc.com s rychl\u00fdm celosv\u011btov\u00fdm doru\u010den\u00edm! Nejlep\u0161\u00ed 3-CMC CRYSTAL pro objedn\u00e1n\u00ed najdete zde!\" \/>\n<meta property=\"og:url\" content=\"https:\/\/medicinasinc.com\/cs\/product\/koupit-3-cmc-crystal\/\" \/>\n<meta property=\"og:site_name\" content=\"Medicinas Inc\" \/>\n<meta property=\"article:modified_time\" content=\"2022-08-03T11:55:27+00:00\" \/>\n<meta property=\"og:image\" content=\"https:\/\/medicinasinc.com\/cs\/wp-content\/uploads\/sites\/2\/2022\/02\/Buy-3-CMC-CRYSTAL.jpg\" \/>\n\t<meta property=\"og:image:width\" content=\"720\" \/>\n\t<meta property=\"og:image:height\" content=\"600\" \/>\n\t<meta property=\"og:image:type\" content=\"image\/jpeg\" \/>\n<meta name=\"twitter:card\" content=\"summary_large_image\" \/>\n<meta name=\"twitter:label1\" content=\"Est. reading time\" \/>\n\t<meta name=\"twitter:data1\" content=\"2 minutes\" \/>\n<script type=\"application\/ld+json\" class=\"yoast-schema-graph\">{\"@context\":\"https:\\\/\\\/schema.org\",\"@graph\":[{\"@type\":\"WebPage\",\"@id\":\"https:\\\/\\\/medicinasinc.com\\\/cs\\\/product\\\/koupit-3-cmc-crystal\\\/\",\"url\":\"https:\\\/\\\/medicinasinc.com\\\/cs\\\/product\\\/koupit-3-cmc-crystal\\\/\",\"name\":\"Koupit 3-cmc krystal - Beat Best Global Meds\",\"isPartOf\":{\"@id\":\"https:\\\/\\\/medicinasinc.com\\\/cs\\\/#website\"},\"primaryImageOfPage\":{\"@id\":\"https:\\\/\\\/medicinasinc.com\\\/cs\\\/product\\\/koupit-3-cmc-crystal\\\/#primaryimage\"},\"image\":{\"@id\":\"https:\\\/\\\/medicinasinc.com\\\/cs\\\/product\\\/koupit-3-cmc-crystal\\\/#primaryimage\"},\"thumbnailUrl\":\"https:\\\/\\\/medicinasinc.com\\\/cs\\\/wp-content\\\/uploads\\\/sites\\\/2\\\/2022\\\/02\\\/Buy-3-CMC-CRYSTAL.jpg\",\"datePublished\":\"2022-02-22T07:42:43+00:00\",\"dateModified\":\"2022-08-03T11:55:27+00:00\",\"description\":\"Kupte si 3-CMC CRYSTAL Powder na prodej ve Velk\u00e9 Brit\u00e1nii, Evrop\u011b v na\u0161em online obchodu medicinasinc.com s rychl\u00fdm celosv\u011btov\u00fdm doru\u010den\u00edm! Nejlep\u0161\u00ed 3-CMC CRYSTAL pro objedn\u00e1n\u00ed najdete zde!\",\"breadcrumb\":{\"@id\":\"https:\\\/\\\/medicinasinc.com\\\/cs\\\/product\\\/koupit-3-cmc-crystal\\\/#breadcrumb\"},\"inLanguage\":\"en-US\",\"potentialAction\":[{\"@type\":\"ReadAction\",\"target\":[\"https:\\\/\\\/medicinasinc.com\\\/cs\\\/product\\\/koupit-3-cmc-crystal\\\/\"]}]},{\"@type\":\"ImageObject\",\"inLanguage\":\"en-US\",\"@id\":\"https:\\\/\\\/medicinasinc.com\\\/cs\\\/product\\\/koupit-3-cmc-crystal\\\/#primaryimage\",\"url\":\"https:\\\/\\\/medicinasinc.com\\\/cs\\\/wp-content\\\/uploads\\\/sites\\\/2\\\/2022\\\/02\\\/Buy-3-CMC-CRYSTAL.jpg\",\"contentUrl\":\"https:\\\/\\\/medicinasinc.com\\\/cs\\\/wp-content\\\/uploads\\\/sites\\\/2\\\/2022\\\/02\\\/Buy-3-CMC-CRYSTAL.jpg\",\"width\":720,\"height\":600},{\"@type\":\"BreadcrumbList\",\"@id\":\"https:\\\/\\\/medicinasinc.com\\\/cs\\\/product\\\/koupit-3-cmc-crystal\\\/#breadcrumb\",\"itemListElement\":[{\"@type\":\"ListItem\",\"position\":1,\"name\":\"Obchod\",\"item\":\"https:\\\/\\\/medicinasinc.com\\\/cs\\\/obchod\\\/\"},{\"@type\":\"ListItem\",\"position\":2,\"name\":\"Koupit krystal 3 cmc\"}]},{\"@type\":\"WebSite\",\"@id\":\"https:\\\/\\\/medicinasinc.com\\\/cs\\\/#website\",\"url\":\"https:\\\/\\\/medicinasinc.com\\\/cs\\\/\",\"name\":\"Medicinas Inc\",\"description\":\"Health Medical Clinic\",\"potentialAction\":[{\"@type\":\"SearchAction\",\"target\":{\"@type\":\"EntryPoint\",\"urlTemplate\":\"https:\\\/\\\/medicinasinc.com\\\/cs\\\/?s={search_term_string}\"},\"query-input\":{\"@type\":\"PropertyValueSpecification\",\"valueRequired\":true,\"valueName\":\"search_term_string\"}}],\"inLanguage\":\"en-US\"}]}<\/script>\n<!-- \/ Yoast SEO plugin. -->","yoast_head_json":{"title":"Koupit 3-cmc krystal - Beat Best Global Meds","description":"Kupte si 3-CMC CRYSTAL Powder na prodej ve Velk\u00e9 Brit\u00e1nii, Evrop\u011b v na\u0161em online obchodu medicinasinc.com s rychl\u00fdm celosv\u011btov\u00fdm doru\u010den\u00edm! Nejlep\u0161\u00ed 3-CMC CRYSTAL pro objedn\u00e1n\u00ed najdete zde!","robots":{"index":"index","follow":"follow","max-snippet":"max-snippet:-1","max-image-preview":"max-image-preview:large","max-video-preview":"max-video-preview:-1"},"canonical":"https:\/\/medicinasinc.com\/cs\/product\/koupit-3-cmc-crystal\/","og_locale":"en_US","og_type":"article","og_title":"Koupit 3-cmc krystal - Beat Best Global Meds","og_description":"Kupte si 3-CMC CRYSTAL Powder na prodej ve Velk\u00e9 Brit\u00e1nii, Evrop\u011b v na\u0161em online obchodu medicinasinc.com s rychl\u00fdm celosv\u011btov\u00fdm doru\u010den\u00edm! Nejlep\u0161\u00ed 3-CMC CRYSTAL pro objedn\u00e1n\u00ed najdete zde!","og_url":"https:\/\/medicinasinc.com\/cs\/product\/koupit-3-cmc-crystal\/","og_site_name":"Medicinas Inc","article_modified_time":"2022-08-03T11:55:27+00:00","og_image":[{"width":720,"height":600,"url":"https:\/\/medicinasinc.com\/cs\/wp-content\/uploads\/sites\/2\/2022\/02\/Buy-3-CMC-CRYSTAL.jpg","type":"image\/jpeg"}],"twitter_card":"summary_large_image","twitter_misc":{"Est. reading time":"2 minutes"},"schema":{"@context":"https:\/\/schema.org","@graph":[{"@type":"WebPage","@id":"https:\/\/medicinasinc.com\/cs\/product\/koupit-3-cmc-crystal\/","url":"https:\/\/medicinasinc.com\/cs\/product\/koupit-3-cmc-crystal\/","name":"Koupit 3-cmc krystal - Beat Best Global Meds","isPartOf":{"@id":"https:\/\/medicinasinc.com\/cs\/#website"},"primaryImageOfPage":{"@id":"https:\/\/medicinasinc.com\/cs\/product\/koupit-3-cmc-crystal\/#primaryimage"},"image":{"@id":"https:\/\/medicinasinc.com\/cs\/product\/koupit-3-cmc-crystal\/#primaryimage"},"thumbnailUrl":"https:\/\/medicinasinc.com\/cs\/wp-content\/uploads\/sites\/2\/2022\/02\/Buy-3-CMC-CRYSTAL.jpg","datePublished":"2022-02-22T07:42:43+00:00","dateModified":"2022-08-03T11:55:27+00:00","description":"Kupte si 3-CMC CRYSTAL Powder na prodej ve Velk\u00e9 Brit\u00e1nii, Evrop\u011b v na\u0161em online obchodu medicinasinc.com s rychl\u00fdm celosv\u011btov\u00fdm doru\u010den\u00edm! Nejlep\u0161\u00ed 3-CMC CRYSTAL pro objedn\u00e1n\u00ed najdete zde!","breadcrumb":{"@id":"https:\/\/medicinasinc.com\/cs\/product\/koupit-3-cmc-crystal\/#breadcrumb"},"inLanguage":"en-US","potentialAction":[{"@type":"ReadAction","target":["https:\/\/medicinasinc.com\/cs\/product\/koupit-3-cmc-crystal\/"]}]},{"@type":"ImageObject","inLanguage":"en-US","@id":"https:\/\/medicinasinc.com\/cs\/product\/koupit-3-cmc-crystal\/#primaryimage","url":"https:\/\/medicinasinc.com\/cs\/wp-content\/uploads\/sites\/2\/2022\/02\/Buy-3-CMC-CRYSTAL.jpg","contentUrl":"https:\/\/medicinasinc.com\/cs\/wp-content\/uploads\/sites\/2\/2022\/02\/Buy-3-CMC-CRYSTAL.jpg","width":720,"height":600},{"@type":"BreadcrumbList","@id":"https:\/\/medicinasinc.com\/cs\/product\/koupit-3-cmc-crystal\/#breadcrumb","itemListElement":[{"@type":"ListItem","position":1,"name":"Obchod","item":"https:\/\/medicinasinc.com\/cs\/obchod\/"},{"@type":"ListItem","position":2,"name":"Koupit krystal 3 cmc"}]},{"@type":"WebSite","@id":"https:\/\/medicinasinc.com\/cs\/#website","url":"https:\/\/medicinasinc.com\/cs\/","name":"Medicinas Inc","description":"Health Medical Clinic","potentialAction":[{"@type":"SearchAction","target":{"@type":"EntryPoint","urlTemplate":"https:\/\/medicinasinc.com\/cs\/?s={search_term_string}"},"query-input":{"@type":"PropertyValueSpecification","valueRequired":true,"valueName":"search_term_string"}}],"inLanguage":"en-US"}]}},"_links":{"self":[{"href":"https:\/\/medicinasinc.com\/cs\/wp-json\/wp\/v2\/product\/5870","targetHints":{"allow":["GET"]}}],"collection":[{"href":"https:\/\/medicinasinc.com\/cs\/wp-json\/wp\/v2\/product"}],"about":[{"href":"https:\/\/medicinasinc.com\/cs\/wp-json\/wp\/v2\/types\/product"}],"replies":[{"embeddable":true,"href":"https:\/\/medicinasinc.com\/cs\/wp-json\/wp\/v2\/comments?post=5870"}],"wp:featuredmedia":[{"embeddable":true,"href":"https:\/\/medicinasinc.com\/cs\/wp-json\/wp\/v2\/media\/5880"}],"wp:attachment":[{"href":"https:\/\/medicinasinc.com\/cs\/wp-json\/wp\/v2\/media?parent=5870"}],"wp:term":[{"taxonomy":"product_brand","embeddable":true,"href":"https:\/\/medicinasinc.com\/cs\/wp-json\/wp\/v2\/product_brand?post=5870"},{"taxonomy":"product_cat","embeddable":true,"href":"https:\/\/medicinasinc.com\/cs\/wp-json\/wp\/v2\/product_cat?post=5870"},{"taxonomy":"product_tag","embeddable":true,"href":"https:\/\/medicinasinc.com\/cs\/wp-json\/wp\/v2\/product_tag?post=5870"}],"curies":[{"name":"wp","href":"https:\/\/api.w.org\/{rel}","templated":true}]}}