{"id":5863,"date":"2022-02-22T07:36:01","date_gmt":"2022-02-22T07:36:01","guid":{"rendered":"https:\/\/medicinasinc.com\/cs\/?post_type=product&#038;p=5863"},"modified":"2022-03-14T11:25:19","modified_gmt":"2022-03-14T11:25:19","slug":"koupit-gama-hydroxybutyrat-ghb-prasek","status":"publish","type":"product","link":"https:\/\/medicinasinc.com\/cs\/product\/koupit-gama-hydroxybutyrat-ghb-prasek\/","title":{"rendered":"Kupte si pr\u00e1\u0161ek gama hydroxybutyr\u00e1tu (GHB)."},"content":{"rendered":"<p>Online n\u00e1kup pr\u00e1\u0161ku GHB<\/p>\n<p>Nakupte pr\u00e1\u0161ek GHB online. GHB je syntetick\u00e9 anestetikum. Je k dispozici jako pr\u016fhledn\u00e1 kapalina nebo pr\u00e1\u0161ek a m\u00e1 m\u00edrn\u011b slanou chu\u0165. Proto\u017ee se \u00fa\u010dinnost li\u0161\u00ed, neexistuje nic takov\u00e9ho jako &#8216;bezpe\u010dn\u00e1 d\u00e1vka&#8217;. GBL (gama-butyrolakton) a 1,4-butandiol jsou komer\u010dn\u011b dostupn\u00e9 jako alternativy GHB. Ty jsou leg\u00e1ln\u011b dostupn\u00e9 jako \u010distic\u00ed rozpou\u0161t\u011bdla a p\u0159i po\u017eit\u00ed se p\u0159irozen\u011b p\u0159em\u011b\u0148uj\u00ed na GHB.<\/p>\n<p>Gamma butyrolakton se pou\u017e\u00edv\u00e1 ke zv\u00fd\u0161en\u00ed sportovn\u00edho v\u00fdkonu, kvality sp\u00e1nku a sexu\u00e1ln\u00ed v\u00fdkonnosti a pot\u011b\u0161en\u00ed. Krom\u011b toho ji pou\u017e\u00edvaj\u00ed k l\u00e9\u010db\u011b deprese a stresu, k prodlou\u017een\u00ed \u017eivota, k podpo\u0159e jasn\u00e9ho my\u0161len\u00ed, k navozen\u00ed relaxace a k uvol\u0148ov\u00e1n\u00ed r\u016fstov\u00e9ho hormonu. Krom\u011b toho se GBL pou\u017e\u00edv\u00e1 ke sn\u00ed\u017een\u00ed t\u011blesn\u00e9ho tuku a jako prost\u0159edek k budov\u00e1n\u00ed t\u011bla nebo sval\u016f. N\u011bkte\u0159\u00ed jednotlivci jej pou\u017e\u00edvaj\u00ed rekrea\u010dn\u011b.<\/p>\n<p>GHB nebo GBL Chemicals for Research<\/p>\n<p>(alternativn\u00ed n\u00e1zvy: gamahydroxybutyr\u00e1t, tekut\u00e1 ext\u00e1ze, tekut\u00fd X, gamahydroxybutyr\u00e1t)<\/p>\n<p>Typicky GHB je nab\u00edzena v mal\u00fdch lahvi\u010dk\u00e1ch jako \u010dir\u00e1 tekutina s pon\u011bkud hust\u0161\u00ed konzistenc\u00ed ne\u017e voda.<br \/> D\u00e1vky se pod\u00e1vaj\u00ed v mal\u00fdch mno\u017estv\u00edch, ozna\u010dovan\u00fdch jako \u201ecaps\u201c nebo \u201ecaps of G.\u201c<br \/> I kdy\u017e je lze konzumovat v celku se obvykle \u0159ed\u00ed ve vod\u011b nebo d\u017eusu a usrk\u00e1v\u00e1.<br \/> GHB nem\u00e1 \u017e\u00e1dn\u00fd z\u00e1pach a nem\u00e1 rozeznatelnou chu\u0165.<br \/> GBL m\u00e1 m\u00edrnou slanou, chemickou chu\u0165 a v\u016fni, kterou lze snadno maskovat p\u0159i sm\u00edch\u00e1n\u00ed s jin\u00fdmi tekutinami . GBL je siln\u011bj\u0161\u00ed verze l\u00e9ku.<br \/> Omezte se na extr\u00e9mn\u011b n\u00edzk\u00e9 d\u00e1vky GHB. Je pom\u011brn\u011b siln\u00fd a \u00fa\u010dinnost se m\u016f\u017ee mezi \u0161ar\u017eemi v\u00fdrazn\u011b li\u0161it, a to i mezi zku\u0161en\u00fdmi u\u017eivateli. Mezi d\u00e1vkami se doporu\u010duje vy\u010dkat. N\u011bkter\u00e9 zdroje doporu\u010duj\u00ed po\u010dkat a\u017e dv\u011b hodiny mezi d\u00e1vkami, aby se zabr\u00e1nilo Ging Out.<\/p>\n<p>\u00da\u010dinky GHB<\/p>\n<p>\u00da\u010dinky nastupuj\u00ed p\u0159ibli\u017en\u011b dvacet minut po po\u017eit\u00ed a mohou trvat a\u017e \u010dty\u0159i hodiny.<br \/> Men\u0161\u00ed, m\u00edrn\u011bj\u0161\u00ed mno\u017estv\u00ed navozuj\u00ed relaxaci a klid.<br \/> Pokud u\u017eijete vy\u0161\u0161\u00ed mno\u017estv\u00ed, m\u016f\u017eete m\u00edt ospalost, z\u00e1vrat\u011b a zmatenost. Krom\u011b toho m\u016f\u017eete poci\u0165ovat nevolnost, zvracen\u00ed a svalov\u00e9 k\u0159e\u010de.<br \/> M\u016f\u017ee zp\u016fsobit k\u0159e\u010de, ztr\u00e1tu v\u011bdom\u00ed, k\u00f3ma a pot\u00ed\u017ee s d\u00fdch\u00e1n\u00edm<br \/> Mo\u017enost zv\u00fd\u0161en\u00ed svalov\u00e9ho r\u016fstu u kulturist\u016f<\/p>\n<p>Sex s GHB<\/p>\n<p>Podobn\u011b jako alkohol sni\u017euje z\u00e1brany a z\u00e1rove\u0148 zvy\u0161uje sebev\u011bdom\u00ed a dru\u017enost.<br \/> Zv\u00fd\u0161en\u00e1 hmatov\u00e1 citlivost a citlivost na podn\u011bty<br \/> N\u011bkte\u0159\u00ed mu\u017ei maj\u00ed siln\u011bj\u0161\u00ed erekci.<br \/> Orgasmy, kter\u00e9 jsou pom\u011brn\u011b intenzivn\u00ed, i kdy\u017e je to z\u00e1visl\u00e9 na d\u00e1vce<br \/> P\u0159ebytek GHB m\u016f\u017ee zp\u016fsobit \u00fanavu a omdl\u00edt b\u011bhem sexu.<br \/> GHB je ozna\u010dov\u00e1n jako l\u00e9k proti zn\u00e1siln\u011bn\u00ed, proto\u017ee zvy\u0161uje va\u0161i ochotu zapojit se do sexu\u00e1ln\u00edho aktivity a naru\u0161uje va\u0161i schopnost stanovit a prosadit sexu\u00e1ln\u00ed hranice. Je obzvl\u00e1\u0161t\u011b d\u016fle\u017eit\u00e9 potvrdit souhlas s partnery, kte\u0159\u00ed jsou na G. Udr\u017eujte kontakt b\u011bhem sexu\u00e1ln\u00edho sezen\u00ed. Sexu\u00e1ln\u00ed kontakt s n\u011bk\u00fdm, kdo je v bezv\u011bdom\u00ed, m\u016f\u017ee b\u00fdt vykl\u00e1d\u00e1n jako sexu\u00e1ln\u00ed napaden\u00ed.<\/p>\n","protected":false},"excerpt":{"rendered":"<p>Nakupte pr\u00e1\u0161ek gama-hydroxym\u00e1seln\u00e9\u00a0GHB na prodej\u00a0ve Spojen\u00e9m kr\u00e1lovstv\u00ed, Evrop\u011b, Japonsku, Spojen\u00fdch arabsk\u00fdch emir\u00e1tech, \u010c\u00edn\u011b, Asii od nejlep\u0161\u00edho velkoobchodn\u00edho dodavatele GHB, garantujeme diskr\u00e9tn\u00ed doru\u010den\u00ed po cel\u00e9m sv\u011bt\u011b<\/p>\n","protected":false},"featured_media":5873,"comment_status":"open","ping_status":"closed","template":"","meta":[],"product_brand":[],"product_cat":[2014],"product_tag":[4019,4016,4023,4017,4020,4021,4022,4014,4015,4018],"class_list":{"0":"post-5863","1":"product","2":"type-product","3":"status-publish","4":"has-post-thumbnail","6":"product_cat-koupit-vyzkumne-chemikalie","7":"product_tag-antidepresivum-gama-hydroxymseln-kyseliny","8":"product_tag-buy-ghb-online","9":"product_tag-buy-ghb-powder","10":"product_tag-drug","11":"product_tag-gamma-hydroxybutyric-acid-bodybuilding","12":"product_tag-gamma-hydroxybutyric-acid-price","13":"product_tag-ghb-for-sale","14":"product_tag-koupit-gama-hydroxybutyrt-online","15":"product_tag-koupit-ghb","16":"product_tag-gama-hydroxymseln-kyselina-a-rstov-hormon","18":"first","19":"instock","20":"shipping-taxable","21":"purchasable","22":"product-type-variable"},"yoast_head":"<!-- This site is optimized with the Yoast SEO plugin v27.3 - https:\/\/yoast.com\/product\/yoast-seo-wordpress\/ -->\n<title>Koupit pr\u00e1\u0161ek gama hydroxybutyr\u00e1tu (GHB) \u2013 nejlep\u0161\u00ed nejlep\u0161\u00ed glob\u00e1ln\u00ed l\u00e9ky<\/title>\n<meta name=\"description\" content=\"Kupte si pr\u00e1\u0161ek gama-hydroxybutyric\u00a0GHB na prodej\u00a0ve Spojen\u00e9m kr\u00e1lovstv\u00ed, Evrop\u011b, Japonsku, Spojen\u00fdch arabsk\u00fdch emir\u00e1tech, \u010c\u00edn\u011b, Asii od nejlep\u0161\u00edho velkoobchodn\u00edho dodavatele GHB, Garantujeme diskr\u00e9tn\u00ed doru\u010den\u00ed po cel\u00e9m sv\u011bt\u011b\" \/>\n<meta name=\"robots\" content=\"index, follow, max-snippet:-1, max-image-preview:large, max-video-preview:-1\" \/>\n<link rel=\"canonical\" href=\"https:\/\/medicinasinc.com\/cs\/product\/koupit-gama-hydroxybutyrat-ghb-prasek\/\" \/>\n<meta property=\"og:locale\" content=\"en_US\" \/>\n<meta property=\"og:type\" content=\"article\" \/>\n<meta property=\"og:title\" content=\"Koupit pr\u00e1\u0161ek gama hydroxybutyr\u00e1tu (GHB) \u2013 nejlep\u0161\u00ed nejlep\u0161\u00ed glob\u00e1ln\u00ed l\u00e9ky\" \/>\n<meta property=\"og:description\" content=\"Kupte si pr\u00e1\u0161ek gama-hydroxybutyric\u00a0GHB na prodej\u00a0ve Spojen\u00e9m kr\u00e1lovstv\u00ed, Evrop\u011b, Japonsku, Spojen\u00fdch arabsk\u00fdch emir\u00e1tech, \u010c\u00edn\u011b, Asii od nejlep\u0161\u00edho velkoobchodn\u00edho dodavatele GHB, Garantujeme diskr\u00e9tn\u00ed doru\u010den\u00ed po cel\u00e9m sv\u011bt\u011b\" \/>\n<meta property=\"og:url\" content=\"https:\/\/medicinasinc.com\/cs\/product\/koupit-gama-hydroxybutyrat-ghb-prasek\/\" \/>\n<meta property=\"og:site_name\" content=\"Medicinas Inc\" \/>\n<meta property=\"article:modified_time\" content=\"2022-03-14T11:25:19+00:00\" \/>\n<meta property=\"og:image\" content=\"https:\/\/medicinasinc.com\/cs\/wp-content\/uploads\/sites\/2\/2022\/02\/buy-GHB-powder-1.jpg\" \/>\n\t<meta property=\"og:image:width\" content=\"612\" \/>\n\t<meta property=\"og:image:height\" content=\"408\" \/>\n\t<meta property=\"og:image:type\" content=\"image\/jpeg\" \/>\n<meta name=\"twitter:card\" content=\"summary_large_image\" \/>\n<meta name=\"twitter:label1\" content=\"Est. reading time\" \/>\n\t<meta name=\"twitter:data1\" content=\"2 minutes\" \/>\n<script type=\"application\/ld+json\" class=\"yoast-schema-graph\">{\"@context\":\"https:\\\/\\\/schema.org\",\"@graph\":[{\"@type\":\"WebPage\",\"@id\":\"https:\\\/\\\/medicinasinc.com\\\/cs\\\/product\\\/koupit-gama-hydroxybutyrat-ghb-prasek\\\/\",\"url\":\"https:\\\/\\\/medicinasinc.com\\\/cs\\\/product\\\/koupit-gama-hydroxybutyrat-ghb-prasek\\\/\",\"name\":\"Koupit pr\u00e1\u0161ek gama hydroxybutyr\u00e1tu (GHB) \u2013 nejlep\u0161\u00ed nejlep\u0161\u00ed glob\u00e1ln\u00ed l\u00e9ky\",\"isPartOf\":{\"@id\":\"https:\\\/\\\/medicinasinc.com\\\/cs\\\/#website\"},\"primaryImageOfPage\":{\"@id\":\"https:\\\/\\\/medicinasinc.com\\\/cs\\\/product\\\/koupit-gama-hydroxybutyrat-ghb-prasek\\\/#primaryimage\"},\"image\":{\"@id\":\"https:\\\/\\\/medicinasinc.com\\\/cs\\\/product\\\/koupit-gama-hydroxybutyrat-ghb-prasek\\\/#primaryimage\"},\"thumbnailUrl\":\"https:\\\/\\\/medicinasinc.com\\\/cs\\\/wp-content\\\/uploads\\\/sites\\\/2\\\/2022\\\/02\\\/buy-GHB-powder-1.jpg\",\"datePublished\":\"2022-02-22T07:36:01+00:00\",\"dateModified\":\"2022-03-14T11:25:19+00:00\",\"description\":\"Kupte si pr\u00e1\u0161ek gama-hydroxybutyric\u00a0GHB na prodej\u00a0ve Spojen\u00e9m kr\u00e1lovstv\u00ed, Evrop\u011b, Japonsku, Spojen\u00fdch arabsk\u00fdch emir\u00e1tech, \u010c\u00edn\u011b, Asii od nejlep\u0161\u00edho velkoobchodn\u00edho dodavatele GHB, Garantujeme diskr\u00e9tn\u00ed doru\u010den\u00ed po cel\u00e9m sv\u011bt\u011b\",\"breadcrumb\":{\"@id\":\"https:\\\/\\\/medicinasinc.com\\\/cs\\\/product\\\/koupit-gama-hydroxybutyrat-ghb-prasek\\\/#breadcrumb\"},\"inLanguage\":\"en-US\",\"potentialAction\":[{\"@type\":\"ReadAction\",\"target\":[\"https:\\\/\\\/medicinasinc.com\\\/cs\\\/product\\\/koupit-gama-hydroxybutyrat-ghb-prasek\\\/\"]}]},{\"@type\":\"ImageObject\",\"inLanguage\":\"en-US\",\"@id\":\"https:\\\/\\\/medicinasinc.com\\\/cs\\\/product\\\/koupit-gama-hydroxybutyrat-ghb-prasek\\\/#primaryimage\",\"url\":\"https:\\\/\\\/medicinasinc.com\\\/cs\\\/wp-content\\\/uploads\\\/sites\\\/2\\\/2022\\\/02\\\/buy-GHB-powder-1.jpg\",\"contentUrl\":\"https:\\\/\\\/medicinasinc.com\\\/cs\\\/wp-content\\\/uploads\\\/sites\\\/2\\\/2022\\\/02\\\/buy-GHB-powder-1.jpg\",\"width\":612,\"height\":408},{\"@type\":\"BreadcrumbList\",\"@id\":\"https:\\\/\\\/medicinasinc.com\\\/cs\\\/product\\\/koupit-gama-hydroxybutyrat-ghb-prasek\\\/#breadcrumb\",\"itemListElement\":[{\"@type\":\"ListItem\",\"position\":1,\"name\":\"Obchod\",\"item\":\"https:\\\/\\\/medicinasinc.com\\\/cs\\\/obchod\\\/\"},{\"@type\":\"ListItem\",\"position\":2,\"name\":\"Kupte si pr\u00e1\u0161ek gama hydroxybutyr\u00e1tu (GHB).\"}]},{\"@type\":\"WebSite\",\"@id\":\"https:\\\/\\\/medicinasinc.com\\\/cs\\\/#website\",\"url\":\"https:\\\/\\\/medicinasinc.com\\\/cs\\\/\",\"name\":\"Medicinas Inc\",\"description\":\"Health Medical Clinic\",\"potentialAction\":[{\"@type\":\"SearchAction\",\"target\":{\"@type\":\"EntryPoint\",\"urlTemplate\":\"https:\\\/\\\/medicinasinc.com\\\/cs\\\/?s={search_term_string}\"},\"query-input\":{\"@type\":\"PropertyValueSpecification\",\"valueRequired\":true,\"valueName\":\"search_term_string\"}}],\"inLanguage\":\"en-US\"}]}<\/script>\n<!-- \/ Yoast SEO plugin. -->","yoast_head_json":{"title":"Koupit pr\u00e1\u0161ek gama hydroxybutyr\u00e1tu (GHB) \u2013 nejlep\u0161\u00ed nejlep\u0161\u00ed glob\u00e1ln\u00ed l\u00e9ky","description":"Kupte si pr\u00e1\u0161ek gama-hydroxybutyric\u00a0GHB na prodej\u00a0ve Spojen\u00e9m kr\u00e1lovstv\u00ed, Evrop\u011b, Japonsku, Spojen\u00fdch arabsk\u00fdch emir\u00e1tech, \u010c\u00edn\u011b, Asii od nejlep\u0161\u00edho velkoobchodn\u00edho dodavatele GHB, Garantujeme diskr\u00e9tn\u00ed doru\u010den\u00ed po cel\u00e9m sv\u011bt\u011b","robots":{"index":"index","follow":"follow","max-snippet":"max-snippet:-1","max-image-preview":"max-image-preview:large","max-video-preview":"max-video-preview:-1"},"canonical":"https:\/\/medicinasinc.com\/cs\/product\/koupit-gama-hydroxybutyrat-ghb-prasek\/","og_locale":"en_US","og_type":"article","og_title":"Koupit pr\u00e1\u0161ek gama hydroxybutyr\u00e1tu (GHB) \u2013 nejlep\u0161\u00ed nejlep\u0161\u00ed glob\u00e1ln\u00ed l\u00e9ky","og_description":"Kupte si pr\u00e1\u0161ek gama-hydroxybutyric\u00a0GHB na prodej\u00a0ve Spojen\u00e9m kr\u00e1lovstv\u00ed, Evrop\u011b, Japonsku, Spojen\u00fdch arabsk\u00fdch emir\u00e1tech, \u010c\u00edn\u011b, Asii od nejlep\u0161\u00edho velkoobchodn\u00edho dodavatele GHB, Garantujeme diskr\u00e9tn\u00ed doru\u010den\u00ed po cel\u00e9m sv\u011bt\u011b","og_url":"https:\/\/medicinasinc.com\/cs\/product\/koupit-gama-hydroxybutyrat-ghb-prasek\/","og_site_name":"Medicinas Inc","article_modified_time":"2022-03-14T11:25:19+00:00","og_image":[{"width":612,"height":408,"url":"https:\/\/medicinasinc.com\/cs\/wp-content\/uploads\/sites\/2\/2022\/02\/buy-GHB-powder-1.jpg","type":"image\/jpeg"}],"twitter_card":"summary_large_image","twitter_misc":{"Est. reading time":"2 minutes"},"schema":{"@context":"https:\/\/schema.org","@graph":[{"@type":"WebPage","@id":"https:\/\/medicinasinc.com\/cs\/product\/koupit-gama-hydroxybutyrat-ghb-prasek\/","url":"https:\/\/medicinasinc.com\/cs\/product\/koupit-gama-hydroxybutyrat-ghb-prasek\/","name":"Koupit pr\u00e1\u0161ek gama hydroxybutyr\u00e1tu (GHB) \u2013 nejlep\u0161\u00ed nejlep\u0161\u00ed glob\u00e1ln\u00ed l\u00e9ky","isPartOf":{"@id":"https:\/\/medicinasinc.com\/cs\/#website"},"primaryImageOfPage":{"@id":"https:\/\/medicinasinc.com\/cs\/product\/koupit-gama-hydroxybutyrat-ghb-prasek\/#primaryimage"},"image":{"@id":"https:\/\/medicinasinc.com\/cs\/product\/koupit-gama-hydroxybutyrat-ghb-prasek\/#primaryimage"},"thumbnailUrl":"https:\/\/medicinasinc.com\/cs\/wp-content\/uploads\/sites\/2\/2022\/02\/buy-GHB-powder-1.jpg","datePublished":"2022-02-22T07:36:01+00:00","dateModified":"2022-03-14T11:25:19+00:00","description":"Kupte si pr\u00e1\u0161ek gama-hydroxybutyric\u00a0GHB na prodej\u00a0ve Spojen\u00e9m kr\u00e1lovstv\u00ed, Evrop\u011b, Japonsku, Spojen\u00fdch arabsk\u00fdch emir\u00e1tech, \u010c\u00edn\u011b, Asii od nejlep\u0161\u00edho velkoobchodn\u00edho dodavatele GHB, Garantujeme diskr\u00e9tn\u00ed doru\u010den\u00ed po cel\u00e9m sv\u011bt\u011b","breadcrumb":{"@id":"https:\/\/medicinasinc.com\/cs\/product\/koupit-gama-hydroxybutyrat-ghb-prasek\/#breadcrumb"},"inLanguage":"en-US","potentialAction":[{"@type":"ReadAction","target":["https:\/\/medicinasinc.com\/cs\/product\/koupit-gama-hydroxybutyrat-ghb-prasek\/"]}]},{"@type":"ImageObject","inLanguage":"en-US","@id":"https:\/\/medicinasinc.com\/cs\/product\/koupit-gama-hydroxybutyrat-ghb-prasek\/#primaryimage","url":"https:\/\/medicinasinc.com\/cs\/wp-content\/uploads\/sites\/2\/2022\/02\/buy-GHB-powder-1.jpg","contentUrl":"https:\/\/medicinasinc.com\/cs\/wp-content\/uploads\/sites\/2\/2022\/02\/buy-GHB-powder-1.jpg","width":612,"height":408},{"@type":"BreadcrumbList","@id":"https:\/\/medicinasinc.com\/cs\/product\/koupit-gama-hydroxybutyrat-ghb-prasek\/#breadcrumb","itemListElement":[{"@type":"ListItem","position":1,"name":"Obchod","item":"https:\/\/medicinasinc.com\/cs\/obchod\/"},{"@type":"ListItem","position":2,"name":"Kupte si pr\u00e1\u0161ek gama hydroxybutyr\u00e1tu (GHB)."}]},{"@type":"WebSite","@id":"https:\/\/medicinasinc.com\/cs\/#website","url":"https:\/\/medicinasinc.com\/cs\/","name":"Medicinas Inc","description":"Health Medical Clinic","potentialAction":[{"@type":"SearchAction","target":{"@type":"EntryPoint","urlTemplate":"https:\/\/medicinasinc.com\/cs\/?s={search_term_string}"},"query-input":{"@type":"PropertyValueSpecification","valueRequired":true,"valueName":"search_term_string"}}],"inLanguage":"en-US"}]}},"_links":{"self":[{"href":"https:\/\/medicinasinc.com\/cs\/wp-json\/wp\/v2\/product\/5863","targetHints":{"allow":["GET"]}}],"collection":[{"href":"https:\/\/medicinasinc.com\/cs\/wp-json\/wp\/v2\/product"}],"about":[{"href":"https:\/\/medicinasinc.com\/cs\/wp-json\/wp\/v2\/types\/product"}],"replies":[{"embeddable":true,"href":"https:\/\/medicinasinc.com\/cs\/wp-json\/wp\/v2\/comments?post=5863"}],"wp:featuredmedia":[{"embeddable":true,"href":"https:\/\/medicinasinc.com\/cs\/wp-json\/wp\/v2\/media\/5873"}],"wp:attachment":[{"href":"https:\/\/medicinasinc.com\/cs\/wp-json\/wp\/v2\/media?parent=5863"}],"wp:term":[{"taxonomy":"product_brand","embeddable":true,"href":"https:\/\/medicinasinc.com\/cs\/wp-json\/wp\/v2\/product_brand?post=5863"},{"taxonomy":"product_cat","embeddable":true,"href":"https:\/\/medicinasinc.com\/cs\/wp-json\/wp\/v2\/product_cat?post=5863"},{"taxonomy":"product_tag","embeddable":true,"href":"https:\/\/medicinasinc.com\/cs\/wp-json\/wp\/v2\/product_tag?post=5863"}],"curies":[{"name":"wp","href":"https:\/\/api.w.org\/{rel}","templated":true}]}}